
{"id":30818,"date":"2014-06-14T16:07:12","date_gmt":"2014-06-14T14:07:12","guid":{"rendered":"https:\/\/surfbox.de\/versandkosten-2\/"},"modified":"2026-04-08T11:07:01","modified_gmt":"2026-04-08T09:07:01","slug":"shipping-costs","status":"publish","type":"page","link":"https:\/\/surfbox.de\/en\/shipping-costs\/","title":{"rendered":"Shipping costs"},"content":{"rendered":"<p><strong>The shipping costs of your shopping cart are automatically calculated on the basis of your delivery address and VAT rate of your delivery country at the checkout. From July 1, 2021, small deviations are possible due to the VAT rate.<br \/>\nFor your information, you will find the calculation basis below.<\/strong><\/p>\n<table style=\"width: 100%;\">\n<tbody>\n<tr>\n<th colspan=\"5\">\n<h6>Germany<\/h6>\n<\/th>\n<\/tr>\n<tr>\n<th style=\"width: 70%;\">postal code<\/th>\n<th>roof boxes \/ Skiboxex<\/th>\n<th>Surfboxes<\/th>\n<th>Jumbo<\/th>\n<th>soare parts<\/th>\n<\/tr>\n<tr>\n<td>all towns except German islands<\/td>\n<td>79,00 \u20ac<\/td>\n<td>119,00 \u20ac<\/td>\n<td>139,00 \u20ac<\/td>\n<td>9,90 \u20ac<\/td>\n<\/tr>\n<tr>\n<td>surcharge for German islands 18565 (Hiddensee), 25849 (Pellworm), 25859<br \/>\n(Hooge), 25863 (Langene\u00df), 25869 (Gr\u00f6de), 25938 (F\u00f6hr), 25946<br \/>\n(Amrum), 25980, 25992, 25996, 25997, 25999 (Sylt) 26465 (Langeoog),<br \/>\n26474 (Spiekeroog), 26486 (Wangerooge), 26548 (Norderney), 26571<br \/>\n(Juist), 26579 (Baltrum), 26757 (Borkum), 27498 (Helgoland)<\/td>\n<td>95,00 \u20ac<\/td>\n<td>135,00 \u20ac<\/td>\n<td>150,00 \u20ac<\/td>\n<td>16,90\u00a0\u20ac<\/td>\n<\/tr>\n<tr>\n<th colspan=\"5\">\n<h6>France<\/h6>\n<\/th>\n<\/tr>\n<tr>\n<th>postal code<\/th>\n<th>coffre de toit \/ Skiboxen<\/th>\n<th>coffre de surf<\/th>\n<th>Jumbo<\/th>\n<th>piece de rechange<\/th>\n<\/tr>\n<tr>\n<td>25, 30, 45,47, 50. 55, 56, 57, 63, 65, 66, 79, 80, 81, 82 ,<br \/>\n83, 91, 92 , 93, 94, 95<\/td>\n<td>185,00 \u20ac<\/td>\n<td>220,00<\/td>\n<td>255,00 \u20ac<\/td>\n<td>\u00a0 \u00a0 \u00a0 \u00a0 \u00a0 \u00a0 \u00a0 \u00a0 \u00a0 \u00a0 \u00a0 \u00a0 \u00a0 \u00a0 \u00a0 21,00 \u20ac<\/td>\n<\/tr>\n<tr>\n<td>08, 14,15, 24, 26, 29, 42, 48, 58, 60, 61, 74, 76, 78, 86, 88,<br \/>\n90<\/td>\n<td>185,00 \u20ac<\/td>\n<td>230,00 \u20ac<\/td>\n<td>270,00 \u20ac<\/td>\n<td>21,00 \u20ac<\/td>\n<\/tr>\n<tr>\n<td>01, 02, 04, 05, 06, 07, 10, 11, 12, 13, 17, 23, 27, 31, 32, 33,<br \/>\n36,37, 40, 41, 43, 49, 51, 59, 62, 64, 67, 68, 69, 72, 73, 75, 77,<br \/>\n85, 87<\/td>\n<td>240,00 \u20ac<\/td>\n<td>280,00 \u20ac<\/td>\n<td>310,00\u20ac<\/td>\n<td>21,00 \u20ac<\/td>\n<\/tr>\n<tr>\n<td>03,09, 16, 21, 22, 34, 35, 38, 39, 44, 46, 54, 71, 84, 89<\/td>\n<td>250,00 \u20ac<\/td>\n<td>290,00 \u20ac<\/td>\n<td>330,00 \u20ac<\/td>\n<td>21,00 \u20ac<\/td>\n<\/tr>\n<tr>\n<td>18, 19, 28, 52, 53, 70<\/td>\n<td>270,00 \u20ac<\/td>\n<td>315,00 \u20ac<\/td>\n<td>350,00 \u20ac<\/td>\n<td>21,00 \u20ac<\/td>\n<\/tr>\n<tr>\n<th colspan=\"5\">\n<h6>Czechia<\/h6>\n<\/th>\n<\/tr>\n<tr>\n<th><\/th>\n<th><\/th>\n<th><\/th>\n<th><\/th>\n<th><\/th>\n<\/tr>\n<tr>\n<td>all postal codes<\/td>\n<td>149,00 \u20ac<\/td>\n<td>179,00 \u20ac<\/td>\n<td>209.00 \u20ac<\/td>\n<td>17,00 \u20ac<\/td>\n<\/tr>\n<tr>\n<th colspan=\"5\">\n<h6>Ireland<\/h6>\n<\/th>\n<\/tr>\n<tr>\n<th>postal code<\/th>\n<th>roof boxes ski boxes<\/th>\n<th>Surfboxes<\/th>\n<th>Jumbo<\/th>\n<th>spare parts<\/th>\n<\/tr>\n<tr>\n<td>all postal codes<\/td>\n<td>195,00 \u20ac<\/td>\n<td>230,00 \u20ac<\/td>\n<td>265,00 \u20ac<\/td>\n<td>27,00 \u20ac<\/td>\n<\/tr>\n<tr>\n<th colspan=\"5\">\n<h6>Great Britain<\/h6>\n<\/th>\n<\/tr>\n<tr>\n<th>postal code<\/th>\n<th>roof box\/ Skiboxes<\/th>\n<th>Surfboxes<\/th>\n<th>Jumbo<\/th>\n<th>spare parts<\/th>\n<\/tr>\n<tr>\n<td>all postal codes<\/td>\n<td>245,00 \u20ac<\/td>\n<td>279,00 \u20ac<\/td>\n<td>299,00 \u20ac<\/td>\n<td>50,90 \u20ac<\/td>\n<\/tr>\n<tr>\n<th colspan=\"5\">\n<h6>Denmark<\/h6>\n<\/th>\n<\/tr>\n<tr>\n<th><\/th>\n<th><\/th>\n<th><\/th>\n<th><\/th>\n<th><\/th>\n<\/tr>\n<tr>\n<td>all postal codes<\/td>\n<td>169,00 \u20ac<\/td>\n<td>199,00 \u20ac<\/td>\n<td>236,00 \u20ac<\/td>\n<td>14,00 \u20ac<\/td>\n<\/tr>\n<tr>\n<th colspan=\"5\">\n<h6>Hungary<\/h6>\n<\/th>\n<\/tr>\n<tr>\n<th><\/th>\n<th><\/th>\n<th><\/th>\n<th><\/th>\n<th><\/th>\n<\/tr>\n<tr>\n<td>all postal codes<\/td>\n<td>170,00\u20ac<\/td>\n<td>215,00 \u20ac<\/td>\n<td>250,00 \u20ac<\/td>\n<td>19,00 \u20ac<\/td>\n<\/tr>\n<tr>\n<th colspan=\"5\">\n<h6>Portugal<\/h6>\n<\/th>\n<\/tr>\n<tr>\n<th>postal code<\/th>\n<th>roof boxes\/ski box<\/th>\n<th>Surfboxes<\/th>\n<th>Jumbo<\/th>\n<th>spare parts<\/th>\n<\/tr>\n<tr>\n<td>all postal codes<\/td>\n<td>210,00 \u20ac<\/td>\n<td>250,00 \u20ac<\/td>\n<td>285,00 \u20ac<\/td>\n<td>21,00 \u20ac<\/td>\n<\/tr>\n<tr>\n<th colspan=\"5\">\n<h6>Spain<\/h6>\n<\/th>\n<\/tr>\n<tr>\n<th><\/th>\n<th><\/th>\n<th><\/th>\n<th><\/th>\n<th><\/th>\n<\/tr>\n<tr>\n<td>01, 03, 08, 09, 12, 17, 20, 22, 24, 25, 26, 28, 31, 33, 34,<br \/>\n39, 42, 43, 44, 46, 47, 48, 50<\/td>\n<td>190,00 \u20ac<\/td>\n<td>230,00 \u20ac<\/td>\n<td>260,00 \u20ac<\/td>\n<td>25,00 \u20ac<\/td>\n<\/tr>\n<tr>\n<td>02, 05, 10, 13, 16, 17, 19, 23, 30, 37, 40, 45, 49<\/td>\n<td>210,00 \u20ac<\/td>\n<td>250,00 \u20ac<\/td>\n<td>280,00 \u20ac<\/td>\n<td>25,00 \u20ac<\/td>\n<\/tr>\n<tr>\n<td>04, 06, 07, 11, 14, 15, 18,\u00a0 21, 27, 29, 32, 36, 41<\/td>\n<td>230,00 \u20ac<\/td>\n<td>270,00 \u20ac<\/td>\n<td>303,00 \u20ac<\/td>\n<td>25,00 \u20ac<\/td>\n<\/tr>\n<tr>\n<th colspan=\"5\">\n<h6>Slovenia<\/h6>\n<\/th>\n<\/tr>\n<tr>\n<th>postal code<\/th>\n<th>roof boxes\/skibox<\/th>\n<th>Surfboxes<\/th>\n<th>Jumbo<\/th>\n<th>spare parts<\/th>\n<\/tr>\n<tr>\n<td>all postal codes<\/td>\n<td>185,00 \u20ac<\/td>\n<td>225,00 \u20ac<\/td>\n<td>260,00 \u20ac<\/td>\n<td>22,00 \u20ac<\/td>\n<\/tr>\n<tr>\n<th colspan=\"5\">\n<h6>Sweden<\/h6>\n<\/th>\n<\/tr>\n<tr>\n<th>postal code<\/th>\n<th>roof boxes\/skibox<\/th>\n<th>Surfboxes<\/th>\n<th>Jumbo<\/th>\n<th>spare parts<\/th>\n<\/tr>\n<tr>\n<td>10 to 19<\/td>\n<td>235,00 \u20ac<\/td>\n<td>278,00 \u20ac<\/td>\n<td>315,00 \u20ac<\/td>\n<td>30,00 \u20ac<\/td>\n<\/tr>\n<tr>\n<td>20 to 31, 37,<\/td>\n<td>191,00 \u20ac<\/td>\n<td>228,00 \u20ac<\/td>\n<td>265,00 \u20ac<\/td>\n<td>30,00 \u20ac<\/td>\n<\/tr>\n<tr>\n<td>33 to 36, 44 to 47, 50 to 61, 66, 69<\/td>\n<td>240,00 \u20ac<\/td>\n<td>275,00 \u20ac<\/td>\n<td>313,00 \u20ac<\/td>\n<td>30,00 \u20ac<\/td>\n<\/tr>\n<tr>\n<td>63 to 65, 67 to 68, 70 to 82<\/td>\n<td>240,00 \u20ac<\/td>\n<td>275,00 \u20ac<\/td>\n<td>313,00 \u20ac<\/td>\n<td>30,00 \u20ac<\/td>\n<\/tr>\n<tr>\n<td>83 to 94<\/td>\n<td>245,00 \u20ac<\/td>\n<td>275,00 \u20ac<\/td>\n<td>310,00 \u20ac<\/td>\n<td>30,00 \u20ac<\/td>\n<\/tr>\n<tr>\n<td>95 to 98<\/td>\n<td>275,00 \u20ac<\/td>\n<td>305,00 \u20ac<\/td>\n<td>340,00 \u20ac<\/td>\n<td>30,00 \u20ac<\/td>\n<\/tr>\n<tr>\n<th colspan=\"5\">\n<h6>Netherlands\/Belgium\/Luxembourg<\/h6>\n<\/th>\n<\/tr>\n<tr>\n<th>postal code<\/th>\n<th>roof boxes \/ Skibox<\/th>\n<th>Surfboxes<\/th>\n<th>Jumbo<\/th>\n<th>spare parts<\/th>\n<\/tr>\n<tr>\n<td>all postal codes<\/td>\n<td>139,00 \u20ac<\/td>\n<td>175,00 \u20ac<\/td>\n<td>215,00 \u20ac<\/td>\n<td>16,80 \u20ac<\/td>\n<\/tr>\n<tr>\n<th colspan=\"5\">\n<h6>Austria<\/h6>\n<\/th>\n<\/tr>\n<tr>\n<th>postal code<\/th>\n<th>roof boxes \/ Skiboxes<\/th>\n<th>Surfboxes<\/th>\n<th>Jumbo<\/th>\n<th>spare parts<\/th>\n<\/tr>\n<tr>\n<td>all postal codes<\/td>\n<td>149,00 \u20ac<\/td>\n<td>210,00 \u20ac<\/td>\n<td>245,00 \u20ac<\/td>\n<td>16,80 \u20ac<\/td>\n<\/tr>\n<tr>\n<th colspan=\"5\">\n<h6>Suisse<\/h6>\n<\/th>\n<\/tr>\n<tr>\n<th>postal code<\/th>\n<th>roof boxes \/ Skiboxes<\/th>\n<th>Surfboxes<\/th>\n<th>Jumbo<\/th>\n<th>spare parts<\/th>\n<\/tr>\n<tr>\n<td>all postal codes<\/td>\n<td>160,00 \u20ac<\/td>\n<td>245,00 \u20ac<\/td>\n<td>275,00 \u20ac<\/td>\n<td>15,00 \u20ac + customs clear. 40,00 \u20ac<\/td>\n<\/tr>\n<tr>\n<th colspan=\"5\">\n<h6>Italy<\/h6>\n<\/th>\n<\/tr>\n<tr>\n<th><\/th>\n<th><\/th>\n<th><\/th>\n<th><\/th>\n<th><\/th>\n<\/tr>\n<tr>\n<td>all postal codes<\/td>\n<td>208,00 \u20ac<\/td>\n<td>235,00 \u20ac<\/td>\n<td>270,00 \u20ac<\/td>\n<td>26,00 \u20ac<\/td>\n<\/tr>\n<tr>\n<th colspan=\"5\">\n<h6>Finland<\/h6>\n<\/th>\n<\/tr>\n<tr>\n<th>postal code<\/th>\n<th>roof boxes \/ Skiboxes<\/th>\n<th>Surfboxes<\/th>\n<th>Jumbo<\/th>\n<th>spare parts<\/th>\n<\/tr>\n<tr>\n<td>00, 01, 02, 08, 09<\/td>\n<td>192,00 \u20ac<\/td>\n<td>230,00 \u20ac<\/td>\n<td>268,00 \u20ac<\/td>\n<td>39,00 \u20ac<\/td>\n<\/tr>\n<tr>\n<td>03, 04, 05, 06, 07, 10, 11, 12, 13, 14,<\/td>\n<td>200,00 \u20ac<\/td>\n<td>238,00 \u20ac<\/td>\n<td>275,00 \u20ac<\/td>\n<td>39,00 \u20ac<\/td>\n<\/tr>\n<tr>\n<td>15, 16, 17, 18, 19, 20, 21, 24, 25, 30, 31, 32, 33, 36, 37,<br \/>\n45, 46, 47, 48, 49,<\/td>\n<td>210,00 \u20ac<\/td>\n<td>258,00 \u20ac<\/td>\n<td>284,00 \u20ac<\/td>\n<td>39,00 \u20ac<\/td>\n<\/tr>\n<tr>\n<td>23, 26, 27, 28, 29, 34, 35, 38, 39, 40, 41, 42, 50, 51, 52,<br \/>\n53, 54, 55, 56<\/td>\n<td>213,00 \u20ac<\/td>\n<td>250,00 \u20ac<\/td>\n<td>288,00 \u20ac<\/td>\n<td>39,00 \u20ac<\/td>\n<\/tr>\n<tr>\n<td>43, 44, 57, 58, 59, 60, 61, 62, 63, 64, 76, 78, 79,<\/td>\n<td>227,00 \u20ac<\/td>\n<td>255,00 \u20ac<\/td>\n<td>292,00 \u20ac<\/td>\n<td>39,00 \u20ac<\/td>\n<\/tr>\n<tr>\n<td>65 , 66, 68, 69, 70, 71, 72, 73, 74, 80, 82, 83,<\/td>\n<td>220,00 \u20ac<\/td>\n<td>260,00 \u20ac<\/td>\n<td>295,00 \u20ac<\/td>\n<td>39,00 \u20ac<\/td>\n<\/tr>\n<tr>\n<td>22, 67, 75, 81, 84, 85, 86, 87, 88, 89, 90, 91, 92,<\/td>\n<td>228,00 \u20ac<\/td>\n<td>265,00 \u20ac<\/td>\n<td>303,00 \u20ac<\/td>\n<td>39,00 \u20ac<\/td>\n<\/tr>\n<tr>\n<td>93, 94, 95, 96, 97, 98<\/td>\n<td>240,00 \u20ac<\/td>\n<td>278,00 \u20ac<\/td>\n<td>325,00 \u20ac<\/td>\n<td>39,00 \u20ac<\/td>\n<\/tr>\n<tr>\n<td>99<\/td>\n<td>255,00 \u20ac<\/td>\n<td>293,00 \u20ac<\/td>\n<td>330,00 \u20ac<\/td>\n<td>39,00 \u20ac<\/td>\n<\/tr>\n<\/tbody>\n<\/table>\n","protected":false},"excerpt":{"rendered":"<p>The shipping costs of your shopping cart are automatically calculated on the basis of your delivery address and VAT rate of your delivery country at the checkout. From July 1, 2021, small deviations are possible due to the VAT rate. For your information, you will find the calculation basis below. Germany postal code roof boxes&hellip;<\/p>\n","protected":false},"author":1,"featured_media":0,"parent":0,"menu_order":235,"comment_status":"closed","ping_status":"open","template":"","meta":[],"yoast_head":"<!-- This site is optimized with the Yoast SEO plugin v17.9 - https:\/\/yoast.com\/wordpress\/plugins\/seo\/ -->\n<title>Shipping costs - Premium roof box made of GRP by Mobila<\/title>\n<meta name=\"description\" content=\"The shipping costs of your shopping cart are automatically calculated on the basis of your delivery address and VAT rate of your delivery country at the\" \/>\n<meta name=\"robots\" content=\"index, follow, max-snippet:-1, max-image-preview:large, max-video-preview:-1\" \/>\n<link rel=\"canonical\" href=\"https:\/\/surfbox.de\/en\/shipping-costs\/\" \/>\n<meta property=\"og:locale\" content=\"en_US\" \/>\n<meta property=\"og:type\" content=\"article\" \/>\n<meta property=\"og:title\" content=\"Shipping costs - Premium roof box made of GRP by Mobila\" \/>\n<meta property=\"og:description\" content=\"The shipping costs of your shopping cart are automatically calculated on the basis of your delivery address and VAT rate of your delivery country at the\" \/>\n<meta property=\"og:url\" content=\"https:\/\/surfbox.de\/en\/shipping-costs\/\" \/>\n<meta property=\"og:site_name\" content=\"Premium roof box made of GRP by Mobila\" \/>\n<meta property=\"article:modified_time\" content=\"2026-04-08T09:07:01+00:00\" \/>\n<meta name=\"twitter:label1\" content=\"Est. reading time\" \/>\n\t<meta name=\"twitter:data1\" content=\"5 minutes\" \/>\n<script type=\"application\/ld+json\" class=\"yoast-schema-graph\">{\"@context\":\"https:\/\/schema.org\",\"@graph\":[{\"@type\":\"WebSite\",\"@id\":\"https:\/\/surfbox.de\/#website\",\"url\":\"https:\/\/surfbox.de\/\",\"name\":\"Premium roof box made of GRP by Mobila\",\"description\":\"Mobila GmbH produces premium roof boxes skiboxes &amp; Surf boxes\",\"potentialAction\":[{\"@type\":\"SearchAction\",\"target\":{\"@type\":\"EntryPoint\",\"urlTemplate\":\"https:\/\/surfbox.de\/?s={search_term_string}\"},\"query-input\":\"required name=search_term_string\"}],\"inLanguage\":\"en-US\"},{\"@type\":\"WebPage\",\"@id\":\"https:\/\/surfbox.de\/en\/shipping-costs\/#webpage\",\"url\":\"https:\/\/surfbox.de\/en\/shipping-costs\/\",\"name\":\"Shipping costs - Premium roof box made of GRP by Mobila\",\"isPartOf\":{\"@id\":\"https:\/\/surfbox.de\/#website\"},\"datePublished\":\"2014-06-14T14:07:12+00:00\",\"dateModified\":\"2026-04-08T09:07:01+00:00\",\"description\":\"The shipping costs of your shopping cart are automatically calculated on the basis of your delivery address and VAT rate of your delivery country at the\",\"breadcrumb\":{\"@id\":\"https:\/\/surfbox.de\/en\/shipping-costs\/#breadcrumb\"},\"inLanguage\":\"en-US\",\"potentialAction\":[{\"@type\":\"ReadAction\",\"target\":[\"https:\/\/surfbox.de\/en\/shipping-costs\/\"]}]},{\"@type\":\"BreadcrumbList\",\"@id\":\"https:\/\/surfbox.de\/en\/shipping-costs\/#breadcrumb\",\"itemListElement\":[{\"@type\":\"ListItem\",\"position\":1,\"name\":\"Home\",\"item\":\"https:\/\/surfbox.de\/en\/\"},{\"@type\":\"ListItem\",\"position\":2,\"name\":\"Shipping costs\"}]}]}<\/script>\n<!-- \/ Yoast SEO plugin. -->","yoast_head_json":{"title":"Shipping costs - Premium roof box made of GRP by Mobila","description":"The shipping costs of your shopping cart are automatically calculated on the basis of your delivery address and VAT rate of your delivery country at the","robots":{"index":"index","follow":"follow","max-snippet":"max-snippet:-1","max-image-preview":"max-image-preview:large","max-video-preview":"max-video-preview:-1"},"canonical":"https:\/\/surfbox.de\/en\/shipping-costs\/","og_locale":"en_US","og_type":"article","og_title":"Shipping costs - Premium roof box made of GRP by Mobila","og_description":"The shipping costs of your shopping cart are automatically calculated on the basis of your delivery address and VAT rate of your delivery country at the","og_url":"https:\/\/surfbox.de\/en\/shipping-costs\/","og_site_name":"Premium roof box made of GRP by Mobila","article_modified_time":"2026-04-08T09:07:01+00:00","twitter_misc":{"Est. reading time":"5 minutes"},"schema":{"@context":"https:\/\/schema.org","@graph":[{"@type":"WebSite","@id":"https:\/\/surfbox.de\/#website","url":"https:\/\/surfbox.de\/","name":"Premium roof box made of GRP by Mobila","description":"Mobila GmbH produces premium roof boxes skiboxes &amp; Surf boxes","potentialAction":[{"@type":"SearchAction","target":{"@type":"EntryPoint","urlTemplate":"https:\/\/surfbox.de\/?s={search_term_string}"},"query-input":"required name=search_term_string"}],"inLanguage":"en-US"},{"@type":"WebPage","@id":"https:\/\/surfbox.de\/en\/shipping-costs\/#webpage","url":"https:\/\/surfbox.de\/en\/shipping-costs\/","name":"Shipping costs - Premium roof box made of GRP by Mobila","isPartOf":{"@id":"https:\/\/surfbox.de\/#website"},"datePublished":"2014-06-14T14:07:12+00:00","dateModified":"2026-04-08T09:07:01+00:00","description":"The shipping costs of your shopping cart are automatically calculated on the basis of your delivery address and VAT rate of your delivery country at the","breadcrumb":{"@id":"https:\/\/surfbox.de\/en\/shipping-costs\/#breadcrumb"},"inLanguage":"en-US","potentialAction":[{"@type":"ReadAction","target":["https:\/\/surfbox.de\/en\/shipping-costs\/"]}]},{"@type":"BreadcrumbList","@id":"https:\/\/surfbox.de\/en\/shipping-costs\/#breadcrumb","itemListElement":[{"@type":"ListItem","position":1,"name":"Home","item":"https:\/\/surfbox.de\/en\/"},{"@type":"ListItem","position":2,"name":"Shipping costs"}]}]}},"_links":{"self":[{"href":"https:\/\/surfbox.de\/en\/wp-json\/wp\/v2\/pages\/30818"}],"collection":[{"href":"https:\/\/surfbox.de\/en\/wp-json\/wp\/v2\/pages"}],"about":[{"href":"https:\/\/surfbox.de\/en\/wp-json\/wp\/v2\/types\/page"}],"author":[{"embeddable":true,"href":"https:\/\/surfbox.de\/en\/wp-json\/wp\/v2\/users\/1"}],"replies":[{"embeddable":true,"href":"https:\/\/surfbox.de\/en\/wp-json\/wp\/v2\/comments?post=30818"}],"version-history":[{"count":93,"href":"https:\/\/surfbox.de\/en\/wp-json\/wp\/v2\/pages\/30818\/revisions"}],"predecessor-version":[{"id":89460,"href":"https:\/\/surfbox.de\/en\/wp-json\/wp\/v2\/pages\/30818\/revisions\/89460"}],"wp:attachment":[{"href":"https:\/\/surfbox.de\/en\/wp-json\/wp\/v2\/media?parent=30818"}],"curies":[{"name":"wp","href":"https:\/\/api.w.org\/{rel}","templated":true}]}}