
{"id":23113,"date":"2014-05-19T20:51:12","date_gmt":"2015-01-22T13:29:35","guid":{"rendered":"https:\/\/surfbox.de\/?post_type=product&#038;p=13113"},"modified":"2024-12-12T15:55:08","modified_gmt":"2024-12-12T14:55:08","slug":"moby-dick-xl-roof-box-especially-for-tesla","status":"publish","type":"product","link":"https:\/\/surfbox.de\/en\/roof-boxes-shop\/roof-box\/ski-box-en\/moby-dick-xl-roof-box-especially-for-tesla\/","title":{"rendered":"Moby Dick XL roof box in an exclusive design especially for TESLA"},"content":{"rendered":"<p><strong>Action: Direct from the manufacturer<\/strong><\/p>\n<p>It&#8217;s true that a roof box is not the most important thing for holiday planning. However, it makes a holiday comfortable and safe. With this small description, we will try to sum up our over 25 years of experience. The no.1 for roof boxes made of fibreglass worldwide \u2013 leading through quality!<br \/>\nYour Mobila team<\/p>\n<p><strong>The Moby Dick XL roof box is a modern and very stable fibreglass roof box (GRP) that is equipped with all the clever product characteristics. Ideal for surfing and other holidays: it is ideal for the transport of ski equipment, but also for surf equipment or other luggage. Due to the fla bottom it is ideal for a TESLA.<br \/>\n<\/strong><\/p>\n<p><strong>The\u00a0Moby Dick XL is available in a sleek glossy white, glossy black or glossy grey.<\/strong> For a small fee you can order the\u00a0Moby Dick XL in glossy silver.<strong> Accessories: All inclusive roof box\u00a0<\/strong><\/p>\n<p><strong>Made of fibreglass.<\/strong> Exclusive roof box. <strong>Only<\/strong> <strong>from<\/strong> <strong>Mobila. The minimum distance of the rear attachment to the end of the roof box is 40 cm. The provided installation area between the roof beams is 56-106 cm. However, it can easily be extended to its full length, as the bottom portion is specifically reinforced. <\/strong>The roof box automatically opens from behind upwards, and can easily be loaded from the back and sides. <strong>This is the only safe way to be on the road at high speeds!<\/strong> It has two front screwed\u00a0 stainless steel hinges, inside two pneumatic springs, and at the rear three clamps made from NIROSTA stainless steel to prevent sudden opening of the box. Unrivalled <strong>theft protection<\/strong> is thereby automatically integrated.<strong><br \/>\n<\/strong><\/p>\n<p><strong>Moby Dick XL ca. 700 l<\/strong><\/p>\n<p>The skiing holidays for 4 to 6 people with carving or cross-country skis will soon be upon us. You may still want to take a snowboard along or have more summer luggage than usual. Then select the Moby Dick XL. Due to the high load capacity of over 95 kg, and a volume of 700 litres, you need not worry about the weight of your luggage. Its tailgate can easily be opened even at this length.<\/p>\n<ul>\n<li><strong>Manufactured from fibreglass<\/strong><\/li>\n<li><strong>200 km \/ h possible<\/strong><\/li>\n<li><strong>stainless steel fittings included <\/strong><\/li>\n<li><strong>stainless steel mounting kit included <\/strong><\/li>\n<li><strong>stainless steel T-stones are included\u00a0 (for aluminium supports e.g. Thule wing bar) <\/strong><\/li>\n<li><strong>Glossy nano-coating and sealing included <\/strong><\/li>\n<li>Including tensioning belts<\/li>\n<li>Completely UV resistant<\/li>\n<li>Roof box is lockable<\/li>\n<li>2 strong pneumatic springs<\/li>\n<li>Aerodynamic, torsion-resistant<\/li>\n<li>Suitable for all vehicles and vehicle systems<\/li>\n<li>Variable mounting<\/li>\n<li><strong>Dimensions: approx. 225 x 90 x 40 cm\u00a0 <\/strong><\/li>\n<li><strong>Only 20 kg Weight <\/strong><\/li>\n<li><strong>95 kg carrying capacity<\/strong><\/li>\n<\/ul>\n<p><a title=\"Tr\u00e4gertabelle\" href=\"https:\/\/surfbox.de\/en\/traegertabelle-2\/\">Still not sure? Click on this table with sizes and mounting distances.<\/a><\/p>\n<p>&nbsp;<\/p>\n<p><a href=\"https:\/\/surfbox.de\/wp-content\/uploads\/2014\/05\/beschreibung+dekra.jpg\"><img loading=\"lazy\" class=\"alignnone wp-image-22256\" src=\"https:\/\/surfbox.de\/wp-content\/uploads\/2014\/05\/beschreibung+dekra.jpg\" alt=\"beschreibung+dekra\" width=\"1131\" height=\"216\" srcset=\"https:\/\/surfbox.de\/wp-content\/uploads\/2014\/05\/beschreibung+dekra.jpg 1570w, https:\/\/surfbox.de\/wp-content\/uploads\/2014\/05\/beschreibung+dekra-570x109.jpg 570w, https:\/\/surfbox.de\/wp-content\/uploads\/2014\/05\/beschreibung+dekra-270x51.jpg 270w\" sizes=\"(max-width: 1131px) 100vw, 1131px\" \/><\/a><\/p>\n<p><a href=\"https:\/\/surfbox.de\/wp-content\/uploads\/2014\/05\/Weiterescollage.jpg\"><img loading=\"lazy\" class=\"alignnone size-full wp-image-22261\" src=\"https:\/\/surfbox.de\/wp-content\/uploads\/2014\/05\/Weiterescollage.jpg\" alt=\"Weiterescollage\" width=\"1200\" height=\"300\" srcset=\"https:\/\/surfbox.de\/wp-content\/uploads\/2014\/05\/Weiterescollage.jpg 1200w, https:\/\/surfbox.de\/wp-content\/uploads\/2014\/05\/Weiterescollage-570x143.jpg 570w, https:\/\/surfbox.de\/wp-content\/uploads\/2014\/05\/Weiterescollage-270x67.jpg 270w\" sizes=\"(max-width: 1200px) 100vw, 1200px\" \/><\/a><\/p>\n<p><a href=\"https:\/\/surfbox.de\/wp-content\/uploads\/2014\/05\/Befestigungscollage-1200px.jpg\"><img loading=\"lazy\" class=\"alignnone size-full wp-image-22251\" src=\"https:\/\/surfbox.de\/wp-content\/uploads\/2014\/05\/Befestigungscollage-1200px.jpg\" alt=\"Befestigungscollage 1200px\" width=\"1200\" height=\"300\" srcset=\"https:\/\/surfbox.de\/wp-content\/uploads\/2014\/05\/Befestigungscollage-1200px.jpg 1200w, https:\/\/surfbox.de\/wp-content\/uploads\/2014\/05\/Befestigungscollage-1200px-570x143.jpg 570w, https:\/\/surfbox.de\/wp-content\/uploads\/2014\/05\/Befestigungscollage-1200px-270x67.jpg 270w\" sizes=\"(max-width: 1200px) 100vw, 1200px\" \/><\/a><\/p>\n<h1>Safety information<\/h1>\n<p>Please follow the installation instructions in the box. The screws are only hand-tightened. Never drive with the locks open or even with the box lid open. The driving behaviour of your vehicle changes as a result of the box (lateral sensitivity, cornering and braking behaviour), especially when loaded. The driving style and speed must be adapted to the changed driving behaviour. Please also observe the operating instructions for your vehicle and roof rack with regard to speed and loading with roof loads.<\/p>\n","protected":false},"excerpt":{"rendered":"<p>Action: Direct from the manufacturer It&#8217;s true that a roof box is not the most important thing for holiday planning. However, it makes a holiday comfortable and safe. With this small description, we will try to sum up our over 25 years of experience. The no.1 for roof boxes made of fibreglass worldwide \u2013 leading&hellip;<\/p>\n","protected":false},"featured_media":85275,"comment_status":"closed","ping_status":"closed","template":"","meta":[],"product_cat":[174,177],"product_tag":[],"yoast_head":"<!-- This site is optimized with the Yoast SEO plugin v17.9 - https:\/\/yoast.com\/wordpress\/plugins\/seo\/ -->\n<title>Moby Dick XL roof box in an exclusive design especially for TESLA - Premium roof box made of GRP by Mobila<\/title>\n<meta name=\"description\" content=\"In unserem Shop finden Sie hochwertige Dachboxen in edlem Design. Sie sind Windkanal getestet und Verbrauchs sparend. F\u00fcr Camping, Wasser- und Wintersport uvm. Qualit\u00e4t seit 1989.\" \/>\n<meta name=\"robots\" content=\"index, follow, max-snippet:-1, max-image-preview:large, max-video-preview:-1\" \/>\n<link rel=\"canonical\" href=\"https:\/\/surfbox.de\/en\/roof-boxes-shop\/roof-box\/ski-box-en\/moby-dick-xl-roof-box-especially-for-tesla\/\" \/>\n<meta property=\"og:locale\" content=\"en_US\" \/>\n<meta property=\"og:type\" content=\"article\" \/>\n<meta property=\"og:title\" content=\"Moby Dick XL roof box in an exclusive design especially for TESLA - Premium roof box made of GRP by Mobila\" \/>\n<meta property=\"og:description\" content=\"In unserem Shop finden Sie hochwertige Dachboxen in edlem Design. Sie sind Windkanal getestet und Verbrauchs sparend. F\u00fcr Camping, Wasser- und Wintersport uvm. Qualit\u00e4t seit 1989.\" \/>\n<meta property=\"og:url\" content=\"https:\/\/surfbox.de\/en\/roof-boxes-shop\/roof-box\/ski-box-en\/moby-dick-xl-roof-box-especially-for-tesla\/\" \/>\n<meta property=\"og:site_name\" content=\"Premium roof box made of GRP by Mobila\" \/>\n<meta property=\"article:modified_time\" content=\"2024-12-12T14:55:08+00:00\" \/>\n<meta property=\"og:image\" content=\"https:\/\/surfbox.de\/wp-content\/uploads\/2024\/01\/cc144a31-11c0-409b-9b73-9aa49811af3b.jpg\" \/>\n\t<meta property=\"og:image:width\" content=\"735\" \/>\n\t<meta property=\"og:image:height\" content=\"980\" \/>\n\t<meta property=\"og:image:type\" content=\"image\/jpeg\" \/>\n<meta name=\"twitter:label1\" content=\"Availability\" \/>\n\t<meta name=\"twitter:data1\" content=\"In stock\" \/>\n<script type=\"application\/ld+json\" class=\"yoast-schema-graph\">{\"@context\":\"https:\/\/schema.org\",\"@graph\":[{\"@type\":\"WebSite\",\"@id\":\"https:\/\/surfbox.de\/#website\",\"url\":\"https:\/\/surfbox.de\/\",\"name\":\"Premium roof box made of GRP by Mobila\",\"description\":\"Mobila GmbH produces premium roof boxes skiboxes &amp; Surf boxes\",\"potentialAction\":[{\"@type\":\"SearchAction\",\"target\":{\"@type\":\"EntryPoint\",\"urlTemplate\":\"https:\/\/surfbox.de\/?s={search_term_string}\"},\"query-input\":\"required name=search_term_string\"}],\"inLanguage\":\"en-US\"},{\"@type\":\"ImageObject\",\"@id\":\"https:\/\/surfbox.de\/en\/roof-boxes-shop\/roof-box\/ski-box-en\/moby-dick-xl-roof-box-especially-for-tesla\/#primaryimage\",\"inLanguage\":\"en-US\",\"url\":\"https:\/\/surfbox.de\/wp-content\/uploads\/2024\/01\/cc144a31-11c0-409b-9b73-9aa49811af3b.jpg\",\"contentUrl\":\"https:\/\/surfbox.de\/wp-content\/uploads\/2024\/01\/cc144a31-11c0-409b-9b73-9aa49811af3b.jpg\",\"width\":735,\"height\":980,\"caption\":\"Moby Dick XL ohne Tr\\u00e4gereinl\\u00e4sse besonders f\\u00fcr Tesla geeignet\"},{\"@type\":\"WebPage\",\"@id\":\"https:\/\/surfbox.de\/en\/roof-boxes-shop\/roof-box\/ski-box-en\/moby-dick-xl-roof-box-especially-for-tesla\/#webpage\",\"url\":\"https:\/\/surfbox.de\/en\/roof-boxes-shop\/roof-box\/ski-box-en\/moby-dick-xl-roof-box-especially-for-tesla\/\",\"name\":\"Moby Dick XL roof box in an exclusive design especially for TESLA - Premium roof box made of GRP by Mobila\",\"isPartOf\":{\"@id\":\"https:\/\/surfbox.de\/#website\"},\"primaryImageOfPage\":{\"@id\":\"https:\/\/surfbox.de\/en\/roof-boxes-shop\/roof-box\/ski-box-en\/moby-dick-xl-roof-box-especially-for-tesla\/#primaryimage\"},\"datePublished\":\"2015-01-22T13:29:35+00:00\",\"dateModified\":\"2024-12-12T14:55:08+00:00\",\"description\":\"In unserem Shop finden Sie hochwertige Dachboxen in edlem Design. Sie sind Windkanal getestet und Verbrauchs sparend. F\\u00fcr Camping, Wasser- und Wintersport uvm. Qualit\\u00e4t seit 1989.\",\"breadcrumb\":{\"@id\":\"https:\/\/surfbox.de\/en\/roof-boxes-shop\/roof-box\/ski-box-en\/moby-dick-xl-roof-box-especially-for-tesla\/#breadcrumb\"},\"inLanguage\":\"en-US\",\"potentialAction\":[{\"@type\":\"ReadAction\",\"target\":[\"https:\/\/surfbox.de\/en\/roof-boxes-shop\/roof-box\/ski-box-en\/moby-dick-xl-roof-box-especially-for-tesla\/\"]}]},{\"@type\":\"BreadcrumbList\",\"@id\":\"https:\/\/surfbox.de\/en\/roof-boxes-shop\/roof-box\/ski-box-en\/moby-dick-xl-roof-box-especially-for-tesla\/#breadcrumb\",\"itemListElement\":[{\"@type\":\"ListItem\",\"position\":1,\"name\":\"Home\",\"item\":\"https:\/\/surfbox.de\/en\/\"},{\"@type\":\"ListItem\",\"position\":2,\"name\":\"Shop\",\"item\":\"https:\/\/surfbox.de\/en\/shop\/\"},{\"@type\":\"ListItem\",\"position\":3,\"name\":\"Moby Dick XL roof box in an exclusive design especially for TESLA\"}]}]}<\/script>\n<!-- \/ Yoast SEO plugin. -->","yoast_head_json":{"title":"Moby Dick XL roof box in an exclusive design especially for TESLA - Premium roof box made of GRP by Mobila","description":"In unserem Shop finden Sie hochwertige Dachboxen in edlem Design. Sie sind Windkanal getestet und Verbrauchs sparend. F\u00fcr Camping, Wasser- und Wintersport uvm. Qualit\u00e4t seit 1989.","robots":{"index":"index","follow":"follow","max-snippet":"max-snippet:-1","max-image-preview":"max-image-preview:large","max-video-preview":"max-video-preview:-1"},"canonical":"https:\/\/surfbox.de\/en\/roof-boxes-shop\/roof-box\/ski-box-en\/moby-dick-xl-roof-box-especially-for-tesla\/","og_locale":"en_US","og_type":"article","og_title":"Moby Dick XL roof box in an exclusive design especially for TESLA - Premium roof box made of GRP by Mobila","og_description":"In unserem Shop finden Sie hochwertige Dachboxen in edlem Design. Sie sind Windkanal getestet und Verbrauchs sparend. F\u00fcr Camping, Wasser- und Wintersport uvm. Qualit\u00e4t seit 1989.","og_url":"https:\/\/surfbox.de\/en\/roof-boxes-shop\/roof-box\/ski-box-en\/moby-dick-xl-roof-box-especially-for-tesla\/","og_site_name":"Premium roof box made of GRP by Mobila","article_modified_time":"2024-12-12T14:55:08+00:00","og_image":[{"width":735,"height":980,"url":"https:\/\/surfbox.de\/wp-content\/uploads\/2024\/01\/cc144a31-11c0-409b-9b73-9aa49811af3b.jpg","type":"image\/jpeg"}],"twitter_misc":{"Availability":"In stock"},"schema":{"@context":"https:\/\/schema.org","@graph":[{"@type":"WebSite","@id":"https:\/\/surfbox.de\/#website","url":"https:\/\/surfbox.de\/","name":"Premium roof box made of GRP by Mobila","description":"Mobila GmbH produces premium roof boxes skiboxes &amp; Surf boxes","potentialAction":[{"@type":"SearchAction","target":{"@type":"EntryPoint","urlTemplate":"https:\/\/surfbox.de\/?s={search_term_string}"},"query-input":"required name=search_term_string"}],"inLanguage":"en-US"},{"@type":"ImageObject","@id":"https:\/\/surfbox.de\/en\/roof-boxes-shop\/roof-box\/ski-box-en\/moby-dick-xl-roof-box-especially-for-tesla\/#primaryimage","inLanguage":"en-US","url":"https:\/\/surfbox.de\/wp-content\/uploads\/2024\/01\/cc144a31-11c0-409b-9b73-9aa49811af3b.jpg","contentUrl":"https:\/\/surfbox.de\/wp-content\/uploads\/2024\/01\/cc144a31-11c0-409b-9b73-9aa49811af3b.jpg","width":735,"height":980,"caption":"Moby Dick XL ohne Tr\u00e4gereinl\u00e4sse besonders f\u00fcr Tesla geeignet"},{"@type":"WebPage","@id":"https:\/\/surfbox.de\/en\/roof-boxes-shop\/roof-box\/ski-box-en\/moby-dick-xl-roof-box-especially-for-tesla\/#webpage","url":"https:\/\/surfbox.de\/en\/roof-boxes-shop\/roof-box\/ski-box-en\/moby-dick-xl-roof-box-especially-for-tesla\/","name":"Moby Dick XL roof box in an exclusive design especially for TESLA - Premium roof box made of GRP by Mobila","isPartOf":{"@id":"https:\/\/surfbox.de\/#website"},"primaryImageOfPage":{"@id":"https:\/\/surfbox.de\/en\/roof-boxes-shop\/roof-box\/ski-box-en\/moby-dick-xl-roof-box-especially-for-tesla\/#primaryimage"},"datePublished":"2015-01-22T13:29:35+00:00","dateModified":"2024-12-12T14:55:08+00:00","description":"In unserem Shop finden Sie hochwertige Dachboxen in edlem Design. Sie sind Windkanal getestet und Verbrauchs sparend. F\u00fcr Camping, Wasser- und Wintersport uvm. Qualit\u00e4t seit 1989.","breadcrumb":{"@id":"https:\/\/surfbox.de\/en\/roof-boxes-shop\/roof-box\/ski-box-en\/moby-dick-xl-roof-box-especially-for-tesla\/#breadcrumb"},"inLanguage":"en-US","potentialAction":[{"@type":"ReadAction","target":["https:\/\/surfbox.de\/en\/roof-boxes-shop\/roof-box\/ski-box-en\/moby-dick-xl-roof-box-especially-for-tesla\/"]}]},{"@type":"BreadcrumbList","@id":"https:\/\/surfbox.de\/en\/roof-boxes-shop\/roof-box\/ski-box-en\/moby-dick-xl-roof-box-especially-for-tesla\/#breadcrumb","itemListElement":[{"@type":"ListItem","position":1,"name":"Home","item":"https:\/\/surfbox.de\/en\/"},{"@type":"ListItem","position":2,"name":"Shop","item":"https:\/\/surfbox.de\/en\/shop\/"},{"@type":"ListItem","position":3,"name":"Moby Dick XL roof box in an exclusive design especially for TESLA"}]}]}},"_links":{"self":[{"href":"https:\/\/surfbox.de\/en\/wp-json\/wp\/v2\/product\/23113"}],"collection":[{"href":"https:\/\/surfbox.de\/en\/wp-json\/wp\/v2\/product"}],"about":[{"href":"https:\/\/surfbox.de\/en\/wp-json\/wp\/v2\/types\/product"}],"replies":[{"embeddable":true,"href":"https:\/\/surfbox.de\/en\/wp-json\/wp\/v2\/comments?post=23113"}],"wp:featuredmedia":[{"embeddable":true,"href":"https:\/\/surfbox.de\/en\/wp-json\/wp\/v2\/media\/85275"}],"wp:attachment":[{"href":"https:\/\/surfbox.de\/en\/wp-json\/wp\/v2\/media?parent=23113"}],"wp:term":[{"taxonomy":"product_cat","embeddable":true,"href":"https:\/\/surfbox.de\/en\/wp-json\/wp\/v2\/product_cat?post=23113"},{"taxonomy":"product_tag","embeddable":true,"href":"https:\/\/surfbox.de\/en\/wp-json\/wp\/v2\/product_tag?post=23113"}],"curies":[{"name":"wp","href":"https:\/\/api.w.org\/{rel}","templated":true}]}}