
{"id":22354,"date":"2014-12-09T11:41:14","date_gmt":"2014-12-09T10:41:14","guid":{"rendered":"https:\/\/surfbox.de\/?page_id=12354"},"modified":"2016-06-06T14:47:22","modified_gmt":"2016-06-06T12:47:22","slug":"mobila-garantia","status":"publish","type":"page","link":"https:\/\/surfbox.de\/es\/mobila-garantia\/","title":{"rendered":"Garant\u00eda MOBILA"},"content":{"rendered":"<h2>\u00a15 a\u00f1os de garant\u00eda en fibra de vidrio y procesamiento!<\/h2>\n<p><span style=\"color: #999999;\">Mobila Management GmbH (en lo sucesivo denominado \u00abMobila\u00bb), en todos sus maleteros de techo que se comercializan bajo el nombre SURF LINE BOX o BOX2000, otorga una garant\u00eda del fabricante de 5 a\u00f1os sobre el material (fibra de vidrio) y sobre el procesamiento con respecto a la que se registr\u00f3 en la factura del comprador (comprador original) desde la fecha de compra, reparando o reemplazando las piezas da\u00f1adas (dependiendo de la evaluaci\u00f3n de MOBILA) sin cargar los costos incurridos al comprador original. <span id=\"result_box\" class=\"\" lang=\"es\"><span class=\"\">Para los clientes<\/span> <span class=\"\">comerciales<\/span>, <span class=\"\">la<\/span> <span class=\"\">garant\u00eda es de un<\/span> a\u00f1o despu\u00e9s de la <span class=\"\">fecha de compra<\/span>. <\/span>Se deben tener en cuenta las exclusiones indicadas a continuaci\u00f3n. El comprador original tendr\u00e1 que asumir los costes derivados de la devoluci\u00f3n del producto. Se debe presentar la factura original para el procesamiento del da\u00f1o. <\/span><\/p>\n<p><span style=\"color: #999999;\">La garant\u00eda no se aplica a los da\u00f1os ocasionados fuera del \u00e1rea de incidencia de MOBILA. Entre otros, esto incluye el uso indebido del producto, sobrecarga o montaje y aplicaci\u00f3n que no se haya realizado conforme a las instrucciones de montaje de MOBILA, directrices as\u00ed como normas de seguridad. La garant\u00eda no se aplica a los da\u00f1os originados \u200b\u200bpor accidentes, por el manejo il\u00edcito del veh\u00edculo o por da\u00f1os existentes en el veh\u00edculo sobre el que se ha instalado el maletero de techo<\/span> <span style=\"color: #999999;\">MOBILA. Se excluyen los da\u00f1os causados \u200b\u200bpor la instalaci\u00f3n incorrecta de la baca instalada previamente. MOBILA no responde por los da\u00f1os que se produzcan debido a una protecci\u00f3n de la carga err\u00f3nea, es decir, una protecci\u00f3n diferente de la que recomienda MOBILA. Durante el per\u00edodo de garant\u00eda, el comprador original tiene derecho a la reparaci\u00f3n o reemplazo del producto da\u00f1ado de MOBILA. <span id=\"result_box\" class=\"\" lang=\"es\"><span class=\"hps\">El uso<\/span> <span class=\"hps\">\/<\/span> <span class=\"hps\">instalaci\u00f3n de la caja<\/span> <span class=\"hps\">en el viento<\/span> <span class=\"hps\">fuerte es<\/span> <span class=\"hps\">a su propio riesgo<\/span><\/span>.<\/span><\/p>\n<p><span style=\"color: #999999;\">Todos los da\u00f1os directos y adicionales quedan excluidos de esta garant\u00eda. Los da\u00f1os en el veh\u00edculo, en la carga o a otras personas y activos tambi\u00e9n est\u00e1n excluidos de esta garant\u00eda. Las anteriores disposiciones no restringen ni los derechos del comprador original de acuerdo con las disposiciones legales pertinentes, ni tampoco afectan a los derechos frente a MOBILA con los que se formaliz\u00f3 el contrato de compra. <\/span><\/p>\n<p><span style=\"color: #999999;\">En particular, esto es v\u00e1lido para las reclamaciones de garant\u00eda que se mantienen en su totalidad. Las reclamaciones legales de garant\u00eda no se limitan en forma alguna.<\/span><\/p>\n<p><span style=\"color: #999999;\">Haltern am See, junio de 2014<\/span><\/p>\n<p><a href=\"https:\/\/surfbox.de\/wp-content\/uploads\/2014\/09\/5_Jahre_Gewaehrleitungs_freigestellt-90x84.png\"><img loading=\"lazy\" class=\"size-full wp-image-18304\" src=\"https:\/\/surfbox.de\/wp-content\/uploads\/2014\/09\/5_Jahre_Gewaehrleitungs_freigestellt-90x84.png\" alt=\"Garantie\" width=\"90\" height=\"84\" \/><\/a><\/p>\n","protected":false},"excerpt":{"rendered":"<p>\u00a15 a\u00f1os de garant\u00eda en fibra de vidrio y procesamiento! Mobila Management GmbH (en lo sucesivo denominado \u00abMobila\u00bb), en todos sus maleteros de techo que se comercializan bajo el nombre SURF LINE BOX o BOX2000, otorga una garant\u00eda del fabricante de 5 a\u00f1os sobre el material (fibra de vidrio) y sobre el procesamiento con respecto&hellip;<\/p>\n","protected":false},"author":1,"featured_media":0,"parent":0,"menu_order":216,"comment_status":"closed","ping_status":"open","template":"","meta":[],"yoast_head":"<!-- This site is optimized with the Yoast SEO plugin v17.9 - https:\/\/yoast.com\/wordpress\/plugins\/seo\/ -->\n<title>Garant\u00eda MOBILA - ba\u00fal de techo hecha de GRP por Mobila<\/title>\n<meta name=\"description\" content=\"\u00a15 a\u00f1os de garant\u00eda en fibra de vidrio y procesamiento! Mobila Management GmbH (en lo sucesivo denominado &quot;Mobila&quot;), en todos sus maleteros de techo que\" \/>\n<meta name=\"robots\" content=\"index, follow, max-snippet:-1, max-image-preview:large, max-video-preview:-1\" \/>\n<link rel=\"canonical\" href=\"https:\/\/surfbox.de\/es\/mobila-garantia\/\" \/>\n<meta property=\"og:locale\" content=\"es_ES\" \/>\n<meta property=\"og:type\" content=\"article\" \/>\n<meta property=\"og:title\" content=\"Garant\u00eda MOBILA - ba\u00fal de techo hecha de GRP por Mobila\" \/>\n<meta property=\"og:description\" content=\"\u00a15 a\u00f1os de garant\u00eda en fibra de vidrio y procesamiento! Mobila Management GmbH (en lo sucesivo denominado &quot;Mobila&quot;), en todos sus maleteros de techo que\" \/>\n<meta property=\"og:url\" content=\"https:\/\/surfbox.de\/es\/mobila-garantia\/\" \/>\n<meta property=\"og:site_name\" content=\"ba\u00fal de techo hecha de GRP por Mobila\" \/>\n<meta property=\"article:modified_time\" content=\"2016-06-06T12:47:22+00:00\" \/>\n<meta property=\"og:image\" content=\"https:\/\/surfbox.de\/wp-content\/uploads\/2014\/09\/5_Jahre_Gewaehrleitungs_freigestellt-90x84.png\" \/>\n<meta name=\"twitter:label1\" content=\"Tiempo de lectura\" \/>\n\t<meta name=\"twitter:data1\" content=\"2 minutos\" \/>\n<script type=\"application\/ld+json\" class=\"yoast-schema-graph\">{\"@context\":\"https:\/\/schema.org\",\"@graph\":[{\"@type\":\"WebSite\",\"@id\":\"https:\/\/surfbox.de\/#website\",\"url\":\"https:\/\/surfbox.de\/\",\"name\":\"ba\\u00fal de techo hecha de GRP por Mobila\",\"description\":\"Mobila GmbH produces premium roof boxes skiboxes &amp; Surf boxes\",\"potentialAction\":[{\"@type\":\"SearchAction\",\"target\":{\"@type\":\"EntryPoint\",\"urlTemplate\":\"https:\/\/surfbox.de\/?s={search_term_string}\"},\"query-input\":\"required name=search_term_string\"}],\"inLanguage\":\"es\"},{\"@type\":\"ImageObject\",\"@id\":\"https:\/\/surfbox.de\/es\/mobila-garantia\/#primaryimage\",\"inLanguage\":\"es\",\"url\":\"https:\/\/surfbox.de\/wp-content\/uploads\/2014\/09\/5_Jahre_Gewaehrleitungs_freigestellt-90x84.png\",\"contentUrl\":\"https:\/\/surfbox.de\/wp-content\/uploads\/2014\/09\/5_Jahre_Gewaehrleitungs_freigestellt-90x84.png\"},{\"@type\":\"WebPage\",\"@id\":\"https:\/\/surfbox.de\/es\/mobila-garantia\/#webpage\",\"url\":\"https:\/\/surfbox.de\/es\/mobila-garantia\/\",\"name\":\"Garant\\u00eda MOBILA - ba\\u00fal de techo hecha de GRP por Mobila\",\"isPartOf\":{\"@id\":\"https:\/\/surfbox.de\/#website\"},\"primaryImageOfPage\":{\"@id\":\"https:\/\/surfbox.de\/es\/mobila-garantia\/#primaryimage\"},\"datePublished\":\"2014-12-09T10:41:14+00:00\",\"dateModified\":\"2016-06-06T12:47:22+00:00\",\"description\":\"\\u00a15 a\\u00f1os de garant\\u00eda en fibra de vidrio y procesamiento! Mobila Management GmbH (en lo sucesivo denominado \\\"Mobila\\\"), en todos sus maleteros de techo que\",\"breadcrumb\":{\"@id\":\"https:\/\/surfbox.de\/es\/mobila-garantia\/#breadcrumb\"},\"inLanguage\":\"es\",\"potentialAction\":[{\"@type\":\"ReadAction\",\"target\":[\"https:\/\/surfbox.de\/es\/mobila-garantia\/\"]}]},{\"@type\":\"BreadcrumbList\",\"@id\":\"https:\/\/surfbox.de\/es\/mobila-garantia\/#breadcrumb\",\"itemListElement\":[{\"@type\":\"ListItem\",\"position\":1,\"name\":\"Home\",\"item\":\"https:\/\/surfbox.de\/es\/\"},{\"@type\":\"ListItem\",\"position\":2,\"name\":\"Garant\\u00eda MOBILA\"}]}]}<\/script>\n<!-- \/ Yoast SEO plugin. -->","yoast_head_json":{"title":"Garant\u00eda MOBILA - ba\u00fal de techo hecha de GRP por Mobila","description":"\u00a15 a\u00f1os de garant\u00eda en fibra de vidrio y procesamiento! Mobila Management GmbH (en lo sucesivo denominado \"Mobila\"), en todos sus maleteros de techo que","robots":{"index":"index","follow":"follow","max-snippet":"max-snippet:-1","max-image-preview":"max-image-preview:large","max-video-preview":"max-video-preview:-1"},"canonical":"https:\/\/surfbox.de\/es\/mobila-garantia\/","og_locale":"es_ES","og_type":"article","og_title":"Garant\u00eda MOBILA - ba\u00fal de techo hecha de GRP por Mobila","og_description":"\u00a15 a\u00f1os de garant\u00eda en fibra de vidrio y procesamiento! Mobila Management GmbH (en lo sucesivo denominado \"Mobila\"), en todos sus maleteros de techo que","og_url":"https:\/\/surfbox.de\/es\/mobila-garantia\/","og_site_name":"ba\u00fal de techo hecha de GRP por Mobila","article_modified_time":"2016-06-06T12:47:22+00:00","og_image":[{"url":"https:\/\/surfbox.de\/wp-content\/uploads\/2014\/09\/5_Jahre_Gewaehrleitungs_freigestellt-90x84.png"}],"twitter_misc":{"Tiempo de lectura":"2 minutos"},"schema":{"@context":"https:\/\/schema.org","@graph":[{"@type":"WebSite","@id":"https:\/\/surfbox.de\/#website","url":"https:\/\/surfbox.de\/","name":"ba\u00fal de techo hecha de GRP por Mobila","description":"Mobila GmbH produces premium roof boxes skiboxes &amp; Surf boxes","potentialAction":[{"@type":"SearchAction","target":{"@type":"EntryPoint","urlTemplate":"https:\/\/surfbox.de\/?s={search_term_string}"},"query-input":"required name=search_term_string"}],"inLanguage":"es"},{"@type":"ImageObject","@id":"https:\/\/surfbox.de\/es\/mobila-garantia\/#primaryimage","inLanguage":"es","url":"https:\/\/surfbox.de\/wp-content\/uploads\/2014\/09\/5_Jahre_Gewaehrleitungs_freigestellt-90x84.png","contentUrl":"https:\/\/surfbox.de\/wp-content\/uploads\/2014\/09\/5_Jahre_Gewaehrleitungs_freigestellt-90x84.png"},{"@type":"WebPage","@id":"https:\/\/surfbox.de\/es\/mobila-garantia\/#webpage","url":"https:\/\/surfbox.de\/es\/mobila-garantia\/","name":"Garant\u00eda MOBILA - ba\u00fal de techo hecha de GRP por Mobila","isPartOf":{"@id":"https:\/\/surfbox.de\/#website"},"primaryImageOfPage":{"@id":"https:\/\/surfbox.de\/es\/mobila-garantia\/#primaryimage"},"datePublished":"2014-12-09T10:41:14+00:00","dateModified":"2016-06-06T12:47:22+00:00","description":"\u00a15 a\u00f1os de garant\u00eda en fibra de vidrio y procesamiento! Mobila Management GmbH (en lo sucesivo denominado \"Mobila\"), en todos sus maleteros de techo que","breadcrumb":{"@id":"https:\/\/surfbox.de\/es\/mobila-garantia\/#breadcrumb"},"inLanguage":"es","potentialAction":[{"@type":"ReadAction","target":["https:\/\/surfbox.de\/es\/mobila-garantia\/"]}]},{"@type":"BreadcrumbList","@id":"https:\/\/surfbox.de\/es\/mobila-garantia\/#breadcrumb","itemListElement":[{"@type":"ListItem","position":1,"name":"Home","item":"https:\/\/surfbox.de\/es\/"},{"@type":"ListItem","position":2,"name":"Garant\u00eda MOBILA"}]}]}},"_links":{"self":[{"href":"https:\/\/surfbox.de\/es\/wp-json\/wp\/v2\/pages\/22354"}],"collection":[{"href":"https:\/\/surfbox.de\/es\/wp-json\/wp\/v2\/pages"}],"about":[{"href":"https:\/\/surfbox.de\/es\/wp-json\/wp\/v2\/types\/page"}],"author":[{"embeddable":true,"href":"https:\/\/surfbox.de\/es\/wp-json\/wp\/v2\/users\/1"}],"replies":[{"embeddable":true,"href":"https:\/\/surfbox.de\/es\/wp-json\/wp\/v2\/comments?post=22354"}],"version-history":[{"count":2,"href":"https:\/\/surfbox.de\/es\/wp-json\/wp\/v2\/pages\/22354\/revisions"}],"predecessor-version":[{"id":45477,"href":"https:\/\/surfbox.de\/es\/wp-json\/wp\/v2\/pages\/22354\/revisions\/45477"}],"wp:attachment":[{"href":"https:\/\/surfbox.de\/es\/wp-json\/wp\/v2\/media?parent=22354"}],"curies":[{"name":"wp","href":"https:\/\/api.w.org\/{rel}","templated":true}]}}