
{"id":22364,"date":"2014-12-09T11:41:13","date_gmt":"2014-12-09T10:41:13","guid":{"rendered":"https:\/\/surfbox.de\/?page_id=12364"},"modified":"2025-09-03T11:25:19","modified_gmt":"2025-09-03T09:25:19","slug":"pie-de-imprenta","status":"publish","type":"page","link":"https:\/\/surfbox.de\/es\/pie-de-imprenta\/","title":{"rendered":"Aviso legal"},"content":{"rendered":"<p><strong>Mobila Verwaltungs GmbH<\/strong><br \/>\nAnnabergstr. 164<br \/>\nD-45721 Haltern am See<\/p>\n<p>Telefon: +49 2364 6142, +49 2364 965186<\/p>\n<p>E-mail: <a href=\"mailto:info@surfbox.de\">info@surfbox.de<\/a><\/p>\n<p><strong class=\"western\">Cuenta<\/strong> <strong class=\"western\">bancaria:<\/strong><br \/>\nVolksbank Suedmuensterland<br \/>\nN.\u00ba Cuenta 125279501<br \/>\nC\u00f3d. Bancario 42861387<\/p>\n<p>C\u00f3digo Swift GENODEM1BOB<br \/>\nIBAN DE59428613870125279501<\/p>\n<p>Gerentes con facultades de representaci\u00f3n: Dariusz Sterzel, Monika Sterzel<br \/>\nJuzgado de Registro: Juzgado de Primera Instancia de Gelsenkirchen<br \/>\nN.\u00ba de registro: HRB5976<\/p>\n<p>N.\u00ba IVA conforme al art\u00edculo 27a de la Ley alemana del IVA: DE 157 955 948<\/p>\n<p>La persona responsable del contenido, conforme al art\u00edculo 6 del contrato estatal de los servicios de comunicaci\u00f3n, es Monika Sterzel.<\/p>\n<p>Todos los datos y la informaci\u00f3n contenidos en nuestras p\u00e1ginas web han sido cuidadosamente analizados y probados. No obstante, no asumimos ninguna responsabilidad sobre la exactitud, integridad y actualidad de los mismos. Esto tambi\u00e9n se aplica a las p\u00e1ginas web de otros proveedores de teleservicios, a los que puede acceder a trav\u00e9s de un hiperv\u00ednculo. Mobila Verwaltungs GmbH (<strong><span id=\"result_box\" class=\"\" lang=\"es\"><span class=\"hps\">en lo sucesivo denominado<\/span> <span class=\"hps\">Mobila<\/span> <span class=\"hps\">GmbH<\/span><\/span><\/strong>) no asumir\u00e1 responsabilidad alguna por el contenido de dichas p\u00e1ginas.<\/p>\n<p>Cualquier reproducci\u00f3n de estas p\u00e1ginas o de su contenido requiere el consentimiento previo por escrito de Mobila GmbH, a menos que dicha reproducci\u00f3n haya sido legalmente permitida.<\/p>\n<p><strong class=\"western\">Exclusi\u00f3n<\/strong> <strong class=\"western\">de<\/strong> <strong class=\"western\">responsabilidad<\/strong><\/p>\n<p>1. Contenido de la oferta en l\u00ednea<\/p>\n<p>Todas las ofertas son sin compromiso y no vinculantes. Mobila GmbH se reserva expresamente el derecho a modificar, completar o eliminar partes de las p\u00e1ginas o toda la oferta sin necesidad de aviso previo o de suspender temporal o definitivamente su publicaci\u00f3n.<\/p>\n<p>2. Remisiones y enlaces<\/p>\n<p>En el caso de los enlaces directos o indirectos a otras p\u00e1ginas de Internet (\u00ablinks\u00bb), que se encuentren fuera del \u00e1mbito de responsabilidad de Mobila GmbH, solo ser\u00e1n responsabilidad de Mobila GmbH cuando \u00e9sta conociera su contenido y le hubiera sido posible t\u00e9cnicamente y razonablemente posible impedir el uso del eventual contenido il\u00edcito.<\/p>\n<p>Por lo tanto, Mobila GmbH declara expresamente que, en el momento de la vinculaci\u00f3n, las p\u00e1ginas enlazadas correspondientes estaban libres de contenidos ilegales. Mobila GmbH no tiene ning\u00fan tipo de influencia en su dise\u00f1o actual o futuro, ni en el contenido de las p\u00e1ginas remitidas o enlazadas. Es por ello que Mobila GmbH se desvincula expresamente de todos los contenidos de todas las p\u00e1ginas web remitidas o enlazadas que hayan sido modificadas despu\u00e9s de su vinculaci\u00f3n. Esta declaraci\u00f3n se aplica a todos los enlaces y remisiones establecidos en su propia oferta de Internet. En el caso de contenidos ilegales, incorrectos o incompletos y, especialmente, de los\u00a0da\u00f1os derivados de la utilizaci\u00f3n o no utilizaci\u00f3n de dicha informaci\u00f3n, la responsabilidad ser\u00e1 \u00fanicamente del autor de la p\u00e1gina a la que se hizo referencia, y no de qui\u00e9n haya puesto los enlaces en estas p\u00e1ginas.<\/p>\n<p>3. Derecho de autor y derecho de marca<\/p>\n<p>El autor se esfuerza por tener en cuenta los derechos de autor de los gr\u00e1ficos utilizados, los documentos sonoros, las secuencias de v\u00eddeo y textos de todas las publicaciones o bien por utilizar los gr\u00e1ficos, documentos sonoros, secuencias de v\u00eddeo y textos generados por ella o recurrir a gr\u00e1ficos, documentos de sonido, secuencias de v\u00eddeo y textos de licencia libre.<\/p>\n<p>Todo lo antes mencionado, as\u00ed como las posibles marcas protegidas\u00a0de terceros o los nombres de marca y marcas mostradas en Internet, siguen las disposiciones del derecho de marca registrada\u00a0y de los derechos de propiedad de sus respectivos propietarios. \u00a1La mera menci\u00f3n no implica que las marcas no est\u00e9n protegidas por derechos de terceros!<\/p>\n<p>Los derechos de autor de cualquier material creado por su autor\u00a0le corresponden exclusivamente al mismo. Queda prohibida cualquier reproducci\u00f3n o utilizaci\u00f3n de dichos gr\u00e1ficos, documentos sonoros, secuencias de v\u00eddeo y textos en otras publicaciones electr\u00f3nicas o impresas sin el permiso expreso del autor.<\/p>\n<p>4. Validez jur\u00eddica de esta exenci\u00f3n de responsabilidad<\/p>\n<p>Esta exoneraci\u00f3n de responsabilidad deber\u00e1 ser considerada como parte de la oferta de Internet desde la que se ha remitido a esta p\u00e1gina. El contenido y validez del resto de disposiciones del presente texto no se ver\u00e1n afectados en el caso de que partes o expresiones de este texto no se correspondieran o dejaran de corresponderse, total o parcialmente, con la situaci\u00f3n legal. Mobila GmbH no asumir\u00e1 responsabilidad alguna por la actualidad, exactitud, integridad o calidad de la informaci\u00f3n proporcionada. Quedan excluidas las reclamaciones de responsabilidad contra Mobila GmbH relativas a da\u00f1os materiales o inmateriales causados por el uso o no uso de cualquier informaci\u00f3n proporcionada o por el uso de informaci\u00f3n incorrecta y\/o incompleta, a menos que pueda probarse la concurrencia de dolo o negligencia grave por parte de Mobila GmbH.<\/p>\n<p><strong class=\"western\">Pol\u00edtica<\/strong> <strong class=\"western\">de<\/strong> <strong class=\"western\">privacidad<\/strong><\/p>\n<p>Mobila GmbH se toma la protecci\u00f3n de datos muy en serio y respeta estrictamente la normativa sobre protecci\u00f3n de datos. Los datos personales se recopilan en este sitio web exclusivamente con fines t\u00e9cnicos. Respecto de los datos recopilados, en ning\u00fan caso ser\u00e1n objeto de venta o cesi\u00f3n a terceros por cualquier otro motivo.<\/p>\n<p>La siguiente declaraci\u00f3n le proporciona una visi\u00f3n general de la forma en que garantizamos esta protecci\u00f3n y de qu\u00e9 tipo de datos se recopilan y con qu\u00e9 finalidad.<\/p>\n<p><strong class=\"western\">Tratamiento<\/strong> <strong class=\"western\">de<\/strong> <strong class=\"western\">los<\/strong> <strong class=\"western\">datos<\/strong> <strong class=\"western\">en<\/strong> <strong class=\"western\">este<\/strong> <strong class=\"western\">sitio<\/strong> <strong class=\"western\">web<\/strong><\/p>\n<p>Mobila GmbH recopila y almacena autom\u00e1ticamente en su Server Log Files la informaci\u00f3n que nos env\u00eda su navegador. Esta informaci\u00f3n es la siguiente:<\/p>\n<ul>\n<li>Tipo y versi\u00f3n del navegador<\/li>\n<li>Sistema operativo<\/li>\n<li>URL de referencia (p\u00e1gina visitada anteriormente)<\/li>\n<li>Nombre de host del ordenador\u00a0de acceso (direcci\u00f3n IP)<\/li>\n<li>Hora de solicitud del servidor<\/li>\n<\/ul>\n<p>Mobila GmbH no podr\u00e1 asignar estos datos a individuos espec\u00edficos. Asimismo, no se realizar\u00e1 una recopilaci\u00f3n de estos datos con otras fuentes de datos y los datos ser\u00e1n eliminados despu\u00e9s de un an\u00e1lisis estad\u00edstico.<\/p>\n<p><strong class=\"western\">Cookies<\/strong><\/p>\n<p>Este sitio web utiliza Google Analytics, un servicio de an\u00e1lisis web de Google Inc. (\u00abGoogle\u00bb). Google Analytics utiliza las denominadas \u00abcookies\u00bb, archivos de texto que se almacenan en su ordenador, para ayudar a analizar el modo en que los usuarios utilizan el sitio web. La informaci\u00f3n que genera la cookie acerca de su uso del sitio Web (incluyendo su direcci\u00f3n IP) ser\u00e1 directamente transmitida y archivada por Google en los servidores de Estados Unidos. Google usar\u00e1 esta informaci\u00f3n para\u00a0valorar el uso que usted hace del sitio web, elaborar informes sobre las actividades que se produzcan en el sitio web para el operador de dicho sitio y prestar otros servicios relacionados con el uso del sitio web y de Internet. Si procede, tambi\u00e9n transmitir\u00e1 esa informaci\u00f3n a terceros cuando la ley lo requiera o para su\u00a0procesamiento por parte de\u00a0terceros que trabajen por cuenta de Google. Google no asociar\u00e1 su direcci\u00f3n IP a ning\u00fan otro dato del que disponga Google. Usted puede evitar el uso de cookies seleccionando la configuraci\u00f3n correspondiente en su navegador de Internet. No obstante, le advertimos que, en ese caso, es posible que no pueda utilizar plenamente todas las funciones de este sitio web. El uso de este sitio web se entiende como la aceptaci\u00f3n por su parte\u00a0del tratamiento de la informaci\u00f3n recabada por Google relativa a Usted,\u00a0de la manera y para los prop\u00f3sitos anteriormente descritos.<\/p>\n<p><strong class=\"western\">Derecho<\/strong> <strong class=\"western\">de\u00a0informaci\u00f3n<\/strong><\/p>\n<p>Usted siempre tiene el derecho a recibir informaci\u00f3n sobre sus datos personales, su origen y destino, as\u00ed como la finalidad del tratamiento de los datos.<\/p>\n<p><span id=\"result_box\" class=\"\" lang=\"es\"><strong><span class=\"hps\">Soluci\u00f3n de Controversias<\/span> <span class=\"hps\">en materia de<\/span> <span class=\"hps\">consumo<\/span><\/strong><\/span><\/p>\n<p><span class=\"hps\">Las disputas con<\/span> <span class=\"hps\">las compras en l\u00ednea<\/span> <span class=\"hps\">en toda la UE<\/span> <span class=\"hps\">se pueden resolver<\/span> <span class=\"hps\">f\u00e1cilmente<\/span> <span class=\"hps\">en el futuro.<\/span> <span class=\"hps\">Para ello, la<\/span> <span class=\"hps\">Directiva de la UE<\/span> <span class=\"hps\">2013\/11<\/span> <span class=\"hps\">APROBADO<\/span> <span class=\"hps\">\/ UE<\/span> <span class=\"hps\">relativa a la resoluci\u00f3n<\/span> <span class=\"hps\">alternativa de litigios<\/span> <span class=\"hps\">en materia de consumo<\/span> <span class=\"hps\">y<\/span> <span class=\"hps\">una<\/span> <span class=\"hps\">Ordenanza<\/span> <span class=\"hps atn\">correspondiente (<\/span>Art. <span class=\"hps\">14 del<\/span> <span class=\"hps\">Reglamento N\u00ba<\/span> <span class=\"hps\">524\/2013<\/span> <span class=\"hps\">ODR<\/span>).<\/p>\n<p><span class=\"hps\">La Comisi\u00f3n Europea<\/span> <span class=\"hps\">proporciona<\/span> <span class=\"hps\">una plataforma<\/span> <span class=\"hps\">para la resoluci\u00f3n<\/span> <span class=\"hps\">de litigios en l\u00ednea<\/span> <span class=\"hps atn\">(<\/span><span class=\"\">OS<\/span>). <span class=\"hps\">Usted puede encontrar la<\/span> <span class=\"hps\">plataforma bajo<\/span> <span class=\"hps\">http:\/\/ec.europa.eu\/consumers\/odr\/<\/span><\/p>\n","protected":false},"excerpt":{"rendered":"<p>Mobila Verwaltungs GmbH Annabergstr. 164 D-45721 Haltern am See Telefon: +49 2364 6142, +49 2364 965186 E-mail: info@surfbox.de Cuenta bancaria: Volksbank Suedmuensterland N.\u00ba Cuenta 125279501 C\u00f3d. Bancario 42861387 C\u00f3digo Swift GENODEM1BOB IBAN DE59428613870125279501 Gerentes con facultades de representaci\u00f3n: Dariusz Sterzel, Monika Sterzel Juzgado de Registro: Juzgado de Primera Instancia de Gelsenkirchen N.\u00ba de registro: HRB5976&hellip;<\/p>\n","protected":false},"author":1,"featured_media":0,"parent":0,"menu_order":240,"comment_status":"closed","ping_status":"closed","template":"","meta":[],"yoast_head":"<!-- This site is optimized with the Yoast SEO plugin v17.9 - https:\/\/yoast.com\/wordpress\/plugins\/seo\/ -->\n<title>Aviso legal - ba\u00fal de techo hecha de GRP por Mobila<\/title>\n<meta name=\"description\" content=\"Mobila Verwaltungs GmbH Annabergstr. 164 D-45721 Haltern am See Telefon: +49 2364 6142, +49 2364 965186 E-mail: info@surfbox.de Cuenta bancaria: Volksbank\" \/>\n<meta name=\"robots\" content=\"index, follow, max-snippet:-1, max-image-preview:large, max-video-preview:-1\" \/>\n<link rel=\"canonical\" href=\"https:\/\/surfbox.de\/es\/pie-de-imprenta\/\" \/>\n<meta property=\"og:locale\" content=\"es_ES\" \/>\n<meta property=\"og:type\" content=\"article\" \/>\n<meta property=\"og:title\" content=\"Aviso legal - ba\u00fal de techo hecha de GRP por Mobila\" \/>\n<meta property=\"og:description\" content=\"Mobila Verwaltungs GmbH Annabergstr. 164 D-45721 Haltern am See Telefon: +49 2364 6142, +49 2364 965186 E-mail: info@surfbox.de Cuenta bancaria: Volksbank\" \/>\n<meta property=\"og:url\" content=\"https:\/\/surfbox.de\/es\/pie-de-imprenta\/\" \/>\n<meta property=\"og:site_name\" content=\"ba\u00fal de techo hecha de GRP por Mobila\" \/>\n<meta property=\"article:modified_time\" content=\"2025-09-03T09:25:19+00:00\" \/>\n<meta name=\"twitter:label1\" content=\"Tiempo de lectura\" \/>\n\t<meta name=\"twitter:data1\" content=\"8 minutos\" \/>\n<script type=\"application\/ld+json\" class=\"yoast-schema-graph\">{\"@context\":\"https:\/\/schema.org\",\"@graph\":[{\"@type\":\"WebSite\",\"@id\":\"https:\/\/surfbox.de\/#website\",\"url\":\"https:\/\/surfbox.de\/\",\"name\":\"ba\\u00fal de techo hecha de GRP por Mobila\",\"description\":\"Mobila GmbH produces premium roof boxes skiboxes &amp; Surf boxes\",\"potentialAction\":[{\"@type\":\"SearchAction\",\"target\":{\"@type\":\"EntryPoint\",\"urlTemplate\":\"https:\/\/surfbox.de\/?s={search_term_string}\"},\"query-input\":\"required name=search_term_string\"}],\"inLanguage\":\"es\"},{\"@type\":\"WebPage\",\"@id\":\"https:\/\/surfbox.de\/es\/pie-de-imprenta\/#webpage\",\"url\":\"https:\/\/surfbox.de\/es\/pie-de-imprenta\/\",\"name\":\"Aviso legal - ba\\u00fal de techo hecha de GRP por Mobila\",\"isPartOf\":{\"@id\":\"https:\/\/surfbox.de\/#website\"},\"datePublished\":\"2014-12-09T10:41:13+00:00\",\"dateModified\":\"2025-09-03T09:25:19+00:00\",\"description\":\"Mobila Verwaltungs GmbH Annabergstr. 164 D-45721 Haltern am See Telefon: +49 2364 6142, +49 2364 965186 E-mail: info@surfbox.de Cuenta bancaria: Volksbank\",\"breadcrumb\":{\"@id\":\"https:\/\/surfbox.de\/es\/pie-de-imprenta\/#breadcrumb\"},\"inLanguage\":\"es\",\"potentialAction\":[{\"@type\":\"ReadAction\",\"target\":[\"https:\/\/surfbox.de\/es\/pie-de-imprenta\/\"]}]},{\"@type\":\"BreadcrumbList\",\"@id\":\"https:\/\/surfbox.de\/es\/pie-de-imprenta\/#breadcrumb\",\"itemListElement\":[{\"@type\":\"ListItem\",\"position\":1,\"name\":\"Home\",\"item\":\"https:\/\/surfbox.de\/es\/\"},{\"@type\":\"ListItem\",\"position\":2,\"name\":\"Aviso legal\"}]}]}<\/script>\n<!-- \/ Yoast SEO plugin. -->","yoast_head_json":{"title":"Aviso legal - ba\u00fal de techo hecha de GRP por Mobila","description":"Mobila Verwaltungs GmbH Annabergstr. 164 D-45721 Haltern am See Telefon: +49 2364 6142, +49 2364 965186 E-mail: info@surfbox.de Cuenta bancaria: Volksbank","robots":{"index":"index","follow":"follow","max-snippet":"max-snippet:-1","max-image-preview":"max-image-preview:large","max-video-preview":"max-video-preview:-1"},"canonical":"https:\/\/surfbox.de\/es\/pie-de-imprenta\/","og_locale":"es_ES","og_type":"article","og_title":"Aviso legal - ba\u00fal de techo hecha de GRP por Mobila","og_description":"Mobila Verwaltungs GmbH Annabergstr. 164 D-45721 Haltern am See Telefon: +49 2364 6142, +49 2364 965186 E-mail: info@surfbox.de Cuenta bancaria: Volksbank","og_url":"https:\/\/surfbox.de\/es\/pie-de-imprenta\/","og_site_name":"ba\u00fal de techo hecha de GRP por Mobila","article_modified_time":"2025-09-03T09:25:19+00:00","twitter_misc":{"Tiempo de lectura":"8 minutos"},"schema":{"@context":"https:\/\/schema.org","@graph":[{"@type":"WebSite","@id":"https:\/\/surfbox.de\/#website","url":"https:\/\/surfbox.de\/","name":"ba\u00fal de techo hecha de GRP por Mobila","description":"Mobila GmbH produces premium roof boxes skiboxes &amp; Surf boxes","potentialAction":[{"@type":"SearchAction","target":{"@type":"EntryPoint","urlTemplate":"https:\/\/surfbox.de\/?s={search_term_string}"},"query-input":"required name=search_term_string"}],"inLanguage":"es"},{"@type":"WebPage","@id":"https:\/\/surfbox.de\/es\/pie-de-imprenta\/#webpage","url":"https:\/\/surfbox.de\/es\/pie-de-imprenta\/","name":"Aviso legal - ba\u00fal de techo hecha de GRP por Mobila","isPartOf":{"@id":"https:\/\/surfbox.de\/#website"},"datePublished":"2014-12-09T10:41:13+00:00","dateModified":"2025-09-03T09:25:19+00:00","description":"Mobila Verwaltungs GmbH Annabergstr. 164 D-45721 Haltern am See Telefon: +49 2364 6142, +49 2364 965186 E-mail: info@surfbox.de Cuenta bancaria: Volksbank","breadcrumb":{"@id":"https:\/\/surfbox.de\/es\/pie-de-imprenta\/#breadcrumb"},"inLanguage":"es","potentialAction":[{"@type":"ReadAction","target":["https:\/\/surfbox.de\/es\/pie-de-imprenta\/"]}]},{"@type":"BreadcrumbList","@id":"https:\/\/surfbox.de\/es\/pie-de-imprenta\/#breadcrumb","itemListElement":[{"@type":"ListItem","position":1,"name":"Home","item":"https:\/\/surfbox.de\/es\/"},{"@type":"ListItem","position":2,"name":"Aviso legal"}]}]}},"_links":{"self":[{"href":"https:\/\/surfbox.de\/es\/wp-json\/wp\/v2\/pages\/22364"}],"collection":[{"href":"https:\/\/surfbox.de\/es\/wp-json\/wp\/v2\/pages"}],"about":[{"href":"https:\/\/surfbox.de\/es\/wp-json\/wp\/v2\/types\/page"}],"author":[{"embeddable":true,"href":"https:\/\/surfbox.de\/es\/wp-json\/wp\/v2\/users\/1"}],"replies":[{"embeddable":true,"href":"https:\/\/surfbox.de\/es\/wp-json\/wp\/v2\/comments?post=22364"}],"version-history":[{"count":4,"href":"https:\/\/surfbox.de\/es\/wp-json\/wp\/v2\/pages\/22364\/revisions"}],"predecessor-version":[{"id":88857,"href":"https:\/\/surfbox.de\/es\/wp-json\/wp\/v2\/pages\/22364\/revisions\/88857"}],"wp:attachment":[{"href":"https:\/\/surfbox.de\/es\/wp-json\/wp\/v2\/media?parent=22364"}],"curies":[{"name":"wp","href":"https:\/\/api.w.org\/{rel}","templated":true}]}}