
{"id":22376,"date":"2014-12-09T11:41:08","date_gmt":"2014-12-09T10:41:08","guid":{"rendered":"https:\/\/surfbox.de\/?page_id=12376"},"modified":"2014-12-09T11:41:08","modified_gmt":"2014-12-09T10:41:08","slug":"declaracion-de-proteccion-de-datos","status":"publish","type":"page","link":"https:\/\/surfbox.de\/es\/declaracion-de-proteccion-de-datos\/","title":{"rendered":"Declaraci\u00f3n de protecci\u00f3n de datos"},"content":{"rendered":"<div id=\"OutputText\" class=\"Wrap\" style=\"direction: ltr; text-align: left;\" tabindex=\"99999\">\n<div>\n<div id=\"OutputText\" class=\"Wrap\" style=\"direction: ltr; text-align: left;\" tabindex=\"99999\">\n<div>\n<div id=\"OutputText\" class=\"Wrap\" style=\"direction: ltr; text-align: left;\" tabindex=\"99999\">\n<div>\n<div id=\"OutputText\" class=\"Wrap\" style=\"direction: ltr; text-align: left;\" tabindex=\"99999\">\n<div>\n<div id=\"OutputText\" class=\"Wrap\" style=\"direction: ltr; text-align: left;\" tabindex=\"99999\">\n<div><span id=\"noHighlight_0.06682817254785678\">Esta declaraci\u00f3n de Privacidad explica a operado por Mobila Verwaltungs GmbH, Anne monta\u00f1a Str. 164, D-45721 Haltern am See (en adelante el \u00abproveedor\u00bb) como una privacidad-legalmente responsable sobre el tipo, alcance y finalidad de la recogida y uso de datos de los visitantes y usuarios (en adelante colectivamente denominados \u00abUsuarios\u00bb) por surfbox.de y www.box2000.com&#8230;<\/span><\/div>\n<div><span id=\"noHighlight_0.4619839165463263\">Para preguntas con respecto a la privacidad en contacto con nosotros en d\u00edas laborables de [9:00]-[18:00] bajo el n\u00famero de tel\u00e9fono + 49 2364 6142 o por correo electr\u00f3nico a info@box2000.com.<\/span><\/div>\n<div><\/div>\n<h2><span id=\"noHighlight_0.7235386849667502\">Recogida de datos personales<\/span><\/h2>\n<div><span id=\"noHighlight_0.32315352042722567\">Datos de car\u00e1cter personal est\u00e1n informaci\u00f3n que lo identifica. Este oto\u00f1o como informaci\u00f3n como nombre, direcci\u00f3n, n\u00famero de tel\u00e9fono, direcci\u00f3n de correo electr\u00f3nico. No es necesario que tengas que revelar informaci\u00f3n personal identificable para el uso de nuestro sitio Web. En algunos casos, sin embargo, necesitamos su nombre y su direcci\u00f3n y otra informaci\u00f3n que podemos proporcionar el servicio deseado y servicios.<\/span><\/div>\n<div><span id=\"noHighlight_0.4857566329495413\">Uso de datos personales<\/span><\/div>\n<div><span id=\"noHighlight_0.066790304169974\">En General, utilizamos los datos personales facilitados por usted a<\/span><\/div>\n<div><span id=\"noHighlight_0.04103668164628371\">\u2022 Para responder a sus consultas,<\/span><\/div>\n<div><span id=\"noHighlight_0.6848192927217955\">\u2022 Para procesar sus pedidos<\/span><\/div>\n<div><\/div>\n<h2><span id=\"noHighlight_0.3298590845391475\">Almacenamiento de datos<\/span><\/h2>\n<div><span id=\"noHighlight_0.5515958330248697\">Almacenamos datos s\u00f3lo tan larga como es contractual o legalmente vinculante necesario. Despu\u00e9s de este per\u00edodo, los datos son &#8216; eliminado y ya no puede ser asociado con su persona en la conexi\u00f3n.<\/span><\/div>\n<div><span id=\"noHighlight_0.1955295019881521\">Mantenimiento y actualizaci\u00f3n de datos personales<\/span><\/div>\n<div><span id=\"noHighlight_0.7508843387057791\">Estamos comprometidos a mantener su informaci\u00f3n personal y mantener al d\u00eda. S\u00f3lo con su ayuda, inform\u00e1ndonos de los cambios en sus datos personales o sus datos s\u00ed mismo podemos mantener esto actualizado. Env\u00edenos un correo electr\u00f3nico a info@box2000.com para hacerlo en cualquier momento.<\/span><\/div>\n<\/div>\n<\/div>\n<div><\/div>\n<h2><span id=\"noHighlight_0.8365371115536024\">Seguridad<\/span><\/h2>\n<div><span id=\"noHighlight_0.568236427543568\">Hemos adoptado t\u00e9cnicas y medidas de seguridad organizativa sus datos personales de p\u00e9rdida, destrucci\u00f3n, manipulaci\u00f3n y acceso no autorizado. Todos nuestros empleados y terceras partes implicadas en el procesamiento de los datos son necesarios en la Ley Federal de protecci\u00f3n de datos y la confidencialidad de los datos personales.<\/span><\/div>\n<div><span id=\"noHighlight_0.4417067697124938\">En el caso de la colecci\u00f3n y procesamiento de datos de car\u00e1cter personal, se transmite la informaci\u00f3n en forma codificada para evitar un uso indebido de los datos por parte de terceros.<\/span><\/div>\n<div><\/div>\n<h2><span id=\"noHighlight_0.8829264148254671\">Colecci\u00f3n de datos de acceso<\/span><\/h2>\n<div><span id=\"noHighlight_0.9203320870036145\">El proveedor recopila datos sobre todos los accesos al servicio en l\u00ednea (archivos de registro de servidor llamado). El nombre de datos de acceso entre la P\u00e1gina Web obtenido, archivo, fecha y hora de la recuperaci\u00f3n, la cantidad de datos, mensaje sobre recuperaci\u00f3n exitosa, tipo de navegador y versi\u00f3n, el sistema operativo del usuario, direcci\u00f3n IP, referrer URL (la p\u00e1gina visitada anteriormente) y el proveedor solicitando.<\/span><\/div>\n<div><span id=\"noHighlight_0.10548941760219599\">El proveedor utiliza los datos de registro sin asignaci\u00f3n a la persona del usuario oder de otros perfiles seg\u00fan las disposiciones legales solamente para el an\u00e1lisis estad\u00edstico con el fin de la operaci\u00f3n, la seguridad y la optimizaci\u00f3n de la P\u00e1gina Web. El proveedor no obstante reserva el derecho de revisar los datos de registro, si sobre la base de pruebas concretas de la leg\u00edtima sospecha de uso ilegal.<\/span><\/div>\n<div><\/div>\n<h2><span id=\"noHighlight_0.033376333464490315\">Recopilaci\u00f3n y uso de datos personales<\/span><\/h2>\n<div><span id=\"noHighlight_0.0955444641900215\">Datos personales s\u00f3lo son recogidos por el proveedor y utilizados, si est\u00e1 permitido por la ley o los usuarios su consentimiento para la recopilaci\u00f3n de datos. Generalmente, es visible para los usuarios en el uso del servicio qu\u00e9 datos se almacenan, como nombre, direcci\u00f3n de correo electr\u00f3nico y mensaje cuando se usa el formulario de pedido.<\/span><\/div>\n<div><span id=\"noHighlight_0.41861035444714045\">Se utilizan los datos personales con el prop\u00f3sito de pedir mercanc\u00edas (tales como nombre, direcci\u00f3n, direcci\u00f3n, datos de pago por correo electr\u00f3nico) por parte del vendedor para el cumplimiento y la finalizaci\u00f3n del contrato. Estos datos son confidenciales, cifrado y no le dieron a terceros, que no est\u00e1n involucrados en el pedido, entrega y pago.<\/span><\/div>\n<div><span id=\"noHighlight_0.9985459743489824\">Cuando usted en contacto con el proveedor (a trav\u00e9s del formulario de contacto o correo electr\u00f3nico) la informaci\u00f3n del usuario con el fin de procesar la petici\u00f3n, como as\u00ed como en el caso que el seguimiento se plantean cuestiones, se almacena.<\/span><\/div>\n<div><span id=\"noHighlight_0.018750953876703114\">El proveedor ha tomado medidas de seguridad organizativas, contractuales y t\u00e9cnicos para garantizar los reglamentos de las leyes de protecci\u00f3n de datos y evitar la manipulaci\u00f3n accidental o intencional, p\u00e9rdida, destrucci\u00f3n o acceso de personas no autorizadas.<\/span><\/div>\n<\/div>\n<\/div>\n<div><\/div>\n<h2><span id=\"noHighlight_0.28094432568207794\">Env\u00edo de datos a terceros<\/span><\/h2>\n<div><span id=\"noHighlight_0.15157307613653626\">Los datos de los usuarios son redirigidos s\u00f3lo a terceros, si esto est\u00e1 permitido por la ley o un usuario ha accedido a la expedici\u00f3n.<\/span><\/div>\n<div><span id=\"noHighlight_0.3063646953160155\">\u00c9ste es el caso si el reenv\u00edo del cumplimiento de las obligaciones contractuales a los datos del usuario se utiliza y se pasa la direcci\u00f3n postal despu\u00e9s de una orden de la tienda a una compa\u00f1\u00eda de env\u00edo. O si los datos es solicitados por las autoridades competentes tales como encargados de la ley.<\/span><\/div>\n<div><span id=\"noHighlight_0.7716670733815822\">Los datos personales del usuario no son vendidos a terceros con fines publicitarios o con el prop\u00f3sito de crear perfiles de usuario o redirigidos.<\/span><\/div>\n<div><\/div>\n<h2><span id=\"noHighlight_0.4547094843164273\">\u00abCookies\u00bb<\/span><\/h2>\n<div><span id=\"noHighlight_0.6993930099236945\">El proveedor se utiliza como parte de su oferta en l\u00ednea \u00abCookies\u00bb. Las cookies son peque\u00f1os archivos que se almacenan en el ordenador del usuario y pueden almacenar informaci\u00f3n para los proveedores. Las cookies temporales se borran despu\u00e9s de cerrar el navegador, y cookies persistentes se mantienen durante un per\u00edodo determinado y pueden proporcionar la informaci\u00f3n almacenada en la nueva convocatoria de la oferta en l\u00ednea.<\/span><\/div>\n<div><span id=\"noHighlight_0.4849283526196324\">Las cookies se utilizan en el para facilitar el uso del servicio. Entonces, una cookie almacena estado carrito compras de un usuario.<\/span><\/div>\n<div><span id=\"noHighlight_0.2333831993181974\">El usuario puede tener impacto en el uso de \u00abcookies\u00bb. Mayor\u00eda de los navegadores tiene la opci\u00f3n de guardar las cookies est\u00e1 restringido o previene totalmente. Proveedor busca oferta online para hacer que el uso de \u00abcookies\u00bb no es necesario. Pero se ha se\u00f1alado, para restringir el uso y especialmente la facilidad de uso sin cookies.<\/span><\/div>\n<div><\/div>\n<h2><span id=\"noHighlight_0.4836189920253403\">Boletines de correo electr\u00f3nico env\u00edo de informaci\u00f3n<\/span><\/h2>\n<div><span id=\"noHighlight_0.8843811144891915\">Solamente con el consentimiento expreso del usuario se env\u00edan correos electr\u00f3nicos con informaci\u00f3n promocional del proveedor y sus servicios. Los usuarios pueden negarse a recibir la newsletter en cualquier momento. Una objeci\u00f3n entre otros encontrados en cada correo electr\u00f3nico.<\/span><\/div>\n<div><span id=\"noHighlight_0.6297518995124195\">Antes el env\u00edo del bolet\u00edn una confirmaci\u00f3n correo electr\u00f3nico es el soporte para correo electr\u00f3nico, en el cual debe confirmar la suscripci\u00f3n. Las reservas no confirmadas se eliminar\u00e1 autom\u00e1ticamente a m\u00e1s tardar dentro de cuatro semanas.<\/span><\/div>\n<div><span id=\"noHighlight_0.06769342932577771\">Publicidad informaci\u00f3n no incluye los mensajes en el contexto de la relaci\u00f3n contractual con el usuario. Esto incluye el env\u00edo de informaci\u00f3n t\u00e9cnica, informaci\u00f3n sobre pagos, cuestiones relativas a las \u00f3rdenes y mensajes similares.<\/span><\/div>\n<div><span id=\"noHighlight_0.35953481909640594\">Posteriormente, los usuarios pueden aplicar para la descarga de la lista de notificaci\u00f3n por correo electr\u00f3nico la informaci\u00f3n de contacto anterior.<\/span><\/div>\n<div><span id=\"noHighlight_0.7481652492105725\">En el contexto del registro, el proveedor almacena el registro y el tiempo de confirmaci\u00f3n y la direcci\u00f3n IP del usuario. El proveedor est\u00e1 obligado legalmente a iniciar aplicaciones, con el fin de probar un registro adecuado.<\/span><\/div>\n<\/div>\n<\/div>\n<div><\/div>\n<h2><span id=\"noHighlight_0.08848478034425589\">Google Analytics<\/span><\/h2>\n<div><span id=\"noHighlight_0.6787729749760008\">El proveedor utiliza Google Analytics, un servicio anal\u00edtico de Web de Google Inc. (\u00abGoogle\u00bb). Google Analytics utiliza llamadas \u00abcookies\u00bb, archivos de texto que se almacenan en la computadora de los usuarios y habilitar el an\u00e1lisis de su uso del sitio Web. La informaci\u00f3n que genera la cookie acerca del uso de este sitio web por el usuario generalmente son transmitidos a un servidor de Google en Estados Unidos y guardarlos ah\u00ed.<\/span><\/div>\n<div><span id=\"noHighlight_0.6613516591291111\">En caso de activaci\u00f3n del anonymization IP en este sitio Web, la direcci\u00f3n IP de los usuarios de Google cortar\u00e1 dentro de los Estados miembros de la Uni\u00f3n Europea o en otros Estados partes en el acuerdo sobre el espacio econ\u00f3mico europeo. Solamente en casos excepcionales, la direcci\u00f3n IP completa a un servidor de Google en Estados Unidos es transferida y corta ah\u00ed. El anonymization IP est\u00e1 activo en este sitio. En nombre de la operadora de este sitio web, Google utilizar\u00e1 esta informaci\u00f3n para evaluar el uso del sitio web por el usuario, para compilar informes sobre las actividades del sitio web y ofrecer servicios relacionados con la actividad del sitio y el uso de Internet para los operadores del sitio Web.<\/span><\/div>\n<div><span id=\"noHighlight_0.1299358875046709\">No se fusion\u00f3 en direcci\u00f3n IP enviado como parte de Google Analytics desde tu navegador con otros datos de Google. El usuario podr\u00e1 impedir el almacenamiento de cookies ajustando su software de navegaci\u00f3n; El proveedor, el usuario indica sin embargo, que se puede utilizar plenamente, cuando proceda, no todas las funciones de este sitio web en este caso. Los usuarios pueden prevenir tambi\u00e9n la generada por la cookie y prop\u00f3sitos relaci\u00f3n con su uso del sitio (incluyendo su direcci\u00f3n IP en Google), as\u00ed como el procesamiento de estos datos por Google por descargar el plug-in de navegador disponible en el siguiente enlace e instalar: https:\/\/tools.google.com\/dlpage\/gaoptout?hl=de.<\/span><\/div>\n<p><span id=\"noHighlight_0.19132185728669737\"><\/span><\/div>\n<h2 class=\"Wrap\" style=\"direction: ltr; text-align: left;\" tabindex=\"99999\"><span id=\"noHighlight_0.19132185728669737\">Uso de plugins sociales de Facebook<\/span><\/h2>\n<div class=\"Wrap\" style=\"direction: ltr; text-align: left;\" tabindex=\"99999\">\n<div><span id=\"noHighlight_0.23880813406371004\">En esta oferta online social plug-in (\u00abplug-ins\u00bb) de la red social facebook.com Facebook Inc. utiliza, 1601 S. California Ave, Palo Alto, CA 94304, Estados Unidos operado (\u00abFacebook\u00bb). Los plug-ins son visibles de la insignia de Facebook (blanca sobre un fondo azul \u00abf\u00bb o un signo \u00abpulgares arriba\u00bb) o que est\u00e1n marcados con la frase \u00abPlugin Social de Facebook\u00bb. La lista y el aspecto de la Facebook social plugins puede verse aqu\u00ed: https:\/\/developers.facebook.com\/docs\/plugins\/.<\/span><\/div>\n<div><span id=\"noHighlight_0.07483664451397809\">Si un usuario visita una p\u00e1gina Web de este sitio web, que contiene un plugin de tal, construye su navegador para conectarse directamente con los servidores de Facebook. El contenido del plugin es entregado por Facebook directamente en el navegador del usuario e incrustado en la P\u00e1gina Web desde el navegador. El proveedor no tiene ning\u00fan efecto sobre la cantidad de datos por lo tanto, el uso de este plugin de Facebook recolecta e informa a los usuarios por lo tanto seg\u00fan su nivel de conocimiento: integrando el plugin Facebook recibe la informaci\u00f3n que un usuario ha pedido a la p\u00e1gina correspondiente del sitio Web. Est\u00e1 conectado el usuario de Facebook, Facebook puede asignar a visitar a su cuenta de Facebook. Si un usuario con los plugins de interactuar, por ejemplo el bot\u00f3n como o deja un comentario, la informaci\u00f3n relevante desde tu navegador directamente en Facebook es entregada y almacenada all\u00ed. Si un usuario no es miembro de Facebook, el Facebook su direcci\u00f3n IP en experiencia brinda y almacena posibilidad de todos modos. Seg\u00fan Facebook, se almacena s\u00f3lo una direcci\u00f3n IP an\u00f3nima en Alemania.<\/span><\/div>\n<div><span id=\"noHighlight_0.26086579103216756\">Prop\u00f3sito y alcance de recopilaci\u00f3n de datos y posterior procesamiento y uso de datos de Facebook y los derechos y las opciones para proteger la privacidad de los usuarios, la privacidad de Facebook puede eliminarlos: https:\/\/www.facebook.com\/about\/privacy\/.<\/span><\/div>\n<div><span id=\"noHighlight_0.558605371185809\">Si un usuario de Facebook y no quiero Facebook v\u00eda esta en l\u00ednea ofrecen a recopilar datos sobre \u00e9l y vinculada a los datos almacenados en Facebook sus miembros, debe cerrar la sesi\u00f3n antes de la visita de la p\u00e1gina web en Facebook y borrar las cookies de Facebook correspondientes. Tambi\u00e9n es posible bloquear plugins sociales de Facebook, por ejemplo con el \u00abbloqueador de Facebook\u00bb con complementos para tu navegador.<\/span><\/div>\n<\/div>\n<\/div>\n<div><\/div>\n<h2><span id=\"noHighlight_0.5164948591755399\">1 bot\u00f3n de Google +<\/span><\/h2>\n<div><span id=\"noHighlight_0.1541151588815407\">Esta oferta en l\u00ednea de lo social de la red Google + botones sirven (E.g. bot\u00f3n \u00ab+ 1\u00bb), que por la monta\u00f1a de Google Inc., 1600 Amphitheatre Parkway, view, CA 94043, Estados Unidos (\u00abGoogle\u00bb) funcionado. Si un usuario visita una p\u00e1gina Web de este sitio web, que contiene un bot\u00f3n, el navegador conecta directamente con los servidores de Google. El contenido de los botones es entregado por Google directamente a su navegador e incrustado en la P\u00e1gina Web de esto. El proveedor por lo tanto no tiene ning\u00fan efecto sobre la cantidad de datos, recoge los botones de Google.<\/span><\/div>\n<div><span id=\"noHighlight_0.4254081151380281\">Seg\u00fan Google, no se recoge ning\u00fan dato personal sin un clic en el bot\u00f3n. S\u00f3lo para miembros registrados de Google +, dicha informaci\u00f3n, incluida la direcci\u00f3n IP, ser\u00e1n recolectados y procesados. Prop\u00f3sito y alcance de la recopilaci\u00f3n de datos y el posterior procesamiento y uso de datos por Google, as\u00ed como los derechos y las opciones del usuario para proteger su privacidad pueden notas de privacidad de Google el \u00ab+ 1\u2033 bot\u00f3n Eliminar: https:\/\/www.google.com\/intl\/de\/+\/policy\/+1button.html y el FAQ: https:\/\/bit.ly\/r3Qmer.\u00bb Si a los usuarios de Google + es un miembro y no quiero que Google acerca de este sitio web recoge datos sobre \u00e9l y vinculado a los datos miembro en Google, el usuario necesita antes de su visita este sitio web en Google plus desconectarse y eliminar las cookies asociadas de Google dentro del navegador.<\/span><\/div>\n<div><\/div>\n<h2><span id=\"noHighlight_0.29618072465582457\">Utilice los botones de Twitter<\/span><\/h2>\n<div><span id=\"noHighlight_0.4857257284585663\">El servicio de botones de Twitter sobre esta oferta en l\u00ednea. Estos botones (E.g. \u00abTweet\u00bb o \u00abConsecuencias\u00bb) son ofrecidos por el Twitter Inc. 795 Folsom St., Suite 600, San Francisco, CA 94107, Estados Unidos.<\/span><\/div>\n<div><span id=\"noHighlight_0.930058228683328\">Si un usuario visita una p\u00e1gina Web de este sitio web, que contiene un bot\u00f3n, construye su navegador para conectarse directamente con los servidores de Twitter. El contenido de los botones de Twitter es entregado por Twitter directamente en el navegador del usuario. El proveedor no tiene ning\u00fan efecto sobre la cantidad de datos por lo tanto, el Twitter usando este plugin recoge e informa a los usuarios seg\u00fan su nivel de conocimiento. Despu\u00e9s de esto, s\u00f3lo la direcci\u00f3n IP del usuario env\u00eda la direcci\u00f3n URL de la Web p\u00e1gina cuando el bot\u00f3n, pero no utilizar para otros fines, como la apariencia del bot\u00f3n. M\u00e1s informaci\u00f3n, vea https:\/\/twitter.com\/privacy en la declaraci\u00f3n de protecci\u00f3n de datos de Twitter.<\/span><\/div>\n<div><\/div>\n<h2><span id=\"noHighlight_0.924920417634259\">Cancelaci\u00f3n, cambios, correcciones y actualizaciones<\/span><\/h2>\n<div><span id=\"noHighlight_0.299665083939604\">El usuario tiene derecho a recibir informaci\u00f3n sobre los datos personales almacenados por el proveedor de \u00e9l a petici\u00f3n de forma gratuita. Informaci\u00f3n de contacto puede encontrarse en la huella del proveedor.<\/span><\/div>\n<div><span id=\"noHighlight_0.7905461766118852\">Adem\u00e1s, el usuario tiene el derecho de rectificaci\u00f3n de datos incorrectos, bloqueo y cancelaci\u00f3n de sus datos personales, en cuanto no retenci\u00f3n legal es contrario.<\/span><\/div>\n<div><span id=\"noHighlight_0.2629960753315089\">Realizar cambios en la declaraci\u00f3n de privacidad<\/span><\/div>\n<div><span id=\"noHighlight_0.8046969925419888\">El prestador reserva el derecho a modificar la pol\u00edtica de privacidad para adaptarlas a la legislaci\u00f3n cambiante o cambios de servicio, as\u00ed como el procesamiento de datos.<\/span><\/div>\n<\/div>\n","protected":false},"excerpt":{"rendered":"<p>Esta declaraci\u00f3n de Privacidad explica a operado por Mobila Verwaltungs GmbH, Anne monta\u00f1a Str. 164, D-45721 Haltern am See (en adelante el \u00abproveedor\u00bb) como una privacidad-legalmente responsable sobre el tipo, alcance y finalidad de la recogida y uso de datos de los visitantes y usuarios (en adelante colectivamente denominados \u00abUsuarios\u00bb) por surfbox.de y www.box2000.com&#8230; Para&hellip;<\/p>\n","protected":false},"author":1,"featured_media":0,"parent":0,"menu_order":233,"comment_status":"closed","ping_status":"closed","template":"","meta":[],"yoast_head":"<!-- This site is optimized with the Yoast SEO plugin v17.9 - https:\/\/yoast.com\/wordpress\/plugins\/seo\/ -->\n<title>Declaraci\u00f3n de protecci\u00f3n de datos - ba\u00fal de techo hecha de GRP por Mobila<\/title>\n<meta name=\"description\" content=\"Esta declaraci\u00f3n de Privacidad explica a operado por Mobila Verwaltungs GmbH, Anne monta\u00f1a Str. 164, D-45721 Haltern am See (en adelante el &quot;proveedor&quot;)\" \/>\n<meta name=\"robots\" content=\"noindex, nofollow\" \/>\n<meta property=\"og:locale\" content=\"es_ES\" \/>\n<meta property=\"og:type\" content=\"article\" \/>\n<meta property=\"og:title\" content=\"Declaraci\u00f3n de protecci\u00f3n de datos - ba\u00fal de techo hecha de GRP por Mobila\" \/>\n<meta property=\"og:description\" content=\"Esta declaraci\u00f3n de Privacidad explica a operado por Mobila Verwaltungs GmbH, Anne monta\u00f1a Str. 164, D-45721 Haltern am See (en adelante el &quot;proveedor&quot;)\" \/>\n<meta property=\"og:url\" content=\"https:\/\/surfbox.de\/es\/declaracion-de-proteccion-de-datos\/\" \/>\n<meta property=\"og:site_name\" content=\"ba\u00fal de techo hecha de GRP por Mobila\" \/>\n<meta name=\"twitter:label1\" content=\"Tiempo de lectura\" \/>\n\t<meta name=\"twitter:data1\" content=\"12 minutos\" \/>\n<script type=\"application\/ld+json\" class=\"yoast-schema-graph\">{\"@context\":\"https:\/\/schema.org\",\"@graph\":[{\"@type\":\"WebSite\",\"@id\":\"https:\/\/surfbox.de\/#website\",\"url\":\"https:\/\/surfbox.de\/\",\"name\":\"ba\\u00fal de techo hecha de GRP por Mobila\",\"description\":\"Mobila GmbH produces premium roof boxes skiboxes &amp; Surf boxes\",\"potentialAction\":[{\"@type\":\"SearchAction\",\"target\":{\"@type\":\"EntryPoint\",\"urlTemplate\":\"https:\/\/surfbox.de\/?s={search_term_string}\"},\"query-input\":\"required name=search_term_string\"}],\"inLanguage\":\"es\"},{\"@type\":\"WebPage\",\"@id\":\"https:\/\/surfbox.de\/es\/declaracion-de-proteccion-de-datos\/#webpage\",\"url\":\"https:\/\/surfbox.de\/es\/declaracion-de-proteccion-de-datos\/\",\"name\":\"Declaraci\\u00f3n de protecci\\u00f3n de datos - ba\\u00fal de techo hecha de GRP por Mobila\",\"isPartOf\":{\"@id\":\"https:\/\/surfbox.de\/#website\"},\"datePublished\":\"2014-12-09T10:41:08+00:00\",\"dateModified\":\"2014-12-09T10:41:08+00:00\",\"description\":\"Esta declaraci\\u00f3n de Privacidad explica a operado por Mobila Verwaltungs GmbH, Anne monta\\u00f1a Str. 164, D-45721 Haltern am See (en adelante el \\\"proveedor\\\")\",\"breadcrumb\":{\"@id\":\"https:\/\/surfbox.de\/es\/declaracion-de-proteccion-de-datos\/#breadcrumb\"},\"inLanguage\":\"es\",\"potentialAction\":[{\"@type\":\"ReadAction\",\"target\":[\"https:\/\/surfbox.de\/es\/declaracion-de-proteccion-de-datos\/\"]}]},{\"@type\":\"BreadcrumbList\",\"@id\":\"https:\/\/surfbox.de\/es\/declaracion-de-proteccion-de-datos\/#breadcrumb\",\"itemListElement\":[{\"@type\":\"ListItem\",\"position\":1,\"name\":\"Home\",\"item\":\"https:\/\/surfbox.de\/es\/\"},{\"@type\":\"ListItem\",\"position\":2,\"name\":\"Declaraci\\u00f3n de protecci\\u00f3n de datos\"}]}]}<\/script>\n<!-- \/ Yoast SEO plugin. -->","yoast_head_json":{"title":"Declaraci\u00f3n de protecci\u00f3n de datos - ba\u00fal de techo hecha de GRP por Mobila","description":"Esta declaraci\u00f3n de Privacidad explica a operado por Mobila Verwaltungs GmbH, Anne monta\u00f1a Str. 164, D-45721 Haltern am See (en adelante el \"proveedor\")","robots":{"index":"noindex","follow":"nofollow"},"og_locale":"es_ES","og_type":"article","og_title":"Declaraci\u00f3n de protecci\u00f3n de datos - ba\u00fal de techo hecha de GRP por Mobila","og_description":"Esta declaraci\u00f3n de Privacidad explica a operado por Mobila Verwaltungs GmbH, Anne monta\u00f1a Str. 164, D-45721 Haltern am See (en adelante el \"proveedor\")","og_url":"https:\/\/surfbox.de\/es\/declaracion-de-proteccion-de-datos\/","og_site_name":"ba\u00fal de techo hecha de GRP por Mobila","twitter_misc":{"Tiempo de lectura":"12 minutos"},"schema":{"@context":"https:\/\/schema.org","@graph":[{"@type":"WebSite","@id":"https:\/\/surfbox.de\/#website","url":"https:\/\/surfbox.de\/","name":"ba\u00fal de techo hecha de GRP por Mobila","description":"Mobila GmbH produces premium roof boxes skiboxes &amp; Surf boxes","potentialAction":[{"@type":"SearchAction","target":{"@type":"EntryPoint","urlTemplate":"https:\/\/surfbox.de\/?s={search_term_string}"},"query-input":"required name=search_term_string"}],"inLanguage":"es"},{"@type":"WebPage","@id":"https:\/\/surfbox.de\/es\/declaracion-de-proteccion-de-datos\/#webpage","url":"https:\/\/surfbox.de\/es\/declaracion-de-proteccion-de-datos\/","name":"Declaraci\u00f3n de protecci\u00f3n de datos - ba\u00fal de techo hecha de GRP por Mobila","isPartOf":{"@id":"https:\/\/surfbox.de\/#website"},"datePublished":"2014-12-09T10:41:08+00:00","dateModified":"2014-12-09T10:41:08+00:00","description":"Esta declaraci\u00f3n de Privacidad explica a operado por Mobila Verwaltungs GmbH, Anne monta\u00f1a Str. 164, D-45721 Haltern am See (en adelante el \"proveedor\")","breadcrumb":{"@id":"https:\/\/surfbox.de\/es\/declaracion-de-proteccion-de-datos\/#breadcrumb"},"inLanguage":"es","potentialAction":[{"@type":"ReadAction","target":["https:\/\/surfbox.de\/es\/declaracion-de-proteccion-de-datos\/"]}]},{"@type":"BreadcrumbList","@id":"https:\/\/surfbox.de\/es\/declaracion-de-proteccion-de-datos\/#breadcrumb","itemListElement":[{"@type":"ListItem","position":1,"name":"Home","item":"https:\/\/surfbox.de\/es\/"},{"@type":"ListItem","position":2,"name":"Declaraci\u00f3n de protecci\u00f3n de datos"}]}]}},"_links":{"self":[{"href":"https:\/\/surfbox.de\/es\/wp-json\/wp\/v2\/pages\/22376"}],"collection":[{"href":"https:\/\/surfbox.de\/es\/wp-json\/wp\/v2\/pages"}],"about":[{"href":"https:\/\/surfbox.de\/es\/wp-json\/wp\/v2\/types\/page"}],"author":[{"embeddable":true,"href":"https:\/\/surfbox.de\/es\/wp-json\/wp\/v2\/users\/1"}],"replies":[{"embeddable":true,"href":"https:\/\/surfbox.de\/es\/wp-json\/wp\/v2\/comments?post=22376"}],"version-history":[{"count":0,"href":"https:\/\/surfbox.de\/es\/wp-json\/wp\/v2\/pages\/22376\/revisions"}],"wp:attachment":[{"href":"https:\/\/surfbox.de\/es\/wp-json\/wp\/v2\/media?parent=22376"}],"curies":[{"name":"wp","href":"https:\/\/api.w.org\/{rel}","templated":true}]}}