
{"id":22398,"date":"2014-12-09T11:41:08","date_gmt":"2014-12-09T10:41:08","guid":{"rendered":"https:\/\/surfbox.de\/?page_id=12398"},"modified":"2016-03-01T13:54:40","modified_gmt":"2016-03-01T12:54:40","slug":"posible-pedido-o-recoleccion","status":"publish","type":"page","link":"https:\/\/surfbox.de\/es\/posible-pedido-o-recoleccion\/","title":{"rendered":"Proceso de pedidos o recogida en persona es posible"},"content":{"rendered":"<p><strong><em>1. Cesta de la compra<\/em><\/strong><\/p>\n<p>Seleccione los productos que desea encargar haciendo clic en el bot\u00f3n \u00abA\u00f1adir a la cesta\u00bb. De esta manera, la selecci\u00f3n\u00a0se a\u00f1ade a su cesta. Puede modificar su selecci\u00f3n en cualquier momento hasta el momento del env\u00edo del pedido, pudiendo cambiar\u00a0el n\u00famero de productos, eliminar productos mediante el bot\u00f3n \u00abEliminar\u00bb o cancelar el proceso de pedido. Al hacer clic en el bot\u00f3n \u00abPagar\u00bb acceder\u00e1 al siguiente paso del pedido.<\/p>\n<p><em><strong>2. Caja<\/strong><\/em><\/p>\n<p>Por favor, reg\u00edstrarse como\u00a0nuevo cliente. Sus datos se recogen, se procesan y se utilizan de acuerdo con la normativa de protecci\u00f3n de datos (pol\u00edtica de privacidad). No se les dar\u00e1 ning\u00fan otro uso ni se\u00a0divulgar\u00e1n a terceros. Si ya\u00a0se ha registrado, puede seleccionar el m\u00e9todo de env\u00edo. Al hacer clic en el bot\u00f3n \u00abSiguiente\u00bb acceder\u00e1 al siguiente paso del pedido.<\/p>\n<p><em><strong>3. Compruebe la direcci\u00f3n de facturaci\u00f3n\/Seleccione el modo de pago<\/strong><\/em><\/p>\n<p>Compruebe su direcci\u00f3n de facturaci\u00f3n e introduzca el modo de pago deseado. Al hacer clic en el bot\u00f3n \u00abSiguiente\u00bb acceder\u00e1 al siguiente paso del pedido.<\/p>\n<p><strong><em>4. Verificar direcci\u00f3n de\u00a0env\u00edo\/seleccionar m\u00e9todo de\u00a0env\u00edo<\/em><\/strong><\/p>\n<p>Compruebe ahora su direcci\u00f3n de env\u00edo e introduzca el m\u00e9todo de env\u00edo deseado. Al hacer clic en el bot\u00f3n \u00abSiguiente\u00bb acceder\u00e1 al siguiente paso del pedido.<\/p>\n<p><strong><em>5. Completar el proceso de pedido\/T\u00e9rminos y privacidad<\/em><\/strong><\/p>\n<p>Usted recibir\u00e1 un resumen de su pedido: los productos seleccionados, la direcci\u00f3n de facturaci\u00f3n y de env\u00edo y su informaci\u00f3n de contacto. Compruebe que todos los datos sean correctos y lea los t\u00e9rminos de servicio y condiciones cuidadosamente. S\u00f3lo se puede proceder con el pedido si acepta los t\u00e9rminos, condiciones y pol\u00edtica de privacidad (marcando la casilla). Al hacer clic en el en bot\u00f3n \u00abComprar\u00bb recibiremos la orden de su pedido. Especifique una oferta jur\u00eddicamente vinculante.<\/p>\n","protected":false},"excerpt":{"rendered":"<p>1. Cesta de la compra Seleccione los productos que desea encargar haciendo clic en el bot\u00f3n \u00abA\u00f1adir a la cesta\u00bb. De esta manera, la selecci\u00f3n\u00a0se a\u00f1ade a su cesta. Puede modificar su selecci\u00f3n en cualquier momento hasta el momento del env\u00edo del pedido, pudiendo cambiar\u00a0el n\u00famero de productos, eliminar productos mediante el bot\u00f3n \u00abEliminar\u00bb o&hellip;<\/p>\n","protected":false},"author":1,"featured_media":0,"parent":0,"menu_order":41,"comment_status":"closed","ping_status":"closed","template":"","meta":[],"yoast_head":"<!-- This site is optimized with the Yoast SEO plugin v17.9 - https:\/\/yoast.com\/wordpress\/plugins\/seo\/ -->\n<title>Proceso de pedidos o recogida en persona es posible - ba\u00fal de techo hecha de GRP por Mobila<\/title>\n<meta name=\"description\" content=\"1. Cesta de la compra Seleccione los productos que desea encargar haciendo clic en el bot\u00f3n &quot;A\u00f1adir a la cesta&quot;. De esta manera, la selecci\u00f3n\u00a0se a\u00f1ade a\" \/>\n<meta name=\"robots\" content=\"index, follow, max-snippet:-1, max-image-preview:large, max-video-preview:-1\" \/>\n<link rel=\"canonical\" href=\"https:\/\/surfbox.de\/es\/posible-pedido-o-recoleccion\/\" \/>\n<meta property=\"og:locale\" content=\"es_ES\" \/>\n<meta property=\"og:type\" content=\"article\" \/>\n<meta property=\"og:title\" content=\"Proceso de pedidos o recogida en persona es posible - ba\u00fal de techo hecha de GRP por Mobila\" \/>\n<meta property=\"og:description\" content=\"1. Cesta de la compra Seleccione los productos que desea encargar haciendo clic en el bot\u00f3n &quot;A\u00f1adir a la cesta&quot;. De esta manera, la selecci\u00f3n\u00a0se a\u00f1ade a\" \/>\n<meta property=\"og:url\" content=\"https:\/\/surfbox.de\/es\/posible-pedido-o-recoleccion\/\" \/>\n<meta property=\"og:site_name\" content=\"ba\u00fal de techo hecha de GRP por Mobila\" \/>\n<meta property=\"article:modified_time\" content=\"2016-03-01T12:54:40+00:00\" \/>\n<meta name=\"twitter:label1\" content=\"Tiempo de lectura\" \/>\n\t<meta name=\"twitter:data1\" content=\"2 minutos\" \/>\n<script type=\"application\/ld+json\" class=\"yoast-schema-graph\">{\"@context\":\"https:\/\/schema.org\",\"@graph\":[{\"@type\":\"WebSite\",\"@id\":\"https:\/\/surfbox.de\/#website\",\"url\":\"https:\/\/surfbox.de\/\",\"name\":\"ba\\u00fal de techo hecha de GRP por Mobila\",\"description\":\"Mobila GmbH produces premium roof boxes skiboxes &amp; Surf boxes\",\"potentialAction\":[{\"@type\":\"SearchAction\",\"target\":{\"@type\":\"EntryPoint\",\"urlTemplate\":\"https:\/\/surfbox.de\/?s={search_term_string}\"},\"query-input\":\"required name=search_term_string\"}],\"inLanguage\":\"es\"},{\"@type\":\"WebPage\",\"@id\":\"https:\/\/surfbox.de\/es\/posible-pedido-o-recoleccion\/#webpage\",\"url\":\"https:\/\/surfbox.de\/es\/posible-pedido-o-recoleccion\/\",\"name\":\"Proceso de pedidos o recogida en persona es posible - ba\\u00fal de techo hecha de GRP por Mobila\",\"isPartOf\":{\"@id\":\"https:\/\/surfbox.de\/#website\"},\"datePublished\":\"2014-12-09T10:41:08+00:00\",\"dateModified\":\"2016-03-01T12:54:40+00:00\",\"description\":\"1. Cesta de la compra Seleccione los productos que desea encargar haciendo clic en el bot\\u00f3n \\\"A\\u00f1adir a la cesta\\\". De esta manera, la selecci\\u00f3n\\u00a0se a\\u00f1ade a\",\"breadcrumb\":{\"@id\":\"https:\/\/surfbox.de\/es\/posible-pedido-o-recoleccion\/#breadcrumb\"},\"inLanguage\":\"es\",\"potentialAction\":[{\"@type\":\"ReadAction\",\"target\":[\"https:\/\/surfbox.de\/es\/posible-pedido-o-recoleccion\/\"]}]},{\"@type\":\"BreadcrumbList\",\"@id\":\"https:\/\/surfbox.de\/es\/posible-pedido-o-recoleccion\/#breadcrumb\",\"itemListElement\":[{\"@type\":\"ListItem\",\"position\":1,\"name\":\"Home\",\"item\":\"https:\/\/surfbox.de\/es\/\"},{\"@type\":\"ListItem\",\"position\":2,\"name\":\"Proceso de pedidos o recogida en persona es posible\"}]}]}<\/script>\n<!-- \/ Yoast SEO plugin. -->","yoast_head_json":{"title":"Proceso de pedidos o recogida en persona es posible - ba\u00fal de techo hecha de GRP por Mobila","description":"1. Cesta de la compra Seleccione los productos que desea encargar haciendo clic en el bot\u00f3n \"A\u00f1adir a la cesta\". De esta manera, la selecci\u00f3n\u00a0se a\u00f1ade a","robots":{"index":"index","follow":"follow","max-snippet":"max-snippet:-1","max-image-preview":"max-image-preview:large","max-video-preview":"max-video-preview:-1"},"canonical":"https:\/\/surfbox.de\/es\/posible-pedido-o-recoleccion\/","og_locale":"es_ES","og_type":"article","og_title":"Proceso de pedidos o recogida en persona es posible - ba\u00fal de techo hecha de GRP por Mobila","og_description":"1. Cesta de la compra Seleccione los productos que desea encargar haciendo clic en el bot\u00f3n \"A\u00f1adir a la cesta\". De esta manera, la selecci\u00f3n\u00a0se a\u00f1ade a","og_url":"https:\/\/surfbox.de\/es\/posible-pedido-o-recoleccion\/","og_site_name":"ba\u00fal de techo hecha de GRP por Mobila","article_modified_time":"2016-03-01T12:54:40+00:00","twitter_misc":{"Tiempo de lectura":"2 minutos"},"schema":{"@context":"https:\/\/schema.org","@graph":[{"@type":"WebSite","@id":"https:\/\/surfbox.de\/#website","url":"https:\/\/surfbox.de\/","name":"ba\u00fal de techo hecha de GRP por Mobila","description":"Mobila GmbH produces premium roof boxes skiboxes &amp; Surf boxes","potentialAction":[{"@type":"SearchAction","target":{"@type":"EntryPoint","urlTemplate":"https:\/\/surfbox.de\/?s={search_term_string}"},"query-input":"required name=search_term_string"}],"inLanguage":"es"},{"@type":"WebPage","@id":"https:\/\/surfbox.de\/es\/posible-pedido-o-recoleccion\/#webpage","url":"https:\/\/surfbox.de\/es\/posible-pedido-o-recoleccion\/","name":"Proceso de pedidos o recogida en persona es posible - ba\u00fal de techo hecha de GRP por Mobila","isPartOf":{"@id":"https:\/\/surfbox.de\/#website"},"datePublished":"2014-12-09T10:41:08+00:00","dateModified":"2016-03-01T12:54:40+00:00","description":"1. Cesta de la compra Seleccione los productos que desea encargar haciendo clic en el bot\u00f3n \"A\u00f1adir a la cesta\". De esta manera, la selecci\u00f3n\u00a0se a\u00f1ade a","breadcrumb":{"@id":"https:\/\/surfbox.de\/es\/posible-pedido-o-recoleccion\/#breadcrumb"},"inLanguage":"es","potentialAction":[{"@type":"ReadAction","target":["https:\/\/surfbox.de\/es\/posible-pedido-o-recoleccion\/"]}]},{"@type":"BreadcrumbList","@id":"https:\/\/surfbox.de\/es\/posible-pedido-o-recoleccion\/#breadcrumb","itemListElement":[{"@type":"ListItem","position":1,"name":"Home","item":"https:\/\/surfbox.de\/es\/"},{"@type":"ListItem","position":2,"name":"Proceso de pedidos o recogida en persona es posible"}]}]}},"_links":{"self":[{"href":"https:\/\/surfbox.de\/es\/wp-json\/wp\/v2\/pages\/22398"}],"collection":[{"href":"https:\/\/surfbox.de\/es\/wp-json\/wp\/v2\/pages"}],"about":[{"href":"https:\/\/surfbox.de\/es\/wp-json\/wp\/v2\/types\/page"}],"author":[{"embeddable":true,"href":"https:\/\/surfbox.de\/es\/wp-json\/wp\/v2\/users\/1"}],"replies":[{"embeddable":true,"href":"https:\/\/surfbox.de\/es\/wp-json\/wp\/v2\/comments?post=22398"}],"version-history":[{"count":2,"href":"https:\/\/surfbox.de\/es\/wp-json\/wp\/v2\/pages\/22398\/revisions"}],"predecessor-version":[{"id":42582,"href":"https:\/\/surfbox.de\/es\/wp-json\/wp\/v2\/pages\/22398\/revisions\/42582"}],"wp:attachment":[{"href":"https:\/\/surfbox.de\/es\/wp-json\/wp\/v2\/media?parent=22398"}],"curies":[{"name":"wp","href":"https:\/\/api.w.org\/{rel}","templated":true}]}}