
{"id":22428,"date":"2014-12-09T11:41:03","date_gmt":"2014-12-09T10:41:03","guid":{"rendered":"https:\/\/surfbox.de\/?page_id=12428"},"modified":"2023-11-16T12:22:20","modified_gmt":"2023-11-16T11:22:20","slug":"derecho-de-revocacion","status":"publish","type":"page","link":"https:\/\/surfbox.de\/es\/derecho-de-revocacion\/","title":{"rendered":"Pol\u00edtica de revocaci\u00f3n"},"content":{"rendered":"<div id=\"OutputText\" class=\"Wrap\" style=\"direction: ltr; text-align: left;\" tabindex=\"99999\">\n<p><strong class=\"western\">Los<\/strong> <strong class=\"western\">consumidores,<\/strong> <strong class=\"western\">conforme<\/strong> <strong class=\"western\">a<\/strong> <strong class=\"western\">lo<\/strong> <strong class=\"western\">establecido<\/strong> <strong class=\"western\">en<\/strong> <strong class=\"western\">el<\/strong> <strong class=\"western\">art\u00edculo<\/strong> <strong class=\"western\">13<\/strong> <strong class=\"western\">del<\/strong> <strong class=\"western\">C\u00f3digo<\/strong> <strong class=\"western\">Civil<\/strong> <strong class=\"western\">alem\u00e1n,<\/strong> <strong class=\"western\">tienen<\/strong> <strong class=\"western\">un<\/strong> <strong class=\"western\">derecho<\/strong> <strong class=\"western\">de<\/strong> <strong class=\"western\">revocaci\u00f3n,<\/strong> <strong class=\"western\">de<\/strong> <strong class=\"western\">acuerdo<\/strong> <strong class=\"western\">con<\/strong> <strong class=\"western\">las<\/strong> <strong class=\"western\">siguientes<\/strong> <strong class=\"western\">condiciones:<\/strong><\/p>\n<p><span style=\"color: #000000;\"><span style=\"color: #999999;\">Usted tiene derecho a rescindir o revocar este contrato\u00a0en un plazo\u00a0de catorce d\u00edas, sin tener que\u00a0aportar justificaci\u00f3n alguna. El per\u00edodo de rescisi\u00f3n o revocaci\u00f3n es de catorce d\u00edas a partir de la fecha en la cual Usted o un tercero designado por Usted, que no sea el expedidor, hayan recibido la mercanc\u00eda. Cuando haya realizado un pedido de varios art\u00edculos y estos se hayan suministrado por separado, el plazo ser\u00e1 de catorce d\u00edas a partir del d\u00eda en el que Usted o un tercero designado por Usted, que no sea el expedidor, hayan recibido el \u00faltimo art\u00edculo. A este respecto, cuando realice un pedido de varios art\u00edculos a la vez, no se tratar\u00e1 de un pedido unitario. Todos los productos tienen que estar relacionados entre si. Cuando una mercanc\u00eda se suministra en varias entregas o piezas, el plazo de revocaci\u00f3n ser\u00e1 de catorce d\u00edas a partir de la fecha en que Usted o un tercero designado por Usted, que no sea el expedidor, hayan recibido la \u00faltima entrega parcial o la \u00faltima pieza.<\/span><\/span><\/p>\n<p><span style=\"color: #999999;\">Para ejercer su derecho de rescisi\u00f3n, deber\u00e1 comunic\u00e1rnoslo\u00a0a:<\/span><\/p>\n<p><strong class=\"western\"><span lang=\"en-GB\">Mobila<\/span><\/strong> <strong class=\"western\"><span lang=\"en-GB\">Verwaltungs<\/span><\/strong> <strong class=\"western\"><span lang=\"en-GB\">GmbH,<\/span><\/strong><br \/>\n<strong class=\"western\"><span lang=\"en-GB\">Annabergstr.<\/span><\/strong> <strong class=\"western\"><span lang=\"en-GB\">164D<\/span><\/strong><br \/>\n<strong class=\"western\"><span lang=\"en-GB\">45721<\/span><\/strong> <strong class=\"western\"><span lang=\"en-GB\">Haltern<\/span><\/strong> <strong class=\"western\"><span lang=\"en-GB\">am<\/span><\/strong> <strong class=\"western\"><span lang=\"en-GB\">See<\/span><\/strong><br \/>\n<strong class=\"western\">Tel.:<\/strong> <strong class=\"western\">0049<\/strong> <strong class=\"western\">2364<\/strong> <strong class=\"western\">6142<\/strong><br \/>\n<strong class=\"western\">Fax:<\/strong> <strong class=\"western\">0049<\/strong> <strong class=\"western\">2364<\/strong> <strong class=\"western\">69493,<\/strong><br \/>\n<strong class=\"western\">Correo<\/strong> <strong class=\"western\">electr\u00f3nico:<\/strong> <strong class=\"western\">info@surfbox.de<\/strong><\/p>\n<p><span style=\"color: #999999;\">mediante una declaraci\u00f3n clara (por ejemplo, una carta enviada por correo, fax, correo electr\u00f3nico) sobre su decisi\u00f3n de revocar el contrato. Para ello, puede utilizar el <a style=\"color: #999999;\" href=\"https:\/\/surfbox.de\/wp-content\/uploads\/2014\/06\/Widerrufsformular.pdf\"><span lang=\"zxx\"><span style=\"text-decoration: underline;\">formulario<\/span><\/span> <span lang=\"zxx\"><span style=\"text-decoration: underline;\">de<\/span><\/span> <span lang=\"zxx\"><span style=\"text-decoration: underline;\">revocaci\u00f3n<\/span><\/span><\/a> adjunto, aunque esto no es obligatorio. En nuestro sitio web <span lang=\"zxx\"><span style=\"text-decoration: underline;\"><a style=\"color: #999999; text-decoration: underline;\" href=\"https:\/\/www.surfbox.de\/\">www.surfbox.de<\/a><\/span><\/span>, Usted puede completar electr\u00f3nicamente y enviar el formulario de revocaci\u00f3n o cualquier otra declaraci\u00f3n inequ\u00edvoca. Si hace uso de esta posibilidad, le enviaremos de inmediato (por ejemplo, por correo electr\u00f3nico) una confirmaci\u00f3n de la recepci\u00f3n de dicha cancelaci\u00f3n.<\/span><\/p>\n<h2 class=\"western\" lang=\"es-ES\"><strong class=\"western\">Notas<\/strong> <strong class=\"western\">especiales<\/strong><\/h2>\n<p><span style=\"color: #999999;\">Su derecho de revocaci\u00f3n expirar\u00e1 anticipadamente si el contrato, a su petici\u00f3n expresa, hubiera sido cumplido \u00edntegramente por ambas partes antes de ejercer su derecho de revocaci\u00f3n. Si Usted es un empresario en el sentido de lo dispuesto en el art\u00edculo 14 del C\u00f3digo Civil alem\u00e1n (BGB) y, en la conclusi\u00f3n del contrato actuara en el ejercicio de su actividad comercial o por cuenta propia, no existir\u00e1 derecho de revocaci\u00f3n.<\/span><\/p>\n<h3>Exclusi\u00f3n o extinci\u00f3n prematura del derecho de desistimiento<br \/>\nEl derecho de desistimiento no se aplica a los consumidores que no pertenecen a un estado miembro de la Uni\u00f3n Europea en el momento de la celebraci\u00f3n del contrato y cuyo \u00fanico lugar de residencia y direcci\u00f3n de entrega se encuentra fuera de la Uni\u00f3n Europea en el momento de la celebraci\u00f3n del contrato.<\/h3>\n<h2 class=\"western\" lang=\"es-ES\"><strong class=\"western\">Consecuencias<\/strong> <strong class=\"western\">de<\/strong> <strong class=\"western\">la<\/strong> <strong class=\"western\">revocaci\u00f3n<\/strong><\/h2>\n<p><span style=\"color: #999999;\">Si usted revoca este contrato, le devolveremos\u00a0sin demora y, a m\u00e1s tardar, en el plazo de catorce d\u00edas, contado a partir del d\u00eda en que nosotros hayamos recibido su revocaci\u00f3n sobre este contrato, todos los pagos que hayamos recibido de Usted, incluidos los gastos de env\u00edo (excepto los gastos adicionales derivados de que Usted haya elegido un tipo de entrega diferente a la entrega est\u00e1ndar m\u00e1s econ\u00f3mica que nosotros le hab\u00edamos ofrecido). Para este reembolso utilizamos los mismos medios de pago que Usted utiliz\u00f3 en la transacci\u00f3n original, a menos que se haya acordado expresamente otra cosa con Usted. En ning\u00fan caso se cobrar\u00e1 una indemnizaci\u00f3n por este reembolso. Nosotros podemos negarnos a realizar el reembolso hasta que hayamos recibido las mercanc\u00edas otra vez o hasta que Usted pueda presentar la prueba de que ha devuelto la mercanc\u00eda, dependiendo de cu\u00e1l opci\u00f3n tenga lugar primero.<\/span><\/p>\n<p><span style=\"color: #999999;\">Usted deber\u00e1 retornar o entregar la mercanc\u00eda puntualmente y, en cualquier caso, a m\u00e1s tardar dentro de catorce d\u00edas a partir de la fecha en que Usted nos haya enviado su cancelaci\u00f3n, a la direcci\u00f3n comercial de la empresa Mobila GmbH, en Annabergstr. 164, 45721 Haltern (Alemania).<\/span><\/p>\n<p><span style=\"color: #999999;\">El plazo se considerar\u00e1 cumplido cuando Usted haya enviado la mercanc\u00eda antes del vencimiento del plazo de catorce d\u00edas o se la haya entregado al transportista al que le hacemos el encargo.<\/span><\/p>\n<p><span style=\"color: #999999;\">Usted asumir\u00e1 los gastos directos de la devoluci\u00f3n de la mercanc\u00eda. Los gastos de la devoluci\u00f3n de las mercanc\u00edas no susceptibles de ser enviadas en paquete (cofres de techo), que tienen que ser recogidas por un transportista de carga, ser\u00e1n los mismos que Usted haya pagado por la carga de ida + 50 %. En el caso de mercanc\u00edas listas para enviar en paquetes, como piezas de repuesto o cofres de techo, los gastos de reenv\u00edo ser\u00e1n de 15 euros en Alemania (m\u00e1s otros 30 euros desde el extranjero) o Usted ordena a sus expensas un reenv\u00edo libre. En el caso de una eventual p\u00e9rdida de valor de la mercanc\u00eda, Usted solo tendr\u00e1 que pagar por ella cuando esta p\u00e9rdida de valor se deba a una manipulaci\u00f3n innecesaria para comprobar el estado, las propiedades o el funcionamiento de la mercanc\u00eda.<\/span><\/p>\n<h3 class=\"western\" lang=\"es-ES\">Fin de la pol\u00edtica de revocaci\u00f3n<\/h3>\n<p><span style=\"color: #999999;\">Versi\u00f3n: 13\/06\/2014<\/span><\/p>\n<\/div>\n","protected":false},"excerpt":{"rendered":"<p>Los consumidores, conforme a lo establecido en el art\u00edculo 13 del C\u00f3digo Civil alem\u00e1n, tienen un derecho de revocaci\u00f3n, de acuerdo con las siguientes condiciones: Usted tiene derecho a rescindir o revocar este contrato\u00a0en un plazo\u00a0de catorce d\u00edas, sin tener que\u00a0aportar justificaci\u00f3n alguna. El per\u00edodo de rescisi\u00f3n o revocaci\u00f3n es de catorce d\u00edas a partir&hellip;<\/p>\n","protected":false},"author":1,"featured_media":0,"parent":0,"menu_order":254,"comment_status":"closed","ping_status":"closed","template":"","meta":[],"yoast_head":"<!-- This site is optimized with the Yoast SEO plugin v17.9 - https:\/\/yoast.com\/wordpress\/plugins\/seo\/ -->\n<title>Pol\u00edtica de revocaci\u00f3n - ba\u00fal de techo hecha de GRP por Mobila<\/title>\n<meta name=\"description\" content=\"Los consumidores, conforme a lo establecido en el art\u00edculo 13 del C\u00f3digo Civil alem\u00e1n, tienen un derecho de revocaci\u00f3n, de acuerdo con las siguientes\" \/>\n<meta name=\"robots\" content=\"index, follow, max-snippet:-1, max-image-preview:large, max-video-preview:-1\" \/>\n<link rel=\"canonical\" href=\"https:\/\/surfbox.de\/es\/derecho-de-revocacion\/\" \/>\n<meta property=\"og:locale\" content=\"es_ES\" \/>\n<meta property=\"og:type\" content=\"article\" \/>\n<meta property=\"og:title\" content=\"Pol\u00edtica de revocaci\u00f3n - ba\u00fal de techo hecha de GRP por Mobila\" \/>\n<meta property=\"og:description\" content=\"Los consumidores, conforme a lo establecido en el art\u00edculo 13 del C\u00f3digo Civil alem\u00e1n, tienen un derecho de revocaci\u00f3n, de acuerdo con las siguientes\" \/>\n<meta property=\"og:url\" content=\"https:\/\/surfbox.de\/es\/derecho-de-revocacion\/\" \/>\n<meta property=\"og:site_name\" content=\"ba\u00fal de techo hecha de GRP por Mobila\" \/>\n<meta property=\"article:modified_time\" content=\"2023-11-16T11:22:20+00:00\" \/>\n<meta name=\"twitter:label1\" content=\"Tiempo de lectura\" \/>\n\t<meta name=\"twitter:data1\" content=\"5 minutos\" \/>\n<script type=\"application\/ld+json\" class=\"yoast-schema-graph\">{\"@context\":\"https:\/\/schema.org\",\"@graph\":[{\"@type\":\"WebSite\",\"@id\":\"https:\/\/surfbox.de\/#website\",\"url\":\"https:\/\/surfbox.de\/\",\"name\":\"ba\\u00fal de techo hecha de GRP por Mobila\",\"description\":\"Mobila GmbH produces premium roof boxes skiboxes &amp; Surf boxes\",\"potentialAction\":[{\"@type\":\"SearchAction\",\"target\":{\"@type\":\"EntryPoint\",\"urlTemplate\":\"https:\/\/surfbox.de\/?s={search_term_string}\"},\"query-input\":\"required name=search_term_string\"}],\"inLanguage\":\"es\"},{\"@type\":\"WebPage\",\"@id\":\"https:\/\/surfbox.de\/es\/derecho-de-revocacion\/#webpage\",\"url\":\"https:\/\/surfbox.de\/es\/derecho-de-revocacion\/\",\"name\":\"Pol\\u00edtica de revocaci\\u00f3n - ba\\u00fal de techo hecha de GRP por Mobila\",\"isPartOf\":{\"@id\":\"https:\/\/surfbox.de\/#website\"},\"datePublished\":\"2014-12-09T10:41:03+00:00\",\"dateModified\":\"2023-11-16T11:22:20+00:00\",\"description\":\"Los consumidores, conforme a lo establecido en el art\\u00edculo 13 del C\\u00f3digo Civil alem\\u00e1n, tienen un derecho de revocaci\\u00f3n, de acuerdo con las siguientes\",\"breadcrumb\":{\"@id\":\"https:\/\/surfbox.de\/es\/derecho-de-revocacion\/#breadcrumb\"},\"inLanguage\":\"es\",\"potentialAction\":[{\"@type\":\"ReadAction\",\"target\":[\"https:\/\/surfbox.de\/es\/derecho-de-revocacion\/\"]}]},{\"@type\":\"BreadcrumbList\",\"@id\":\"https:\/\/surfbox.de\/es\/derecho-de-revocacion\/#breadcrumb\",\"itemListElement\":[{\"@type\":\"ListItem\",\"position\":1,\"name\":\"Home\",\"item\":\"https:\/\/surfbox.de\/es\/\"},{\"@type\":\"ListItem\",\"position\":2,\"name\":\"Pol\\u00edtica de revocaci\\u00f3n\"}]}]}<\/script>\n<!-- \/ Yoast SEO plugin. -->","yoast_head_json":{"title":"Pol\u00edtica de revocaci\u00f3n - ba\u00fal de techo hecha de GRP por Mobila","description":"Los consumidores, conforme a lo establecido en el art\u00edculo 13 del C\u00f3digo Civil alem\u00e1n, tienen un derecho de revocaci\u00f3n, de acuerdo con las siguientes","robots":{"index":"index","follow":"follow","max-snippet":"max-snippet:-1","max-image-preview":"max-image-preview:large","max-video-preview":"max-video-preview:-1"},"canonical":"https:\/\/surfbox.de\/es\/derecho-de-revocacion\/","og_locale":"es_ES","og_type":"article","og_title":"Pol\u00edtica de revocaci\u00f3n - ba\u00fal de techo hecha de GRP por Mobila","og_description":"Los consumidores, conforme a lo establecido en el art\u00edculo 13 del C\u00f3digo Civil alem\u00e1n, tienen un derecho de revocaci\u00f3n, de acuerdo con las siguientes","og_url":"https:\/\/surfbox.de\/es\/derecho-de-revocacion\/","og_site_name":"ba\u00fal de techo hecha de GRP por Mobila","article_modified_time":"2023-11-16T11:22:20+00:00","twitter_misc":{"Tiempo de lectura":"5 minutos"},"schema":{"@context":"https:\/\/schema.org","@graph":[{"@type":"WebSite","@id":"https:\/\/surfbox.de\/#website","url":"https:\/\/surfbox.de\/","name":"ba\u00fal de techo hecha de GRP por Mobila","description":"Mobila GmbH produces premium roof boxes skiboxes &amp; Surf boxes","potentialAction":[{"@type":"SearchAction","target":{"@type":"EntryPoint","urlTemplate":"https:\/\/surfbox.de\/?s={search_term_string}"},"query-input":"required name=search_term_string"}],"inLanguage":"es"},{"@type":"WebPage","@id":"https:\/\/surfbox.de\/es\/derecho-de-revocacion\/#webpage","url":"https:\/\/surfbox.de\/es\/derecho-de-revocacion\/","name":"Pol\u00edtica de revocaci\u00f3n - ba\u00fal de techo hecha de GRP por Mobila","isPartOf":{"@id":"https:\/\/surfbox.de\/#website"},"datePublished":"2014-12-09T10:41:03+00:00","dateModified":"2023-11-16T11:22:20+00:00","description":"Los consumidores, conforme a lo establecido en el art\u00edculo 13 del C\u00f3digo Civil alem\u00e1n, tienen un derecho de revocaci\u00f3n, de acuerdo con las siguientes","breadcrumb":{"@id":"https:\/\/surfbox.de\/es\/derecho-de-revocacion\/#breadcrumb"},"inLanguage":"es","potentialAction":[{"@type":"ReadAction","target":["https:\/\/surfbox.de\/es\/derecho-de-revocacion\/"]}]},{"@type":"BreadcrumbList","@id":"https:\/\/surfbox.de\/es\/derecho-de-revocacion\/#breadcrumb","itemListElement":[{"@type":"ListItem","position":1,"name":"Home","item":"https:\/\/surfbox.de\/es\/"},{"@type":"ListItem","position":2,"name":"Pol\u00edtica de revocaci\u00f3n"}]}]}},"_links":{"self":[{"href":"https:\/\/surfbox.de\/es\/wp-json\/wp\/v2\/pages\/22428"}],"collection":[{"href":"https:\/\/surfbox.de\/es\/wp-json\/wp\/v2\/pages"}],"about":[{"href":"https:\/\/surfbox.de\/es\/wp-json\/wp\/v2\/types\/page"}],"author":[{"embeddable":true,"href":"https:\/\/surfbox.de\/es\/wp-json\/wp\/v2\/users\/1"}],"replies":[{"embeddable":true,"href":"https:\/\/surfbox.de\/es\/wp-json\/wp\/v2\/comments?post=22428"}],"version-history":[{"count":1,"href":"https:\/\/surfbox.de\/es\/wp-json\/wp\/v2\/pages\/22428\/revisions"}],"predecessor-version":[{"id":85111,"href":"https:\/\/surfbox.de\/es\/wp-json\/wp\/v2\/pages\/22428\/revisions\/85111"}],"wp:attachment":[{"href":"https:\/\/surfbox.de\/es\/wp-json\/wp\/v2\/media?parent=22428"}],"curies":[{"name":"wp","href":"https:\/\/api.w.org\/{rel}","templated":true}]}}