
{"id":22794,"date":"2015-01-20T15:48:32","date_gmt":"2015-01-20T14:48:32","guid":{"rendered":"https:\/\/surfbox.de\/traegertabelle-2-2\/"},"modified":"2015-02-17T11:54:52","modified_gmt":"2015-02-17T10:54:52","slug":"traegertabelle-2","status":"publish","type":"page","link":"https:\/\/surfbox.de\/es\/traegertabelle-2\/","title":{"rendered":"barras de techo"},"content":{"rendered":"<p>Un archivo PDF con los veh\u00edculos y las barras de techo a juego se puede encontrar aqu\u00ed:<br \/>\nConsulte <\/p>\n<h4> <a href=\"https:\/\/surfbox.de\/wp content\/uploads\/2014\/07\/tragertabelle1.pdf\"> c\u00f3digo Tragertabelle aqu\u00ed <\/a><\/h4>\n<p>Es necesario un programa para abrir archivos PDF en esta lista.<\/p>\n","protected":false},"excerpt":{"rendered":"<p>Un archivo PDF con los veh\u00edculos y las barras de techo a juego se puede encontrar aqu\u00ed: Consulte c\u00f3digo Tragertabelle aqu\u00ed Es necesario un programa para abrir archivos PDF en esta lista.<\/p>\n","protected":false},"author":1,"featured_media":0,"parent":0,"menu_order":215,"comment_status":"closed","ping_status":"open","template":"","meta":[],"yoast_head":"<!-- This site is optimized with the Yoast SEO plugin v17.9 - https:\/\/yoast.com\/wordpress\/plugins\/seo\/ -->\n<title>barras de techo - ba\u00fal de techo hecha de GRP por Mobila<\/title>\n<meta name=\"description\" content=\"Un archivo PDF con los veh\u00edculos y las barras de techo a juego se puede encontrar aqu\u00ed: Consulte c\u00f3digo Tragertabelle aqu\u00ed Es necesario un programa para\" \/>\n<meta name=\"robots\" content=\"index, follow, max-snippet:-1, max-image-preview:large, max-video-preview:-1\" \/>\n<link rel=\"canonical\" href=\"https:\/\/surfbox.de\/es\/traegertabelle-2\/\" \/>\n<meta property=\"og:locale\" content=\"es_ES\" \/>\n<meta property=\"og:type\" content=\"article\" \/>\n<meta property=\"og:title\" content=\"barras de techo - ba\u00fal de techo hecha de GRP por Mobila\" \/>\n<meta property=\"og:description\" content=\"Un archivo PDF con los veh\u00edculos y las barras de techo a juego se puede encontrar aqu\u00ed: Consulte c\u00f3digo Tragertabelle aqu\u00ed Es necesario un programa para\" \/>\n<meta property=\"og:url\" content=\"https:\/\/surfbox.de\/es\/traegertabelle-2\/\" \/>\n<meta property=\"og:site_name\" content=\"ba\u00fal de techo hecha de GRP por Mobila\" \/>\n<meta property=\"article:modified_time\" content=\"2015-02-17T10:54:52+00:00\" \/>\n<script type=\"application\/ld+json\" class=\"yoast-schema-graph\">{\"@context\":\"https:\/\/schema.org\",\"@graph\":[{\"@type\":\"WebSite\",\"@id\":\"https:\/\/surfbox.de\/#website\",\"url\":\"https:\/\/surfbox.de\/\",\"name\":\"ba\\u00fal de techo hecha de GRP por Mobila\",\"description\":\"Mobila GmbH produces premium roof boxes skiboxes &amp; Surf boxes\",\"potentialAction\":[{\"@type\":\"SearchAction\",\"target\":{\"@type\":\"EntryPoint\",\"urlTemplate\":\"https:\/\/surfbox.de\/?s={search_term_string}\"},\"query-input\":\"required name=search_term_string\"}],\"inLanguage\":\"es\"},{\"@type\":\"WebPage\",\"@id\":\"https:\/\/surfbox.de\/es\/traegertabelle-2\/#webpage\",\"url\":\"https:\/\/surfbox.de\/es\/traegertabelle-2\/\",\"name\":\"barras de techo - ba\\u00fal de techo hecha de GRP por Mobila\",\"isPartOf\":{\"@id\":\"https:\/\/surfbox.de\/#website\"},\"datePublished\":\"2015-01-20T14:48:32+00:00\",\"dateModified\":\"2015-02-17T10:54:52+00:00\",\"description\":\"Un archivo PDF con los veh\\u00edculos y las barras de techo a juego se puede encontrar aqu\\u00ed: Consulte c\\u00f3digo Tragertabelle aqu\\u00ed Es necesario un programa para\",\"breadcrumb\":{\"@id\":\"https:\/\/surfbox.de\/es\/traegertabelle-2\/#breadcrumb\"},\"inLanguage\":\"es\",\"potentialAction\":[{\"@type\":\"ReadAction\",\"target\":[\"https:\/\/surfbox.de\/es\/traegertabelle-2\/\"]}]},{\"@type\":\"BreadcrumbList\",\"@id\":\"https:\/\/surfbox.de\/es\/traegertabelle-2\/#breadcrumb\",\"itemListElement\":[{\"@type\":\"ListItem\",\"position\":1,\"name\":\"Home\",\"item\":\"https:\/\/surfbox.de\/es\/\"},{\"@type\":\"ListItem\",\"position\":2,\"name\":\"barras de techo\"}]}]}<\/script>\n<!-- \/ Yoast SEO plugin. -->","yoast_head_json":{"title":"barras de techo - ba\u00fal de techo hecha de GRP por Mobila","description":"Un archivo PDF con los veh\u00edculos y las barras de techo a juego se puede encontrar aqu\u00ed: Consulte c\u00f3digo Tragertabelle aqu\u00ed Es necesario un programa para","robots":{"index":"index","follow":"follow","max-snippet":"max-snippet:-1","max-image-preview":"max-image-preview:large","max-video-preview":"max-video-preview:-1"},"canonical":"https:\/\/surfbox.de\/es\/traegertabelle-2\/","og_locale":"es_ES","og_type":"article","og_title":"barras de techo - ba\u00fal de techo hecha de GRP por Mobila","og_description":"Un archivo PDF con los veh\u00edculos y las barras de techo a juego se puede encontrar aqu\u00ed: Consulte c\u00f3digo Tragertabelle aqu\u00ed Es necesario un programa para","og_url":"https:\/\/surfbox.de\/es\/traegertabelle-2\/","og_site_name":"ba\u00fal de techo hecha de GRP por Mobila","article_modified_time":"2015-02-17T10:54:52+00:00","schema":{"@context":"https:\/\/schema.org","@graph":[{"@type":"WebSite","@id":"https:\/\/surfbox.de\/#website","url":"https:\/\/surfbox.de\/","name":"ba\u00fal de techo hecha de GRP por Mobila","description":"Mobila GmbH produces premium roof boxes skiboxes &amp; Surf boxes","potentialAction":[{"@type":"SearchAction","target":{"@type":"EntryPoint","urlTemplate":"https:\/\/surfbox.de\/?s={search_term_string}"},"query-input":"required name=search_term_string"}],"inLanguage":"es"},{"@type":"WebPage","@id":"https:\/\/surfbox.de\/es\/traegertabelle-2\/#webpage","url":"https:\/\/surfbox.de\/es\/traegertabelle-2\/","name":"barras de techo - ba\u00fal de techo hecha de GRP por Mobila","isPartOf":{"@id":"https:\/\/surfbox.de\/#website"},"datePublished":"2015-01-20T14:48:32+00:00","dateModified":"2015-02-17T10:54:52+00:00","description":"Un archivo PDF con los veh\u00edculos y las barras de techo a juego se puede encontrar aqu\u00ed: Consulte c\u00f3digo Tragertabelle aqu\u00ed Es necesario un programa para","breadcrumb":{"@id":"https:\/\/surfbox.de\/es\/traegertabelle-2\/#breadcrumb"},"inLanguage":"es","potentialAction":[{"@type":"ReadAction","target":["https:\/\/surfbox.de\/es\/traegertabelle-2\/"]}]},{"@type":"BreadcrumbList","@id":"https:\/\/surfbox.de\/es\/traegertabelle-2\/#breadcrumb","itemListElement":[{"@type":"ListItem","position":1,"name":"Home","item":"https:\/\/surfbox.de\/es\/"},{"@type":"ListItem","position":2,"name":"barras de techo"}]}]}},"_links":{"self":[{"href":"https:\/\/surfbox.de\/es\/wp-json\/wp\/v2\/pages\/22794"}],"collection":[{"href":"https:\/\/surfbox.de\/es\/wp-json\/wp\/v2\/pages"}],"about":[{"href":"https:\/\/surfbox.de\/es\/wp-json\/wp\/v2\/types\/page"}],"author":[{"embeddable":true,"href":"https:\/\/surfbox.de\/es\/wp-json\/wp\/v2\/users\/1"}],"replies":[{"embeddable":true,"href":"https:\/\/surfbox.de\/es\/wp-json\/wp\/v2\/comments?post=22794"}],"version-history":[{"count":0,"href":"https:\/\/surfbox.de\/es\/wp-json\/wp\/v2\/pages\/22794\/revisions"}],"wp:attachment":[{"href":"https:\/\/surfbox.de\/es\/wp-json\/wp\/v2\/media?parent=22794"}],"curies":[{"name":"wp","href":"https:\/\/api.w.org\/{rel}","templated":true}]}}