
{"id":22437,"date":"2014-05-19T20:51:12","date_gmt":"2014-12-09T10:39:23","guid":{"rendered":"https:\/\/surfbox.de\/?post_type=product&#038;p=12437"},"modified":"2024-12-17T11:24:17","modified_gmt":"2024-12-17T10:24:17","slug":"caja-de-techo-moby-dick-accion-todo-incluido","status":"publish","type":"product","link":"https:\/\/surfbox.de\/es\/cofres-portaequipajes-shop\/portaequipajes\/portaequipajes-de-esqui\/caja-de-techo-moby-dick-accion-todo-incluido\/","title":{"rendered":"Portaequipajes Moby Dick \u00abAcci\u00f3n todo incluido\u00bb"},"content":{"rendered":"<p><strong>Acci\u00f3n: Directo del fabricante<\/strong><\/p>\n<p>Claro que un portaequipajes no es lo m\u00e1s importante para una planificaci\u00f3n de vacaciones. Sin embargo, hace unas vacaciones c\u00f3modas y seguras. Con esta peque\u00f1a descripci\u00f3n, tratamos de ofrecer todo completo y listo con nuestros m\u00e1s de 25 a\u00f1os de experiencia. El n\u00famero 1 del mundo en portaequipajes hechos de fibra de vidrio &#8211; \u00a1l\u00edder mediante la calidad!<br \/>\nEl equipo de Mobila<\/p>\n<p><strong>El cofre de techo Moby Dick es un cofre moderno y muy robusto de fibra de vidrio (GRP), equipado con todas las caracter\u00edsticas del producto inteligente. Ideal para las vacaciones de surf y esqu\u00ed: en \u00e9l se pueden transportar c\u00f3modamente esqu\u00eds tipo carving y tablas de snowboard.<\/strong><\/p>\n<p><strong>El Moby Dick est\u00e1 disponible en un elegante blanco brillante,\u00a0negro brillante o gris brillante.<\/strong> Por un m\u00f3dico precio se puede pedir el Moby Dick en plata brillante. <strong>Accesorios: Portaequipajes con todo incluido.<\/strong><\/p>\n<p><strong>Moby Dick hecho de fibra de vidrio.<\/strong> Portaequipajes exclusivo. <strong>S\u00f3lo<\/strong> <strong>de<\/strong> <strong>Mobila. Este portaequipajes tiene huecos para difusores de refuerzo de 3 cm. La distancia m\u00ednima de la fijaci\u00f3n posterior al final del portaequipajes es de 40 cm. El \u00e1rea de la instalaci\u00f3n por defecto entre las vigas del techo es de 56 a 106 cm. <\/strong>Sin embargo, puede ser f\u00e1cilmente extendido a su longitud completa, ya que la parte inferior se alarga espec\u00edficamente. El portaequipajes se abre autom\u00e1ticamente con seguridad y puede ser cargado f\u00e1cilmente desde la parte de atr\u00e1s y los lados.<strong> \u00a1Esta es la \u00fanica manera segura de permanecer en la carretera a gran velocidad! <\/strong>Tiene dos frentes atornillados con bisagras de acero inoxidable, dos resortes de gas en el interior y tres abrazaderas traseras de acero inoxidable para evitar la repentina apertura de la caja. Una <strong>protecci\u00f3n contra robo<\/strong> la mantiene as\u00ed completamente integrada autom\u00e1ticamente.<strong><br \/>\n<\/strong><\/p>\n<p><strong>Moby Dick ca. 600 l<\/strong><\/p>\n<p>Si van a irse de vacaciones cuatro personas, \u00a1es la elecci\u00f3n correcta! Dispone de espacio suficiente para todo el equipo de esqu\u00ed y espacio para much\u00edsimas cosas o para todo el equipaje de las vacaciones de verano. La longitud interior \u00fatil para los esqu\u00eds es de 202 cm. Debido a la rigidez torsional, no puede sobrecargar el cofre, aun cuando lo haga de forma puntual, ya que tambi\u00e9n puede cargar sin problemas este cofre con 95 kg. La tapa del cofre es f\u00e1cil de abrir.\u00a0 Moby Dick se adapta a cada soporte y a cada veh\u00edculo.<\/p>\n<p><strong>Ejemplo Moby Dick<br \/>\n<\/strong><\/p>\n<ul>\n<li><strong>Fabricado en fibra de vidrio<\/strong><\/li>\n<li><strong>Se pueden alcanzar los 200 km\/h \u00a0<\/strong><\/li>\n<li><strong>Accesorios de acero inoxidable incluidos <\/strong><\/li>\n<li><strong>Kit de montaje de acero inoxidable incluido <\/strong><\/li>\n<li><strong>Sujeci\u00f3n en forma de T de acero inoxidable (para soportes de aluminio, como los Wingbar de Thule) incluida \u00a0<\/strong><\/li>\n<li><strong>Brillante nano-recubrimiento y sellado incluido<\/strong><\/li>\n<li>Correas tensoras incluidas<\/li>\n<li>Totalmente resistente UV<\/li>\n<li>Portaequipajes que se puede cerrar<\/li>\n<li>2 fuertes resortes de gas<\/li>\n<li>Aerodin\u00e1mico, r\u00edgido<\/li>\n<li>Adecuado para todos los veh\u00edculos y sistemas de veh\u00edculos<\/li>\n<li>Montaje variable (superficie pulida)<\/li>\n<li><strong>Dimensiones: aprox. 210 x 90 x 40 cm (la longitud interior m\u00e1xima es de aproximadamente 202 cm) <\/strong><\/li>\n<li><strong>S\u00f3lo 18 kg de peso <\/strong><\/li>\n<li><strong>95 kg de capacidad<\/strong><\/li>\n<\/ul>\n<p><a title=\"Tr\u00e4gertabelle\" href=\"https:\/\/surfbox.de\/es\/traegertabelle-2\/\">\u00bfA\u00fan no est\u00e1 seguro? Haga clic en esta tabla de tama\u00f1os y distancias de montaje.<\/a><\/p>\n<p>&nbsp;<\/p>\n<p><a href=\"https:\/\/surfbox.de\/wp-content\/uploads\/2014\/05\/beschreibung+dekra.jpg\"><img loading=\"lazy\" class=\"alignnone wp-image-22259\" src=\"https:\/\/surfbox.de\/wp-content\/uploads\/2014\/05\/beschreibung+dekra.jpg\" alt=\"beschreibung+dekra\" width=\"1131\" height=\"216\" srcset=\"https:\/\/surfbox.de\/wp-content\/uploads\/2014\/05\/beschreibung+dekra.jpg 1570w, https:\/\/surfbox.de\/wp-content\/uploads\/2014\/05\/beschreibung+dekra-570x109.jpg 570w, https:\/\/surfbox.de\/wp-content\/uploads\/2014\/05\/beschreibung+dekra-270x51.jpg 270w\" sizes=\"(max-width: 1131px) 100vw, 1131px\" \/><\/a><\/p>\n<p><a href=\"https:\/\/surfbox.de\/wp-content\/uploads\/2014\/05\/Weiterescollage.jpg\"><img loading=\"lazy\" class=\"alignnone size-full wp-image-22264\" src=\"https:\/\/surfbox.de\/wp-content\/uploads\/2014\/05\/Weiterescollage.jpg\" alt=\"Weiterescollage\" width=\"1200\" height=\"300\" srcset=\"https:\/\/surfbox.de\/wp-content\/uploads\/2014\/05\/Weiterescollage.jpg 1200w, https:\/\/surfbox.de\/wp-content\/uploads\/2014\/05\/Weiterescollage-570x143.jpg 570w, https:\/\/surfbox.de\/wp-content\/uploads\/2014\/05\/Weiterescollage-270x67.jpg 270w\" sizes=\"(max-width: 1200px) 100vw, 1200px\" \/><\/a><\/p>\n<p><a href=\"https:\/\/surfbox.de\/wp-content\/uploads\/2014\/05\/Befestigungscollage-1200px.jpg\"><img loading=\"lazy\" class=\"alignnone size-full wp-image-22254\" src=\"https:\/\/surfbox.de\/wp-content\/uploads\/2014\/05\/Befestigungscollage-1200px.jpg\" alt=\"Befestigungscollage 1200px\" width=\"1200\" height=\"300\" srcset=\"https:\/\/surfbox.de\/wp-content\/uploads\/2014\/05\/Befestigungscollage-1200px.jpg 1200w, https:\/\/surfbox.de\/wp-content\/uploads\/2014\/05\/Befestigungscollage-1200px-570x143.jpg 570w, https:\/\/surfbox.de\/wp-content\/uploads\/2014\/05\/Befestigungscollage-1200px-270x67.jpg 270w\" sizes=\"(max-width: 1200px) 100vw, 1200px\" \/><\/a><\/p>\n<h1>Instrucciones de seguridad<\/h1>\n<p>Siga las instrucciones de montaje de la caja. Los tornillos s\u00f3lo se aprietan a mano. No conduzca nunca con los cierres abiertos, ni siquiera con la tapa abierta. El comportamiento de conducci\u00f3n de su veh\u00edculo cambia como consecuencia de la caja (sensibilidad lateral, comportamiento en curvas y frenado), especialmente cuando est\u00e1 cargado. El estilo de conducci\u00f3n y la velocidad deben adaptarse al comportamiento de conducci\u00f3n modificado. Observe tambi\u00e9n las instrucciones de uso de su veh\u00edculo y del portaequipajes en lo que se refiere a la velocidad y la carga con baca.<\/p>\n","protected":false},"excerpt":{"rendered":"<p>Acci\u00f3n: Directo del fabricante Claro que un portaequipajes no es lo m\u00e1s importante para una planificaci\u00f3n de vacaciones. Sin embargo, hace unas vacaciones c\u00f3modas y seguras. Con esta peque\u00f1a descripci\u00f3n, tratamos de ofrecer todo completo y listo con nuestros m\u00e1s de 25 a\u00f1os de experiencia. El n\u00famero 1 del mundo en portaequipajes hechos de fibra&hellip;<\/p>\n","protected":false},"featured_media":78880,"comment_status":"closed","ping_status":"closed","template":"","meta":[],"product_cat":[171,180],"product_tag":[],"yoast_head":"<!-- This site is optimized with the Yoast SEO plugin v17.9 - https:\/\/yoast.com\/wordpress\/plugins\/seo\/ -->\n<title>Portaequipajes Moby Dick &quot;Acci\u00f3n todo incluido&quot; - ba\u00fal de techo hecha de GRP por Mobila<\/title>\n<meta name=\"description\" content=\"In unserem Shop finden Sie hochwertige Dachboxen in edlem Design. Sie sind Windkanal getestet und Verbrauchs sparend. F\u00fcr Camping, Wasser- und Wintersport uvm. Qualit\u00e4t seit 1989.\" \/>\n<meta name=\"robots\" content=\"index, follow, max-snippet:-1, max-image-preview:large, max-video-preview:-1\" \/>\n<link rel=\"canonical\" href=\"https:\/\/surfbox.de\/es\/cofres-portaequipajes-shop\/portaequipajes\/portaequipajes-de-esqui\/caja-de-techo-moby-dick-accion-todo-incluido\/\" \/>\n<meta property=\"og:locale\" content=\"es_ES\" \/>\n<meta property=\"og:type\" content=\"article\" \/>\n<meta property=\"og:title\" content=\"Portaequipajes Moby Dick &quot;Acci\u00f3n todo incluido&quot; - ba\u00fal de techo hecha de GRP por Mobila\" \/>\n<meta property=\"og:description\" content=\"In unserem Shop finden Sie hochwertige Dachboxen in edlem Design. Sie sind Windkanal getestet und Verbrauchs sparend. F\u00fcr Camping, Wasser- und Wintersport uvm. Qualit\u00e4t seit 1989.\" \/>\n<meta property=\"og:url\" content=\"https:\/\/surfbox.de\/es\/cofres-portaequipajes-shop\/portaequipajes\/portaequipajes-de-esqui\/caja-de-techo-moby-dick-accion-todo-incluido\/\" \/>\n<meta property=\"og:site_name\" content=\"ba\u00fal de techo hecha de GRP por Mobila\" \/>\n<meta property=\"article:modified_time\" content=\"2024-12-17T10:24:17+00:00\" \/>\n<meta property=\"og:image\" content=\"https:\/\/surfbox.de\/wp-content\/uploads\/2014\/05\/dachbox_moby_dick_schwarz_K1024_DSC02710-1.jpg\" \/>\n\t<meta property=\"og:image:width\" content=\"1367\" \/>\n\t<meta property=\"og:image:height\" content=\"768\" \/>\n\t<meta property=\"og:image:type\" content=\"image\/jpeg\" \/>\n<meta name=\"twitter:label1\" content=\"Availability\" \/>\n\t<meta name=\"twitter:data1\" content=\"In stock\" \/>\n<script type=\"application\/ld+json\" class=\"yoast-schema-graph\">{\"@context\":\"https:\/\/schema.org\",\"@graph\":[{\"@type\":\"WebSite\",\"@id\":\"https:\/\/surfbox.de\/#website\",\"url\":\"https:\/\/surfbox.de\/\",\"name\":\"ba\\u00fal de techo hecha de GRP por Mobila\",\"description\":\"Mobila GmbH produces premium roof boxes skiboxes &amp; Surf boxes\",\"potentialAction\":[{\"@type\":\"SearchAction\",\"target\":{\"@type\":\"EntryPoint\",\"urlTemplate\":\"https:\/\/surfbox.de\/?s={search_term_string}\"},\"query-input\":\"required name=search_term_string\"}],\"inLanguage\":\"es\"},{\"@type\":\"ImageObject\",\"@id\":\"https:\/\/surfbox.de\/es\/cofres-portaequipajes-shop\/portaequipajes\/portaequipajes-de-esqui\/caja-de-techo-moby-dick-accion-todo-incluido\/#primaryimage\",\"inLanguage\":\"es\",\"url\":\"https:\/\/surfbox.de\/wp-content\/uploads\/2014\/05\/dachbox_moby_dick_schwarz_K1024_DSC02710-1.jpg\",\"contentUrl\":\"https:\/\/surfbox.de\/wp-content\/uploads\/2014\/05\/dachbox_moby_dick_schwarz_K1024_DSC02710-1.jpg\",\"width\":1367,\"height\":768,\"caption\":\"SONY DSC\"},{\"@type\":\"WebPage\",\"@id\":\"https:\/\/surfbox.de\/es\/cofres-portaequipajes-shop\/portaequipajes\/portaequipajes-de-esqui\/caja-de-techo-moby-dick-accion-todo-incluido\/#webpage\",\"url\":\"https:\/\/surfbox.de\/es\/cofres-portaequipajes-shop\/portaequipajes\/portaequipajes-de-esqui\/caja-de-techo-moby-dick-accion-todo-incluido\/\",\"name\":\"Portaequipajes Moby Dick \\\"Acci\\u00f3n todo incluido\\\" - ba\\u00fal de techo hecha de GRP por Mobila\",\"isPartOf\":{\"@id\":\"https:\/\/surfbox.de\/#website\"},\"primaryImageOfPage\":{\"@id\":\"https:\/\/surfbox.de\/es\/cofres-portaequipajes-shop\/portaequipajes\/portaequipajes-de-esqui\/caja-de-techo-moby-dick-accion-todo-incluido\/#primaryimage\"},\"datePublished\":\"2014-12-09T10:39:23+00:00\",\"dateModified\":\"2024-12-17T10:24:17+00:00\",\"description\":\"In unserem Shop finden Sie hochwertige Dachboxen in edlem Design. Sie sind Windkanal getestet und Verbrauchs sparend. F\\u00fcr Camping, Wasser- und Wintersport uvm. Qualit\\u00e4t seit 1989.\",\"breadcrumb\":{\"@id\":\"https:\/\/surfbox.de\/es\/cofres-portaequipajes-shop\/portaequipajes\/portaequipajes-de-esqui\/caja-de-techo-moby-dick-accion-todo-incluido\/#breadcrumb\"},\"inLanguage\":\"es\",\"potentialAction\":[{\"@type\":\"ReadAction\",\"target\":[\"https:\/\/surfbox.de\/es\/cofres-portaequipajes-shop\/portaequipajes\/portaequipajes-de-esqui\/caja-de-techo-moby-dick-accion-todo-incluido\/\"]}]},{\"@type\":\"BreadcrumbList\",\"@id\":\"https:\/\/surfbox.de\/es\/cofres-portaequipajes-shop\/portaequipajes\/portaequipajes-de-esqui\/caja-de-techo-moby-dick-accion-todo-incluido\/#breadcrumb\",\"itemListElement\":[{\"@type\":\"ListItem\",\"position\":1,\"name\":\"Home\",\"item\":\"https:\/\/surfbox.de\/es\/\"},{\"@type\":\"ListItem\",\"position\":2,\"name\":\"Tienda\",\"item\":\"https:\/\/surfbox.de\/es\/tienda\/\"},{\"@type\":\"ListItem\",\"position\":3,\"name\":\"Portaequipajes Moby Dick &#8222;Acci\\u00f3n todo incluido&#8220;\"}]}]}<\/script>\n<!-- \/ Yoast SEO plugin. -->","yoast_head_json":{"title":"Portaequipajes Moby Dick \"Acci\u00f3n todo incluido\" - ba\u00fal de techo hecha de GRP por Mobila","description":"In unserem Shop finden Sie hochwertige Dachboxen in edlem Design. Sie sind Windkanal getestet und Verbrauchs sparend. F\u00fcr Camping, Wasser- und Wintersport uvm. Qualit\u00e4t seit 1989.","robots":{"index":"index","follow":"follow","max-snippet":"max-snippet:-1","max-image-preview":"max-image-preview:large","max-video-preview":"max-video-preview:-1"},"canonical":"https:\/\/surfbox.de\/es\/cofres-portaequipajes-shop\/portaequipajes\/portaequipajes-de-esqui\/caja-de-techo-moby-dick-accion-todo-incluido\/","og_locale":"es_ES","og_type":"article","og_title":"Portaequipajes Moby Dick \"Acci\u00f3n todo incluido\" - ba\u00fal de techo hecha de GRP por Mobila","og_description":"In unserem Shop finden Sie hochwertige Dachboxen in edlem Design. Sie sind Windkanal getestet und Verbrauchs sparend. F\u00fcr Camping, Wasser- und Wintersport uvm. Qualit\u00e4t seit 1989.","og_url":"https:\/\/surfbox.de\/es\/cofres-portaequipajes-shop\/portaequipajes\/portaequipajes-de-esqui\/caja-de-techo-moby-dick-accion-todo-incluido\/","og_site_name":"ba\u00fal de techo hecha de GRP por Mobila","article_modified_time":"2024-12-17T10:24:17+00:00","og_image":[{"width":1367,"height":768,"url":"https:\/\/surfbox.de\/wp-content\/uploads\/2014\/05\/dachbox_moby_dick_schwarz_K1024_DSC02710-1.jpg","type":"image\/jpeg"}],"twitter_misc":{"Availability":"In stock"},"schema":{"@context":"https:\/\/schema.org","@graph":[{"@type":"WebSite","@id":"https:\/\/surfbox.de\/#website","url":"https:\/\/surfbox.de\/","name":"ba\u00fal de techo hecha de GRP por Mobila","description":"Mobila GmbH produces premium roof boxes skiboxes &amp; Surf boxes","potentialAction":[{"@type":"SearchAction","target":{"@type":"EntryPoint","urlTemplate":"https:\/\/surfbox.de\/?s={search_term_string}"},"query-input":"required name=search_term_string"}],"inLanguage":"es"},{"@type":"ImageObject","@id":"https:\/\/surfbox.de\/es\/cofres-portaequipajes-shop\/portaequipajes\/portaequipajes-de-esqui\/caja-de-techo-moby-dick-accion-todo-incluido\/#primaryimage","inLanguage":"es","url":"https:\/\/surfbox.de\/wp-content\/uploads\/2014\/05\/dachbox_moby_dick_schwarz_K1024_DSC02710-1.jpg","contentUrl":"https:\/\/surfbox.de\/wp-content\/uploads\/2014\/05\/dachbox_moby_dick_schwarz_K1024_DSC02710-1.jpg","width":1367,"height":768,"caption":"SONY DSC"},{"@type":"WebPage","@id":"https:\/\/surfbox.de\/es\/cofres-portaequipajes-shop\/portaequipajes\/portaequipajes-de-esqui\/caja-de-techo-moby-dick-accion-todo-incluido\/#webpage","url":"https:\/\/surfbox.de\/es\/cofres-portaequipajes-shop\/portaequipajes\/portaequipajes-de-esqui\/caja-de-techo-moby-dick-accion-todo-incluido\/","name":"Portaequipajes Moby Dick \"Acci\u00f3n todo incluido\" - ba\u00fal de techo hecha de GRP por Mobila","isPartOf":{"@id":"https:\/\/surfbox.de\/#website"},"primaryImageOfPage":{"@id":"https:\/\/surfbox.de\/es\/cofres-portaequipajes-shop\/portaequipajes\/portaequipajes-de-esqui\/caja-de-techo-moby-dick-accion-todo-incluido\/#primaryimage"},"datePublished":"2014-12-09T10:39:23+00:00","dateModified":"2024-12-17T10:24:17+00:00","description":"In unserem Shop finden Sie hochwertige Dachboxen in edlem Design. Sie sind Windkanal getestet und Verbrauchs sparend. F\u00fcr Camping, Wasser- und Wintersport uvm. Qualit\u00e4t seit 1989.","breadcrumb":{"@id":"https:\/\/surfbox.de\/es\/cofres-portaequipajes-shop\/portaequipajes\/portaequipajes-de-esqui\/caja-de-techo-moby-dick-accion-todo-incluido\/#breadcrumb"},"inLanguage":"es","potentialAction":[{"@type":"ReadAction","target":["https:\/\/surfbox.de\/es\/cofres-portaequipajes-shop\/portaequipajes\/portaequipajes-de-esqui\/caja-de-techo-moby-dick-accion-todo-incluido\/"]}]},{"@type":"BreadcrumbList","@id":"https:\/\/surfbox.de\/es\/cofres-portaequipajes-shop\/portaequipajes\/portaequipajes-de-esqui\/caja-de-techo-moby-dick-accion-todo-incluido\/#breadcrumb","itemListElement":[{"@type":"ListItem","position":1,"name":"Home","item":"https:\/\/surfbox.de\/es\/"},{"@type":"ListItem","position":2,"name":"Tienda","item":"https:\/\/surfbox.de\/es\/tienda\/"},{"@type":"ListItem","position":3,"name":"Portaequipajes Moby Dick &#8222;Acci\u00f3n todo incluido&#8220;"}]}]}},"_links":{"self":[{"href":"https:\/\/surfbox.de\/es\/wp-json\/wp\/v2\/product\/22437"}],"collection":[{"href":"https:\/\/surfbox.de\/es\/wp-json\/wp\/v2\/product"}],"about":[{"href":"https:\/\/surfbox.de\/es\/wp-json\/wp\/v2\/types\/product"}],"replies":[{"embeddable":true,"href":"https:\/\/surfbox.de\/es\/wp-json\/wp\/v2\/comments?post=22437"}],"wp:featuredmedia":[{"embeddable":true,"href":"https:\/\/surfbox.de\/es\/wp-json\/wp\/v2\/media\/78880"}],"wp:attachment":[{"href":"https:\/\/surfbox.de\/es\/wp-json\/wp\/v2\/media?parent=22437"}],"wp:term":[{"taxonomy":"product_cat","embeddable":true,"href":"https:\/\/surfbox.de\/es\/wp-json\/wp\/v2\/product_cat?post=22437"},{"taxonomy":"product_tag","embeddable":true,"href":"https:\/\/surfbox.de\/es\/wp-json\/wp\/v2\/product_tag?post=22437"}],"curies":[{"name":"wp","href":"https:\/\/api.w.org\/{rel}","templated":true}]}}