
{"id":23090,"date":"2014-05-19T20:51:11","date_gmt":"2015-01-22T12:09:36","guid":{"rendered":"https:\/\/surfbox.de\/?post_type=product&#038;p=13090"},"modified":"2024-12-17T10:10:14","modified_gmt":"2024-12-17T09:10:14","slug":"portaequipajes-slb-660-con-tabla-de-surf-en-la-cubierta","status":"publish","type":"product","link":"https:\/\/surfbox.de\/es\/cofres-portaequipajes-shop\/portaequipajes\/portaequipajes-para-surfistas\/portaequipajes-slb-660-con-tabla-de-surf-en-la-cubierta\/","title":{"rendered":"Portaequipajes SLB 660 con tabla de surf en la cubierta"},"content":{"rendered":"<p><strong>Acci\u00f3n:<\/strong> <strong>Incluye<\/strong> <strong>estante<\/strong> <strong>de<\/strong> <strong>tabla<\/strong> <strong>de<\/strong> <strong>surf<\/strong> <strong>en<\/strong> <strong>el<\/strong> <strong>portaequipajes<\/strong> <strong>directo<\/strong> <strong>del<\/strong> <strong>fabricante.<\/strong><\/p>\n<p>Claro que un portaequipajes no es lo m\u00e1s importante para una planificaci\u00f3n de vacaciones. Sin embargo, hace unas vacaciones c\u00f3modas y seguras. Con esta peque\u00f1a descripci\u00f3n, tratamos de ofrecer todo completo y listo con nuestros m\u00e1s de 25 a\u00f1os de experiencia. El n\u00famero 1 del mundo en portaequipajes hechos de fibra de vidrio &#8211; \u00a1l\u00edder mediante la calidad!<br \/>\nEl equipo de Mobila<\/p>\n<p><strong>El portaequipajes SLB 660 es un moderno y muy estable portaequipajes de fibra de vidrio (GFK) que est\u00e1 equipado con todas las caracter\u00edsticas de los productos inteligentes. Ideal para el surf y otros d\u00edas de ocio: no solo para el transporte de equipos de surf, sino tambi\u00e9n para el equipo de esqu\u00ed o el resto del equipaje.<\/strong><\/p>\n<p><strong>El SLB 660 est\u00e1 disponible en un elegante blanco brillante.<\/strong> Por un m\u00f3dico precio se puede pedir el SLB 660 en negro brillante, gris brillante y plata brillante. <strong>Accesorios: Portaequipajes con todo incluido.<\/strong><\/p>\n<p><strong>SLB 660 hecho de fibra de vidrio.<\/strong> Portaequipajes exclusivo. <strong>S\u00f3lo<\/strong> <strong>de<\/strong> <strong>Mobila.<\/strong><strong> Este portaequipajes no tiene huecos para difusores de refuerzo. La distancia m\u00ednima de la fijaci\u00f3n posterior al final del portaequipajes es de 74 cm. El \u00e1rea de la instalaci\u00f3n por defecto entre las vigas del techo es de 62 a 121 cm.<\/strong> Sin embargo, puede ser f\u00e1cilmente extendido a su longitud completa, ya que la parte inferior se alarga espec\u00edficamente. El portaequipajes se abre autom\u00e1ticamente con seguridad y puede ser cargado f\u00e1cilmente desde la parte de atr\u00e1s y los lados.<strong> \u00a1Esta es la \u00fanica manera segura de permanecer en la carretera a gran velocidad!<\/strong> Tiene dos frentes atornillados con bisagras de acero inoxidable, dos resortes de gas en el interior y tres abrazaderas traseras de acero inoxidable para evitar la repentina apertura de la caja. Una <strong>protecci\u00f3n contra robo<\/strong> la mantiene as\u00ed completamente integrada autom\u00e1ticamente.<\/p>\n<p><strong>SLB 660 ca. 660 l<\/strong><\/p>\n<p>Este portaequipajes funciona totalmente plano y es ideal para los surfistas que prefieren un portaequipajes extra largo, plano y recto. Puede acomodar f\u00e1cilmente 3-4 m\u00e1stiles, 2-3 botavaras y 5-7 velas. Para transportar una tabla de surf esta debe ser &lt;305\/73 cm. Hay disponible suficiente espacio para objetos peque\u00f1os. Este portaequipajes se usa como el de los modelos para aviones. El portaequipajes est\u00e1 preparado para el transporte de tablas de surf en la cubierta. Dependiendo de la distribuci\u00f3n de la gravedad se elevan los amortiguadores de presi\u00f3n de gas para tablas de surf de hasta 20 kg de forma autom\u00e1tica.<\/p>\n<p><strong>Ejemplo SLB 660<br \/>\n<\/strong><\/p>\n<ul>\n<li><strong>Bastidores de tablas de surf extra\u00edbles<\/strong><\/li>\n<li><strong>Fabricado en fibra de vidrio<\/strong><\/li>\n<li><strong>Accesorios de acero inoxidable incluidos<\/strong><\/li>\n<li><strong>Kit de montaje de acero inoxidable incluido<\/strong><\/li>\n<li><strong>Posibilidad de acero inoxidable T-Steine*<\/strong><\/li>\n<li><strong>Brillante nano-recubrimiento y sellado incluido<\/strong><\/li>\n<li>Totalmente resistente UV<\/li>\n<li>Portaequipajes que se puede cerrar<\/li>\n<li>2 fuertes resortes de gas<\/li>\n<li>Aerodin\u00e1mico, r\u00edgido<\/li>\n<li>Adecuado para todos los veh\u00edculos y sistemas de veh\u00edculos<\/li>\n<li>Montaje variable (superficie pulida)<\/li>\n<li><strong>Dimensiones: aprox. 310 x 81 x 35 cm (la longitud interior m\u00e1xima es de aproximadamente 305 cm)<\/strong><\/li>\n<li><strong>S\u00f3lo 26 kg de peso<\/strong><\/li>\n<li><strong>130 kg de capacidad<\/strong><\/li>\n<\/ul>\n<p><a title=\"Tr\u00e4gertabelle\" href=\"https:\/\/surfbox.de\/es\/traegertabelle-2\/\">\u00bfA\u00fan no est\u00e1 seguro? Haga clic en esta tabla de tama\u00f1os y distancias de montaje.<\/a><\/p>\n<p><a href=\"https:\/\/surfbox.de\/wp-content\/uploads\/2014\/05\/surfcollage3.jpg\"><img loading=\"lazy\" class=\"size-full wp-image-22284 alignleft\" src=\"https:\/\/surfbox.de\/wp-content\/uploads\/2014\/05\/surfcollage3.jpg\" alt=\"Dachbox-SLBsurfcollage3\" width=\"1200\" height=\"300\" srcset=\"https:\/\/surfbox.de\/wp-content\/uploads\/2014\/05\/surfcollage3.jpg 1200w, https:\/\/surfbox.de\/wp-content\/uploads\/2014\/05\/surfcollage3-570x143.jpg 570w, https:\/\/surfbox.de\/wp-content\/uploads\/2014\/05\/surfcollage3-270x67.jpg 270w\" sizes=\"(max-width: 1200px) 100vw, 1200px\" \/><\/a><\/p>\n<p><a href=\"https:\/\/surfbox.de\/wp-content\/uploads\/2014\/05\/beschreibung+dekra.jpg\"><img loading=\"lazy\" class=\"alignnone wp-image-22259\" src=\"https:\/\/surfbox.de\/wp-content\/uploads\/2014\/05\/beschreibung+dekra.jpg\" alt=\"beschreibung+dekra\" width=\"1131\" height=\"216\" srcset=\"https:\/\/surfbox.de\/wp-content\/uploads\/2014\/05\/beschreibung+dekra.jpg 1570w, https:\/\/surfbox.de\/wp-content\/uploads\/2014\/05\/beschreibung+dekra-570x109.jpg 570w, https:\/\/surfbox.de\/wp-content\/uploads\/2014\/05\/beschreibung+dekra-270x51.jpg 270w\" sizes=\"(max-width: 1131px) 100vw, 1131px\" \/><\/a><br \/>\n<a href=\"https:\/\/surfbox.de\/wp-content\/uploads\/2014\/05\/Weiterescollage.jpg\"><img loading=\"lazy\" class=\"alignnone size-full wp-image-22264\" src=\"https:\/\/surfbox.de\/wp-content\/uploads\/2014\/05\/Weiterescollage.jpg\" alt=\"Weiterescollage\" width=\"1200\" height=\"300\" srcset=\"https:\/\/surfbox.de\/wp-content\/uploads\/2014\/05\/Weiterescollage.jpg 1200w, https:\/\/surfbox.de\/wp-content\/uploads\/2014\/05\/Weiterescollage-570x143.jpg 570w, https:\/\/surfbox.de\/wp-content\/uploads\/2014\/05\/Weiterescollage-270x67.jpg 270w\" sizes=\"(max-width: 1200px) 100vw, 1200px\" \/><\/a><\/p>\n<p><a href=\"https:\/\/surfbox.de\/wp-content\/uploads\/2014\/05\/Befestigungscollage-1200px.jpg\"><img loading=\"lazy\" class=\"alignnone size-full wp-image-22254\" src=\"https:\/\/surfbox.de\/wp-content\/uploads\/2014\/05\/Befestigungscollage-1200px.jpg\" alt=\"Befestigungscollage 1200px\" width=\"1200\" height=\"300\" srcset=\"https:\/\/surfbox.de\/wp-content\/uploads\/2014\/05\/Befestigungscollage-1200px.jpg 1200w, https:\/\/surfbox.de\/wp-content\/uploads\/2014\/05\/Befestigungscollage-1200px-570x143.jpg 570w, https:\/\/surfbox.de\/wp-content\/uploads\/2014\/05\/Befestigungscollage-1200px-270x67.jpg 270w\" sizes=\"(max-width: 1200px) 100vw, 1200px\" \/><\/a><\/p>\n<h1>Instrucciones de seguridad<\/h1>\n<p>Siga las instrucciones de montaje de la caja. Los tornillos s\u00f3lo se aprietan a mano. No conduzca nunca con los cierres abiertos, ni siquiera con la tapa abierta. El comportamiento de conducci\u00f3n de su veh\u00edculo cambia como consecuencia de la caja (sensibilidad lateral, comportamiento en curvas y frenado), especialmente cuando est\u00e1 cargado. El estilo de conducci\u00f3n y la velocidad deben adaptarse al comportamiento de conducci\u00f3n modificado. Observe tambi\u00e9n las instrucciones de uso de su veh\u00edculo y del portaequipajes en lo que se refiere a la velocidad y la carga con baca.<\/p>\n","protected":false},"excerpt":{"rendered":"<p>Acci\u00f3n: Incluye estante de tabla de surf en el portaequipajes directo del fabricante. Claro que un portaequipajes no es lo m\u00e1s importante para una planificaci\u00f3n de vacaciones. Sin embargo, hace unas vacaciones c\u00f3modas y seguras. Con esta peque\u00f1a descripci\u00f3n, tratamos de ofrecer todo completo y listo con nuestros m\u00e1s de 25 a\u00f1os de experiencia. El&hellip;<\/p>\n","protected":false},"featured_media":77487,"comment_status":"closed","ping_status":"closed","template":"","meta":[],"product_cat":[185],"product_tag":[],"yoast_head":"<!-- This site is optimized with the Yoast SEO plugin v17.9 - https:\/\/yoast.com\/wordpress\/plugins\/seo\/ -->\n<title>Portaequipajes SLB 660 con tabla de surf en la cubierta - ba\u00fal de techo hecha de GRP por Mobila<\/title>\n<meta name=\"description\" content=\"In unserem Shop finden Sie hochwertige Dachboxen in edlem Design. Sie sind Windkanal getestet und Verbrauchs sparend. F\u00fcr Camping, Wasser- und Wintersport uvm. Qualit\u00e4t seit 1989.\" \/>\n<meta name=\"robots\" content=\"index, follow, max-snippet:-1, max-image-preview:large, max-video-preview:-1\" \/>\n<link rel=\"canonical\" href=\"https:\/\/surfbox.de\/es\/cofres-portaequipajes-shop\/portaequipajes\/portaequipajes-para-surfistas\/portaequipajes-slb-660-con-tabla-de-surf-en-la-cubierta\/\" \/>\n<meta property=\"og:locale\" content=\"es_ES\" \/>\n<meta property=\"og:type\" content=\"article\" \/>\n<meta property=\"og:title\" content=\"Portaequipajes SLB 660 con tabla de surf en la cubierta - ba\u00fal de techo hecha de GRP por Mobila\" \/>\n<meta property=\"og:description\" content=\"In unserem Shop finden Sie hochwertige Dachboxen in edlem Design. Sie sind Windkanal getestet und Verbrauchs sparend. F\u00fcr Camping, Wasser- und Wintersport uvm. Qualit\u00e4t seit 1989.\" \/>\n<meta property=\"og:url\" content=\"https:\/\/surfbox.de\/es\/cofres-portaequipajes-shop\/portaequipajes\/portaequipajes-para-surfistas\/portaequipajes-slb-660-con-tabla-de-surf-en-la-cubierta\/\" \/>\n<meta property=\"og:site_name\" content=\"ba\u00fal de techo hecha de GRP por Mobila\" \/>\n<meta property=\"article:modified_time\" content=\"2024-12-17T09:10:14+00:00\" \/>\n<meta property=\"og:image\" content=\"https:\/\/surfbox.de\/wp-content\/uploads\/2014\/05\/Surfbox_Bmw451.jpg\" \/>\n\t<meta property=\"og:image:width\" content=\"400\" \/>\n\t<meta property=\"og:image:height\" content=\"267\" \/>\n\t<meta property=\"og:image:type\" content=\"image\/jpeg\" \/>\n<meta name=\"twitter:label1\" content=\"Availability\" \/>\n\t<meta name=\"twitter:data1\" content=\"In stock\" \/>\n<script type=\"application\/ld+json\" class=\"yoast-schema-graph\">{\"@context\":\"https:\/\/schema.org\",\"@graph\":[{\"@type\":\"WebSite\",\"@id\":\"https:\/\/surfbox.de\/#website\",\"url\":\"https:\/\/surfbox.de\/\",\"name\":\"ba\\u00fal de techo hecha de GRP por Mobila\",\"description\":\"Mobila GmbH produces premium roof boxes skiboxes &amp; Surf boxes\",\"potentialAction\":[{\"@type\":\"SearchAction\",\"target\":{\"@type\":\"EntryPoint\",\"urlTemplate\":\"https:\/\/surfbox.de\/?s={search_term_string}\"},\"query-input\":\"required name=search_term_string\"}],\"inLanguage\":\"es\"},{\"@type\":\"ImageObject\",\"@id\":\"https:\/\/surfbox.de\/es\/cofres-portaequipajes-shop\/portaequipajes\/portaequipajes-para-surfistas\/portaequipajes-slb-660-con-tabla-de-surf-en-la-cubierta\/#primaryimage\",\"inLanguage\":\"es\",\"url\":\"https:\/\/surfbox.de\/wp-content\/uploads\/2014\/05\/Surfbox_Bmw451.jpg\",\"contentUrl\":\"https:\/\/surfbox.de\/wp-content\/uploads\/2014\/05\/Surfbox_Bmw451.jpg\",\"width\":400,\"height\":267},{\"@type\":\"WebPage\",\"@id\":\"https:\/\/surfbox.de\/es\/cofres-portaequipajes-shop\/portaequipajes\/portaequipajes-para-surfistas\/portaequipajes-slb-660-con-tabla-de-surf-en-la-cubierta\/#webpage\",\"url\":\"https:\/\/surfbox.de\/es\/cofres-portaequipajes-shop\/portaequipajes\/portaequipajes-para-surfistas\/portaequipajes-slb-660-con-tabla-de-surf-en-la-cubierta\/\",\"name\":\"Portaequipajes SLB 660 con tabla de surf en la cubierta - ba\\u00fal de techo hecha de GRP por Mobila\",\"isPartOf\":{\"@id\":\"https:\/\/surfbox.de\/#website\"},\"primaryImageOfPage\":{\"@id\":\"https:\/\/surfbox.de\/es\/cofres-portaequipajes-shop\/portaequipajes\/portaequipajes-para-surfistas\/portaequipajes-slb-660-con-tabla-de-surf-en-la-cubierta\/#primaryimage\"},\"datePublished\":\"2015-01-22T12:09:36+00:00\",\"dateModified\":\"2024-12-17T09:10:14+00:00\",\"description\":\"In unserem Shop finden Sie hochwertige Dachboxen in edlem Design. Sie sind Windkanal getestet und Verbrauchs sparend. F\\u00fcr Camping, Wasser- und Wintersport uvm. Qualit\\u00e4t seit 1989.\",\"breadcrumb\":{\"@id\":\"https:\/\/surfbox.de\/es\/cofres-portaequipajes-shop\/portaequipajes\/portaequipajes-para-surfistas\/portaequipajes-slb-660-con-tabla-de-surf-en-la-cubierta\/#breadcrumb\"},\"inLanguage\":\"es\",\"potentialAction\":[{\"@type\":\"ReadAction\",\"target\":[\"https:\/\/surfbox.de\/es\/cofres-portaequipajes-shop\/portaequipajes\/portaequipajes-para-surfistas\/portaequipajes-slb-660-con-tabla-de-surf-en-la-cubierta\/\"]}]},{\"@type\":\"BreadcrumbList\",\"@id\":\"https:\/\/surfbox.de\/es\/cofres-portaequipajes-shop\/portaequipajes\/portaequipajes-para-surfistas\/portaequipajes-slb-660-con-tabla-de-surf-en-la-cubierta\/#breadcrumb\",\"itemListElement\":[{\"@type\":\"ListItem\",\"position\":1,\"name\":\"Home\",\"item\":\"https:\/\/surfbox.de\/es\/\"},{\"@type\":\"ListItem\",\"position\":2,\"name\":\"Tienda\",\"item\":\"https:\/\/surfbox.de\/es\/tienda\/\"},{\"@type\":\"ListItem\",\"position\":3,\"name\":\"Portaequipajes SLB 660 con tabla de surf en la cubierta\"}]}]}<\/script>\n<!-- \/ Yoast SEO plugin. -->","yoast_head_json":{"title":"Portaequipajes SLB 660 con tabla de surf en la cubierta - ba\u00fal de techo hecha de GRP por Mobila","description":"In unserem Shop finden Sie hochwertige Dachboxen in edlem Design. Sie sind Windkanal getestet und Verbrauchs sparend. F\u00fcr Camping, Wasser- und Wintersport uvm. Qualit\u00e4t seit 1989.","robots":{"index":"index","follow":"follow","max-snippet":"max-snippet:-1","max-image-preview":"max-image-preview:large","max-video-preview":"max-video-preview:-1"},"canonical":"https:\/\/surfbox.de\/es\/cofres-portaequipajes-shop\/portaequipajes\/portaequipajes-para-surfistas\/portaequipajes-slb-660-con-tabla-de-surf-en-la-cubierta\/","og_locale":"es_ES","og_type":"article","og_title":"Portaequipajes SLB 660 con tabla de surf en la cubierta - ba\u00fal de techo hecha de GRP por Mobila","og_description":"In unserem Shop finden Sie hochwertige Dachboxen in edlem Design. Sie sind Windkanal getestet und Verbrauchs sparend. F\u00fcr Camping, Wasser- und Wintersport uvm. Qualit\u00e4t seit 1989.","og_url":"https:\/\/surfbox.de\/es\/cofres-portaequipajes-shop\/portaequipajes\/portaequipajes-para-surfistas\/portaequipajes-slb-660-con-tabla-de-surf-en-la-cubierta\/","og_site_name":"ba\u00fal de techo hecha de GRP por Mobila","article_modified_time":"2024-12-17T09:10:14+00:00","og_image":[{"width":400,"height":267,"url":"https:\/\/surfbox.de\/wp-content\/uploads\/2014\/05\/Surfbox_Bmw451.jpg","type":"image\/jpeg"}],"twitter_misc":{"Availability":"In stock"},"schema":{"@context":"https:\/\/schema.org","@graph":[{"@type":"WebSite","@id":"https:\/\/surfbox.de\/#website","url":"https:\/\/surfbox.de\/","name":"ba\u00fal de techo hecha de GRP por Mobila","description":"Mobila GmbH produces premium roof boxes skiboxes &amp; Surf boxes","potentialAction":[{"@type":"SearchAction","target":{"@type":"EntryPoint","urlTemplate":"https:\/\/surfbox.de\/?s={search_term_string}"},"query-input":"required name=search_term_string"}],"inLanguage":"es"},{"@type":"ImageObject","@id":"https:\/\/surfbox.de\/es\/cofres-portaequipajes-shop\/portaequipajes\/portaequipajes-para-surfistas\/portaequipajes-slb-660-con-tabla-de-surf-en-la-cubierta\/#primaryimage","inLanguage":"es","url":"https:\/\/surfbox.de\/wp-content\/uploads\/2014\/05\/Surfbox_Bmw451.jpg","contentUrl":"https:\/\/surfbox.de\/wp-content\/uploads\/2014\/05\/Surfbox_Bmw451.jpg","width":400,"height":267},{"@type":"WebPage","@id":"https:\/\/surfbox.de\/es\/cofres-portaequipajes-shop\/portaequipajes\/portaequipajes-para-surfistas\/portaequipajes-slb-660-con-tabla-de-surf-en-la-cubierta\/#webpage","url":"https:\/\/surfbox.de\/es\/cofres-portaequipajes-shop\/portaequipajes\/portaequipajes-para-surfistas\/portaequipajes-slb-660-con-tabla-de-surf-en-la-cubierta\/","name":"Portaequipajes SLB 660 con tabla de surf en la cubierta - ba\u00fal de techo hecha de GRP por Mobila","isPartOf":{"@id":"https:\/\/surfbox.de\/#website"},"primaryImageOfPage":{"@id":"https:\/\/surfbox.de\/es\/cofres-portaequipajes-shop\/portaequipajes\/portaequipajes-para-surfistas\/portaequipajes-slb-660-con-tabla-de-surf-en-la-cubierta\/#primaryimage"},"datePublished":"2015-01-22T12:09:36+00:00","dateModified":"2024-12-17T09:10:14+00:00","description":"In unserem Shop finden Sie hochwertige Dachboxen in edlem Design. Sie sind Windkanal getestet und Verbrauchs sparend. F\u00fcr Camping, Wasser- und Wintersport uvm. Qualit\u00e4t seit 1989.","breadcrumb":{"@id":"https:\/\/surfbox.de\/es\/cofres-portaequipajes-shop\/portaequipajes\/portaequipajes-para-surfistas\/portaequipajes-slb-660-con-tabla-de-surf-en-la-cubierta\/#breadcrumb"},"inLanguage":"es","potentialAction":[{"@type":"ReadAction","target":["https:\/\/surfbox.de\/es\/cofres-portaequipajes-shop\/portaequipajes\/portaequipajes-para-surfistas\/portaequipajes-slb-660-con-tabla-de-surf-en-la-cubierta\/"]}]},{"@type":"BreadcrumbList","@id":"https:\/\/surfbox.de\/es\/cofres-portaequipajes-shop\/portaequipajes\/portaequipajes-para-surfistas\/portaequipajes-slb-660-con-tabla-de-surf-en-la-cubierta\/#breadcrumb","itemListElement":[{"@type":"ListItem","position":1,"name":"Home","item":"https:\/\/surfbox.de\/es\/"},{"@type":"ListItem","position":2,"name":"Tienda","item":"https:\/\/surfbox.de\/es\/tienda\/"},{"@type":"ListItem","position":3,"name":"Portaequipajes SLB 660 con tabla de surf en la cubierta"}]}]}},"_links":{"self":[{"href":"https:\/\/surfbox.de\/es\/wp-json\/wp\/v2\/product\/23090"}],"collection":[{"href":"https:\/\/surfbox.de\/es\/wp-json\/wp\/v2\/product"}],"about":[{"href":"https:\/\/surfbox.de\/es\/wp-json\/wp\/v2\/types\/product"}],"replies":[{"embeddable":true,"href":"https:\/\/surfbox.de\/es\/wp-json\/wp\/v2\/comments?post=23090"}],"wp:featuredmedia":[{"embeddable":true,"href":"https:\/\/surfbox.de\/es\/wp-json\/wp\/v2\/media\/77487"}],"wp:attachment":[{"href":"https:\/\/surfbox.de\/es\/wp-json\/wp\/v2\/media?parent=23090"}],"wp:term":[{"taxonomy":"product_cat","embeddable":true,"href":"https:\/\/surfbox.de\/es\/wp-json\/wp\/v2\/product_cat?post=23090"},{"taxonomy":"product_tag","embeddable":true,"href":"https:\/\/surfbox.de\/es\/wp-json\/wp\/v2\/product_tag?post=23090"}],"curies":[{"name":"wp","href":"https:\/\/api.w.org\/{rel}","templated":true}]}}