
{"id":26015,"date":"2015-05-06T15:48:54","date_gmt":"2015-05-06T13:48:55","guid":{"rendered":""},"modified":"2015-05-06T16:17:40","modified_gmt":"2015-05-06T14:17:40","slug":"cofre-de-techo-beluga-golf-y-cometas-ventaja-a-traves-de-calidad-kopieren","status":"publish","type":"product","link":"https:\/\/surfbox.de\/es\/cofres-portaequipajes-shop\/portaequipajes\/portaequipajes-para-surfistas\/cofre-de-techo-beluga-golf-y-cometas-ventaja-a-traves-de-calidad-kopieren\/","title":{"rendered":"Cofre de Techo Beluga \u00abGolf y Cometas\u00bb ventaja a trav\u00e9s de calidad"},"content":{"rendered":"<p><strong>Acci\u00f3n: Directo del fabricante<\/strong><\/p>\n<p>Claro que un portaequipajes no es lo m\u00e1s importante para una planificaci\u00f3n de vacaciones. Sin embargo, hace unas vacaciones c\u00f3modas y seguras. Con esta peque\u00f1a descripci\u00f3n, tratamos de ofrecer todo completo y listo con nuestros m\u00e1s de 25 a\u00f1os de experiencia. El n\u00famero 1 del mundo en portaequipajes hechos de fibra de vidrio &#8211; \u00a1l\u00edder mediante la calidad!<br \/>\nEl equipo de Mobila<\/p>\n<p><strong>El cofre de techo Beluga es un cofre moderno y muy robusto de fibra de vidrio (GRP), equipado con todas las caracter\u00edsticas del producto inteligente. Ideal para las vacaciones de surf y esqu\u00ed: en \u00e9l se pueden transportar c\u00f3modamente esqu\u00eds tipo carving y tablas de snowboard.<\/strong><\/p>\n<p><strong>El Beluga est\u00e1 disponible en un elegante blanco brillante,\u00a0negro brillante o gris brillante. <\/strong>Por un m\u00f3dico precio se puede pedir el Beluga en plata brillante.<strong> Accesorios: Portaequipajes con todo incluido. Im\u00e1genes muestran BELUGA con el titular de surf. La Galer\u00eda de Surf s\u00f3lo est\u00e1 disponible como una opci\u00f3n.<\/strong><\/p>\n<p><strong>Beluga hecho de fibra de vidrio.<\/strong> Portaequipajes exclusivo. <strong>S\u00f3lo de Mobila. Este portaequipajes no tiene huecos para difusores de refuerzo. La distancia m\u00ednima de la fijaci\u00f3n posterior al final del portaequipajes es de 41 cm. El \u00e1rea de la instalaci\u00f3n por defecto entre las vigas del techo es de 51 a 107 cm. <\/strong>Sin embargo, puede ser f\u00e1cilmente extendido a su longitud completa, ya que la parte inferior se alarga espec\u00edficamente. El portaequipajes se abre autom\u00e1ticamente con seguridad y puede ser cargado f\u00e1cilmente desde la parte de atr\u00e1s y los lados.<strong> \u00a1Esta es la \u00fanica manera segura de permanecer en la carretera a gran velocidad! <\/strong>Tiene dos frentes atornillados con bisagras de acero inoxidable, dos resortes de gas en el interior y tres abrazaderas traseras de acero inoxidable para evitar la repentina apertura de la caja. Una <strong>protecci\u00f3n contra robo<\/strong> la mantiene as\u00ed completamente integrada autom\u00e1ticamente.<\/p>\n<p><strong>Beluga ca. 760 l<\/strong><\/p>\n<p>El cofre de coche ideal para aficionados al golf o al kitesurf. Como kiter, Usted tiene la posibilidad de guardar entre tres y cuatro bolsas de kitesurf. Cuando usted pide la adici\u00f3n galer\u00eda de surf, puede adjuntar sus tablas de kite en la parte superior de la caja. Si Usted juega al golf, puede meter varias bolsas de golf en el cofre de coche o puede usar el Beluga exclusivamente para su gran equipaje de vacaciones. Incluso el transporte de un carrito de beb\u00e9 en este cofre de coche es un juego de ni\u00f1os. Estos cofres de coche pueden cargarse totalmente con unos inigualables 95 kg y la tapa abatible se puede abrir f\u00e1cilmente.<\/p>\n<p><strong>Ejemplo Beluga<br \/>\n<\/strong><\/p>\n<ul>\n<li><strong>Fabricado en fibra de vidrio<\/strong><\/li>\n<li><strong>Se pueden alcanzar los 200 km\/h \u00a0<\/strong><\/li>\n<li><strong>Accesorios de acero inoxidable incluidos <\/strong><\/li>\n<li><strong>Kit de montaje de acero inoxidable incluido <\/strong><\/li>\n<li><strong>Sujeci\u00f3n en forma de T de acero inoxidable (para soportes de aluminio, como los Wingbar de Thule) incluida \u00a0<\/strong><\/li>\n<li><strong>Brillante nano-recubrimiento y sellado incluido<\/strong><\/li>\n<li>Correas tensoras incluidas<\/li>\n<li>Totalmente resistente UV<\/li>\n<li>Portaequipajes que se puede cerrar<\/li>\n<li>2 fuertes resortes de gas<\/li>\n<li><strong>La Galer\u00eda de Surf s\u00f3lo est\u00e1 disponible como una opci\u00f3n<\/strong><\/li>\n<li>Aerodin\u00e1mico, r\u00edgido<\/li>\n<li>Adecuado para todos los veh\u00edculos y sistemas de veh\u00edculos<\/li>\n<li>Montaje variable (superficie pulida)<\/li>\n<li><strong>Dimensiones: aprox. 200 x 90 x 50 cm (la longitud interior m\u00e1xima es de aproximadamente 195 cm) <\/strong><\/li>\n<li><strong>S\u00f3lo 20 kg de peso <\/strong><\/li>\n<li><strong>95 kg de capacidad<\/strong><\/li>\n<\/ul>\n<p><a title=\"Tr\u00e4gertabelle\" href=\"https:\/\/surfbox.de\/es\/traegertabelle-2\/\">\u00bfA\u00fan no est\u00e1 seguro? Haga clic en esta tabla de tama\u00f1os y distancias de montaje.<\/a><\/p>\n<p>&nbsp;<\/p>\n<p><a href=\"https:\/\/surfbox.de\/wp-content\/uploads\/2014\/05\/beschreibung+dekra.jpg\"><img loading=\"lazy\" class=\"alignnone  wp-image-22259\" src=\"https:\/\/surfbox.de\/wp-content\/uploads\/2014\/05\/beschreibung+dekra.jpg\" alt=\"beschreibung+dekra\" width=\"1131\" height=\"216\" srcset=\"https:\/\/surfbox.de\/wp-content\/uploads\/2014\/05\/beschreibung+dekra.jpg 1570w, https:\/\/surfbox.de\/wp-content\/uploads\/2014\/05\/beschreibung+dekra-570x109.jpg 570w, https:\/\/surfbox.de\/wp-content\/uploads\/2014\/05\/beschreibung+dekra-270x51.jpg 270w\" sizes=\"(max-width: 1131px) 100vw, 1131px\" \/><\/a><\/p>\n<p><a href=\"https:\/\/surfbox.de\/wp-content\/uploads\/2014\/05\/Weiterescollage.jpg\"><img loading=\"lazy\" class=\"alignnone size-full wp-image-22264\" src=\"https:\/\/surfbox.de\/wp-content\/uploads\/2014\/05\/Weiterescollage.jpg\" alt=\"Weiterescollage\" width=\"1200\" height=\"300\" srcset=\"https:\/\/surfbox.de\/wp-content\/uploads\/2014\/05\/Weiterescollage.jpg 1200w, https:\/\/surfbox.de\/wp-content\/uploads\/2014\/05\/Weiterescollage-570x143.jpg 570w, https:\/\/surfbox.de\/wp-content\/uploads\/2014\/05\/Weiterescollage-270x67.jpg 270w\" sizes=\"(max-width: 1200px) 100vw, 1200px\" \/><\/a><\/p>\n<p><a href=\"https:\/\/surfbox.de\/wp-content\/uploads\/2014\/05\/Befestigungscollage-1200px.jpg\"><img loading=\"lazy\" class=\"alignnone size-full wp-image-22254\" src=\"https:\/\/surfbox.de\/wp-content\/uploads\/2014\/05\/Befestigungscollage-1200px.jpg\" alt=\"Befestigungscollage 1200px\" width=\"1200\" height=\"300\" srcset=\"https:\/\/surfbox.de\/wp-content\/uploads\/2014\/05\/Befestigungscollage-1200px.jpg 1200w, https:\/\/surfbox.de\/wp-content\/uploads\/2014\/05\/Befestigungscollage-1200px-570x143.jpg 570w, https:\/\/surfbox.de\/wp-content\/uploads\/2014\/05\/Befestigungscollage-1200px-270x67.jpg 270w\" sizes=\"(max-width: 1200px) 100vw, 1200px\" \/><\/a><\/p>\n","protected":false},"excerpt":{"rendered":"<p>Acci\u00f3n: Directo del fabricante Claro que un portaequipajes no es lo m\u00e1s importante para una planificaci\u00f3n de vacaciones. Sin embargo, hace unas vacaciones c\u00f3modas y seguras. Con esta peque\u00f1a descripci\u00f3n, tratamos de ofrecer todo completo y listo con nuestros m\u00e1s de 25 a\u00f1os de experiencia. El n\u00famero 1 del mundo en portaequipajes hechos de fibra&hellip;<\/p>\n","protected":false},"featured_media":77821,"comment_status":"closed","ping_status":"closed","template":"","meta":[],"product_cat":[185],"product_tag":[],"yoast_head":"<!-- This site is optimized with the Yoast SEO plugin v17.9 - https:\/\/yoast.com\/wordpress\/plugins\/seo\/ -->\n<title>Cofre de Techo Beluga &quot;Golf y Cometas&quot; ventaja a trav\u00e9s de calidad - ba\u00fal de techo hecha de GRP por Mobila<\/title>\n<meta name=\"description\" content=\"In unserem Shop finden Sie hochwertige Dachboxen in edlem Design. Sie sind Windkanal getestet und Verbrauchs sparend. F\u00fcr Camping, Wasser- und Wintersport uvm. Qualit\u00e4t seit 1989.\" \/>\n<meta name=\"robots\" content=\"index, follow, max-snippet:-1, max-image-preview:large, max-video-preview:-1\" \/>\n<link rel=\"canonical\" href=\"https:\/\/surfbox.de\/es\/cofres-portaequipajes-shop\/portaequipajes\/portaequipajes-para-surfistas\/cofre-de-techo-beluga-golf-y-cometas-ventaja-a-traves-de-calidad-kopieren\/\" \/>\n<meta property=\"og:locale\" content=\"es_ES\" \/>\n<meta property=\"og:type\" content=\"article\" \/>\n<meta property=\"og:title\" content=\"Cofre de Techo Beluga &quot;Golf y Cometas&quot; ventaja a trav\u00e9s de calidad - ba\u00fal de techo hecha de GRP por Mobila\" \/>\n<meta property=\"og:description\" content=\"In unserem Shop finden Sie hochwertige Dachboxen in edlem Design. Sie sind Windkanal getestet und Verbrauchs sparend. F\u00fcr Camping, Wasser- und Wintersport uvm. Qualit\u00e4t seit 1989.\" \/>\n<meta property=\"og:url\" content=\"https:\/\/surfbox.de\/es\/cofres-portaequipajes-shop\/portaequipajes\/portaequipajes-para-surfistas\/cofre-de-techo-beluga-golf-y-cometas-ventaja-a-traves-de-calidad-kopieren\/\" \/>\n<meta property=\"og:site_name\" content=\"ba\u00fal de techo hecha de GRP por Mobila\" \/>\n<meta property=\"article:modified_time\" content=\"2015-05-06T14:17:40+00:00\" \/>\n<meta property=\"og:image\" content=\"https:\/\/surfbox.de\/wp-content\/uploads\/2018\/01\/unscharf-3.jpg\" \/>\n\t<meta property=\"og:image:width\" content=\"3699\" \/>\n\t<meta property=\"og:image:height\" content=\"2256\" \/>\n\t<meta property=\"og:image:type\" content=\"image\/jpeg\" \/>\n<meta name=\"twitter:label1\" content=\"Availability\" \/>\n\t<meta name=\"twitter:data1\" content=\"In stock\" \/>\n<script type=\"application\/ld+json\" class=\"yoast-schema-graph\">{\"@context\":\"https:\/\/schema.org\",\"@graph\":[{\"@type\":\"WebSite\",\"@id\":\"https:\/\/surfbox.de\/#website\",\"url\":\"https:\/\/surfbox.de\/\",\"name\":\"ba\\u00fal de techo hecha de GRP por Mobila\",\"description\":\"Mobila GmbH produces premium roof boxes skiboxes &amp; Surf boxes\",\"potentialAction\":[{\"@type\":\"SearchAction\",\"target\":{\"@type\":\"EntryPoint\",\"urlTemplate\":\"https:\/\/surfbox.de\/?s={search_term_string}\"},\"query-input\":\"required name=search_term_string\"}],\"inLanguage\":\"es\"},{\"@type\":\"ImageObject\",\"@id\":\"https:\/\/surfbox.de\/es\/cofres-portaequipajes-shop\/portaequipajes\/portaequipajes-para-surfistas\/cofre-de-techo-beluga-golf-y-cometas-ventaja-a-traves-de-calidad-kopieren\/#primaryimage\",\"inLanguage\":\"es\",\"url\":\"https:\/\/surfbox.de\/wp-content\/uploads\/2018\/01\/unscharf-3.jpg\",\"contentUrl\":\"https:\/\/surfbox.de\/wp-content\/uploads\/2018\/01\/unscharf-3.jpg\",\"width\":3699,\"height\":2256},{\"@type\":\"WebPage\",\"@id\":\"https:\/\/surfbox.de\/es\/cofres-portaequipajes-shop\/portaequipajes\/portaequipajes-para-surfistas\/cofre-de-techo-beluga-golf-y-cometas-ventaja-a-traves-de-calidad-kopieren\/#webpage\",\"url\":\"https:\/\/surfbox.de\/es\/cofres-portaequipajes-shop\/portaequipajes\/portaequipajes-para-surfistas\/cofre-de-techo-beluga-golf-y-cometas-ventaja-a-traves-de-calidad-kopieren\/\",\"name\":\"Cofre de Techo Beluga \\\"Golf y Cometas\\\" ventaja a trav\\u00e9s de calidad - ba\\u00fal de techo hecha de GRP por Mobila\",\"isPartOf\":{\"@id\":\"https:\/\/surfbox.de\/#website\"},\"primaryImageOfPage\":{\"@id\":\"https:\/\/surfbox.de\/es\/cofres-portaequipajes-shop\/portaequipajes\/portaequipajes-para-surfistas\/cofre-de-techo-beluga-golf-y-cometas-ventaja-a-traves-de-calidad-kopieren\/#primaryimage\"},\"datePublished\":\"2015-05-06T13:48:55+00:00\",\"dateModified\":\"2015-05-06T14:17:40+00:00\",\"description\":\"In unserem Shop finden Sie hochwertige Dachboxen in edlem Design. Sie sind Windkanal getestet und Verbrauchs sparend. F\\u00fcr Camping, Wasser- und Wintersport uvm. Qualit\\u00e4t seit 1989.\",\"breadcrumb\":{\"@id\":\"https:\/\/surfbox.de\/es\/cofres-portaequipajes-shop\/portaequipajes\/portaequipajes-para-surfistas\/cofre-de-techo-beluga-golf-y-cometas-ventaja-a-traves-de-calidad-kopieren\/#breadcrumb\"},\"inLanguage\":\"es\",\"potentialAction\":[{\"@type\":\"ReadAction\",\"target\":[\"https:\/\/surfbox.de\/es\/cofres-portaequipajes-shop\/portaequipajes\/portaequipajes-para-surfistas\/cofre-de-techo-beluga-golf-y-cometas-ventaja-a-traves-de-calidad-kopieren\/\"]}]},{\"@type\":\"BreadcrumbList\",\"@id\":\"https:\/\/surfbox.de\/es\/cofres-portaequipajes-shop\/portaequipajes\/portaequipajes-para-surfistas\/cofre-de-techo-beluga-golf-y-cometas-ventaja-a-traves-de-calidad-kopieren\/#breadcrumb\",\"itemListElement\":[{\"@type\":\"ListItem\",\"position\":1,\"name\":\"Home\",\"item\":\"https:\/\/surfbox.de\/es\/\"},{\"@type\":\"ListItem\",\"position\":2,\"name\":\"Tienda\",\"item\":\"https:\/\/surfbox.de\/es\/tienda\/\"},{\"@type\":\"ListItem\",\"position\":3,\"name\":\"Cofre de Techo Beluga &#8222;Golf y Cometas&#8220; ventaja a trav\\u00e9s de calidad\"}]}]}<\/script>\n<!-- \/ Yoast SEO plugin. -->","yoast_head_json":{"title":"Cofre de Techo Beluga \"Golf y Cometas\" ventaja a trav\u00e9s de calidad - ba\u00fal de techo hecha de GRP por Mobila","description":"In unserem Shop finden Sie hochwertige Dachboxen in edlem Design. Sie sind Windkanal getestet und Verbrauchs sparend. F\u00fcr Camping, Wasser- und Wintersport uvm. Qualit\u00e4t seit 1989.","robots":{"index":"index","follow":"follow","max-snippet":"max-snippet:-1","max-image-preview":"max-image-preview:large","max-video-preview":"max-video-preview:-1"},"canonical":"https:\/\/surfbox.de\/es\/cofres-portaequipajes-shop\/portaequipajes\/portaequipajes-para-surfistas\/cofre-de-techo-beluga-golf-y-cometas-ventaja-a-traves-de-calidad-kopieren\/","og_locale":"es_ES","og_type":"article","og_title":"Cofre de Techo Beluga \"Golf y Cometas\" ventaja a trav\u00e9s de calidad - ba\u00fal de techo hecha de GRP por Mobila","og_description":"In unserem Shop finden Sie hochwertige Dachboxen in edlem Design. Sie sind Windkanal getestet und Verbrauchs sparend. F\u00fcr Camping, Wasser- und Wintersport uvm. Qualit\u00e4t seit 1989.","og_url":"https:\/\/surfbox.de\/es\/cofres-portaequipajes-shop\/portaequipajes\/portaequipajes-para-surfistas\/cofre-de-techo-beluga-golf-y-cometas-ventaja-a-traves-de-calidad-kopieren\/","og_site_name":"ba\u00fal de techo hecha de GRP por Mobila","article_modified_time":"2015-05-06T14:17:40+00:00","og_image":[{"width":3699,"height":2256,"url":"https:\/\/surfbox.de\/wp-content\/uploads\/2018\/01\/unscharf-3.jpg","type":"image\/jpeg"}],"twitter_misc":{"Availability":"In stock"},"schema":{"@context":"https:\/\/schema.org","@graph":[{"@type":"WebSite","@id":"https:\/\/surfbox.de\/#website","url":"https:\/\/surfbox.de\/","name":"ba\u00fal de techo hecha de GRP por Mobila","description":"Mobila GmbH produces premium roof boxes skiboxes &amp; Surf boxes","potentialAction":[{"@type":"SearchAction","target":{"@type":"EntryPoint","urlTemplate":"https:\/\/surfbox.de\/?s={search_term_string}"},"query-input":"required name=search_term_string"}],"inLanguage":"es"},{"@type":"ImageObject","@id":"https:\/\/surfbox.de\/es\/cofres-portaequipajes-shop\/portaequipajes\/portaequipajes-para-surfistas\/cofre-de-techo-beluga-golf-y-cometas-ventaja-a-traves-de-calidad-kopieren\/#primaryimage","inLanguage":"es","url":"https:\/\/surfbox.de\/wp-content\/uploads\/2018\/01\/unscharf-3.jpg","contentUrl":"https:\/\/surfbox.de\/wp-content\/uploads\/2018\/01\/unscharf-3.jpg","width":3699,"height":2256},{"@type":"WebPage","@id":"https:\/\/surfbox.de\/es\/cofres-portaequipajes-shop\/portaequipajes\/portaequipajes-para-surfistas\/cofre-de-techo-beluga-golf-y-cometas-ventaja-a-traves-de-calidad-kopieren\/#webpage","url":"https:\/\/surfbox.de\/es\/cofres-portaequipajes-shop\/portaequipajes\/portaequipajes-para-surfistas\/cofre-de-techo-beluga-golf-y-cometas-ventaja-a-traves-de-calidad-kopieren\/","name":"Cofre de Techo Beluga \"Golf y Cometas\" ventaja a trav\u00e9s de calidad - ba\u00fal de techo hecha de GRP por Mobila","isPartOf":{"@id":"https:\/\/surfbox.de\/#website"},"primaryImageOfPage":{"@id":"https:\/\/surfbox.de\/es\/cofres-portaequipajes-shop\/portaequipajes\/portaequipajes-para-surfistas\/cofre-de-techo-beluga-golf-y-cometas-ventaja-a-traves-de-calidad-kopieren\/#primaryimage"},"datePublished":"2015-05-06T13:48:55+00:00","dateModified":"2015-05-06T14:17:40+00:00","description":"In unserem Shop finden Sie hochwertige Dachboxen in edlem Design. Sie sind Windkanal getestet und Verbrauchs sparend. F\u00fcr Camping, Wasser- und Wintersport uvm. Qualit\u00e4t seit 1989.","breadcrumb":{"@id":"https:\/\/surfbox.de\/es\/cofres-portaequipajes-shop\/portaequipajes\/portaequipajes-para-surfistas\/cofre-de-techo-beluga-golf-y-cometas-ventaja-a-traves-de-calidad-kopieren\/#breadcrumb"},"inLanguage":"es","potentialAction":[{"@type":"ReadAction","target":["https:\/\/surfbox.de\/es\/cofres-portaequipajes-shop\/portaequipajes\/portaequipajes-para-surfistas\/cofre-de-techo-beluga-golf-y-cometas-ventaja-a-traves-de-calidad-kopieren\/"]}]},{"@type":"BreadcrumbList","@id":"https:\/\/surfbox.de\/es\/cofres-portaequipajes-shop\/portaequipajes\/portaequipajes-para-surfistas\/cofre-de-techo-beluga-golf-y-cometas-ventaja-a-traves-de-calidad-kopieren\/#breadcrumb","itemListElement":[{"@type":"ListItem","position":1,"name":"Home","item":"https:\/\/surfbox.de\/es\/"},{"@type":"ListItem","position":2,"name":"Tienda","item":"https:\/\/surfbox.de\/es\/tienda\/"},{"@type":"ListItem","position":3,"name":"Cofre de Techo Beluga &#8222;Golf y Cometas&#8220; ventaja a trav\u00e9s de calidad"}]}]}},"_links":{"self":[{"href":"https:\/\/surfbox.de\/es\/wp-json\/wp\/v2\/product\/26015"}],"collection":[{"href":"https:\/\/surfbox.de\/es\/wp-json\/wp\/v2\/product"}],"about":[{"href":"https:\/\/surfbox.de\/es\/wp-json\/wp\/v2\/types\/product"}],"replies":[{"embeddable":true,"href":"https:\/\/surfbox.de\/es\/wp-json\/wp\/v2\/comments?post=26015"}],"wp:featuredmedia":[{"embeddable":true,"href":"https:\/\/surfbox.de\/es\/wp-json\/wp\/v2\/media\/77821"}],"wp:attachment":[{"href":"https:\/\/surfbox.de\/es\/wp-json\/wp\/v2\/media?parent=26015"}],"wp:term":[{"taxonomy":"product_cat","embeddable":true,"href":"https:\/\/surfbox.de\/es\/wp-json\/wp\/v2\/product_cat?post=26015"},{"taxonomy":"product_tag","embeddable":true,"href":"https:\/\/surfbox.de\/es\/wp-json\/wp\/v2\/product_tag?post=26015"}],"curies":[{"name":"wp","href":"https:\/\/api.w.org\/{rel}","templated":true}]}}