
{"id":42648,"date":"2014-05-19T20:51:12","date_gmt":"2014-05-19T18:51:12","guid":{"rendered":"https:\/\/surfbox.de\/roof-boxes-shop\/uncategorized\/schloss-mit-2-schluesseln-fuer-surfboxen-und-skiboxen-2\/"},"modified":"2020-08-24T21:10:29","modified_gmt":"2020-08-24T19:10:29","slug":"cerradura-con-2-llaves-a-juego","status":"publish","type":"product","link":"https:\/\/surfbox.de\/es\/cofres-portaequipajes-shop\/repuestos-para-cajas-de-techo\/cerradura-con-2-llaves-a-juego\/","title":{"rendered":"Cerradura con 2 llaves a juego (cajas de surf y techo)"},"content":{"rendered":"<p><strong>El candado que se ofrece aqu\u00ed se utiliza para asegurar nuestras cajas de surf y de techo. Se puede cambiar f\u00e1cilmente por la cerradura vieja o defectuosa.<\/strong><\/p>\n<p>&nbsp;<\/p>\n<p><strong>Tama\u00f1o: WxLxH: aproximadamente 8 x 6 x 4,5 cm<\/strong><br \/>\n<strong>Distancia entre agujeros para la fijaci\u00f3n: aprox. 5,5 cm<\/strong><br \/>\n<strong>adecuado para nuestras cajas de surf y techo<\/strong><br \/>\n<strong>Volumen de suministro: 1 cerradura, 2 llaves a juego<\/strong><\/p>\n<p><strong>Compare estos con los que necesita!<\/strong><\/p>\n","protected":false},"excerpt":{"rendered":"<p>El candado que se ofrece aqu\u00ed se utiliza para asegurar nuestras cajas de surf y de techo. Se puede cambiar f\u00e1cilmente por la cerradura vieja o defectuosa. &nbsp; Tama\u00f1o: WxLxH: aproximadamente 8 x 6 x 4,5 cm Distancia entre agujeros para la fijaci\u00f3n: aprox. 5,5 cm adecuado para nuestras cajas de surf y techo Volumen&hellip;<\/p>\n","protected":false},"featured_media":77952,"comment_status":"closed","ping_status":"closed","template":"","meta":[],"product_cat":[195,210],"product_tag":[],"yoast_head":"<!-- This site is optimized with the Yoast SEO plugin v17.9 - https:\/\/yoast.com\/wordpress\/plugins\/seo\/ -->\n<title>Cerradura con 2 llaves a juego (cajas de surf y techo) - ba\u00fal de techo hecha de GRP por Mobila<\/title>\n<meta name=\"description\" content=\"In unserem Shop finden Sie hochwertige Dachboxen in edlem Design. Sie sind Windkanal getestet und Verbrauchs sparend. F\u00fcr Camping, Wasser- und Wintersport uvm. Qualit\u00e4t seit 1989.\" \/>\n<meta name=\"robots\" content=\"index, follow, max-snippet:-1, max-image-preview:large, max-video-preview:-1\" \/>\n<link rel=\"canonical\" href=\"https:\/\/surfbox.de\/es\/cofres-portaequipajes-shop\/repuestos-para-cajas-de-techo\/cerradura-con-2-llaves-a-juego\/\" \/>\n<meta property=\"og:locale\" content=\"es_ES\" \/>\n<meta property=\"og:type\" content=\"article\" \/>\n<meta property=\"og:title\" content=\"Cerradura con 2 llaves a juego (cajas de surf y techo) - ba\u00fal de techo hecha de GRP por Mobila\" \/>\n<meta property=\"og:description\" content=\"In unserem Shop finden Sie hochwertige Dachboxen in edlem Design. Sie sind Windkanal getestet und Verbrauchs sparend. F\u00fcr Camping, Wasser- und Wintersport uvm. Qualit\u00e4t seit 1989.\" \/>\n<meta property=\"og:url\" content=\"https:\/\/surfbox.de\/es\/cofres-portaequipajes-shop\/repuestos-para-cajas-de-techo\/cerradura-con-2-llaves-a-juego\/\" \/>\n<meta property=\"og:site_name\" content=\"ba\u00fal de techo hecha de GRP por Mobila\" \/>\n<meta property=\"article:modified_time\" content=\"2020-08-24T19:10:29+00:00\" \/>\n<meta property=\"og:image\" content=\"https:\/\/surfbox.de\/wp-content\/uploads\/2014\/05\/20200805_123210-1024x576.jpg\" \/>\n\t<meta property=\"og:image:width\" content=\"1024\" \/>\n\t<meta property=\"og:image:height\" content=\"576\" \/>\n\t<meta property=\"og:image:type\" content=\"image\/jpeg\" \/>\n<meta name=\"twitter:label1\" content=\"Precio\" \/>\n\t<meta name=\"twitter:data1\" content=\"35,00&nbsp;&euro;\" \/>\n\t<meta name=\"twitter:label2\" content=\"Availability\" \/>\n\t<meta name=\"twitter:data2\" content=\"In stock\" \/>\n<script type=\"application\/ld+json\" class=\"yoast-schema-graph\">{\"@context\":\"https:\/\/schema.org\",\"@graph\":[{\"@type\":\"WebSite\",\"@id\":\"https:\/\/surfbox.de\/#website\",\"url\":\"https:\/\/surfbox.de\/\",\"name\":\"ba\\u00fal de techo hecha de GRP por Mobila\",\"description\":\"Mobila GmbH produces premium roof boxes skiboxes &amp; Surf boxes\",\"potentialAction\":[{\"@type\":\"SearchAction\",\"target\":{\"@type\":\"EntryPoint\",\"urlTemplate\":\"https:\/\/surfbox.de\/?s={search_term_string}\"},\"query-input\":\"required name=search_term_string\"}],\"inLanguage\":\"es\"},{\"@type\":\"ImageObject\",\"@id\":\"https:\/\/surfbox.de\/es\/cofres-portaequipajes-shop\/repuestos-para-cajas-de-techo\/cerradura-con-2-llaves-a-juego\/#primaryimage\",\"inLanguage\":\"es\",\"url\":\"https:\/\/surfbox.de\/wp-content\/uploads\/2014\/05\/20200805_123210.jpg\",\"contentUrl\":\"https:\/\/surfbox.de\/wp-content\/uploads\/2014\/05\/20200805_123210.jpg\",\"width\":4032,\"height\":2268},{\"@type\":\"WebPage\",\"@id\":\"https:\/\/surfbox.de\/es\/cofres-portaequipajes-shop\/repuestos-para-cajas-de-techo\/cerradura-con-2-llaves-a-juego\/#webpage\",\"url\":\"https:\/\/surfbox.de\/es\/cofres-portaequipajes-shop\/repuestos-para-cajas-de-techo\/cerradura-con-2-llaves-a-juego\/\",\"name\":\"Cerradura con 2 llaves a juego (cajas de surf y techo) - ba\\u00fal de techo hecha de GRP por Mobila\",\"isPartOf\":{\"@id\":\"https:\/\/surfbox.de\/#website\"},\"primaryImageOfPage\":{\"@id\":\"https:\/\/surfbox.de\/es\/cofres-portaequipajes-shop\/repuestos-para-cajas-de-techo\/cerradura-con-2-llaves-a-juego\/#primaryimage\"},\"datePublished\":\"2014-05-19T18:51:12+00:00\",\"dateModified\":\"2020-08-24T19:10:29+00:00\",\"description\":\"In unserem Shop finden Sie hochwertige Dachboxen in edlem Design. Sie sind Windkanal getestet und Verbrauchs sparend. F\\u00fcr Camping, Wasser- und Wintersport uvm. Qualit\\u00e4t seit 1989.\",\"breadcrumb\":{\"@id\":\"https:\/\/surfbox.de\/es\/cofres-portaequipajes-shop\/repuestos-para-cajas-de-techo\/cerradura-con-2-llaves-a-juego\/#breadcrumb\"},\"inLanguage\":\"es\",\"potentialAction\":[{\"@type\":\"ReadAction\",\"target\":[\"https:\/\/surfbox.de\/es\/cofres-portaequipajes-shop\/repuestos-para-cajas-de-techo\/cerradura-con-2-llaves-a-juego\/\"]}]},{\"@type\":\"BreadcrumbList\",\"@id\":\"https:\/\/surfbox.de\/es\/cofres-portaequipajes-shop\/repuestos-para-cajas-de-techo\/cerradura-con-2-llaves-a-juego\/#breadcrumb\",\"itemListElement\":[{\"@type\":\"ListItem\",\"position\":1,\"name\":\"Home\",\"item\":\"https:\/\/surfbox.de\/es\/\"},{\"@type\":\"ListItem\",\"position\":2,\"name\":\"Tienda\",\"item\":\"https:\/\/surfbox.de\/es\/tienda\/\"},{\"@type\":\"ListItem\",\"position\":3,\"name\":\"Cerradura con 2 llaves a juego (cajas de surf y techo)7 &times; 8.3 &times; 5 cm\"}]}]}<\/script>\n<!-- \/ Yoast SEO plugin. -->","yoast_head_json":{"title":"Cerradura con 2 llaves a juego (cajas de surf y techo) - ba\u00fal de techo hecha de GRP por Mobila","description":"In unserem Shop finden Sie hochwertige Dachboxen in edlem Design. Sie sind Windkanal getestet und Verbrauchs sparend. F\u00fcr Camping, Wasser- und Wintersport uvm. Qualit\u00e4t seit 1989.","robots":{"index":"index","follow":"follow","max-snippet":"max-snippet:-1","max-image-preview":"max-image-preview:large","max-video-preview":"max-video-preview:-1"},"canonical":"https:\/\/surfbox.de\/es\/cofres-portaequipajes-shop\/repuestos-para-cajas-de-techo\/cerradura-con-2-llaves-a-juego\/","og_locale":"es_ES","og_type":"article","og_title":"Cerradura con 2 llaves a juego (cajas de surf y techo) - ba\u00fal de techo hecha de GRP por Mobila","og_description":"In unserem Shop finden Sie hochwertige Dachboxen in edlem Design. Sie sind Windkanal getestet und Verbrauchs sparend. F\u00fcr Camping, Wasser- und Wintersport uvm. Qualit\u00e4t seit 1989.","og_url":"https:\/\/surfbox.de\/es\/cofres-portaequipajes-shop\/repuestos-para-cajas-de-techo\/cerradura-con-2-llaves-a-juego\/","og_site_name":"ba\u00fal de techo hecha de GRP por Mobila","article_modified_time":"2020-08-24T19:10:29+00:00","og_image":[{"width":1024,"height":576,"url":"https:\/\/surfbox.de\/wp-content\/uploads\/2014\/05\/20200805_123210-1024x576.jpg","type":"image\/jpeg"}],"twitter_misc":{"Precio":"35,00&nbsp;&euro;","Availability":"In stock"},"schema":{"@context":"https:\/\/schema.org","@graph":[{"@type":"WebSite","@id":"https:\/\/surfbox.de\/#website","url":"https:\/\/surfbox.de\/","name":"ba\u00fal de techo hecha de GRP por Mobila","description":"Mobila GmbH produces premium roof boxes skiboxes &amp; Surf boxes","potentialAction":[{"@type":"SearchAction","target":{"@type":"EntryPoint","urlTemplate":"https:\/\/surfbox.de\/?s={search_term_string}"},"query-input":"required name=search_term_string"}],"inLanguage":"es"},{"@type":"ImageObject","@id":"https:\/\/surfbox.de\/es\/cofres-portaequipajes-shop\/repuestos-para-cajas-de-techo\/cerradura-con-2-llaves-a-juego\/#primaryimage","inLanguage":"es","url":"https:\/\/surfbox.de\/wp-content\/uploads\/2014\/05\/20200805_123210.jpg","contentUrl":"https:\/\/surfbox.de\/wp-content\/uploads\/2014\/05\/20200805_123210.jpg","width":4032,"height":2268},{"@type":"WebPage","@id":"https:\/\/surfbox.de\/es\/cofres-portaequipajes-shop\/repuestos-para-cajas-de-techo\/cerradura-con-2-llaves-a-juego\/#webpage","url":"https:\/\/surfbox.de\/es\/cofres-portaequipajes-shop\/repuestos-para-cajas-de-techo\/cerradura-con-2-llaves-a-juego\/","name":"Cerradura con 2 llaves a juego (cajas de surf y techo) - ba\u00fal de techo hecha de GRP por Mobila","isPartOf":{"@id":"https:\/\/surfbox.de\/#website"},"primaryImageOfPage":{"@id":"https:\/\/surfbox.de\/es\/cofres-portaequipajes-shop\/repuestos-para-cajas-de-techo\/cerradura-con-2-llaves-a-juego\/#primaryimage"},"datePublished":"2014-05-19T18:51:12+00:00","dateModified":"2020-08-24T19:10:29+00:00","description":"In unserem Shop finden Sie hochwertige Dachboxen in edlem Design. Sie sind Windkanal getestet und Verbrauchs sparend. F\u00fcr Camping, Wasser- und Wintersport uvm. Qualit\u00e4t seit 1989.","breadcrumb":{"@id":"https:\/\/surfbox.de\/es\/cofres-portaequipajes-shop\/repuestos-para-cajas-de-techo\/cerradura-con-2-llaves-a-juego\/#breadcrumb"},"inLanguage":"es","potentialAction":[{"@type":"ReadAction","target":["https:\/\/surfbox.de\/es\/cofres-portaequipajes-shop\/repuestos-para-cajas-de-techo\/cerradura-con-2-llaves-a-juego\/"]}]},{"@type":"BreadcrumbList","@id":"https:\/\/surfbox.de\/es\/cofres-portaequipajes-shop\/repuestos-para-cajas-de-techo\/cerradura-con-2-llaves-a-juego\/#breadcrumb","itemListElement":[{"@type":"ListItem","position":1,"name":"Home","item":"https:\/\/surfbox.de\/es\/"},{"@type":"ListItem","position":2,"name":"Tienda","item":"https:\/\/surfbox.de\/es\/tienda\/"},{"@type":"ListItem","position":3,"name":"Cerradura con 2 llaves a juego (cajas de surf y techo)7 &times; 8.3 &times; 5 cm"}]}]}},"_links":{"self":[{"href":"https:\/\/surfbox.de\/es\/wp-json\/wp\/v2\/product\/42648"}],"collection":[{"href":"https:\/\/surfbox.de\/es\/wp-json\/wp\/v2\/product"}],"about":[{"href":"https:\/\/surfbox.de\/es\/wp-json\/wp\/v2\/types\/product"}],"replies":[{"embeddable":true,"href":"https:\/\/surfbox.de\/es\/wp-json\/wp\/v2\/comments?post=42648"}],"wp:featuredmedia":[{"embeddable":true,"href":"https:\/\/surfbox.de\/es\/wp-json\/wp\/v2\/media\/77952"}],"wp:attachment":[{"href":"https:\/\/surfbox.de\/es\/wp-json\/wp\/v2\/media?parent=42648"}],"wp:term":[{"taxonomy":"product_cat","embeddable":true,"href":"https:\/\/surfbox.de\/es\/wp-json\/wp\/v2\/product_cat?post=42648"},{"taxonomy":"product_tag","embeddable":true,"href":"https:\/\/surfbox.de\/es\/wp-json\/wp\/v2\/product_tag?post=42648"}],"curies":[{"name":"wp","href":"https:\/\/api.w.org\/{rel}","templated":true}]}}