
{"id":59818,"date":"2023-01-01T16:49:22","date_gmt":"2023-01-01T15:49:22","guid":{"rendered":"https:\/\/surfbox.de\/roof-boxes-shop\/uncategorized\/jumbo-dachbox-groesste-dachbox-nur-von-mobila-mit-1500-l-volumen-2\/"},"modified":"2026-03-30T20:09:58","modified_gmt":"2026-03-30T18:09:58","slug":"jumbo-xl-transportbox-1500l","status":"publish","type":"product","link":"https:\/\/surfbox.de\/es\/cofres-portaequipajes-shop\/portaequipajes\/portaequipajes-de-esqui\/jumbo-xl-transportbox-1500l\/","title":{"rendered":"JUMBO XL Transportbox 1500L"},"content":{"rendered":"<h1>JUMBO XL Transportbox &#8211; 1500L<\/h1>\n<p>Die JUMBO XL Transportbox &#8211; 1500L ist die gr\u00f6\u00dfte Dachbox. Unsere SURF-LINE-BOX Reihe ist bekannt f\u00fcr ihr hohes Volumen. Die Jumbo XL ist aber unschlagbar mit ihren 1.500 L. Und dennoch wirkt sie mit dem blo\u00dfen Auge durch ihre schnittigen Dimensionen ihrer Gr\u00f6\u00dfe nicht entsprechend. Die JUMBO XL ist die <strong>Verl\u00e4ngerung der Jumbo<\/strong>. Sie unterscheidet sich nur in Ihrer L\u00e4nge. Denn sie ist nochmal <strong>30 cm l\u00e4nger.<\/strong><\/p>\n<h5>Die Jumbo XL ist mit 1.500 L die gr\u00f6\u00dfte Dachbox<\/h5>\n<p>Diese Dachbox ragt mit Ihrer Gr\u00f6\u00dfe und Volumenh\u00f6he \u00fcber alle Boxen heraus. Sie eignet sich f\u00fcr jeglichen Transport. Neben vielen <strong>Familien<\/strong> und auch <strong>Sportlern,<\/strong> erhalten wir f\u00fcr diese <strong>Transportbox<\/strong> auch viele Anfragen von <strong>Unternehmen zum Transport von gewerblichem Material.<\/strong> Wenn man schon mit dem Gedanken spielt, sich eine Box in dieser Gr\u00f6\u00dfe anzuschaffen, dann wird die Anschaffung einer Dachbox auf Dauer wohl auch kaum umg\u00e4nglich sein. Sichern Sie sich also direkte eine der Top- Boxen von Mobila &#8211; <strong>die Nr. 1 von Dachboxen aus Fiberglas weltweit<\/strong> mit einer<strong> Erfahrung von \u00fcber 30 Jahren.<\/strong><\/p>\n<h2>Warum eine Surf-Line-Box von Mobila?<\/h2>\n<p>Unsere Dachboxen heben sich von anderen Herstellern ab. Sie sind ausschlie\u00dflich von hinten zu \u00f6ffnen. Nach aktiver \u00d6ffnung wird der Deckel automatisch hochgefahren, sodass eine Beladung von hinten und den Seiten problemlos durchgef\u00fchrt werden kann.<\/p>\n<p>Eine \u00d6ffnung von hinten<strong>\u00a0ist die einzige sichere M\u00f6glichkeit mit hohen Geschwindigkeiten unterwegs zu sein!<\/strong> Zumal dem Fahrtwind keine M\u00f6glichkeit bleibt, den Deckel seitlich zu heben.<\/p>\n<p>Hinten sind drei Spannverschl\u00fcsse aus NIROSTA verbaut, die ebenfalls das pl\u00f6tzliche \u00d6ffnen der Dachboxen verhindern. Au\u00dferdem besitzen die Dachboxen vorne zwei geschraubte NIROSTA-Scharniere und innen sind jeweils zwei Gasdruckd\u00e4mpfer zur automatischen \u00d6ffnung des Deckels eingebaut.<\/p>\n<p>Aber der wichtigste Punkt ist das<strong> Material<\/strong> aus dem die Dachboxen gefertigt werden. Alle Mobila- Dachboxen sind aus stabilen und robusten Material gebaut, denn der Kunststoff wird durch <a href=\"https:\/\/de.wikipedia.org\/wiki\/Glasfaser\"><strong>Glasfaser<\/strong><\/a> verst\u00e4rkt<strong>.<\/strong> Das macht unsere Boxen <strong>exklusiv<\/strong>.<\/p>\n<h2><strong>JUMBO XL Transportbox mit 1.500L &#8211; Unsere Gr\u00f6\u00dfte<\/strong><\/h2>\n<h5>Aktion: Surf-Line-Box direkt vom Hersteller<\/h5>\n<p>Die\u00a0 Jumbo XL Transportbox &#8211; 1500L ist eine moderne und sehr stabile <a href=\"https:\/\/surfbox.de\/qualitaet-ist-unser-anspruch\/\">Dachbox aus Fiberglas (GFK).<\/a> Sie ist mit allen cleveren Produktmerkmalen ausgestattet sind, die nur m\u00f6glich sind bei einer Dachbox.<\/p>\n<p>Tats\u00e4chlich eignet sich diese Transportbox f\u00fcr alle m\u00f6glichen Bereiche. Nat\u00fcrlich ideal f\u00fcr <strong>Surfurlaube, aber auch f\u00fcr Winter- und Sommerurlaube. <\/strong>Au\u00dferdem auch f\u00fcr\u00a0<strong>Langzeitreisen mit dem Auto<\/strong>. Insbesondere aber auch f\u00fcr <strong>Gewerbetreibende<\/strong>, die viel Material tagt\u00e4glich transportieren m\u00fcssen. Die Box ist durch ihre Robustheit daf\u00fcr pr\u00e4destiniert.<\/p>\n<h4>Die\u00a0 Jumbo XL ist in einem eleganten Hochglanz-wei\u00df erh\u00e4ltlich. Gegen einen Aufpreis k\u00f6nnen Sie dieses Modell auch in Hochglanz-schwarz, Hochglanz-grau und Hochglanz-silber bestellen.<\/h4>\n<h4><strong>Zubeh\u00f6r: Alles inklusive ! Befestigungsset in zwei Ausf\u00fchrungen (U-B\u00fcgel und Nutensteine)<\/strong><\/h4>\n<p>Surftr\u00e4ger optional erh\u00e4ltlich (Bei Jumbo &amp; Jumbo XL bitte nur 100cm oder 120cm bestellen, Abbildungen zeigen die Box auch mit Surftr\u00e4ger<\/p>\n<p>Hier finden Sie f\u00fcr diese Dachbox die Montageanleitung des Surfbretthalters: <a href=\"file:\/\/\/C:\/Users\/monik\/Desktop\/montageanleitungen\/Montageanleitung%20Surfboardhalter%20deutsch.pdf\">Montageanleitung Surfboardhalter deutsch.pdf<\/a><\/p>\n<p><strong><a href=\"https:\/\/surfbox.de\/wp-content\/uploads\/2020\/09\/Daten-Dachboxen.pdf\"> Diese Box hat keine Vertiefungen f\u00fcr die Tr\u00e4gereinl\u00e4sse. Der Mindestabstand der hinteren Befestigung bis zum Ende der Dachbox betr\u00e4gt 73 cm<\/a>.<\/strong> <strong>Der vorgegebene Montagebereich zwischen den Dachtr\u00e4gern betr\u00e4gt 84 &#8211; 142 cm. <\/strong>Allerdings kann dieser problemlos auf der ganzen L\u00e4nge erweitert werden, da der Bodenbereich speziell verst\u00e4rkt ist. Falls bei wenigen Tr\u00e4germodellen die vorgestanzten Schlitze zur Befestigung nicht ausreichen, haben wir eine L\u00f6sung.<\/p>\n<p><strong>Jumbo XL Transportbox ca. 1.500\u00a0 L (ca. 290x120x45cm)<\/strong><\/p>\n<p>Wenn man vorhat mit dieser Dachbox in den Winterurlaub zu fahren, dann passen bis zu <strong>15 Paar Ski<\/strong> oder auch <strong>9 komplette Skiausr\u00fcstungen<\/strong> hinein. Ebenso l\u00e4sst sich <strong>Urlaubsgep\u00e4ck f\u00fcr 6-10 Personen<\/strong>, oder auch einige <strong>Koffer<\/strong> kinderleicht in ihr verstauen.<\/p>\n<p>Des Weiteren Ist die Box deshalb ideal f\u00fcr<strong> Surfer<\/strong>, da man ca. <strong>8 Masten<\/strong> (L\u00e4nge &lt;285 cm), <strong>6 &#8211; 8 Gabelb\u00e4ume <\/strong>und <strong>12 &#8211; 15 Segel<\/strong> mitnehmen und auch <strong>mehrere Bretter<\/strong> in die Box legen kann (&lt;285 cm). Es ist dann immer noch ausreichend Platz f\u00fcr Kleinzeug vorhanden. Alternativ kann man die Surfbretter auch auf der Dachbox fixieren. Denn der Deckel dieser Dachbox ist daf\u00fcr vorbereitet. Je nach Schwerpunkt-Verteilung heben die Gasdruckd\u00e4mpfer die Boards bis zu 20 kg automatisch nach oben. Die Surftr\u00e4ger sind daf\u00fcr optional zu erwerben.<\/p>\n<p>&nbsp;<\/p>\n<p><strong>PACKBEISPIEL Jumbo XL\u00a0<\/strong> (Bild folgt noch)<\/p>\n<ul>\n<li><strong>Surfbretttr\u00e4ger abnehmbar (optional erh\u00e4ltlich)<br \/>\n<\/strong><\/li>\n<li><strong><a href=\"https:\/\/surfbox.de\/qualitaet-ist-unser-anspruch\/\">Fiberglas Manufaktur<\/a><\/strong><\/li>\n<li><strong>Nirosta Beschl\u00e4ge inklusive<\/strong><\/li>\n<li><strong>Befestigungsatz aus Nirosta inklusive (U-B\u00fcgel 8,7 x 7 cm)<br \/>\n<\/strong><\/li>\n<li><strong>T-Steine aus Nirosta inklusive<\/strong><\/li>\n<li><strong>hochglanz Nano-Beschichtung und Versiegelung inklusive<\/strong><\/li>\n<li>absolut UV-best\u00e4ndig<\/li>\n<li>Dachbox ist abschlie\u00dfbar<\/li>\n<li>2 starke Gasdruckd\u00e4mpfer<\/li>\n<li>aerodynamisch, verwindungssteif<\/li>\n<li>f\u00fcr alle Fahrzeuge und Tr\u00e4gersysteme geeignet. <strong>Tragrohrl\u00e4nge f\u00fcr T-Steine mindestens 102 cm, f\u00fcr U-B\u00fcgel bitte L\u00e4nge pr\u00fcfen. <\/strong>Bitte bei Bestellung Fahrzeug und Tr\u00e4ger angeben!<\/li>\n<li><a href=\"https:\/\/surfbox.de\/wp-content\/uploads\/2014\/06\/Daten-Dachboxen.pdf\">Variable Befestigung<\/a>\u00a0(glatter Boden)<\/li>\n<li><strong>Ma\u00dfe: ca. 290 x 120 x 45 cm (Maximale Innenl\u00e4nge betr\u00e4gt ca. 285 cm)<\/strong><\/li>\n<li><strong>Nur 41 kg Eigengewicht<\/strong><\/li>\n<li><strong>150 kg Tragkraft<br \/>\n<\/strong><a href=\"https:\/\/surfbox.de\/wp-content\/uploads\/2014\/05\/Daten-Dachboxen.pdf\"><strong>Sind Sie sich noch nicht sicher ? Klicken Sie hier auf diese Tabelle mit Gr\u00f6ssen und Befestigungsabst\u00e4nden<\/strong><\/a><a href=\"https:\/\/surfbox.de\/wp-content\/uploads\/2014\/05\/surfcollage1.jpg\"><img loading=\"lazy\" class=\" wp-image-22279 alignnone\" src=\"https:\/\/surfbox.de\/wp-content\/uploads\/2014\/05\/surfcollage1.jpg\" alt=\"surfcollage1\" width=\"1200\" height=\"283\" \/><\/a><\/li>\n<\/ul>\n<p><a href=\"https:\/\/surfbox.de\/wp-content\/uploads\/2014\/05\/beschreibung+dekra.jpg\"><img loading=\"lazy\" class=\"alignnone wp-image-22259\" src=\"https:\/\/surfbox.de\/wp-content\/uploads\/2014\/05\/beschreibung+dekra.jpg\" alt=\"beschreibung+dekra\" width=\"1131\" height=\"216\" srcset=\"https:\/\/surfbox.de\/wp-content\/uploads\/2014\/05\/beschreibung+dekra.jpg 1570w, https:\/\/surfbox.de\/wp-content\/uploads\/2014\/05\/beschreibung+dekra-570x109.jpg 570w, https:\/\/surfbox.de\/wp-content\/uploads\/2014\/05\/beschreibung+dekra-270x51.jpg 270w\" sizes=\"(max-width: 1131px) 100vw, 1131px\" \/><\/a><br \/>\n<a href=\"https:\/\/surfbox.de\/wp-content\/uploads\/2014\/05\/Weiterescollage.jpg\"><img loading=\"lazy\" class=\"alignnone size-full wp-image-22264\" src=\"https:\/\/surfbox.de\/wp-content\/uploads\/2014\/05\/Weiterescollage.jpg\" alt=\"Weiterescollage\" width=\"1200\" height=\"300\" srcset=\"https:\/\/surfbox.de\/wp-content\/uploads\/2014\/05\/Weiterescollage.jpg 1200w, https:\/\/surfbox.de\/wp-content\/uploads\/2014\/05\/Weiterescollage-570x143.jpg 570w, https:\/\/surfbox.de\/wp-content\/uploads\/2014\/05\/Weiterescollage-270x67.jpg 270w\" sizes=\"(max-width: 1200px) 100vw, 1200px\" \/><\/a><br \/>\n<a href=\"https:\/\/surfbox.de\/wp-content\/uploads\/2014\/05\/Befestigungscollage-1200px.jpg\"><img loading=\"lazy\" class=\"alignnone size-full wp-image-22254\" src=\"https:\/\/surfbox.de\/wp-content\/uploads\/2014\/05\/Befestigungscollage-1200px.jpg\" alt=\"Befestigungscollage 1200px\" width=\"1200\" height=\"300\" srcset=\"https:\/\/surfbox.de\/wp-content\/uploads\/2014\/05\/Befestigungscollage-1200px.jpg 1200w, https:\/\/surfbox.de\/wp-content\/uploads\/2014\/05\/Befestigungscollage-1200px-570x143.jpg 570w, https:\/\/surfbox.de\/wp-content\/uploads\/2014\/05\/Befestigungscollage-1200px-270x67.jpg 270w\" sizes=\"(max-width: 1200px) 100vw, 1200px\" \/><\/a><\/p>\n<p><strong>Alle Surfline Dachboxen haben einen glatten \u00a0Unterboden und werden ausgeliefert mit U-B\u00fcgel und Platten aus Nirosta.<\/strong><\/p>\n<p><strong><a href=\"https:\/\/surfbox.de\/wp-content\/uploads\/2014\/05\/Montageanleitung-Dachbox-bis-230-m-D-2016-PDF.pdf\">Montageanleitung<br \/>\n<\/a><\/strong><strong><a href=\"https:\/\/surfbox.de\/wp-content\/uploads\/2014\/05\/Montageanleitung-Dachbox-bis-230-m-D-2016-PDF.pdf\">Hier klicken<\/a><\/strong><\/p>\n<p><a href=\"https:\/\/surfbox.de\/wp-content\/uploads\/2014\/05\/Montageanleitung-dachbox-bis-230-E-2016-PDF.pdf\"><strong>Montage English<\/strong><\/a><\/p>\n<p><a href=\"https:\/\/surfbox.de\/wp-content\/uploads\/2014\/09\/5_Jahre_Gewaehrleitungs_freigestellt-90x84.png\"><img loading=\"lazy\" class=\"alignnone size-full wp-image-18304\" src=\"https:\/\/surfbox.de\/wp-content\/uploads\/2014\/09\/5_Jahre_Gewaehrleitungs_freigestellt-90x84.png\" alt=\"5_Jahre_Gewaehrleitungs_freigestellt-90x84\" width=\"90\" height=\"84\" \/><\/a><\/p>\n<p>*silber,schwarz, grau gegen Aufpreis<\/p>\n<h1>Sicherheitshinweis!<\/h1>\n<p>Bitte beachten Sie die in der Box liegende Montage-Anleitung. Die Schrauben werden nur handfest angezogen. Niemals mit offenen Schl\u00f6ssern oder gar mit offenem Deckel fahren. Das Fahrverhalten Ihres Fahrzeugs \u00e4ndert sich durch die Box (Seitenempflindlichkeit, Kurven- und Bremsverhalten), insbesondere bei Beladung. Die Fahrweise und Geschwindigkeit muss dem ver\u00e4nderten Fahrverhalten angepasst werden. Beachten Sie auch die Betriebsanweisung Ihres Fahrzeugs und Dachtr\u00e4gers hinsichtlich der Geschwindigkeit und Beladung bei Dachlasten.<\/p>\n","protected":false},"excerpt":{"rendered":"<p>JUMBO XL Transportbox &#8211; 1500L Die JUMBO XL Transportbox &#8211; 1500L ist die gr\u00f6\u00dfte Dachbox. Unsere SURF-LINE-BOX Reihe ist bekannt f\u00fcr ihr hohes Volumen. Die Jumbo XL ist aber unschlagbar mit ihren 1.500 L. Und dennoch wirkt sie mit dem blo\u00dfen Auge durch ihre schnittigen Dimensionen ihrer Gr\u00f6\u00dfe nicht entsprechend. Die JUMBO XL ist die&hellip;<\/p>\n","protected":false},"featured_media":22129,"comment_status":"closed","ping_status":"closed","template":"","meta":[],"product_cat":[171,180],"product_tag":[465,475],"yoast_head":"<!-- This site is optimized with the Yoast SEO plugin v17.9 - https:\/\/yoast.com\/wordpress\/plugins\/seo\/ -->\n<title>JUMBO XL Transportbox 1500L - ba\u00fal de techo hecha de GRP por Mobila<\/title>\n<meta name=\"description\" content=\"Die Jumbo XL Transportbox ist mit Ihren 1500L Volumen einzigartig auf dem Markt. Premium Dachbox f\u00fcr alle Lebenslagen. Seit 1989.\" \/>\n<meta name=\"robots\" content=\"index, follow, max-snippet:-1, max-image-preview:large, max-video-preview:-1\" \/>\n<link rel=\"canonical\" href=\"https:\/\/surfbox.de\/es\/cofres-portaequipajes-shop\/portaequipajes\/portaequipajes-de-esqui\/jumbo-xl-transportbox-1500l\/\" \/>\n<meta property=\"og:locale\" content=\"es_ES\" \/>\n<meta property=\"og:type\" content=\"article\" \/>\n<meta property=\"og:title\" content=\"JUMBO XL Transportbox 1500L - ba\u00fal de techo hecha de GRP por Mobila\" \/>\n<meta property=\"og:description\" content=\"Die Jumbo XL Transportbox ist mit Ihren 1500L Volumen einzigartig auf dem Markt. Premium Dachbox f\u00fcr alle Lebenslagen. Seit 1989.\" \/>\n<meta property=\"og:url\" content=\"https:\/\/surfbox.de\/es\/cofres-portaequipajes-shop\/portaequipajes\/portaequipajes-de-esqui\/jumbo-xl-transportbox-1500l\/\" \/>\n<meta property=\"og:site_name\" content=\"ba\u00fal de techo hecha de GRP por Mobila\" \/>\n<meta property=\"article:modified_time\" content=\"2026-03-30T18:09:58+00:00\" \/>\n<meta property=\"og:image\" content=\"https:\/\/surfbox.de\/wp-content\/uploads\/2014\/05\/dachbox_mobila-327.jpg\" \/>\n\t<meta property=\"og:image:width\" content=\"1367\" \/>\n\t<meta property=\"og:image:height\" content=\"768\" \/>\n\t<meta property=\"og:image:type\" content=\"image\/jpeg\" \/>\n<meta name=\"twitter:label1\" content=\"Availability\" \/>\n\t<meta name=\"twitter:data1\" content=\"In stock\" \/>\n<script type=\"application\/ld+json\" class=\"yoast-schema-graph\">{\"@context\":\"https:\/\/schema.org\",\"@graph\":[{\"@type\":\"WebSite\",\"@id\":\"https:\/\/surfbox.de\/#website\",\"url\":\"https:\/\/surfbox.de\/\",\"name\":\"ba\\u00fal de techo hecha de GRP por Mobila\",\"description\":\"Mobila GmbH produces premium roof boxes skiboxes &amp; Surf boxes\",\"potentialAction\":[{\"@type\":\"SearchAction\",\"target\":{\"@type\":\"EntryPoint\",\"urlTemplate\":\"https:\/\/surfbox.de\/?s={search_term_string}\"},\"query-input\":\"required name=search_term_string\"}],\"inLanguage\":\"es\"},{\"@type\":\"ImageObject\",\"@id\":\"https:\/\/surfbox.de\/es\/cofres-portaequipajes-shop\/portaequipajes\/portaequipajes-de-esqui\/jumbo-xl-transportbox-1500l\/#primaryimage\",\"inLanguage\":\"es\",\"url\":\"https:\/\/surfbox.de\/wp-content\/uploads\/2014\/05\/dachbox_mobila-327.jpg\",\"contentUrl\":\"https:\/\/surfbox.de\/wp-content\/uploads\/2014\/05\/dachbox_mobila-327.jpg\",\"width\":1367,\"height\":768},{\"@type\":\"WebPage\",\"@id\":\"https:\/\/surfbox.de\/es\/cofres-portaequipajes-shop\/portaequipajes\/portaequipajes-de-esqui\/jumbo-xl-transportbox-1500l\/#webpage\",\"url\":\"https:\/\/surfbox.de\/es\/cofres-portaequipajes-shop\/portaequipajes\/portaequipajes-de-esqui\/jumbo-xl-transportbox-1500l\/\",\"name\":\"JUMBO XL Transportbox 1500L - ba\\u00fal de techo hecha de GRP por Mobila\",\"isPartOf\":{\"@id\":\"https:\/\/surfbox.de\/#website\"},\"primaryImageOfPage\":{\"@id\":\"https:\/\/surfbox.de\/es\/cofres-portaequipajes-shop\/portaequipajes\/portaequipajes-de-esqui\/jumbo-xl-transportbox-1500l\/#primaryimage\"},\"datePublished\":\"2023-01-01T15:49:22+00:00\",\"dateModified\":\"2026-03-30T18:09:58+00:00\",\"description\":\"Die Jumbo XL Transportbox ist mit Ihren 1500L Volumen einzigartig auf dem Markt. Premium Dachbox f\\u00fcr alle Lebenslagen. Seit 1989.\",\"breadcrumb\":{\"@id\":\"https:\/\/surfbox.de\/es\/cofres-portaequipajes-shop\/portaequipajes\/portaequipajes-de-esqui\/jumbo-xl-transportbox-1500l\/#breadcrumb\"},\"inLanguage\":\"es\",\"potentialAction\":[{\"@type\":\"ReadAction\",\"target\":[\"https:\/\/surfbox.de\/es\/cofres-portaequipajes-shop\/portaequipajes\/portaequipajes-de-esqui\/jumbo-xl-transportbox-1500l\/\"]}]},{\"@type\":\"BreadcrumbList\",\"@id\":\"https:\/\/surfbox.de\/es\/cofres-portaequipajes-shop\/portaequipajes\/portaequipajes-de-esqui\/jumbo-xl-transportbox-1500l\/#breadcrumb\",\"itemListElement\":[{\"@type\":\"ListItem\",\"position\":1,\"name\":\"Home\",\"item\":\"https:\/\/surfbox.de\/es\/\"},{\"@type\":\"ListItem\",\"position\":2,\"name\":\"Tienda\",\"item\":\"https:\/\/surfbox.de\/es\/tienda\/\"},{\"@type\":\"ListItem\",\"position\":3,\"name\":\"JUMBO XL Transportbox 1500L\"}]}]}<\/script>\n<!-- \/ Yoast SEO plugin. -->","yoast_head_json":{"title":"JUMBO XL Transportbox 1500L - ba\u00fal de techo hecha de GRP por Mobila","description":"Die Jumbo XL Transportbox ist mit Ihren 1500L Volumen einzigartig auf dem Markt. Premium Dachbox f\u00fcr alle Lebenslagen. Seit 1989.","robots":{"index":"index","follow":"follow","max-snippet":"max-snippet:-1","max-image-preview":"max-image-preview:large","max-video-preview":"max-video-preview:-1"},"canonical":"https:\/\/surfbox.de\/es\/cofres-portaequipajes-shop\/portaequipajes\/portaequipajes-de-esqui\/jumbo-xl-transportbox-1500l\/","og_locale":"es_ES","og_type":"article","og_title":"JUMBO XL Transportbox 1500L - ba\u00fal de techo hecha de GRP por Mobila","og_description":"Die Jumbo XL Transportbox ist mit Ihren 1500L Volumen einzigartig auf dem Markt. Premium Dachbox f\u00fcr alle Lebenslagen. Seit 1989.","og_url":"https:\/\/surfbox.de\/es\/cofres-portaequipajes-shop\/portaequipajes\/portaequipajes-de-esqui\/jumbo-xl-transportbox-1500l\/","og_site_name":"ba\u00fal de techo hecha de GRP por Mobila","article_modified_time":"2026-03-30T18:09:58+00:00","og_image":[{"width":1367,"height":768,"url":"https:\/\/surfbox.de\/wp-content\/uploads\/2014\/05\/dachbox_mobila-327.jpg","type":"image\/jpeg"}],"twitter_misc":{"Availability":"In stock"},"schema":{"@context":"https:\/\/schema.org","@graph":[{"@type":"WebSite","@id":"https:\/\/surfbox.de\/#website","url":"https:\/\/surfbox.de\/","name":"ba\u00fal de techo hecha de GRP por Mobila","description":"Mobila GmbH produces premium roof boxes skiboxes &amp; Surf boxes","potentialAction":[{"@type":"SearchAction","target":{"@type":"EntryPoint","urlTemplate":"https:\/\/surfbox.de\/?s={search_term_string}"},"query-input":"required name=search_term_string"}],"inLanguage":"es"},{"@type":"ImageObject","@id":"https:\/\/surfbox.de\/es\/cofres-portaequipajes-shop\/portaequipajes\/portaequipajes-de-esqui\/jumbo-xl-transportbox-1500l\/#primaryimage","inLanguage":"es","url":"https:\/\/surfbox.de\/wp-content\/uploads\/2014\/05\/dachbox_mobila-327.jpg","contentUrl":"https:\/\/surfbox.de\/wp-content\/uploads\/2014\/05\/dachbox_mobila-327.jpg","width":1367,"height":768},{"@type":"WebPage","@id":"https:\/\/surfbox.de\/es\/cofres-portaequipajes-shop\/portaequipajes\/portaequipajes-de-esqui\/jumbo-xl-transportbox-1500l\/#webpage","url":"https:\/\/surfbox.de\/es\/cofres-portaequipajes-shop\/portaequipajes\/portaequipajes-de-esqui\/jumbo-xl-transportbox-1500l\/","name":"JUMBO XL Transportbox 1500L - ba\u00fal de techo hecha de GRP por Mobila","isPartOf":{"@id":"https:\/\/surfbox.de\/#website"},"primaryImageOfPage":{"@id":"https:\/\/surfbox.de\/es\/cofres-portaequipajes-shop\/portaequipajes\/portaequipajes-de-esqui\/jumbo-xl-transportbox-1500l\/#primaryimage"},"datePublished":"2023-01-01T15:49:22+00:00","dateModified":"2026-03-30T18:09:58+00:00","description":"Die Jumbo XL Transportbox ist mit Ihren 1500L Volumen einzigartig auf dem Markt. Premium Dachbox f\u00fcr alle Lebenslagen. Seit 1989.","breadcrumb":{"@id":"https:\/\/surfbox.de\/es\/cofres-portaequipajes-shop\/portaequipajes\/portaequipajes-de-esqui\/jumbo-xl-transportbox-1500l\/#breadcrumb"},"inLanguage":"es","potentialAction":[{"@type":"ReadAction","target":["https:\/\/surfbox.de\/es\/cofres-portaequipajes-shop\/portaequipajes\/portaequipajes-de-esqui\/jumbo-xl-transportbox-1500l\/"]}]},{"@type":"BreadcrumbList","@id":"https:\/\/surfbox.de\/es\/cofres-portaequipajes-shop\/portaequipajes\/portaequipajes-de-esqui\/jumbo-xl-transportbox-1500l\/#breadcrumb","itemListElement":[{"@type":"ListItem","position":1,"name":"Home","item":"https:\/\/surfbox.de\/es\/"},{"@type":"ListItem","position":2,"name":"Tienda","item":"https:\/\/surfbox.de\/es\/tienda\/"},{"@type":"ListItem","position":3,"name":"JUMBO XL Transportbox 1500L"}]}]}},"_links":{"self":[{"href":"https:\/\/surfbox.de\/es\/wp-json\/wp\/v2\/product\/59818"}],"collection":[{"href":"https:\/\/surfbox.de\/es\/wp-json\/wp\/v2\/product"}],"about":[{"href":"https:\/\/surfbox.de\/es\/wp-json\/wp\/v2\/types\/product"}],"replies":[{"embeddable":true,"href":"https:\/\/surfbox.de\/es\/wp-json\/wp\/v2\/comments?post=59818"}],"wp:featuredmedia":[{"embeddable":true,"href":"https:\/\/surfbox.de\/es\/wp-json\/wp\/v2\/media\/22129"}],"wp:attachment":[{"href":"https:\/\/surfbox.de\/es\/wp-json\/wp\/v2\/media?parent=59818"}],"wp:term":[{"taxonomy":"product_cat","embeddable":true,"href":"https:\/\/surfbox.de\/es\/wp-json\/wp\/v2\/product_cat?post=59818"},{"taxonomy":"product_tag","embeddable":true,"href":"https:\/\/surfbox.de\/es\/wp-json\/wp\/v2\/product_tag?post=59818"}],"curies":[{"name":"wp","href":"https:\/\/api.w.org\/{rel}","templated":true}]}}