
{"id":70850,"date":"2023-01-01T12:07:20","date_gmt":"2018-04-10T10:07:28","guid":{"rendered":""},"modified":"2023-01-09T14:34:53","modified_gmt":"2023-01-09T13:34:53","slug":"jumbo-gran-caja-de-techo-para-muchos-propositos","status":"publish","type":"product","link":"https:\/\/surfbox.de\/es\/cofres-portaequipajes-shop\/portaequipajes\/portaequipajes-de-esqui\/jumbo-gran-caja-de-techo-para-muchos-propositos\/","title":{"rendered":"Jumbo  &#8211; gran caja de techo para muchos prop\u00f3sitos (1300 L)"},"content":{"rendered":"<p><strong>Jumbo &#8211; G<span id=\"result_box\" lang=\"es\">ran caja de techo para muchos prop\u00f3sitos<\/span> (1300L)\u2714<\/strong><\/p>\n<p><strong>Acci\u00f3n:<\/strong> <strong>Incluye<\/strong> <strong>estante<\/strong> <strong>de<\/strong> <strong>tabla<\/strong> <strong>de<\/strong> <strong>surf<\/strong> <strong>en<\/strong> <strong>el<\/strong> <strong>portaequipajes<\/strong> <strong>directo<\/strong> <strong>del<\/strong> <strong>fabricante.<\/strong><\/p>\n<p>Claro que un portaequipajes no es lo m\u00e1s importante para una planificaci\u00f3n de vacaciones. Sin embargo, hace unas vacaciones c\u00f3modas y seguras. Con esta peque\u00f1a descripci\u00f3n, tratamos de ofrecer todo completo y listo con nuestros m\u00e1s de 25 a\u00f1os de experiencia. El n\u00famero 1 del mundo en portaequipajes hechos de fibra de vidrio &#8211; \u00a1l\u00edder mediante la calidad!<br \/>\nEl equipo de Mobila<\/p>\n<p><strong>El caja de techo <\/strong><strong>Jumbo es un moderno y muy estable portaequipajes de fibra de vidrio (GFK) que est\u00e1 equipado con todas las caracter\u00edsticas de los productos inteligentes. Ideal para el surf y otros d\u00edas de ocio: no solo para el transporte de equipos de surf, sino tambi\u00e9n para el equipo de esqu\u00ed o el resto del equipaje.<\/strong><\/p>\n<p><strong>El\u00a0 Jumbo est\u00e1 disponible en un elegante blanco brillante**.<\/strong> Por un m\u00f3dico precio se puede pedir el\u00a0 Jumbo en negro brillante, gris brillante y plata brillante. <strong>Accesorios: Portaequipajes con todo incluido.<\/strong><\/p>\n<p><strong>El Jumbo hecho de fibra de vidrio.<\/strong> Portaequipajes exclusivo. <strong>S\u00f3lo<\/strong> <strong>de<\/strong> <strong>Mobila.<\/strong><strong> Este portaequipajes no tiene huecos para difusores de refuerzo. La distancia m\u00ednima de la fijaci\u00f3n posterior al final del portaequipajes es de 65 cm. El \u00e1rea de la instalaci\u00f3n por defecto entre las vigas del techo es de 73 &#8211; 131 cm.<\/strong> Sin embargo, puede ser f\u00e1cilmente extendido a su longitud completa, ya que la parte inferior se alarga espec\u00edficamente. El portaequipajes se abre autom\u00e1ticamente con seguridad y puede ser cargado f\u00e1cilmente desde la parte de atr\u00e1s y los lados.<strong> \u00a1Esta es la \u00fanica manera segura de permanecer en la carretera a gran velocidad!<\/strong> Tiene dos frentes atornillados con bisagras de acero inoxidable, dos resortes de gas en el interior y tres abrazaderas traseras de acero inoxidable para evitar la repentina apertura de la caja. Una <strong>protecci\u00f3n contra robo<\/strong> la mantiene as\u00ed completamente integrada autom\u00e1ticamente.<\/p>\n<p><strong>Jumbo ca. 1300 l<\/strong><\/p>\n<p>Este portaequipajes es ideal para los surfistas, incluido su equipo 7 m\u00e1stiles (longitud &lt;260 cm), 5 &#8211; 7 botavaras y\u00a0 10 &#8211; 13 velas. Tambi\u00e9n hay espacio suficiente para objetos peque\u00f1os. Dependiendo del tama\u00f1o del bastidor de la cubierta este portaequipajes tambi\u00e9n se puede montar de manera que adem\u00e1s quede espacio disponible para m\u00e1s tablas de surf. O algunas tablas de surf de aprox. 259 cm se pueden guardar f\u00e1cilmente en \u00e9l. El portaequipaje est\u00e1 preparado para el transporte de tablas de surf en la cubierta. Dependiendo de la distribuci\u00f3n de la gravedad se elevan los amortiguadores de presi\u00f3n de gas para tablas de surf de hasta 20 kg de forma autom\u00e1tica.<\/p>\n<p><strong>Ejemplo\u00a0 Jumbo<br \/>\n<\/strong><\/p>\n<ul>\n<li><strong>Bastidores de tablas de surf extra\u00edbles (<span id=\"result_box\" class=\"short_text\" lang=\"es\">opcionalmente disponible<\/span>)<\/strong><\/li>\n<li><strong>Fabricado en fibra de vidrio<\/strong><\/li>\n<li><strong>Accesorios de acero inoxidable incluidos\u00a0<\/strong><\/li>\n<li><strong>Kit de montaje de acero inoxidable incluido (8,7 x 6 cm)<\/strong><\/li>\n<li><strong>Posibilidad de acero inoxidable t-adaptador &#8211; incluido<\/strong><\/li>\n<li><strong>Brillante nano-recubrimiento y sellado incluido<\/strong><\/li>\n<li>Totalmente resistente UV<\/li>\n<li>Portaequipajes que se puede cerrar<\/li>\n<li>2 fuertes resortes de gas<\/li>\n<li>Aerodin\u00e1mico, r\u00edgido<\/li>\n<li>Adecuado para todos los veh\u00edculos y sistemas de veh\u00edculos (Longitud del tubo de transporte de al menos 110 cm)<\/li>\n<li>Montaje variable (superficie pulida)<\/li>\n<li><strong>Dimensiones: aprox. 260 x 44 x 120 cm (la longitud interior m\u00e1xima es de aproximadamente 259 cm)<\/strong><\/li>\n<li><strong>S\u00f3lo 39 kg de peso<\/strong><\/li>\n<li><strong>150 kg de capacidad<\/strong><\/li>\n<\/ul>\n<p><a title=\"Tr\u00e4gertabelle\" href=\"https:\/\/surfbox.de\/es\/traegertabelle-2\/\">\u00bfA\u00fan no est\u00e1 seguro? Haga clic en esta tabla de tama\u00f1os y distancias de montaje.<\/a><\/p>\n<p>*\u00a0Puede arreglarlo con adaptadores t, pero en este caso la capacidad m\u00e1xima se reducir\u00e1 a 95 kg.<\/p>\n<p>**\u00a0plata, negro, gris &#8211; \u00a1recargo!<\/p>\n<p>Todas las cajas de techo Surfline tienen una parte inferior lisa y pernos en U con paneles de acero inoxidable<\/p>\n<p><a href=\"https:\/\/surfbox.de\/wp-content\/uploads\/2014\/05\/surfcollage1.jpg\"><img loading=\"lazy\" class=\" wp-image-22279 alignnone\" src=\"https:\/\/surfbox.de\/wp-content\/uploads\/2014\/05\/surfcollage1.jpg\" alt=\"surfcollage1\" width=\"1200\" height=\"283\" \/><\/a><\/p>\n<p><a href=\"https:\/\/surfbox.de\/wp-content\/uploads\/2014\/05\/beschreibung+dekra.jpg\"><img loading=\"lazy\" class=\"alignnone wp-image-22259\" src=\"https:\/\/surfbox.de\/wp-content\/uploads\/2014\/05\/beschreibung+dekra.jpg\" alt=\"beschreibung+dekra\" width=\"1131\" height=\"216\" srcset=\"https:\/\/surfbox.de\/wp-content\/uploads\/2014\/05\/beschreibung+dekra.jpg 1570w, https:\/\/surfbox.de\/wp-content\/uploads\/2014\/05\/beschreibung+dekra-570x109.jpg 570w, https:\/\/surfbox.de\/wp-content\/uploads\/2014\/05\/beschreibung+dekra-270x51.jpg 270w\" sizes=\"(max-width: 1131px) 100vw, 1131px\" \/><\/a><br \/>\n<a href=\"https:\/\/surfbox.de\/wp-content\/uploads\/2014\/05\/Weiterescollage.jpg\"><img loading=\"lazy\" class=\"alignnone size-full wp-image-22264\" src=\"https:\/\/surfbox.de\/wp-content\/uploads\/2014\/05\/Weiterescollage.jpg\" alt=\"Weiterescollage\" width=\"1200\" height=\"300\" srcset=\"https:\/\/surfbox.de\/wp-content\/uploads\/2014\/05\/Weiterescollage.jpg 1200w, https:\/\/surfbox.de\/wp-content\/uploads\/2014\/05\/Weiterescollage-570x143.jpg 570w, https:\/\/surfbox.de\/wp-content\/uploads\/2014\/05\/Weiterescollage-270x67.jpg 270w\" sizes=\"(max-width: 1200px) 100vw, 1200px\" \/><\/a><br \/>\n<a href=\"https:\/\/surfbox.de\/wp-content\/uploads\/2014\/05\/Befestigungscollage-1200px.jpg\"><img loading=\"lazy\" class=\"alignnone size-full wp-image-22254\" src=\"https:\/\/surfbox.de\/wp-content\/uploads\/2014\/05\/Befestigungscollage-1200px.jpg\" alt=\"Befestigungscollage 1200px\" width=\"1200\" height=\"300\" srcset=\"https:\/\/surfbox.de\/wp-content\/uploads\/2014\/05\/Befestigungscollage-1200px.jpg 1200w, https:\/\/surfbox.de\/wp-content\/uploads\/2014\/05\/Befestigungscollage-1200px-570x143.jpg 570w, https:\/\/surfbox.de\/wp-content\/uploads\/2014\/05\/Befestigungscollage-1200px-270x67.jpg 270w\" sizes=\"(max-width: 1200px) 100vw, 1200px\" \/><\/a><\/p>\n<p><b>\u00a0<\/b><\/p>\n<p><a href=\"https:\/\/surfbox.de\/wp-content\/uploads\/2014\/05\/Montageanleitung-dachbox-bis-230-E-2016-PDF.pdf\"><strong>Montage English<\/strong><\/a><\/p>\n<p><a href=\"https:\/\/surfbox.de\/wp-content\/uploads\/2014\/09\/5_Jahre_Gewaehrleitungs_freigestellt-90x84.png\"><img loading=\"lazy\" class=\"alignnone size-full wp-image-18304\" src=\"https:\/\/surfbox.de\/wp-content\/uploads\/2014\/09\/5_Jahre_Gewaehrleitungs_freigestellt-90x84.png\" alt=\"5_Jahre_Gewaehrleitungs_freigestellt-90x84\" width=\"90\" height=\"84\" \/><\/a><\/p>\n<p>&nbsp;<\/p>\n","protected":false},"excerpt":{"rendered":"<p>Jumbo &#8211; Gran caja de techo para muchos prop\u00f3sitos (1300L)\u2714 Acci\u00f3n: Incluye estante de tabla de surf en el portaequipajes directo del fabricante. Claro que un portaequipajes no es lo m\u00e1s importante para una planificaci\u00f3n de vacaciones. Sin embargo, hace unas vacaciones c\u00f3modas y seguras. Con esta peque\u00f1a descripci\u00f3n, tratamos de ofrecer todo completo y&hellip;<\/p>\n","protected":false},"featured_media":22129,"comment_status":"closed","ping_status":"closed","template":"","meta":[],"product_cat":[171,180],"product_tag":[465,475],"yoast_head":"<!-- This site is optimized with the Yoast SEO plugin v17.9 - https:\/\/yoast.com\/wordpress\/plugins\/seo\/ -->\n<title>Jumbo - gran caja de techo para muchos prop\u00f3sitos (1300 L) - ba\u00fal de techo hecha de GRP por Mobila<\/title>\n<meta name=\"description\" content=\"In unserem Shop finden Sie die edelsten Dachboxen und auch die gr\u00f6\u00dften auf dem Markt. Die JUMBO - ist die gr\u00f6\u00dfte Dachbox nur von Mobila mit 1500 l Volumen.\" \/>\n<meta name=\"robots\" content=\"index, follow, max-snippet:-1, max-image-preview:large, max-video-preview:-1\" \/>\n<link rel=\"canonical\" href=\"https:\/\/surfbox.de\/es\/cofres-portaequipajes-shop\/portaequipajes\/portaequipajes-de-esqui\/jumbo-gran-caja-de-techo-para-muchos-propositos\/\" \/>\n<meta property=\"og:locale\" content=\"es_ES\" \/>\n<meta property=\"og:type\" content=\"article\" \/>\n<meta property=\"og:title\" content=\"Jumbo - gran caja de techo para muchos prop\u00f3sitos (1300 L) - ba\u00fal de techo hecha de GRP por Mobila\" \/>\n<meta property=\"og:description\" content=\"In unserem Shop finden Sie die edelsten Dachboxen und auch die gr\u00f6\u00dften auf dem Markt. Die JUMBO - ist die gr\u00f6\u00dfte Dachbox nur von Mobila mit 1500 l Volumen.\" \/>\n<meta property=\"og:url\" content=\"https:\/\/surfbox.de\/es\/cofres-portaequipajes-shop\/portaequipajes\/portaequipajes-de-esqui\/jumbo-gran-caja-de-techo-para-muchos-propositos\/\" \/>\n<meta property=\"og:site_name\" content=\"ba\u00fal de techo hecha de GRP por Mobila\" \/>\n<meta property=\"article:modified_time\" content=\"2023-01-09T13:34:53+00:00\" \/>\n<meta property=\"og:image\" content=\"https:\/\/surfbox.de\/wp-content\/uploads\/2014\/05\/dachbox_mobila-327.jpg\" \/>\n\t<meta property=\"og:image:width\" content=\"1367\" \/>\n\t<meta property=\"og:image:height\" content=\"768\" \/>\n\t<meta property=\"og:image:type\" content=\"image\/jpeg\" \/>\n<meta name=\"twitter:label1\" content=\"Availability\" \/>\n\t<meta name=\"twitter:data1\" content=\"In stock\" \/>\n<script type=\"application\/ld+json\" class=\"yoast-schema-graph\">{\"@context\":\"https:\/\/schema.org\",\"@graph\":[{\"@type\":\"WebSite\",\"@id\":\"https:\/\/surfbox.de\/#website\",\"url\":\"https:\/\/surfbox.de\/\",\"name\":\"ba\\u00fal de techo hecha de GRP por Mobila\",\"description\":\"Mobila GmbH produces premium roof boxes skiboxes &amp; Surf boxes\",\"potentialAction\":[{\"@type\":\"SearchAction\",\"target\":{\"@type\":\"EntryPoint\",\"urlTemplate\":\"https:\/\/surfbox.de\/?s={search_term_string}\"},\"query-input\":\"required name=search_term_string\"}],\"inLanguage\":\"es\"},{\"@type\":\"ImageObject\",\"@id\":\"https:\/\/surfbox.de\/es\/cofres-portaequipajes-shop\/portaequipajes\/portaequipajes-de-esqui\/jumbo-gran-caja-de-techo-para-muchos-propositos\/#primaryimage\",\"inLanguage\":\"es\",\"url\":\"https:\/\/surfbox.de\/wp-content\/uploads\/2014\/05\/dachbox_mobila-327.jpg\",\"contentUrl\":\"https:\/\/surfbox.de\/wp-content\/uploads\/2014\/05\/dachbox_mobila-327.jpg\",\"width\":1367,\"height\":768},{\"@type\":\"WebPage\",\"@id\":\"https:\/\/surfbox.de\/es\/cofres-portaequipajes-shop\/portaequipajes\/portaequipajes-de-esqui\/jumbo-gran-caja-de-techo-para-muchos-propositos\/#webpage\",\"url\":\"https:\/\/surfbox.de\/es\/cofres-portaequipajes-shop\/portaequipajes\/portaequipajes-de-esqui\/jumbo-gran-caja-de-techo-para-muchos-propositos\/\",\"name\":\"Jumbo - gran caja de techo para muchos prop\\u00f3sitos (1300 L) - ba\\u00fal de techo hecha de GRP por Mobila\",\"isPartOf\":{\"@id\":\"https:\/\/surfbox.de\/#website\"},\"primaryImageOfPage\":{\"@id\":\"https:\/\/surfbox.de\/es\/cofres-portaequipajes-shop\/portaequipajes\/portaequipajes-de-esqui\/jumbo-gran-caja-de-techo-para-muchos-propositos\/#primaryimage\"},\"datePublished\":\"2018-04-10T10:07:28+00:00\",\"dateModified\":\"2023-01-09T13:34:53+00:00\",\"description\":\"In unserem Shop finden Sie die edelsten Dachboxen und auch die gr\\u00f6\\u00dften auf dem Markt. Die JUMBO - ist die gr\\u00f6\\u00dfte Dachbox nur von Mobila mit 1500 l Volumen.\",\"breadcrumb\":{\"@id\":\"https:\/\/surfbox.de\/es\/cofres-portaequipajes-shop\/portaequipajes\/portaequipajes-de-esqui\/jumbo-gran-caja-de-techo-para-muchos-propositos\/#breadcrumb\"},\"inLanguage\":\"es\",\"potentialAction\":[{\"@type\":\"ReadAction\",\"target\":[\"https:\/\/surfbox.de\/es\/cofres-portaequipajes-shop\/portaequipajes\/portaequipajes-de-esqui\/jumbo-gran-caja-de-techo-para-muchos-propositos\/\"]}]},{\"@type\":\"BreadcrumbList\",\"@id\":\"https:\/\/surfbox.de\/es\/cofres-portaequipajes-shop\/portaequipajes\/portaequipajes-de-esqui\/jumbo-gran-caja-de-techo-para-muchos-propositos\/#breadcrumb\",\"itemListElement\":[{\"@type\":\"ListItem\",\"position\":1,\"name\":\"Home\",\"item\":\"https:\/\/surfbox.de\/es\/\"},{\"@type\":\"ListItem\",\"position\":2,\"name\":\"Tienda\",\"item\":\"https:\/\/surfbox.de\/es\/tienda\/\"},{\"@type\":\"ListItem\",\"position\":3,\"name\":\"Jumbo &#8211; gran caja de techo para muchos prop\\u00f3sitos (1300 L)\"}]}]}<\/script>\n<!-- \/ Yoast SEO plugin. -->","yoast_head_json":{"title":"Jumbo - gran caja de techo para muchos prop\u00f3sitos (1300 L) - ba\u00fal de techo hecha de GRP por Mobila","description":"In unserem Shop finden Sie die edelsten Dachboxen und auch die gr\u00f6\u00dften auf dem Markt. Die JUMBO - ist die gr\u00f6\u00dfte Dachbox nur von Mobila mit 1500 l Volumen.","robots":{"index":"index","follow":"follow","max-snippet":"max-snippet:-1","max-image-preview":"max-image-preview:large","max-video-preview":"max-video-preview:-1"},"canonical":"https:\/\/surfbox.de\/es\/cofres-portaequipajes-shop\/portaequipajes\/portaequipajes-de-esqui\/jumbo-gran-caja-de-techo-para-muchos-propositos\/","og_locale":"es_ES","og_type":"article","og_title":"Jumbo - gran caja de techo para muchos prop\u00f3sitos (1300 L) - ba\u00fal de techo hecha de GRP por Mobila","og_description":"In unserem Shop finden Sie die edelsten Dachboxen und auch die gr\u00f6\u00dften auf dem Markt. Die JUMBO - ist die gr\u00f6\u00dfte Dachbox nur von Mobila mit 1500 l Volumen.","og_url":"https:\/\/surfbox.de\/es\/cofres-portaequipajes-shop\/portaequipajes\/portaequipajes-de-esqui\/jumbo-gran-caja-de-techo-para-muchos-propositos\/","og_site_name":"ba\u00fal de techo hecha de GRP por Mobila","article_modified_time":"2023-01-09T13:34:53+00:00","og_image":[{"width":1367,"height":768,"url":"https:\/\/surfbox.de\/wp-content\/uploads\/2014\/05\/dachbox_mobila-327.jpg","type":"image\/jpeg"}],"twitter_misc":{"Availability":"In stock"},"schema":{"@context":"https:\/\/schema.org","@graph":[{"@type":"WebSite","@id":"https:\/\/surfbox.de\/#website","url":"https:\/\/surfbox.de\/","name":"ba\u00fal de techo hecha de GRP por Mobila","description":"Mobila GmbH produces premium roof boxes skiboxes &amp; Surf boxes","potentialAction":[{"@type":"SearchAction","target":{"@type":"EntryPoint","urlTemplate":"https:\/\/surfbox.de\/?s={search_term_string}"},"query-input":"required name=search_term_string"}],"inLanguage":"es"},{"@type":"ImageObject","@id":"https:\/\/surfbox.de\/es\/cofres-portaequipajes-shop\/portaequipajes\/portaequipajes-de-esqui\/jumbo-gran-caja-de-techo-para-muchos-propositos\/#primaryimage","inLanguage":"es","url":"https:\/\/surfbox.de\/wp-content\/uploads\/2014\/05\/dachbox_mobila-327.jpg","contentUrl":"https:\/\/surfbox.de\/wp-content\/uploads\/2014\/05\/dachbox_mobila-327.jpg","width":1367,"height":768},{"@type":"WebPage","@id":"https:\/\/surfbox.de\/es\/cofres-portaequipajes-shop\/portaequipajes\/portaequipajes-de-esqui\/jumbo-gran-caja-de-techo-para-muchos-propositos\/#webpage","url":"https:\/\/surfbox.de\/es\/cofres-portaequipajes-shop\/portaequipajes\/portaequipajes-de-esqui\/jumbo-gran-caja-de-techo-para-muchos-propositos\/","name":"Jumbo - gran caja de techo para muchos prop\u00f3sitos (1300 L) - ba\u00fal de techo hecha de GRP por Mobila","isPartOf":{"@id":"https:\/\/surfbox.de\/#website"},"primaryImageOfPage":{"@id":"https:\/\/surfbox.de\/es\/cofres-portaequipajes-shop\/portaequipajes\/portaequipajes-de-esqui\/jumbo-gran-caja-de-techo-para-muchos-propositos\/#primaryimage"},"datePublished":"2018-04-10T10:07:28+00:00","dateModified":"2023-01-09T13:34:53+00:00","description":"In unserem Shop finden Sie die edelsten Dachboxen und auch die gr\u00f6\u00dften auf dem Markt. Die JUMBO - ist die gr\u00f6\u00dfte Dachbox nur von Mobila mit 1500 l Volumen.","breadcrumb":{"@id":"https:\/\/surfbox.de\/es\/cofres-portaequipajes-shop\/portaequipajes\/portaequipajes-de-esqui\/jumbo-gran-caja-de-techo-para-muchos-propositos\/#breadcrumb"},"inLanguage":"es","potentialAction":[{"@type":"ReadAction","target":["https:\/\/surfbox.de\/es\/cofres-portaequipajes-shop\/portaequipajes\/portaequipajes-de-esqui\/jumbo-gran-caja-de-techo-para-muchos-propositos\/"]}]},{"@type":"BreadcrumbList","@id":"https:\/\/surfbox.de\/es\/cofres-portaequipajes-shop\/portaequipajes\/portaequipajes-de-esqui\/jumbo-gran-caja-de-techo-para-muchos-propositos\/#breadcrumb","itemListElement":[{"@type":"ListItem","position":1,"name":"Home","item":"https:\/\/surfbox.de\/es\/"},{"@type":"ListItem","position":2,"name":"Tienda","item":"https:\/\/surfbox.de\/es\/tienda\/"},{"@type":"ListItem","position":3,"name":"Jumbo &#8211; gran caja de techo para muchos prop\u00f3sitos (1300 L)"}]}]}},"_links":{"self":[{"href":"https:\/\/surfbox.de\/es\/wp-json\/wp\/v2\/product\/70850"}],"collection":[{"href":"https:\/\/surfbox.de\/es\/wp-json\/wp\/v2\/product"}],"about":[{"href":"https:\/\/surfbox.de\/es\/wp-json\/wp\/v2\/types\/product"}],"replies":[{"embeddable":true,"href":"https:\/\/surfbox.de\/es\/wp-json\/wp\/v2\/comments?post=70850"}],"wp:featuredmedia":[{"embeddable":true,"href":"https:\/\/surfbox.de\/es\/wp-json\/wp\/v2\/media\/22129"}],"wp:attachment":[{"href":"https:\/\/surfbox.de\/es\/wp-json\/wp\/v2\/media?parent=70850"}],"wp:term":[{"taxonomy":"product_cat","embeddable":true,"href":"https:\/\/surfbox.de\/es\/wp-json\/wp\/v2\/product_cat?post=70850"},{"taxonomy":"product_tag","embeddable":true,"href":"https:\/\/surfbox.de\/es\/wp-json\/wp\/v2\/product_tag?post=70850"}],"curies":[{"name":"wp","href":"https:\/\/api.w.org\/{rel}","templated":true}]}}