
{"id":78547,"date":"2016-02-25T15:26:33","date_gmt":"2020-09-02T10:53:21","guid":{"rendered":"https:\/\/surfbox.de\/?post_type=product&#038;p=78547"},"modified":"2021-04-08T11:33:15","modified_gmt":"2021-04-08T09:33:15","slug":"soporte-de-pared-para-un-facil-almacenamiento-de-la-caja-de-techo","status":"publish","type":"product","link":"https:\/\/surfbox.de\/es\/cofres-portaequipajes-shop\/accesorios\/soporte-de-pared-para-un-facil-almacenamiento-de-la-caja-de-techo\/","title":{"rendered":"Soporte de pared para un f\u00e1cil almacenamiento de la caja de techo"},"content":{"rendered":"<p>&nbsp;<\/p>\n<p>Soporte de pared para un f\u00e1cil almacenamiento de la caja de techo.<\/p>\n<p>Facilidad de montaje y manipulaci\u00f3n Simplemente coloque su cofre de techo vac\u00edo en la pared.<\/p>\n<p>&nbsp;<\/p>\n<p><strong> Sus ventajas para cofres portaequipajes de hasta aprox. 30 kg:<\/strong><\/p>\n<p>ensamblado r\u00e1pida y f\u00e1cilmente<\/p>\n<p>f\u00e1cil de manejar<\/p>\n<p>buenas opciones de almacenamiento<\/p>\n<p>ajustable continuamente de 25 a 45 cm<\/p>\n<p>Entrega: 1 par de soportes de pared Eckla, material de fijaci\u00f3n<\/p>\n","protected":false},"excerpt":{"rendered":"<p>&nbsp; Soporte de pared para un f\u00e1cil almacenamiento de la caja de techo. Facilidad de montaje y manipulaci\u00f3n Simplemente coloque su cofre de techo vac\u00edo en la pared. &nbsp; Sus ventajas para cofres portaequipajes de hasta aprox. 30 kg: ensamblado r\u00e1pida y f\u00e1cilmente f\u00e1cil de manejar buenas opciones de almacenamiento ajustable continuamente de 25 a&hellip;<\/p>\n","protected":false},"featured_media":78131,"comment_status":"closed","ping_status":"closed","template":"","meta":[],"product_cat":[210],"product_tag":[],"yoast_head":"<!-- This site is optimized with the Yoast SEO plugin v17.9 - https:\/\/yoast.com\/wordpress\/plugins\/seo\/ -->\n<title>Soporte de pared para un f\u00e1cil almacenamiento de la caja de techo - ba\u00fal de techo hecha de GRP por Mobila<\/title>\n<meta name=\"description\" content=\"In unserem Shop finden Sie hochwertige Dachboxen in edlem Design. Sie sind Windkanal getestet und Verbrauchs sparend. F\u00fcr Camping, Wasser- und Wintersport uvm. Qualit\u00e4t seit 1989.\" \/>\n<meta name=\"robots\" content=\"index, follow, max-snippet:-1, max-image-preview:large, max-video-preview:-1\" \/>\n<link rel=\"canonical\" href=\"https:\/\/surfbox.de\/es\/cofres-portaequipajes-shop\/accesorios\/soporte-de-pared-para-un-facil-almacenamiento-de-la-caja-de-techo\/\" \/>\n<meta property=\"og:locale\" content=\"es_ES\" \/>\n<meta property=\"og:type\" content=\"article\" \/>\n<meta property=\"og:title\" content=\"Soporte de pared para un f\u00e1cil almacenamiento de la caja de techo - ba\u00fal de techo hecha de GRP por Mobila\" \/>\n<meta property=\"og:description\" content=\"In unserem Shop finden Sie hochwertige Dachboxen in edlem Design. Sie sind Windkanal getestet und Verbrauchs sparend. F\u00fcr Camping, Wasser- und Wintersport uvm. Qualit\u00e4t seit 1989.\" \/>\n<meta property=\"og:url\" content=\"https:\/\/surfbox.de\/es\/cofres-portaequipajes-shop\/accesorios\/soporte-de-pared-para-un-facil-almacenamiento-de-la-caja-de-techo\/\" \/>\n<meta property=\"og:site_name\" content=\"ba\u00fal de techo hecha de GRP por Mobila\" \/>\n<meta property=\"article:modified_time\" content=\"2021-04-08T09:33:15+00:00\" \/>\n<meta property=\"og:image\" content=\"https:\/\/surfbox.de\/wp-content\/uploads\/2016\/02\/cargo-port-wandhalter-fuer-dachboxen.jpg\" \/>\n\t<meta property=\"og:image:width\" content=\"896\" \/>\n\t<meta property=\"og:image:height\" content=\"706\" \/>\n\t<meta property=\"og:image:type\" content=\"image\/jpeg\" \/>\n<meta name=\"twitter:label1\" content=\"Precio\" \/>\n\t<meta name=\"twitter:data1\" content=\"64,90&nbsp;&euro;\" \/>\n\t<meta name=\"twitter:label2\" content=\"Availability\" \/>\n\t<meta name=\"twitter:data2\" content=\"In stock\" \/>\n<script type=\"application\/ld+json\" class=\"yoast-schema-graph\">{\"@context\":\"https:\/\/schema.org\",\"@graph\":[{\"@type\":\"WebSite\",\"@id\":\"https:\/\/surfbox.de\/#website\",\"url\":\"https:\/\/surfbox.de\/\",\"name\":\"ba\\u00fal de techo hecha de GRP por Mobila\",\"description\":\"Mobila GmbH produces premium roof boxes skiboxes &amp; Surf boxes\",\"potentialAction\":[{\"@type\":\"SearchAction\",\"target\":{\"@type\":\"EntryPoint\",\"urlTemplate\":\"https:\/\/surfbox.de\/?s={search_term_string}\"},\"query-input\":\"required name=search_term_string\"}],\"inLanguage\":\"es\"},{\"@type\":\"ImageObject\",\"@id\":\"https:\/\/surfbox.de\/es\/cofres-portaequipajes-shop\/accesorios\/soporte-de-pared-para-un-facil-almacenamiento-de-la-caja-de-techo\/#primaryimage\",\"inLanguage\":\"es\",\"url\":\"https:\/\/surfbox.de\/wp-content\/uploads\/2016\/02\/cargo-port-wandhalter-fuer-dachboxen.jpg\",\"contentUrl\":\"https:\/\/surfbox.de\/wp-content\/uploads\/2016\/02\/cargo-port-wandhalter-fuer-dachboxen.jpg\",\"width\":896,\"height\":706},{\"@type\":\"WebPage\",\"@id\":\"https:\/\/surfbox.de\/es\/cofres-portaequipajes-shop\/accesorios\/soporte-de-pared-para-un-facil-almacenamiento-de-la-caja-de-techo\/#webpage\",\"url\":\"https:\/\/surfbox.de\/es\/cofres-portaequipajes-shop\/accesorios\/soporte-de-pared-para-un-facil-almacenamiento-de-la-caja-de-techo\/\",\"name\":\"Soporte de pared para un f\\u00e1cil almacenamiento de la caja de techo - ba\\u00fal de techo hecha de GRP por Mobila\",\"isPartOf\":{\"@id\":\"https:\/\/surfbox.de\/#website\"},\"primaryImageOfPage\":{\"@id\":\"https:\/\/surfbox.de\/es\/cofres-portaequipajes-shop\/accesorios\/soporte-de-pared-para-un-facil-almacenamiento-de-la-caja-de-techo\/#primaryimage\"},\"datePublished\":\"2020-09-02T10:53:21+00:00\",\"dateModified\":\"2021-04-08T09:33:15+00:00\",\"description\":\"In unserem Shop finden Sie hochwertige Dachboxen in edlem Design. Sie sind Windkanal getestet und Verbrauchs sparend. F\\u00fcr Camping, Wasser- und Wintersport uvm. Qualit\\u00e4t seit 1989.\",\"breadcrumb\":{\"@id\":\"https:\/\/surfbox.de\/es\/cofres-portaequipajes-shop\/accesorios\/soporte-de-pared-para-un-facil-almacenamiento-de-la-caja-de-techo\/#breadcrumb\"},\"inLanguage\":\"es\",\"potentialAction\":[{\"@type\":\"ReadAction\",\"target\":[\"https:\/\/surfbox.de\/es\/cofres-portaequipajes-shop\/accesorios\/soporte-de-pared-para-un-facil-almacenamiento-de-la-caja-de-techo\/\"]}]},{\"@type\":\"BreadcrumbList\",\"@id\":\"https:\/\/surfbox.de\/es\/cofres-portaequipajes-shop\/accesorios\/soporte-de-pared-para-un-facil-almacenamiento-de-la-caja-de-techo\/#breadcrumb\",\"itemListElement\":[{\"@type\":\"ListItem\",\"position\":1,\"name\":\"Home\",\"item\":\"https:\/\/surfbox.de\/es\/\"},{\"@type\":\"ListItem\",\"position\":2,\"name\":\"Tienda\",\"item\":\"https:\/\/surfbox.de\/es\/tienda\/\"},{\"@type\":\"ListItem\",\"position\":3,\"name\":\"Soporte de pared para un f\\u00e1cil almacenamiento de la caja de techoN\/D\"}]}]}<\/script>\n<!-- \/ Yoast SEO plugin. -->","yoast_head_json":{"title":"Soporte de pared para un f\u00e1cil almacenamiento de la caja de techo - ba\u00fal de techo hecha de GRP por Mobila","description":"In unserem Shop finden Sie hochwertige Dachboxen in edlem Design. Sie sind Windkanal getestet und Verbrauchs sparend. F\u00fcr Camping, Wasser- und Wintersport uvm. Qualit\u00e4t seit 1989.","robots":{"index":"index","follow":"follow","max-snippet":"max-snippet:-1","max-image-preview":"max-image-preview:large","max-video-preview":"max-video-preview:-1"},"canonical":"https:\/\/surfbox.de\/es\/cofres-portaequipajes-shop\/accesorios\/soporte-de-pared-para-un-facil-almacenamiento-de-la-caja-de-techo\/","og_locale":"es_ES","og_type":"article","og_title":"Soporte de pared para un f\u00e1cil almacenamiento de la caja de techo - ba\u00fal de techo hecha de GRP por Mobila","og_description":"In unserem Shop finden Sie hochwertige Dachboxen in edlem Design. Sie sind Windkanal getestet und Verbrauchs sparend. F\u00fcr Camping, Wasser- und Wintersport uvm. Qualit\u00e4t seit 1989.","og_url":"https:\/\/surfbox.de\/es\/cofres-portaequipajes-shop\/accesorios\/soporte-de-pared-para-un-facil-almacenamiento-de-la-caja-de-techo\/","og_site_name":"ba\u00fal de techo hecha de GRP por Mobila","article_modified_time":"2021-04-08T09:33:15+00:00","og_image":[{"width":896,"height":706,"url":"https:\/\/surfbox.de\/wp-content\/uploads\/2016\/02\/cargo-port-wandhalter-fuer-dachboxen.jpg","type":"image\/jpeg"}],"twitter_misc":{"Precio":"64,90&nbsp;&euro;","Availability":"In stock"},"schema":{"@context":"https:\/\/schema.org","@graph":[{"@type":"WebSite","@id":"https:\/\/surfbox.de\/#website","url":"https:\/\/surfbox.de\/","name":"ba\u00fal de techo hecha de GRP por Mobila","description":"Mobila GmbH produces premium roof boxes skiboxes &amp; Surf boxes","potentialAction":[{"@type":"SearchAction","target":{"@type":"EntryPoint","urlTemplate":"https:\/\/surfbox.de\/?s={search_term_string}"},"query-input":"required name=search_term_string"}],"inLanguage":"es"},{"@type":"ImageObject","@id":"https:\/\/surfbox.de\/es\/cofres-portaequipajes-shop\/accesorios\/soporte-de-pared-para-un-facil-almacenamiento-de-la-caja-de-techo\/#primaryimage","inLanguage":"es","url":"https:\/\/surfbox.de\/wp-content\/uploads\/2016\/02\/cargo-port-wandhalter-fuer-dachboxen.jpg","contentUrl":"https:\/\/surfbox.de\/wp-content\/uploads\/2016\/02\/cargo-port-wandhalter-fuer-dachboxen.jpg","width":896,"height":706},{"@type":"WebPage","@id":"https:\/\/surfbox.de\/es\/cofres-portaequipajes-shop\/accesorios\/soporte-de-pared-para-un-facil-almacenamiento-de-la-caja-de-techo\/#webpage","url":"https:\/\/surfbox.de\/es\/cofres-portaequipajes-shop\/accesorios\/soporte-de-pared-para-un-facil-almacenamiento-de-la-caja-de-techo\/","name":"Soporte de pared para un f\u00e1cil almacenamiento de la caja de techo - ba\u00fal de techo hecha de GRP por Mobila","isPartOf":{"@id":"https:\/\/surfbox.de\/#website"},"primaryImageOfPage":{"@id":"https:\/\/surfbox.de\/es\/cofres-portaequipajes-shop\/accesorios\/soporte-de-pared-para-un-facil-almacenamiento-de-la-caja-de-techo\/#primaryimage"},"datePublished":"2020-09-02T10:53:21+00:00","dateModified":"2021-04-08T09:33:15+00:00","description":"In unserem Shop finden Sie hochwertige Dachboxen in edlem Design. Sie sind Windkanal getestet und Verbrauchs sparend. F\u00fcr Camping, Wasser- und Wintersport uvm. Qualit\u00e4t seit 1989.","breadcrumb":{"@id":"https:\/\/surfbox.de\/es\/cofres-portaequipajes-shop\/accesorios\/soporte-de-pared-para-un-facil-almacenamiento-de-la-caja-de-techo\/#breadcrumb"},"inLanguage":"es","potentialAction":[{"@type":"ReadAction","target":["https:\/\/surfbox.de\/es\/cofres-portaequipajes-shop\/accesorios\/soporte-de-pared-para-un-facil-almacenamiento-de-la-caja-de-techo\/"]}]},{"@type":"BreadcrumbList","@id":"https:\/\/surfbox.de\/es\/cofres-portaequipajes-shop\/accesorios\/soporte-de-pared-para-un-facil-almacenamiento-de-la-caja-de-techo\/#breadcrumb","itemListElement":[{"@type":"ListItem","position":1,"name":"Home","item":"https:\/\/surfbox.de\/es\/"},{"@type":"ListItem","position":2,"name":"Tienda","item":"https:\/\/surfbox.de\/es\/tienda\/"},{"@type":"ListItem","position":3,"name":"Soporte de pared para un f\u00e1cil almacenamiento de la caja de techoN\/D"}]}]}},"_links":{"self":[{"href":"https:\/\/surfbox.de\/es\/wp-json\/wp\/v2\/product\/78547"}],"collection":[{"href":"https:\/\/surfbox.de\/es\/wp-json\/wp\/v2\/product"}],"about":[{"href":"https:\/\/surfbox.de\/es\/wp-json\/wp\/v2\/types\/product"}],"replies":[{"embeddable":true,"href":"https:\/\/surfbox.de\/es\/wp-json\/wp\/v2\/comments?post=78547"}],"wp:featuredmedia":[{"embeddable":true,"href":"https:\/\/surfbox.de\/es\/wp-json\/wp\/v2\/media\/78131"}],"wp:attachment":[{"href":"https:\/\/surfbox.de\/es\/wp-json\/wp\/v2\/media?parent=78547"}],"wp:term":[{"taxonomy":"product_cat","embeddable":true,"href":"https:\/\/surfbox.de\/es\/wp-json\/wp\/v2\/product_cat?post=78547"},{"taxonomy":"product_tag","embeddable":true,"href":"https:\/\/surfbox.de\/es\/wp-json\/wp\/v2\/product_tag?post=78547"}],"curies":[{"name":"wp","href":"https:\/\/api.w.org\/{rel}","templated":true}]}}