
{"id":79390,"date":"2023-02-01T17:58:35","date_gmt":"2021-03-19T16:58:37","guid":{"rendered":"https:\/\/surfbox.de\/?post_type=product&#038;p=79390"},"modified":"2025-08-28T11:42:43","modified_gmt":"2025-08-28T09:42:43","slug":"malibu-wave-pro-grancaja-de-techo-240-44-100","status":"publish","type":"product","link":"https:\/\/surfbox.de\/es\/cofres-portaequipajes-shop\/portaequipajes\/portaequipajes-de-esqui\/malibu-wave-pro-grancaja-de-techo-240-44-100\/","title":{"rendered":"Malibu Wave Pro &#8211; Gran caja de techo para muchos propositos &#8211; 240x44x100 cm-Nuevo!"},"content":{"rendered":"<h2><strong>WAVE PRO &#8211; Gran caja de techo para muchos propositos<\/strong><\/h2>\n<h4>Acci\u00f3n: Incluye estante de tabla de surf en el portaequipajes directo del fabricante.<\/h4>\n<h4>Claro que un portaequipajes no es lo m\u00e1s importante para una planificaci\u00f3n de vacaciones. Sin embargo, hace unas vacaciones c\u00f3modas y seguras. Con esta peque\u00f1a descripci\u00f3n, tratamos de ofrecer todo completo y listo con nuestros m\u00e1s de 25 a\u00f1os de experiencia. El n\u00famero 1 del mundo en portaequipajes hechos de fibra de vidrio \u2013 \u00a1l\u00edder mediante la calidad!<br \/>\nEl equipo de Mobila<br \/>\nEl caja de techo Wave Pro es un moderno y muy estable portaequipajes de fibra de vidrio (GFK) que est\u00e1 equipado con todas las caracter\u00edsticas de los productos inteligentes. Ideal para el surf y otros d\u00edas de ocio: no solo para el transporte de equipos de surf, sino tambi\u00e9n para el equipo de esqu\u00ed o el resto del equipaje.<br \/>\nEl Wave Pro est\u00e1 disponible en un elegante blanco brillante**. Por un m\u00f3dico precio se puede pedir el Wave Pro en negro brillante, gris brillante y plata brillante. Accesorios: Portaequipajes con todo incluido.<\/h4>\n<p>Soporte para tablas de surf disponible opcionalmente (para los modelos Jumbo y Jumbo XL, solicite solo 100 cm o 120 cm; las im\u00e1genes muestran el cofre tambi\u00e9n con soporte para tablas de surf<\/p>\n<p>Aqu\u00ed encontrar\u00e1 las instrucciones de montaje del soporte para tablas de surf para este cofre de techo: <a href=\"file:\/\/\/C:\/Users\/monik\/Desktop\/montageanleitungen\/Montageanleitung%20Surfboardhalter%20spanisch.pdf\">Montageanleitung Surfboardhalter spanisch.pdf<\/a><\/p>\n<h4>El Wave Pro hecho de fibra de vidrio. Portaequipajes exclusivo. S\u00f3lo de Mobila. Este portaequipajes no tiene huecos para difusores de refuerzo. La distancia m\u00ednima de la fijaci\u00f3n posterior al final del portaequipajes es de 42 cm. El \u00e1rea de la instalaci\u00f3n por defecto entre las vigas del techo es de 60 a 120 cm. Sin embargo, puede ser f\u00e1cilmente extendido a su longitud completa, ya que la parte inferior se alarga espec\u00edficamente. El portaequipajes se abre autom\u00e1ticamente con seguridad y puede ser cargado f\u00e1cilmente desde la parte de atr\u00e1s y los lados. \u00a1Esta es la \u00fanica manera segura de permanecer en la carretera a gran velocidad! Tiene dos frentes atornillados con bisagras de acero inoxidable, dos resortes de gas en el interior y tres abrazaderas traseras de acero inoxidable para evitar la repentina apertura de la caja. Una protecci\u00f3n contra robo la mantiene as\u00ed completamente integrada autom\u00e1ticamente.<\/h4>\n<h4>Malibu WAVE PRO. ca. 1000 l<\/h4>\n<p><strong>Ejemplo\u00a0<\/strong><br \/>\n&#8211; Bastidores de tablas de surf extra\u00edbles (opcionalmente disponible)<br \/>\n&#8211; Fabricado en fibra de vidrio<br \/>\n&#8211; Accesorios de acero inoxidable incluidos<br \/>\n&#8211; Kit de montaje de acero inoxidable incluido (8,7 x 6 cm)<br \/>\n&#8211; Posibilidad de acero inoxidable t-adaptador\u00a0 &#8211; incluido &#8211;<br \/>\n&#8211; Brillante nano-recubrimiento y sellado incluido<br \/>\n&#8211; Totalmente resistente UV<br \/>\n&#8211; Portaequipajes que se puede cerrar<br \/>\n&#8211; 2 fuertes resortes de gas<br \/>\n&#8211; Aerodin\u00e1mico, r\u00edgido<br \/>\n&#8211; Adecuado para todos los veh\u00edculos y sistemas de veh\u00edculos<br \/>\n&#8211; Montaje variable (superficie pulida)<br \/>\n&#8211; Dimensiones: aprox. 240 x 44 x 100 cm (la longitud interior m\u00e1xima es de aproximadamente 233 cm)<br \/>\n&#8211; S\u00f3lo 27 kg de peso<br \/>\n&#8211; 150 kg de capacidad<\/p>\n<ul>\n<li><strong><br \/>\n<\/strong><a href=\"https:\/\/surfbox.de\/wp-content\/uploads\/2014\/05\/Daten-Dachboxen.pdf\"><strong>Sind Sie sich noch nicht sicher ? Klicken Sie hier auf diese Tabelle mit Gr\u00f6ssen und Befestigungsabst\u00e4nden<\/strong><\/a><a href=\"https:\/\/surfbox.de\/wp-content\/uploads\/2014\/05\/surfcollage1.jpg\"><img loading=\"lazy\" class=\" wp-image-22279 alignnone\" src=\"https:\/\/surfbox.de\/wp-content\/uploads\/2014\/05\/surfcollage1.jpg\" alt=\"surfcollage1\" width=\"1200\" height=\"283\" \/><\/a><\/li>\n<\/ul>\n<p><a href=\"https:\/\/surfbox.de\/wp-content\/uploads\/2014\/05\/beschreibung+dekra.jpg\"><img loading=\"lazy\" class=\"alignnone wp-image-22259\" src=\"https:\/\/surfbox.de\/wp-content\/uploads\/2014\/05\/beschreibung+dekra.jpg\" alt=\"beschreibung+dekra\" width=\"1131\" height=\"216\" srcset=\"https:\/\/surfbox.de\/wp-content\/uploads\/2014\/05\/beschreibung+dekra.jpg 1570w, https:\/\/surfbox.de\/wp-content\/uploads\/2014\/05\/beschreibung+dekra-570x109.jpg 570w, https:\/\/surfbox.de\/wp-content\/uploads\/2014\/05\/beschreibung+dekra-270x51.jpg 270w\" sizes=\"(max-width: 1131px) 100vw, 1131px\" \/><\/a><br \/>\n<a href=\"https:\/\/surfbox.de\/wp-content\/uploads\/2014\/05\/Weiterescollage.jpg\"><img loading=\"lazy\" class=\"alignnone size-full wp-image-22264\" src=\"https:\/\/surfbox.de\/wp-content\/uploads\/2014\/05\/Weiterescollage.jpg\" alt=\"Weiterescollage\" width=\"1200\" height=\"300\" srcset=\"https:\/\/surfbox.de\/wp-content\/uploads\/2014\/05\/Weiterescollage.jpg 1200w, https:\/\/surfbox.de\/wp-content\/uploads\/2014\/05\/Weiterescollage-570x143.jpg 570w, https:\/\/surfbox.de\/wp-content\/uploads\/2014\/05\/Weiterescollage-270x67.jpg 270w\" sizes=\"(max-width: 1200px) 100vw, 1200px\" \/><\/a><br \/>\n<a href=\"https:\/\/surfbox.de\/wp-content\/uploads\/2014\/05\/Befestigungscollage-1200px.jpg\"><img loading=\"lazy\" class=\"alignnone size-full wp-image-22254\" src=\"https:\/\/surfbox.de\/wp-content\/uploads\/2014\/05\/Befestigungscollage-1200px.jpg\" alt=\"Befestigungscollage 1200px\" width=\"1200\" height=\"300\" srcset=\"https:\/\/surfbox.de\/wp-content\/uploads\/2014\/05\/Befestigungscollage-1200px.jpg 1200w, https:\/\/surfbox.de\/wp-content\/uploads\/2014\/05\/Befestigungscollage-1200px-570x143.jpg 570w, https:\/\/surfbox.de\/wp-content\/uploads\/2014\/05\/Befestigungscollage-1200px-270x67.jpg 270w\" sizes=\"(max-width: 1200px) 100vw, 1200px\" \/><\/a><\/p>\n<h1>Instrucciones de seguridad<\/h1>\n<p>Siga las instrucciones de montaje de la caja. Los tornillos s\u00f3lo se aprietan a mano. No conduzca nunca con los cierres abiertos, ni siquiera con la tapa abierta. El comportamiento de conducci\u00f3n de su veh\u00edculo cambia como consecuencia de la caja (sensibilidad lateral, comportamiento en curvas y frenado), especialmente cuando est\u00e1 cargado. El estilo de conducci\u00f3n y la velocidad deben adaptarse al comportamiento de conducci\u00f3n modificado. Observe tambi\u00e9n las instrucciones de uso de su veh\u00edculo y del portaequipajes en lo que se refiere a la velocidad y la carga con baca.<\/p>\n<p><strong>\u00a0<\/strong><\/p>\n<p><strong><a href=\"https:\/\/surfbox.de\/wp-content\/uploads\/2014\/05\/Montageanleitung-Dachbox-bis-230-m-D-2016-PDF.pdf\"><br \/>\n<\/a><\/strong><strong><a href=\"https:\/\/surfbox.de\/wp-content\/uploads\/2014\/05\/Montageanleitung-Dachbox-bis-230-m-D-2016-PDF.pdf\">Hier klicken<\/a><\/strong><\/p>\n<p><a href=\"https:\/\/surfbox.de\/wp-content\/uploads\/2014\/05\/Montageanleitung-dachbox-bis-230-E-2016-PDF.pdf\"><strong>Montage English<\/strong><\/a><\/p>\n<p><a href=\"https:\/\/surfbox.de\/wp-content\/uploads\/2014\/09\/5_Jahre_Gewaehrleitungs_freigestellt-90x84.png\"><img loading=\"lazy\" class=\"alignnone size-full wp-image-18304\" src=\"https:\/\/surfbox.de\/wp-content\/uploads\/2014\/09\/5_Jahre_Gewaehrleitungs_freigestellt-90x84.png\" alt=\"5_Jahre_Gewaehrleitungs_freigestellt-90x84\" width=\"90\" height=\"84\" \/><\/a><\/p>\n","protected":false},"excerpt":{"rendered":"<p>WAVE PRO &#8211; Gran caja de techo para muchos propositos Acci\u00f3n: Incluye estante de tabla de surf en el portaequipajes directo del fabricante. Claro que un portaequipajes no es lo m\u00e1s importante para una planificaci\u00f3n de vacaciones. Sin embargo, hace unas vacaciones c\u00f3modas y seguras. Con esta peque\u00f1a descripci\u00f3n, tratamos de ofrecer todo completo y&hellip;<\/p>\n","protected":false},"featured_media":22129,"comment_status":"closed","ping_status":"closed","template":"","meta":[],"product_cat":[180,185],"product_tag":[465,475],"yoast_head":"<!-- This site is optimized with the Yoast SEO plugin v17.9 - https:\/\/yoast.com\/wordpress\/plugins\/seo\/ -->\n<title>Malibu Wave Pro - Gran caja de techo para muchos propositos - 240x44x100 cm-Nuevo! - ba\u00fal de techo hecha de GRP por Mobila<\/title>\n<meta name=\"description\" content=\"In unserem Shop finden Sie die edelsten Dachboxen und auch die gr\u00f6\u00dften auf dem Markt. Die JUMBO - ist die gr\u00f6\u00dfte Dachbox nur von Mobila mit 1500 l Volumen.\" \/>\n<meta name=\"robots\" content=\"index, follow, max-snippet:-1, max-image-preview:large, max-video-preview:-1\" \/>\n<link rel=\"canonical\" href=\"https:\/\/surfbox.de\/es\/cofres-portaequipajes-shop\/portaequipajes\/portaequipajes-de-esqui\/malibu-wave-pro-grancaja-de-techo-240-44-100\/\" \/>\n<meta property=\"og:locale\" content=\"es_ES\" \/>\n<meta property=\"og:type\" content=\"article\" \/>\n<meta property=\"og:title\" content=\"Malibu Wave Pro - Gran caja de techo para muchos propositos - 240x44x100 cm-Nuevo! - ba\u00fal de techo hecha de GRP por Mobila\" \/>\n<meta property=\"og:description\" content=\"In unserem Shop finden Sie die edelsten Dachboxen und auch die gr\u00f6\u00dften auf dem Markt. Die JUMBO - ist die gr\u00f6\u00dfte Dachbox nur von Mobila mit 1500 l Volumen.\" \/>\n<meta property=\"og:url\" content=\"https:\/\/surfbox.de\/es\/cofres-portaequipajes-shop\/portaequipajes\/portaequipajes-de-esqui\/malibu-wave-pro-grancaja-de-techo-240-44-100\/\" \/>\n<meta property=\"og:site_name\" content=\"ba\u00fal de techo hecha de GRP por Mobila\" \/>\n<meta property=\"article:modified_time\" content=\"2025-08-28T09:42:43+00:00\" \/>\n<meta property=\"og:image\" content=\"https:\/\/surfbox.de\/wp-content\/uploads\/2014\/05\/dachbox_mobila-327.jpg\" \/>\n\t<meta property=\"og:image:width\" content=\"1367\" \/>\n\t<meta property=\"og:image:height\" content=\"768\" \/>\n\t<meta property=\"og:image:type\" content=\"image\/jpeg\" \/>\n<meta name=\"twitter:label1\" content=\"Availability\" \/>\n\t<meta name=\"twitter:data1\" content=\"In stock\" \/>\n<script type=\"application\/ld+json\" class=\"yoast-schema-graph\">{\"@context\":\"https:\/\/schema.org\",\"@graph\":[{\"@type\":\"WebSite\",\"@id\":\"https:\/\/surfbox.de\/#website\",\"url\":\"https:\/\/surfbox.de\/\",\"name\":\"ba\\u00fal de techo hecha de GRP por Mobila\",\"description\":\"Mobila GmbH produces premium roof boxes skiboxes &amp; Surf boxes\",\"potentialAction\":[{\"@type\":\"SearchAction\",\"target\":{\"@type\":\"EntryPoint\",\"urlTemplate\":\"https:\/\/surfbox.de\/?s={search_term_string}\"},\"query-input\":\"required name=search_term_string\"}],\"inLanguage\":\"es\"},{\"@type\":\"ImageObject\",\"@id\":\"https:\/\/surfbox.de\/es\/cofres-portaequipajes-shop\/portaequipajes\/portaequipajes-de-esqui\/malibu-wave-pro-grancaja-de-techo-240-44-100\/#primaryimage\",\"inLanguage\":\"es\",\"url\":\"https:\/\/surfbox.de\/wp-content\/uploads\/2014\/05\/dachbox_mobila-327.jpg\",\"contentUrl\":\"https:\/\/surfbox.de\/wp-content\/uploads\/2014\/05\/dachbox_mobila-327.jpg\",\"width\":1367,\"height\":768},{\"@type\":\"WebPage\",\"@id\":\"https:\/\/surfbox.de\/es\/cofres-portaequipajes-shop\/portaequipajes\/portaequipajes-de-esqui\/malibu-wave-pro-grancaja-de-techo-240-44-100\/#webpage\",\"url\":\"https:\/\/surfbox.de\/es\/cofres-portaequipajes-shop\/portaequipajes\/portaequipajes-de-esqui\/malibu-wave-pro-grancaja-de-techo-240-44-100\/\",\"name\":\"Malibu Wave Pro - Gran caja de techo para muchos propositos - 240x44x100 cm-Nuevo! - ba\\u00fal de techo hecha de GRP por Mobila\",\"isPartOf\":{\"@id\":\"https:\/\/surfbox.de\/#website\"},\"primaryImageOfPage\":{\"@id\":\"https:\/\/surfbox.de\/es\/cofres-portaequipajes-shop\/portaequipajes\/portaequipajes-de-esqui\/malibu-wave-pro-grancaja-de-techo-240-44-100\/#primaryimage\"},\"datePublished\":\"2021-03-19T16:58:37+00:00\",\"dateModified\":\"2025-08-28T09:42:43+00:00\",\"description\":\"In unserem Shop finden Sie die edelsten Dachboxen und auch die gr\\u00f6\\u00dften auf dem Markt. Die JUMBO - ist die gr\\u00f6\\u00dfte Dachbox nur von Mobila mit 1500 l Volumen.\",\"breadcrumb\":{\"@id\":\"https:\/\/surfbox.de\/es\/cofres-portaequipajes-shop\/portaequipajes\/portaequipajes-de-esqui\/malibu-wave-pro-grancaja-de-techo-240-44-100\/#breadcrumb\"},\"inLanguage\":\"es\",\"potentialAction\":[{\"@type\":\"ReadAction\",\"target\":[\"https:\/\/surfbox.de\/es\/cofres-portaequipajes-shop\/portaequipajes\/portaequipajes-de-esqui\/malibu-wave-pro-grancaja-de-techo-240-44-100\/\"]}]},{\"@type\":\"BreadcrumbList\",\"@id\":\"https:\/\/surfbox.de\/es\/cofres-portaequipajes-shop\/portaequipajes\/portaequipajes-de-esqui\/malibu-wave-pro-grancaja-de-techo-240-44-100\/#breadcrumb\",\"itemListElement\":[{\"@type\":\"ListItem\",\"position\":1,\"name\":\"Home\",\"item\":\"https:\/\/surfbox.de\/es\/\"},{\"@type\":\"ListItem\",\"position\":2,\"name\":\"Tienda\",\"item\":\"https:\/\/surfbox.de\/es\/tienda\/\"},{\"@type\":\"ListItem\",\"position\":3,\"name\":\"Malibu Wave Pro &#8211; Gran caja de techo para muchos propositos &#8211; 240x44x100 cm-Nuevo!\"}]}]}<\/script>\n<!-- \/ Yoast SEO plugin. -->","yoast_head_json":{"title":"Malibu Wave Pro - Gran caja de techo para muchos propositos - 240x44x100 cm-Nuevo! - ba\u00fal de techo hecha de GRP por Mobila","description":"In unserem Shop finden Sie die edelsten Dachboxen und auch die gr\u00f6\u00dften auf dem Markt. Die JUMBO - ist die gr\u00f6\u00dfte Dachbox nur von Mobila mit 1500 l Volumen.","robots":{"index":"index","follow":"follow","max-snippet":"max-snippet:-1","max-image-preview":"max-image-preview:large","max-video-preview":"max-video-preview:-1"},"canonical":"https:\/\/surfbox.de\/es\/cofres-portaequipajes-shop\/portaequipajes\/portaequipajes-de-esqui\/malibu-wave-pro-grancaja-de-techo-240-44-100\/","og_locale":"es_ES","og_type":"article","og_title":"Malibu Wave Pro - Gran caja de techo para muchos propositos - 240x44x100 cm-Nuevo! - ba\u00fal de techo hecha de GRP por Mobila","og_description":"In unserem Shop finden Sie die edelsten Dachboxen und auch die gr\u00f6\u00dften auf dem Markt. Die JUMBO - ist die gr\u00f6\u00dfte Dachbox nur von Mobila mit 1500 l Volumen.","og_url":"https:\/\/surfbox.de\/es\/cofres-portaequipajes-shop\/portaequipajes\/portaequipajes-de-esqui\/malibu-wave-pro-grancaja-de-techo-240-44-100\/","og_site_name":"ba\u00fal de techo hecha de GRP por Mobila","article_modified_time":"2025-08-28T09:42:43+00:00","og_image":[{"width":1367,"height":768,"url":"https:\/\/surfbox.de\/wp-content\/uploads\/2014\/05\/dachbox_mobila-327.jpg","type":"image\/jpeg"}],"twitter_misc":{"Availability":"In stock"},"schema":{"@context":"https:\/\/schema.org","@graph":[{"@type":"WebSite","@id":"https:\/\/surfbox.de\/#website","url":"https:\/\/surfbox.de\/","name":"ba\u00fal de techo hecha de GRP por Mobila","description":"Mobila GmbH produces premium roof boxes skiboxes &amp; Surf boxes","potentialAction":[{"@type":"SearchAction","target":{"@type":"EntryPoint","urlTemplate":"https:\/\/surfbox.de\/?s={search_term_string}"},"query-input":"required name=search_term_string"}],"inLanguage":"es"},{"@type":"ImageObject","@id":"https:\/\/surfbox.de\/es\/cofres-portaequipajes-shop\/portaequipajes\/portaequipajes-de-esqui\/malibu-wave-pro-grancaja-de-techo-240-44-100\/#primaryimage","inLanguage":"es","url":"https:\/\/surfbox.de\/wp-content\/uploads\/2014\/05\/dachbox_mobila-327.jpg","contentUrl":"https:\/\/surfbox.de\/wp-content\/uploads\/2014\/05\/dachbox_mobila-327.jpg","width":1367,"height":768},{"@type":"WebPage","@id":"https:\/\/surfbox.de\/es\/cofres-portaequipajes-shop\/portaequipajes\/portaequipajes-de-esqui\/malibu-wave-pro-grancaja-de-techo-240-44-100\/#webpage","url":"https:\/\/surfbox.de\/es\/cofres-portaequipajes-shop\/portaequipajes\/portaequipajes-de-esqui\/malibu-wave-pro-grancaja-de-techo-240-44-100\/","name":"Malibu Wave Pro - Gran caja de techo para muchos propositos - 240x44x100 cm-Nuevo! - ba\u00fal de techo hecha de GRP por Mobila","isPartOf":{"@id":"https:\/\/surfbox.de\/#website"},"primaryImageOfPage":{"@id":"https:\/\/surfbox.de\/es\/cofres-portaequipajes-shop\/portaequipajes\/portaequipajes-de-esqui\/malibu-wave-pro-grancaja-de-techo-240-44-100\/#primaryimage"},"datePublished":"2021-03-19T16:58:37+00:00","dateModified":"2025-08-28T09:42:43+00:00","description":"In unserem Shop finden Sie die edelsten Dachboxen und auch die gr\u00f6\u00dften auf dem Markt. Die JUMBO - ist die gr\u00f6\u00dfte Dachbox nur von Mobila mit 1500 l Volumen.","breadcrumb":{"@id":"https:\/\/surfbox.de\/es\/cofres-portaequipajes-shop\/portaequipajes\/portaequipajes-de-esqui\/malibu-wave-pro-grancaja-de-techo-240-44-100\/#breadcrumb"},"inLanguage":"es","potentialAction":[{"@type":"ReadAction","target":["https:\/\/surfbox.de\/es\/cofres-portaequipajes-shop\/portaequipajes\/portaequipajes-de-esqui\/malibu-wave-pro-grancaja-de-techo-240-44-100\/"]}]},{"@type":"BreadcrumbList","@id":"https:\/\/surfbox.de\/es\/cofres-portaequipajes-shop\/portaequipajes\/portaequipajes-de-esqui\/malibu-wave-pro-grancaja-de-techo-240-44-100\/#breadcrumb","itemListElement":[{"@type":"ListItem","position":1,"name":"Home","item":"https:\/\/surfbox.de\/es\/"},{"@type":"ListItem","position":2,"name":"Tienda","item":"https:\/\/surfbox.de\/es\/tienda\/"},{"@type":"ListItem","position":3,"name":"Malibu Wave Pro &#8211; Gran caja de techo para muchos propositos &#8211; 240x44x100 cm-Nuevo!"}]}]}},"_links":{"self":[{"href":"https:\/\/surfbox.de\/es\/wp-json\/wp\/v2\/product\/79390"}],"collection":[{"href":"https:\/\/surfbox.de\/es\/wp-json\/wp\/v2\/product"}],"about":[{"href":"https:\/\/surfbox.de\/es\/wp-json\/wp\/v2\/types\/product"}],"replies":[{"embeddable":true,"href":"https:\/\/surfbox.de\/es\/wp-json\/wp\/v2\/comments?post=79390"}],"wp:featuredmedia":[{"embeddable":true,"href":"https:\/\/surfbox.de\/es\/wp-json\/wp\/v2\/media\/22129"}],"wp:attachment":[{"href":"https:\/\/surfbox.de\/es\/wp-json\/wp\/v2\/media?parent=79390"}],"wp:term":[{"taxonomy":"product_cat","embeddable":true,"href":"https:\/\/surfbox.de\/es\/wp-json\/wp\/v2\/product_cat?post=79390"},{"taxonomy":"product_tag","embeddable":true,"href":"https:\/\/surfbox.de\/es\/wp-json\/wp\/v2\/product_tag?post=79390"}],"curies":[{"name":"wp","href":"https:\/\/api.w.org\/{rel}","templated":true}]}}