
{"id":22349,"date":"2014-12-09T11:41:14","date_gmt":"2014-12-09T10:41:14","guid":{"rendered":"https:\/\/surfbox.de\/?page_id=12349"},"modified":"2016-06-06T14:45:11","modified_gmt":"2016-06-06T12:45:11","slug":"mobila-garantie-2","status":"publish","type":"page","link":"https:\/\/surfbox.de\/fr\/mobila-garantie-2\/","title":{"rendered":"Garantie MOBILA"},"content":{"rendered":"<h2>Garantie de 5 ans sur la fibre de verre et le traitement!<\/h2>\n<p><span style=\"color: #999999;\">Le Mobila Management GmbH (ci-apr\u00e8s d\u00e9nomm\u00e9 \u00ab\u00a0Mobila\u00a0\u00bb) n&rsquo;est pas responsable pour tous les coffres de toit sont vendus par elle sous le nom SURF LINE BOX ou Box2000, la garantie du fabricant de 5 ans sur le mat\u00e9riel (fibre de verre) et le traitement dessus dans le projet de loi de l&rsquo;acheteur inscrit (acheteur d&rsquo;origine) \u00e0 partir de la date d&rsquo;achat inclue la r\u00e9paration ou le remplacement des pi\u00e8ces endommag\u00e9es (en fonction de l&rsquo;\u00e9valuation des MOBILA) sans facturer de nouveaux co\u00fbts au premier acheteur. <span id=\"result_box\" class=\"\" lang=\"fr\"><span class=\"\">Pour les clients<\/span> <span class=\"\">commerciaux<\/span>, la garantie est d&rsquo;un an apr\u00e8s la date d&rsquo;achat. <\/span>Les exclusions \u00e9num\u00e9r\u00e9es ci-dessous doivent \u00eatre respect\u00e9es. Le premier acheteur doit supporter les co\u00fbts encourus pour le retour le co\u00fbt du produit. Pour le traitement des dommages la facture originale doit \u00eatre pr\u00e9sent\u00e9e. La garantie ne comprend pas \u00e0 les dommages survenu en dehors de la sph\u00e8re d&rsquo;influence de MOBILA ; cela concerne entre autre choses la d\u00e9saffectation du produit, la surcharge ou le montage et l&rsquo;application non selon l&rsquo;instruction de montage MOBILA, aux directives ainsi qu&rsquo;aux dispositions de s\u00e9curit\u00e9. <\/span><\/p>\n<p><span style=\"color: #999999;\">La garantie ne s&rsquo;applique pas aux dommages caus\u00e9s par les accidents, la manipulation ill\u00e9gale du v\u00e9hicule ou des dommages sur le v\u00e9hicule pour lequel le coffre de toit MOBILA a \u00e9t\u00e9 mont\u00e9 \u00e0 \u00e9merger existant. Sont exclus les dommages qui sont caus\u00e9s par une mauvaise installation de la galerie de toit d\u00e9j\u00e0 mont\u00e9. MOBILA ne sera pas responsable pour les dommages qui sont caus\u00e9s par s\u00e9curit\u00e9 incorrect de la charge ou sont caus\u00e9s par des ventes violents, c&rsquo;est-\u00e0-dire diff\u00e9remment de la fa\u00e7on recommand\u00e9e par MOBILA. Au cours de la p\u00e9riode de garantie, le premier acheteur peut faire r\u00e9clamation pour la r\u00e9paration ou le remplacement du produit MOBILA endommag\u00e9. Tous dommages faits ensuite et suppl\u00e9mentaires sont exclus de cette garantie. Les dommages sur le v\u00e9hicule, sur le fret ou sur d&rsquo;autres personnes et biens sont \u00e9galement exclus de cette garantie. Les dispositions ci-dessus limitent ni les droits de l&rsquo;acheteur premier, conform\u00e9ment aux dispositions l\u00e9gislatives pertinentes, et ni n&rsquo;affectent les droits contre MOBILA avec laquelle la convention d&rsquo;achat a \u00e9t\u00e9 conclue. <span id=\"result_box\" class=\"\" lang=\"fr\"><span class=\"hps\">L&rsquo;utilisation<\/span> <span class=\"hps\">\/<\/span> <span class=\"hps\">installation du coffre<\/span> <span class=\"hps\">dans le vent fort<\/span> <span class=\"hps\">est<\/span> <span class=\"hps\">\u00e0 vos propres risques.<\/span><\/span><\/span><\/p>\n<p><span style=\"color: #999999;\">Cela est particuli\u00e8rement vrai pour les demandes de garantie qui restent dans son ensemble. Les r\u00e9clamations de garantie l\u00e9gales ne sont par la pr\u00e9sente limit\u00e9es d&rsquo;aucune mani\u00e8re.<\/span><\/p>\n<p><span style=\"color: #999999;\">Haltern am See, Juin 2014<\/span><\/p>\n<p>&nbsp;<\/p>\n<p><a href=\"https:\/\/surfbox.de\/wp-content\/uploads\/2014\/09\/5_Jahre_Gewaehrleitungs_freigestellt-90x84.png\"><img loading=\"lazy\" class=\"size-full wp-image-18302\" src=\"https:\/\/surfbox.de\/wp-content\/uploads\/2014\/09\/5_Jahre_Gewaehrleitungs_freigestellt-90x84.png\" alt=\"Garantie\" width=\"90\" height=\"84\" \/><\/a><\/p>\n","protected":false},"excerpt":{"rendered":"<p>Garantie de 5 ans sur la fibre de verre et le traitement! Le Mobila Management GmbH (ci-apr\u00e8s d\u00e9nomm\u00e9 \u00ab\u00a0Mobila\u00a0\u00bb) n&rsquo;est pas responsable pour tous les coffres de toit sont vendus par elle sous le nom SURF LINE BOX ou Box2000, la garantie du fabricant de 5 ans sur le mat\u00e9riel (fibre de verre) et le&hellip;<\/p>\n","protected":false},"author":1,"featured_media":0,"parent":0,"menu_order":218,"comment_status":"closed","ping_status":"open","template":"","meta":[],"yoast_head":"<!-- This site is optimized with the Yoast SEO plugin v17.9 - https:\/\/yoast.com\/wordpress\/plugins\/seo\/ -->\n<title>Garantie MOBILA - Coffre de toit prime en GRP par Mobila<\/title>\n<meta name=\"description\" content=\"Garantie de 5 ans sur la fibre de verre et le traitement! Le Mobila Management GmbH (ci-apr\u00e8s d\u00e9nomm\u00e9 &quot;Mobila&quot;) n&#039;est pas responsable pour tous les\" \/>\n<meta name=\"robots\" content=\"index, follow, max-snippet:-1, max-image-preview:large, max-video-preview:-1\" \/>\n<link rel=\"canonical\" href=\"https:\/\/surfbox.de\/fr\/mobila-garantie-2\/\" \/>\n<meta property=\"og:locale\" content=\"fr_FR\" \/>\n<meta property=\"og:type\" content=\"article\" \/>\n<meta property=\"og:title\" content=\"Garantie MOBILA - Coffre de toit prime en GRP par Mobila\" \/>\n<meta property=\"og:description\" content=\"Garantie de 5 ans sur la fibre de verre et le traitement! Le Mobila Management GmbH (ci-apr\u00e8s d\u00e9nomm\u00e9 &quot;Mobila&quot;) n&#039;est pas responsable pour tous les\" \/>\n<meta property=\"og:url\" content=\"https:\/\/surfbox.de\/fr\/mobila-garantie-2\/\" \/>\n<meta property=\"og:site_name\" content=\"Coffre de toit prime en GRP par Mobila\" \/>\n<meta property=\"article:modified_time\" content=\"2016-06-06T12:45:11+00:00\" \/>\n<meta property=\"og:image\" content=\"https:\/\/surfbox.de\/wp-content\/uploads\/2014\/09\/5_Jahre_Gewaehrleitungs_freigestellt-90x84.png\" \/>\n<meta name=\"twitter:label1\" content=\"Dur\u00e9e de lecture estim\u00e9e\" \/>\n\t<meta name=\"twitter:data1\" content=\"2 minutes\" \/>\n<script type=\"application\/ld+json\" class=\"yoast-schema-graph\">{\"@context\":\"https:\/\/schema.org\",\"@graph\":[{\"@type\":\"WebSite\",\"@id\":\"https:\/\/surfbox.de\/#website\",\"url\":\"https:\/\/surfbox.de\/\",\"name\":\"Coffre de toit prime en GRP par Mobila\",\"description\":\"Mobila GmbH produces premium roof boxes skiboxes &amp; Surf boxes\",\"potentialAction\":[{\"@type\":\"SearchAction\",\"target\":{\"@type\":\"EntryPoint\",\"urlTemplate\":\"https:\/\/surfbox.de\/?s={search_term_string}\"},\"query-input\":\"required name=search_term_string\"}],\"inLanguage\":\"fr-FR\"},{\"@type\":\"ImageObject\",\"@id\":\"https:\/\/surfbox.de\/fr\/mobila-garantie-2\/#primaryimage\",\"inLanguage\":\"fr-FR\",\"url\":\"https:\/\/surfbox.de\/wp-content\/uploads\/2014\/09\/5_Jahre_Gewaehrleitungs_freigestellt-90x84.png\",\"contentUrl\":\"https:\/\/surfbox.de\/wp-content\/uploads\/2014\/09\/5_Jahre_Gewaehrleitungs_freigestellt-90x84.png\"},{\"@type\":\"WebPage\",\"@id\":\"https:\/\/surfbox.de\/fr\/mobila-garantie-2\/#webpage\",\"url\":\"https:\/\/surfbox.de\/fr\/mobila-garantie-2\/\",\"name\":\"Garantie MOBILA - Coffre de toit prime en GRP par Mobila\",\"isPartOf\":{\"@id\":\"https:\/\/surfbox.de\/#website\"},\"primaryImageOfPage\":{\"@id\":\"https:\/\/surfbox.de\/fr\/mobila-garantie-2\/#primaryimage\"},\"datePublished\":\"2014-12-09T10:41:14+00:00\",\"dateModified\":\"2016-06-06T12:45:11+00:00\",\"description\":\"Garantie de 5 ans sur la fibre de verre et le traitement! Le Mobila Management GmbH (ci-apr\\u00e8s d\\u00e9nomm\\u00e9 \\\"Mobila\\\") n'est pas responsable pour tous les\",\"breadcrumb\":{\"@id\":\"https:\/\/surfbox.de\/fr\/mobila-garantie-2\/#breadcrumb\"},\"inLanguage\":\"fr-FR\",\"potentialAction\":[{\"@type\":\"ReadAction\",\"target\":[\"https:\/\/surfbox.de\/fr\/mobila-garantie-2\/\"]}]},{\"@type\":\"BreadcrumbList\",\"@id\":\"https:\/\/surfbox.de\/fr\/mobila-garantie-2\/#breadcrumb\",\"itemListElement\":[{\"@type\":\"ListItem\",\"position\":1,\"name\":\"Home\",\"item\":\"https:\/\/surfbox.de\/fr\/\"},{\"@type\":\"ListItem\",\"position\":2,\"name\":\"Garantie MOBILA\"}]}]}<\/script>\n<!-- \/ Yoast SEO plugin. -->","yoast_head_json":{"title":"Garantie MOBILA - Coffre de toit prime en GRP par Mobila","description":"Garantie de 5 ans sur la fibre de verre et le traitement! Le Mobila Management GmbH (ci-apr\u00e8s d\u00e9nomm\u00e9 \"Mobila\") n'est pas responsable pour tous les","robots":{"index":"index","follow":"follow","max-snippet":"max-snippet:-1","max-image-preview":"max-image-preview:large","max-video-preview":"max-video-preview:-1"},"canonical":"https:\/\/surfbox.de\/fr\/mobila-garantie-2\/","og_locale":"fr_FR","og_type":"article","og_title":"Garantie MOBILA - Coffre de toit prime en GRP par Mobila","og_description":"Garantie de 5 ans sur la fibre de verre et le traitement! Le Mobila Management GmbH (ci-apr\u00e8s d\u00e9nomm\u00e9 \"Mobila\") n'est pas responsable pour tous les","og_url":"https:\/\/surfbox.de\/fr\/mobila-garantie-2\/","og_site_name":"Coffre de toit prime en GRP par Mobila","article_modified_time":"2016-06-06T12:45:11+00:00","og_image":[{"url":"https:\/\/surfbox.de\/wp-content\/uploads\/2014\/09\/5_Jahre_Gewaehrleitungs_freigestellt-90x84.png"}],"twitter_misc":{"Dur\u00e9e de lecture estim\u00e9e":"2 minutes"},"schema":{"@context":"https:\/\/schema.org","@graph":[{"@type":"WebSite","@id":"https:\/\/surfbox.de\/#website","url":"https:\/\/surfbox.de\/","name":"Coffre de toit prime en GRP par Mobila","description":"Mobila GmbH produces premium roof boxes skiboxes &amp; Surf boxes","potentialAction":[{"@type":"SearchAction","target":{"@type":"EntryPoint","urlTemplate":"https:\/\/surfbox.de\/?s={search_term_string}"},"query-input":"required name=search_term_string"}],"inLanguage":"fr-FR"},{"@type":"ImageObject","@id":"https:\/\/surfbox.de\/fr\/mobila-garantie-2\/#primaryimage","inLanguage":"fr-FR","url":"https:\/\/surfbox.de\/wp-content\/uploads\/2014\/09\/5_Jahre_Gewaehrleitungs_freigestellt-90x84.png","contentUrl":"https:\/\/surfbox.de\/wp-content\/uploads\/2014\/09\/5_Jahre_Gewaehrleitungs_freigestellt-90x84.png"},{"@type":"WebPage","@id":"https:\/\/surfbox.de\/fr\/mobila-garantie-2\/#webpage","url":"https:\/\/surfbox.de\/fr\/mobila-garantie-2\/","name":"Garantie MOBILA - Coffre de toit prime en GRP par Mobila","isPartOf":{"@id":"https:\/\/surfbox.de\/#website"},"primaryImageOfPage":{"@id":"https:\/\/surfbox.de\/fr\/mobila-garantie-2\/#primaryimage"},"datePublished":"2014-12-09T10:41:14+00:00","dateModified":"2016-06-06T12:45:11+00:00","description":"Garantie de 5 ans sur la fibre de verre et le traitement! Le Mobila Management GmbH (ci-apr\u00e8s d\u00e9nomm\u00e9 \"Mobila\") n'est pas responsable pour tous les","breadcrumb":{"@id":"https:\/\/surfbox.de\/fr\/mobila-garantie-2\/#breadcrumb"},"inLanguage":"fr-FR","potentialAction":[{"@type":"ReadAction","target":["https:\/\/surfbox.de\/fr\/mobila-garantie-2\/"]}]},{"@type":"BreadcrumbList","@id":"https:\/\/surfbox.de\/fr\/mobila-garantie-2\/#breadcrumb","itemListElement":[{"@type":"ListItem","position":1,"name":"Home","item":"https:\/\/surfbox.de\/fr\/"},{"@type":"ListItem","position":2,"name":"Garantie MOBILA"}]}]}},"_links":{"self":[{"href":"https:\/\/surfbox.de\/fr\/wp-json\/wp\/v2\/pages\/22349"}],"collection":[{"href":"https:\/\/surfbox.de\/fr\/wp-json\/wp\/v2\/pages"}],"about":[{"href":"https:\/\/surfbox.de\/fr\/wp-json\/wp\/v2\/types\/page"}],"author":[{"embeddable":true,"href":"https:\/\/surfbox.de\/fr\/wp-json\/wp\/v2\/users\/1"}],"replies":[{"embeddable":true,"href":"https:\/\/surfbox.de\/fr\/wp-json\/wp\/v2\/comments?post=22349"}],"version-history":[{"count":3,"href":"https:\/\/surfbox.de\/fr\/wp-json\/wp\/v2\/pages\/22349\/revisions"}],"predecessor-version":[{"id":45475,"href":"https:\/\/surfbox.de\/fr\/wp-json\/wp\/v2\/pages\/22349\/revisions\/45475"}],"wp:attachment":[{"href":"https:\/\/surfbox.de\/fr\/wp-json\/wp\/v2\/media?parent=22349"}],"curies":[{"name":"wp","href":"https:\/\/api.w.org\/{rel}","templated":true}]}}