
{"id":22360,"date":"2014-12-09T11:41:13","date_gmt":"2014-12-09T10:41:13","guid":{"rendered":"https:\/\/surfbox.de\/?page_id=12360"},"modified":"2025-09-03T11:24:11","modified_gmt":"2025-09-03T09:24:11","slug":"mentions-legales","status":"publish","type":"page","link":"https:\/\/surfbox.de\/fr\/mentions-legales\/","title":{"rendered":"Mentions l\u00e9gales"},"content":{"rendered":"<p><strong>Mobila Verwaltungs GmbH<\/strong><br \/>\nAnnabergstr. 164<br \/>\nD-45721 Haltern am See<\/p>\n<p>Telefon: +49 2364 6142, +49 2364 965186<\/p>\n<p>E-mail: <a href=\"mailto:info@surfbox.de\">info@surfbox.de<\/a><\/p>\n<p><strong>Coordonn\u00e9es bancaires :<\/strong><\/p>\n<p>Volksbank S\u00fcdmuensterland<br \/>\nN\u00b0 de compte 125279501<br \/>\nBanque code 42861387<\/p>\n<p>IBAN. DE59428613870125279501<br \/>\nBIC \/ Swift GENODEM1BOB<\/p>\n<p>G\u00e9rants : Dariusz Sterzel, Monika Sterzel<\/p>\n<p>Tribunal d&rsquo;enregistrement : Tribunal d&rsquo;instance de GelsenkirchenNum\u00e9ro d&rsquo;enregistrement : HRB B5976<br \/>\nNum\u00e9ro d&rsquo;identification de TVA selon le \u00a7 27a UStG : DE 157955948<\/p>\n<p>Responsable selon le \u00a7 6 MDStV Monika Sterzel<\/p>\n<p>Toutes les donn\u00e9es et informations contenues sur notre site ont \u00e9t\u00e9 soigneusement \u00e9tudi\u00e9es et test\u00e9es. Nous ne pouvons cependant assumer aucune responsabilit\u00e9 quant \u00e0 l&rsquo;exactitude, l&rsquo;exhaustivit\u00e9 et l&rsquo;actualit\u00e9 des contenus. Ceci s&rsquo;applique \u00e9galement aux sites Web d&rsquo;autres prestataires de services qui peuvent \u00eatre accessibles via un lien hypertexte. Pour le contenu de ces pages, Mobila Verwaltungs GmbH (<strong><span id=\"result_box\" class=\"short_text\" lang=\"fr\"><span class=\"hps\">ci-apr\u00e8s d\u00e9nomm\u00e9<\/span> <span class=\"hps\">Mobilia<\/span> <span class=\"hps\">GmbH<\/span><\/span>)<\/strong> n&rsquo;assume aucune responsabilit\u00e9.<\/p>\n<p>Toute reproduction de ce site ou de son contenu n\u00e9cessite le consentement \u00e9crit au pr\u00e9alable de Mobila GmbH, \u00e0 moins que la reproduction ne soit d\u00e9j\u00e0 autoris\u00e9e par la loi.<\/p>\n<p><strong>Exon\u00e9ration de responsabilit\u00e9<\/strong><\/p>\n<p>1. Le contenu en ligne<\/p>\n<p>Toutes les offres sont sans engagement et sans obligation. Le fournisseur de services se r\u00e9serve express\u00e9ment le droit de modifier des parties des pages ou l&rsquo;offre compl\u00e8te sans annonce s\u00e9par\u00e9e, de compl\u00e9ter, supprimer ou de cesser la publication temporairement ou d\u00e9finitivement.<\/p>\n<p>2. R\u00e9f\u00e9rences et liens<\/p>\n<p>Pour les liens directs ou indirects vers d&rsquo;autres sites Internet (\u00ab Liens \u00bb) qui ne rel\u00e8vent pas de la responsabilit\u00e9 de Mobila GmbH, une obligation de responsabilit\u00e9 entrerait en vigueur exclusivement dans le cas o\u00f9 Mobila GmbH a connaissance du contenu et lorsqu&rsquo;il serait techniquement possible et raisonnable d&#8217;emp\u00eacher l&rsquo;utilisation de contenus ill\u00e9gaux.<\/p>\n<p>Par cons\u00e9quent, Mobila GmbH d\u00e9clare express\u00e9ment qu&rsquo;au moment de relier les pages li\u00e9es correspondantes, elles \u00e9taient exemptes de tout contenu ill\u00e9gal. Mobila GmbH n&rsquo;a aucune influence sur la conception et sur le contenu actuels et futurs des sites li\u00e9s \/ r\u00e9f\u00e9renc\u00e9s. Par cons\u00e9quent, Mobila GmbH se distancie express\u00e9ment de tous les contenus des pages li\u00e9es \/ r\u00e9f\u00e9renc\u00e9es qui ont \u00e9t\u00e9 modifi\u00e9s apr\u00e8s l&rsquo;\u00e9tablissement des liens. Cette d\u00e9claration s&rsquo;applique \u00e0 tout au sein de ses propres liens et des r\u00e9f\u00e9rences Internet. Pour les contenus ill\u00e9gaux, erron\u00e9s ou incomplets et en particulier pour les dommages r\u00e9sultant de l&rsquo;utilisation ou de la d\u00e9su\u00e9tude de ces informations, seul le fournisseur de la page de r\u00e9f\u00e9rence est responsable, non pas celui qui fait r\u00e9f\u00e9rence par un lien vers la publication correspondante.<\/p>\n<p>3. Droits d&rsquo;auteur et droit des marques<\/p>\n<p>Le fournisseur de services est soucieux de prendre en compte dans toutes les publications les droits d&rsquo;auteur des images, des graphiques, des documents sonores, des s\u00e9quences vid\u00e9o et des textes utilis\u00e9s, d&rsquo;utiliser ses propres images, graphiques, documents sonores, s\u00e9quences vid\u00e9o et textes ou d&rsquo;acc\u00e9der \u00e0 des images, des graphiques, des documents sonores, des s\u00e9quences vid\u00e9o et des textes sans licence.<\/p>\n<p>Toutes les marques d\u00e9pos\u00e9es et marques \u00e9ventuellement prot\u00e9g\u00e9es par des tiers et mentionn\u00e9es dans le cadre de cette offre Internet le sont sous r\u00e9serve des dispositions du droit des marques applicable et des droits de propri\u00e9t\u00e9 des propri\u00e9taires enregistr\u00e9s correspondants. Une simple mention ne signifie pas que les marques ne sont pas prot\u00e9g\u00e9es par des droits de tiers !<\/p>\n<p>Le droit d&rsquo;auteur pour tout mat\u00e9riel cr\u00e9\u00e9 par l&rsquo;auteur reste exclusivement \u00e0 l&rsquo;auteur. Toute reproduction ou utilisation de tels graphiques, documents sonores, s\u00e9quences vid\u00e9o et textes dans d&rsquo;autres publications \u00e9lectroniques ou imprim\u00e9es n&rsquo;est pas autoris\u00e9e sans le consentement express de l&rsquo;auteur.<\/p>\n<p>4. Validit\u00e9 juridique de cette exon\u00e9ration<\/p>\n<p>Cette responsabilit\u00e9 doit \u00eatre consid\u00e9r\u00e9e comme faisant partie de l&rsquo;offre internet mentionn\u00e9e sur cette page. Si certaines formulations ou certaines parties de formulations contenues dans ce texte ne sont pas, ne sont plus ou ne sont que partiellement en conformit\u00e9 avec la l\u00e9gislation en vigueur, les autres parties ne seront pas affect\u00e9es quant \u00e0 leur contenu ni quant \u00e0 leur validit\u00e9. Mobila GmbH ne peut \u00eatre tenu responsable de l&rsquo;actualit\u00e9, de l&rsquo;exactitude, de l&rsquo;exhaustivit\u00e9 ni de la qualit\u00e9 des informations fournies. Les revendications de responsabilit\u00e9 contre Mobila GmbH qui se r\u00e9f\u00e8rent \u00e0 des dommages de nature mat\u00e9rielle ou immat\u00e9rielle caus\u00e9s par l&rsquo;utilisation ou la d\u00e9su\u00e9tude de l&rsquo;information pr\u00e9sent\u00e9e ou par l&rsquo;utilisation d&rsquo;informations erron\u00e9es et incompl\u00e8tes sont fondamentalement exclue, tant qu&rsquo;il n&rsquo;existe manifestement aucune n\u00e9gligence grave ou intentionnellele de la part de Mobila GmbH.<\/p>\n<p><strong>Protection des donn\u00e9es<\/strong><\/p>\n<p>Nous, Mobila GmbH, prenons la protection de vos donn\u00e9es personnelles tr\u00e8s au s\u00e9rieux et respectons strictement les r\u00e8gles de lois de protection des donn\u00e9es. Les donn\u00e9es personnelles sont collect\u00e9es sur ce site \u00e0 des fins uniquement techniques. En aucun cas les donn\u00e9es ne seront vendues ou transmises \u00e0 des tiers.<\/p>\n<p>La d\u00e9claration suivante donne un aper\u00e7u de la fa\u00e7on dont nous assurons cette protection, de quel type de donn\u00e9es sont collect\u00e9es et dans quel but elles le sont.<\/p>\n<p><strong>Traitement des donn\u00e9es sur ce site<\/strong><\/p>\n<p>Mobila GmbH recueille et stocke automatiquement ses informations des fichiers journaux du serveur que votre navigateur nous envoie. Ce sont :<\/p>\n<ul>\n<li>Le type \/ la version du navigateur<\/li>\n<li>Le syst\u00e8me d&rsquo;exploitation<\/li>\n<li>L&rsquo;URL de r\u00e9f\u00e9rence (le site visit\u00e9 pr\u00e9c\u00e9demment)<\/li>\n<li>L&rsquo;hostname de l&rsquo;ordinateur connect\u00e9 (adresse IP)<\/li>\n<li>L&rsquo;heure de la demande du serveur<\/li>\n<\/ul>\n<p>Ces donn\u00e9es peuvent \u00eatre assign\u00e9es pour la Mobila GmbH et non \u00e0 des personnes pr\u00e9cises. Une compilation de ces donn\u00e9es avec d&rsquo;autres sources de donn\u00e9es n&rsquo;est pas mise en place : les donn\u00e9es seront effac\u00e9es apr\u00e8s une analyse statistique.<\/p>\n<p><strong>Cookies<\/strong><\/p>\n<p>Ce site utilise Google Analytics, un service d&rsquo;analyse de site internet fourni par Google Inc. (\u00ab Google \u00bb) et Google Analytics utilise les \u00ab Cookies \u00bb et fichiers texte qui sont stock\u00e9s sur votre ordinateur et qui permettent l&rsquo;analyse de la fa\u00e7on dont les utilisateurs utilisent le site. Les informations g\u00e9n\u00e9r\u00e9es par le Cookie sur votre utilisation de ce site Internet (y compris votre adresse IP) sont transmises \u00e0 un serveur de Google aux Etats-Unis o\u00f9 elles sont stock\u00e9es. Google utilise ces informations afin d&rsquo;exploiter vos utilisations du site internet, de compiler des rapports relatifs aux activit\u00e9s du site pour les exploitants des sites et de fournir d&rsquo;autres prestations de service li\u00e9es \u00e0 l&rsquo;utilisation du site et d&rsquo;internet. Google pourra \u00e9galement \u00eatre amen\u00e9, le cas \u00e9ch\u00e9ant, \u00e0 communiquer ces informations \u00e0 des tiers, dans la mesure o\u00f9 la l\u00e9gislation l&rsquo;impose ou \u00e0 des tiers qui traitent ces donn\u00e9es pour le compte de Google. Google n&rsquo;\u00e9tablira en aucun cas de lien de votre adresse IP avec d&rsquo;autres donn\u00e9es de Google. Vous pouvez configurer votre navigateur de sorte \u00e0 emp\u00eacher l&rsquo;installation des cookies ; nous vous signalons toutefois que, dans ce cas, vous pouvez ne pas avoir acc\u00e8s \u00e0 l&rsquo;int\u00e9gralit\u00e9 des fonctions de ce site Web. Par l&rsquo;utilisation de ce site internet, vous d\u00e9clarez accepter le traitement de vos donn\u00e9es collect\u00e9es par Google selon les modalit\u00e9s d\u00e9crites plus haut et dans le but cit\u00e9 plus haut.<\/p>\n<p><strong>Droit \u00e0 l&rsquo;information<\/strong><\/p>\n<p>Vous avez toujours le droit de recevoir des informations concernant vos donn\u00e9es personnelles, de leur origine et de leur destination ainsi que la finalit\u00e9 du traitement des donn\u00e9es.<\/p>\n<p><span id=\"result_box\" class=\"\" lang=\"fr\"><strong><span class=\"hps\">R\u00e9solution des diff\u00e9rends en<\/span> <span class=\"hps\">mati\u00e8re de<\/span> <span class=\"hps\">consommation<\/span><\/strong><\/span><\/p>\n<p><span class=\"hps\">Les diff\u00e9rends avec<\/span> <span class=\"hps\">l&rsquo;UE<\/span> <span class=\"hps\">\u00e0 l&rsquo;\u00e9chelle de<\/span> <span class=\"hps\">magasinage en ligne<\/span> <span class=\"hps\">peut \u00eatre facilement r\u00e9solu<\/span> <span class=\"hps\">\u00e0 l&rsquo;avenir<\/span>. <span class=\"hps\">Pour cela,<\/span> <span class=\"hps\">la directive europ\u00e9enne<\/span> <span class=\"hps\">2013\/11<\/span> <span class=\"hps\">adopt\u00e9es \/<\/span> <span class=\"hps\">UE concernant les<\/span> <span class=\"hps\">modes alternatifs de r\u00e9solution<\/span> <span class=\"hps\">des diff\u00e9rends dans<\/span> <span class=\"hps\">la consommation et<\/span> <span class=\"hps\">une<\/span> <span class=\"hps\">ordonnance correspondante<\/span> <span class=\"hps\">(art<\/span>. <span class=\"hps\">14 du r\u00e8glement<\/span> <span class=\"hps\">n \u00b0<\/span> <span class=\"hps\">524\/2013<\/span> <span class=\"hps\">du<\/span> <span class=\"hps\">ODR<\/span>).<\/p>\n<p><span class=\"hps\">La Commission europ\u00e9enne<\/span> <span class=\"hps\">fournit une plateforme pour<\/span> <span class=\"hps\">la r\u00e9solution<\/span> <span class=\"hps\">des litiges en ligne<\/span> <span class=\"hps atn\">(<\/span>OS). <span class=\"hps\">Vous pouvez trouver la<\/span> <span class=\"hps\">plate-forme sous<\/span> <span class=\"hps\">http:\/\/ec.europa.eu\/consumers\/odr\/<\/span><\/p>\n","protected":false},"excerpt":{"rendered":"<p>Mobila Verwaltungs GmbH Annabergstr. 164 D-45721 Haltern am See Telefon: +49 2364 6142, +49 2364 965186 E-mail: info@surfbox.de Coordonn\u00e9es bancaires : Volksbank S\u00fcdmuensterland N\u00b0 de compte 125279501 Banque code 42861387 IBAN. DE59428613870125279501 BIC \/ Swift GENODEM1BOB G\u00e9rants : Dariusz Sterzel, Monika Sterzel Tribunal d&rsquo;enregistrement : Tribunal d&rsquo;instance de GelsenkirchenNum\u00e9ro d&rsquo;enregistrement : HRB B5976 Num\u00e9ro d&rsquo;identification&hellip;<\/p>\n","protected":false},"author":1,"featured_media":0,"parent":0,"menu_order":240,"comment_status":"closed","ping_status":"closed","template":"","meta":[],"yoast_head":"<!-- This site is optimized with the Yoast SEO plugin v17.9 - https:\/\/yoast.com\/wordpress\/plugins\/seo\/ -->\n<title>Mentions l\u00e9gales - Coffre de toit prime en GRP par Mobila<\/title>\n<meta name=\"description\" content=\"Mobila Verwaltungs GmbH Annabergstr. 164 D-45721 Haltern am See Telefon: +49 2364 6142, +49 2364 965186 E-mail: info@surfbox.de Coordonn\u00e9es bancaires :\" \/>\n<meta name=\"robots\" content=\"index, follow, max-snippet:-1, max-image-preview:large, max-video-preview:-1\" \/>\n<link rel=\"canonical\" href=\"https:\/\/surfbox.de\/fr\/mentions-legales\/\" \/>\n<meta property=\"og:locale\" content=\"fr_FR\" \/>\n<meta property=\"og:type\" content=\"article\" \/>\n<meta property=\"og:title\" content=\"Mentions l\u00e9gales - Coffre de toit prime en GRP par Mobila\" \/>\n<meta property=\"og:description\" content=\"Mobila Verwaltungs GmbH Annabergstr. 164 D-45721 Haltern am See Telefon: +49 2364 6142, +49 2364 965186 E-mail: info@surfbox.de Coordonn\u00e9es bancaires :\" \/>\n<meta property=\"og:url\" content=\"https:\/\/surfbox.de\/fr\/mentions-legales\/\" \/>\n<meta property=\"og:site_name\" content=\"Coffre de toit prime en GRP par Mobila\" \/>\n<meta property=\"article:modified_time\" content=\"2025-09-03T09:24:11+00:00\" \/>\n<meta name=\"twitter:label1\" content=\"Dur\u00e9e de lecture estim\u00e9e\" \/>\n\t<meta name=\"twitter:data1\" content=\"7 minutes\" \/>\n<script type=\"application\/ld+json\" class=\"yoast-schema-graph\">{\"@context\":\"https:\/\/schema.org\",\"@graph\":[{\"@type\":\"WebSite\",\"@id\":\"https:\/\/surfbox.de\/#website\",\"url\":\"https:\/\/surfbox.de\/\",\"name\":\"Coffre de toit prime en GRP par Mobila\",\"description\":\"Mobila GmbH produces premium roof boxes skiboxes &amp; Surf boxes\",\"potentialAction\":[{\"@type\":\"SearchAction\",\"target\":{\"@type\":\"EntryPoint\",\"urlTemplate\":\"https:\/\/surfbox.de\/?s={search_term_string}\"},\"query-input\":\"required name=search_term_string\"}],\"inLanguage\":\"fr-FR\"},{\"@type\":\"WebPage\",\"@id\":\"https:\/\/surfbox.de\/fr\/mentions-legales\/#webpage\",\"url\":\"https:\/\/surfbox.de\/fr\/mentions-legales\/\",\"name\":\"Mentions l\\u00e9gales - Coffre de toit prime en GRP par Mobila\",\"isPartOf\":{\"@id\":\"https:\/\/surfbox.de\/#website\"},\"datePublished\":\"2014-12-09T10:41:13+00:00\",\"dateModified\":\"2025-09-03T09:24:11+00:00\",\"description\":\"Mobila Verwaltungs GmbH Annabergstr. 164 D-45721 Haltern am See Telefon: +49 2364 6142, +49 2364 965186 E-mail: info@surfbox.de Coordonn\\u00e9es bancaires :\",\"breadcrumb\":{\"@id\":\"https:\/\/surfbox.de\/fr\/mentions-legales\/#breadcrumb\"},\"inLanguage\":\"fr-FR\",\"potentialAction\":[{\"@type\":\"ReadAction\",\"target\":[\"https:\/\/surfbox.de\/fr\/mentions-legales\/\"]}]},{\"@type\":\"BreadcrumbList\",\"@id\":\"https:\/\/surfbox.de\/fr\/mentions-legales\/#breadcrumb\",\"itemListElement\":[{\"@type\":\"ListItem\",\"position\":1,\"name\":\"Home\",\"item\":\"https:\/\/surfbox.de\/fr\/\"},{\"@type\":\"ListItem\",\"position\":2,\"name\":\"Mentions l\\u00e9gales\"}]}]}<\/script>\n<!-- \/ Yoast SEO plugin. -->","yoast_head_json":{"title":"Mentions l\u00e9gales - Coffre de toit prime en GRP par Mobila","description":"Mobila Verwaltungs GmbH Annabergstr. 164 D-45721 Haltern am See Telefon: +49 2364 6142, +49 2364 965186 E-mail: info@surfbox.de Coordonn\u00e9es bancaires :","robots":{"index":"index","follow":"follow","max-snippet":"max-snippet:-1","max-image-preview":"max-image-preview:large","max-video-preview":"max-video-preview:-1"},"canonical":"https:\/\/surfbox.de\/fr\/mentions-legales\/","og_locale":"fr_FR","og_type":"article","og_title":"Mentions l\u00e9gales - Coffre de toit prime en GRP par Mobila","og_description":"Mobila Verwaltungs GmbH Annabergstr. 164 D-45721 Haltern am See Telefon: +49 2364 6142, +49 2364 965186 E-mail: info@surfbox.de Coordonn\u00e9es bancaires :","og_url":"https:\/\/surfbox.de\/fr\/mentions-legales\/","og_site_name":"Coffre de toit prime en GRP par Mobila","article_modified_time":"2025-09-03T09:24:11+00:00","twitter_misc":{"Dur\u00e9e de lecture estim\u00e9e":"7 minutes"},"schema":{"@context":"https:\/\/schema.org","@graph":[{"@type":"WebSite","@id":"https:\/\/surfbox.de\/#website","url":"https:\/\/surfbox.de\/","name":"Coffre de toit prime en GRP par Mobila","description":"Mobila GmbH produces premium roof boxes skiboxes &amp; Surf boxes","potentialAction":[{"@type":"SearchAction","target":{"@type":"EntryPoint","urlTemplate":"https:\/\/surfbox.de\/?s={search_term_string}"},"query-input":"required name=search_term_string"}],"inLanguage":"fr-FR"},{"@type":"WebPage","@id":"https:\/\/surfbox.de\/fr\/mentions-legales\/#webpage","url":"https:\/\/surfbox.de\/fr\/mentions-legales\/","name":"Mentions l\u00e9gales - Coffre de toit prime en GRP par Mobila","isPartOf":{"@id":"https:\/\/surfbox.de\/#website"},"datePublished":"2014-12-09T10:41:13+00:00","dateModified":"2025-09-03T09:24:11+00:00","description":"Mobila Verwaltungs GmbH Annabergstr. 164 D-45721 Haltern am See Telefon: +49 2364 6142, +49 2364 965186 E-mail: info@surfbox.de Coordonn\u00e9es bancaires :","breadcrumb":{"@id":"https:\/\/surfbox.de\/fr\/mentions-legales\/#breadcrumb"},"inLanguage":"fr-FR","potentialAction":[{"@type":"ReadAction","target":["https:\/\/surfbox.de\/fr\/mentions-legales\/"]}]},{"@type":"BreadcrumbList","@id":"https:\/\/surfbox.de\/fr\/mentions-legales\/#breadcrumb","itemListElement":[{"@type":"ListItem","position":1,"name":"Home","item":"https:\/\/surfbox.de\/fr\/"},{"@type":"ListItem","position":2,"name":"Mentions l\u00e9gales"}]}]}},"_links":{"self":[{"href":"https:\/\/surfbox.de\/fr\/wp-json\/wp\/v2\/pages\/22360"}],"collection":[{"href":"https:\/\/surfbox.de\/fr\/wp-json\/wp\/v2\/pages"}],"about":[{"href":"https:\/\/surfbox.de\/fr\/wp-json\/wp\/v2\/types\/page"}],"author":[{"embeddable":true,"href":"https:\/\/surfbox.de\/fr\/wp-json\/wp\/v2\/users\/1"}],"replies":[{"embeddable":true,"href":"https:\/\/surfbox.de\/fr\/wp-json\/wp\/v2\/comments?post=22360"}],"version-history":[{"count":4,"href":"https:\/\/surfbox.de\/fr\/wp-json\/wp\/v2\/pages\/22360\/revisions"}],"predecessor-version":[{"id":88856,"href":"https:\/\/surfbox.de\/fr\/wp-json\/wp\/v2\/pages\/22360\/revisions\/88856"}],"wp:attachment":[{"href":"https:\/\/surfbox.de\/fr\/wp-json\/wp\/v2\/media?parent=22360"}],"curies":[{"name":"wp","href":"https:\/\/api.w.org\/{rel}","templated":true}]}}