
{"id":22382,"date":"2014-02-04T08:01:43","date_gmt":"2014-02-04T08:01:43","guid":{"rendered":"https:\/\/surfbox.de\/?page_id=12382"},"modified":"2022-03-09T13:42:07","modified_gmt":"2022-03-09T12:42:07","slug":"kontakt","status":"publish","type":"page","link":"https:\/\/surfbox.de\/fr\/kontakt\/","title":{"rendered":"Contact"},"content":{"rendered":"<p>[vc_row][vc_column]<aside class=\"gap cf\" style=\"height:40px;\"><\/aside>[\/vc_column][\/vc_row][vc_row][vc_column width=\u00a0\u00bb1\/2&Prime;][vc_column_text]<div class=\"title\">HORAIRES D\u00b4OUVERTURE Magasin sur rendez-vous<\/div>\n<div id=\"OutputText\" class=\"Wrap\" style=\"direction: ltr; text-align: left;\" tabindex=\"99999\">\n<div><span id=\"noHighlight_0.7632200642087822\">Lundi: <span id=\"noHighlight_0.4609059404456828\">de 09:00 &#8211; 15:00 h\u00a0 sur rendez-vous<\/span><br \/>\n<\/span><\/div>\n<div><span id=\"noHighlight_0.4609059404456828\">Mardi de <span id=\"noHighlight_0.7632200642087822\">09:00 &#8211; 15:00 h sur rendez-vous<\/span><br \/>\n<\/span><\/div>\n<div><span id=\"noHighlight_0.5595203277705342\">Mercredi de 9:00 &#8211; 15:00 h sur rendez-vous<br \/>\n<\/span><\/div>\n<div><span id=\"noHighlight_0.6793339056851002\">Jeudi de <span id=\"noHighlight_0.7632200642087822\">09:00 &#8211; 15:00 h sur rendez-vous<\/span><br \/>\n<\/span><\/div>\n<div><span id=\"noHighlight_0.6886014087097783\">Vendredi: <span id=\"noHighlight_0.4609059404456828\"><span id=\"noHighlight_0.7632200642087822\">\u00a0sur rendez-vous<br \/>\n<\/span><\/span><\/span><\/div>\n<div><span id=\"noHighlight_0.7491035576958192\">Samedi de 10-12:00 h sur rendez-vous<\/span><\/div>\n<\/div>\n<p><strong>\u00a0<\/strong><\/p>\n<div class=\"title\">CONTACT<\/div>\n<p>Mobila GmbH Haltern<br \/>\nAnnabergstra\u00dfe 164<br \/>\nD-45721 Haltern am See<\/p>\n<p><span id=\"noHighlight_0.3814822766297514\">T\u00e9l\u00e9phone<\/span>: +49 (0) 2364 6142<br \/>\nFax: +49 (0) 2364 69493<br \/>\nE-Mail: <a href=\"mailto:info@surfbox.de\">info@surfbox.de<\/a><\/p>\n<div class=\"title\">Title<\/div>\n<p><a href=\"https:\/\/www.facebook.com\/Dachbox\" class=\"boxed-icon facebook icon-1x\"><i class=\"fa fa-facebook\"><\/i><\/a> <a href=\"https:\/\/www.twitter.com\/dachbox2000\" class=\"boxed-icon twitter icon-1x\"><i class=\"fa fa-twitter\"><\/i><\/a> <a href=\"https:\/\/plus.google.com\/u\/0\/106784389300113173698\/posts\" class=\"boxed-icon google-plus icon-1x\"><i class=\"fa fa-google-plus\"><\/i><\/a>[\/vc_column_text][\/vc_column][vc_column width=\u00a0\u00bb1\/2&Prime;][vc_column_text]<div class=\"title\">Title<\/div>[\/vc_column_text]<div role=\"form\" class=\"wpcf7\" id=\"wpcf7-f22655-o1\" lang=\"en-US\" dir=\"ltr\">\n<div class=\"screen-reader-response\"><p role=\"status\" aria-live=\"polite\" aria-atomic=\"true\"><\/p> <ul><\/ul><\/div>\n<form action=\"\/fr\/wp-json\/wp\/v2\/pages\/22382#wpcf7-f22655-o1\" method=\"post\" class=\"wpcf7-form init\" novalidate=\"novalidate\" data-status=\"init\">\n<div style=\"display: none;\">\n<input type=\"hidden\" name=\"_wpcf7\" value=\"22655\" \/>\n<input type=\"hidden\" name=\"_wpcf7_version\" value=\"5.5.3\" \/>\n<input type=\"hidden\" name=\"_wpcf7_locale\" value=\"en_US\" \/>\n<input type=\"hidden\" name=\"_wpcf7_unit_tag\" value=\"wpcf7-f22655-o1\" \/>\n<input type=\"hidden\" name=\"_wpcf7_container_post\" value=\"0\" \/>\n<input type=\"hidden\" name=\"_wpcf7_posted_data_hash\" value=\"\" \/>\n<input type=\"hidden\" name=\"_wpcf7_recaptcha_response\" value=\"\" \/>\n<\/div>\n<div class=\"row\">\n<div class=\"six columns\"><label>Pr\u00e9nom*<\/label> <span class=\"wpcf7-form-control-wrap firstname\"><input type=\"text\" name=\"firstname\" value=\"\" size=\"40\" class=\"wpcf7-form-control wpcf7-text wpcf7-validates-as-required\" aria-required=\"true\" aria-invalid=\"false\" \/><\/span><\/div>\n<div class=\"six columns\"><label>Nom de famille*<\/label> <span class=\"wpcf7-form-control-wrap lastname\"><input type=\"text\" name=\"lastname\" value=\"\" size=\"40\" class=\"wpcf7-form-control wpcf7-text wpcf7-validates-as-required\" aria-required=\"true\" aria-invalid=\"false\" \/><\/span><\/div>\n<div class=\"four columns\"><label>Rue<\/label> <span class=\"wpcf7-form-control-wrap street\"><input type=\"text\" name=\"street\" value=\"\" size=\"40\" class=\"wpcf7-form-control wpcf7-text\" aria-invalid=\"false\" \/><\/span><\/div>\n<div class=\"four columns\"><label>Code postal<\/label> <span class=\"wpcf7-form-control-wrap plz\"><input type=\"text\" name=\"plz\" value=\"\" size=\"40\" class=\"wpcf7-form-control wpcf7-text\" aria-invalid=\"false\" \/><\/span><\/div>\n<div class=\"four columns\"><label>Ville<\/label> <span class=\"wpcf7-form-control-wrap ort\"><input type=\"text\" name=\"ort\" value=\"\" size=\"40\" class=\"wpcf7-form-control wpcf7-text\" aria-invalid=\"false\" \/><\/span><\/div>\n<div class=\"six columns\"><label>Pays<\/label> <span class=\"wpcf7-form-control-wrap country\"><input type=\"text\" name=\"country\" value=\"\" size=\"40\" class=\"wpcf7-form-control wpcf7-text\" aria-invalid=\"false\" \/><\/span><\/div>\n<div class=\"six columns\"><label>E-mail*<\/label> <span class=\"wpcf7-form-control-wrap your-email\"><input type=\"email\" name=\"your-email\" value=\"\" size=\"40\" class=\"wpcf7-form-control wpcf7-text wpcf7-email wpcf7-validates-as-required wpcf7-validates-as-email\" aria-required=\"true\" aria-invalid=\"false\" \/><\/span><\/div>\n<div class=\"four columns\"><label>T\u00e9l\u00e9phone<\/label> <span class=\"wpcf7-form-control-wrap telefon\"><input type=\"tel\" name=\"telefon\" value=\"\" size=\"40\" class=\"wpcf7-form-control wpcf7-text wpcf7-tel wpcf7-validates-as-tel\" aria-invalid=\"false\" \/><\/span><\/div>\n<div class=\"four columns\"><label>T\u00e9l\u00e9copieur<\/label> <span class=\"wpcf7-form-control-wrap fax\"><input type=\"tel\" name=\"fax\" value=\"\" size=\"40\" class=\"wpcf7-form-control wpcf7-text wpcf7-tel wpcf7-validates-as-tel\" aria-invalid=\"false\" \/><\/span><\/div>\n<div class=\"four columns\"><label>Mobile<\/label> <span class=\"wpcf7-form-control-wrap mobil\"><input type=\"tel\" name=\"mobil\" value=\"\" size=\"40\" class=\"wpcf7-form-control wpcf7-text wpcf7-tel wpcf7-validates-as-tel\" aria-invalid=\"false\" \/><\/span><\/div>\n<div class=\"twelve columns\"><label>Commentaires ou questions*<\/label> <span class=\"wpcf7-form-control-wrap your-message\"><textarea name=\"your-message\" cols=\"40\" rows=\"3\" class=\"wpcf7-form-control wpcf7-textarea wpcf7-validates-as-required\" aria-required=\"true\" aria-invalid=\"false\"><\/textarea><\/span><\/div>\n<div class=\"twelve columns acc\">\n<span class=\"wpcf7-form-control-wrap acceptance-293\"><span class=\"wpcf7-form-control wpcf7-acceptance\"><span class=\"wpcf7-list-item\"><input type=\"checkbox\" name=\"acceptance-293\" value=\"1\" aria-invalid=\"false\" \/><\/span><\/span><\/span>En utilisant ce formulaire, vous consentez au stockage et au traitement de vos donn\u00e9es via ce site. <a href=\"https:\/\/surfbox.de\/datenschutz\/\">\u00c0 la d\u00e9claration de protection des donn\u00e9es<\/a><br><\/div>\n<div class=\"twelve columns\">[securimage_wp]<\/div>\n<div class=\"twelve columns\"><input type=\"submit\" value=\"Envoyer message\" class=\"wpcf7-form-control has-spinner wpcf7-submit btn medium disabledbtn\" \/><\/div>\n<\/div>\n<div class=\"inv-recaptcha-holder\"><\/div><div class=\"wpcf7-response-output\" aria-hidden=\"true\"><\/div><\/form><\/div>[\/vc_column][\/vc_row][vc_row][vc_column]<aside class=\"gap cf\" style=\"height:50px;\"><\/aside>[\/vc_column][\/vc_row]<\/p>\n","protected":false},"excerpt":{"rendered":"<p>[vc_row][vc_column][\/vc_column][\/vc_row][vc_row][vc_column width=\u00a0\u00bb1\/2&Prime;][vc_column_text] Lundi: de 09:00 &#8211; 15:00 h\u00a0 sur rendez-vous Mardi de 09:00 &#8211; 15:00 h sur rendez-vous Mercredi de 9:00 &#8211; 15:00 h sur rendez-vous Jeudi de 09:00 &#8211; 15:00 h sur rendez-vous Vendredi: \u00a0sur rendez-vous Samedi de 10-12:00 h sur rendez-vous \u00a0 Mobila GmbH Haltern Annabergstra\u00dfe 164 D-45721 Haltern am See T\u00e9l\u00e9phone: +49&hellip;<\/p>\n","protected":false},"author":1,"featured_media":0,"parent":0,"menu_order":264,"comment_status":"closed","ping_status":"closed","template":"template-contact.php","meta":[],"yoast_head":"<!-- This site is optimized with the Yoast SEO plugin v17.9 - https:\/\/yoast.com\/wordpress\/plugins\/seo\/ -->\n<title>Contact - Coffre de toit prime en GRP par Mobila<\/title>\n<meta name=\"description\" content=\"Lundi: de 09:00 - 15:00 h\u00a0 sur rendez-vous Mardi de 09:00 - 15:00 h sur rendez-vous Mercredi de 9:00 - 15:00 h sur rendez-vous Jeudi de 09:00 - 15:00 h\" \/>\n<meta name=\"robots\" content=\"index, follow, max-snippet:-1, max-image-preview:large, max-video-preview:-1\" \/>\n<link rel=\"canonical\" href=\"https:\/\/surfbox.de\/fr\/kontakt\/\" \/>\n<meta property=\"og:locale\" content=\"fr_FR\" \/>\n<meta property=\"og:type\" content=\"article\" \/>\n<meta property=\"og:title\" content=\"Contact - Coffre de toit prime en GRP par Mobila\" \/>\n<meta property=\"og:description\" content=\"Lundi: de 09:00 - 15:00 h\u00a0 sur rendez-vous Mardi de 09:00 - 15:00 h sur rendez-vous Mercredi de 9:00 - 15:00 h sur rendez-vous Jeudi de 09:00 - 15:00 h\" \/>\n<meta property=\"og:url\" content=\"https:\/\/surfbox.de\/fr\/kontakt\/\" \/>\n<meta property=\"og:site_name\" content=\"Coffre de toit prime en GRP par Mobila\" \/>\n<meta property=\"article:modified_time\" content=\"2022-03-09T12:42:07+00:00\" \/>\n<meta name=\"twitter:label1\" content=\"Dur\u00e9e de lecture estim\u00e9e\" \/>\n\t<meta name=\"twitter:data1\" content=\"1 minute\" \/>\n<script type=\"application\/ld+json\" class=\"yoast-schema-graph\">{\"@context\":\"https:\/\/schema.org\",\"@graph\":[{\"@type\":\"WebSite\",\"@id\":\"https:\/\/surfbox.de\/#website\",\"url\":\"https:\/\/surfbox.de\/\",\"name\":\"Coffre de toit prime en GRP par Mobila\",\"description\":\"Mobila GmbH produces premium roof boxes skiboxes &amp; Surf boxes\",\"potentialAction\":[{\"@type\":\"SearchAction\",\"target\":{\"@type\":\"EntryPoint\",\"urlTemplate\":\"https:\/\/surfbox.de\/?s={search_term_string}\"},\"query-input\":\"required name=search_term_string\"}],\"inLanguage\":\"fr-FR\"},{\"@type\":\"WebPage\",\"@id\":\"https:\/\/surfbox.de\/fr\/kontakt\/#webpage\",\"url\":\"https:\/\/surfbox.de\/fr\/kontakt\/\",\"name\":\"Contact - Coffre de toit prime en GRP par Mobila\",\"isPartOf\":{\"@id\":\"https:\/\/surfbox.de\/#website\"},\"datePublished\":\"2014-02-04T08:01:43+00:00\",\"dateModified\":\"2022-03-09T12:42:07+00:00\",\"description\":\"Lundi: de 09:00 - 15:00 h\\u00a0 sur rendez-vous Mardi de 09:00 - 15:00 h sur rendez-vous Mercredi de 9:00 - 15:00 h sur rendez-vous Jeudi de 09:00 - 15:00 h\",\"breadcrumb\":{\"@id\":\"https:\/\/surfbox.de\/fr\/kontakt\/#breadcrumb\"},\"inLanguage\":\"fr-FR\",\"potentialAction\":[{\"@type\":\"ReadAction\",\"target\":[\"https:\/\/surfbox.de\/fr\/kontakt\/\"]}]},{\"@type\":\"BreadcrumbList\",\"@id\":\"https:\/\/surfbox.de\/fr\/kontakt\/#breadcrumb\",\"itemListElement\":[{\"@type\":\"ListItem\",\"position\":1,\"name\":\"Home\",\"item\":\"https:\/\/surfbox.de\/fr\/\"},{\"@type\":\"ListItem\",\"position\":2,\"name\":\"Contact\"}]}]}<\/script>\n<!-- \/ Yoast SEO plugin. -->","yoast_head_json":{"title":"Contact - Coffre de toit prime en GRP par Mobila","description":"Lundi: de 09:00 - 15:00 h\u00a0 sur rendez-vous Mardi de 09:00 - 15:00 h sur rendez-vous Mercredi de 9:00 - 15:00 h sur rendez-vous Jeudi de 09:00 - 15:00 h","robots":{"index":"index","follow":"follow","max-snippet":"max-snippet:-1","max-image-preview":"max-image-preview:large","max-video-preview":"max-video-preview:-1"},"canonical":"https:\/\/surfbox.de\/fr\/kontakt\/","og_locale":"fr_FR","og_type":"article","og_title":"Contact - Coffre de toit prime en GRP par Mobila","og_description":"Lundi: de 09:00 - 15:00 h\u00a0 sur rendez-vous Mardi de 09:00 - 15:00 h sur rendez-vous Mercredi de 9:00 - 15:00 h sur rendez-vous Jeudi de 09:00 - 15:00 h","og_url":"https:\/\/surfbox.de\/fr\/kontakt\/","og_site_name":"Coffre de toit prime en GRP par Mobila","article_modified_time":"2022-03-09T12:42:07+00:00","twitter_misc":{"Dur\u00e9e de lecture estim\u00e9e":"1 minute"},"schema":{"@context":"https:\/\/schema.org","@graph":[{"@type":"WebSite","@id":"https:\/\/surfbox.de\/#website","url":"https:\/\/surfbox.de\/","name":"Coffre de toit prime en GRP par Mobila","description":"Mobila GmbH produces premium roof boxes skiboxes &amp; Surf boxes","potentialAction":[{"@type":"SearchAction","target":{"@type":"EntryPoint","urlTemplate":"https:\/\/surfbox.de\/?s={search_term_string}"},"query-input":"required name=search_term_string"}],"inLanguage":"fr-FR"},{"@type":"WebPage","@id":"https:\/\/surfbox.de\/fr\/kontakt\/#webpage","url":"https:\/\/surfbox.de\/fr\/kontakt\/","name":"Contact - Coffre de toit prime en GRP par Mobila","isPartOf":{"@id":"https:\/\/surfbox.de\/#website"},"datePublished":"2014-02-04T08:01:43+00:00","dateModified":"2022-03-09T12:42:07+00:00","description":"Lundi: de 09:00 - 15:00 h\u00a0 sur rendez-vous Mardi de 09:00 - 15:00 h sur rendez-vous Mercredi de 9:00 - 15:00 h sur rendez-vous Jeudi de 09:00 - 15:00 h","breadcrumb":{"@id":"https:\/\/surfbox.de\/fr\/kontakt\/#breadcrumb"},"inLanguage":"fr-FR","potentialAction":[{"@type":"ReadAction","target":["https:\/\/surfbox.de\/fr\/kontakt\/"]}]},{"@type":"BreadcrumbList","@id":"https:\/\/surfbox.de\/fr\/kontakt\/#breadcrumb","itemListElement":[{"@type":"ListItem","position":1,"name":"Home","item":"https:\/\/surfbox.de\/fr\/"},{"@type":"ListItem","position":2,"name":"Contact"}]}]}},"_links":{"self":[{"href":"https:\/\/surfbox.de\/fr\/wp-json\/wp\/v2\/pages\/22382"}],"collection":[{"href":"https:\/\/surfbox.de\/fr\/wp-json\/wp\/v2\/pages"}],"about":[{"href":"https:\/\/surfbox.de\/fr\/wp-json\/wp\/v2\/types\/page"}],"author":[{"embeddable":true,"href":"https:\/\/surfbox.de\/fr\/wp-json\/wp\/v2\/users\/1"}],"replies":[{"embeddable":true,"href":"https:\/\/surfbox.de\/fr\/wp-json\/wp\/v2\/comments?post=22382"}],"version-history":[{"count":9,"href":"https:\/\/surfbox.de\/fr\/wp-json\/wp\/v2\/pages\/22382\/revisions"}],"predecessor-version":[{"id":81396,"href":"https:\/\/surfbox.de\/fr\/wp-json\/wp\/v2\/pages\/22382\/revisions\/81396"}],"wp:attachment":[{"href":"https:\/\/surfbox.de\/fr\/wp-json\/wp\/v2\/media?parent=22382"}],"curies":[{"name":"wp","href":"https:\/\/api.w.org\/{rel}","templated":true}]}}