
{"id":22426,"date":"2014-12-09T11:41:03","date_gmt":"2014-12-09T10:41:03","guid":{"rendered":"https:\/\/surfbox.de\/?page_id=12426"},"modified":"2023-11-16T12:10:24","modified_gmt":"2023-11-16T11:10:24","slug":"droit-de-revocation","status":"publish","type":"page","link":"https:\/\/surfbox.de\/fr\/droit-de-revocation\/","title":{"rendered":"Conditions de r\u00e9tractation"},"content":{"rendered":"<div id=\"OutputText\" class=\"Wrap\" style=\"direction: ltr; text-align: left;\" tabindex=\"99999\">\n<p><strong class=\"western\">Les<\/strong> <strong class=\"western\">consommateurs<\/strong> <strong class=\"western\">au<\/strong> <strong class=\"western\">sens<\/strong> <strong class=\"western\">du<\/strong> <strong class=\"western\">\u00a7<\/strong> <strong class=\"western\">13<\/strong> <strong class=\"western\">BGB<\/strong> <strong class=\"western\">poss\u00e8de<\/strong> <strong class=\"western\">un<\/strong> <strong class=\"western\">droit<\/strong> <strong class=\"western\">de<\/strong> <strong class=\"western\">r\u00e9tractation<\/strong> <strong class=\"western\">sous<\/strong> <strong class=\"western\">les<\/strong> <strong class=\"western\">conditions<\/strong> <strong class=\"western\">suivantes<\/strong> <strong class=\"western\">:<\/strong><\/p>\n<p><span style=\"color: #999999;\">Vous avez le droit de r\u00e9silier le contrat dans les quatorze jours \u00e0 partir sans indiquer le motif. La p\u00e9riode de r\u00e9vocation est quatorze jours \u00e0 compter de la date \u00e0 laquelle vous, ou un tiers mentionn\u00e9 par vos soins qui n&rsquo;est pas le transporteur, avez pris possession des marchandises. Si plusieurs marchandises sont command\u00e9es dans le cadre d&rsquo;une commande unique et si celles-ci sont livr\u00e9es s\u00e9par\u00e9ment, le d\u00e9lai est de quatorze jours \u00e0 compter de la date \u00e0 laquelle vous ou un tiers mentionn\u00e9 par vos soins, qui n&rsquo;est pas le transporteur, avez pris possession du dernier article. Il n&rsquo;y a pas pr\u00e9sence d&rsquo;une commande unique lorsque vous avez command\u00e9 plusieurs articles au m\u00eame moment. Les produits individuels doivent \u00eatre li\u00e9s les uns aux autres. Si les marchandises sont livr\u00e9es en plusieurs lots ou pi\u00e8ces, le d\u00e9lai de r\u00e9tractation est de quatorze jours \u00e0 compter de la date \u00e0 laquelle vous ou un tiers mentionn\u00e9 par vos soins, qui n&rsquo;est pas le transporteur, avez pris possession de la derni\u00e8re partie ou de la derni\u00e8re pi\u00e8ce.<\/span><\/p>\n<p><span style=\"color: #999999;\">Pour exercer votre droit de r\u00e9tractation, vous devez nous informer :<\/span><\/p>\n<p><strong class=\"western\">Mobila<\/strong> <strong class=\"western\">Verwaltungs<\/strong> <strong class=\"western\">GmbH,<\/strong><br \/>\n<strong class=\"western\">Annabergstr.<\/strong> <strong class=\"western\">164D<\/strong><br \/>\n<strong class=\"western\">45721<\/strong> <strong class=\"western\">Haltern<\/strong> <strong class=\"western\">am<\/strong> <strong class=\"western\">See<\/strong><br \/>\n<strong class=\"western\">T\u00e9l.<\/strong> <strong class=\"western\">:<\/strong> <strong class=\"western\">0049<\/strong> <strong class=\"western\">2364<\/strong> <strong class=\"western\">6142<\/strong><br \/>\n<strong class=\"western\">Fax<\/strong> <strong class=\"western\">:<\/strong> <strong class=\"western\">0049<\/strong> <strong class=\"western\">2364<\/strong> <strong class=\"western\">69493,<\/strong><br \/>\n<strong class=\"western\">E-mail<\/strong> <strong class=\"western\">:<\/strong> <strong class=\"western\">info@surfbox.de<\/strong><\/p>\n<p><span style=\"color: #999999;\">au moyen d&rsquo;une d\u00e9claration claire (par exemple, courrier postal, fax, e-mail) de votre d\u00e9cision de vous retirer de ce contrat. Vous pouvez utiliser pour cela le formulaire de r\u00e9tractation ci-joint, cependant, ce n&rsquo;est pas obligatoire. Vous pouvez remplir \u00e9lectroniquement et soumettre le mod\u00e8le de formulaire de r\u00e9tractation ou toute autre d\u00e9claration sans \u00e9quivoque sur notre site www.surfbox.de. Si vous faites usage de cette possibilit\u00e9, nous vous enverrons imm\u00e9diatement (par ex. par e-mail) une confirmation de l&rsquo;arriv\u00e9e de votre r\u00e9tractation.<\/span><\/p>\n<h3 class=\"western\" lang=\"fr-FR\"><strong class=\"western\">Remarques<\/strong> <strong class=\"western\">particuli\u00e8res<\/strong><\/h3>\n<p><span style=\"color: #999999;\">Votre droit de r\u00e9vocation expire pr\u00e9matur\u00e9ment si le contrat est compl\u00e8tement rempli par les deux parties \u00e0 votre demande expresse avant que vous n&rsquo;ayez exerc\u00e9 vous votre droit de r\u00e9tractation. Si vous \u00eates un entrepreneur au sens du \u00a7 14 du Code civil allemand (BGB) et si, lors de la conclusion du contrat, agissez dans l&rsquo;exercice de votre activit\u00e9 commerciale ou ind\u00e9pendante, vous n&rsquo;avez pas de droit de r\u00e9tractation.<\/span><\/p>\n<p><strong>Exclusion ou expiration pr\u00e9matur\u00e9e du droit de r\u00e9tractation<\/strong><br \/>\nLe droit de r\u00e9tractation ne s&rsquo;applique pas aux consommateurs qui n&rsquo;appartiennent pas \u00e0 un \u00c9tat membre de l&rsquo;Union europ\u00e9enne au moment de la conclusion du contrat et dont le seul lieu de r\u00e9sidence et l&rsquo;adresse de livraison se trouvent en dehors de l&rsquo;Union europ\u00e9enne au moment de la conclusion du contrat.<\/p>\n<h3 class=\"western\" lang=\"fr-FR\"><strong class=\"western\">Effets<\/strong> <strong class=\"western\">de<\/strong> <strong class=\"western\">la<\/strong> <strong class=\"western\">r\u00e9tractation<\/strong><\/h3>\n<p><span style=\"color: #999999;\">Si vous vous retirez de ce contrat, nous devons vous rembourser tous les paiements que vous nous avez effectu\u00e9s, ceci incluant les frais de livraison (\u00e0 l&rsquo;exception des frais suppl\u00e9mentaires occasionn\u00e9s par votre s\u00e9lection d&rsquo;un mode de livraison diff\u00e9rent de notre offre standard la moins ch\u00e8re), imm\u00e9diatement et au plus tard sous quatorze jours \u00e0 compter de la date \u00e0 laquelle nous avons re\u00e7u votre notification de r\u00e9tractation de ce contrat. Pour ce remboursement, nous utilisons la m\u00eame m\u00e9thode de paiement que celle que\u00a0vous avez utilis\u00e9e pour la transaction initiale, sauf si nous en avons\u00a0explicitement convenu autrement; en aucun cas\u00a0vous ne paierez de frais pour ce remboursement. Nous pouvons refuser le remboursement jusqu&rsquo;\u00e0 ce que nous ayons re\u00e7u le bien ou vous avez d\u00e9montr\u00e9 que vous avez renvoy\u00e9 les biens, la date la plus ancienne faisant foi.<\/span><\/p>\n<p><span style=\"color: #999999;\">Vous devez nous renvoyer ou nous d\u00e9poser les articles imm\u00e9diatement, et dans tous les cas au plus tard sous quatorze jours \u00e0 compter de la date \u00e0 laquelle vous nous avez envoy\u00e9 votre r\u00e9tractation \u00e0 l&rsquo;entreprise Mobila GmbH, Annabergstr. 164, D 45721 Haltern.<\/span><\/p>\n<p><span style=\"color: #999999;\">Le d\u00e9lai est respect\u00e9 si les marchandises sont envoy\u00e9es ou remises au transporteur que nous mandatons avant expiration de la p\u00e9riode de quatorze jours.<\/span><\/p>\n<p><span style=\"color: #999999;\">Vous assumez tous les frais directs de renvoi des marchandises. Les frais de retour des marchandises ne pouvant pas \u00eatre exp\u00e9di\u00e9es dans des colis (coffres de toit) qui doivent \u00eatre enlev\u00e9es par le transporteur sont les m\u00eames pour vous que ceux du fret aller + 50%.\u00a0 Pour les marchandises sous colis comme les pi\u00e8ces de rechange ou les supports de toit, des frais de renvoi \u00e0 hauteur de 15,00 EUR pour l&rsquo;Allemagne (plus 30,00 EUR suppl\u00e9mentaires pour l&rsquo;\u00e9tranger) seront factur\u00e9s ou vous devrez mettre en place un retour en port franc \u00e0 vos frais. Vous devrez r\u00e9pondre uniquement d&rsquo;une \u00e9ventuelle perte de valeur des marchandises si celle-ci est due \u00e0 un contr\u00f4le de la qualit\u00e9, des propri\u00e9t\u00e9s et du mode de fonctionnement des marchandises dans une \u00e9tendue non n\u00e9cessaire.<\/span><\/p>\n<h3 class=\"western\" lang=\"fr-FR\">Fin des informations sur le droit de r\u00e9tractation<\/h3>\n<p><span style=\"color: #999999;\">Version : 13.6.2014<\/span><\/p>\n<\/div>\n","protected":false},"excerpt":{"rendered":"<p>Les consommateurs au sens du \u00a7 13 BGB poss\u00e8de un droit de r\u00e9tractation sous les conditions suivantes : Vous avez le droit de r\u00e9silier le contrat dans les quatorze jours \u00e0 partir sans indiquer le motif. La p\u00e9riode de r\u00e9vocation est quatorze jours \u00e0 compter de la date \u00e0 laquelle vous, ou un tiers mentionn\u00e9&hellip;<\/p>\n","protected":false},"author":1,"featured_media":0,"parent":0,"menu_order":256,"comment_status":"closed","ping_status":"closed","template":"","meta":[],"yoast_head":"<!-- This site is optimized with the Yoast SEO plugin v17.9 - https:\/\/yoast.com\/wordpress\/plugins\/seo\/ -->\n<title>Conditions de r\u00e9tractation - Coffre de toit prime en GRP par Mobila<\/title>\n<meta name=\"description\" content=\"Les consommateurs au sens du \u00a7 13 BGB poss\u00e8de un droit de r\u00e9tractation sous les conditions suivantes : Vous avez le droit de r\u00e9silier le contrat dans les\" \/>\n<meta name=\"robots\" content=\"index, follow, max-snippet:-1, max-image-preview:large, max-video-preview:-1\" \/>\n<link rel=\"canonical\" href=\"https:\/\/surfbox.de\/fr\/droit-de-revocation\/\" \/>\n<meta property=\"og:locale\" content=\"fr_FR\" \/>\n<meta property=\"og:type\" content=\"article\" \/>\n<meta property=\"og:title\" content=\"Conditions de r\u00e9tractation - Coffre de toit prime en GRP par Mobila\" \/>\n<meta property=\"og:description\" content=\"Les consommateurs au sens du \u00a7 13 BGB poss\u00e8de un droit de r\u00e9tractation sous les conditions suivantes : Vous avez le droit de r\u00e9silier le contrat dans les\" \/>\n<meta property=\"og:url\" content=\"https:\/\/surfbox.de\/fr\/droit-de-revocation\/\" \/>\n<meta property=\"og:site_name\" content=\"Coffre de toit prime en GRP par Mobila\" \/>\n<meta property=\"article:modified_time\" content=\"2023-11-16T11:10:24+00:00\" \/>\n<meta name=\"twitter:label1\" content=\"Dur\u00e9e de lecture estim\u00e9e\" \/>\n\t<meta name=\"twitter:data1\" content=\"5 minutes\" \/>\n<script type=\"application\/ld+json\" class=\"yoast-schema-graph\">{\"@context\":\"https:\/\/schema.org\",\"@graph\":[{\"@type\":\"WebSite\",\"@id\":\"https:\/\/surfbox.de\/#website\",\"url\":\"https:\/\/surfbox.de\/\",\"name\":\"Coffre de toit prime en GRP par Mobila\",\"description\":\"Mobila GmbH produces premium roof boxes skiboxes &amp; Surf boxes\",\"potentialAction\":[{\"@type\":\"SearchAction\",\"target\":{\"@type\":\"EntryPoint\",\"urlTemplate\":\"https:\/\/surfbox.de\/?s={search_term_string}\"},\"query-input\":\"required name=search_term_string\"}],\"inLanguage\":\"fr-FR\"},{\"@type\":\"WebPage\",\"@id\":\"https:\/\/surfbox.de\/fr\/droit-de-revocation\/#webpage\",\"url\":\"https:\/\/surfbox.de\/fr\/droit-de-revocation\/\",\"name\":\"Conditions de r\\u00e9tractation - Coffre de toit prime en GRP par Mobila\",\"isPartOf\":{\"@id\":\"https:\/\/surfbox.de\/#website\"},\"datePublished\":\"2014-12-09T10:41:03+00:00\",\"dateModified\":\"2023-11-16T11:10:24+00:00\",\"description\":\"Les consommateurs au sens du \\u00a7 13 BGB poss\\u00e8de un droit de r\\u00e9tractation sous les conditions suivantes : Vous avez le droit de r\\u00e9silier le contrat dans les\",\"breadcrumb\":{\"@id\":\"https:\/\/surfbox.de\/fr\/droit-de-revocation\/#breadcrumb\"},\"inLanguage\":\"fr-FR\",\"potentialAction\":[{\"@type\":\"ReadAction\",\"target\":[\"https:\/\/surfbox.de\/fr\/droit-de-revocation\/\"]}]},{\"@type\":\"BreadcrumbList\",\"@id\":\"https:\/\/surfbox.de\/fr\/droit-de-revocation\/#breadcrumb\",\"itemListElement\":[{\"@type\":\"ListItem\",\"position\":1,\"name\":\"Home\",\"item\":\"https:\/\/surfbox.de\/fr\/\"},{\"@type\":\"ListItem\",\"position\":2,\"name\":\"Conditions de r\\u00e9tractation\"}]}]}<\/script>\n<!-- \/ Yoast SEO plugin. -->","yoast_head_json":{"title":"Conditions de r\u00e9tractation - Coffre de toit prime en GRP par Mobila","description":"Les consommateurs au sens du \u00a7 13 BGB poss\u00e8de un droit de r\u00e9tractation sous les conditions suivantes : Vous avez le droit de r\u00e9silier le contrat dans les","robots":{"index":"index","follow":"follow","max-snippet":"max-snippet:-1","max-image-preview":"max-image-preview:large","max-video-preview":"max-video-preview:-1"},"canonical":"https:\/\/surfbox.de\/fr\/droit-de-revocation\/","og_locale":"fr_FR","og_type":"article","og_title":"Conditions de r\u00e9tractation - Coffre de toit prime en GRP par Mobila","og_description":"Les consommateurs au sens du \u00a7 13 BGB poss\u00e8de un droit de r\u00e9tractation sous les conditions suivantes : Vous avez le droit de r\u00e9silier le contrat dans les","og_url":"https:\/\/surfbox.de\/fr\/droit-de-revocation\/","og_site_name":"Coffre de toit prime en GRP par Mobila","article_modified_time":"2023-11-16T11:10:24+00:00","twitter_misc":{"Dur\u00e9e de lecture estim\u00e9e":"5 minutes"},"schema":{"@context":"https:\/\/schema.org","@graph":[{"@type":"WebSite","@id":"https:\/\/surfbox.de\/#website","url":"https:\/\/surfbox.de\/","name":"Coffre de toit prime en GRP par Mobila","description":"Mobila GmbH produces premium roof boxes skiboxes &amp; Surf boxes","potentialAction":[{"@type":"SearchAction","target":{"@type":"EntryPoint","urlTemplate":"https:\/\/surfbox.de\/?s={search_term_string}"},"query-input":"required name=search_term_string"}],"inLanguage":"fr-FR"},{"@type":"WebPage","@id":"https:\/\/surfbox.de\/fr\/droit-de-revocation\/#webpage","url":"https:\/\/surfbox.de\/fr\/droit-de-revocation\/","name":"Conditions de r\u00e9tractation - Coffre de toit prime en GRP par Mobila","isPartOf":{"@id":"https:\/\/surfbox.de\/#website"},"datePublished":"2014-12-09T10:41:03+00:00","dateModified":"2023-11-16T11:10:24+00:00","description":"Les consommateurs au sens du \u00a7 13 BGB poss\u00e8de un droit de r\u00e9tractation sous les conditions suivantes : Vous avez le droit de r\u00e9silier le contrat dans les","breadcrumb":{"@id":"https:\/\/surfbox.de\/fr\/droit-de-revocation\/#breadcrumb"},"inLanguage":"fr-FR","potentialAction":[{"@type":"ReadAction","target":["https:\/\/surfbox.de\/fr\/droit-de-revocation\/"]}]},{"@type":"BreadcrumbList","@id":"https:\/\/surfbox.de\/fr\/droit-de-revocation\/#breadcrumb","itemListElement":[{"@type":"ListItem","position":1,"name":"Home","item":"https:\/\/surfbox.de\/fr\/"},{"@type":"ListItem","position":2,"name":"Conditions de r\u00e9tractation"}]}]}},"_links":{"self":[{"href":"https:\/\/surfbox.de\/fr\/wp-json\/wp\/v2\/pages\/22426"}],"collection":[{"href":"https:\/\/surfbox.de\/fr\/wp-json\/wp\/v2\/pages"}],"about":[{"href":"https:\/\/surfbox.de\/fr\/wp-json\/wp\/v2\/types\/page"}],"author":[{"embeddable":true,"href":"https:\/\/surfbox.de\/fr\/wp-json\/wp\/v2\/users\/1"}],"replies":[{"embeddable":true,"href":"https:\/\/surfbox.de\/fr\/wp-json\/wp\/v2\/comments?post=22426"}],"version-history":[{"count":2,"href":"https:\/\/surfbox.de\/fr\/wp-json\/wp\/v2\/pages\/22426\/revisions"}],"predecessor-version":[{"id":85104,"href":"https:\/\/surfbox.de\/fr\/wp-json\/wp\/v2\/pages\/22426\/revisions\/85104"}],"wp:attachment":[{"href":"https:\/\/surfbox.de\/fr\/wp-json\/wp\/v2\/media?parent=22426"}],"curies":[{"name":"wp","href":"https:\/\/api.w.org\/{rel}","templated":true}]}}