
{"id":22792,"date":"2015-01-20T15:48:32","date_gmt":"2015-01-20T14:48:32","guid":{"rendered":"https:\/\/surfbox.de\/traegertabelle-2-2\/"},"modified":"2015-02-17T11:53:18","modified_gmt":"2015-02-17T10:53:18","slug":"traegertabelle-2","status":"publish","type":"page","link":"https:\/\/surfbox.de\/fr\/traegertabelle-2\/","title":{"rendered":"Toit table de cr\u00e9maill\u00e8re"},"content":{"rendered":"<p>Un fichier PDF avec des v\u00e9hicules et correspondant barres de toit peuvent \u00eatre trouv\u00e9s ici:<br \/>\nVoir <\/p>\n<h4> <a href=\"https:\/\/surfbox.de\/wp-content\/uploads\/2014\/07\/tragertabelle1.pdf\"> Code Tragertabelle ici<\/a> <\/h4>\n<p>Vous avez besoin d&rsquo;un programme pour ouvrir les fichiers PDF dans cette liste.<\/p>\n","protected":false},"excerpt":{"rendered":"<p>Un fichier PDF avec des v\u00e9hicules et correspondant barres de toit peuvent \u00eatre trouv\u00e9s ici: Voir Code Tragertabelle ici Vous avez besoin d&rsquo;un programme pour ouvrir les fichiers PDF dans cette liste.<\/p>\n","protected":false},"author":1,"featured_media":0,"parent":0,"menu_order":215,"comment_status":"closed","ping_status":"open","template":"","meta":[],"yoast_head":"<!-- This site is optimized with the Yoast SEO plugin v17.9 - https:\/\/yoast.com\/wordpress\/plugins\/seo\/ -->\n<title>Toit table de cr\u00e9maill\u00e8re - Coffre de toit prime en GRP par Mobila<\/title>\n<meta name=\"description\" content=\"Un fichier PDF avec des v\u00e9hicules et correspondant barres de toit peuvent \u00eatre trouv\u00e9s ici: Voir Code Tragertabelle ici Vous avez besoin d&#039;un programme\" \/>\n<meta name=\"robots\" content=\"index, follow, max-snippet:-1, max-image-preview:large, max-video-preview:-1\" \/>\n<link rel=\"canonical\" href=\"https:\/\/surfbox.de\/fr\/traegertabelle-2\/\" \/>\n<meta property=\"og:locale\" content=\"fr_FR\" \/>\n<meta property=\"og:type\" content=\"article\" \/>\n<meta property=\"og:title\" content=\"Toit table de cr\u00e9maill\u00e8re - Coffre de toit prime en GRP par Mobila\" \/>\n<meta property=\"og:description\" content=\"Un fichier PDF avec des v\u00e9hicules et correspondant barres de toit peuvent \u00eatre trouv\u00e9s ici: Voir Code Tragertabelle ici Vous avez besoin d&#039;un programme\" \/>\n<meta property=\"og:url\" content=\"https:\/\/surfbox.de\/fr\/traegertabelle-2\/\" \/>\n<meta property=\"og:site_name\" content=\"Coffre de toit prime en GRP par Mobila\" \/>\n<meta property=\"article:modified_time\" content=\"2015-02-17T10:53:18+00:00\" \/>\n<script type=\"application\/ld+json\" class=\"yoast-schema-graph\">{\"@context\":\"https:\/\/schema.org\",\"@graph\":[{\"@type\":\"WebSite\",\"@id\":\"https:\/\/surfbox.de\/#website\",\"url\":\"https:\/\/surfbox.de\/\",\"name\":\"Coffre de toit prime en GRP par Mobila\",\"description\":\"Mobila GmbH produces premium roof boxes skiboxes &amp; Surf boxes\",\"potentialAction\":[{\"@type\":\"SearchAction\",\"target\":{\"@type\":\"EntryPoint\",\"urlTemplate\":\"https:\/\/surfbox.de\/?s={search_term_string}\"},\"query-input\":\"required name=search_term_string\"}],\"inLanguage\":\"fr-FR\"},{\"@type\":\"WebPage\",\"@id\":\"https:\/\/surfbox.de\/fr\/traegertabelle-2\/#webpage\",\"url\":\"https:\/\/surfbox.de\/fr\/traegertabelle-2\/\",\"name\":\"Toit table de cr\\u00e9maill\\u00e8re - Coffre de toit prime en GRP par Mobila\",\"isPartOf\":{\"@id\":\"https:\/\/surfbox.de\/#website\"},\"datePublished\":\"2015-01-20T14:48:32+00:00\",\"dateModified\":\"2015-02-17T10:53:18+00:00\",\"description\":\"Un fichier PDF avec des v\\u00e9hicules et correspondant barres de toit peuvent \\u00eatre trouv\\u00e9s ici: Voir Code Tragertabelle ici Vous avez besoin d'un programme\",\"breadcrumb\":{\"@id\":\"https:\/\/surfbox.de\/fr\/traegertabelle-2\/#breadcrumb\"},\"inLanguage\":\"fr-FR\",\"potentialAction\":[{\"@type\":\"ReadAction\",\"target\":[\"https:\/\/surfbox.de\/fr\/traegertabelle-2\/\"]}]},{\"@type\":\"BreadcrumbList\",\"@id\":\"https:\/\/surfbox.de\/fr\/traegertabelle-2\/#breadcrumb\",\"itemListElement\":[{\"@type\":\"ListItem\",\"position\":1,\"name\":\"Home\",\"item\":\"https:\/\/surfbox.de\/fr\/\"},{\"@type\":\"ListItem\",\"position\":2,\"name\":\"Toit table de cr\\u00e9maill\\u00e8re\"}]}]}<\/script>\n<!-- \/ Yoast SEO plugin. -->","yoast_head_json":{"title":"Toit table de cr\u00e9maill\u00e8re - Coffre de toit prime en GRP par Mobila","description":"Un fichier PDF avec des v\u00e9hicules et correspondant barres de toit peuvent \u00eatre trouv\u00e9s ici: Voir Code Tragertabelle ici Vous avez besoin d'un programme","robots":{"index":"index","follow":"follow","max-snippet":"max-snippet:-1","max-image-preview":"max-image-preview:large","max-video-preview":"max-video-preview:-1"},"canonical":"https:\/\/surfbox.de\/fr\/traegertabelle-2\/","og_locale":"fr_FR","og_type":"article","og_title":"Toit table de cr\u00e9maill\u00e8re - Coffre de toit prime en GRP par Mobila","og_description":"Un fichier PDF avec des v\u00e9hicules et correspondant barres de toit peuvent \u00eatre trouv\u00e9s ici: Voir Code Tragertabelle ici Vous avez besoin d'un programme","og_url":"https:\/\/surfbox.de\/fr\/traegertabelle-2\/","og_site_name":"Coffre de toit prime en GRP par Mobila","article_modified_time":"2015-02-17T10:53:18+00:00","schema":{"@context":"https:\/\/schema.org","@graph":[{"@type":"WebSite","@id":"https:\/\/surfbox.de\/#website","url":"https:\/\/surfbox.de\/","name":"Coffre de toit prime en GRP par Mobila","description":"Mobila GmbH produces premium roof boxes skiboxes &amp; Surf boxes","potentialAction":[{"@type":"SearchAction","target":{"@type":"EntryPoint","urlTemplate":"https:\/\/surfbox.de\/?s={search_term_string}"},"query-input":"required name=search_term_string"}],"inLanguage":"fr-FR"},{"@type":"WebPage","@id":"https:\/\/surfbox.de\/fr\/traegertabelle-2\/#webpage","url":"https:\/\/surfbox.de\/fr\/traegertabelle-2\/","name":"Toit table de cr\u00e9maill\u00e8re - Coffre de toit prime en GRP par Mobila","isPartOf":{"@id":"https:\/\/surfbox.de\/#website"},"datePublished":"2015-01-20T14:48:32+00:00","dateModified":"2015-02-17T10:53:18+00:00","description":"Un fichier PDF avec des v\u00e9hicules et correspondant barres de toit peuvent \u00eatre trouv\u00e9s ici: Voir Code Tragertabelle ici Vous avez besoin d'un programme","breadcrumb":{"@id":"https:\/\/surfbox.de\/fr\/traegertabelle-2\/#breadcrumb"},"inLanguage":"fr-FR","potentialAction":[{"@type":"ReadAction","target":["https:\/\/surfbox.de\/fr\/traegertabelle-2\/"]}]},{"@type":"BreadcrumbList","@id":"https:\/\/surfbox.de\/fr\/traegertabelle-2\/#breadcrumb","itemListElement":[{"@type":"ListItem","position":1,"name":"Home","item":"https:\/\/surfbox.de\/fr\/"},{"@type":"ListItem","position":2,"name":"Toit table de cr\u00e9maill\u00e8re"}]}]}},"_links":{"self":[{"href":"https:\/\/surfbox.de\/fr\/wp-json\/wp\/v2\/pages\/22792"}],"collection":[{"href":"https:\/\/surfbox.de\/fr\/wp-json\/wp\/v2\/pages"}],"about":[{"href":"https:\/\/surfbox.de\/fr\/wp-json\/wp\/v2\/types\/page"}],"author":[{"embeddable":true,"href":"https:\/\/surfbox.de\/fr\/wp-json\/wp\/v2\/users\/1"}],"replies":[{"embeddable":true,"href":"https:\/\/surfbox.de\/fr\/wp-json\/wp\/v2\/comments?post=22792"}],"version-history":[{"count":0,"href":"https:\/\/surfbox.de\/fr\/wp-json\/wp\/v2\/pages\/22792\/revisions"}],"wp:attachment":[{"href":"https:\/\/surfbox.de\/fr\/wp-json\/wp\/v2\/media?parent=22792"}],"curies":[{"name":"wp","href":"https:\/\/api.w.org\/{rel}","templated":true}]}}