
{"id":24285,"date":"2015-02-08T22:04:05","date_gmt":"2015-02-08T21:04:05","guid":{"rendered":"https:\/\/surfbox.de\/?page_id=14285"},"modified":"2016-08-29T17:50:58","modified_gmt":"2016-08-29T15:50:58","slug":"ramassez-les-horaires-douverture-pour-lui-meme","status":"publish","type":"page","link":"https:\/\/surfbox.de\/fr\/ramassez-les-horaires-douverture-pour-lui-meme\/","title":{"rendered":"Ramassez les horaires d&rsquo;ouverture pour lui-m\u00eame"},"content":{"rendered":"<h4><span id=\"result_box\" class=\"\" lang=\"fr\"><span class=\"hps\">Les conseils de<\/span> <span class=\"hps\">08h-\u00e0-20h<\/span> <span class=\"hps\">en appelant<\/span> <span class=\"hps\">+49<\/span> <span class=\"hps atn\">(<\/span>0) <span class=\"hps\">2364<\/span> <span class=\"hps\">6142<\/span> <span class=\"hps\">\u00e0 atteindre.<\/span><br \/>\n<span class=\"hps\">Collection<\/span> <span class=\"hps\">\u00e0 <\/span><\/span>Haltern am See.<\/h4>\n<h3><span id=\"result_box\" class=\"\" lang=\"fr\"><span class=\"hps\">Notre entrep\u00f4t<\/span> <span class=\"hps\">est ouvert du<\/span> <span class=\"hps\">01\/01\/2016<\/span> <span class=\"hps\">comme suit:<\/span><\/span><\/h3>\n<table>\n<tbody>\n<tr>\n<td><strong><span id=\"result_box\" class=\"short_text\" lang=\"fr\"><span class=\"hps\">Lundi<\/span><\/span><\/strong><\/td>\n<td><span id=\"result_box\" class=\"short_text\" lang=\"fr\"><span class=\"hps\">sur rendez-vous<\/span><\/span><\/td>\n<\/tr>\n<tr>\n<td><strong><span id=\"result_box\" class=\"short_text\" lang=\"fr\"><span class=\"hps\">Mardi<\/span><\/span><\/strong><\/td>\n<td>de 9h &#8211; 13, 14- 17h 30<\/td>\n<\/tr>\n<tr>\n<td><strong><span id=\"result_box\" class=\"short_text\" lang=\"fr\"><span class=\"hps\">Mercredi<\/span><\/span><\/strong><\/td>\n<td>de 9h &#8211; 13, 15- 17h 30<\/td>\n<\/tr>\n<tr>\n<td><strong><span id=\"result_box\" class=\"short_text\" lang=\"fr\"><span class=\"hps\">Jeudi<\/span><\/span><\/strong><\/td>\n<td>de 9h &#8211; 13, 14- 17h 30<\/td>\n<\/tr>\n<tr>\n<td><strong><span id=\"result_box\" class=\"short_text\" lang=\"fr\"><span class=\"hps\">Vendredi<\/span><\/span><\/strong><\/td>\n<td>sur rendez-vous<\/td>\n<\/tr>\n<tr>\n<td><strong><span id=\"result_box\" class=\"short_text\" lang=\"fr\"><span class=\"hps\">Samedi<\/span><\/span><\/strong><\/td>\n<td>de 10h &#8211; 12h (<span id=\"result_box\" class=\"short_text\" lang=\"fr\"><span class=\"hps\">sur rendez-vous<\/span><\/span>)<\/td>\n<\/tr>\n<\/tbody>\n<\/table>\n","protected":false},"excerpt":{"rendered":"<p>Les conseils de 08h-\u00e0-20h en appelant +49 (0) 2364 6142 \u00e0 atteindre. Collection \u00e0 Haltern am See. Notre entrep\u00f4t est ouvert du 01\/01\/2016 comme suit: Lundi sur rendez-vous Mardi de 9h &#8211; 13, 14- 17h 30 Mercredi de 9h &#8211; 13, 15- 17h 30 Jeudi de 9h &#8211; 13, 14- 17h 30 Vendredi sur rendez-vous&hellip;<\/p>\n","protected":false},"author":1,"featured_media":0,"parent":0,"menu_order":22,"comment_status":"closed","ping_status":"open","template":"","meta":[],"yoast_head":"<!-- This site is optimized with the Yoast SEO plugin v17.9 - https:\/\/yoast.com\/wordpress\/plugins\/seo\/ -->\n<title>Ramassez les horaires d&#039;ouverture pour lui-m\u00eame - Coffre de toit prime en GRP par Mobila<\/title>\n<meta name=\"description\" content=\"Les conseils de 08h-\u00e0-20h en appelant +49 (0) 2364 6142 \u00e0 atteindre. Collection \u00e0 Haltern am See. Notre entrep\u00f4t est ouvert du 01\/01\/2016 comme suit:\" \/>\n<meta name=\"robots\" content=\"index, follow, max-snippet:-1, max-image-preview:large, max-video-preview:-1\" \/>\n<link rel=\"canonical\" href=\"https:\/\/surfbox.de\/fr\/ramassez-les-horaires-douverture-pour-lui-meme\/\" \/>\n<meta property=\"og:locale\" content=\"fr_FR\" \/>\n<meta property=\"og:type\" content=\"article\" \/>\n<meta property=\"og:title\" content=\"Ramassez les horaires d&#039;ouverture pour lui-m\u00eame - Coffre de toit prime en GRP par Mobila\" \/>\n<meta property=\"og:description\" content=\"Les conseils de 08h-\u00e0-20h en appelant +49 (0) 2364 6142 \u00e0 atteindre. Collection \u00e0 Haltern am See. Notre entrep\u00f4t est ouvert du 01\/01\/2016 comme suit:\" \/>\n<meta property=\"og:url\" content=\"https:\/\/surfbox.de\/fr\/ramassez-les-horaires-douverture-pour-lui-meme\/\" \/>\n<meta property=\"og:site_name\" content=\"Coffre de toit prime en GRP par Mobila\" \/>\n<meta property=\"article:modified_time\" content=\"2016-08-29T15:50:58+00:00\" \/>\n<script type=\"application\/ld+json\" class=\"yoast-schema-graph\">{\"@context\":\"https:\/\/schema.org\",\"@graph\":[{\"@type\":\"WebSite\",\"@id\":\"https:\/\/surfbox.de\/#website\",\"url\":\"https:\/\/surfbox.de\/\",\"name\":\"Coffre de toit prime en GRP par Mobila\",\"description\":\"Mobila GmbH produces premium roof boxes skiboxes &amp; Surf boxes\",\"potentialAction\":[{\"@type\":\"SearchAction\",\"target\":{\"@type\":\"EntryPoint\",\"urlTemplate\":\"https:\/\/surfbox.de\/?s={search_term_string}\"},\"query-input\":\"required name=search_term_string\"}],\"inLanguage\":\"fr-FR\"},{\"@type\":\"WebPage\",\"@id\":\"https:\/\/surfbox.de\/fr\/ramassez-les-horaires-douverture-pour-lui-meme\/#webpage\",\"url\":\"https:\/\/surfbox.de\/fr\/ramassez-les-horaires-douverture-pour-lui-meme\/\",\"name\":\"Ramassez les horaires d'ouverture pour lui-m\\u00eame - Coffre de toit prime en GRP par Mobila\",\"isPartOf\":{\"@id\":\"https:\/\/surfbox.de\/#website\"},\"datePublished\":\"2015-02-08T21:04:05+00:00\",\"dateModified\":\"2016-08-29T15:50:58+00:00\",\"description\":\"Les conseils de 08h-\\u00e0-20h en appelant +49 (0) 2364 6142 \\u00e0 atteindre. Collection \\u00e0 Haltern am See. Notre entrep\\u00f4t est ouvert du 01\/01\/2016 comme suit:\",\"breadcrumb\":{\"@id\":\"https:\/\/surfbox.de\/fr\/ramassez-les-horaires-douverture-pour-lui-meme\/#breadcrumb\"},\"inLanguage\":\"fr-FR\",\"potentialAction\":[{\"@type\":\"ReadAction\",\"target\":[\"https:\/\/surfbox.de\/fr\/ramassez-les-horaires-douverture-pour-lui-meme\/\"]}]},{\"@type\":\"BreadcrumbList\",\"@id\":\"https:\/\/surfbox.de\/fr\/ramassez-les-horaires-douverture-pour-lui-meme\/#breadcrumb\",\"itemListElement\":[{\"@type\":\"ListItem\",\"position\":1,\"name\":\"Home\",\"item\":\"https:\/\/surfbox.de\/fr\/\"},{\"@type\":\"ListItem\",\"position\":2,\"name\":\"Ramassez les horaires d&rsquo;ouverture pour lui-m\\u00eame\"}]}]}<\/script>\n<!-- \/ Yoast SEO plugin. -->","yoast_head_json":{"title":"Ramassez les horaires d'ouverture pour lui-m\u00eame - Coffre de toit prime en GRP par Mobila","description":"Les conseils de 08h-\u00e0-20h en appelant +49 (0) 2364 6142 \u00e0 atteindre. Collection \u00e0 Haltern am See. Notre entrep\u00f4t est ouvert du 01\/01\/2016 comme suit:","robots":{"index":"index","follow":"follow","max-snippet":"max-snippet:-1","max-image-preview":"max-image-preview:large","max-video-preview":"max-video-preview:-1"},"canonical":"https:\/\/surfbox.de\/fr\/ramassez-les-horaires-douverture-pour-lui-meme\/","og_locale":"fr_FR","og_type":"article","og_title":"Ramassez les horaires d'ouverture pour lui-m\u00eame - Coffre de toit prime en GRP par Mobila","og_description":"Les conseils de 08h-\u00e0-20h en appelant +49 (0) 2364 6142 \u00e0 atteindre. Collection \u00e0 Haltern am See. Notre entrep\u00f4t est ouvert du 01\/01\/2016 comme suit:","og_url":"https:\/\/surfbox.de\/fr\/ramassez-les-horaires-douverture-pour-lui-meme\/","og_site_name":"Coffre de toit prime en GRP par Mobila","article_modified_time":"2016-08-29T15:50:58+00:00","schema":{"@context":"https:\/\/schema.org","@graph":[{"@type":"WebSite","@id":"https:\/\/surfbox.de\/#website","url":"https:\/\/surfbox.de\/","name":"Coffre de toit prime en GRP par Mobila","description":"Mobila GmbH produces premium roof boxes skiboxes &amp; Surf boxes","potentialAction":[{"@type":"SearchAction","target":{"@type":"EntryPoint","urlTemplate":"https:\/\/surfbox.de\/?s={search_term_string}"},"query-input":"required name=search_term_string"}],"inLanguage":"fr-FR"},{"@type":"WebPage","@id":"https:\/\/surfbox.de\/fr\/ramassez-les-horaires-douverture-pour-lui-meme\/#webpage","url":"https:\/\/surfbox.de\/fr\/ramassez-les-horaires-douverture-pour-lui-meme\/","name":"Ramassez les horaires d'ouverture pour lui-m\u00eame - Coffre de toit prime en GRP par Mobila","isPartOf":{"@id":"https:\/\/surfbox.de\/#website"},"datePublished":"2015-02-08T21:04:05+00:00","dateModified":"2016-08-29T15:50:58+00:00","description":"Les conseils de 08h-\u00e0-20h en appelant +49 (0) 2364 6142 \u00e0 atteindre. Collection \u00e0 Haltern am See. Notre entrep\u00f4t est ouvert du 01\/01\/2016 comme suit:","breadcrumb":{"@id":"https:\/\/surfbox.de\/fr\/ramassez-les-horaires-douverture-pour-lui-meme\/#breadcrumb"},"inLanguage":"fr-FR","potentialAction":[{"@type":"ReadAction","target":["https:\/\/surfbox.de\/fr\/ramassez-les-horaires-douverture-pour-lui-meme\/"]}]},{"@type":"BreadcrumbList","@id":"https:\/\/surfbox.de\/fr\/ramassez-les-horaires-douverture-pour-lui-meme\/#breadcrumb","itemListElement":[{"@type":"ListItem","position":1,"name":"Home","item":"https:\/\/surfbox.de\/fr\/"},{"@type":"ListItem","position":2,"name":"Ramassez les horaires d&rsquo;ouverture pour lui-m\u00eame"}]}]}},"_links":{"self":[{"href":"https:\/\/surfbox.de\/fr\/wp-json\/wp\/v2\/pages\/24285"}],"collection":[{"href":"https:\/\/surfbox.de\/fr\/wp-json\/wp\/v2\/pages"}],"about":[{"href":"https:\/\/surfbox.de\/fr\/wp-json\/wp\/v2\/types\/page"}],"author":[{"embeddable":true,"href":"https:\/\/surfbox.de\/fr\/wp-json\/wp\/v2\/users\/1"}],"replies":[{"embeddable":true,"href":"https:\/\/surfbox.de\/fr\/wp-json\/wp\/v2\/comments?post=24285"}],"version-history":[{"count":5,"href":"https:\/\/surfbox.de\/fr\/wp-json\/wp\/v2\/pages\/24285\/revisions"}],"predecessor-version":[{"id":49289,"href":"https:\/\/surfbox.de\/fr\/wp-json\/wp\/v2\/pages\/24285\/revisions\/49289"}],"wp:attachment":[{"href":"https:\/\/surfbox.de\/fr\/wp-json\/wp\/v2\/media?parent=24285"}],"curies":[{"name":"wp","href":"https:\/\/api.w.org\/{rel}","templated":true}]}}