
{"id":22927,"date":"2014-05-19T15:55:21","date_gmt":"2015-01-21T17:15:21","guid":{"rendered":"https:\/\/surfbox.de\/?post_type=product&#038;p=12927"},"modified":"2024-12-12T16:03:08","modified_gmt":"2024-12-12T15:03:08","slug":"coffre-de-toit-malibu-avec-fixation-pour-planche-de-surf","status":"publish","type":"product","link":"https:\/\/surfbox.de\/fr\/coffres-de-toit-shop\/coffre-de-toit\/coffre-de-toit-pour-les-surfeurs\/coffre-de-toit-malibu-avec-fixation-pour-planche-de-surf\/","title":{"rendered":"Coffre de toit Malibu avec fixation pour planche de surf"},"content":{"rendered":"<p><strong>Action : Directement du fabricant y compris fixation pour planche de surf sur le coffre de toit.<\/strong><\/p>\n<p>Une bo\u00eete de toit n&rsquo;est s\u00fbrement pas la chose la plus importante lors de la planification de vacances. Cependant, elle contribue \u00e0 des vacances confortables et s\u00fbres. Cette petite description compacte est le fruit de nos plus de 25 ans d&rsquo;exp\u00e9rience. Le N \u00b0 1 mondial pour les bo\u00eetes de toit en fibre de verre &#8211; Une longueur d&rsquo;avance gr\u00e2ce \u00e0 la qualit\u00e9!<br \/>\nVotre \u00e9quipe Mobila<\/p>\n<p><strong>Le coffre de toit Malibu est un\u00a0 coffre de toit en fibre de verre (GRP) moderne et tr\u00e8s stable, qui comprend toutes les caract\u00e9ristiques intelligentes du produit. Id\u00e9al pour les vacances de surf et autres: il est id\u00e9al pour le transport de mat\u00e9riel de surf, mais aussi pour les \u00e9quipements de ski ou autres bagages.<\/strong><\/p>\n<p><strong>Le Malibu est disponible dans un blanc brillant \u00e9l\u00e9gant.<\/strong> Contre un petit suppl\u00e9ment, vous pouvez commander le Malibu en noir brillant, gris brillant et argent brillant. <strong>Accessoires: coffre de toit tout compris.<\/strong><\/p>\n<p><strong>Malibu en fibre de verre.<\/strong> Coffre de toit d&rsquo;exception. <strong>Seulement de Mobila. Ce coffre de toit n&rsquo;a pas de cavit\u00e9 pour la fixation sur la galerie de toit. La distance minimale entre les fixations arri\u00e8res et la fin du coffre de toit est de 61 cm, la zone de montage par d\u00e9faut entre les barres de toit est de 61 \u00e0 118 cm. <\/strong>Cependant, elle peut \u00eatre \u00e9tendue \u00e0 toute la longueur sans probl\u00e8me, car le fond est sp\u00e9cialement renforc\u00e9.<br \/>\nLe coffre de toit s&rsquo;ouvre derri\u00e8re automatiquement vers le haut et peut \u00eatre facilement charg\u00e9 par l&rsquo;arri\u00e8re et par les c\u00f4t\u00e9s.<strong> C&rsquo;est le seul moyen s\u00fbr pour pouvoir rouler \u00e0 grande vitesse!<br \/>\n<\/strong>Elle a \u00e0 l&rsquo;avant deux charni\u00e8res NIROSTA viss\u00e9es, \u00e0 l&rsquo;int\u00e9rieur deux ressorts \u00e0 gaz et \u00e0 l&rsquo;arri\u00e8re trois agrafes de fermeture emp\u00eachant l&rsquo;ouverture soudaine de la bo\u00eete. Une <strong>protection contre le vol <\/strong>in\u00e9gal\u00e9e est ainsi automatiquement int\u00e9gr\u00e9e.<strong><br \/>\n<\/strong><\/p>\n<p><strong>Malibu ca. 620 l<\/strong><\/p>\n<p>Le coffre de toit id\u00e9al pour les surfeurs, dont l&rsquo;\u00e9quipement comprend 2-3 m\u00e2ts (longueur &lt;264 cm), 3 wishbones et 5 -7 voiles. Il reste encore assez d&rsquo;espace pour les petits objets. Selon la taille des barres de toit, ce coffre de toit peut \u00e9galement \u00eatre mont\u00e9 de sorte que des planches de surf puissent \u00eatre transport\u00e9es \u00e0 c\u00f4t\u00e9. Une petite planche de surf &lt;264\/63,5 cm peut y \u00eatre rang\u00e9e. Le coffre de toit est pr\u00eat pour le transport de planches de surf sur le couvercle. Selon la r\u00e9partition de la charge, les ressorts \u00e0 gaz l\u00e8vent les planches de surf jusqu&rsquo;\u00e0 20 kg automatiquement.<\/p>\n<p><strong>Exemple Malibu<\/strong><\/p>\n<ul>\n<li><strong>Le support pour planche de surf peut \u00eatre retir\u00e9 <\/strong><\/li>\n<li><strong>Fabrication en fibre de verre<\/strong><\/li>\n<li><strong>Ferrures Nirosta inclus <\/strong><\/li>\n<li><strong>Kit de fixation Nirosta inclus <\/strong><\/li>\n<li><strong>Fixation en T Nirosta possible * <\/strong><\/li>\n<li><strong>Rev\u00eatement nano brillant et \u00e9tanch\u00e9it\u00e9 inclus<\/strong><\/li>\n<li>Absolument r\u00e9sistant aux UV<\/li>\n<li>Le coffre de toit est verrouillable<\/li>\n<li>2 ressorts \u00e0 gaz forts<\/li>\n<li>A\u00e9rodynamique, r\u00e9sistant \u00e0 la torsion<\/li>\n<li>Adapt\u00e9 \u00e0 tous les v\u00e9hicules et \u00e0 toutes les barres de toit<\/li>\n<li>Montage variable (fond lisse)<\/li>\n<li><strong>Dimensions : environ 265 x 72 x 38 cm (la longueur int\u00e9rieure maximale est d&rsquo;environ 264 cm) <\/strong><\/li>\n<li><strong>Seulement 23 kg de poids propre <\/strong><\/li>\n<li><strong>130 kg charge utile<\/strong><\/li>\n<\/ul>\n<p><a title=\"Tr\u00e4gertabelle\" href=\"https:\/\/surfbox.de\/fr\/traegertabelle-2\/\">N&rsquo;\u00eates-vous toujours pas s\u00fbr? Cliquez sur ce tableau contenant les tailles et les \u00e9carts de fixation.<\/a><\/p>\n<p>&nbsp;<\/p>\n<p>&nbsp;<\/p>\n<p>&nbsp;<\/p>\n<p>&nbsp;<\/p>\n<p>&nbsp;<\/p>\n<p><a href=\"https:\/\/surfbox.de\/wp-content\/uploads\/2014\/05\/surfcollage1.jpg\"><img loading=\"lazy\" class=\"alignnone size-full wp-image-22277\" src=\"https:\/\/surfbox.de\/wp-content\/uploads\/2014\/05\/surfcollage1.jpg\" alt=\"surfcollage1\" width=\"1200\" height=\"300\" srcset=\"https:\/\/surfbox.de\/wp-content\/uploads\/2014\/05\/surfcollage1.jpg 1200w, https:\/\/surfbox.de\/wp-content\/uploads\/2014\/05\/surfcollage1-570x143.jpg 570w, https:\/\/surfbox.de\/wp-content\/uploads\/2014\/05\/surfcollage1-270x67.jpg 270w\" sizes=\"(max-width: 1200px) 100vw, 1200px\" \/><\/a><\/p>\n<p><a href=\"https:\/\/surfbox.de\/wp-content\/uploads\/2014\/05\/beschreibung+dekra.jpg\"><img loading=\"lazy\" class=\"alignnone wp-image-22257\" src=\"https:\/\/surfbox.de\/wp-content\/uploads\/2014\/05\/beschreibung+dekra.jpg\" alt=\"beschreibung+dekra\" width=\"1131\" height=\"216\" srcset=\"https:\/\/surfbox.de\/wp-content\/uploads\/2014\/05\/beschreibung+dekra.jpg 1570w, https:\/\/surfbox.de\/wp-content\/uploads\/2014\/05\/beschreibung+dekra-570x109.jpg 570w, https:\/\/surfbox.de\/wp-content\/uploads\/2014\/05\/beschreibung+dekra-270x51.jpg 270w\" sizes=\"(max-width: 1131px) 100vw, 1131px\" \/><\/a><\/p>\n<p><a href=\"https:\/\/surfbox.de\/wp-content\/uploads\/2014\/05\/Weiterescollage.jpg\"><img loading=\"lazy\" class=\"alignnone size-full wp-image-22262\" src=\"https:\/\/surfbox.de\/wp-content\/uploads\/2014\/05\/Weiterescollage.jpg\" alt=\"Weiterescollage\" width=\"1200\" height=\"300\" srcset=\"https:\/\/surfbox.de\/wp-content\/uploads\/2014\/05\/Weiterescollage.jpg 1200w, https:\/\/surfbox.de\/wp-content\/uploads\/2014\/05\/Weiterescollage-570x143.jpg 570w, https:\/\/surfbox.de\/wp-content\/uploads\/2014\/05\/Weiterescollage-270x67.jpg 270w\" sizes=\"(max-width: 1200px) 100vw, 1200px\" \/><\/a><\/p>\n<p><a href=\"https:\/\/surfbox.de\/wp-content\/uploads\/2014\/05\/Befestigungscollage-1200px.jpg\"><img loading=\"lazy\" class=\"alignnone size-full wp-image-22252\" src=\"https:\/\/surfbox.de\/wp-content\/uploads\/2014\/05\/Befestigungscollage-1200px.jpg\" alt=\"Befestigungscollage 1200px\" width=\"1200\" height=\"300\" srcset=\"https:\/\/surfbox.de\/wp-content\/uploads\/2014\/05\/Befestigungscollage-1200px.jpg 1200w, https:\/\/surfbox.de\/wp-content\/uploads\/2014\/05\/Befestigungscollage-1200px-570x143.jpg 570w, https:\/\/surfbox.de\/wp-content\/uploads\/2014\/05\/Befestigungscollage-1200px-270x67.jpg 270w\" sizes=\"(max-width: 1200px) 100vw, 1200px\" \/><\/a><\/p>\n<h1>Consigne de s\u00e9curit\u00e9<\/h1>\n<p>Veuillez respecter les instructions de montage fournies dans la bo\u00eete. Les vis ne doivent \u00eatre serr\u00e9es qu&rsquo;\u00e0 la main. Ne jamais rouler avec les serrures ouvertes ou m\u00eame avec le couvercle ouvert. Le comportement routier de votre v\u00e9hicule est modifi\u00e9 par le coffre (sensibilit\u00e9 lat\u00e9rale, comportement dans les virages et au freinage), en particulier lorsqu&rsquo;il est charg\u00e9. La conduite et la vitesse doivent \u00eatre adapt\u00e9es \u00e0 ce changement de comportement. Respectez \u00e9galement les instructions d&rsquo;utilisation de votre v\u00e9hicule et de la galerie de toit en ce qui concerne la vitesse et le chargement en cas de charges sur le toit.<\/p>\n","protected":false},"excerpt":{"rendered":"<p>Action : Directement du fabricant y compris fixation pour planche de surf sur le coffre de toit. Une bo\u00eete de toit n&rsquo;est s\u00fbrement pas la chose la plus importante lors de la planification de vacances. Cependant, elle contribue \u00e0 des vacances confortables et s\u00fbres. Cette petite description compacte est le fruit de nos plus de&hellip;<\/p>\n","protected":false},"featured_media":89023,"comment_status":"closed","ping_status":"closed","template":"","meta":[],"product_cat":[183],"product_tag":[],"yoast_head":"<!-- This site is optimized with the Yoast SEO plugin v17.9 - https:\/\/yoast.com\/wordpress\/plugins\/seo\/ -->\n<title>Coffre de toit Malibu avec fixation pour planche de surf - Coffre de toit prime en GRP par Mobila<\/title>\n<meta name=\"description\" content=\"In unserem Shop finden Sie hochwertige Dachboxen in edlem Design. Sie sind Windkanal getestet und Verbrauchs sparend. F\u00fcr Camping, Wasser- und Wintersport uvm. Qualit\u00e4t seit 1989.\" \/>\n<meta name=\"robots\" content=\"index, follow, max-snippet:-1, max-image-preview:large, max-video-preview:-1\" \/>\n<link rel=\"canonical\" href=\"https:\/\/surfbox.de\/fr\/coffres-de-toit-shop\/coffre-de-toit\/coffre-de-toit-pour-les-surfeurs\/coffre-de-toit-malibu-avec-fixation-pour-planche-de-surf\/\" \/>\n<meta property=\"og:locale\" content=\"fr_FR\" \/>\n<meta property=\"og:type\" content=\"article\" \/>\n<meta property=\"og:title\" content=\"Coffre de toit Malibu avec fixation pour planche de surf - Coffre de toit prime en GRP par Mobila\" \/>\n<meta property=\"og:description\" content=\"In unserem Shop finden Sie hochwertige Dachboxen in edlem Design. Sie sind Windkanal getestet und Verbrauchs sparend. F\u00fcr Camping, Wasser- und Wintersport uvm. Qualit\u00e4t seit 1989.\" \/>\n<meta property=\"og:url\" content=\"https:\/\/surfbox.de\/fr\/coffres-de-toit-shop\/coffre-de-toit\/coffre-de-toit-pour-les-surfeurs\/coffre-de-toit-malibu-avec-fixation-pour-planche-de-surf\/\" \/>\n<meta property=\"og:site_name\" content=\"Coffre de toit prime en GRP par Mobila\" \/>\n<meta property=\"article:modified_time\" content=\"2024-12-12T15:03:08+00:00\" \/>\n<meta property=\"og:image\" content=\"https:\/\/surfbox.de\/wp-content\/uploads\/2014\/05\/IMG_8664.jpeg\" \/>\n\t<meta property=\"og:image:width\" content=\"1280\" \/>\n\t<meta property=\"og:image:height\" content=\"960\" \/>\n\t<meta property=\"og:image:type\" content=\"image\/jpeg\" \/>\n<meta name=\"twitter:label1\" content=\"Availability\" \/>\n\t<meta name=\"twitter:data1\" content=\"In stock\" \/>\n<script type=\"application\/ld+json\" class=\"yoast-schema-graph\">{\"@context\":\"https:\/\/schema.org\",\"@graph\":[{\"@type\":\"WebSite\",\"@id\":\"https:\/\/surfbox.de\/#website\",\"url\":\"https:\/\/surfbox.de\/\",\"name\":\"Coffre de toit prime en GRP par Mobila\",\"description\":\"Mobila GmbH produces premium roof boxes skiboxes &amp; Surf boxes\",\"potentialAction\":[{\"@type\":\"SearchAction\",\"target\":{\"@type\":\"EntryPoint\",\"urlTemplate\":\"https:\/\/surfbox.de\/?s={search_term_string}\"},\"query-input\":\"required name=search_term_string\"}],\"inLanguage\":\"fr-FR\"},{\"@type\":\"ImageObject\",\"@id\":\"https:\/\/surfbox.de\/fr\/coffres-de-toit-shop\/coffre-de-toit\/coffre-de-toit-pour-les-surfeurs\/coffre-de-toit-malibu-avec-fixation-pour-planche-de-surf\/#primaryimage\",\"inLanguage\":\"fr-FR\",\"url\":\"https:\/\/surfbox.de\/wp-content\/uploads\/2014\/05\/dachbox_mobila-327-1.jpg\",\"contentUrl\":\"https:\/\/surfbox.de\/wp-content\/uploads\/2014\/05\/dachbox_mobila-327-1.jpg\",\"width\":1367,\"height\":768,\"caption\":\"SONY DSC\"},{\"@type\":\"WebPage\",\"@id\":\"https:\/\/surfbox.de\/fr\/coffres-de-toit-shop\/coffre-de-toit\/coffre-de-toit-pour-les-surfeurs\/coffre-de-toit-malibu-avec-fixation-pour-planche-de-surf\/#webpage\",\"url\":\"https:\/\/surfbox.de\/fr\/coffres-de-toit-shop\/coffre-de-toit\/coffre-de-toit-pour-les-surfeurs\/coffre-de-toit-malibu-avec-fixation-pour-planche-de-surf\/\",\"name\":\"Coffre de toit Malibu avec fixation pour planche de surf - Coffre de toit prime en GRP par Mobila\",\"isPartOf\":{\"@id\":\"https:\/\/surfbox.de\/#website\"},\"primaryImageOfPage\":{\"@id\":\"https:\/\/surfbox.de\/fr\/coffres-de-toit-shop\/coffre-de-toit\/coffre-de-toit-pour-les-surfeurs\/coffre-de-toit-malibu-avec-fixation-pour-planche-de-surf\/#primaryimage\"},\"datePublished\":\"2015-01-21T17:15:21+00:00\",\"dateModified\":\"2024-12-12T15:03:08+00:00\",\"description\":\"In unserem Shop finden Sie hochwertige Dachboxen in edlem Design. Sie sind Windkanal getestet und Verbrauchs sparend. F\\u00fcr Camping, Wasser- und Wintersport uvm. Qualit\\u00e4t seit 1989.\",\"breadcrumb\":{\"@id\":\"https:\/\/surfbox.de\/fr\/coffres-de-toit-shop\/coffre-de-toit\/coffre-de-toit-pour-les-surfeurs\/coffre-de-toit-malibu-avec-fixation-pour-planche-de-surf\/#breadcrumb\"},\"inLanguage\":\"fr-FR\",\"potentialAction\":[{\"@type\":\"ReadAction\",\"target\":[\"https:\/\/surfbox.de\/fr\/coffres-de-toit-shop\/coffre-de-toit\/coffre-de-toit-pour-les-surfeurs\/coffre-de-toit-malibu-avec-fixation-pour-planche-de-surf\/\"]}]},{\"@type\":\"BreadcrumbList\",\"@id\":\"https:\/\/surfbox.de\/fr\/coffres-de-toit-shop\/coffre-de-toit\/coffre-de-toit-pour-les-surfeurs\/coffre-de-toit-malibu-avec-fixation-pour-planche-de-surf\/#breadcrumb\",\"itemListElement\":[{\"@type\":\"ListItem\",\"position\":1,\"name\":\"Home\",\"item\":\"https:\/\/surfbox.de\/fr\/\"},{\"@type\":\"ListItem\",\"position\":2,\"name\":\"Boutique\",\"item\":\"https:\/\/surfbox.de\/fr\/boutique\/\"},{\"@type\":\"ListItem\",\"position\":3,\"name\":\"Coffre de toit Malibu avec fixation pour planche de surf\"}]}]}<\/script>\n<!-- \/ Yoast SEO plugin. -->","yoast_head_json":{"title":"Coffre de toit Malibu avec fixation pour planche de surf - Coffre de toit prime en GRP par Mobila","description":"In unserem Shop finden Sie hochwertige Dachboxen in edlem Design. Sie sind Windkanal getestet und Verbrauchs sparend. F\u00fcr Camping, Wasser- und Wintersport uvm. Qualit\u00e4t seit 1989.","robots":{"index":"index","follow":"follow","max-snippet":"max-snippet:-1","max-image-preview":"max-image-preview:large","max-video-preview":"max-video-preview:-1"},"canonical":"https:\/\/surfbox.de\/fr\/coffres-de-toit-shop\/coffre-de-toit\/coffre-de-toit-pour-les-surfeurs\/coffre-de-toit-malibu-avec-fixation-pour-planche-de-surf\/","og_locale":"fr_FR","og_type":"article","og_title":"Coffre de toit Malibu avec fixation pour planche de surf - Coffre de toit prime en GRP par Mobila","og_description":"In unserem Shop finden Sie hochwertige Dachboxen in edlem Design. Sie sind Windkanal getestet und Verbrauchs sparend. F\u00fcr Camping, Wasser- und Wintersport uvm. Qualit\u00e4t seit 1989.","og_url":"https:\/\/surfbox.de\/fr\/coffres-de-toit-shop\/coffre-de-toit\/coffre-de-toit-pour-les-surfeurs\/coffre-de-toit-malibu-avec-fixation-pour-planche-de-surf\/","og_site_name":"Coffre de toit prime en GRP par Mobila","article_modified_time":"2024-12-12T15:03:08+00:00","og_image":[{"width":1280,"height":960,"url":"https:\/\/surfbox.de\/wp-content\/uploads\/2014\/05\/IMG_8664.jpeg","type":"image\/jpeg"}],"twitter_misc":{"Availability":"In stock"},"schema":{"@context":"https:\/\/schema.org","@graph":[{"@type":"WebSite","@id":"https:\/\/surfbox.de\/#website","url":"https:\/\/surfbox.de\/","name":"Coffre de toit prime en GRP par Mobila","description":"Mobila GmbH produces premium roof boxes skiboxes &amp; Surf boxes","potentialAction":[{"@type":"SearchAction","target":{"@type":"EntryPoint","urlTemplate":"https:\/\/surfbox.de\/?s={search_term_string}"},"query-input":"required name=search_term_string"}],"inLanguage":"fr-FR"},{"@type":"ImageObject","@id":"https:\/\/surfbox.de\/fr\/coffres-de-toit-shop\/coffre-de-toit\/coffre-de-toit-pour-les-surfeurs\/coffre-de-toit-malibu-avec-fixation-pour-planche-de-surf\/#primaryimage","inLanguage":"fr-FR","url":"https:\/\/surfbox.de\/wp-content\/uploads\/2014\/05\/dachbox_mobila-327-1.jpg","contentUrl":"https:\/\/surfbox.de\/wp-content\/uploads\/2014\/05\/dachbox_mobila-327-1.jpg","width":1367,"height":768,"caption":"SONY DSC"},{"@type":"WebPage","@id":"https:\/\/surfbox.de\/fr\/coffres-de-toit-shop\/coffre-de-toit\/coffre-de-toit-pour-les-surfeurs\/coffre-de-toit-malibu-avec-fixation-pour-planche-de-surf\/#webpage","url":"https:\/\/surfbox.de\/fr\/coffres-de-toit-shop\/coffre-de-toit\/coffre-de-toit-pour-les-surfeurs\/coffre-de-toit-malibu-avec-fixation-pour-planche-de-surf\/","name":"Coffre de toit Malibu avec fixation pour planche de surf - Coffre de toit prime en GRP par Mobila","isPartOf":{"@id":"https:\/\/surfbox.de\/#website"},"primaryImageOfPage":{"@id":"https:\/\/surfbox.de\/fr\/coffres-de-toit-shop\/coffre-de-toit\/coffre-de-toit-pour-les-surfeurs\/coffre-de-toit-malibu-avec-fixation-pour-planche-de-surf\/#primaryimage"},"datePublished":"2015-01-21T17:15:21+00:00","dateModified":"2024-12-12T15:03:08+00:00","description":"In unserem Shop finden Sie hochwertige Dachboxen in edlem Design. Sie sind Windkanal getestet und Verbrauchs sparend. F\u00fcr Camping, Wasser- und Wintersport uvm. Qualit\u00e4t seit 1989.","breadcrumb":{"@id":"https:\/\/surfbox.de\/fr\/coffres-de-toit-shop\/coffre-de-toit\/coffre-de-toit-pour-les-surfeurs\/coffre-de-toit-malibu-avec-fixation-pour-planche-de-surf\/#breadcrumb"},"inLanguage":"fr-FR","potentialAction":[{"@type":"ReadAction","target":["https:\/\/surfbox.de\/fr\/coffres-de-toit-shop\/coffre-de-toit\/coffre-de-toit-pour-les-surfeurs\/coffre-de-toit-malibu-avec-fixation-pour-planche-de-surf\/"]}]},{"@type":"BreadcrumbList","@id":"https:\/\/surfbox.de\/fr\/coffres-de-toit-shop\/coffre-de-toit\/coffre-de-toit-pour-les-surfeurs\/coffre-de-toit-malibu-avec-fixation-pour-planche-de-surf\/#breadcrumb","itemListElement":[{"@type":"ListItem","position":1,"name":"Home","item":"https:\/\/surfbox.de\/fr\/"},{"@type":"ListItem","position":2,"name":"Boutique","item":"https:\/\/surfbox.de\/fr\/boutique\/"},{"@type":"ListItem","position":3,"name":"Coffre de toit Malibu avec fixation pour planche de surf"}]}]}},"_links":{"self":[{"href":"https:\/\/surfbox.de\/fr\/wp-json\/wp\/v2\/product\/22927"}],"collection":[{"href":"https:\/\/surfbox.de\/fr\/wp-json\/wp\/v2\/product"}],"about":[{"href":"https:\/\/surfbox.de\/fr\/wp-json\/wp\/v2\/types\/product"}],"replies":[{"embeddable":true,"href":"https:\/\/surfbox.de\/fr\/wp-json\/wp\/v2\/comments?post=22927"}],"wp:featuredmedia":[{"embeddable":true,"href":"https:\/\/surfbox.de\/fr\/wp-json\/wp\/v2\/media\/89023"}],"wp:attachment":[{"href":"https:\/\/surfbox.de\/fr\/wp-json\/wp\/v2\/media?parent=22927"}],"wp:term":[{"taxonomy":"product_cat","embeddable":true,"href":"https:\/\/surfbox.de\/fr\/wp-json\/wp\/v2\/product_cat?post=22927"},{"taxonomy":"product_tag","embeddable":true,"href":"https:\/\/surfbox.de\/fr\/wp-json\/wp\/v2\/product_tag?post=22927"}],"curies":[{"name":"wp","href":"https:\/\/api.w.org\/{rel}","templated":true}]}}