
{"id":23235,"date":"2014-05-19T20:51:12","date_gmt":"2015-01-23T11:17:55","guid":{"rendered":"https:\/\/surfbox.de\/?post_type=product&#038;p=13235"},"modified":"2024-12-12T16:24:52","modified_gmt":"2024-12-12T15:24:52","slug":"coffre-de-toit-moby-dick-sl-premium","status":"publish","type":"product","link":"https:\/\/surfbox.de\/fr\/coffres-de-toit-shop\/coffre-de-toit\/boite-de-ski\/coffre-de-toit-moby-dick-sl-premium\/","title":{"rendered":"Coffre de toit Moby Dick SL Premium"},"content":{"rendered":"<p><strong>Action : Directement du fabricant<\/strong><\/p>\n<p>Une bo\u00eete de toit n&rsquo;est s\u00fbrement pas la chose la plus importante lors de la planification de vacances. Cependant, elle contribue \u00e0 des vacances confortables et s\u00fbres. Cette petite description compacte est le fruit de nos plus de 25 ans d&rsquo;exp\u00e9rience. Le N \u00b0 1 mondial pour les bo\u00eetes de toit en fibre de verre &#8211; Une longueur d&rsquo;avance gr\u00e2ce \u00e0 la qualit\u00e9! Votre \u00e9quipe Mobila<\/p>\n<p><strong>Le coffre de toit Moby Dick SL est un coffre de toit moderne et tr\u00e8s robuste, fabriqu\u00e9 en fibre de verre (GRP), et dot\u00e9 de toutes les caract\u00e9ristiques pratiques. Id\u00e9al pour le surf et le ski : il est parfaitement adapt\u00e9 au transport des skis d\u00e9di\u00e9s au Carving ainsi qu&rsquo;au transport des snowboards.<\/strong><\/p>\n<p><strong>Le Moby Dick SL est disponible dans un blanc brillant \u00e9l\u00e9gant,\u00a0noir brillant ou gris brillant. <\/strong>Contre un petit suppl\u00e9ment, vous pouvez commander le Moby Dick SL en argent brillant.<strong> Accessoires: coffre de toit tout compris.<\/strong><\/p>\n<p><strong>Moby Dick SL en fibre de verre.<\/strong> Coffre de toit d&rsquo;exception.<strong> Seulement de Mobila.<\/strong> <strong>Ce coffre de toit a des cavit\u00e9s de 3,5 cm pour la fixation sur les barres de toit. La distance minimale entre les fixations arri\u00e8res et la fin du coffre de toit est de 40 cm, la zone de montage par d\u00e9faut entre les barres de toit est de 56 \u00e0 106 cm.<\/strong> Cependant, elle peut \u00eatre \u00e9tendue \u00e0 toute la longueur sans probl\u00e8me, car le fond est sp\u00e9cialement renforc\u00e9. Le coffre de toit s&rsquo;ouvre derri\u00e8re automatiquement vers le haut et peut \u00eatre facilement charg\u00e9 par l&rsquo;arri\u00e8re et par les c\u00f4t\u00e9s. <strong>C&rsquo;est le seul moyen s\u00fbr pour pouvoir rouler \u00e0 grande vitesse!<\/strong><br \/>\nElle a \u00e0 l&rsquo;avant deux charni\u00e8res NIROSTA viss\u00e9es, \u00e0 l&rsquo;int\u00e9rieur deux ressorts \u00e0 gaz et \u00e0 l&rsquo;arri\u00e8re trois agrafes de fermeture emp\u00eachant l&rsquo;ouverture soudaine de la bo\u00eete. Une <strong>protection contre le vol<\/strong> in\u00e9gal\u00e9e est ainsi automatiquement int\u00e9gr\u00e9e.<\/p>\n<p><strong>Moby Dick SL ca. 550 l<\/strong><\/p>\n<p>Vous avez besoin d&rsquo;un coffre de toit pour votre mat\u00e9riel de ski tel que les skis de fond mesurant jusqu\u2019\u00e0 220 cm ou souhaitez partir avec 4 \u00e0 6 personnes en vacances ? Ou bien vous avez besoin d&rsquo;un coffre plus petit car vous souhaitez emporter un v\u00e9lo ? Ce coffre vous offre \u00e9galement le confort d&rsquo;une charge utile \u00e9lev\u00e9e de 95 kg environ ; une surcharge occasionnelle ne vous d\u00e9range pas. Votre hayon peut \u00eatre ouvert sans aucun probl\u00e8me, m\u00eame \u00e0 cette distance.<\/p>\n<p><strong>Exemple Moby Dick SL<br \/>\n<\/strong><\/p>\n<ul>\n<li><strong>Fabrication en fibre de verre<\/strong><\/li>\n<li><strong>Jusqu&rsquo;\u00e0 200 km\/h <\/strong><\/li>\n<li><strong>Ferrures Nirosta inclus <\/strong><\/li>\n<li><strong>Kit de fixation Nirosta inclus <\/strong><\/li>\n<li><strong>Fixation en T Nirosta possible (pour support en aluminium comme par exemple, barre de toit <\/strong><\/li>\n<li><strong>Thule WingBar) inclus<\/strong><\/li>\n<li>Rev\u00eatement nano brillant et \u00e9tanch\u00e9it\u00e9 inclus<\/li>\n<li>Sangles de serrage incluses<\/li>\n<li>Absolument r\u00e9sistant aux UV<\/li>\n<li>Le coffre de toit est verrouillable<\/li>\n<li>2 ressorts \u00e0 gaz forts<\/li>\n<li>A\u00e9rodynamique, r\u00e9sistant \u00e0 la torsion<\/li>\n<li>Adapt\u00e9 \u00e0 tous les v\u00e9hicules et \u00e0 toutes les barres de toit<\/li>\n<li>Montage variable (fond lisse)<\/li>\n<li><strong>Dimensions : environ 225 x 80 x 38 cm (la longueur int\u00e9rieure maximale est d&rsquo;environ 220 cm) <\/strong><\/li>\n<li><strong>Seulement 19 kg de poids propre <\/strong><\/li>\n<li><strong>95 kg charge utile<\/strong><\/li>\n<\/ul>\n<p><a title=\"Tr\u00e4gertabelle\" href=\"https:\/\/surfbox.de\/fr\/traegertabelle-2\/\">N&rsquo;\u00eates-vous toujours pas s\u00fbr? Cliquez sur ce tableau contenant les tailles et les \u00e9carts de fixation.<\/a><\/p>\n<p>&nbsp;<\/p>\n<p><a href=\"https:\/\/surfbox.de\/wp-content\/uploads\/2014\/05\/beschreibung+dekra.jpg\"><img loading=\"lazy\" class=\"alignnone wp-image-22257\" src=\"https:\/\/surfbox.de\/wp-content\/uploads\/2014\/05\/beschreibung+dekra.jpg\" alt=\"beschreibung+dekra\" width=\"1131\" height=\"216\" srcset=\"https:\/\/surfbox.de\/wp-content\/uploads\/2014\/05\/beschreibung+dekra.jpg 1570w, https:\/\/surfbox.de\/wp-content\/uploads\/2014\/05\/beschreibung+dekra-570x109.jpg 570w, https:\/\/surfbox.de\/wp-content\/uploads\/2014\/05\/beschreibung+dekra-270x51.jpg 270w\" sizes=\"(max-width: 1131px) 100vw, 1131px\" \/><\/a><\/p>\n<p><a href=\"https:\/\/surfbox.de\/wp-content\/uploads\/2014\/05\/Weiterescollage.jpg\"><img loading=\"lazy\" class=\"alignnone size-full wp-image-22262\" src=\"https:\/\/surfbox.de\/wp-content\/uploads\/2014\/05\/Weiterescollage.jpg\" alt=\"Weiterescollage\" width=\"1200\" height=\"300\" srcset=\"https:\/\/surfbox.de\/wp-content\/uploads\/2014\/05\/Weiterescollage.jpg 1200w, https:\/\/surfbox.de\/wp-content\/uploads\/2014\/05\/Weiterescollage-570x143.jpg 570w, https:\/\/surfbox.de\/wp-content\/uploads\/2014\/05\/Weiterescollage-270x67.jpg 270w\" sizes=\"(max-width: 1200px) 100vw, 1200px\" \/><\/a><\/p>\n<p><a href=\"https:\/\/surfbox.de\/wp-content\/uploads\/2014\/05\/Befestigungscollage-1200px.jpg\"><img loading=\"lazy\" class=\"alignnone size-full wp-image-22252\" src=\"https:\/\/surfbox.de\/wp-content\/uploads\/2014\/05\/Befestigungscollage-1200px.jpg\" alt=\"Befestigungscollage 1200px\" width=\"1200\" height=\"300\" srcset=\"https:\/\/surfbox.de\/wp-content\/uploads\/2014\/05\/Befestigungscollage-1200px.jpg 1200w, https:\/\/surfbox.de\/wp-content\/uploads\/2014\/05\/Befestigungscollage-1200px-570x143.jpg 570w, https:\/\/surfbox.de\/wp-content\/uploads\/2014\/05\/Befestigungscollage-1200px-270x67.jpg 270w\" sizes=\"(max-width: 1200px) 100vw, 1200px\" \/><\/a><\/p>\n<h1>Consigne de s\u00e9curit\u00e9<\/h1>\n<p>Veuillez respecter les instructions de montage fournies dans la bo\u00eete. Les vis ne doivent \u00eatre serr\u00e9es qu&rsquo;\u00e0 la main. Ne jamais rouler avec les serrures ouvertes ou m\u00eame avec le couvercle ouvert. Le comportement routier de votre v\u00e9hicule est modifi\u00e9 par le coffre (sensibilit\u00e9 lat\u00e9rale, comportement dans les virages et au freinage), en particulier lorsqu&rsquo;il est charg\u00e9. La conduite et la vitesse doivent \u00eatre adapt\u00e9es \u00e0 ce changement de comportement. Respectez \u00e9galement les instructions d&rsquo;utilisation de votre v\u00e9hicule et de la galerie de toit en ce qui concerne la vitesse et le chargement en cas de charges sur le toit.<\/p>\n","protected":false},"excerpt":{"rendered":"<p>Action : Directement du fabricant Une bo\u00eete de toit n&rsquo;est s\u00fbrement pas la chose la plus importante lors de la planification de vacances. Cependant, elle contribue \u00e0 des vacances confortables et s\u00fbres. Cette petite description compacte est le fruit de nos plus de 25 ans d&rsquo;exp\u00e9rience. Le N \u00b0 1 mondial pour les bo\u00eetes de&hellip;<\/p>\n","protected":false},"featured_media":22022,"comment_status":"closed","ping_status":"closed","template":"","meta":[],"product_cat":[173,178],"product_tag":[],"yoast_head":"<!-- This site is optimized with the Yoast SEO plugin v17.9 - https:\/\/yoast.com\/wordpress\/plugins\/seo\/ -->\n<title>Coffre de toit Moby Dick SL Premium - Coffre de toit prime en GRP par Mobila<\/title>\n<meta name=\"description\" content=\"In unserem Shop finden Sie hochwertige Dachboxen in edlem Design. Sie sind Windkanal getestet und Verbrauchs sparend. F\u00fcr Camping, Wasser- und Wintersport uvm. Qualit\u00e4t seit 1989.\" \/>\n<meta name=\"robots\" content=\"index, follow, max-snippet:-1, max-image-preview:large, max-video-preview:-1\" \/>\n<link rel=\"canonical\" href=\"https:\/\/surfbox.de\/fr\/coffres-de-toit-shop\/coffre-de-toit\/boite-de-ski\/coffre-de-toit-moby-dick-sl-premium\/\" \/>\n<meta property=\"og:locale\" content=\"fr_FR\" \/>\n<meta property=\"og:type\" content=\"article\" \/>\n<meta property=\"og:title\" content=\"Coffre de toit Moby Dick SL Premium - Coffre de toit prime en GRP par Mobila\" \/>\n<meta property=\"og:description\" content=\"In unserem Shop finden Sie hochwertige Dachboxen in edlem Design. Sie sind Windkanal getestet und Verbrauchs sparend. F\u00fcr Camping, Wasser- und Wintersport uvm. Qualit\u00e4t seit 1989.\" \/>\n<meta property=\"og:url\" content=\"https:\/\/surfbox.de\/fr\/coffres-de-toit-shop\/coffre-de-toit\/boite-de-ski\/coffre-de-toit-moby-dick-sl-premium\/\" \/>\n<meta property=\"og:site_name\" content=\"Coffre de toit prime en GRP par Mobila\" \/>\n<meta property=\"article:modified_time\" content=\"2024-12-12T15:24:52+00:00\" \/>\n<meta property=\"og:image\" content=\"https:\/\/surfbox.de\/wp-content\/uploads\/2014\/05\/moby-dick-audi-q5-seite-vorn-ganz.jpg\" \/>\n\t<meta property=\"og:image:width\" content=\"1140\" \/>\n\t<meta property=\"og:image:height\" content=\"650\" \/>\n\t<meta property=\"og:image:type\" content=\"image\/jpeg\" \/>\n<meta name=\"twitter:label1\" content=\"Availability\" \/>\n\t<meta name=\"twitter:data1\" content=\"In stock\" \/>\n<script type=\"application\/ld+json\" class=\"yoast-schema-graph\">{\"@context\":\"https:\/\/schema.org\",\"@graph\":[{\"@type\":\"WebSite\",\"@id\":\"https:\/\/surfbox.de\/#website\",\"url\":\"https:\/\/surfbox.de\/\",\"name\":\"Coffre de toit prime en GRP par Mobila\",\"description\":\"Mobila GmbH produces premium roof boxes skiboxes &amp; Surf boxes\",\"potentialAction\":[{\"@type\":\"SearchAction\",\"target\":{\"@type\":\"EntryPoint\",\"urlTemplate\":\"https:\/\/surfbox.de\/?s={search_term_string}\"},\"query-input\":\"required name=search_term_string\"}],\"inLanguage\":\"fr-FR\"},{\"@type\":\"ImageObject\",\"@id\":\"https:\/\/surfbox.de\/fr\/coffres-de-toit-shop\/coffre-de-toit\/boite-de-ski\/coffre-de-toit-moby-dick-sl-premium\/#primaryimage\",\"inLanguage\":\"fr-FR\",\"url\":\"https:\/\/surfbox.de\/wp-content\/uploads\/2014\/05\/moby-dick-audi-q5-seite-vorn-ganz.jpg\",\"contentUrl\":\"https:\/\/surfbox.de\/wp-content\/uploads\/2014\/05\/moby-dick-audi-q5-seite-vorn-ganz.jpg\",\"width\":1140,\"height\":650},{\"@type\":\"WebPage\",\"@id\":\"https:\/\/surfbox.de\/fr\/coffres-de-toit-shop\/coffre-de-toit\/boite-de-ski\/coffre-de-toit-moby-dick-sl-premium\/#webpage\",\"url\":\"https:\/\/surfbox.de\/fr\/coffres-de-toit-shop\/coffre-de-toit\/boite-de-ski\/coffre-de-toit-moby-dick-sl-premium\/\",\"name\":\"Coffre de toit Moby Dick SL Premium - Coffre de toit prime en GRP par Mobila\",\"isPartOf\":{\"@id\":\"https:\/\/surfbox.de\/#website\"},\"primaryImageOfPage\":{\"@id\":\"https:\/\/surfbox.de\/fr\/coffres-de-toit-shop\/coffre-de-toit\/boite-de-ski\/coffre-de-toit-moby-dick-sl-premium\/#primaryimage\"},\"datePublished\":\"2015-01-23T11:17:55+00:00\",\"dateModified\":\"2024-12-12T15:24:52+00:00\",\"description\":\"In unserem Shop finden Sie hochwertige Dachboxen in edlem Design. Sie sind Windkanal getestet und Verbrauchs sparend. F\\u00fcr Camping, Wasser- und Wintersport uvm. Qualit\\u00e4t seit 1989.\",\"breadcrumb\":{\"@id\":\"https:\/\/surfbox.de\/fr\/coffres-de-toit-shop\/coffre-de-toit\/boite-de-ski\/coffre-de-toit-moby-dick-sl-premium\/#breadcrumb\"},\"inLanguage\":\"fr-FR\",\"potentialAction\":[{\"@type\":\"ReadAction\",\"target\":[\"https:\/\/surfbox.de\/fr\/coffres-de-toit-shop\/coffre-de-toit\/boite-de-ski\/coffre-de-toit-moby-dick-sl-premium\/\"]}]},{\"@type\":\"BreadcrumbList\",\"@id\":\"https:\/\/surfbox.de\/fr\/coffres-de-toit-shop\/coffre-de-toit\/boite-de-ski\/coffre-de-toit-moby-dick-sl-premium\/#breadcrumb\",\"itemListElement\":[{\"@type\":\"ListItem\",\"position\":1,\"name\":\"Home\",\"item\":\"https:\/\/surfbox.de\/fr\/\"},{\"@type\":\"ListItem\",\"position\":2,\"name\":\"Boutique\",\"item\":\"https:\/\/surfbox.de\/fr\/boutique\/\"},{\"@type\":\"ListItem\",\"position\":3,\"name\":\"Coffre de toit Moby Dick SL Premium\"}]}]}<\/script>\n<!-- \/ Yoast SEO plugin. -->","yoast_head_json":{"title":"Coffre de toit Moby Dick SL Premium - Coffre de toit prime en GRP par Mobila","description":"In unserem Shop finden Sie hochwertige Dachboxen in edlem Design. Sie sind Windkanal getestet und Verbrauchs sparend. F\u00fcr Camping, Wasser- und Wintersport uvm. Qualit\u00e4t seit 1989.","robots":{"index":"index","follow":"follow","max-snippet":"max-snippet:-1","max-image-preview":"max-image-preview:large","max-video-preview":"max-video-preview:-1"},"canonical":"https:\/\/surfbox.de\/fr\/coffres-de-toit-shop\/coffre-de-toit\/boite-de-ski\/coffre-de-toit-moby-dick-sl-premium\/","og_locale":"fr_FR","og_type":"article","og_title":"Coffre de toit Moby Dick SL Premium - Coffre de toit prime en GRP par Mobila","og_description":"In unserem Shop finden Sie hochwertige Dachboxen in edlem Design. Sie sind Windkanal getestet und Verbrauchs sparend. F\u00fcr Camping, Wasser- und Wintersport uvm. Qualit\u00e4t seit 1989.","og_url":"https:\/\/surfbox.de\/fr\/coffres-de-toit-shop\/coffre-de-toit\/boite-de-ski\/coffre-de-toit-moby-dick-sl-premium\/","og_site_name":"Coffre de toit prime en GRP par Mobila","article_modified_time":"2024-12-12T15:24:52+00:00","og_image":[{"width":1140,"height":650,"url":"https:\/\/surfbox.de\/wp-content\/uploads\/2014\/05\/moby-dick-audi-q5-seite-vorn-ganz.jpg","type":"image\/jpeg"}],"twitter_misc":{"Availability":"In stock"},"schema":{"@context":"https:\/\/schema.org","@graph":[{"@type":"WebSite","@id":"https:\/\/surfbox.de\/#website","url":"https:\/\/surfbox.de\/","name":"Coffre de toit prime en GRP par Mobila","description":"Mobila GmbH produces premium roof boxes skiboxes &amp; Surf boxes","potentialAction":[{"@type":"SearchAction","target":{"@type":"EntryPoint","urlTemplate":"https:\/\/surfbox.de\/?s={search_term_string}"},"query-input":"required name=search_term_string"}],"inLanguage":"fr-FR"},{"@type":"ImageObject","@id":"https:\/\/surfbox.de\/fr\/coffres-de-toit-shop\/coffre-de-toit\/boite-de-ski\/coffre-de-toit-moby-dick-sl-premium\/#primaryimage","inLanguage":"fr-FR","url":"https:\/\/surfbox.de\/wp-content\/uploads\/2014\/05\/moby-dick-audi-q5-seite-vorn-ganz.jpg","contentUrl":"https:\/\/surfbox.de\/wp-content\/uploads\/2014\/05\/moby-dick-audi-q5-seite-vorn-ganz.jpg","width":1140,"height":650},{"@type":"WebPage","@id":"https:\/\/surfbox.de\/fr\/coffres-de-toit-shop\/coffre-de-toit\/boite-de-ski\/coffre-de-toit-moby-dick-sl-premium\/#webpage","url":"https:\/\/surfbox.de\/fr\/coffres-de-toit-shop\/coffre-de-toit\/boite-de-ski\/coffre-de-toit-moby-dick-sl-premium\/","name":"Coffre de toit Moby Dick SL Premium - Coffre de toit prime en GRP par Mobila","isPartOf":{"@id":"https:\/\/surfbox.de\/#website"},"primaryImageOfPage":{"@id":"https:\/\/surfbox.de\/fr\/coffres-de-toit-shop\/coffre-de-toit\/boite-de-ski\/coffre-de-toit-moby-dick-sl-premium\/#primaryimage"},"datePublished":"2015-01-23T11:17:55+00:00","dateModified":"2024-12-12T15:24:52+00:00","description":"In unserem Shop finden Sie hochwertige Dachboxen in edlem Design. Sie sind Windkanal getestet und Verbrauchs sparend. F\u00fcr Camping, Wasser- und Wintersport uvm. Qualit\u00e4t seit 1989.","breadcrumb":{"@id":"https:\/\/surfbox.de\/fr\/coffres-de-toit-shop\/coffre-de-toit\/boite-de-ski\/coffre-de-toit-moby-dick-sl-premium\/#breadcrumb"},"inLanguage":"fr-FR","potentialAction":[{"@type":"ReadAction","target":["https:\/\/surfbox.de\/fr\/coffres-de-toit-shop\/coffre-de-toit\/boite-de-ski\/coffre-de-toit-moby-dick-sl-premium\/"]}]},{"@type":"BreadcrumbList","@id":"https:\/\/surfbox.de\/fr\/coffres-de-toit-shop\/coffre-de-toit\/boite-de-ski\/coffre-de-toit-moby-dick-sl-premium\/#breadcrumb","itemListElement":[{"@type":"ListItem","position":1,"name":"Home","item":"https:\/\/surfbox.de\/fr\/"},{"@type":"ListItem","position":2,"name":"Boutique","item":"https:\/\/surfbox.de\/fr\/boutique\/"},{"@type":"ListItem","position":3,"name":"Coffre de toit Moby Dick SL Premium"}]}]}},"_links":{"self":[{"href":"https:\/\/surfbox.de\/fr\/wp-json\/wp\/v2\/product\/23235"}],"collection":[{"href":"https:\/\/surfbox.de\/fr\/wp-json\/wp\/v2\/product"}],"about":[{"href":"https:\/\/surfbox.de\/fr\/wp-json\/wp\/v2\/types\/product"}],"replies":[{"embeddable":true,"href":"https:\/\/surfbox.de\/fr\/wp-json\/wp\/v2\/comments?post=23235"}],"wp:featuredmedia":[{"embeddable":true,"href":"https:\/\/surfbox.de\/fr\/wp-json\/wp\/v2\/media\/22022"}],"wp:attachment":[{"href":"https:\/\/surfbox.de\/fr\/wp-json\/wp\/v2\/media?parent=23235"}],"wp:term":[{"taxonomy":"product_cat","embeddable":true,"href":"https:\/\/surfbox.de\/fr\/wp-json\/wp\/v2\/product_cat?post=23235"},{"taxonomy":"product_tag","embeddable":true,"href":"https:\/\/surfbox.de\/fr\/wp-json\/wp\/v2\/product_tag?post=23235"}],"curies":[{"name":"wp","href":"https:\/\/api.w.org\/{rel}","templated":true}]}}