
{"id":25373,"date":"2014-06-23T00:55:10","date_gmt":"2014-06-22T22:55:10","guid":{"rendered":"https:\/\/surfbox.de\/roof-boxes-shop\/unkategorisiert\/surfbretthalter-80-cm-abnehmbar-paar-2\/"},"modified":"2021-04-08T12:13:25","modified_gmt":"2021-04-08T10:13:25","slug":"support-de-planche-de-surf-80-cm-detachable","status":"publish","type":"product","link":"https:\/\/surfbox.de\/fr\/coffres-de-toit-shop\/accessoires-fr\/barres-de-toit\/support-de-planche-de-surf-80-cm-detachable\/","title":{"rendered":"Support de planche de surf  80 cm  ( pair) &#8211; detachable"},"content":{"rendered":"<pre id=\"tw-target-text\" class=\"tw-data-text tw-text-large XcVN5d tw-ta\" dir=\"ltr\" data-placeholder=\"\u00dcbersetzung\"><span lang=\"fr\">Ensemble compos\u00e9 de 2 pi\u00e8ces de sangles\r\ny compris les supports, vis, plaques, \u00e9crous en acier inoxydable et entretoises<\/span><\/pre>\n","protected":false},"excerpt":{"rendered":"<p>Ensemble compos\u00e9 de 2 pi\u00e8ces de sangles y compris les supports, vis, plaques, \u00e9crous en acier inoxydable et entretoises<\/p>\n","protected":false},"featured_media":78658,"comment_status":"closed","ping_status":"closed","template":"","meta":[],"product_cat":[193,208,213],"product_tag":[],"yoast_head":"<!-- This site is optimized with the Yoast SEO plugin v17.9 - https:\/\/yoast.com\/wordpress\/plugins\/seo\/ -->\n<title>Support de planche de surf 80 cm ( pair) - detachable - Coffre de toit prime en GRP par Mobila<\/title>\n<meta name=\"description\" content=\"In unserem Shop finden Sie hochwertige Dachboxen in edlem Design. Sie sind Windkanal getestet und Verbrauchs sparend. F\u00fcr Camping, Wasser- und Wintersport uvm. Qualit\u00e4t seit 1989.\" \/>\n<meta name=\"robots\" content=\"index, follow, max-snippet:-1, max-image-preview:large, max-video-preview:-1\" \/>\n<link rel=\"canonical\" href=\"https:\/\/surfbox.de\/fr\/coffres-de-toit-shop\/accessoires-fr\/barres-de-toit\/support-de-planche-de-surf-80-cm-detachable\/\" \/>\n<meta property=\"og:locale\" content=\"fr_FR\" \/>\n<meta property=\"og:type\" content=\"article\" \/>\n<meta property=\"og:title\" content=\"Support de planche de surf 80 cm ( pair) - detachable - Coffre de toit prime en GRP par Mobila\" \/>\n<meta property=\"og:description\" content=\"In unserem Shop finden Sie hochwertige Dachboxen in edlem Design. Sie sind Windkanal getestet und Verbrauchs sparend. F\u00fcr Camping, Wasser- und Wintersport uvm. Qualit\u00e4t seit 1989.\" \/>\n<meta property=\"og:url\" content=\"https:\/\/surfbox.de\/fr\/coffres-de-toit-shop\/accessoires-fr\/barres-de-toit\/support-de-planche-de-surf-80-cm-detachable\/\" \/>\n<meta property=\"og:site_name\" content=\"Coffre de toit prime en GRP par Mobila\" \/>\n<meta property=\"article:modified_time\" content=\"2021-04-08T10:13:25+00:00\" \/>\n<meta property=\"og:image\" content=\"https:\/\/surfbox.de\/wp-content\/uploads\/2014\/06\/80-1024x576.jpg\" \/>\n\t<meta property=\"og:image:width\" content=\"1024\" \/>\n\t<meta property=\"og:image:height\" content=\"576\" \/>\n\t<meta property=\"og:image:type\" content=\"image\/jpeg\" \/>\n<meta name=\"twitter:label1\" content=\"Prix\" \/>\n\t<meta name=\"twitter:data1\" content=\"99,00&nbsp;&euro;\" \/>\n\t<meta name=\"twitter:label2\" content=\"Availability\" \/>\n\t<meta name=\"twitter:data2\" content=\"In stock\" \/>\n<script type=\"application\/ld+json\" class=\"yoast-schema-graph\">{\"@context\":\"https:\/\/schema.org\",\"@graph\":[{\"@type\":\"WebSite\",\"@id\":\"https:\/\/surfbox.de\/#website\",\"url\":\"https:\/\/surfbox.de\/\",\"name\":\"Coffre de toit prime en GRP par Mobila\",\"description\":\"Mobila GmbH produces premium roof boxes skiboxes &amp; Surf boxes\",\"potentialAction\":[{\"@type\":\"SearchAction\",\"target\":{\"@type\":\"EntryPoint\",\"urlTemplate\":\"https:\/\/surfbox.de\/?s={search_term_string}\"},\"query-input\":\"required name=search_term_string\"}],\"inLanguage\":\"fr-FR\"},{\"@type\":\"ImageObject\",\"@id\":\"https:\/\/surfbox.de\/fr\/coffres-de-toit-shop\/accessoires-fr\/barres-de-toit\/support-de-planche-de-surf-80-cm-detachable\/#primaryimage\",\"inLanguage\":\"fr-FR\",\"url\":\"https:\/\/surfbox.de\/wp-content\/uploads\/2014\/06\/80.jpg\",\"contentUrl\":\"https:\/\/surfbox.de\/wp-content\/uploads\/2014\/06\/80.jpg\",\"width\":4032,\"height\":2268},{\"@type\":\"WebPage\",\"@id\":\"https:\/\/surfbox.de\/fr\/coffres-de-toit-shop\/accessoires-fr\/barres-de-toit\/support-de-planche-de-surf-80-cm-detachable\/#webpage\",\"url\":\"https:\/\/surfbox.de\/fr\/coffres-de-toit-shop\/accessoires-fr\/barres-de-toit\/support-de-planche-de-surf-80-cm-detachable\/\",\"name\":\"Support de planche de surf 80 cm ( pair) - detachable - Coffre de toit prime en GRP par Mobila\",\"isPartOf\":{\"@id\":\"https:\/\/surfbox.de\/#website\"},\"primaryImageOfPage\":{\"@id\":\"https:\/\/surfbox.de\/fr\/coffres-de-toit-shop\/accessoires-fr\/barres-de-toit\/support-de-planche-de-surf-80-cm-detachable\/#primaryimage\"},\"datePublished\":\"2014-06-22T22:55:10+00:00\",\"dateModified\":\"2021-04-08T10:13:25+00:00\",\"description\":\"In unserem Shop finden Sie hochwertige Dachboxen in edlem Design. Sie sind Windkanal getestet und Verbrauchs sparend. F\\u00fcr Camping, Wasser- und Wintersport uvm. Qualit\\u00e4t seit 1989.\",\"breadcrumb\":{\"@id\":\"https:\/\/surfbox.de\/fr\/coffres-de-toit-shop\/accessoires-fr\/barres-de-toit\/support-de-planche-de-surf-80-cm-detachable\/#breadcrumb\"},\"inLanguage\":\"fr-FR\",\"potentialAction\":[{\"@type\":\"ReadAction\",\"target\":[\"https:\/\/surfbox.de\/fr\/coffres-de-toit-shop\/accessoires-fr\/barres-de-toit\/support-de-planche-de-surf-80-cm-detachable\/\"]}]},{\"@type\":\"BreadcrumbList\",\"@id\":\"https:\/\/surfbox.de\/fr\/coffres-de-toit-shop\/accessoires-fr\/barres-de-toit\/support-de-planche-de-surf-80-cm-detachable\/#breadcrumb\",\"itemListElement\":[{\"@type\":\"ListItem\",\"position\":1,\"name\":\"Home\",\"item\":\"https:\/\/surfbox.de\/fr\/\"},{\"@type\":\"ListItem\",\"position\":2,\"name\":\"Boutique\",\"item\":\"https:\/\/surfbox.de\/fr\/boutique\/\"},{\"@type\":\"ListItem\",\"position\":3,\"name\":\"Support de planche de surf 80 cm ( pair) &#8211; detachable80 &times; 3 &times; 9.5 cm\"}]}]}<\/script>\n<!-- \/ Yoast SEO plugin. -->","yoast_head_json":{"title":"Support de planche de surf 80 cm ( pair) - detachable - Coffre de toit prime en GRP par Mobila","description":"In unserem Shop finden Sie hochwertige Dachboxen in edlem Design. Sie sind Windkanal getestet und Verbrauchs sparend. F\u00fcr Camping, Wasser- und Wintersport uvm. Qualit\u00e4t seit 1989.","robots":{"index":"index","follow":"follow","max-snippet":"max-snippet:-1","max-image-preview":"max-image-preview:large","max-video-preview":"max-video-preview:-1"},"canonical":"https:\/\/surfbox.de\/fr\/coffres-de-toit-shop\/accessoires-fr\/barres-de-toit\/support-de-planche-de-surf-80-cm-detachable\/","og_locale":"fr_FR","og_type":"article","og_title":"Support de planche de surf 80 cm ( pair) - detachable - Coffre de toit prime en GRP par Mobila","og_description":"In unserem Shop finden Sie hochwertige Dachboxen in edlem Design. Sie sind Windkanal getestet und Verbrauchs sparend. F\u00fcr Camping, Wasser- und Wintersport uvm. Qualit\u00e4t seit 1989.","og_url":"https:\/\/surfbox.de\/fr\/coffres-de-toit-shop\/accessoires-fr\/barres-de-toit\/support-de-planche-de-surf-80-cm-detachable\/","og_site_name":"Coffre de toit prime en GRP par Mobila","article_modified_time":"2021-04-08T10:13:25+00:00","og_image":[{"width":1024,"height":576,"url":"https:\/\/surfbox.de\/wp-content\/uploads\/2014\/06\/80-1024x576.jpg","type":"image\/jpeg"}],"twitter_misc":{"Prix":"99,00&nbsp;&euro;","Availability":"In stock"},"schema":{"@context":"https:\/\/schema.org","@graph":[{"@type":"WebSite","@id":"https:\/\/surfbox.de\/#website","url":"https:\/\/surfbox.de\/","name":"Coffre de toit prime en GRP par Mobila","description":"Mobila GmbH produces premium roof boxes skiboxes &amp; Surf boxes","potentialAction":[{"@type":"SearchAction","target":{"@type":"EntryPoint","urlTemplate":"https:\/\/surfbox.de\/?s={search_term_string}"},"query-input":"required name=search_term_string"}],"inLanguage":"fr-FR"},{"@type":"ImageObject","@id":"https:\/\/surfbox.de\/fr\/coffres-de-toit-shop\/accessoires-fr\/barres-de-toit\/support-de-planche-de-surf-80-cm-detachable\/#primaryimage","inLanguage":"fr-FR","url":"https:\/\/surfbox.de\/wp-content\/uploads\/2014\/06\/80.jpg","contentUrl":"https:\/\/surfbox.de\/wp-content\/uploads\/2014\/06\/80.jpg","width":4032,"height":2268},{"@type":"WebPage","@id":"https:\/\/surfbox.de\/fr\/coffres-de-toit-shop\/accessoires-fr\/barres-de-toit\/support-de-planche-de-surf-80-cm-detachable\/#webpage","url":"https:\/\/surfbox.de\/fr\/coffres-de-toit-shop\/accessoires-fr\/barres-de-toit\/support-de-planche-de-surf-80-cm-detachable\/","name":"Support de planche de surf 80 cm ( pair) - detachable - Coffre de toit prime en GRP par Mobila","isPartOf":{"@id":"https:\/\/surfbox.de\/#website"},"primaryImageOfPage":{"@id":"https:\/\/surfbox.de\/fr\/coffres-de-toit-shop\/accessoires-fr\/barres-de-toit\/support-de-planche-de-surf-80-cm-detachable\/#primaryimage"},"datePublished":"2014-06-22T22:55:10+00:00","dateModified":"2021-04-08T10:13:25+00:00","description":"In unserem Shop finden Sie hochwertige Dachboxen in edlem Design. Sie sind Windkanal getestet und Verbrauchs sparend. F\u00fcr Camping, Wasser- und Wintersport uvm. Qualit\u00e4t seit 1989.","breadcrumb":{"@id":"https:\/\/surfbox.de\/fr\/coffres-de-toit-shop\/accessoires-fr\/barres-de-toit\/support-de-planche-de-surf-80-cm-detachable\/#breadcrumb"},"inLanguage":"fr-FR","potentialAction":[{"@type":"ReadAction","target":["https:\/\/surfbox.de\/fr\/coffres-de-toit-shop\/accessoires-fr\/barres-de-toit\/support-de-planche-de-surf-80-cm-detachable\/"]}]},{"@type":"BreadcrumbList","@id":"https:\/\/surfbox.de\/fr\/coffres-de-toit-shop\/accessoires-fr\/barres-de-toit\/support-de-planche-de-surf-80-cm-detachable\/#breadcrumb","itemListElement":[{"@type":"ListItem","position":1,"name":"Home","item":"https:\/\/surfbox.de\/fr\/"},{"@type":"ListItem","position":2,"name":"Boutique","item":"https:\/\/surfbox.de\/fr\/boutique\/"},{"@type":"ListItem","position":3,"name":"Support de planche de surf 80 cm ( pair) &#8211; detachable80 &times; 3 &times; 9.5 cm"}]}]}},"_links":{"self":[{"href":"https:\/\/surfbox.de\/fr\/wp-json\/wp\/v2\/product\/25373"}],"collection":[{"href":"https:\/\/surfbox.de\/fr\/wp-json\/wp\/v2\/product"}],"about":[{"href":"https:\/\/surfbox.de\/fr\/wp-json\/wp\/v2\/types\/product"}],"replies":[{"embeddable":true,"href":"https:\/\/surfbox.de\/fr\/wp-json\/wp\/v2\/comments?post=25373"}],"wp:featuredmedia":[{"embeddable":true,"href":"https:\/\/surfbox.de\/fr\/wp-json\/wp\/v2\/media\/78658"}],"wp:attachment":[{"href":"https:\/\/surfbox.de\/fr\/wp-json\/wp\/v2\/media?parent=25373"}],"wp:term":[{"taxonomy":"product_cat","embeddable":true,"href":"https:\/\/surfbox.de\/fr\/wp-json\/wp\/v2\/product_cat?post=25373"},{"taxonomy":"product_tag","embeddable":true,"href":"https:\/\/surfbox.de\/fr\/wp-json\/wp\/v2\/product_tag?post=25373"}],"curies":[{"name":"wp","href":"https:\/\/api.w.org\/{rel}","templated":true}]}}