
{"id":41265,"date":"2016-02-02T16:23:41","date_gmt":"2016-02-12T13:03:34","guid":{"rendered":"https:\/\/surfbox.de\/?post_type=product&#038;p=41265"},"modified":"2017-04-25T16:19:57","modified_gmt":"2017-04-25T14:19:57","slug":"kit-de-montage-avec-des-t-adaptateurs","status":"publish","type":"product","link":"https:\/\/surfbox.de\/fr\/coffres-de-toit-shop\/pieces-de-rechange-pour-coffres-de-toit\/kit-de-montage-avec-des-t-adaptateurs\/","title":{"rendered":"Kit de montage avec des T-adaptateurs (acier inoxydable)"},"content":{"rendered":"<p><span id=\"result_box\" class=\"\" lang=\"fr\"><span class=\"hps\">1<\/span> <span class=\"hps\">Set<\/span> <span class=\"hps atn\">(<\/span><span class=\"\">acier inoxydable)<\/span><\/span><\/p>\n<p><span class=\"hps\">=<\/span> <span class=\"hps\">4 pi\u00e8ces<\/span> <span class=\"hps\">t<\/span><span class=\"atn\">&#8211;<\/span>adaptateur, <span class=\"hps\">4 pi\u00e8ces<\/span> <span class=\"hps\">assiettes<\/span><span class=\"\">,<\/span> <span class=\"hps\">4 pi\u00e8ces<\/span> <span class=\"hps\">vis<\/span><\/p>\n<p><span class=\"hps\">env.<\/span> <span class=\"hps\">2,5 x<\/span> <span class=\"hps\">2,0<\/span> <span class=\"hps\">cm<\/span><\/p>\n<p><span class=\"hps\">pour<\/span> <span class=\"hps\">barres de toit<\/span> <span class=\"hps\">avec<\/span> <span class=\"hps\">des rails en aluminium<\/span><span class=\"hps\"><br \/>\n<\/span><\/p>\n","protected":false},"excerpt":{"rendered":"<p>1 Set (acier inoxydable) = 4 pi\u00e8ces t&#8211;adaptateur, 4 pi\u00e8ces assiettes, 4 pi\u00e8ces vis env. 2,5 x 2,0 cm pour barres de toit avec des rails en aluminium<\/p>\n","protected":false},"featured_media":82747,"comment_status":"closed","ping_status":"closed","template":"","meta":[],"product_cat":[193,208],"product_tag":[],"yoast_head":"<!-- This site is optimized with the Yoast SEO plugin v17.9 - https:\/\/yoast.com\/wordpress\/plugins\/seo\/ -->\n<title>Kit de montage avec des T-adaptateurs (acier inoxydable) - Coffre de toit prime en GRP par Mobila<\/title>\n<meta name=\"description\" content=\"In unserem Shop finden Sie hochwertige Dachboxen in edlem Design. Sie sind Windkanal getestet und Verbrauchs sparend. F\u00fcr Camping, Wasser- und Wintersport uvm. Qualit\u00e4t seit 1989.\" \/>\n<meta name=\"robots\" content=\"index, follow, max-snippet:-1, max-image-preview:large, max-video-preview:-1\" \/>\n<link rel=\"canonical\" href=\"https:\/\/surfbox.de\/fr\/coffres-de-toit-shop\/zubehoer\/kit-de-montage-avec-des-t-adaptateurs\/\" \/>\n<meta property=\"og:locale\" content=\"fr_FR\" \/>\n<meta property=\"og:type\" content=\"article\" \/>\n<meta property=\"og:title\" content=\"Kit de montage avec des T-adaptateurs (acier inoxydable) - Coffre de toit prime en GRP par Mobila\" \/>\n<meta property=\"og:description\" content=\"In unserem Shop finden Sie hochwertige Dachboxen in edlem Design. Sie sind Windkanal getestet und Verbrauchs sparend. F\u00fcr Camping, Wasser- und Wintersport uvm. Qualit\u00e4t seit 1989.\" \/>\n<meta property=\"og:url\" content=\"https:\/\/surfbox.de\/fr\/coffres-de-toit-shop\/zubehoer\/kit-de-montage-avec-des-t-adaptateurs\/\" \/>\n<meta property=\"og:site_name\" content=\"Coffre de toit prime en GRP par Mobila\" \/>\n<meta property=\"article:modified_time\" content=\"2017-04-25T14:19:57+00:00\" \/>\n<meta property=\"og:image\" content=\"https:\/\/surfbox.de\/wp-content\/uploads\/2016\/02\/Befestigungs-Set-mit-T-Steinen-rotated.jpg\" \/>\n\t<meta property=\"og:image:width\" content=\"600\" \/>\n\t<meta property=\"og:image:height\" content=\"450\" \/>\n\t<meta property=\"og:image:type\" content=\"image\/jpeg\" \/>\n<meta name=\"twitter:label1\" content=\"Prix\" \/>\n\t<meta name=\"twitter:data1\" content=\"50,00&nbsp;&euro;\" \/>\n\t<meta name=\"twitter:label2\" content=\"Availability\" \/>\n\t<meta name=\"twitter:data2\" content=\"In stock\" \/>\n<script type=\"application\/ld+json\" class=\"yoast-schema-graph\">{\"@context\":\"https:\/\/schema.org\",\"@graph\":[{\"@type\":\"WebSite\",\"@id\":\"https:\/\/surfbox.de\/#website\",\"url\":\"https:\/\/surfbox.de\/\",\"name\":\"Coffre de toit prime en GRP par Mobila\",\"description\":\"Mobila GmbH produces premium roof boxes skiboxes &amp; Surf boxes\",\"potentialAction\":[{\"@type\":\"SearchAction\",\"target\":{\"@type\":\"EntryPoint\",\"urlTemplate\":\"https:\/\/surfbox.de\/?s={search_term_string}\"},\"query-input\":\"required name=search_term_string\"}],\"inLanguage\":\"fr-FR\"},{\"@type\":\"ImageObject\",\"@id\":\"https:\/\/surfbox.de\/fr\/coffres-de-toit-shop\/zubehoer\/kit-de-montage-avec-des-t-adaptateurs\/#primaryimage\",\"inLanguage\":\"fr-FR\",\"url\":\"https:\/\/surfbox.de\/wp-content\/uploads\/2016\/02\/Befestigungs-Set-mit-T-Steinen-rotated.jpg\",\"contentUrl\":\"https:\/\/surfbox.de\/wp-content\/uploads\/2016\/02\/Befestigungs-Set-mit-T-Steinen-rotated.jpg\",\"width\":600,\"height\":450},{\"@type\":\"WebPage\",\"@id\":\"https:\/\/surfbox.de\/fr\/coffres-de-toit-shop\/zubehoer\/kit-de-montage-avec-des-t-adaptateurs\/#webpage\",\"url\":\"https:\/\/surfbox.de\/fr\/coffres-de-toit-shop\/zubehoer\/kit-de-montage-avec-des-t-adaptateurs\/\",\"name\":\"Kit de montage avec des T-adaptateurs (acier inoxydable) - Coffre de toit prime en GRP par Mobila\",\"isPartOf\":{\"@id\":\"https:\/\/surfbox.de\/#website\"},\"primaryImageOfPage\":{\"@id\":\"https:\/\/surfbox.de\/fr\/coffres-de-toit-shop\/zubehoer\/kit-de-montage-avec-des-t-adaptateurs\/#primaryimage\"},\"datePublished\":\"2016-02-12T13:03:34+00:00\",\"dateModified\":\"2017-04-25T14:19:57+00:00\",\"description\":\"In unserem Shop finden Sie hochwertige Dachboxen in edlem Design. Sie sind Windkanal getestet und Verbrauchs sparend. F\\u00fcr Camping, Wasser- und Wintersport uvm. Qualit\\u00e4t seit 1989.\",\"breadcrumb\":{\"@id\":\"https:\/\/surfbox.de\/fr\/coffres-de-toit-shop\/zubehoer\/kit-de-montage-avec-des-t-adaptateurs\/#breadcrumb\"},\"inLanguage\":\"fr-FR\",\"potentialAction\":[{\"@type\":\"ReadAction\",\"target\":[\"https:\/\/surfbox.de\/fr\/coffres-de-toit-shop\/zubehoer\/kit-de-montage-avec-des-t-adaptateurs\/\"]}]},{\"@type\":\"BreadcrumbList\",\"@id\":\"https:\/\/surfbox.de\/fr\/coffres-de-toit-shop\/zubehoer\/kit-de-montage-avec-des-t-adaptateurs\/#breadcrumb\",\"itemListElement\":[{\"@type\":\"ListItem\",\"position\":1,\"name\":\"Home\",\"item\":\"https:\/\/surfbox.de\/fr\/\"},{\"@type\":\"ListItem\",\"position\":2,\"name\":\"Boutique\",\"item\":\"https:\/\/surfbox.de\/fr\/boutique\/\"},{\"@type\":\"ListItem\",\"position\":3,\"name\":\"Kit de montage avec des T-adaptateurs (acier inoxydable)\"}]}]}<\/script>\n<!-- \/ Yoast SEO plugin. -->","yoast_head_json":{"title":"Kit de montage avec des T-adaptateurs (acier inoxydable) - Coffre de toit prime en GRP par Mobila","description":"In unserem Shop finden Sie hochwertige Dachboxen in edlem Design. Sie sind Windkanal getestet und Verbrauchs sparend. F\u00fcr Camping, Wasser- und Wintersport uvm. Qualit\u00e4t seit 1989.","robots":{"index":"index","follow":"follow","max-snippet":"max-snippet:-1","max-image-preview":"max-image-preview:large","max-video-preview":"max-video-preview:-1"},"canonical":"https:\/\/surfbox.de\/fr\/coffres-de-toit-shop\/zubehoer\/kit-de-montage-avec-des-t-adaptateurs\/","og_locale":"fr_FR","og_type":"article","og_title":"Kit de montage avec des T-adaptateurs (acier inoxydable) - Coffre de toit prime en GRP par Mobila","og_description":"In unserem Shop finden Sie hochwertige Dachboxen in edlem Design. Sie sind Windkanal getestet und Verbrauchs sparend. F\u00fcr Camping, Wasser- und Wintersport uvm. Qualit\u00e4t seit 1989.","og_url":"https:\/\/surfbox.de\/fr\/coffres-de-toit-shop\/zubehoer\/kit-de-montage-avec-des-t-adaptateurs\/","og_site_name":"Coffre de toit prime en GRP par Mobila","article_modified_time":"2017-04-25T14:19:57+00:00","og_image":[{"width":600,"height":450,"url":"https:\/\/surfbox.de\/wp-content\/uploads\/2016\/02\/Befestigungs-Set-mit-T-Steinen-rotated.jpg","type":"image\/jpeg"}],"twitter_misc":{"Prix":"50,00&nbsp;&euro;","Availability":"In stock"},"schema":{"@context":"https:\/\/schema.org","@graph":[{"@type":"WebSite","@id":"https:\/\/surfbox.de\/#website","url":"https:\/\/surfbox.de\/","name":"Coffre de toit prime en GRP par Mobila","description":"Mobila GmbH produces premium roof boxes skiboxes &amp; Surf boxes","potentialAction":[{"@type":"SearchAction","target":{"@type":"EntryPoint","urlTemplate":"https:\/\/surfbox.de\/?s={search_term_string}"},"query-input":"required name=search_term_string"}],"inLanguage":"fr-FR"},{"@type":"ImageObject","@id":"https:\/\/surfbox.de\/fr\/coffres-de-toit-shop\/zubehoer\/kit-de-montage-avec-des-t-adaptateurs\/#primaryimage","inLanguage":"fr-FR","url":"https:\/\/surfbox.de\/wp-content\/uploads\/2016\/02\/Befestigungs-Set-mit-T-Steinen-rotated.jpg","contentUrl":"https:\/\/surfbox.de\/wp-content\/uploads\/2016\/02\/Befestigungs-Set-mit-T-Steinen-rotated.jpg","width":600,"height":450},{"@type":"WebPage","@id":"https:\/\/surfbox.de\/fr\/coffres-de-toit-shop\/zubehoer\/kit-de-montage-avec-des-t-adaptateurs\/#webpage","url":"https:\/\/surfbox.de\/fr\/coffres-de-toit-shop\/zubehoer\/kit-de-montage-avec-des-t-adaptateurs\/","name":"Kit de montage avec des T-adaptateurs (acier inoxydable) - Coffre de toit prime en GRP par Mobila","isPartOf":{"@id":"https:\/\/surfbox.de\/#website"},"primaryImageOfPage":{"@id":"https:\/\/surfbox.de\/fr\/coffres-de-toit-shop\/zubehoer\/kit-de-montage-avec-des-t-adaptateurs\/#primaryimage"},"datePublished":"2016-02-12T13:03:34+00:00","dateModified":"2017-04-25T14:19:57+00:00","description":"In unserem Shop finden Sie hochwertige Dachboxen in edlem Design. Sie sind Windkanal getestet und Verbrauchs sparend. F\u00fcr Camping, Wasser- und Wintersport uvm. Qualit\u00e4t seit 1989.","breadcrumb":{"@id":"https:\/\/surfbox.de\/fr\/coffres-de-toit-shop\/zubehoer\/kit-de-montage-avec-des-t-adaptateurs\/#breadcrumb"},"inLanguage":"fr-FR","potentialAction":[{"@type":"ReadAction","target":["https:\/\/surfbox.de\/fr\/coffres-de-toit-shop\/zubehoer\/kit-de-montage-avec-des-t-adaptateurs\/"]}]},{"@type":"BreadcrumbList","@id":"https:\/\/surfbox.de\/fr\/coffres-de-toit-shop\/zubehoer\/kit-de-montage-avec-des-t-adaptateurs\/#breadcrumb","itemListElement":[{"@type":"ListItem","position":1,"name":"Home","item":"https:\/\/surfbox.de\/fr\/"},{"@type":"ListItem","position":2,"name":"Boutique","item":"https:\/\/surfbox.de\/fr\/boutique\/"},{"@type":"ListItem","position":3,"name":"Kit de montage avec des T-adaptateurs (acier inoxydable)"}]}]}},"_links":{"self":[{"href":"https:\/\/surfbox.de\/fr\/wp-json\/wp\/v2\/product\/41265"}],"collection":[{"href":"https:\/\/surfbox.de\/fr\/wp-json\/wp\/v2\/product"}],"about":[{"href":"https:\/\/surfbox.de\/fr\/wp-json\/wp\/v2\/types\/product"}],"replies":[{"embeddable":true,"href":"https:\/\/surfbox.de\/fr\/wp-json\/wp\/v2\/comments?post=41265"}],"wp:featuredmedia":[{"embeddable":true,"href":"https:\/\/surfbox.de\/fr\/wp-json\/wp\/v2\/media\/82747"}],"wp:attachment":[{"href":"https:\/\/surfbox.de\/fr\/wp-json\/wp\/v2\/media?parent=41265"}],"wp:term":[{"taxonomy":"product_cat","embeddable":true,"href":"https:\/\/surfbox.de\/fr\/wp-json\/wp\/v2\/product_cat?post=41265"},{"taxonomy":"product_tag","embeddable":true,"href":"https:\/\/surfbox.de\/fr\/wp-json\/wp\/v2\/product_tag?post=41265"}],"curies":[{"name":"wp","href":"https:\/\/api.w.org\/{rel}","templated":true}]}}