
{"id":42586,"date":"2016-03-01T14:02:25","date_gmt":"2016-03-01T13:02:25","guid":{"rendered":"https:\/\/surfbox.de\/?post_type=product&#038;p=42586"},"modified":"2021-07-06T12:07:27","modified_gmt":"2021-07-06T10:07:27","slug":"kit_de_montage_avec_pince_en_u","status":"publish","type":"product","link":"https:\/\/surfbox.de\/fr\/coffres-de-toit-shop\/pieces-de-rechange-pour-coffres-de-toit\/kit_de_montage_avec_pince_en_u\/","title":{"rendered":"Kit de montage avec pince en U (acier inoxydable) 8.7&#215;7 cm (branches int\u00e9rieur)"},"content":{"rendered":"<pre id=\"tw-target-text\" class=\"tw-data-text tw-text-large XcVN5d tw-ta\" dir=\"ltr\" data-placeholder=\"\u00dcbersetzung\"><span lang=\"fr\">Ensemble complet (ensemble):\r\n4 supports en U en acier inoxydable, 4 plaques en acier inoxydable, 8 vis \u00e0 oreilles, 8 capuchons de protection\r\n\r\nLargeur x hauteur int\u00e9rieure 8,7 x 7,0 cm (mesure de branche au centre de la branche 8,7 cm, hauteur de la branche a l'int\u00e9rieur 7 cm)\r\n\r\nConvient aux barres de toit en acier et en aluminium (\u00e9galement Thule Wingbar)<\/span><\/pre>\n<h3 id=\"tw-target-text\" class=\"tw-data-text tw-text-large XcVN5d tw-ta\" dir=\"ltr\" data-placeholder=\"\u00dcbersetzung\"><\/h3>\n","protected":false},"excerpt":{"rendered":"<p>Ensemble complet (ensemble): 4 supports en U en acier inoxydable, 4 plaques en acier inoxydable, 8 vis \u00e0 oreilles, 8 capuchons de protection Largeur x hauteur int\u00e9rieure 8,7 x 7,0 cm (mesure de branche au centre de la branche 8,7 cm, hauteur de la branche a l&rsquo;int\u00e9rieur 7 cm) Convient aux barres de toit en&hellip;<\/p>\n","protected":false},"featured_media":78388,"comment_status":"closed","ping_status":"closed","template":"","meta":[],"product_cat":[193,208],"product_tag":[],"yoast_head":"<!-- This site is optimized with the Yoast SEO plugin v17.9 - https:\/\/yoast.com\/wordpress\/plugins\/seo\/ -->\n<title>Kit de montage avec pince en U (acier inoxydable) 8.7x7 cm (branches int\u00e9rieur) - Coffre de toit prime en GRP par Mobila<\/title>\n<meta name=\"description\" content=\"In unserem Shop finden Sie hochwertige Dachboxen in edlem Design. Sie sind Windkanal getestet und Verbrauchs sparend. F\u00fcr Camping, Wasser- und Wintersport uvm. Qualit\u00e4t seit 1989.\" \/>\n<meta name=\"robots\" content=\"index, follow, max-snippet:-1, max-image-preview:large, max-video-preview:-1\" \/>\n<link rel=\"canonical\" href=\"https:\/\/surfbox.de\/fr\/coffres-de-toit-shop\/pieces-de-rechange-pour-coffres-de-toit\/kit_de_montage_avec_pince_en_u\/\" \/>\n<meta property=\"og:locale\" content=\"fr_FR\" \/>\n<meta property=\"og:type\" content=\"article\" \/>\n<meta property=\"og:title\" content=\"Kit de montage avec pince en U (acier inoxydable) 8.7x7 cm (branches int\u00e9rieur) - Coffre de toit prime en GRP par Mobila\" \/>\n<meta property=\"og:description\" content=\"In unserem Shop finden Sie hochwertige Dachboxen in edlem Design. Sie sind Windkanal getestet und Verbrauchs sparend. F\u00fcr Camping, Wasser- und Wintersport uvm. Qualit\u00e4t seit 1989.\" \/>\n<meta property=\"og:url\" content=\"https:\/\/surfbox.de\/fr\/coffres-de-toit-shop\/pieces-de-rechange-pour-coffres-de-toit\/kit_de_montage_avec_pince_en_u\/\" \/>\n<meta property=\"og:site_name\" content=\"Coffre de toit prime en GRP par Mobila\" \/>\n<meta property=\"article:modified_time\" content=\"2021-07-06T10:07:27+00:00\" \/>\n<meta property=\"og:image\" content=\"https:\/\/surfbox.de\/wp-content\/uploads\/2016\/03\/20200827_165727-1024x576.jpg\" \/>\n\t<meta property=\"og:image:width\" content=\"1024\" \/>\n\t<meta property=\"og:image:height\" content=\"576\" \/>\n\t<meta property=\"og:image:type\" content=\"image\/jpeg\" \/>\n<meta name=\"twitter:label1\" content=\"Prix\" \/>\n\t<meta name=\"twitter:data1\" content=\"50,00&nbsp;&euro;\" \/>\n\t<meta name=\"twitter:label2\" content=\"Availability\" \/>\n\t<meta name=\"twitter:data2\" content=\"In stock\" \/>\n<script type=\"application\/ld+json\" class=\"yoast-schema-graph\">{\"@context\":\"https:\/\/schema.org\",\"@graph\":[{\"@type\":\"WebSite\",\"@id\":\"https:\/\/surfbox.de\/#website\",\"url\":\"https:\/\/surfbox.de\/\",\"name\":\"Coffre de toit prime en GRP par Mobila\",\"description\":\"Mobila GmbH produces premium roof boxes skiboxes &amp; Surf boxes\",\"potentialAction\":[{\"@type\":\"SearchAction\",\"target\":{\"@type\":\"EntryPoint\",\"urlTemplate\":\"https:\/\/surfbox.de\/?s={search_term_string}\"},\"query-input\":\"required name=search_term_string\"}],\"inLanguage\":\"fr-FR\"},{\"@type\":\"ImageObject\",\"@id\":\"https:\/\/surfbox.de\/fr\/coffres-de-toit-shop\/pieces-de-rechange-pour-coffres-de-toit\/kit_de_montage_avec_pince_en_u\/#primaryimage\",\"inLanguage\":\"fr-FR\",\"url\":\"https:\/\/surfbox.de\/wp-content\/uploads\/2016\/03\/20200827_165727.jpg\",\"contentUrl\":\"https:\/\/surfbox.de\/wp-content\/uploads\/2016\/03\/20200827_165727.jpg\",\"width\":4032,\"height\":2268},{\"@type\":\"WebPage\",\"@id\":\"https:\/\/surfbox.de\/fr\/coffres-de-toit-shop\/pieces-de-rechange-pour-coffres-de-toit\/kit_de_montage_avec_pince_en_u\/#webpage\",\"url\":\"https:\/\/surfbox.de\/fr\/coffres-de-toit-shop\/pieces-de-rechange-pour-coffres-de-toit\/kit_de_montage_avec_pince_en_u\/\",\"name\":\"Kit de montage avec pince en U (acier inoxydable) 8.7x7 cm (branches int\\u00e9rieur) - Coffre de toit prime en GRP par Mobila\",\"isPartOf\":{\"@id\":\"https:\/\/surfbox.de\/#website\"},\"primaryImageOfPage\":{\"@id\":\"https:\/\/surfbox.de\/fr\/coffres-de-toit-shop\/pieces-de-rechange-pour-coffres-de-toit\/kit_de_montage_avec_pince_en_u\/#primaryimage\"},\"datePublished\":\"2016-03-01T13:02:25+00:00\",\"dateModified\":\"2021-07-06T10:07:27+00:00\",\"description\":\"In unserem Shop finden Sie hochwertige Dachboxen in edlem Design. Sie sind Windkanal getestet und Verbrauchs sparend. F\\u00fcr Camping, Wasser- und Wintersport uvm. Qualit\\u00e4t seit 1989.\",\"breadcrumb\":{\"@id\":\"https:\/\/surfbox.de\/fr\/coffres-de-toit-shop\/pieces-de-rechange-pour-coffres-de-toit\/kit_de_montage_avec_pince_en_u\/#breadcrumb\"},\"inLanguage\":\"fr-FR\",\"potentialAction\":[{\"@type\":\"ReadAction\",\"target\":[\"https:\/\/surfbox.de\/fr\/coffres-de-toit-shop\/pieces-de-rechange-pour-coffres-de-toit\/kit_de_montage_avec_pince_en_u\/\"]}]},{\"@type\":\"BreadcrumbList\",\"@id\":\"https:\/\/surfbox.de\/fr\/coffres-de-toit-shop\/pieces-de-rechange-pour-coffres-de-toit\/kit_de_montage_avec_pince_en_u\/#breadcrumb\",\"itemListElement\":[{\"@type\":\"ListItem\",\"position\":1,\"name\":\"Home\",\"item\":\"https:\/\/surfbox.de\/fr\/\"},{\"@type\":\"ListItem\",\"position\":2,\"name\":\"Boutique\",\"item\":\"https:\/\/surfbox.de\/fr\/boutique\/\"},{\"@type\":\"ListItem\",\"position\":3,\"name\":\"Kit de montage avec pince en U (acier inoxydable) 8.7&#215;7 cm (branches int\\u00e9rieur)7 &times; 8.7 &times; 0.6 cm\"}]}]}<\/script>\n<!-- \/ Yoast SEO plugin. -->","yoast_head_json":{"title":"Kit de montage avec pince en U (acier inoxydable) 8.7x7 cm (branches int\u00e9rieur) - Coffre de toit prime en GRP par Mobila","description":"In unserem Shop finden Sie hochwertige Dachboxen in edlem Design. Sie sind Windkanal getestet und Verbrauchs sparend. F\u00fcr Camping, Wasser- und Wintersport uvm. Qualit\u00e4t seit 1989.","robots":{"index":"index","follow":"follow","max-snippet":"max-snippet:-1","max-image-preview":"max-image-preview:large","max-video-preview":"max-video-preview:-1"},"canonical":"https:\/\/surfbox.de\/fr\/coffres-de-toit-shop\/pieces-de-rechange-pour-coffres-de-toit\/kit_de_montage_avec_pince_en_u\/","og_locale":"fr_FR","og_type":"article","og_title":"Kit de montage avec pince en U (acier inoxydable) 8.7x7 cm (branches int\u00e9rieur) - Coffre de toit prime en GRP par Mobila","og_description":"In unserem Shop finden Sie hochwertige Dachboxen in edlem Design. Sie sind Windkanal getestet und Verbrauchs sparend. F\u00fcr Camping, Wasser- und Wintersport uvm. Qualit\u00e4t seit 1989.","og_url":"https:\/\/surfbox.de\/fr\/coffres-de-toit-shop\/pieces-de-rechange-pour-coffres-de-toit\/kit_de_montage_avec_pince_en_u\/","og_site_name":"Coffre de toit prime en GRP par Mobila","article_modified_time":"2021-07-06T10:07:27+00:00","og_image":[{"width":1024,"height":576,"url":"https:\/\/surfbox.de\/wp-content\/uploads\/2016\/03\/20200827_165727-1024x576.jpg","type":"image\/jpeg"}],"twitter_misc":{"Prix":"50,00&nbsp;&euro;","Availability":"In stock"},"schema":{"@context":"https:\/\/schema.org","@graph":[{"@type":"WebSite","@id":"https:\/\/surfbox.de\/#website","url":"https:\/\/surfbox.de\/","name":"Coffre de toit prime en GRP par Mobila","description":"Mobila GmbH produces premium roof boxes skiboxes &amp; Surf boxes","potentialAction":[{"@type":"SearchAction","target":{"@type":"EntryPoint","urlTemplate":"https:\/\/surfbox.de\/?s={search_term_string}"},"query-input":"required name=search_term_string"}],"inLanguage":"fr-FR"},{"@type":"ImageObject","@id":"https:\/\/surfbox.de\/fr\/coffres-de-toit-shop\/pieces-de-rechange-pour-coffres-de-toit\/kit_de_montage_avec_pince_en_u\/#primaryimage","inLanguage":"fr-FR","url":"https:\/\/surfbox.de\/wp-content\/uploads\/2016\/03\/20200827_165727.jpg","contentUrl":"https:\/\/surfbox.de\/wp-content\/uploads\/2016\/03\/20200827_165727.jpg","width":4032,"height":2268},{"@type":"WebPage","@id":"https:\/\/surfbox.de\/fr\/coffres-de-toit-shop\/pieces-de-rechange-pour-coffres-de-toit\/kit_de_montage_avec_pince_en_u\/#webpage","url":"https:\/\/surfbox.de\/fr\/coffres-de-toit-shop\/pieces-de-rechange-pour-coffres-de-toit\/kit_de_montage_avec_pince_en_u\/","name":"Kit de montage avec pince en U (acier inoxydable) 8.7x7 cm (branches int\u00e9rieur) - Coffre de toit prime en GRP par Mobila","isPartOf":{"@id":"https:\/\/surfbox.de\/#website"},"primaryImageOfPage":{"@id":"https:\/\/surfbox.de\/fr\/coffres-de-toit-shop\/pieces-de-rechange-pour-coffres-de-toit\/kit_de_montage_avec_pince_en_u\/#primaryimage"},"datePublished":"2016-03-01T13:02:25+00:00","dateModified":"2021-07-06T10:07:27+00:00","description":"In unserem Shop finden Sie hochwertige Dachboxen in edlem Design. Sie sind Windkanal getestet und Verbrauchs sparend. F\u00fcr Camping, Wasser- und Wintersport uvm. Qualit\u00e4t seit 1989.","breadcrumb":{"@id":"https:\/\/surfbox.de\/fr\/coffres-de-toit-shop\/pieces-de-rechange-pour-coffres-de-toit\/kit_de_montage_avec_pince_en_u\/#breadcrumb"},"inLanguage":"fr-FR","potentialAction":[{"@type":"ReadAction","target":["https:\/\/surfbox.de\/fr\/coffres-de-toit-shop\/pieces-de-rechange-pour-coffres-de-toit\/kit_de_montage_avec_pince_en_u\/"]}]},{"@type":"BreadcrumbList","@id":"https:\/\/surfbox.de\/fr\/coffres-de-toit-shop\/pieces-de-rechange-pour-coffres-de-toit\/kit_de_montage_avec_pince_en_u\/#breadcrumb","itemListElement":[{"@type":"ListItem","position":1,"name":"Home","item":"https:\/\/surfbox.de\/fr\/"},{"@type":"ListItem","position":2,"name":"Boutique","item":"https:\/\/surfbox.de\/fr\/boutique\/"},{"@type":"ListItem","position":3,"name":"Kit de montage avec pince en U (acier inoxydable) 8.7&#215;7 cm (branches int\u00e9rieur)7 &times; 8.7 &times; 0.6 cm"}]}]}},"_links":{"self":[{"href":"https:\/\/surfbox.de\/fr\/wp-json\/wp\/v2\/product\/42586"}],"collection":[{"href":"https:\/\/surfbox.de\/fr\/wp-json\/wp\/v2\/product"}],"about":[{"href":"https:\/\/surfbox.de\/fr\/wp-json\/wp\/v2\/types\/product"}],"replies":[{"embeddable":true,"href":"https:\/\/surfbox.de\/fr\/wp-json\/wp\/v2\/comments?post=42586"}],"wp:featuredmedia":[{"embeddable":true,"href":"https:\/\/surfbox.de\/fr\/wp-json\/wp\/v2\/media\/78388"}],"wp:attachment":[{"href":"https:\/\/surfbox.de\/fr\/wp-json\/wp\/v2\/media?parent=42586"}],"wp:term":[{"taxonomy":"product_cat","embeddable":true,"href":"https:\/\/surfbox.de\/fr\/wp-json\/wp\/v2\/product_cat?post=42586"},{"taxonomy":"product_tag","embeddable":true,"href":"https:\/\/surfbox.de\/fr\/wp-json\/wp\/v2\/product_tag?post=42586"}],"curies":[{"name":"wp","href":"https:\/\/api.w.org\/{rel}","templated":true}]}}