
{"id":42661,"date":"2014-05-19T13:18:16","date_gmt":"2014-05-19T11:18:16","guid":{"rendered":"https:\/\/surfbox.de\/roof-boxes-shop\/uncategorized\/gasdruckdaempfer-150n-2\/"},"modified":"2021-07-21T19:10:01","modified_gmt":"2021-07-21T17:10:01","slug":"verin-a-gaz-150n-coffre-de-surf","status":"publish","type":"product","link":"https:\/\/surfbox.de\/fr\/coffres-de-toit-shop\/pieces-de-rechange-pour-coffres-de-toit\/verin-a-gaz-150n-coffre-de-surf\/","title":{"rendered":"Verin \u00e0 gaz 150N (coffre de surf)"},"content":{"rendered":"<p><strong>Ce v\u00e9rin \u00e0 gaz est une pi\u00e8ce de rechange pour nos coffres de surf d&rsquo;une longueur &gt;250 cm. Il est facile de changer contre l&rsquo;ancien.<\/strong><\/p>\n<p><strong>puissance: 150N<\/strong><br \/>\n<strong>longueur totale: env. 42 cm<\/strong><br \/>\n<strong>diam\u00e8tre du cylindre: env. 1,7 cm<\/strong><br \/>\n<strong>course de la suspension: env. 15,8 cm<\/strong><br \/>\n<strong>diam\u00e8tre des points de fixation: env. 8 mm, pour filetage M8<\/strong><br \/>\n<strong>distance des points de fixation: env. 40,5 cm<\/strong><br \/>\n<strong>adapt\u00e9 \u00e0 nos coffres de surf\u00a0<\/strong><\/p>\n<p><strong>Contenu de la livraison: amortisseur de pression de gaz 1 pi\u00e8ce<\/strong><\/p>\n<p><strong>Veuillez comparer les mesures propos\u00e9es avec vos souhaits.<\/strong><\/p>\n","protected":false},"excerpt":{"rendered":"<p>Ce v\u00e9rin \u00e0 gaz est une pi\u00e8ce de rechange pour nos coffres de surf d&rsquo;une longueur &gt;250 cm. Il est facile de changer contre l&rsquo;ancien. puissance: 150N longueur totale: env. 42 cm diam\u00e8tre du cylindre: env. 1,7 cm course de la suspension: env. 15,8 cm diam\u00e8tre des points de fixation: env. 8 mm, pour filetage&hellip;<\/p>\n","protected":false},"featured_media":78484,"comment_status":"closed","ping_status":"closed","template":"","meta":[],"product_cat":[193,208],"product_tag":[],"yoast_head":"<!-- This site is optimized with the Yoast SEO plugin v17.9 - https:\/\/yoast.com\/wordpress\/plugins\/seo\/ -->\n<title>Verin \u00e0 gaz 150N (coffre de surf) - Coffre de toit prime en GRP par Mobila<\/title>\n<meta name=\"description\" content=\"In unserem Shop finden Sie hochwertige Dachboxen in edlem Design. Sie sind Windkanal getestet und Verbrauchs sparend. F\u00fcr Camping, Wasser- und Wintersport uvm. Qualit\u00e4t seit 1989.\" \/>\n<meta name=\"robots\" content=\"index, follow, max-snippet:-1, max-image-preview:large, max-video-preview:-1\" \/>\n<link rel=\"canonical\" href=\"https:\/\/surfbox.de\/fr\/coffres-de-toit-shop\/pieces-de-rechange-pour-coffres-de-toit\/verin-a-gaz-150n-coffre-de-surf\/\" \/>\n<meta property=\"og:locale\" content=\"fr_FR\" \/>\n<meta property=\"og:type\" content=\"article\" \/>\n<meta property=\"og:title\" content=\"Verin \u00e0 gaz 150N (coffre de surf) - Coffre de toit prime en GRP par Mobila\" \/>\n<meta property=\"og:description\" content=\"In unserem Shop finden Sie hochwertige Dachboxen in edlem Design. Sie sind Windkanal getestet und Verbrauchs sparend. F\u00fcr Camping, Wasser- und Wintersport uvm. Qualit\u00e4t seit 1989.\" \/>\n<meta property=\"og:url\" content=\"https:\/\/surfbox.de\/fr\/coffres-de-toit-shop\/pieces-de-rechange-pour-coffres-de-toit\/verin-a-gaz-150n-coffre-de-surf\/\" \/>\n<meta property=\"og:site_name\" content=\"Coffre de toit prime en GRP par Mobila\" \/>\n<meta property=\"article:modified_time\" content=\"2021-07-21T17:10:01+00:00\" \/>\n<meta property=\"og:image\" content=\"https:\/\/surfbox.de\/wp-content\/uploads\/2014\/05\/20200828_121017-1-1024x576.jpg\" \/>\n\t<meta property=\"og:image:width\" content=\"1024\" \/>\n\t<meta property=\"og:image:height\" content=\"576\" \/>\n\t<meta property=\"og:image:type\" content=\"image\/jpeg\" \/>\n<meta name=\"twitter:label1\" content=\"Prix\" \/>\n\t<meta name=\"twitter:data1\" content=\"35,00&nbsp;&euro;\" \/>\n\t<meta name=\"twitter:label2\" content=\"Availability\" \/>\n\t<meta name=\"twitter:data2\" content=\"In stock\" \/>\n<script type=\"application\/ld+json\" class=\"yoast-schema-graph\">{\"@context\":\"https:\/\/schema.org\",\"@graph\":[{\"@type\":\"WebSite\",\"@id\":\"https:\/\/surfbox.de\/#website\",\"url\":\"https:\/\/surfbox.de\/\",\"name\":\"Coffre de toit prime en GRP par Mobila\",\"description\":\"Mobila GmbH produces premium roof boxes skiboxes &amp; Surf boxes\",\"potentialAction\":[{\"@type\":\"SearchAction\",\"target\":{\"@type\":\"EntryPoint\",\"urlTemplate\":\"https:\/\/surfbox.de\/?s={search_term_string}\"},\"query-input\":\"required name=search_term_string\"}],\"inLanguage\":\"fr-FR\"},{\"@type\":\"ImageObject\",\"@id\":\"https:\/\/surfbox.de\/fr\/coffres-de-toit-shop\/pieces-de-rechange-pour-coffres-de-toit\/verin-a-gaz-150n-coffre-de-surf\/#primaryimage\",\"inLanguage\":\"fr-FR\",\"url\":\"https:\/\/surfbox.de\/wp-content\/uploads\/2014\/05\/20200828_121017-1.jpg\",\"contentUrl\":\"https:\/\/surfbox.de\/wp-content\/uploads\/2014\/05\/20200828_121017-1.jpg\",\"width\":4032,\"height\":2268},{\"@type\":\"WebPage\",\"@id\":\"https:\/\/surfbox.de\/fr\/coffres-de-toit-shop\/pieces-de-rechange-pour-coffres-de-toit\/verin-a-gaz-150n-coffre-de-surf\/#webpage\",\"url\":\"https:\/\/surfbox.de\/fr\/coffres-de-toit-shop\/pieces-de-rechange-pour-coffres-de-toit\/verin-a-gaz-150n-coffre-de-surf\/\",\"name\":\"Verin \\u00e0 gaz 150N (coffre de surf) - Coffre de toit prime en GRP par Mobila\",\"isPartOf\":{\"@id\":\"https:\/\/surfbox.de\/#website\"},\"primaryImageOfPage\":{\"@id\":\"https:\/\/surfbox.de\/fr\/coffres-de-toit-shop\/pieces-de-rechange-pour-coffres-de-toit\/verin-a-gaz-150n-coffre-de-surf\/#primaryimage\"},\"datePublished\":\"2014-05-19T11:18:16+00:00\",\"dateModified\":\"2021-07-21T17:10:01+00:00\",\"description\":\"In unserem Shop finden Sie hochwertige Dachboxen in edlem Design. Sie sind Windkanal getestet und Verbrauchs sparend. F\\u00fcr Camping, Wasser- und Wintersport uvm. Qualit\\u00e4t seit 1989.\",\"breadcrumb\":{\"@id\":\"https:\/\/surfbox.de\/fr\/coffres-de-toit-shop\/pieces-de-rechange-pour-coffres-de-toit\/verin-a-gaz-150n-coffre-de-surf\/#breadcrumb\"},\"inLanguage\":\"fr-FR\",\"potentialAction\":[{\"@type\":\"ReadAction\",\"target\":[\"https:\/\/surfbox.de\/fr\/coffres-de-toit-shop\/pieces-de-rechange-pour-coffres-de-toit\/verin-a-gaz-150n-coffre-de-surf\/\"]}]},{\"@type\":\"BreadcrumbList\",\"@id\":\"https:\/\/surfbox.de\/fr\/coffres-de-toit-shop\/pieces-de-rechange-pour-coffres-de-toit\/verin-a-gaz-150n-coffre-de-surf\/#breadcrumb\",\"itemListElement\":[{\"@type\":\"ListItem\",\"position\":1,\"name\":\"Home\",\"item\":\"https:\/\/surfbox.de\/fr\/\"},{\"@type\":\"ListItem\",\"position\":2,\"name\":\"Boutique\",\"item\":\"https:\/\/surfbox.de\/fr\/boutique\/\"},{\"@type\":\"ListItem\",\"position\":3,\"name\":\"Verin \\u00e0 gaz 150N (coffre de surf)42 &times; 2 &times; 2 cm\"}]}]}<\/script>\n<!-- \/ Yoast SEO plugin. -->","yoast_head_json":{"title":"Verin \u00e0 gaz 150N (coffre de surf) - Coffre de toit prime en GRP par Mobila","description":"In unserem Shop finden Sie hochwertige Dachboxen in edlem Design. Sie sind Windkanal getestet und Verbrauchs sparend. F\u00fcr Camping, Wasser- und Wintersport uvm. Qualit\u00e4t seit 1989.","robots":{"index":"index","follow":"follow","max-snippet":"max-snippet:-1","max-image-preview":"max-image-preview:large","max-video-preview":"max-video-preview:-1"},"canonical":"https:\/\/surfbox.de\/fr\/coffres-de-toit-shop\/pieces-de-rechange-pour-coffres-de-toit\/verin-a-gaz-150n-coffre-de-surf\/","og_locale":"fr_FR","og_type":"article","og_title":"Verin \u00e0 gaz 150N (coffre de surf) - Coffre de toit prime en GRP par Mobila","og_description":"In unserem Shop finden Sie hochwertige Dachboxen in edlem Design. Sie sind Windkanal getestet und Verbrauchs sparend. F\u00fcr Camping, Wasser- und Wintersport uvm. Qualit\u00e4t seit 1989.","og_url":"https:\/\/surfbox.de\/fr\/coffres-de-toit-shop\/pieces-de-rechange-pour-coffres-de-toit\/verin-a-gaz-150n-coffre-de-surf\/","og_site_name":"Coffre de toit prime en GRP par Mobila","article_modified_time":"2021-07-21T17:10:01+00:00","og_image":[{"width":1024,"height":576,"url":"https:\/\/surfbox.de\/wp-content\/uploads\/2014\/05\/20200828_121017-1-1024x576.jpg","type":"image\/jpeg"}],"twitter_misc":{"Prix":"35,00&nbsp;&euro;","Availability":"In stock"},"schema":{"@context":"https:\/\/schema.org","@graph":[{"@type":"WebSite","@id":"https:\/\/surfbox.de\/#website","url":"https:\/\/surfbox.de\/","name":"Coffre de toit prime en GRP par Mobila","description":"Mobila GmbH produces premium roof boxes skiboxes &amp; Surf boxes","potentialAction":[{"@type":"SearchAction","target":{"@type":"EntryPoint","urlTemplate":"https:\/\/surfbox.de\/?s={search_term_string}"},"query-input":"required name=search_term_string"}],"inLanguage":"fr-FR"},{"@type":"ImageObject","@id":"https:\/\/surfbox.de\/fr\/coffres-de-toit-shop\/pieces-de-rechange-pour-coffres-de-toit\/verin-a-gaz-150n-coffre-de-surf\/#primaryimage","inLanguage":"fr-FR","url":"https:\/\/surfbox.de\/wp-content\/uploads\/2014\/05\/20200828_121017-1.jpg","contentUrl":"https:\/\/surfbox.de\/wp-content\/uploads\/2014\/05\/20200828_121017-1.jpg","width":4032,"height":2268},{"@type":"WebPage","@id":"https:\/\/surfbox.de\/fr\/coffres-de-toit-shop\/pieces-de-rechange-pour-coffres-de-toit\/verin-a-gaz-150n-coffre-de-surf\/#webpage","url":"https:\/\/surfbox.de\/fr\/coffres-de-toit-shop\/pieces-de-rechange-pour-coffres-de-toit\/verin-a-gaz-150n-coffre-de-surf\/","name":"Verin \u00e0 gaz 150N (coffre de surf) - Coffre de toit prime en GRP par Mobila","isPartOf":{"@id":"https:\/\/surfbox.de\/#website"},"primaryImageOfPage":{"@id":"https:\/\/surfbox.de\/fr\/coffres-de-toit-shop\/pieces-de-rechange-pour-coffres-de-toit\/verin-a-gaz-150n-coffre-de-surf\/#primaryimage"},"datePublished":"2014-05-19T11:18:16+00:00","dateModified":"2021-07-21T17:10:01+00:00","description":"In unserem Shop finden Sie hochwertige Dachboxen in edlem Design. Sie sind Windkanal getestet und Verbrauchs sparend. F\u00fcr Camping, Wasser- und Wintersport uvm. Qualit\u00e4t seit 1989.","breadcrumb":{"@id":"https:\/\/surfbox.de\/fr\/coffres-de-toit-shop\/pieces-de-rechange-pour-coffres-de-toit\/verin-a-gaz-150n-coffre-de-surf\/#breadcrumb"},"inLanguage":"fr-FR","potentialAction":[{"@type":"ReadAction","target":["https:\/\/surfbox.de\/fr\/coffres-de-toit-shop\/pieces-de-rechange-pour-coffres-de-toit\/verin-a-gaz-150n-coffre-de-surf\/"]}]},{"@type":"BreadcrumbList","@id":"https:\/\/surfbox.de\/fr\/coffres-de-toit-shop\/pieces-de-rechange-pour-coffres-de-toit\/verin-a-gaz-150n-coffre-de-surf\/#breadcrumb","itemListElement":[{"@type":"ListItem","position":1,"name":"Home","item":"https:\/\/surfbox.de\/fr\/"},{"@type":"ListItem","position":2,"name":"Boutique","item":"https:\/\/surfbox.de\/fr\/boutique\/"},{"@type":"ListItem","position":3,"name":"Verin \u00e0 gaz 150N (coffre de surf)42 &times; 2 &times; 2 cm"}]}]}},"_links":{"self":[{"href":"https:\/\/surfbox.de\/fr\/wp-json\/wp\/v2\/product\/42661"}],"collection":[{"href":"https:\/\/surfbox.de\/fr\/wp-json\/wp\/v2\/product"}],"about":[{"href":"https:\/\/surfbox.de\/fr\/wp-json\/wp\/v2\/types\/product"}],"replies":[{"embeddable":true,"href":"https:\/\/surfbox.de\/fr\/wp-json\/wp\/v2\/comments?post=42661"}],"wp:featuredmedia":[{"embeddable":true,"href":"https:\/\/surfbox.de\/fr\/wp-json\/wp\/v2\/media\/78484"}],"wp:attachment":[{"href":"https:\/\/surfbox.de\/fr\/wp-json\/wp\/v2\/media?parent=42661"}],"wp:term":[{"taxonomy":"product_cat","embeddable":true,"href":"https:\/\/surfbox.de\/fr\/wp-json\/wp\/v2\/product_cat?post=42661"},{"taxonomy":"product_tag","embeddable":true,"href":"https:\/\/surfbox.de\/fr\/wp-json\/wp\/v2\/product_tag?post=42661"}],"curies":[{"name":"wp","href":"https:\/\/api.w.org\/{rel}","templated":true}]}}