
{"id":45506,"date":"2014-05-19T20:51:12","date_gmt":"2014-05-19T18:51:12","guid":{"rendered":"https:\/\/surfbox.de\/roof-boxes-shop\/uncategorized\/u-buegel-breit-9x6-cm-zur-befestigung-surfboxen-und-skiboxen-2\/"},"modified":"2025-05-04T16:30:09","modified_gmt":"2025-05-04T14:30:09","slug":"u-buegel-extra-hoch-zur-befestigung-surfboxen-und-skiboxen","status":"publish","type":"product","link":"https:\/\/surfbox.de\/fr\/coffres-de-toit-shop\/pieces-de-rechange-pour-coffres-de-toit\/u-buegel-extra-hoch-zur-befestigung-surfboxen-und-skiboxen\/","title":{"rendered":"Set 4x Nirosta U-B\u00fcgel extra hoch zur Befestigung von Surfboxen und Skiboxen"},"content":{"rendered":"<h1><strong>Achtung!<\/strong><br \/>\nSonder-Mass: ca. 8,7 cm breit und ca. 10 cm hoch (Innenmass)<\/h1>\n<p>Diese U-B\u00fcgel werden in der Regel ben\u00f6tigt f\u00fcr Nicht-Standard-Tr\u00e4ger, die h\u00f6her als 5 cm sind z.B. beim Wohnmobil, oder wenn die Dachbox h\u00f6her aufliegen muss.<\/p>\n<p>Die hier angebotenen U-B\u00fcgel dienen zur Befestigung unserer Surf- und Dachboxen. Sie ben\u00f6tigen zus\u00e4tzlich passende Standard-Platten und Fl\u00fcgelschrauben. Diese sind regul\u00e4r bei der Lieferung einer Dachbox dabei.<\/p>\n<p>Set mit 4 Stck. U-B\u00fcgeln<\/p>\n<p><b>Bitte vergleichen Sie die Ma\u00dfe mit den von Ihnen ben\u00f6tigten. <\/b><\/p>\n","protected":false},"excerpt":{"rendered":"<p>Achtung! Sonder-Mass: ca. 8,7 cm breit und ca. 10 cm hoch (Innenmass) Diese U-B\u00fcgel werden in der Regel ben\u00f6tigt f\u00fcr Nicht-Standard-Tr\u00e4ger, die h\u00f6her als 5 cm sind z.B. beim Wohnmobil, oder wenn die Dachbox h\u00f6her aufliegen muss. Die hier angebotenen U-B\u00fcgel dienen zur Befestigung unserer Surf- und Dachboxen. Sie ben\u00f6tigen zus\u00e4tzlich passende Standard-Platten und Fl\u00fcgelschrauben.&hellip;<\/p>\n","protected":false},"featured_media":16877,"comment_status":"closed","ping_status":"closed","template":"","meta":[],"product_cat":[193,208],"product_tag":[],"yoast_head":"<!-- This site is optimized with the Yoast SEO plugin v17.9 - https:\/\/yoast.com\/wordpress\/plugins\/seo\/ -->\n<title>Set 4x Nirosta U-B\u00fcgel extra hoch zur Befestigung von Surfboxen und Skiboxen - Coffre de toit prime en GRP par Mobila<\/title>\n<meta name=\"description\" content=\"In unserem Shop finden Sie hochwertige Dachboxen in edlem Design. Sie sind Windkanal getestet und Verbrauchs sparend. F\u00fcr Camping, Wasser- und Wintersport uvm. Qualit\u00e4t seit 1989.\" \/>\n<meta name=\"robots\" content=\"index, follow, max-snippet:-1, max-image-preview:large, max-video-preview:-1\" \/>\n<link rel=\"canonical\" href=\"https:\/\/surfbox.de\/fr\/coffres-de-toit-shop\/pieces-de-rechange-pour-coffres-de-toit\/u-buegel-extra-hoch-zur-befestigung-surfboxen-und-skiboxen\/\" \/>\n<meta property=\"og:locale\" content=\"fr_FR\" \/>\n<meta property=\"og:type\" content=\"article\" \/>\n<meta property=\"og:title\" content=\"Set 4x Nirosta U-B\u00fcgel extra hoch zur Befestigung von Surfboxen und Skiboxen - Coffre de toit prime en GRP par Mobila\" \/>\n<meta property=\"og:description\" content=\"In unserem Shop finden Sie hochwertige Dachboxen in edlem Design. Sie sind Windkanal getestet und Verbrauchs sparend. F\u00fcr Camping, Wasser- und Wintersport uvm. Qualit\u00e4t seit 1989.\" \/>\n<meta property=\"og:url\" content=\"https:\/\/surfbox.de\/fr\/coffres-de-toit-shop\/pieces-de-rechange-pour-coffres-de-toit\/u-buegel-extra-hoch-zur-befestigung-surfboxen-und-skiboxen\/\" \/>\n<meta property=\"og:site_name\" content=\"Coffre de toit prime en GRP par Mobila\" \/>\n<meta property=\"article:modified_time\" content=\"2025-05-04T14:30:09+00:00\" \/>\n<meta property=\"og:image\" content=\"https:\/\/surfbox.de\/wp-content\/uploads\/2014\/05\/ar_261.jpg\" \/>\n\t<meta property=\"og:image:width\" content=\"400\" \/>\n\t<meta property=\"og:image:height\" content=\"296\" \/>\n\t<meta property=\"og:image:type\" content=\"image\/jpeg\" \/>\n<meta name=\"twitter:label1\" content=\"Prix\" \/>\n\t<meta name=\"twitter:data1\" content=\"40,00&nbsp;&euro;\" \/>\n\t<meta name=\"twitter:label2\" content=\"Availability\" \/>\n\t<meta name=\"twitter:data2\" content=\"In stock\" \/>\n<script type=\"application\/ld+json\" class=\"yoast-schema-graph\">{\"@context\":\"https:\/\/schema.org\",\"@graph\":[{\"@type\":\"WebSite\",\"@id\":\"https:\/\/surfbox.de\/#website\",\"url\":\"https:\/\/surfbox.de\/\",\"name\":\"Coffre de toit prime en GRP par Mobila\",\"description\":\"Mobila GmbH produces premium roof boxes skiboxes &amp; Surf boxes\",\"potentialAction\":[{\"@type\":\"SearchAction\",\"target\":{\"@type\":\"EntryPoint\",\"urlTemplate\":\"https:\/\/surfbox.de\/?s={search_term_string}\"},\"query-input\":\"required name=search_term_string\"}],\"inLanguage\":\"fr-FR\"},{\"@type\":\"ImageObject\",\"@id\":\"https:\/\/surfbox.de\/fr\/coffres-de-toit-shop\/pieces-de-rechange-pour-coffres-de-toit\/u-buegel-extra-hoch-zur-befestigung-surfboxen-und-skiboxen\/#primaryimage\",\"inLanguage\":\"fr-FR\",\"url\":\"https:\/\/surfbox.de\/wp-content\/uploads\/2014\/05\/ar_261.jpg\",\"contentUrl\":\"https:\/\/surfbox.de\/wp-content\/uploads\/2014\/05\/ar_261.jpg\",\"width\":400,\"height\":296,\"caption\":\"Nirosta U-B\\u00fcgel zur Befestigung von Surfboxen und Skiboxen passed f\\u00fcr die Dachboxen von &copy; surfbox.de\"},{\"@type\":\"WebPage\",\"@id\":\"https:\/\/surfbox.de\/fr\/coffres-de-toit-shop\/pieces-de-rechange-pour-coffres-de-toit\/u-buegel-extra-hoch-zur-befestigung-surfboxen-und-skiboxen\/#webpage\",\"url\":\"https:\/\/surfbox.de\/fr\/coffres-de-toit-shop\/pieces-de-rechange-pour-coffres-de-toit\/u-buegel-extra-hoch-zur-befestigung-surfboxen-und-skiboxen\/\",\"name\":\"Set 4x Nirosta U-B\\u00fcgel extra hoch zur Befestigung von Surfboxen und Skiboxen - Coffre de toit prime en GRP par Mobila\",\"isPartOf\":{\"@id\":\"https:\/\/surfbox.de\/#website\"},\"primaryImageOfPage\":{\"@id\":\"https:\/\/surfbox.de\/fr\/coffres-de-toit-shop\/pieces-de-rechange-pour-coffres-de-toit\/u-buegel-extra-hoch-zur-befestigung-surfboxen-und-skiboxen\/#primaryimage\"},\"datePublished\":\"2014-05-19T18:51:12+00:00\",\"dateModified\":\"2025-05-04T14:30:09+00:00\",\"description\":\"In unserem Shop finden Sie hochwertige Dachboxen in edlem Design. Sie sind Windkanal getestet und Verbrauchs sparend. F\\u00fcr Camping, Wasser- und Wintersport uvm. Qualit\\u00e4t seit 1989.\",\"breadcrumb\":{\"@id\":\"https:\/\/surfbox.de\/fr\/coffres-de-toit-shop\/pieces-de-rechange-pour-coffres-de-toit\/u-buegel-extra-hoch-zur-befestigung-surfboxen-und-skiboxen\/#breadcrumb\"},\"inLanguage\":\"fr-FR\",\"potentialAction\":[{\"@type\":\"ReadAction\",\"target\":[\"https:\/\/surfbox.de\/fr\/coffres-de-toit-shop\/pieces-de-rechange-pour-coffres-de-toit\/u-buegel-extra-hoch-zur-befestigung-surfboxen-und-skiboxen\/\"]}]},{\"@type\":\"BreadcrumbList\",\"@id\":\"https:\/\/surfbox.de\/fr\/coffres-de-toit-shop\/pieces-de-rechange-pour-coffres-de-toit\/u-buegel-extra-hoch-zur-befestigung-surfboxen-und-skiboxen\/#breadcrumb\",\"itemListElement\":[{\"@type\":\"ListItem\",\"position\":1,\"name\":\"Home\",\"item\":\"https:\/\/surfbox.de\/fr\/\"},{\"@type\":\"ListItem\",\"position\":2,\"name\":\"Boutique\",\"item\":\"https:\/\/surfbox.de\/fr\/boutique\/\"},{\"@type\":\"ListItem\",\"position\":3,\"name\":\"Set 4x Nirosta U-B\\u00fcgel extra hoch zur Befestigung von Surfboxen und Skiboxen\"}]}]}<\/script>\n<!-- \/ Yoast SEO plugin. -->","yoast_head_json":{"title":"Set 4x Nirosta U-B\u00fcgel extra hoch zur Befestigung von Surfboxen und Skiboxen - Coffre de toit prime en GRP par Mobila","description":"In unserem Shop finden Sie hochwertige Dachboxen in edlem Design. Sie sind Windkanal getestet und Verbrauchs sparend. F\u00fcr Camping, Wasser- und Wintersport uvm. Qualit\u00e4t seit 1989.","robots":{"index":"index","follow":"follow","max-snippet":"max-snippet:-1","max-image-preview":"max-image-preview:large","max-video-preview":"max-video-preview:-1"},"canonical":"https:\/\/surfbox.de\/fr\/coffres-de-toit-shop\/pieces-de-rechange-pour-coffres-de-toit\/u-buegel-extra-hoch-zur-befestigung-surfboxen-und-skiboxen\/","og_locale":"fr_FR","og_type":"article","og_title":"Set 4x Nirosta U-B\u00fcgel extra hoch zur Befestigung von Surfboxen und Skiboxen - Coffre de toit prime en GRP par Mobila","og_description":"In unserem Shop finden Sie hochwertige Dachboxen in edlem Design. Sie sind Windkanal getestet und Verbrauchs sparend. F\u00fcr Camping, Wasser- und Wintersport uvm. Qualit\u00e4t seit 1989.","og_url":"https:\/\/surfbox.de\/fr\/coffres-de-toit-shop\/pieces-de-rechange-pour-coffres-de-toit\/u-buegel-extra-hoch-zur-befestigung-surfboxen-und-skiboxen\/","og_site_name":"Coffre de toit prime en GRP par Mobila","article_modified_time":"2025-05-04T14:30:09+00:00","og_image":[{"width":400,"height":296,"url":"https:\/\/surfbox.de\/wp-content\/uploads\/2014\/05\/ar_261.jpg","type":"image\/jpeg"}],"twitter_misc":{"Prix":"40,00&nbsp;&euro;","Availability":"In stock"},"schema":{"@context":"https:\/\/schema.org","@graph":[{"@type":"WebSite","@id":"https:\/\/surfbox.de\/#website","url":"https:\/\/surfbox.de\/","name":"Coffre de toit prime en GRP par Mobila","description":"Mobila GmbH produces premium roof boxes skiboxes &amp; Surf boxes","potentialAction":[{"@type":"SearchAction","target":{"@type":"EntryPoint","urlTemplate":"https:\/\/surfbox.de\/?s={search_term_string}"},"query-input":"required name=search_term_string"}],"inLanguage":"fr-FR"},{"@type":"ImageObject","@id":"https:\/\/surfbox.de\/fr\/coffres-de-toit-shop\/pieces-de-rechange-pour-coffres-de-toit\/u-buegel-extra-hoch-zur-befestigung-surfboxen-und-skiboxen\/#primaryimage","inLanguage":"fr-FR","url":"https:\/\/surfbox.de\/wp-content\/uploads\/2014\/05\/ar_261.jpg","contentUrl":"https:\/\/surfbox.de\/wp-content\/uploads\/2014\/05\/ar_261.jpg","width":400,"height":296,"caption":"Nirosta U-B\u00fcgel zur Befestigung von Surfboxen und Skiboxen passed f\u00fcr die Dachboxen von &copy; surfbox.de"},{"@type":"WebPage","@id":"https:\/\/surfbox.de\/fr\/coffres-de-toit-shop\/pieces-de-rechange-pour-coffres-de-toit\/u-buegel-extra-hoch-zur-befestigung-surfboxen-und-skiboxen\/#webpage","url":"https:\/\/surfbox.de\/fr\/coffres-de-toit-shop\/pieces-de-rechange-pour-coffres-de-toit\/u-buegel-extra-hoch-zur-befestigung-surfboxen-und-skiboxen\/","name":"Set 4x Nirosta U-B\u00fcgel extra hoch zur Befestigung von Surfboxen und Skiboxen - Coffre de toit prime en GRP par Mobila","isPartOf":{"@id":"https:\/\/surfbox.de\/#website"},"primaryImageOfPage":{"@id":"https:\/\/surfbox.de\/fr\/coffres-de-toit-shop\/pieces-de-rechange-pour-coffres-de-toit\/u-buegel-extra-hoch-zur-befestigung-surfboxen-und-skiboxen\/#primaryimage"},"datePublished":"2014-05-19T18:51:12+00:00","dateModified":"2025-05-04T14:30:09+00:00","description":"In unserem Shop finden Sie hochwertige Dachboxen in edlem Design. Sie sind Windkanal getestet und Verbrauchs sparend. F\u00fcr Camping, Wasser- und Wintersport uvm. Qualit\u00e4t seit 1989.","breadcrumb":{"@id":"https:\/\/surfbox.de\/fr\/coffres-de-toit-shop\/pieces-de-rechange-pour-coffres-de-toit\/u-buegel-extra-hoch-zur-befestigung-surfboxen-und-skiboxen\/#breadcrumb"},"inLanguage":"fr-FR","potentialAction":[{"@type":"ReadAction","target":["https:\/\/surfbox.de\/fr\/coffres-de-toit-shop\/pieces-de-rechange-pour-coffres-de-toit\/u-buegel-extra-hoch-zur-befestigung-surfboxen-und-skiboxen\/"]}]},{"@type":"BreadcrumbList","@id":"https:\/\/surfbox.de\/fr\/coffres-de-toit-shop\/pieces-de-rechange-pour-coffres-de-toit\/u-buegel-extra-hoch-zur-befestigung-surfboxen-und-skiboxen\/#breadcrumb","itemListElement":[{"@type":"ListItem","position":1,"name":"Home","item":"https:\/\/surfbox.de\/fr\/"},{"@type":"ListItem","position":2,"name":"Boutique","item":"https:\/\/surfbox.de\/fr\/boutique\/"},{"@type":"ListItem","position":3,"name":"Set 4x Nirosta U-B\u00fcgel extra hoch zur Befestigung von Surfboxen und Skiboxen"}]}]}},"_links":{"self":[{"href":"https:\/\/surfbox.de\/fr\/wp-json\/wp\/v2\/product\/45506"}],"collection":[{"href":"https:\/\/surfbox.de\/fr\/wp-json\/wp\/v2\/product"}],"about":[{"href":"https:\/\/surfbox.de\/fr\/wp-json\/wp\/v2\/types\/product"}],"replies":[{"embeddable":true,"href":"https:\/\/surfbox.de\/fr\/wp-json\/wp\/v2\/comments?post=45506"}],"wp:featuredmedia":[{"embeddable":true,"href":"https:\/\/surfbox.de\/fr\/wp-json\/wp\/v2\/media\/16877"}],"wp:attachment":[{"href":"https:\/\/surfbox.de\/fr\/wp-json\/wp\/v2\/media?parent=45506"}],"wp:term":[{"taxonomy":"product_cat","embeddable":true,"href":"https:\/\/surfbox.de\/fr\/wp-json\/wp\/v2\/product_cat?post=45506"},{"taxonomy":"product_tag","embeddable":true,"href":"https:\/\/surfbox.de\/fr\/wp-json\/wp\/v2\/product_tag?post=45506"}],"curies":[{"name":"wp","href":"https:\/\/api.w.org\/{rel}","templated":true}]}}