
{"id":78545,"date":"2016-02-25T15:26:33","date_gmt":"2020-09-02T10:04:45","guid":{"rendered":"https:\/\/surfbox.de\/?post_type=product&#038;p=78545"},"modified":"2021-08-08T12:54:06","modified_gmt":"2021-08-08T10:54:06","slug":"eckla-support-mural-pour-votre-coffre-de-toit","status":"publish","type":"product","link":"https:\/\/surfbox.de\/fr\/coffres-de-toit-shop\/accessoires-fr\/eckla-support-mural-pour-votre-coffre-de-toit\/","title":{"rendered":"Eckla Support mural pour votre coffre de toit"},"content":{"rendered":"<ol>\n<li id=\"tw-target-text\" class=\"tw-data-text tw-text-large XcVN5d tw-ta\" dir=\"ltr\" data-placeholder=\"\u00dcbersetzung\"><span lang=\"fr\" tabindex=\"-1\">Support mural pour une conservation facile de votre coffre de toit. Montage facile et manipulation simple Fixez simplement votre coffre de toit vide au mur. <strong>Vos avantages pour les coffres de toit jusqu&rsquo;\u00e0 env. 30 kg:<\/strong> assembl\u00e9 rapidement et facilement manipulation simple bonnes options de stockage r\u00e9glable en continu de 25 \u00e0 45 cm Contenu de la livraison: 1 paire de supports muraux Eckla, mat\u00e9riel de fixation<\/span><\/li>\n<\/ol>\n","protected":false},"excerpt":{"rendered":"<p>Support mural pour une conservation facile de votre coffre de toit. Montage facile et manipulation simple Fixez simplement votre coffre de toit vide au mur. Vos avantages pour les coffres de toit jusqu&rsquo;\u00e0 env. 30 kg: assembl\u00e9 rapidement et facilement manipulation simple bonnes options de stockage r\u00e9glable en continu de 25 \u00e0 45 cm Contenu&hellip;<\/p>\n","protected":false},"featured_media":78126,"comment_status":"closed","ping_status":"closed","template":"","meta":[],"product_cat":[208],"product_tag":[],"yoast_head":"<!-- This site is optimized with the Yoast SEO plugin v17.9 - https:\/\/yoast.com\/wordpress\/plugins\/seo\/ -->\n<title>Eckla Support mural pour votre coffre de toit - Coffre de toit prime en GRP par Mobila<\/title>\n<meta name=\"description\" content=\"In unserem Shop finden Sie hochwertige Dachboxen in edlem Design. Sie sind Windkanal getestet und Verbrauchs sparend. F\u00fcr Camping, Wasser- und Wintersport uvm. Qualit\u00e4t seit 1989.\" \/>\n<meta name=\"robots\" content=\"index, follow, max-snippet:-1, max-image-preview:large, max-video-preview:-1\" \/>\n<link rel=\"canonical\" href=\"https:\/\/surfbox.de\/fr\/coffres-de-toit-shop\/accessoires-fr\/eckla-support-mural-pour-votre-coffre-de-toit\/\" \/>\n<meta property=\"og:locale\" content=\"fr_FR\" \/>\n<meta property=\"og:type\" content=\"article\" \/>\n<meta property=\"og:title\" content=\"Eckla Support mural pour votre coffre de toit - Coffre de toit prime en GRP par Mobila\" \/>\n<meta property=\"og:description\" content=\"In unserem Shop finden Sie hochwertige Dachboxen in edlem Design. Sie sind Windkanal getestet und Verbrauchs sparend. F\u00fcr Camping, Wasser- und Wintersport uvm. Qualit\u00e4t seit 1989.\" \/>\n<meta property=\"og:url\" content=\"https:\/\/surfbox.de\/fr\/coffres-de-toit-shop\/accessoires-fr\/eckla-support-mural-pour-votre-coffre-de-toit\/\" \/>\n<meta property=\"og:site_name\" content=\"Coffre de toit prime en GRP par Mobila\" \/>\n<meta property=\"article:modified_time\" content=\"2021-08-08T10:54:06+00:00\" \/>\n<meta property=\"og:image\" content=\"https:\/\/surfbox.de\/wp-content\/uploads\/2016\/02\/cargo-port-wandhalter-fuer-dachboxen.jpg\" \/>\n\t<meta property=\"og:image:width\" content=\"896\" \/>\n\t<meta property=\"og:image:height\" content=\"706\" \/>\n\t<meta property=\"og:image:type\" content=\"image\/jpeg\" \/>\n<meta name=\"twitter:label1\" content=\"Prix\" \/>\n\t<meta name=\"twitter:data1\" content=\"64,90&nbsp;&euro;\" \/>\n\t<meta name=\"twitter:label2\" content=\"Availability\" \/>\n\t<meta name=\"twitter:data2\" content=\"In stock\" \/>\n<script type=\"application\/ld+json\" class=\"yoast-schema-graph\">{\"@context\":\"https:\/\/schema.org\",\"@graph\":[{\"@type\":\"WebSite\",\"@id\":\"https:\/\/surfbox.de\/#website\",\"url\":\"https:\/\/surfbox.de\/\",\"name\":\"Coffre de toit prime en GRP par Mobila\",\"description\":\"Mobila GmbH produces premium roof boxes skiboxes &amp; Surf boxes\",\"potentialAction\":[{\"@type\":\"SearchAction\",\"target\":{\"@type\":\"EntryPoint\",\"urlTemplate\":\"https:\/\/surfbox.de\/?s={search_term_string}\"},\"query-input\":\"required name=search_term_string\"}],\"inLanguage\":\"fr-FR\"},{\"@type\":\"ImageObject\",\"@id\":\"https:\/\/surfbox.de\/fr\/coffres-de-toit-shop\/accessoires-fr\/eckla-support-mural-pour-votre-coffre-de-toit\/#primaryimage\",\"inLanguage\":\"fr-FR\",\"url\":\"https:\/\/surfbox.de\/wp-content\/uploads\/2016\/02\/cargo-port-wandhalter-fuer-dachboxen.jpg\",\"contentUrl\":\"https:\/\/surfbox.de\/wp-content\/uploads\/2016\/02\/cargo-port-wandhalter-fuer-dachboxen.jpg\",\"width\":896,\"height\":706},{\"@type\":\"WebPage\",\"@id\":\"https:\/\/surfbox.de\/fr\/coffres-de-toit-shop\/accessoires-fr\/eckla-support-mural-pour-votre-coffre-de-toit\/#webpage\",\"url\":\"https:\/\/surfbox.de\/fr\/coffres-de-toit-shop\/accessoires-fr\/eckla-support-mural-pour-votre-coffre-de-toit\/\",\"name\":\"Eckla Support mural pour votre coffre de toit - Coffre de toit prime en GRP par Mobila\",\"isPartOf\":{\"@id\":\"https:\/\/surfbox.de\/#website\"},\"primaryImageOfPage\":{\"@id\":\"https:\/\/surfbox.de\/fr\/coffres-de-toit-shop\/accessoires-fr\/eckla-support-mural-pour-votre-coffre-de-toit\/#primaryimage\"},\"datePublished\":\"2020-09-02T10:04:45+00:00\",\"dateModified\":\"2021-08-08T10:54:06+00:00\",\"description\":\"In unserem Shop finden Sie hochwertige Dachboxen in edlem Design. Sie sind Windkanal getestet und Verbrauchs sparend. F\\u00fcr Camping, Wasser- und Wintersport uvm. Qualit\\u00e4t seit 1989.\",\"breadcrumb\":{\"@id\":\"https:\/\/surfbox.de\/fr\/coffres-de-toit-shop\/accessoires-fr\/eckla-support-mural-pour-votre-coffre-de-toit\/#breadcrumb\"},\"inLanguage\":\"fr-FR\",\"potentialAction\":[{\"@type\":\"ReadAction\",\"target\":[\"https:\/\/surfbox.de\/fr\/coffres-de-toit-shop\/accessoires-fr\/eckla-support-mural-pour-votre-coffre-de-toit\/\"]}]},{\"@type\":\"BreadcrumbList\",\"@id\":\"https:\/\/surfbox.de\/fr\/coffres-de-toit-shop\/accessoires-fr\/eckla-support-mural-pour-votre-coffre-de-toit\/#breadcrumb\",\"itemListElement\":[{\"@type\":\"ListItem\",\"position\":1,\"name\":\"Home\",\"item\":\"https:\/\/surfbox.de\/fr\/\"},{\"@type\":\"ListItem\",\"position\":2,\"name\":\"Boutique\",\"item\":\"https:\/\/surfbox.de\/fr\/boutique\/\"},{\"@type\":\"ListItem\",\"position\":3,\"name\":\"Eckla Support mural pour votre coffre de toit\"}]}]}<\/script>\n<!-- \/ Yoast SEO plugin. -->","yoast_head_json":{"title":"Eckla Support mural pour votre coffre de toit - Coffre de toit prime en GRP par Mobila","description":"In unserem Shop finden Sie hochwertige Dachboxen in edlem Design. Sie sind Windkanal getestet und Verbrauchs sparend. F\u00fcr Camping, Wasser- und Wintersport uvm. Qualit\u00e4t seit 1989.","robots":{"index":"index","follow":"follow","max-snippet":"max-snippet:-1","max-image-preview":"max-image-preview:large","max-video-preview":"max-video-preview:-1"},"canonical":"https:\/\/surfbox.de\/fr\/coffres-de-toit-shop\/accessoires-fr\/eckla-support-mural-pour-votre-coffre-de-toit\/","og_locale":"fr_FR","og_type":"article","og_title":"Eckla Support mural pour votre coffre de toit - Coffre de toit prime en GRP par Mobila","og_description":"In unserem Shop finden Sie hochwertige Dachboxen in edlem Design. Sie sind Windkanal getestet und Verbrauchs sparend. F\u00fcr Camping, Wasser- und Wintersport uvm. Qualit\u00e4t seit 1989.","og_url":"https:\/\/surfbox.de\/fr\/coffres-de-toit-shop\/accessoires-fr\/eckla-support-mural-pour-votre-coffre-de-toit\/","og_site_name":"Coffre de toit prime en GRP par Mobila","article_modified_time":"2021-08-08T10:54:06+00:00","og_image":[{"width":896,"height":706,"url":"https:\/\/surfbox.de\/wp-content\/uploads\/2016\/02\/cargo-port-wandhalter-fuer-dachboxen.jpg","type":"image\/jpeg"}],"twitter_misc":{"Prix":"64,90&nbsp;&euro;","Availability":"In stock"},"schema":{"@context":"https:\/\/schema.org","@graph":[{"@type":"WebSite","@id":"https:\/\/surfbox.de\/#website","url":"https:\/\/surfbox.de\/","name":"Coffre de toit prime en GRP par Mobila","description":"Mobila GmbH produces premium roof boxes skiboxes &amp; Surf boxes","potentialAction":[{"@type":"SearchAction","target":{"@type":"EntryPoint","urlTemplate":"https:\/\/surfbox.de\/?s={search_term_string}"},"query-input":"required name=search_term_string"}],"inLanguage":"fr-FR"},{"@type":"ImageObject","@id":"https:\/\/surfbox.de\/fr\/coffres-de-toit-shop\/accessoires-fr\/eckla-support-mural-pour-votre-coffre-de-toit\/#primaryimage","inLanguage":"fr-FR","url":"https:\/\/surfbox.de\/wp-content\/uploads\/2016\/02\/cargo-port-wandhalter-fuer-dachboxen.jpg","contentUrl":"https:\/\/surfbox.de\/wp-content\/uploads\/2016\/02\/cargo-port-wandhalter-fuer-dachboxen.jpg","width":896,"height":706},{"@type":"WebPage","@id":"https:\/\/surfbox.de\/fr\/coffres-de-toit-shop\/accessoires-fr\/eckla-support-mural-pour-votre-coffre-de-toit\/#webpage","url":"https:\/\/surfbox.de\/fr\/coffres-de-toit-shop\/accessoires-fr\/eckla-support-mural-pour-votre-coffre-de-toit\/","name":"Eckla Support mural pour votre coffre de toit - Coffre de toit prime en GRP par Mobila","isPartOf":{"@id":"https:\/\/surfbox.de\/#website"},"primaryImageOfPage":{"@id":"https:\/\/surfbox.de\/fr\/coffres-de-toit-shop\/accessoires-fr\/eckla-support-mural-pour-votre-coffre-de-toit\/#primaryimage"},"datePublished":"2020-09-02T10:04:45+00:00","dateModified":"2021-08-08T10:54:06+00:00","description":"In unserem Shop finden Sie hochwertige Dachboxen in edlem Design. Sie sind Windkanal getestet und Verbrauchs sparend. F\u00fcr Camping, Wasser- und Wintersport uvm. Qualit\u00e4t seit 1989.","breadcrumb":{"@id":"https:\/\/surfbox.de\/fr\/coffres-de-toit-shop\/accessoires-fr\/eckla-support-mural-pour-votre-coffre-de-toit\/#breadcrumb"},"inLanguage":"fr-FR","potentialAction":[{"@type":"ReadAction","target":["https:\/\/surfbox.de\/fr\/coffres-de-toit-shop\/accessoires-fr\/eckla-support-mural-pour-votre-coffre-de-toit\/"]}]},{"@type":"BreadcrumbList","@id":"https:\/\/surfbox.de\/fr\/coffres-de-toit-shop\/accessoires-fr\/eckla-support-mural-pour-votre-coffre-de-toit\/#breadcrumb","itemListElement":[{"@type":"ListItem","position":1,"name":"Home","item":"https:\/\/surfbox.de\/fr\/"},{"@type":"ListItem","position":2,"name":"Boutique","item":"https:\/\/surfbox.de\/fr\/boutique\/"},{"@type":"ListItem","position":3,"name":"Eckla Support mural pour votre coffre de toit"}]}]}},"_links":{"self":[{"href":"https:\/\/surfbox.de\/fr\/wp-json\/wp\/v2\/product\/78545"}],"collection":[{"href":"https:\/\/surfbox.de\/fr\/wp-json\/wp\/v2\/product"}],"about":[{"href":"https:\/\/surfbox.de\/fr\/wp-json\/wp\/v2\/types\/product"}],"replies":[{"embeddable":true,"href":"https:\/\/surfbox.de\/fr\/wp-json\/wp\/v2\/comments?post=78545"}],"wp:featuredmedia":[{"embeddable":true,"href":"https:\/\/surfbox.de\/fr\/wp-json\/wp\/v2\/media\/78126"}],"wp:attachment":[{"href":"https:\/\/surfbox.de\/fr\/wp-json\/wp\/v2\/media?parent=78545"}],"wp:term":[{"taxonomy":"product_cat","embeddable":true,"href":"https:\/\/surfbox.de\/fr\/wp-json\/wp\/v2\/product_cat?post=78545"},{"taxonomy":"product_tag","embeddable":true,"href":"https:\/\/surfbox.de\/fr\/wp-json\/wp\/v2\/product_tag?post=78545"}],"curies":[{"name":"wp","href":"https:\/\/api.w.org\/{rel}","templated":true}]}}