
{"id":78701,"date":"2016-02-25T15:08:03","date_gmt":"2020-09-08T10:00:16","guid":{"rendered":"https:\/\/surfbox.de\/?post_type=product&#038;p=78701"},"modified":"2025-06-17T12:17:35","modified_gmt":"2025-06-17T10:17:35","slug":"un-paquet-de-caoutchouc-protecteur","status":"publish","type":"product","link":"https:\/\/surfbox.de\/fr\/coffres-de-toit-shop\/pieces-de-rechange-pour-coffres-de-toit\/un-paquet-de-caoutchouc-protecteur\/","title":{"rendered":"Un paquet de caoutchouc protecteur  ( 8 pces)"},"content":{"rendered":"<p>Prix \u200b\u200bpar set = pour 4 fentes Caoutchouc d&rsquo;\u00e9tanch\u00e9it\u00e9 pour les fentes de fixation dans le bas de nos coffres de toit et surf boxes \u00e0 coller<\/p>\n","protected":false},"excerpt":{"rendered":"<p>Prix \u200b\u200bpar set = pour 4 fentes Caoutchouc d&rsquo;\u00e9tanch\u00e9it\u00e9 pour les fentes de fixation dans le bas de nos coffres de toit et surf boxes \u00e0 coller<\/p>\n","protected":false},"featured_media":42312,"comment_status":"closed","ping_status":"closed","template":"","meta":[],"product_cat":[193,208],"product_tag":[],"yoast_head":"<!-- This site is optimized with the Yoast SEO plugin v17.9 - https:\/\/yoast.com\/wordpress\/plugins\/seo\/ -->\n<title>Un paquet de caoutchouc protecteur ( 8 pces) - Coffre de toit prime en GRP par Mobila<\/title>\n<meta name=\"description\" content=\"In unserem Shop finden Sie hochwertige Dachboxen in edlem Design. Sie sind Windkanal getestet und Verbrauchs sparend. F\u00fcr Camping, Wasser- und Wintersport uvm. Qualit\u00e4t seit 1989.\" \/>\n<meta name=\"robots\" content=\"index, follow, max-snippet:-1, max-image-preview:large, max-video-preview:-1\" \/>\n<link rel=\"canonical\" href=\"https:\/\/surfbox.de\/fr\/coffres-de-toit-shop\/pieces-de-rechange-pour-coffres-de-toit\/un-paquet-de-caoutchouc-protecteur\/\" \/>\n<meta property=\"og:locale\" content=\"fr_FR\" \/>\n<meta property=\"og:type\" content=\"article\" \/>\n<meta property=\"og:title\" content=\"Un paquet de caoutchouc protecteur ( 8 pces) - Coffre de toit prime en GRP par Mobila\" \/>\n<meta property=\"og:description\" content=\"In unserem Shop finden Sie hochwertige Dachboxen in edlem Design. Sie sind Windkanal getestet und Verbrauchs sparend. F\u00fcr Camping, Wasser- und Wintersport uvm. Qualit\u00e4t seit 1989.\" \/>\n<meta property=\"og:url\" content=\"https:\/\/surfbox.de\/fr\/coffres-de-toit-shop\/pieces-de-rechange-pour-coffres-de-toit\/un-paquet-de-caoutchouc-protecteur\/\" \/>\n<meta property=\"og:site_name\" content=\"Coffre de toit prime en GRP par Mobila\" \/>\n<meta property=\"article:modified_time\" content=\"2025-06-17T10:17:35+00:00\" \/>\n<meta name=\"twitter:label1\" content=\"Prix\" \/>\n\t<meta name=\"twitter:data1\" content=\"15,00&nbsp;&euro;\" \/>\n\t<meta name=\"twitter:label2\" content=\"Availability\" \/>\n\t<meta name=\"twitter:data2\" content=\"In stock\" \/>\n<script type=\"application\/ld+json\" class=\"yoast-schema-graph\">{\"@context\":\"https:\/\/schema.org\",\"@graph\":[{\"@type\":\"WebSite\",\"@id\":\"https:\/\/surfbox.de\/#website\",\"url\":\"https:\/\/surfbox.de\/\",\"name\":\"Coffre de toit prime en GRP par Mobila\",\"description\":\"Mobila GmbH produces premium roof boxes skiboxes &amp; Surf boxes\",\"potentialAction\":[{\"@type\":\"SearchAction\",\"target\":{\"@type\":\"EntryPoint\",\"urlTemplate\":\"https:\/\/surfbox.de\/?s={search_term_string}\"},\"query-input\":\"required name=search_term_string\"}],\"inLanguage\":\"fr-FR\"},{\"@type\":\"ImageObject\",\"@id\":\"https:\/\/surfbox.de\/fr\/coffres-de-toit-shop\/pieces-de-rechange-pour-coffres-de-toit\/un-paquet-de-caoutchouc-protecteur\/#primaryimage\",\"inLanguage\":\"fr-FR\",\"url\":\"https:\/\/surfbox.de\/wp-content\/uploads\/2016\/02\/Dichtung_Schlitz.jpg\",\"contentUrl\":\"https:\/\/surfbox.de\/wp-content\/uploads\/2016\/02\/Dichtung_Schlitz.jpg\",\"width\":1367,\"height\":768,\"caption\":\"SONY DSC\"},{\"@type\":\"WebPage\",\"@id\":\"https:\/\/surfbox.de\/fr\/coffres-de-toit-shop\/pieces-de-rechange-pour-coffres-de-toit\/un-paquet-de-caoutchouc-protecteur\/#webpage\",\"url\":\"https:\/\/surfbox.de\/fr\/coffres-de-toit-shop\/pieces-de-rechange-pour-coffres-de-toit\/un-paquet-de-caoutchouc-protecteur\/\",\"name\":\"Un paquet de caoutchouc protecteur ( 8 pces) - Coffre de toit prime en GRP par Mobila\",\"isPartOf\":{\"@id\":\"https:\/\/surfbox.de\/#website\"},\"primaryImageOfPage\":{\"@id\":\"https:\/\/surfbox.de\/fr\/coffres-de-toit-shop\/pieces-de-rechange-pour-coffres-de-toit\/un-paquet-de-caoutchouc-protecteur\/#primaryimage\"},\"datePublished\":\"2020-09-08T10:00:16+00:00\",\"dateModified\":\"2025-06-17T10:17:35+00:00\",\"description\":\"In unserem Shop finden Sie hochwertige Dachboxen in edlem Design. Sie sind Windkanal getestet und Verbrauchs sparend. F\\u00fcr Camping, Wasser- und Wintersport uvm. Qualit\\u00e4t seit 1989.\",\"breadcrumb\":{\"@id\":\"https:\/\/surfbox.de\/fr\/coffres-de-toit-shop\/pieces-de-rechange-pour-coffres-de-toit\/un-paquet-de-caoutchouc-protecteur\/#breadcrumb\"},\"inLanguage\":\"fr-FR\",\"potentialAction\":[{\"@type\":\"ReadAction\",\"target\":[\"https:\/\/surfbox.de\/fr\/coffres-de-toit-shop\/pieces-de-rechange-pour-coffres-de-toit\/un-paquet-de-caoutchouc-protecteur\/\"]}]},{\"@type\":\"BreadcrumbList\",\"@id\":\"https:\/\/surfbox.de\/fr\/coffres-de-toit-shop\/pieces-de-rechange-pour-coffres-de-toit\/un-paquet-de-caoutchouc-protecteur\/#breadcrumb\",\"itemListElement\":[{\"@type\":\"ListItem\",\"position\":1,\"name\":\"Home\",\"item\":\"https:\/\/surfbox.de\/fr\/\"},{\"@type\":\"ListItem\",\"position\":2,\"name\":\"Boutique\",\"item\":\"https:\/\/surfbox.de\/fr\/boutique\/\"},{\"@type\":\"ListItem\",\"position\":3,\"name\":\"Un paquet de caoutchouc protecteur ( 8 pces)\"}]}]}<\/script>\n<!-- \/ Yoast SEO plugin. -->","yoast_head_json":{"title":"Un paquet de caoutchouc protecteur ( 8 pces) - Coffre de toit prime en GRP par Mobila","description":"In unserem Shop finden Sie hochwertige Dachboxen in edlem Design. Sie sind Windkanal getestet und Verbrauchs sparend. F\u00fcr Camping, Wasser- und Wintersport uvm. Qualit\u00e4t seit 1989.","robots":{"index":"index","follow":"follow","max-snippet":"max-snippet:-1","max-image-preview":"max-image-preview:large","max-video-preview":"max-video-preview:-1"},"canonical":"https:\/\/surfbox.de\/fr\/coffres-de-toit-shop\/pieces-de-rechange-pour-coffres-de-toit\/un-paquet-de-caoutchouc-protecteur\/","og_locale":"fr_FR","og_type":"article","og_title":"Un paquet de caoutchouc protecteur ( 8 pces) - Coffre de toit prime en GRP par Mobila","og_description":"In unserem Shop finden Sie hochwertige Dachboxen in edlem Design. Sie sind Windkanal getestet und Verbrauchs sparend. F\u00fcr Camping, Wasser- und Wintersport uvm. Qualit\u00e4t seit 1989.","og_url":"https:\/\/surfbox.de\/fr\/coffres-de-toit-shop\/pieces-de-rechange-pour-coffres-de-toit\/un-paquet-de-caoutchouc-protecteur\/","og_site_name":"Coffre de toit prime en GRP par Mobila","article_modified_time":"2025-06-17T10:17:35+00:00","twitter_misc":{"Prix":"15,00&nbsp;&euro;","Availability":"In stock"},"schema":{"@context":"https:\/\/schema.org","@graph":[{"@type":"WebSite","@id":"https:\/\/surfbox.de\/#website","url":"https:\/\/surfbox.de\/","name":"Coffre de toit prime en GRP par Mobila","description":"Mobila GmbH produces premium roof boxes skiboxes &amp; Surf boxes","potentialAction":[{"@type":"SearchAction","target":{"@type":"EntryPoint","urlTemplate":"https:\/\/surfbox.de\/?s={search_term_string}"},"query-input":"required name=search_term_string"}],"inLanguage":"fr-FR"},{"@type":"ImageObject","@id":"https:\/\/surfbox.de\/fr\/coffres-de-toit-shop\/pieces-de-rechange-pour-coffres-de-toit\/un-paquet-de-caoutchouc-protecteur\/#primaryimage","inLanguage":"fr-FR","url":"https:\/\/surfbox.de\/wp-content\/uploads\/2016\/02\/Dichtung_Schlitz.jpg","contentUrl":"https:\/\/surfbox.de\/wp-content\/uploads\/2016\/02\/Dichtung_Schlitz.jpg","width":1367,"height":768,"caption":"SONY DSC"},{"@type":"WebPage","@id":"https:\/\/surfbox.de\/fr\/coffres-de-toit-shop\/pieces-de-rechange-pour-coffres-de-toit\/un-paquet-de-caoutchouc-protecteur\/#webpage","url":"https:\/\/surfbox.de\/fr\/coffres-de-toit-shop\/pieces-de-rechange-pour-coffres-de-toit\/un-paquet-de-caoutchouc-protecteur\/","name":"Un paquet de caoutchouc protecteur ( 8 pces) - Coffre de toit prime en GRP par Mobila","isPartOf":{"@id":"https:\/\/surfbox.de\/#website"},"primaryImageOfPage":{"@id":"https:\/\/surfbox.de\/fr\/coffres-de-toit-shop\/pieces-de-rechange-pour-coffres-de-toit\/un-paquet-de-caoutchouc-protecteur\/#primaryimage"},"datePublished":"2020-09-08T10:00:16+00:00","dateModified":"2025-06-17T10:17:35+00:00","description":"In unserem Shop finden Sie hochwertige Dachboxen in edlem Design. Sie sind Windkanal getestet und Verbrauchs sparend. F\u00fcr Camping, Wasser- und Wintersport uvm. Qualit\u00e4t seit 1989.","breadcrumb":{"@id":"https:\/\/surfbox.de\/fr\/coffres-de-toit-shop\/pieces-de-rechange-pour-coffres-de-toit\/un-paquet-de-caoutchouc-protecteur\/#breadcrumb"},"inLanguage":"fr-FR","potentialAction":[{"@type":"ReadAction","target":["https:\/\/surfbox.de\/fr\/coffres-de-toit-shop\/pieces-de-rechange-pour-coffres-de-toit\/un-paquet-de-caoutchouc-protecteur\/"]}]},{"@type":"BreadcrumbList","@id":"https:\/\/surfbox.de\/fr\/coffres-de-toit-shop\/pieces-de-rechange-pour-coffres-de-toit\/un-paquet-de-caoutchouc-protecteur\/#breadcrumb","itemListElement":[{"@type":"ListItem","position":1,"name":"Home","item":"https:\/\/surfbox.de\/fr\/"},{"@type":"ListItem","position":2,"name":"Boutique","item":"https:\/\/surfbox.de\/fr\/boutique\/"},{"@type":"ListItem","position":3,"name":"Un paquet de caoutchouc protecteur ( 8 pces)"}]}]}},"_links":{"self":[{"href":"https:\/\/surfbox.de\/fr\/wp-json\/wp\/v2\/product\/78701"}],"collection":[{"href":"https:\/\/surfbox.de\/fr\/wp-json\/wp\/v2\/product"}],"about":[{"href":"https:\/\/surfbox.de\/fr\/wp-json\/wp\/v2\/types\/product"}],"replies":[{"embeddable":true,"href":"https:\/\/surfbox.de\/fr\/wp-json\/wp\/v2\/comments?post=78701"}],"wp:featuredmedia":[{"embeddable":true,"href":"https:\/\/surfbox.de\/fr\/wp-json\/wp\/v2\/media\/42312"}],"wp:attachment":[{"href":"https:\/\/surfbox.de\/fr\/wp-json\/wp\/v2\/media?parent=78701"}],"wp:term":[{"taxonomy":"product_cat","embeddable":true,"href":"https:\/\/surfbox.de\/fr\/wp-json\/wp\/v2\/product_cat?post=78701"},{"taxonomy":"product_tag","embeddable":true,"href":"https:\/\/surfbox.de\/fr\/wp-json\/wp\/v2\/product_tag?post=78701"}],"curies":[{"name":"wp","href":"https:\/\/api.w.org\/{rel}","templated":true}]}}