
{"id":22352,"date":"2014-12-09T11:41:14","date_gmt":"2014-12-09T10:41:14","guid":{"rendered":"https:\/\/surfbox.de\/?page_id=12352"},"modified":"2016-06-06T14:46:30","modified_gmt":"2016-06-06T12:46:30","slug":"mobila-garanzia","status":"publish","type":"page","link":"https:\/\/surfbox.de\/it\/mobila-garanzia\/","title":{"rendered":"Garanzia MOBILA"},"content":{"rendered":"<h2>5 anni di garanzia su vetroresina e lavorazione!<\/h2>\n<p><span style=\"color: #999999;\">La Mobila Verwaltungs GmbH (di seguito denominata &#8220;Mobilia&#8221;) \u00e8 responsabile di tutti i portapacchi auto, venduti con il nome SURF LINE BOX o Box2000, con una garanzia del produttore di 5 anni sul materiale (vetroresina) e sulla lavorazione nei confronti del compratore registrato in fattura (primo acquirente) alla data di acquisto, sia per la riparazione della parte danneggiata che per la sua sostituzione (a seconda dalla valutazione di MOBILIA), senza addebitare costi aggiuntivi al primo acquirente.\u00a0<span id=\"result_box\" class=\"\" lang=\"it\"><span class=\"\">Per i clienti<\/span> commerciali, la garanzia \u00e8 di un anno dalla data di acquisto.<\/span> Devono essere osservate le seguenti eccezioni. Le spese sostenute per la restituzione delle merci sono a carico del primo acquirente. Per il trattamento del danno \u00e8 necessario presentare la fattura originale. <\/span><\/p>\n<p><span style=\"color: #999999;\">La garanzia non copre i danni subiti che esulano dal controllo di MOBILIA; questi ultimi<\/span> <span style=\"color: #999999;\">includono, tra l&#8217;altro, un uso improprio del prodotto, danni da sovraccarico o una installazione non in conformit\u00e0 con le istruzioni di montaggio MOBILIA, il mancato rispetto delle linee guida e dei requisiti di sicurezza. La garanzia non copre danni causati da incidenti, da un uso illecito del veicolo o da lesioni gi\u00e0 presenti sul veicolo che monta il portapacchi auto MOBILIA. Sono esclusi i danni causati da una errata installazione del portapacchi montato precedentemente. MOBILIA non \u00e8 responsabile per danni causati da un carico non sicuro e quindi non in conformit\u00e0 con quanto raccomandato da MOBILIA. <span id=\"result_box\" class=\"\" lang=\"it\"><span class=\"hps\">L&#8217;uso<\/span> <span class=\"hps\">\/<\/span> <span class=\"hps\">installazione della<\/span> <span class=\"hps\">portapacchi\u00a0<\/span> <span class=\"hps\">di<\/span> <span class=\"hps\">forte<\/span> <span class=\"hps\">vento<\/span> <span class=\"hps\">\u00e8 a<\/span> <span class=\"hps\">vostro rischio e pericolo<\/span><\/span>.<br \/>\n<\/span><\/p>\n<p><span style=\"color: #999999;\">Durante il periodo di garanzia, il primo acquirente pu\u00f2 richiedere la riparazione o la sostituzione dei prodotti MOBILIA danneggiati. Tutti i danni conseguenti e aggiuntivi sono esclusi dalla garanzia. Danni al veicolo, alle merci trasportate o a individui e beni sono esclusi dalla garanzia. Le suddette disposizioni non restringono i diritti del primo acquirente in conformit\u00e0 con la legislazione, n\u00e9 pregiudicano i diritti nei confronti di MOBILIA, con la quale \u00e8 stato stipulato il contratto di acquisto. <\/span><\/p>\n<p><span style=\"color: #999999;\">Questo vale in particolare per i diritti di garanzia che persistono nel loro complesso. I diritti di garanzia legali non vengono limitati in alcun modo.<\/span><\/p>\n<p><span style=\"color: #999999;\">Haltern am See, giugno 2014<\/span><\/p>\n<p>&nbsp;<\/p>\n<p><a href=\"https:\/\/surfbox.de\/wp-content\/uploads\/2014\/09\/5_Jahre_Gewaehrleitungs_freigestellt-90x84.png\"><img loading=\"lazy\" class=\"size-full wp-image-18303\" src=\"https:\/\/surfbox.de\/wp-content\/uploads\/2014\/09\/5_Jahre_Gewaehrleitungs_freigestellt-90x84.png\" alt=\"Garantie\" width=\"90\" height=\"84\" \/><\/a><\/p>\n","protected":false},"excerpt":{"rendered":"<p>5 anni di garanzia su vetroresina e lavorazione! La Mobila Verwaltungs GmbH (di seguito denominata &#8220;Mobilia&#8221;) \u00e8 responsabile di tutti i portapacchi auto, venduti con il nome SURF LINE BOX o Box2000, con una garanzia del produttore di 5 anni sul materiale (vetroresina) e sulla lavorazione nei confronti del compratore registrato in fattura (primo acquirente)&hellip;<\/p>\n","protected":false},"author":1,"featured_media":0,"parent":0,"menu_order":217,"comment_status":"closed","ping_status":"open","template":"","meta":[],"yoast_head":"<!-- This site is optimized with the Yoast SEO plugin v17.9 - https:\/\/yoast.com\/wordpress\/plugins\/seo\/ -->\n<title>Garanzia MOBILA - Box da tetto Premium in VTR<\/title>\n<meta name=\"description\" content=\"5 anni di garanzia su vetroresina e lavorazione! La Mobila Verwaltungs GmbH (di seguito denominata &quot;Mobilia&quot;) \u00e8 responsabile di tutti i portapacchi auto,\" \/>\n<meta name=\"robots\" content=\"index, follow, max-snippet:-1, max-image-preview:large, max-video-preview:-1\" \/>\n<link rel=\"canonical\" href=\"https:\/\/surfbox.de\/it\/mobila-garanzia\/\" \/>\n<meta property=\"og:locale\" content=\"it_IT\" \/>\n<meta property=\"og:type\" content=\"article\" \/>\n<meta property=\"og:title\" content=\"Garanzia MOBILA - Box da tetto Premium in VTR\" \/>\n<meta property=\"og:description\" content=\"5 anni di garanzia su vetroresina e lavorazione! La Mobila Verwaltungs GmbH (di seguito denominata &quot;Mobilia&quot;) \u00e8 responsabile di tutti i portapacchi auto,\" \/>\n<meta property=\"og:url\" content=\"https:\/\/surfbox.de\/it\/mobila-garanzia\/\" \/>\n<meta property=\"og:site_name\" content=\"Box da tetto Premium in VTR\" \/>\n<meta property=\"article:modified_time\" content=\"2016-06-06T12:46:30+00:00\" \/>\n<meta property=\"og:image\" content=\"https:\/\/surfbox.de\/wp-content\/uploads\/2014\/09\/5_Jahre_Gewaehrleitungs_freigestellt-90x84.png\" \/>\n<meta name=\"twitter:label1\" content=\"Tempo di lettura stimato\" \/>\n\t<meta name=\"twitter:data1\" content=\"2 minuti\" \/>\n<script type=\"application\/ld+json\" class=\"yoast-schema-graph\">{\"@context\":\"https:\/\/schema.org\",\"@graph\":[{\"@type\":\"WebSite\",\"@id\":\"https:\/\/surfbox.de\/#website\",\"url\":\"https:\/\/surfbox.de\/\",\"name\":\"Box da tetto Premium in VTR\",\"description\":\"Mobila GmbH produces premium roof boxes skiboxes &amp; Surf boxes\",\"potentialAction\":[{\"@type\":\"SearchAction\",\"target\":{\"@type\":\"EntryPoint\",\"urlTemplate\":\"https:\/\/surfbox.de\/?s={search_term_string}\"},\"query-input\":\"required name=search_term_string\"}],\"inLanguage\":\"it-IT\"},{\"@type\":\"ImageObject\",\"@id\":\"https:\/\/surfbox.de\/it\/mobila-garanzia\/#primaryimage\",\"inLanguage\":\"it-IT\",\"url\":\"https:\/\/surfbox.de\/wp-content\/uploads\/2014\/09\/5_Jahre_Gewaehrleitungs_freigestellt-90x84.png\",\"contentUrl\":\"https:\/\/surfbox.de\/wp-content\/uploads\/2014\/09\/5_Jahre_Gewaehrleitungs_freigestellt-90x84.png\"},{\"@type\":\"WebPage\",\"@id\":\"https:\/\/surfbox.de\/it\/mobila-garanzia\/#webpage\",\"url\":\"https:\/\/surfbox.de\/it\/mobila-garanzia\/\",\"name\":\"Garanzia MOBILA - Box da tetto Premium in VTR\",\"isPartOf\":{\"@id\":\"https:\/\/surfbox.de\/#website\"},\"primaryImageOfPage\":{\"@id\":\"https:\/\/surfbox.de\/it\/mobila-garanzia\/#primaryimage\"},\"datePublished\":\"2014-12-09T10:41:14+00:00\",\"dateModified\":\"2016-06-06T12:46:30+00:00\",\"description\":\"5 anni di garanzia su vetroresina e lavorazione! La Mobila Verwaltungs GmbH (di seguito denominata \\\"Mobilia\\\") \\u00e8 responsabile di tutti i portapacchi auto,\",\"breadcrumb\":{\"@id\":\"https:\/\/surfbox.de\/it\/mobila-garanzia\/#breadcrumb\"},\"inLanguage\":\"it-IT\",\"potentialAction\":[{\"@type\":\"ReadAction\",\"target\":[\"https:\/\/surfbox.de\/it\/mobila-garanzia\/\"]}]},{\"@type\":\"BreadcrumbList\",\"@id\":\"https:\/\/surfbox.de\/it\/mobila-garanzia\/#breadcrumb\",\"itemListElement\":[{\"@type\":\"ListItem\",\"position\":1,\"name\":\"Home\",\"item\":\"https:\/\/surfbox.de\/it\/\"},{\"@type\":\"ListItem\",\"position\":2,\"name\":\"Garanzia MOBILA\"}]}]}<\/script>\n<!-- \/ Yoast SEO plugin. -->","yoast_head_json":{"title":"Garanzia MOBILA - Box da tetto Premium in VTR","description":"5 anni di garanzia su vetroresina e lavorazione! La Mobila Verwaltungs GmbH (di seguito denominata \"Mobilia\") \u00e8 responsabile di tutti i portapacchi auto,","robots":{"index":"index","follow":"follow","max-snippet":"max-snippet:-1","max-image-preview":"max-image-preview:large","max-video-preview":"max-video-preview:-1"},"canonical":"https:\/\/surfbox.de\/it\/mobila-garanzia\/","og_locale":"it_IT","og_type":"article","og_title":"Garanzia MOBILA - Box da tetto Premium in VTR","og_description":"5 anni di garanzia su vetroresina e lavorazione! La Mobila Verwaltungs GmbH (di seguito denominata \"Mobilia\") \u00e8 responsabile di tutti i portapacchi auto,","og_url":"https:\/\/surfbox.de\/it\/mobila-garanzia\/","og_site_name":"Box da tetto Premium in VTR","article_modified_time":"2016-06-06T12:46:30+00:00","og_image":[{"url":"https:\/\/surfbox.de\/wp-content\/uploads\/2014\/09\/5_Jahre_Gewaehrleitungs_freigestellt-90x84.png"}],"twitter_misc":{"Tempo di lettura stimato":"2 minuti"},"schema":{"@context":"https:\/\/schema.org","@graph":[{"@type":"WebSite","@id":"https:\/\/surfbox.de\/#website","url":"https:\/\/surfbox.de\/","name":"Box da tetto Premium in VTR","description":"Mobila GmbH produces premium roof boxes skiboxes &amp; Surf boxes","potentialAction":[{"@type":"SearchAction","target":{"@type":"EntryPoint","urlTemplate":"https:\/\/surfbox.de\/?s={search_term_string}"},"query-input":"required name=search_term_string"}],"inLanguage":"it-IT"},{"@type":"ImageObject","@id":"https:\/\/surfbox.de\/it\/mobila-garanzia\/#primaryimage","inLanguage":"it-IT","url":"https:\/\/surfbox.de\/wp-content\/uploads\/2014\/09\/5_Jahre_Gewaehrleitungs_freigestellt-90x84.png","contentUrl":"https:\/\/surfbox.de\/wp-content\/uploads\/2014\/09\/5_Jahre_Gewaehrleitungs_freigestellt-90x84.png"},{"@type":"WebPage","@id":"https:\/\/surfbox.de\/it\/mobila-garanzia\/#webpage","url":"https:\/\/surfbox.de\/it\/mobila-garanzia\/","name":"Garanzia MOBILA - Box da tetto Premium in VTR","isPartOf":{"@id":"https:\/\/surfbox.de\/#website"},"primaryImageOfPage":{"@id":"https:\/\/surfbox.de\/it\/mobila-garanzia\/#primaryimage"},"datePublished":"2014-12-09T10:41:14+00:00","dateModified":"2016-06-06T12:46:30+00:00","description":"5 anni di garanzia su vetroresina e lavorazione! La Mobila Verwaltungs GmbH (di seguito denominata \"Mobilia\") \u00e8 responsabile di tutti i portapacchi auto,","breadcrumb":{"@id":"https:\/\/surfbox.de\/it\/mobila-garanzia\/#breadcrumb"},"inLanguage":"it-IT","potentialAction":[{"@type":"ReadAction","target":["https:\/\/surfbox.de\/it\/mobila-garanzia\/"]}]},{"@type":"BreadcrumbList","@id":"https:\/\/surfbox.de\/it\/mobila-garanzia\/#breadcrumb","itemListElement":[{"@type":"ListItem","position":1,"name":"Home","item":"https:\/\/surfbox.de\/it\/"},{"@type":"ListItem","position":2,"name":"Garanzia MOBILA"}]}]}},"_links":{"self":[{"href":"https:\/\/surfbox.de\/it\/wp-json\/wp\/v2\/pages\/22352"}],"collection":[{"href":"https:\/\/surfbox.de\/it\/wp-json\/wp\/v2\/pages"}],"about":[{"href":"https:\/\/surfbox.de\/it\/wp-json\/wp\/v2\/types\/page"}],"author":[{"embeddable":true,"href":"https:\/\/surfbox.de\/it\/wp-json\/wp\/v2\/users\/1"}],"replies":[{"embeddable":true,"href":"https:\/\/surfbox.de\/it\/wp-json\/wp\/v2\/comments?post=22352"}],"version-history":[{"count":3,"href":"https:\/\/surfbox.de\/it\/wp-json\/wp\/v2\/pages\/22352\/revisions"}],"predecessor-version":[{"id":45476,"href":"https:\/\/surfbox.de\/it\/wp-json\/wp\/v2\/pages\/22352\/revisions\/45476"}],"wp:attachment":[{"href":"https:\/\/surfbox.de\/it\/wp-json\/wp\/v2\/media?parent=22352"}],"curies":[{"name":"wp","href":"https:\/\/api.w.org\/{rel}","templated":true}]}}