
{"id":22362,"date":"2014-12-09T11:41:13","date_gmt":"2014-12-09T10:41:13","guid":{"rendered":"https:\/\/surfbox.de\/?page_id=12362"},"modified":"2025-09-03T11:26:42","modified_gmt":"2025-09-03T09:26:42","slug":"impronta","status":"publish","type":"page","link":"https:\/\/surfbox.de\/it\/impronta\/","title":{"rendered":"Privacy"},"content":{"rendered":"<p><strong>Mobila Verwaltungs GmbH<\/strong><br \/>\nAnnabergstr. 164<br \/>\nD-45721 Haltern am See<\/p>\n<p>Telefon: +49 2364 6142, +49 2364 965186<\/p>\n<p>E-mail: <a href=\"mailto:info@surfbox.de\">info@surfbox.de<\/a><\/p>\n<p><strong>Coordinate bancarie:<\/strong><br \/>\nVolksbank Suedmuensterland<br \/>\nConto Nr. 125279501<br \/>\ncodice bancarie 42861387<\/p>\n<p>Codice BIC\/Swift GENODEM1BOB<br \/>\nIBAN DE59428613870125279501<\/p>\n<p>Direttori: Dariusz Sterzel, Monika Sterzel<br \/>\nRegistro imprese: Pretura di Gelsenkirchen<br \/>\nNumero di registro: HRB B5976<\/p>\n<p>Partita IVA n. \u00a7 27 a UStG: DE 157 955 948<\/p>\n<p>Responsabile dei contenuti ai sensi del \u00a7 6 Trattato Tedesco Servizi Mediatici \u00e8 Monika Sterzel<\/p>\n<p>Tutti i dati e le informazioni contenuti nel nostro sito sono stati oggetto di una analisi approfondita. Non ci assumiamo pertanto alcuna responsabilit\u00e0 relativamente all&#8217;accuratezza, la completezza e la tempestivit\u00e0 dei contenuti. Ci\u00f2 vale anche per i siti web di altri fornitori di servizi, a cui si accede attraverso un collegamento ipertestuale. Per il contenuto di queste pagine Mobila Verwaltungs GmbH (<strong><span id=\"result_box\" class=\"\" lang=\"it\"><span class=\"hps\">di seguito denominato<\/span> <span class=\"hps\">Mobila<\/span> <span class=\"hps\">GmbH<\/span><\/span>)<\/strong> non si assume alcuna responsabilit\u00e0.<\/p>\n<p>Per qualsiasi riproduzione di questo sito o del suo contenuto \u00e8 necessario il preventivo consenso scritto di Mobila GmbH, a meno che la riproduzione sia gi\u00e0 legalmente consentita.<\/p>\n<p><strong>Clausola di responsabilit\u00e0<\/strong><\/p>\n<p>1. Contenuto delle offerte online<\/p>\n<p>Tutte le offerte sono non vincolanti e senza obbligo. Mobilia GmbH si riserva il diritto di modificare parti delle pagine o l&#8217;intera offerta senza disgiunto preavviso, al fine di integrare, cancellare o interrompere\u00a0temporaneamente o in via permanente la pubblicazione.<\/p>\n<p>2. Riferimenti e link<\/p>\n<p>Per il collegamento diretto o indiretto ad altri siti internet (&#8220;link&#8221;) che non rientrano nella responsabilit\u00e0 di Mobilia GmbH, vige l&#8217;obbligo di responsabilit\u00e0 solo nel caso in cui Mobilia GmbH sia a conoscenza dei contenuti e sia tecnicamente e ragionevolmente possibile impedire l&#8217;uso di contenuti illegali.<\/p>\n<p>Pertanto, Mobilia Gmbh dichiara espressamente che, al momento del collegamento, non era riconoscibile alcun contenuto illegale sulle pagine da collegare. Mobila GmbH non ha alcuna influenza sulla struttura e il contenuto attuali e futuri dei siti collegati. Pertanto Mobilia GmbH prende espressamente le distanze da tutti i contenuti di tutte le pagine collegate che siano stati modificati dopo l&#8217;impostazione del collegamento. La presente dichiarazione si applica a tutti i collegamenti e riferimenti Internet presenti all&#8217;interno della propria offerta. Per contenuti illegali, errati o incompleti e in particolare per i danni derivanti dall&#8217;utilizzo o non utilizzo di tali informazioni \u00e8 imputabile unicamente il fornitore della pagina a cui si \u00e8 fatto riferimento, non a colui che ha unicamente impostato il collegamento a queste pagine.<\/p>\n<p>3. Diritto d&#8217;autore<\/p>\n<p>Il fornitore di servizi si impegna ad osservare in tutte le pubblicazioni i diritti d&#8217;autore delle grafiche utilizzate, documenti audio, sequenze video e testi, ad utilizzare grafiche, documenti audio, sequenze video e testi di propria creazione o ad attingere a grafiche, documenti audio, sequenze video e testi privi di licenza.<\/p>\n<p>Tutti i marchi di fabbrica e i marchi registrati citati nell&#8217;ambito dell&#8217;offerta internet ed eventualmente protetti da terzi sono soggetti senza restrizioni alle disposizioni del diritto dei marchi e ai diritti di propriet\u00e0 dei rispettivi proprietari registrati. La sola menzione non vuol dire che i marchi non siano protetti da diritti di terzi.<\/p>\n<p>Il copyright per qualsiasi materiale creato dall&#8217;autore rimane dell&#8217;autore delle pagine. Qualsiasi riproduzione o utilizzazione di tali grafici, documenti audio, sequenze video e testi in altre pubblicazioni elettroniche o stampate non \u00e8 consentito senza l&#8217;esplicito consenso dell&#8217;autore.<\/p>\n<p>4. Validit\u00e0 legale del presente disclaimer<\/p>\n<p>La presente esclusione di responsabilit\u00e0 \u00e8 da considerarsi parte integrante dell&#8217;offerta internet dalla quale si \u00e8 rimandati a questa pagina. Qualora parti o singole formulazioni di questo testo non siano conformi alla normativa vigente, non lo siano pi\u00f9 o non lo siano integralmente, le restanti parti del documento rimarranno invariate nel loro contenuto e immutate nella loro validit\u00e0. Mobilia GmbH non si assume alcuna responsabilit\u00e0 circa l&#8217;attualit\u00e0, la correttezza, la completezza o la qualit\u00e0 delle informazioni fornite. Sono escluse in linea di principio richieste di risarcimento nei confronti di Mobilia GmbH, relative a danni di natura materiale o immateriale causati dall&#8217;uso o dal non uso di informazioni presentate o dall&#8217;utilizzo di informazioni errate e incomplete, a condizione che da parte di Mobilia GmbH non vi sia palesemente alcuna colpa lieve o grave.<\/p>\n<p><strong>Protezione dei dati<\/strong><\/p>\n<p>Noi di Mobilia GmbH prendiamo la vostra privacy molto seriamente e rispettiamo rigorosamente le norme di legge in materia di protezione dei dati personali. I dati personali raccolti in questo sito verranno utilizzati solo per motivi tecnici. I dati non saranno in nessun caso venduti o ceduti a terzi.<\/p>\n<p>La seguente dichiarazione fornisce una panoramica su come noi assicuriamo tale protezione, il tipo di dati che vengono raccolti e il loro scopo.<\/p>\n<p><strong>Elaborazione dei dati su questo sito<\/strong><\/p>\n<p>Mobilia GmbH raccoglie e memorizza automaticamente le informazioni dei file di log del server che il vostro browser ci trasmette. Queste sono:<\/p>\n<ul>\n<li>Tipo \/ versione del browser<\/li>\n<li>sistema operativo utilizzato<\/li>\n<li>Referer URL (pagina visitata in precedenza)<\/li>\n<li>Nome host del computer di accesso (indirizzo IP)<\/li>\n<li>Orario di richiesta del server<\/li>\n<\/ul>\n<p>Questi dati non sono imputabili da Mobilia GmbH a individui specifici. Non verr\u00e0 effettuata nessuna raccolta di questi dati con altre fonti di dati, i dati saranno cancellati dopo una valutazione statistica.<\/p>\n<p><strong>Cookies<\/strong><\/p>\n<p>Questo sito web utilizza Google Analytics, un servizio di analisi web fornito da Google, Inc. (&#8220;Google&#8221;) Google Analytics utilizza &#8220;Cookies&#8221;, file di testo che vengono depositati sul vostro computer per consentire al sito web di analizzare come gli utenti utilizzano il sito. Le informazioni generate dal cookie sull&#8217;utilizzo del sito web (compreso il vostro indirizzo IP) verranno trasmesse a un server di Google negli Stati Uniti e memorizzate. Google utilizzer\u00e0 queste informazioni allo scopo di esaminare il vostro utilizzo del sito web, compilare report sulle attivit\u00e0 del sito per gli operatori dello stesso e fornire altri servizi relativi alle attivit\u00e0 del sito web e all&#8217;utilizzo di internet. Google potr\u00e0 trasferire queste informazioni a terzi ove cos\u00ec richiesto dalla legge o laddove tali terzi trattino le suddette informazioni per conto di Google. Google non assocer\u00e0 il vostro indirizzo IP ad altri dati posseduti da Google. \u00c8 possibile impedire l&#8217;installazione di cookies selezionando l&#8217;impostazione appropriata sul browser; si segnala, tuttavia, che in tal caso non sar\u00e0 possibile utilizzare nella loro totalit\u00e0 tutte le funzionalit\u00e0 di questo sito. Utilizzando il presente sito web, acconsentite al trattamento dei vostri dati da parte di Google per le modalit\u00e0 ed i fini sopraindicati .<\/p>\n<p><strong>Diritto all&#8217;informazione<\/strong><\/p>\n<p>Avete il diritto di libera informazione sui vostri dati personali, la loro origine e destinazione e le finalit\u00e0 del loro trattamento.<\/p>\n<p><span id=\"result_box\" class=\"\" lang=\"it\"><strong><span class=\"hps\">Dispute Resolution<\/span> <span class=\"hps\">in materia di<\/span> <span class=\"hps\">consumo<\/span><\/strong><\/span><\/p>\n<p><span class=\"hps\">Controversie con<\/span> <span class=\"hps\">tutta l&#8217;UE<\/span> <span class=\"hps\">lo shopping online<\/span> <span class=\"hps\">pu\u00f2 essere facilmente risolto<\/span> <span class=\"hps\">in futuro<\/span>. <span class=\"hps\">Per<\/span> <span class=\"hps\">questo<\/span>, <span class=\"hps\">la<\/span> <span class=\"hps\">Direttiva UE<\/span> <span class=\"hps\">2013\/11<\/span> <span class=\"hps\">ADOTTATI<\/span> <span class=\"hps\">\/<\/span> <span class=\"hps\">UE relativa<\/span> <span class=\"hps\">risoluzione alternativa delle controversie<\/span> <span class=\"hps\">in<\/span> <span class=\"hps\">Affari dei consumatori<\/span> <span class=\"hps\">e<\/span> <span class=\"hps\">una<\/span> <span class=\"hps\">ordinanza<\/span> <span class=\"hps\">CORRISPONDENTE<\/span> <span class=\"hps atn\">(<\/span>art. <span class=\"hps\">14 del regolamento<\/span> <span class=\"hps\">del<\/span> <span class=\"hps\">n<\/span> <span class=\"hps\">524\/2013<\/span> <span class=\"hps\">ODR<\/span>).<\/p>\n<p><span class=\"hps\">La<\/span> <span class=\"hps\">Commissione<\/span> <span class=\"hps\">europea<\/span> <span class=\"hps\">fornisce una piattaforma<\/span> <span class=\"hps\">per la risoluzione<\/span> <span class=\"hps\">delle controversie online<\/span> <span class=\"hps atn\">(<\/span>OS). <span class=\"hps\">\u00c8 possibile trovare la<\/span> <span class=\"hps\">piattaforma<\/span> <span class=\"hps\">sotto<\/span> <span class=\"hps\">http:\/\/ec.europa.eu\/consumers\/odr\/<\/span><\/p>\n","protected":false},"excerpt":{"rendered":"<p>Mobila Verwaltungs GmbH Annabergstr. 164 D-45721 Haltern am See Telefon: +49 2364 6142, +49 2364 965186 E-mail: info@surfbox.de Coordinate bancarie: Volksbank Suedmuensterland Conto Nr. 125279501 codice bancarie 42861387 Codice BIC\/Swift GENODEM1BOB IBAN DE59428613870125279501 Direttori: Dariusz Sterzel, Monika Sterzel Registro imprese: Pretura di Gelsenkirchen Numero di registro: HRB B5976 Partita IVA n. \u00a7 27 a UStG:&hellip;<\/p>\n","protected":false},"author":1,"featured_media":0,"parent":0,"menu_order":240,"comment_status":"closed","ping_status":"closed","template":"","meta":[],"yoast_head":"<!-- This site is optimized with the Yoast SEO plugin v17.9 - https:\/\/yoast.com\/wordpress\/plugins\/seo\/ -->\n<title>Privacy - Box da tetto Premium in VTR<\/title>\n<meta name=\"description\" content=\"Mobila Verwaltungs GmbH Annabergstr. 164 D-45721 Haltern am See Telefon: +49 2364 6142, +49 2364 965186 E-mail: info@surfbox.de Coordinate bancarie:\" \/>\n<meta name=\"robots\" content=\"index, follow, max-snippet:-1, max-image-preview:large, max-video-preview:-1\" \/>\n<link rel=\"canonical\" href=\"https:\/\/surfbox.de\/it\/impronta\/\" \/>\n<meta property=\"og:locale\" content=\"it_IT\" \/>\n<meta property=\"og:type\" content=\"article\" \/>\n<meta property=\"og:title\" content=\"Privacy - Box da tetto Premium in VTR\" \/>\n<meta property=\"og:description\" content=\"Mobila Verwaltungs GmbH Annabergstr. 164 D-45721 Haltern am See Telefon: +49 2364 6142, +49 2364 965186 E-mail: info@surfbox.de Coordinate bancarie:\" \/>\n<meta property=\"og:url\" content=\"https:\/\/surfbox.de\/it\/impronta\/\" \/>\n<meta property=\"og:site_name\" content=\"Box da tetto Premium in VTR\" \/>\n<meta property=\"article:modified_time\" content=\"2025-09-03T09:26:42+00:00\" \/>\n<meta name=\"twitter:label1\" content=\"Tempo di lettura stimato\" \/>\n\t<meta name=\"twitter:data1\" content=\"7 minuti\" \/>\n<script type=\"application\/ld+json\" class=\"yoast-schema-graph\">{\"@context\":\"https:\/\/schema.org\",\"@graph\":[{\"@type\":\"WebSite\",\"@id\":\"https:\/\/surfbox.de\/#website\",\"url\":\"https:\/\/surfbox.de\/\",\"name\":\"Box da tetto Premium in VTR\",\"description\":\"Mobila GmbH produces premium roof boxes skiboxes &amp; Surf boxes\",\"potentialAction\":[{\"@type\":\"SearchAction\",\"target\":{\"@type\":\"EntryPoint\",\"urlTemplate\":\"https:\/\/surfbox.de\/?s={search_term_string}\"},\"query-input\":\"required name=search_term_string\"}],\"inLanguage\":\"it-IT\"},{\"@type\":\"WebPage\",\"@id\":\"https:\/\/surfbox.de\/it\/impronta\/#webpage\",\"url\":\"https:\/\/surfbox.de\/it\/impronta\/\",\"name\":\"Privacy - Box da tetto Premium in VTR\",\"isPartOf\":{\"@id\":\"https:\/\/surfbox.de\/#website\"},\"datePublished\":\"2014-12-09T10:41:13+00:00\",\"dateModified\":\"2025-09-03T09:26:42+00:00\",\"description\":\"Mobila Verwaltungs GmbH Annabergstr. 164 D-45721 Haltern am See Telefon: +49 2364 6142, +49 2364 965186 E-mail: info@surfbox.de Coordinate bancarie:\",\"breadcrumb\":{\"@id\":\"https:\/\/surfbox.de\/it\/impronta\/#breadcrumb\"},\"inLanguage\":\"it-IT\",\"potentialAction\":[{\"@type\":\"ReadAction\",\"target\":[\"https:\/\/surfbox.de\/it\/impronta\/\"]}]},{\"@type\":\"BreadcrumbList\",\"@id\":\"https:\/\/surfbox.de\/it\/impronta\/#breadcrumb\",\"itemListElement\":[{\"@type\":\"ListItem\",\"position\":1,\"name\":\"Home\",\"item\":\"https:\/\/surfbox.de\/it\/\"},{\"@type\":\"ListItem\",\"position\":2,\"name\":\"Privacy\"}]}]}<\/script>\n<!-- \/ Yoast SEO plugin. -->","yoast_head_json":{"title":"Privacy - Box da tetto Premium in VTR","description":"Mobila Verwaltungs GmbH Annabergstr. 164 D-45721 Haltern am See Telefon: +49 2364 6142, +49 2364 965186 E-mail: info@surfbox.de Coordinate bancarie:","robots":{"index":"index","follow":"follow","max-snippet":"max-snippet:-1","max-image-preview":"max-image-preview:large","max-video-preview":"max-video-preview:-1"},"canonical":"https:\/\/surfbox.de\/it\/impronta\/","og_locale":"it_IT","og_type":"article","og_title":"Privacy - Box da tetto Premium in VTR","og_description":"Mobila Verwaltungs GmbH Annabergstr. 164 D-45721 Haltern am See Telefon: +49 2364 6142, +49 2364 965186 E-mail: info@surfbox.de Coordinate bancarie:","og_url":"https:\/\/surfbox.de\/it\/impronta\/","og_site_name":"Box da tetto Premium in VTR","article_modified_time":"2025-09-03T09:26:42+00:00","twitter_misc":{"Tempo di lettura stimato":"7 minuti"},"schema":{"@context":"https:\/\/schema.org","@graph":[{"@type":"WebSite","@id":"https:\/\/surfbox.de\/#website","url":"https:\/\/surfbox.de\/","name":"Box da tetto Premium in VTR","description":"Mobila GmbH produces premium roof boxes skiboxes &amp; Surf boxes","potentialAction":[{"@type":"SearchAction","target":{"@type":"EntryPoint","urlTemplate":"https:\/\/surfbox.de\/?s={search_term_string}"},"query-input":"required name=search_term_string"}],"inLanguage":"it-IT"},{"@type":"WebPage","@id":"https:\/\/surfbox.de\/it\/impronta\/#webpage","url":"https:\/\/surfbox.de\/it\/impronta\/","name":"Privacy - Box da tetto Premium in VTR","isPartOf":{"@id":"https:\/\/surfbox.de\/#website"},"datePublished":"2014-12-09T10:41:13+00:00","dateModified":"2025-09-03T09:26:42+00:00","description":"Mobila Verwaltungs GmbH Annabergstr. 164 D-45721 Haltern am See Telefon: +49 2364 6142, +49 2364 965186 E-mail: info@surfbox.de Coordinate bancarie:","breadcrumb":{"@id":"https:\/\/surfbox.de\/it\/impronta\/#breadcrumb"},"inLanguage":"it-IT","potentialAction":[{"@type":"ReadAction","target":["https:\/\/surfbox.de\/it\/impronta\/"]}]},{"@type":"BreadcrumbList","@id":"https:\/\/surfbox.de\/it\/impronta\/#breadcrumb","itemListElement":[{"@type":"ListItem","position":1,"name":"Home","item":"https:\/\/surfbox.de\/it\/"},{"@type":"ListItem","position":2,"name":"Privacy"}]}]}},"_links":{"self":[{"href":"https:\/\/surfbox.de\/it\/wp-json\/wp\/v2\/pages\/22362"}],"collection":[{"href":"https:\/\/surfbox.de\/it\/wp-json\/wp\/v2\/pages"}],"about":[{"href":"https:\/\/surfbox.de\/it\/wp-json\/wp\/v2\/types\/page"}],"author":[{"embeddable":true,"href":"https:\/\/surfbox.de\/it\/wp-json\/wp\/v2\/users\/1"}],"replies":[{"embeddable":true,"href":"https:\/\/surfbox.de\/it\/wp-json\/wp\/v2\/comments?post=22362"}],"version-history":[{"count":4,"href":"https:\/\/surfbox.de\/it\/wp-json\/wp\/v2\/pages\/22362\/revisions"}],"predecessor-version":[{"id":88858,"href":"https:\/\/surfbox.de\/it\/wp-json\/wp\/v2\/pages\/22362\/revisions\/88858"}],"wp:attachment":[{"href":"https:\/\/surfbox.de\/it\/wp-json\/wp\/v2\/media?parent=22362"}],"curies":[{"name":"wp","href":"https:\/\/api.w.org\/{rel}","templated":true}]}}