
{"id":22374,"date":"2014-12-09T11:41:08","date_gmt":"2014-12-09T10:41:08","guid":{"rendered":"https:\/\/surfbox.de\/?page_id=12374"},"modified":"2014-12-09T11:41:08","modified_gmt":"2014-12-09T10:41:08","slug":"dichiarazione-di-protezione-dei-dati","status":"publish","type":"page","link":"https:\/\/surfbox.de\/it\/dichiarazione-di-protezione-dei-dati\/","title":{"rendered":"Dichiarazione di protezione dei dati"},"content":{"rendered":"<div id=\"OutputText\" class=\"Wrap\" style=\"direction: ltr; text-align: left;\" tabindex=\"99999\">\n<div><span id=\"noHighlight_0.9664124055392666\">Questa informativa sulla privacy spiega a operati da Mobila Verwaltungs GmbH, Annabergstr. 164, D-45721 Haltern am See (denominato qui di seguito il &#8220;fornitore&#8221;) come una privacy-legalmente responsabile circa il tipo, la portata e la finalit\u00e0 della raccolta e utilizzo dei dati dei visitatori e degli utenti (in seguito collettivamente come &#8220;Utenti&#8221;) di surfbox.de e www.box2000.com&#8230;<\/span><\/div>\n<div><span id=\"noHighlight_0.5171284693717115\">Per domande riguardanti la privacy Contattaci sui workdays da [09.00]-[18.00] sotto il numero di telefono + 49 2364 6142 o via e-mail a info@box2000.com.<\/span><\/div>\n<div><\/div>\n<div>\n<div id=\"OutputText\" class=\"Wrap\" style=\"direction: ltr; text-align: left;\" tabindex=\"99999\">\n<h2><span id=\"noHighlight_0.5058427924555982\">Raccolta di dati personali<\/span><\/h2>\n<div><span id=\"noHighlight_0.8418610129657595\">Dati personali sono informazioni che ti identificano. Questo autunno quali informazioni quali nome, indirizzo, numero di telefono, indirizzo di posta elettronica. Non \u00e8 richiesto che dovete divulgare informazioni personalmente identificabili per l&#8217;utilizzo del nostro sito Web. In alcuni casi, tuttavia, abbiamo bisogno il tuo nome e indirizzo e altre informazioni affinch\u00e9 possiamo fornire il servizio desiderato e servizi.<\/span><\/div>\n<div><span id=\"noHighlight_0.8820855294812513\">Uso dei dati personali<\/span><\/div>\n<div><span id=\"noHighlight_0.14753846468048049\">In generale, utilizziamo i dati personali forniti dall&#8217;utente a<\/span><\/div>\n<div><span id=\"noHighlight_0.8339781395562395\">\u2022 Per rispondere alle vostre richieste,<\/span><\/div>\n<div><span id=\"noHighlight_0.1243314023954819\">\u2022 Per elaborare i vostri ordini<\/span><\/div>\n<div><\/div>\n<h2><span id=\"noHighlight_0.6753712387311623\">Archiviazione dei dati<\/span><\/h2>\n<div><span id=\"noHighlight_0.5920378186928852\">Memorizziamo dati solo come lungo come \u00e8 contrattualmente o legalmente vincolanti necessari. Dopo questo periodo, i dati sono &#8216; eliminato e non pu\u00f2 pi\u00f9 essere associata con la vostra persona in connessione.<\/span><\/div>\n<div><span id=\"noHighlight_0.25862236015186724\">Mantenimento e l&#8217;aggiornamento dei dati personali<\/span><\/div>\n<div><span id=\"noHighlight_0.8986914689100989\">Ci siamo impegnati a mantenere le vostre informazioni personali e per tenere aggiornati. Solo con il vostro aiuto, di informandoci delle modifiche apportate ai vostri dati personali o dati stessa possiamo mantenere questo aggiornamento. Invia un&#8217;e-mail a info@box2000.com a farlo in qualsiasi momento.<\/span><\/div>\n<div><\/div>\n<h2><span id=\"noHighlight_0.9439163734560491\">Sicurezza<\/span><\/h2>\n<div><span id=\"noHighlight_0.3552987491561558\">Abbiamo preso tecnici e misure di sicurezza organizzativa i suoi dati personali da perdita, distruzione, manipolazione e accesso non autorizzato. Tutti i nostri collaboratori ed i terzi coinvolti nell&#8217;elaborazione dei dati sono tenuti sulla legge federale della protezione dei dati e la riservatezza dei dati personali.<\/span><\/div>\n<div><span id=\"noHighlight_0.24869389474712233\">Nel caso di raccolta e trattamento dei dati personali, le informazioni in formato crittografato viene trasmessa per evitare un uso improprio dei dati da parte di terzi.<\/span><\/div>\n<div><\/div>\n<div>\n<div id=\"OutputText\" class=\"Wrap\" style=\"direction: ltr; text-align: left;\" tabindex=\"99999\">\n<h2><span id=\"noHighlight_0.8720424053840906\">Raccolta dei dati di accesso<\/span><\/h2>\n<div><span id=\"noHighlight_0.846161868040004\">Il provider raccoglie dati su ogni accesso al servizio online (file di log del server cosiddetto). Il nome di accesso di dati tra l&#8217;Estratto di pagina Web, file, data e ora il recupero, la quantit\u00e0 di dati, il messaggio sul riuscito recupero, tipo di browser e versione, il sistema operativo dell&#8217;utente, indirizzo IP, referrer URL (la pagina precedentemente visitata) e il fornitore richiedente.<\/span><\/div>\n<div><span id=\"noHighlight_0.3914442056867514\">Il provider utilizza i dati di registro senza mapping alla persona dell&#8217;utente oder di altre analisi secondo le disposizioni di legge solo per l&#8217;analisi statistica ai fini del funzionamento, la sicurezza e l&#8217;ottimizzazione del sito Web. Il provider si riserva tuttavia il diritto di rivedere i dati di log, se sulla base di prove concrete di legittimo sospetto di uso illecito.<\/span><\/div>\n<div><\/div>\n<h2><span id=\"noHighlight_0.8629178153675496\">Raccolta e utilizzo dei dati personali<\/span><\/h2>\n<div><span id=\"noHighlight_0.5630635067733903\">Dati personali sono raccolti dal provider solo e utilizzati, se consentito dalla legge, o gli utenti acconsentono alla raccolta di dati. Di solito, \u00e8 visibile agli utenti nell&#8217;utilizzo del servizio dati che viene memorizzati, quali nome, indirizzo email e messaggio quando si utilizza il modulo d&#8217;ordine.<\/span><\/div>\n<div><span id=\"noHighlight_0.2593944112200798\">Vengono utilizzati i dati personali ai fini dell&#8217;ordinazione di merci (ad esempio nome, e-mail, indirizzo, indirizzo, dati di pagamento) da parte del venditore per la realizzazione e il completamento del contratto. Questi dati sono confidenziali, crittografati e non ceduti a terzi, che non sono coinvolti nella ordinazione, consegna e pagamento.<\/span><\/div>\n<div><span id=\"noHighlight_0.8217952479832684\">Quando si contatta il provider (tramite il modulo di contatto o e-mail) le informazioni dell&#8217;utente ai fini dell&#8217;elaborazione della richiesta, come pure nel caso che sorgono domande di follow-up, viene memorizzato.<\/span><\/div>\n<div><span id=\"noHighlight_0.9516420174347462\">Il provider ha adottato misure di sicurezza tecniche e organizzative, contrattuali per garantire che le norme delle leggi sulla protezione dei dati ed evitare manipolazioni accidentali o intenzionali, perdita, distruzione o accesso da parte di persone non autorizzate.<\/span><\/div>\n<div><\/div>\n<h2><span id=\"noHighlight_0.27358608873567314\">Inoltro di dati a terzi<\/span><\/h2>\n<div><span id=\"noHighlight_0.4765092145174731\">I dati degli utenti vengono reindirizzati solo a terze parti, se questo \u00e8 consentito dalla legge o un utente ha acconsentito alla trasmissione.<\/span><\/div>\n<div><span id=\"noHighlight_0.2000778729848115\">Questo \u00e8 il caso se l&#8217;inoltro dell&#8217;adempimento degli obblighi contrattuali per i dati utente \u00e8 usato e passato l&#8217;indirizzo postale dopo un ordine di negozio a una compagnia di navigazione. O se i dati richiesti dalle autorit\u00e0 competenti come agenzie di applicazione di legge.<\/span><\/div>\n<div><span id=\"noHighlight_0.8357109163694956\">I dati personali dell&#8217;utente non vengono venduti a terzi per scopi pubblicitari o allo scopo di creare profili utente o reindirizzamento.<\/span><\/div>\n<div><\/div>\n<div>\n<div id=\"OutputText\" class=\"Wrap\" style=\"direction: ltr; text-align: left;\" tabindex=\"99999\">\n<h2><span id=\"noHighlight_0.23416072445910763\">Cookies<\/span><\/h2>\n<div><span id=\"noHighlight_0.9228425976629551\">Il provider viene utilizzato come parte della suo offerta online &#8220;Cookies&#8221;. I cookies sono piccoli file che vengono memorizzati sul computer dell&#8217;utente e possono memorizzare informazioni per i fornitori. I cookie temporanei vengono eliminati dopo che chiudi il browser e i cookies persistenti sono mantenuti per un periodo determinato e possono fornire le informazioni archiviate presso la nuova chiamata dell&#8217;offerta online.<\/span><\/div>\n<div><span id=\"noHighlight_0.6876272083224941\">I cookie sono utilizzati su quella per facilitare l&#8217;utilizzo del servizio. Cos\u00ec, un cookie memorizza lo stato di carrello dello shopping di un utente.<\/span><\/div>\n<div><span id=\"noHighlight_0.5353004870432917\">L&#8217;utente pu\u00f2 avere impatto sull&#8217;uso dei cookies. Maggior parte dei browser hanno la possibilit\u00e0 di archiviare i cookie \u00e8 limitato o completamente impedito. Provider di ricerca offerta online per fare in modo che non \u00e8 necessario l&#8217;impiego di cookie. Ma sar\u00e0 sottolineato, per limitare l&#8217;uso e soprattutto la facilit\u00e0 di utilizzo senza cookie.<\/span><\/div>\n<div><\/div>\n<h2><span id=\"noHighlight_0.9060681411216946\">Spedizione newsletter via email di informazioni<\/span><\/h2>\n<div><span id=\"noHighlight_0.2985243180968886\">Email promozionali informazioni su provider e i suoi servizi vengono spediti solo con esplicito consenso dell&#8217;utente. Gli utenti possono opporsi a ricevere la newsletter in qualsiasi momento. Un&#8217;obiezione, tra gli altri trovati in ogni E-Mail.<\/span><\/div>\n<div><span id=\"noHighlight_0.967464306757432\">Prima dell&#8217;invio della newsletter, una conferma email \u00e8 il titolare di e-mail, in cui egli deve confermare la sottoscrizione. Le prenotazioni non confermate verranno eliminate automaticamente al pi\u00f9 tardi entro quattro settimane.<\/span><\/div>\n<div><span id=\"noHighlight_0.09514969851607513\">Informazioni pubblicitarie non include i messaggi nel contesto del rapporto contrattuale con l&#8217;utente. Questo include l&#8217;invio di informazioni tecniche, informazioni sul pagamento, domande riguardanti gli ordini e messaggi simili.<\/span><\/div>\n<div><span id=\"noHighlight_0.7277511570699879\">Successivamente, gli utenti possono applicare per lo scarico dall&#8217;elenco di notifiche via email le informazioni di contatto di cui sopra.<\/span><\/div>\n<div><span id=\"noHighlight_0.8854584121532288\">Nel contesto della registrazione, il provider memorizza la registrazione e il tempo di conferma e l&#8217;indirizzo IP dell&#8217;utente. Il provider \u00e8 legalmente obbligato a registrare le applicazioni, al fine di dimostrare una corretta registrazione.<\/span><\/div>\n<div><\/div>\n<div>\n<div id=\"OutputText\" class=\"Wrap\" style=\"direction: ltr; text-align: left;\" tabindex=\"99999\">\n<h2><span id=\"noHighlight_0.23625490691056017\">Google Analitica<\/span><\/h2>\n<div><span id=\"noHighlight_0.056432321774186334\">Il provider utilizza Google Analitica, un servizio di analisi Web di Google Inc (&#8220;Google&#8221;). Google Analitica utilizza i cosiddetti &#8220;cookies&#8221;, file di testo che vengono memorizzati sul computer degli utenti e consentono l&#8217;analisi del vostro utilizzo del sito Web. Le informazioni generate dal cookie sull&#8217;utilizzo di questo sito Web l&#8217;utente solitamente vengono trasmessi a un server di Google negli Stati Uniti e salvati ci.<\/span><\/div>\n<div><span id=\"noHighlight_0.5037049823536188\">In caso di attivazione di anonimizzazione IP su questo sito Web, l&#8217;indirizzo IP degli utenti di Google sar\u00e0 tagliati all&#8217;interno degli Stati membri dell&#8217;Unione europea o in altri Stati firmatari dell&#8217;accordo sullo spazio economico europeo. Solo in casi eccezionali, l&#8217;indirizzo IP completo a un server di Google negli Stati Uniti \u00e8 trasferito e tagliare l\u00ec. L&#8217;anonimizzazione IP \u00e8 attivo su questo sito. Per conto dell&#8217;operatore di questo sito Web, Google utilizzer\u00e0 queste informazioni per valutare l&#8217;uso del sito Web dell&#8217;utente, compilare report sulle attivit\u00e0 nel Web e a fornire ulteriori servizi connessi all&#8217;attivit\u00e0 del sito e utilizzo di Internet per gli operatori del sito Web.<\/span><\/div>\n<div><span id=\"noHighlight_0.22865101724677006\">Esso non \u00e8 fuse in indirizzo IP inviato come parte dell&#8217;Analitica di Google dal browser con altri dati di Google. L&#8217;utente pu\u00f2 impedire la memorizzazione di cookie modificando il software del vostro browser; Il provider dell&#8217;utente indica tuttavia pienamente utilizzabile, se del caso, non tutte le funzioni di questo sito Web in questo caso. Gli utenti possono prevenire anche il generate dal cookie e scopi relative al vostro uso del sito (incluso il vostro indirizzo IP su Google), nonch\u00e9 l&#8217;elaborazione di questi dati di Google da scaricare il browser plug-in disponibile al seguente link e installa: https:\/\/tools.google.com\/dlpage\/gaoptout?hl=de.<\/span><\/div>\n<h2><span id=\"noHighlight_0.7841809611641295\">Uso di Facebook social plugin<\/span><\/h2>\n<div><span id=\"noHighlight_0.06549110674101788\">Questa offerta online social plug-in (&#8220;plug-in&#8221;) del social network facebook.com utilizzato da Facebook Inc., 1601 S. California Ave, Palo Alto, CA 94304, USA operati (&#8220;Facebook&#8221;). Il plug-in sono visibili uno del logo Facebook (bianco su sfondo blu &#8220;f&#8221; o &#8220;pollice su&#8221; segno) o sono contrassegnati con la frase &#8220;Facebook Social Plugin&#8221;. L&#8217;elenco e lo sguardo del Facebook social plugin pu\u00f2 essere vista qui: https:\/\/developers.facebook.com\/docs\/plugins\/.<\/span><\/div>\n<div><span id=\"noHighlight_0.4512586731887567\">Se un utente visita una pagina Web di questo sito, che contiene un plugin, costruisce il suo browser per connettersi direttamente con il server di Facebook. Il contenuto del plugin \u00e8 consegnato da Facebook direttamente al browser dell&#8217;utente e incorporato nella pagina Web dal browser. Il provider non ha quindi alcun effetto sulla quantit\u00e0 di dati, utilizzando questo plugin Facebook raccoglie e informa gli utenti, quindi secondo il loro livello di conoscenza: integrando il plugin Facebook riceve le informazioni che un utente ha chiesto la relativa pagina del sito. L&#8217;utente di Facebook \u00e8 loggato, Facebook pu\u00f2 assegnare a visitare il suo account di Facebook. Se un utente con i plugin interagisce, ad esempio il pulsante simile o lascia un commento, le pertinenti informazioni dal browser direttamente su Facebook sono recapitate e memorizzate l\u00ec. Se un utente non \u00e8 un membro di Facebook, il suo indirizzo IP nella esperienza Facebook porta e memorizza la possibilit\u00e0 comunque. Secondo Facebook, solo un indirizzo IP anonimo \u00e8 memorizzato in Germania.<\/span><\/div>\n<div><span id=\"noHighlight_0.29569139272233014\">Scopo e ambito di raccolta dei dati e un&#8217;ulteriore elaborazione e utilizzo dei dati di Facebook e i diritti e le opzioni per proteggere la privacy degli utenti, la privacy di Facebook potete rimuoverli: https:\/\/www.facebook.com\/about\/privacy\/.<\/span><\/div>\n<div><span id=\"noHighlight_0.08236396146362523\">Se un utente di Facebook e fare non voglio Facebook tramite questo online offrono per raccogliere dati su di lui e collegata ai dati membro archiviati su Facebook, egli deve disconnettersi prima della visita del sito Web su Facebook e cancellare i cookie di Facebook corrispondenti. \u00c8 anche possibile bloccare Facebook social plugin, per esempio con il &#8220;Facebook blocker&#8221; con Add-ons per il browser.<\/span><\/div>\n<div><\/div>\n<div>\n<div id=\"OutputText\" class=\"Wrap\" style=\"direction: ltr; text-align: left;\" tabindex=\"99999\">\n<h2><span id=\"noHighlight_0.2210211958182451\">1 pulsante di Google +<\/span><\/h2>\n<div><span id=\"noHighlight_0.531906293026677\">Questa offerta online del social network Google + pulsanti vengono utilizzati (ad esempio pulsante &#8220;+ 1&#8221;), che dalla montagna di Google Inc., 1600 Amphitheatre Parkway, Mostra, CA 94043, Stati Uniti operati (&#8220;Google&#8221;). Se un utente visita una pagina Web di questo sito, che contiene un pulsante, il browser si collega diretta con il server di Google. Il contenuto dei pulsanti \u00e8 consegnato da Google direttamente al suo browser e incorporato nella pagina Web di questo. Il provider non ha quindi alcun effetto sulla quantit\u00e0 di dati, raccoglie i pulsanti di Google.<\/span><\/div>\n<div><span id=\"noHighlight_0.6888963791624549\">Secondo Google, nessun dato personale viene raccolto senza un clic sul pulsante. Solo per gli utenti registrati di Google +, tali informazioni, incluso l&#8217;indirizzo IP, saranno raccolti e trattati. Scopo e campo di applicazione della raccolta dei dati e l&#8217;ulteriore elaborazione e utilizzo dei dati di Google cos\u00ec come i diritti e le opzioni dell&#8217;utente per la protezione della vostra privacy si possano note sulla privacy di Google la &#8220;+ tasto 1 \u2033 essere rimosso: https:\/\/www.google.com\/intl\/de\/+\/policy\/+1button.html e le FAQ: https:\/\/bit.ly\/r3Qmer.&#8221; Se un utente di Google + \u00e8 un membro e non vogliono che Google su questo sito Web raccoglie i dati su di lui e collegata ai dati membro memorizzati su Google, l&#8217;utente deve prima della sua visita questo sito su Google plus Esci ed elimina i cookie di Google associati all&#8217;interno del browser.<\/span><\/div>\n<div><\/div>\n<h2><span id=\"noHighlight_0.5844633004438354\">Utilizzare i pulsanti Twitter<\/span><\/h2>\n<div><span id=\"noHighlight_0.7929397219020791\">Il servizio di pulsanti Twitter utilizzati su questa offerta online. Questi pulsanti (ad esempio &#8220;Tweet&#8221; o &#8220;Conseguenze&#8221;) sono offerti da Twitter Inc. 795 Folsom St, Suite 600, San Francisco, CA 94107, Stati Uniti.<\/span><\/div>\n<div><span id=\"noHighlight_0.589984547541022\">Se un utente visita una pagina Web di questo sito, che contiene un tale pulsante, costruisce il suo browser per connettersi direttamente con i server di Twitter. Il contenuto dei pulsanti Twitter \u00e8 trasportato da Twitter direttamente al browser dell&#8217;utente. Il provider non ha quindi alcun effetto sulla quantit\u00e0 di dati, utilizzando questo plugin Twitter raccoglie e informa l&#8217;utente secondo il suo livello di conoscenza. Dopo questo, solo l&#8217;indirizzo IP dell&#8217;utente \u00e8 invia l&#8217;URL del Web pagina quando il pulsante con, ma non utilizzati per altri scopi, come l&#8217;aspetto del pulsante. Ulteriori informazioni, vedere https:\/\/twitter.com\/privacy nella dichiarazione di protezione dati di Twitter.<\/span><\/div>\n<div><\/div>\n<h2><span id=\"noHighlight_0.45189116639223104\">Cancellazione, modifiche, correzioni e aggiornamenti<\/span><\/h2>\n<div><span id=\"noHighlight_0.5574605163628283\">L&#8217;utente ha il diritto di ricevere informazioni sui dati personali memorizzati dal provider su di lui su richiesta gratuitamente. Contatti possono essere trovati nel colophon del provider.<\/span><\/div>\n<div><span id=\"noHighlight_0.9770003042584302\">Inoltre, l&#8217;utente ha il diritto di rettifica di dati errati, il blocco e la cancellazione dei suoi dati personali, nella misura in cui nessun possesso legale \u00e8 contrario.<\/span><\/div>\n<div><span id=\"noHighlight_0.897352228491602\">Apportare modifiche all&#8217;informativa sulla privacy<\/span><\/div>\n<div><span id=\"noHighlight_0.298106773100251\">Il provider si riserva il diritto di modificare la politica sulla privacy, per adeguarli alla normativa modificata o modifiche del servizio, nonch\u00e9 l&#8217;elaborazione dei dati.<\/span><\/div>\n<\/div>\n<\/div>\n<\/div>\n<\/div>\n<\/div>\n<\/div>\n<\/div>\n<\/div>\n<\/div>\n<\/div>\n<\/div>\n","protected":false},"excerpt":{"rendered":"<p>Questa informativa sulla privacy spiega a operati da Mobila Verwaltungs GmbH, Annabergstr. 164, D-45721 Haltern am See (denominato qui di seguito il &#8220;fornitore&#8221;) come una privacy-legalmente responsabile circa il tipo, la portata e la finalit\u00e0 della raccolta e utilizzo dei dati dei visitatori e degli utenti (in seguito collettivamente come &#8220;Utenti&#8221;) di surfbox.de e www.box2000.com&#8230;&hellip;<\/p>\n","protected":false},"author":1,"featured_media":0,"parent":0,"menu_order":233,"comment_status":"closed","ping_status":"closed","template":"","meta":[],"yoast_head":"<!-- This site is optimized with the Yoast SEO plugin v17.9 - https:\/\/yoast.com\/wordpress\/plugins\/seo\/ -->\n<title>Dichiarazione di protezione dei dati - Box da tetto Premium in VTR<\/title>\n<meta name=\"description\" content=\"Questa informativa sulla privacy spiega a operati da Mobila Verwaltungs GmbH, Annabergstr. 164, D-45721 Haltern am See (denominato qui di seguito il\" \/>\n<meta name=\"robots\" content=\"noindex, nofollow\" \/>\n<meta property=\"og:locale\" content=\"it_IT\" \/>\n<meta property=\"og:type\" content=\"article\" \/>\n<meta property=\"og:title\" content=\"Dichiarazione di protezione dei dati - Box da tetto Premium in VTR\" \/>\n<meta property=\"og:description\" content=\"Questa informativa sulla privacy spiega a operati da Mobila Verwaltungs GmbH, Annabergstr. 164, D-45721 Haltern am See (denominato qui di seguito il\" \/>\n<meta property=\"og:url\" content=\"https:\/\/surfbox.de\/it\/dichiarazione-di-protezione-dei-dati\/\" \/>\n<meta property=\"og:site_name\" content=\"Box da tetto Premium in VTR\" \/>\n<meta name=\"twitter:label1\" content=\"Tempo di lettura stimato\" \/>\n\t<meta name=\"twitter:data1\" content=\"10 minuti\" \/>\n<script type=\"application\/ld+json\" class=\"yoast-schema-graph\">{\"@context\":\"https:\/\/schema.org\",\"@graph\":[{\"@type\":\"WebSite\",\"@id\":\"https:\/\/surfbox.de\/#website\",\"url\":\"https:\/\/surfbox.de\/\",\"name\":\"Box da tetto Premium in VTR\",\"description\":\"Mobila GmbH produces premium roof boxes skiboxes &amp; Surf boxes\",\"potentialAction\":[{\"@type\":\"SearchAction\",\"target\":{\"@type\":\"EntryPoint\",\"urlTemplate\":\"https:\/\/surfbox.de\/?s={search_term_string}\"},\"query-input\":\"required name=search_term_string\"}],\"inLanguage\":\"it-IT\"},{\"@type\":\"WebPage\",\"@id\":\"https:\/\/surfbox.de\/it\/dichiarazione-di-protezione-dei-dati\/#webpage\",\"url\":\"https:\/\/surfbox.de\/it\/dichiarazione-di-protezione-dei-dati\/\",\"name\":\"Dichiarazione di protezione dei dati - Box da tetto Premium in VTR\",\"isPartOf\":{\"@id\":\"https:\/\/surfbox.de\/#website\"},\"datePublished\":\"2014-12-09T10:41:08+00:00\",\"dateModified\":\"2014-12-09T10:41:08+00:00\",\"description\":\"Questa informativa sulla privacy spiega a operati da Mobila Verwaltungs GmbH, Annabergstr. 164, D-45721 Haltern am See (denominato qui di seguito il\",\"breadcrumb\":{\"@id\":\"https:\/\/surfbox.de\/it\/dichiarazione-di-protezione-dei-dati\/#breadcrumb\"},\"inLanguage\":\"it-IT\",\"potentialAction\":[{\"@type\":\"ReadAction\",\"target\":[\"https:\/\/surfbox.de\/it\/dichiarazione-di-protezione-dei-dati\/\"]}]},{\"@type\":\"BreadcrumbList\",\"@id\":\"https:\/\/surfbox.de\/it\/dichiarazione-di-protezione-dei-dati\/#breadcrumb\",\"itemListElement\":[{\"@type\":\"ListItem\",\"position\":1,\"name\":\"Home\",\"item\":\"https:\/\/surfbox.de\/it\/\"},{\"@type\":\"ListItem\",\"position\":2,\"name\":\"Dichiarazione di protezione dei dati\"}]}]}<\/script>\n<!-- \/ Yoast SEO plugin. -->","yoast_head_json":{"title":"Dichiarazione di protezione dei dati - Box da tetto Premium in VTR","description":"Questa informativa sulla privacy spiega a operati da Mobila Verwaltungs GmbH, Annabergstr. 164, D-45721 Haltern am See (denominato qui di seguito il","robots":{"index":"noindex","follow":"nofollow"},"og_locale":"it_IT","og_type":"article","og_title":"Dichiarazione di protezione dei dati - Box da tetto Premium in VTR","og_description":"Questa informativa sulla privacy spiega a operati da Mobila Verwaltungs GmbH, Annabergstr. 164, D-45721 Haltern am See (denominato qui di seguito il","og_url":"https:\/\/surfbox.de\/it\/dichiarazione-di-protezione-dei-dati\/","og_site_name":"Box da tetto Premium in VTR","twitter_misc":{"Tempo di lettura stimato":"10 minuti"},"schema":{"@context":"https:\/\/schema.org","@graph":[{"@type":"WebSite","@id":"https:\/\/surfbox.de\/#website","url":"https:\/\/surfbox.de\/","name":"Box da tetto Premium in VTR","description":"Mobila GmbH produces premium roof boxes skiboxes &amp; Surf boxes","potentialAction":[{"@type":"SearchAction","target":{"@type":"EntryPoint","urlTemplate":"https:\/\/surfbox.de\/?s={search_term_string}"},"query-input":"required name=search_term_string"}],"inLanguage":"it-IT"},{"@type":"WebPage","@id":"https:\/\/surfbox.de\/it\/dichiarazione-di-protezione-dei-dati\/#webpage","url":"https:\/\/surfbox.de\/it\/dichiarazione-di-protezione-dei-dati\/","name":"Dichiarazione di protezione dei dati - Box da tetto Premium in VTR","isPartOf":{"@id":"https:\/\/surfbox.de\/#website"},"datePublished":"2014-12-09T10:41:08+00:00","dateModified":"2014-12-09T10:41:08+00:00","description":"Questa informativa sulla privacy spiega a operati da Mobila Verwaltungs GmbH, Annabergstr. 164, D-45721 Haltern am See (denominato qui di seguito il","breadcrumb":{"@id":"https:\/\/surfbox.de\/it\/dichiarazione-di-protezione-dei-dati\/#breadcrumb"},"inLanguage":"it-IT","potentialAction":[{"@type":"ReadAction","target":["https:\/\/surfbox.de\/it\/dichiarazione-di-protezione-dei-dati\/"]}]},{"@type":"BreadcrumbList","@id":"https:\/\/surfbox.de\/it\/dichiarazione-di-protezione-dei-dati\/#breadcrumb","itemListElement":[{"@type":"ListItem","position":1,"name":"Home","item":"https:\/\/surfbox.de\/it\/"},{"@type":"ListItem","position":2,"name":"Dichiarazione di protezione dei dati"}]}]}},"_links":{"self":[{"href":"https:\/\/surfbox.de\/it\/wp-json\/wp\/v2\/pages\/22374"}],"collection":[{"href":"https:\/\/surfbox.de\/it\/wp-json\/wp\/v2\/pages"}],"about":[{"href":"https:\/\/surfbox.de\/it\/wp-json\/wp\/v2\/types\/page"}],"author":[{"embeddable":true,"href":"https:\/\/surfbox.de\/it\/wp-json\/wp\/v2\/users\/1"}],"replies":[{"embeddable":true,"href":"https:\/\/surfbox.de\/it\/wp-json\/wp\/v2\/comments?post=22374"}],"version-history":[{"count":0,"href":"https:\/\/surfbox.de\/it\/wp-json\/wp\/v2\/pages\/22374\/revisions"}],"wp:attachment":[{"href":"https:\/\/surfbox.de\/it\/wp-json\/wp\/v2\/media?parent=22374"}],"curies":[{"name":"wp","href":"https:\/\/api.w.org\/{rel}","templated":true}]}}