
{"id":22384,"date":"2014-02-04T08:01:43","date_gmt":"2014-02-04T08:01:43","guid":{"rendered":"https:\/\/surfbox.de\/?page_id=12384"},"modified":"2017-12-07T13:40:53","modified_gmt":"2017-12-07T12:40:53","slug":"kontakt","status":"publish","type":"page","link":"https:\/\/surfbox.de\/it\/kontakt\/","title":{"rendered":"CONTATTO"},"content":{"rendered":"<p>[vc_row][vc_column]<aside class=\"gap cf\" style=\"height:40px;\"><\/aside>[\/vc_column][\/vc_row][vc_row][vc_column width=&#8221;1\/2&#8243;][vc_column_text]<div class=\"title\">ORARI DI APERTURA MAGAZZINO su appuntamento<\/div>\n<div id=\"OutputText\" class=\"Wrap\" style=\"direction: ltr; text-align: left;\" tabindex=\"99999\">\n<div><span id=\"noHighlight_0.06538073282987378\">Luned\u00ec <span id=\"noHighlight_0.8278728996278313\"> dalle 09:00 &#8211; 13:00; 14:00 &#8211; 17:30 su appuntamento<\/span><br \/>\n<\/span><\/div>\n<div><span id=\"noHighlight_0.8278728996278313\">Marted\u00ec dalle 09:00 &#8211; 13:00; 14:00 &#8211; 17:30 su appuntamento<br \/>\n<\/span><\/div>\n<div><span id=\"noHighlight_0.719607351681712\">Mercoled\u00ec dalle 09:00 &#8211; 13:00; 14:00 &#8211; 17:30 su appuntamento<br \/>\n<\/span><\/div>\n<div><span id=\"noHighlight_0.29162844069766813\">Giovedi dalle <span id=\"noHighlight_0.8278728996278313\">09:00 &#8211; 13:00; 14:00 &#8211; 17:30 su appuntamento<\/span><br \/>\n<\/span><\/div>\n<div><span id=\"noHighlight_0.13808874656647274\">Venerd\u00ec <span id=\"noHighlight_0.8278728996278313\"> dalle 09:00 &#8211; 13:00; 14:00 &#8211; 17:30 su appuntamento<\/span><\/span><span id=\"noHighlight_0.13808874656647274\"><\/span><\/div>\n<div><span id=\"noHighlight_0.8419958168220235\">Sabato dalle 10-12<\/span><\/div>\n<\/div>\n<p><strong>\u00a0<\/strong><\/p>\n<div class=\"title\">CONTATTO<\/div>\n<p>Mobila GmbH Haltern<br \/>\nAnnabergstra\u00dfe 164<br \/>\nD-45721 Haltern am See<\/p>\n<p>Telefon: +49 (0) 2364 6142<br \/>\nTelefax: +49 (0) 2364 69493<br \/>\nE-Mail: <a href=\"mailto:info@surfbox.de\">info@surfbox.de<\/a><\/p>\n<div class=\"title\">Title<\/div>\n<p><a href=\"https:\/\/www.facebook.com\/Dachbox\" class=\"boxed-icon facebook icon-1x\"><i class=\"fa fa-facebook\"><\/i><\/a> <a href=\"https:\/\/www.twitter.com\/dachbox2000\" class=\"boxed-icon twitter icon-1x\"><i class=\"fa fa-twitter\"><\/i><\/a> <a href=\"https:\/\/plus.google.com\/u\/0\/106784389300113173698\/posts\" class=\"boxed-icon google-plus icon-1x\"><i class=\"fa fa-google-plus\"><\/i><\/a>[\/vc_column_text][\/vc_column][vc_column width=&#8221;1\/2&#8243;][vc_column_text]<div class=\"title\">Title<\/div>[\/vc_column_text]<div role=\"form\" class=\"wpcf7\" id=\"wpcf7-f22660-o1\" lang=\"en-US\" dir=\"ltr\">\n<div class=\"screen-reader-response\"><p role=\"status\" aria-live=\"polite\" aria-atomic=\"true\"><\/p> <ul><\/ul><\/div>\n<form action=\"\/it\/wp-json\/wp\/v2\/pages\/22384#wpcf7-f22660-o1\" method=\"post\" class=\"wpcf7-form init\" novalidate=\"novalidate\" data-status=\"init\">\n<div style=\"display: none;\">\n<input type=\"hidden\" name=\"_wpcf7\" value=\"22660\" \/>\n<input type=\"hidden\" name=\"_wpcf7_version\" value=\"5.5.3\" \/>\n<input type=\"hidden\" name=\"_wpcf7_locale\" value=\"en_US\" \/>\n<input type=\"hidden\" name=\"_wpcf7_unit_tag\" value=\"wpcf7-f22660-o1\" \/>\n<input type=\"hidden\" name=\"_wpcf7_container_post\" value=\"0\" \/>\n<input type=\"hidden\" name=\"_wpcf7_posted_data_hash\" value=\"\" \/>\n<input type=\"hidden\" name=\"_wpcf7_recaptcha_response\" value=\"\" \/>\n<\/div>\n<div class=\"row\">\n<div class=\"six columns\"><label>Preome*<\/label> <span class=\"wpcf7-form-control-wrap firstname\"><input type=\"text\" name=\"firstname\" value=\"\" size=\"40\" class=\"wpcf7-form-control wpcf7-text wpcf7-validates-as-required\" aria-required=\"true\" aria-invalid=\"false\" \/><\/span><\/div>\n<div class=\"six columns\"><label>Nome*<\/label> <span class=\"wpcf7-form-control-wrap lastname\"><input type=\"text\" name=\"lastname\" value=\"\" size=\"40\" class=\"wpcf7-form-control wpcf7-text wpcf7-validates-as-required\" aria-required=\"true\" aria-invalid=\"false\" \/><\/span><\/div>\n<div class=\"four columns\"><label>Strada<\/label> <span class=\"wpcf7-form-control-wrap street\"><input type=\"text\" name=\"street\" value=\"\" size=\"40\" class=\"wpcf7-form-control wpcf7-text\" aria-invalid=\"false\" \/><\/span><\/div>\n<div class=\"four columns\"><label>CAP<\/label> <span class=\"wpcf7-form-control-wrap plz\"><input type=\"text\" name=\"plz\" value=\"\" size=\"40\" class=\"wpcf7-form-control wpcf7-text\" aria-invalid=\"false\" \/><\/span><\/div>\n<div class=\"four columns\"><label>Citt\u00e0<\/label> <span class=\"wpcf7-form-control-wrap ort\"><input type=\"text\" name=\"ort\" value=\"\" size=\"40\" class=\"wpcf7-form-control wpcf7-text\" aria-invalid=\"false\" \/><\/span><\/div>\n<div class=\"six columns\"><label>Paese<\/label> <span class=\"wpcf7-form-control-wrap country\"><input type=\"text\" name=\"country\" value=\"\" size=\"40\" class=\"wpcf7-form-control wpcf7-text\" aria-invalid=\"false\" \/><\/span><\/div>\n<div class=\"six columns\"><label>E-mail*<\/label> <span class=\"wpcf7-form-control-wrap your-email\"><input type=\"email\" name=\"your-email\" value=\"\" size=\"40\" class=\"wpcf7-form-control wpcf7-text wpcf7-email wpcf7-validates-as-required wpcf7-validates-as-email\" aria-required=\"true\" aria-invalid=\"false\" \/><\/span><\/div>\n<div class=\"four columns\"><label>Telefono<\/label> <span class=\"wpcf7-form-control-wrap telefon\"><input type=\"tel\" name=\"telefon\" value=\"\" size=\"40\" class=\"wpcf7-form-control wpcf7-text wpcf7-tel wpcf7-validates-as-tel\" aria-invalid=\"false\" \/><\/span><\/div>\n<div class=\"four columns\"><label>Fax<\/label> <span class=\"wpcf7-form-control-wrap fax\"><input type=\"tel\" name=\"fax\" value=\"\" size=\"40\" class=\"wpcf7-form-control wpcf7-text wpcf7-tel wpcf7-validates-as-tel\" aria-invalid=\"false\" \/><\/span><\/div>\n<div class=\"four columns\"><label>Telefono cellulare<\/label> <span class=\"wpcf7-form-control-wrap mobil\"><input type=\"tel\" name=\"mobil\" value=\"\" size=\"40\" class=\"wpcf7-form-control wpcf7-text wpcf7-tel wpcf7-validates-as-tel\" aria-invalid=\"false\" \/><\/span><\/div>\n<div class=\"twelve columns\"><label>Commenti o domande*<\/label> <span class=\"wpcf7-form-control-wrap your-message\"><textarea name=\"your-message\" cols=\"40\" rows=\"3\" class=\"wpcf7-form-control wpcf7-textarea wpcf7-validates-as-required\" aria-required=\"true\" aria-invalid=\"false\"><\/textarea><\/span><\/div>\n<div class=\"twelve columns acc\">\n<span class=\"wpcf7-form-control-wrap acceptance-293\"><span class=\"wpcf7-form-control wpcf7-acceptance\"><span class=\"wpcf7-list-item\"><input type=\"checkbox\" name=\"acceptance-293\" value=\"1\" aria-invalid=\"false\" \/><\/span><\/span><\/span>Utilizzando questo modulo, acconsenti alla memorizzazione e al trattamento dei tuoi dati attraverso questo sito web. <a href=\"https:\/\/surfbox.de\/datenschutz\/\">Alla dichiarazione sulla protezione dei dati<\/a><br><\/div>\n<div class=\"twelve columns\">[securimage_wp]<\/div>\n<div class=\"twelve columns\"><input type=\"submit\" value=\"Invia messaggio\" class=\"wpcf7-form-control has-spinner wpcf7-submit btn medium disabledbtn\" \/><\/div>\n<\/div>\n<div class=\"inv-recaptcha-holder\"><\/div><div class=\"wpcf7-response-output\" aria-hidden=\"true\"><\/div><\/form><\/div>[\/vc_column][\/vc_row][vc_row][vc_column]<aside class=\"gap cf\" style=\"height:50px;\"><\/aside>[\/vc_column][\/vc_row]<\/p>\n","protected":false},"excerpt":{"rendered":"<p>[vc_row][vc_column][\/vc_column][\/vc_row][vc_row][vc_column width=&#8221;1\/2&#8243;][vc_column_text] Luned\u00ec dalle 09:00 &#8211; 13:00; 14:00 &#8211; 17:30 su appuntamento Marted\u00ec dalle 09:00 &#8211; 13:00; 14:00 &#8211; 17:30 su appuntamento Mercoled\u00ec dalle 09:00 &#8211; 13:00; 14:00 &#8211; 17:30 su appuntamento Giovedi dalle 09:00 &#8211; 13:00; 14:00 &#8211; 17:30 su appuntamento Venerd\u00ec dalle 09:00 &#8211; 13:00; 14:00 &#8211; 17:30 su appuntamento Sabato dalle 10-12&hellip;<\/p>\n","protected":false},"author":1,"featured_media":0,"parent":0,"menu_order":268,"comment_status":"closed","ping_status":"closed","template":"template-contact.php","meta":[],"yoast_head":"<!-- This site is optimized with the Yoast SEO plugin v17.9 - https:\/\/yoast.com\/wordpress\/plugins\/seo\/ -->\n<title>CONTATTO - Box da tetto Premium in VTR<\/title>\n<meta name=\"description\" content=\"Luned\u00ec dalle 09:00 - 13:00; 14:00 - 17:30 su appuntamento Marted\u00ec dalle 09:00 - 13:00; 14:00 - 17:30 su appuntamento Mercoled\u00ec dalle 09:00 - 13:00; 14:00\" \/>\n<meta name=\"robots\" content=\"index, follow, max-snippet:-1, max-image-preview:large, max-video-preview:-1\" \/>\n<link rel=\"canonical\" href=\"https:\/\/surfbox.de\/it\/kontakt\/\" \/>\n<meta property=\"og:locale\" content=\"it_IT\" \/>\n<meta property=\"og:type\" content=\"article\" \/>\n<meta property=\"og:title\" content=\"CONTATTO - Box da tetto Premium in VTR\" \/>\n<meta property=\"og:description\" content=\"Luned\u00ec dalle 09:00 - 13:00; 14:00 - 17:30 su appuntamento Marted\u00ec dalle 09:00 - 13:00; 14:00 - 17:30 su appuntamento Mercoled\u00ec dalle 09:00 - 13:00; 14:00\" \/>\n<meta property=\"og:url\" content=\"https:\/\/surfbox.de\/it\/kontakt\/\" \/>\n<meta property=\"og:site_name\" content=\"Box da tetto Premium in VTR\" \/>\n<meta property=\"article:modified_time\" content=\"2017-12-07T12:40:53+00:00\" \/>\n<meta name=\"twitter:label1\" content=\"Tempo di lettura stimato\" \/>\n\t<meta name=\"twitter:data1\" content=\"1 minuto\" \/>\n<script type=\"application\/ld+json\" class=\"yoast-schema-graph\">{\"@context\":\"https:\/\/schema.org\",\"@graph\":[{\"@type\":\"WebSite\",\"@id\":\"https:\/\/surfbox.de\/#website\",\"url\":\"https:\/\/surfbox.de\/\",\"name\":\"Box da tetto Premium in VTR\",\"description\":\"Mobila GmbH produces premium roof boxes skiboxes &amp; Surf boxes\",\"potentialAction\":[{\"@type\":\"SearchAction\",\"target\":{\"@type\":\"EntryPoint\",\"urlTemplate\":\"https:\/\/surfbox.de\/?s={search_term_string}\"},\"query-input\":\"required name=search_term_string\"}],\"inLanguage\":\"it-IT\"},{\"@type\":\"WebPage\",\"@id\":\"https:\/\/surfbox.de\/it\/kontakt\/#webpage\",\"url\":\"https:\/\/surfbox.de\/it\/kontakt\/\",\"name\":\"CONTATTO - Box da tetto Premium in VTR\",\"isPartOf\":{\"@id\":\"https:\/\/surfbox.de\/#website\"},\"datePublished\":\"2014-02-04T08:01:43+00:00\",\"dateModified\":\"2017-12-07T12:40:53+00:00\",\"description\":\"Luned\\u00ec dalle 09:00 - 13:00; 14:00 - 17:30 su appuntamento Marted\\u00ec dalle 09:00 - 13:00; 14:00 - 17:30 su appuntamento Mercoled\\u00ec dalle 09:00 - 13:00; 14:00\",\"breadcrumb\":{\"@id\":\"https:\/\/surfbox.de\/it\/kontakt\/#breadcrumb\"},\"inLanguage\":\"it-IT\",\"potentialAction\":[{\"@type\":\"ReadAction\",\"target\":[\"https:\/\/surfbox.de\/it\/kontakt\/\"]}]},{\"@type\":\"BreadcrumbList\",\"@id\":\"https:\/\/surfbox.de\/it\/kontakt\/#breadcrumb\",\"itemListElement\":[{\"@type\":\"ListItem\",\"position\":1,\"name\":\"Home\",\"item\":\"https:\/\/surfbox.de\/it\/\"},{\"@type\":\"ListItem\",\"position\":2,\"name\":\"CONTATTO\"}]}]}<\/script>\n<!-- \/ Yoast SEO plugin. -->","yoast_head_json":{"title":"CONTATTO - Box da tetto Premium in VTR","description":"Luned\u00ec dalle 09:00 - 13:00; 14:00 - 17:30 su appuntamento Marted\u00ec dalle 09:00 - 13:00; 14:00 - 17:30 su appuntamento Mercoled\u00ec dalle 09:00 - 13:00; 14:00","robots":{"index":"index","follow":"follow","max-snippet":"max-snippet:-1","max-image-preview":"max-image-preview:large","max-video-preview":"max-video-preview:-1"},"canonical":"https:\/\/surfbox.de\/it\/kontakt\/","og_locale":"it_IT","og_type":"article","og_title":"CONTATTO - Box da tetto Premium in VTR","og_description":"Luned\u00ec dalle 09:00 - 13:00; 14:00 - 17:30 su appuntamento Marted\u00ec dalle 09:00 - 13:00; 14:00 - 17:30 su appuntamento Mercoled\u00ec dalle 09:00 - 13:00; 14:00","og_url":"https:\/\/surfbox.de\/it\/kontakt\/","og_site_name":"Box da tetto Premium in VTR","article_modified_time":"2017-12-07T12:40:53+00:00","twitter_misc":{"Tempo di lettura stimato":"1 minuto"},"schema":{"@context":"https:\/\/schema.org","@graph":[{"@type":"WebSite","@id":"https:\/\/surfbox.de\/#website","url":"https:\/\/surfbox.de\/","name":"Box da tetto Premium in VTR","description":"Mobila GmbH produces premium roof boxes skiboxes &amp; Surf boxes","potentialAction":[{"@type":"SearchAction","target":{"@type":"EntryPoint","urlTemplate":"https:\/\/surfbox.de\/?s={search_term_string}"},"query-input":"required name=search_term_string"}],"inLanguage":"it-IT"},{"@type":"WebPage","@id":"https:\/\/surfbox.de\/it\/kontakt\/#webpage","url":"https:\/\/surfbox.de\/it\/kontakt\/","name":"CONTATTO - Box da tetto Premium in VTR","isPartOf":{"@id":"https:\/\/surfbox.de\/#website"},"datePublished":"2014-02-04T08:01:43+00:00","dateModified":"2017-12-07T12:40:53+00:00","description":"Luned\u00ec dalle 09:00 - 13:00; 14:00 - 17:30 su appuntamento Marted\u00ec dalle 09:00 - 13:00; 14:00 - 17:30 su appuntamento Mercoled\u00ec dalle 09:00 - 13:00; 14:00","breadcrumb":{"@id":"https:\/\/surfbox.de\/it\/kontakt\/#breadcrumb"},"inLanguage":"it-IT","potentialAction":[{"@type":"ReadAction","target":["https:\/\/surfbox.de\/it\/kontakt\/"]}]},{"@type":"BreadcrumbList","@id":"https:\/\/surfbox.de\/it\/kontakt\/#breadcrumb","itemListElement":[{"@type":"ListItem","position":1,"name":"Home","item":"https:\/\/surfbox.de\/it\/"},{"@type":"ListItem","position":2,"name":"CONTATTO"}]}]}},"_links":{"self":[{"href":"https:\/\/surfbox.de\/it\/wp-json\/wp\/v2\/pages\/22384"}],"collection":[{"href":"https:\/\/surfbox.de\/it\/wp-json\/wp\/v2\/pages"}],"about":[{"href":"https:\/\/surfbox.de\/it\/wp-json\/wp\/v2\/types\/page"}],"author":[{"embeddable":true,"href":"https:\/\/surfbox.de\/it\/wp-json\/wp\/v2\/users\/1"}],"replies":[{"embeddable":true,"href":"https:\/\/surfbox.de\/it\/wp-json\/wp\/v2\/comments?post=22384"}],"version-history":[{"count":9,"href":"https:\/\/surfbox.de\/it\/wp-json\/wp\/v2\/pages\/22384\/revisions"}],"predecessor-version":[{"id":65493,"href":"https:\/\/surfbox.de\/it\/wp-json\/wp\/v2\/pages\/22384\/revisions\/65493"}],"wp:attachment":[{"href":"https:\/\/surfbox.de\/it\/wp-json\/wp\/v2\/media?parent=22384"}],"curies":[{"name":"wp","href":"https:\/\/api.w.org\/{rel}","templated":true}]}}