
{"id":22441,"date":"2014-05-19T15:55:21","date_gmt":"2014-12-09T10:39:24","guid":{"rendered":"https:\/\/surfbox.de\/?post_type=product&#038;p=12441"},"modified":"2024-12-17T09:50:19","modified_gmt":"2024-12-17T08:50:19","slug":"malibu-sl-box-portabagagli-con","status":"publish","type":"product","link":"https:\/\/surfbox.de\/it\/box-da-tetto-shop\/box-portabagagli\/box-portabagagli-per-surfisti\/malibu-sl-box-portabagagli-con\/","title":{"rendered":"Box portabagagli Malibu SL con barre porta surf sul coperchio"},"content":{"rendered":"<p><strong>Offerta: direttamente dal produttore con barre porta surf sul coperchio <\/strong><\/p>\n<p>Sicuramente un box portabagagli non \u00e8 la cosa pi\u00f9 importante quando si pianifica una vacanza. Contribuisce per\u00f2 a rendere la vacanza comoda e sicura. Dopo 25 anni di esperienza, con una breve descrizione, proviamo a spiegarvi tutto. Il produttore di box portabagagli in vetroresina per il tetto N. 1 al mondo \u2013 Il vantaggio della qualit\u00e0! Il vostro Tema Mobila.<\/p>\n<p><strong>Il box portabagagli Malibu SL \u00e8 un box per tetto in vetroresina (Fiberglas) moderno e robusto, dotato di ogni accortezza e dotazione. Ideale per le vacanze con il surf e per tutte le altre: si adatta agevolmente al trasporto di tutto il materiale da windsurf, ma anche dell\u2019attrezzatura da sci e di altro bagaglio.<\/strong><\/p>\n<p><strong>Il Malibu SL \u00e8 prodotto in un elegante bianco lucido. Con un modesto sovrapprezzo si po\u2019 avere in nero lucido, grigio lucido o argento lucido. <\/strong><\/p>\n<p><strong>Malibu SL in fibra di vetro. Box portabagagli da tetto esclusivo<\/strong><strong>. Solo da Mobila. <span style=\"text-decoration: underline;\">Questo box da tetto non ha cavit\u00e0 per l\u2019accesso ai bagagli<\/span>. <span style=\"text-decoration: underline;\">La distanza minima tra l\u2019attacco posteriore e la fine del box da tetto \u00e8 di 61 centimetri<\/span>. L\u2019area di installazione predefinita tra i binari del tetto \u00e8 di 61-121 cm. Tuttavia, tale area pu\u00f2 essere facilmente estesa per tutta la sua lunghezza, dal momento che la base \u00e8 specificatamente rinforzata.<br \/>\nIl box da tetto si apre automaticamente dal fondo verso l\u2019alto e pu\u00f2 essere facilmente caricato dal retro e dai lati. Questo \u00e8 l\u2019unico modo per stare sicuri anche quando si percorre la strada ad alte velocit\u00e0! Il box da tetto \u00e8 composto da due cerniere anteriori in acciaio inox, da due molle a gas all\u2019interno, e da tre morsetti in acciaio inox posteriori per evitare l\u2019improvvisa apertura del box. Viene cos\u00ec integrata automaticamente una protezione antifurto senza rivali.<\/strong><\/p>\n<p><strong>Malibu SL\u00a0 ca. 580 l<br \/>\n<\/strong><\/p>\n<p><strong>Questo box da tetto \u00e8 ideale per i surfisti la cui attrezzatura consiste in 2 &#8211; 3 alberi (lunghezza &lt;263 centimetri), 1 &#8211; 2 boma e 4 &#8211; 6 vele. Vi \u00e8 anche abbastanza spazio per piccoli oggetti. A seconda delle dimensioni del portabagagli, questo box da tetto pu\u00f2 anche essere montato in modo che vi sia a disposizione dell\u2019altro spazio per ulteriori tavole da surf. Pu\u00f2 essere facilmente riposta in esso una piccola tavola da surf di circa 264\/63,5 centimetri. Il box da tetto \u00e8 concepito per il trasporto di tavole da surf sul proprio coperchio. A seconda della distribuzione del peso le molle a gas sollevano automaticamente verso l\u2019alto tavole da surf fino a 20 kg.<\/strong><\/p>\n<p><strong>Esempio Malib\u00f9 SL<br \/>\n<\/strong><\/p>\n<ul>\n<li><strong>Barre porta surf rimuovibile <\/strong><\/li>\n<li><strong>Fabbricazione in vetroresina<\/strong><\/li>\n<li><strong>Raccordi in acciaio inox inclusi <\/strong><\/li>\n<li><strong>Set di montaggio in acciaio inox incluso <\/strong><\/li>\n<li><strong>Materiale tecnico inossidabile disponibile (agganci a T per barre portatutto) * <\/strong><\/li>\n<li><strong>Nano-rivestimento lucido e sigillatura inclusi<\/strong><\/li>\n<li><strong>Completamente resistente ai raggi UV<\/strong><\/li>\n<li><strong>Il box sul tetto \u00e8 dotato di serratura<\/strong><\/li>\n<li><strong>2 resistenti molle a gas<\/strong><\/li>\n<li><strong>Aerodinamico, rigido<\/strong><\/li>\n<li><strong>Adatto per tutti i veicoli e i sistemi di trasporto<\/strong><\/li>\n<li><strong>Montaggio variabile (Base liscia)<\/strong><\/li>\n<li><strong>Dimensioni: ca. 265 x 72 x 30 cm (La lunghezza interna massima \u00e8 di circa 263 cm) <\/strong><\/li>\n<li><strong>Solo 22 kg di peso <\/strong><\/li>\n<li><strong>130 kg di capacit\u00e0<\/strong><\/li>\n<\/ul>\n<p><strong>Tutti i box Surfline hannno una basa piatta e staffe ad U in acciaio inox.<\/strong><\/p>\n<p><strong>* Adattatori a T sono disponibili, ma non consigliati, perch\u00e9 riducono la portata utile a 95 Kg. <\/strong><\/p>\n<p><a href=\"https:\/\/surfbox.de\/it\/traegertabelle-2\/\"><strong>Non siete ancora sicuri? Fate clic su questa tabella che mostra le dimensioni e le misure di montaggio.<\/strong><\/a><\/p>\n<p>&nbsp;<\/p>\n<p><a href=\"https:\/\/surfbox.de\/wp-content\/uploads\/2014\/05\/surfcollage1.jpg\"><img loading=\"lazy\" class=\"alignnone size-full wp-image-22278\" src=\"https:\/\/surfbox.de\/wp-content\/uploads\/2014\/05\/surfcollage1.jpg\" alt=\"surfcollage1\" width=\"1200\" height=\"300\" srcset=\"https:\/\/surfbox.de\/wp-content\/uploads\/2014\/05\/surfcollage1.jpg 1200w, https:\/\/surfbox.de\/wp-content\/uploads\/2014\/05\/surfcollage1-570x143.jpg 570w, https:\/\/surfbox.de\/wp-content\/uploads\/2014\/05\/surfcollage1-270x67.jpg 270w\" sizes=\"(max-width: 1200px) 100vw, 1200px\" \/><\/a><\/p>\n<p><a href=\"https:\/\/surfbox.de\/wp-content\/uploads\/2014\/05\/beschreibung+dekra.jpg\"><img loading=\"lazy\" class=\"alignnone wp-image-22258\" src=\"https:\/\/surfbox.de\/wp-content\/uploads\/2014\/05\/beschreibung+dekra.jpg\" alt=\"beschreibung+dekra\" width=\"1131\" height=\"216\" srcset=\"https:\/\/surfbox.de\/wp-content\/uploads\/2014\/05\/beschreibung+dekra.jpg 1570w, https:\/\/surfbox.de\/wp-content\/uploads\/2014\/05\/beschreibung+dekra-570x109.jpg 570w, https:\/\/surfbox.de\/wp-content\/uploads\/2014\/05\/beschreibung+dekra-270x51.jpg 270w\" sizes=\"(max-width: 1131px) 100vw, 1131px\" \/><\/a><\/p>\n<p><a href=\"https:\/\/surfbox.de\/wp-content\/uploads\/2014\/05\/Weiterescollage.jpg\"><img loading=\"lazy\" class=\"alignnone size-full wp-image-22263\" src=\"https:\/\/surfbox.de\/wp-content\/uploads\/2014\/05\/Weiterescollage.jpg\" alt=\"Weiterescollage\" width=\"1200\" height=\"300\" srcset=\"https:\/\/surfbox.de\/wp-content\/uploads\/2014\/05\/Weiterescollage.jpg 1200w, https:\/\/surfbox.de\/wp-content\/uploads\/2014\/05\/Weiterescollage-570x143.jpg 570w, https:\/\/surfbox.de\/wp-content\/uploads\/2014\/05\/Weiterescollage-270x67.jpg 270w\" sizes=\"(max-width: 1200px) 100vw, 1200px\" \/><\/a><\/p>\n<p><a href=\"https:\/\/surfbox.de\/wp-content\/uploads\/2014\/05\/Befestigungscollage-1200px.jpg\"><img loading=\"lazy\" class=\"alignnone size-full wp-image-22253\" src=\"https:\/\/surfbox.de\/wp-content\/uploads\/2014\/05\/Befestigungscollage-1200px.jpg\" alt=\"Befestigungscollage 1200px\" width=\"1200\" height=\"300\" srcset=\"https:\/\/surfbox.de\/wp-content\/uploads\/2014\/05\/Befestigungscollage-1200px.jpg 1200w, https:\/\/surfbox.de\/wp-content\/uploads\/2014\/05\/Befestigungscollage-1200px-570x143.jpg 570w, https:\/\/surfbox.de\/wp-content\/uploads\/2014\/05\/Befestigungscollage-1200px-270x67.jpg 270w\" sizes=\"(max-width: 1200px) 100vw, 1200px\" \/><\/a><\/p>\n<h1>Istruzioni di sicurezza<\/h1>\n<p>Seguire le istruzioni di montaggio contenute nella confezione. Le viti sono serrate solo a mano. Non guidate mai con le serrature aperte o addirittura con il coperchio aperto. Il comportamento di guida del veicolo cambia a causa del box (sensibilit\u00e0 laterale, comportamento in curva e in frenata), soprattutto se carico. Lo stile di guida e la velocit\u00e0 devono essere adattati al comportamento di guida modificato. Osservate anche le istruzioni per l&#8217;uso del vostro veicolo e del portapacchi per quanto riguarda la velocit\u00e0 e il carico sul tetto.<\/p>\n","protected":false},"excerpt":{"rendered":"<p>Offerta: direttamente dal produttore con barre porta surf sul coperchio Sicuramente un box portabagagli non \u00e8 la cosa pi\u00f9 importante quando si pianifica una vacanza. Contribuisce per\u00f2 a rendere la vacanza comoda e sicura. Dopo 25 anni di esperienza, con una breve descrizione, proviamo a spiegarvi tutto. Il produttore di box portabagagli in vetroresina per&hellip;<\/p>\n","protected":false},"featured_media":21928,"comment_status":"closed","ping_status":"closed","template":"","meta":[],"product_cat":[184],"product_tag":[],"yoast_head":"<!-- This site is optimized with the Yoast SEO plugin v17.9 - https:\/\/yoast.com\/wordpress\/plugins\/seo\/ -->\n<title>Box portabagagli Malibu SL con barre porta surf sul coperchio - Box da tetto Premium in VTR<\/title>\n<meta name=\"description\" content=\"In unserem Shop finden Sie hochwertige Dachboxen in edlem Design. Sie sind Windkanal getestet und Verbrauchs sparend. F\u00fcr Camping, Wasser- und Wintersport uvm. Qualit\u00e4t seit 1989.\" \/>\n<meta name=\"robots\" content=\"index, follow, max-snippet:-1, max-image-preview:large, max-video-preview:-1\" \/>\n<link rel=\"canonical\" href=\"https:\/\/surfbox.de\/it\/box-da-tetto-shop\/box-portabagagli\/box-portabagagli-per-surfisti\/malibu-sl-box-portabagagli-con\/\" \/>\n<meta property=\"og:locale\" content=\"it_IT\" \/>\n<meta property=\"og:type\" content=\"article\" \/>\n<meta property=\"og:title\" content=\"Box portabagagli Malibu SL con barre porta surf sul coperchio - Box da tetto Premium in VTR\" \/>\n<meta property=\"og:description\" content=\"In unserem Shop finden Sie hochwertige Dachboxen in edlem Design. Sie sind Windkanal getestet und Verbrauchs sparend. F\u00fcr Camping, Wasser- und Wintersport uvm. Qualit\u00e4t seit 1989.\" \/>\n<meta property=\"og:url\" content=\"https:\/\/surfbox.de\/it\/box-da-tetto-shop\/box-portabagagli\/box-portabagagli-per-surfisti\/malibu-sl-box-portabagagli-con\/\" \/>\n<meta property=\"og:site_name\" content=\"Box da tetto Premium in VTR\" \/>\n<meta property=\"article:modified_time\" content=\"2024-12-17T08:50:19+00:00\" \/>\n<meta property=\"og:image\" content=\"https:\/\/surfbox.de\/wp-content\/uploads\/2014\/05\/Dachbox_Malibu-4.jpg\" \/>\n\t<meta property=\"og:image:width\" content=\"1140\" \/>\n\t<meta property=\"og:image:height\" content=\"760\" \/>\n\t<meta property=\"og:image:type\" content=\"image\/jpeg\" \/>\n<meta name=\"twitter:label1\" content=\"Availability\" \/>\n\t<meta name=\"twitter:data1\" content=\"In stock\" \/>\n<script type=\"application\/ld+json\" class=\"yoast-schema-graph\">{\"@context\":\"https:\/\/schema.org\",\"@graph\":[{\"@type\":\"WebSite\",\"@id\":\"https:\/\/surfbox.de\/#website\",\"url\":\"https:\/\/surfbox.de\/\",\"name\":\"Box da tetto Premium in VTR\",\"description\":\"Mobila GmbH produces premium roof boxes skiboxes &amp; Surf boxes\",\"potentialAction\":[{\"@type\":\"SearchAction\",\"target\":{\"@type\":\"EntryPoint\",\"urlTemplate\":\"https:\/\/surfbox.de\/?s={search_term_string}\"},\"query-input\":\"required name=search_term_string\"}],\"inLanguage\":\"it-IT\"},{\"@type\":\"ImageObject\",\"@id\":\"https:\/\/surfbox.de\/it\/box-da-tetto-shop\/box-portabagagli\/box-portabagagli-per-surfisti\/malibu-sl-box-portabagagli-con\/#primaryimage\",\"inLanguage\":\"it-IT\",\"url\":\"https:\/\/surfbox.de\/wp-content\/uploads\/2014\/05\/Dachbox_Malibu-4.jpg\",\"contentUrl\":\"https:\/\/surfbox.de\/wp-content\/uploads\/2014\/05\/Dachbox_Malibu-4.jpg\",\"width\":1140,\"height\":760},{\"@type\":\"WebPage\",\"@id\":\"https:\/\/surfbox.de\/it\/box-da-tetto-shop\/box-portabagagli\/box-portabagagli-per-surfisti\/malibu-sl-box-portabagagli-con\/#webpage\",\"url\":\"https:\/\/surfbox.de\/it\/box-da-tetto-shop\/box-portabagagli\/box-portabagagli-per-surfisti\/malibu-sl-box-portabagagli-con\/\",\"name\":\"Box portabagagli Malibu SL con barre porta surf sul coperchio - Box da tetto Premium in VTR\",\"isPartOf\":{\"@id\":\"https:\/\/surfbox.de\/#website\"},\"primaryImageOfPage\":{\"@id\":\"https:\/\/surfbox.de\/it\/box-da-tetto-shop\/box-portabagagli\/box-portabagagli-per-surfisti\/malibu-sl-box-portabagagli-con\/#primaryimage\"},\"datePublished\":\"2014-12-09T10:39:24+00:00\",\"dateModified\":\"2024-12-17T08:50:19+00:00\",\"description\":\"In unserem Shop finden Sie hochwertige Dachboxen in edlem Design. Sie sind Windkanal getestet und Verbrauchs sparend. F\\u00fcr Camping, Wasser- und Wintersport uvm. Qualit\\u00e4t seit 1989.\",\"breadcrumb\":{\"@id\":\"https:\/\/surfbox.de\/it\/box-da-tetto-shop\/box-portabagagli\/box-portabagagli-per-surfisti\/malibu-sl-box-portabagagli-con\/#breadcrumb\"},\"inLanguage\":\"it-IT\",\"potentialAction\":[{\"@type\":\"ReadAction\",\"target\":[\"https:\/\/surfbox.de\/it\/box-da-tetto-shop\/box-portabagagli\/box-portabagagli-per-surfisti\/malibu-sl-box-portabagagli-con\/\"]}]},{\"@type\":\"BreadcrumbList\",\"@id\":\"https:\/\/surfbox.de\/it\/box-da-tetto-shop\/box-portabagagli\/box-portabagagli-per-surfisti\/malibu-sl-box-portabagagli-con\/#breadcrumb\",\"itemListElement\":[{\"@type\":\"ListItem\",\"position\":1,\"name\":\"Home\",\"item\":\"https:\/\/surfbox.de\/it\/\"},{\"@type\":\"ListItem\",\"position\":2,\"name\":\"Negozio\",\"item\":\"https:\/\/surfbox.de\/it\/negozio\/\"},{\"@type\":\"ListItem\",\"position\":3,\"name\":\"Box portabagagli Malibu SL con barre porta surf sul coperchio\"}]}]}<\/script>\n<!-- \/ Yoast SEO plugin. -->","yoast_head_json":{"title":"Box portabagagli Malibu SL con barre porta surf sul coperchio - Box da tetto Premium in VTR","description":"In unserem Shop finden Sie hochwertige Dachboxen in edlem Design. Sie sind Windkanal getestet und Verbrauchs sparend. F\u00fcr Camping, Wasser- und Wintersport uvm. Qualit\u00e4t seit 1989.","robots":{"index":"index","follow":"follow","max-snippet":"max-snippet:-1","max-image-preview":"max-image-preview:large","max-video-preview":"max-video-preview:-1"},"canonical":"https:\/\/surfbox.de\/it\/box-da-tetto-shop\/box-portabagagli\/box-portabagagli-per-surfisti\/malibu-sl-box-portabagagli-con\/","og_locale":"it_IT","og_type":"article","og_title":"Box portabagagli Malibu SL con barre porta surf sul coperchio - Box da tetto Premium in VTR","og_description":"In unserem Shop finden Sie hochwertige Dachboxen in edlem Design. Sie sind Windkanal getestet und Verbrauchs sparend. F\u00fcr Camping, Wasser- und Wintersport uvm. Qualit\u00e4t seit 1989.","og_url":"https:\/\/surfbox.de\/it\/box-da-tetto-shop\/box-portabagagli\/box-portabagagli-per-surfisti\/malibu-sl-box-portabagagli-con\/","og_site_name":"Box da tetto Premium in VTR","article_modified_time":"2024-12-17T08:50:19+00:00","og_image":[{"width":1140,"height":760,"url":"https:\/\/surfbox.de\/wp-content\/uploads\/2014\/05\/Dachbox_Malibu-4.jpg","type":"image\/jpeg"}],"twitter_misc":{"Availability":"In stock"},"schema":{"@context":"https:\/\/schema.org","@graph":[{"@type":"WebSite","@id":"https:\/\/surfbox.de\/#website","url":"https:\/\/surfbox.de\/","name":"Box da tetto Premium in VTR","description":"Mobila GmbH produces premium roof boxes skiboxes &amp; Surf boxes","potentialAction":[{"@type":"SearchAction","target":{"@type":"EntryPoint","urlTemplate":"https:\/\/surfbox.de\/?s={search_term_string}"},"query-input":"required name=search_term_string"}],"inLanguage":"it-IT"},{"@type":"ImageObject","@id":"https:\/\/surfbox.de\/it\/box-da-tetto-shop\/box-portabagagli\/box-portabagagli-per-surfisti\/malibu-sl-box-portabagagli-con\/#primaryimage","inLanguage":"it-IT","url":"https:\/\/surfbox.de\/wp-content\/uploads\/2014\/05\/Dachbox_Malibu-4.jpg","contentUrl":"https:\/\/surfbox.de\/wp-content\/uploads\/2014\/05\/Dachbox_Malibu-4.jpg","width":1140,"height":760},{"@type":"WebPage","@id":"https:\/\/surfbox.de\/it\/box-da-tetto-shop\/box-portabagagli\/box-portabagagli-per-surfisti\/malibu-sl-box-portabagagli-con\/#webpage","url":"https:\/\/surfbox.de\/it\/box-da-tetto-shop\/box-portabagagli\/box-portabagagli-per-surfisti\/malibu-sl-box-portabagagli-con\/","name":"Box portabagagli Malibu SL con barre porta surf sul coperchio - Box da tetto Premium in VTR","isPartOf":{"@id":"https:\/\/surfbox.de\/#website"},"primaryImageOfPage":{"@id":"https:\/\/surfbox.de\/it\/box-da-tetto-shop\/box-portabagagli\/box-portabagagli-per-surfisti\/malibu-sl-box-portabagagli-con\/#primaryimage"},"datePublished":"2014-12-09T10:39:24+00:00","dateModified":"2024-12-17T08:50:19+00:00","description":"In unserem Shop finden Sie hochwertige Dachboxen in edlem Design. Sie sind Windkanal getestet und Verbrauchs sparend. F\u00fcr Camping, Wasser- und Wintersport uvm. Qualit\u00e4t seit 1989.","breadcrumb":{"@id":"https:\/\/surfbox.de\/it\/box-da-tetto-shop\/box-portabagagli\/box-portabagagli-per-surfisti\/malibu-sl-box-portabagagli-con\/#breadcrumb"},"inLanguage":"it-IT","potentialAction":[{"@type":"ReadAction","target":["https:\/\/surfbox.de\/it\/box-da-tetto-shop\/box-portabagagli\/box-portabagagli-per-surfisti\/malibu-sl-box-portabagagli-con\/"]}]},{"@type":"BreadcrumbList","@id":"https:\/\/surfbox.de\/it\/box-da-tetto-shop\/box-portabagagli\/box-portabagagli-per-surfisti\/malibu-sl-box-portabagagli-con\/#breadcrumb","itemListElement":[{"@type":"ListItem","position":1,"name":"Home","item":"https:\/\/surfbox.de\/it\/"},{"@type":"ListItem","position":2,"name":"Negozio","item":"https:\/\/surfbox.de\/it\/negozio\/"},{"@type":"ListItem","position":3,"name":"Box portabagagli Malibu SL con barre porta surf sul coperchio"}]}]}},"_links":{"self":[{"href":"https:\/\/surfbox.de\/it\/wp-json\/wp\/v2\/product\/22441"}],"collection":[{"href":"https:\/\/surfbox.de\/it\/wp-json\/wp\/v2\/product"}],"about":[{"href":"https:\/\/surfbox.de\/it\/wp-json\/wp\/v2\/types\/product"}],"replies":[{"embeddable":true,"href":"https:\/\/surfbox.de\/it\/wp-json\/wp\/v2\/comments?post=22441"}],"wp:featuredmedia":[{"embeddable":true,"href":"https:\/\/surfbox.de\/it\/wp-json\/wp\/v2\/media\/21928"}],"wp:attachment":[{"href":"https:\/\/surfbox.de\/it\/wp-json\/wp\/v2\/media?parent=22441"}],"wp:term":[{"taxonomy":"product_cat","embeddable":true,"href":"https:\/\/surfbox.de\/it\/wp-json\/wp\/v2\/product_cat?post=22441"},{"taxonomy":"product_tag","embeddable":true,"href":"https:\/\/surfbox.de\/it\/wp-json\/wp\/v2\/product_tag?post=22441"}],"curies":[{"name":"wp","href":"https:\/\/api.w.org\/{rel}","templated":true}]}}