
{"id":43781,"date":"2016-04-07T11:52:55","date_gmt":"2016-04-07T09:53:09","guid":{"rendered":""},"modified":"2024-12-17T10:07:36","modified_gmt":"2024-12-17T09:07:36","slug":"box-da-tetto-beluga-xxl-vacanza","status":"publish","type":"product","link":"https:\/\/surfbox.de\/it\/box-da-tetto-shop\/box-portabagagli\/box-portabagagli-sci\/box-da-tetto-beluga-xxl-vacanza\/","title":{"rendered":"Box da tetto Beluga XXL &#8211; Vacanza con il cane"},"content":{"rendered":"<p><strong>Azione: Direttamente dal produttore<\/strong><\/p>\n<p>Certo il box da tetto non \u00e8 la cosa pi\u00f9 importante quando si pianifica una vacanza. Tuttavia, pu\u00f2 contribuire a una vacanza confortevole e sicura. Con questa piccola descrizione, cerchiamo di impacchettare in modo compatto i nostri 25 anni abbondanti di esperienza. Il Numero 1 al mondo per i box da tetto realizzati in fibra di vetro &#8211; sempre avanti grazie alla qualit\u00e0!<br \/>\nLa tua squadra Mobila<\/p>\n<p><strong>Il box da tetto Beluga XXL \u00e8 un box da tetto moderno e molto robusto realizzato in fibra di vetro (GRP), dotato di tutte le caratteristiche di prodotto intelligenti. Ideale per le vacanze con il surf e gli sci: \u00e8 ideale per il trasporto di sci carving e snowboard.<\/strong><\/p>\n<p><strong>Beluga XXL \u00e8 disponibile in un elegante bianco lucido,\u00a0nero lucido o grigio lucido. <\/strong>Con un piccolo sovrapprezzo \u00e8 possibile ordinare Beluga XXL anche in argento lucido.<strong> Accessori: Box da tetto tutto compreso.<\/strong><\/p>\n<p><strong>Beluga XXL in fibra di vetro.<\/strong> Box da tetto Exclusive. <strong>Solo da Mobila.\u00a0Questo box da tetto \u00e8 dotato di cavit\u00e0 per l&#8217;accesso ai bagagli di 3 cm. La distanza minima tra l&#8217;attacco posteriore e la fine del box da tetto \u00e8 di 40 centimetri. L&#8217;area di installazione predefinita tra i binari del tetto \u00e8 di 56-106 cm.<\/strong> Tuttavia, tale area pu\u00f2 essere facilmente estesa per tutta la sua lunghezza, dal momento che la base \u00e8 specificatamente rinforzata. Il box da tetto si apre automaticamente dal fondo verso l&#8217;alto e pu\u00f2 essere facilmente caricato dal retro e dai lati. <strong>Questo \u00e8 l&#8217;unico modo per stare sicuri anche quando si percorre la strada ad alte velocit\u00e0! <\/strong>Il box da tetto \u00e8 composto da due cerniere anteriori in acciaio inox, da due molle a gas all&#8217;interno, e da tre morsetti in acciaio inox posteriori per evitare l&#8217;improvvisa apertura del box. Viene cos\u00ec integrata automaticamente una <strong>protezione antifurto<\/strong> senza rivali.<\/p>\n<p><strong>Beluga XXL ca. 800 l \u2013 il nostro preferito<\/strong><\/p>\n<p>La vostra famiglia ha sempre un sacco di bagagli? Per la vacanza estiva o sugli sci, con questo box risolvete il problema dei trasporti. Diversi sci da carving o da fondo per almeno 6-8 persone, caschi, scarponi, bastoncini e snowboard. In alternativa, si dispone di spazio sufficiente per tre valigie o varie borse standard di qualsiasi dimensione. L&#8217;elevata capacit\u00e0 di carico di circa 95 kg rende questo contenitore un vero e proprio accessorio preferito. e il portellone pu\u00f2 essere aperto facilmente.<\/p>\n<p><strong>Esempio Beluga<\/strong><\/p>\n<ul>\n<li><strong>Fabbricazione in vetroresina<\/strong><\/li>\n<li><strong>200 km\/h possibili <\/strong><\/li>\n<li><strong>Raccordi in acciaio inox inclusi <\/strong><\/li>\n<li><strong>Set di montaggio in acciaio inox incluso <\/strong><\/li>\n<li><strong>Materiale tecnico inossidabile disponibile (per supporti in alluminio per es. barra ad aletta di Thule), compresa <\/strong><\/li>\n<li><strong>Nano-rivestimento e sigillatura lucidi inclusi<\/strong><\/li>\n<li>Cinghia di tensione inclusa<\/li>\n<li>Completamente resistente ai raggi UV<\/li>\n<li>Il box sul tetto \u00e8 dotato di serratura<\/li>\n<li>2 resistenti molle a gas<\/li>\n<li>Aerodinamico, rigido<\/li>\n<li>Adatto per tutti i veicoli e i sistemi di trasporto<\/li>\n<li>Montaggio variabile (Base liscia)<\/li>\n<li><strong>Dimensioni: ca. 228 x 90 x 46 cm (La lunghezza interna massima \u00e8 di circa 220 centimetri)\u00a0<\/strong><\/li>\n<li><strong>Solo 21 kg di peso <\/strong><\/li>\n<li><strong>95 kg di capacit\u00e0<\/strong><\/li>\n<\/ul>\n<p><a title=\"Tr\u00e4gertabelle\" href=\"https:\/\/surfbox.de\/it\/traegertabelle-2\/\">Non siete ancora sicuri? Fate clic su questa tabella che mostra le dimensioni e le misure di montaggio.<\/a><\/p>\n<p>&nbsp;<\/p>\n<p><a href=\"https:\/\/surfbox.de\/wp-content\/uploads\/2014\/05\/beschreibung+dekra.jpg\"><img loading=\"lazy\" class=\"alignnone wp-image-22258\" src=\"https:\/\/surfbox.de\/wp-content\/uploads\/2014\/05\/beschreibung+dekra.jpg\" alt=\"beschreibung+dekra\" width=\"1131\" height=\"216\" srcset=\"https:\/\/surfbox.de\/wp-content\/uploads\/2014\/05\/beschreibung+dekra.jpg 1570w, https:\/\/surfbox.de\/wp-content\/uploads\/2014\/05\/beschreibung+dekra-570x109.jpg 570w, https:\/\/surfbox.de\/wp-content\/uploads\/2014\/05\/beschreibung+dekra-270x51.jpg 270w\" sizes=\"(max-width: 1131px) 100vw, 1131px\" \/><\/a><\/p>\n<p><a href=\"https:\/\/surfbox.de\/wp-content\/uploads\/2014\/05\/Weiterescollage.jpg\"><img loading=\"lazy\" class=\"alignnone size-full wp-image-22263\" src=\"https:\/\/surfbox.de\/wp-content\/uploads\/2014\/05\/Weiterescollage.jpg\" alt=\"Weiterescollage\" width=\"1200\" height=\"300\" srcset=\"https:\/\/surfbox.de\/wp-content\/uploads\/2014\/05\/Weiterescollage.jpg 1200w, https:\/\/surfbox.de\/wp-content\/uploads\/2014\/05\/Weiterescollage-570x143.jpg 570w, https:\/\/surfbox.de\/wp-content\/uploads\/2014\/05\/Weiterescollage-270x67.jpg 270w\" sizes=\"(max-width: 1200px) 100vw, 1200px\" \/><\/a><\/p>\n<p><a href=\"https:\/\/surfbox.de\/wp-content\/uploads\/2014\/05\/Befestigungscollage-1200px.jpg\"><img loading=\"lazy\" class=\"alignnone size-full wp-image-22253\" src=\"https:\/\/surfbox.de\/wp-content\/uploads\/2014\/05\/Befestigungscollage-1200px.jpg\" alt=\"Befestigungscollage 1200px\" width=\"1200\" height=\"300\" srcset=\"https:\/\/surfbox.de\/wp-content\/uploads\/2014\/05\/Befestigungscollage-1200px.jpg 1200w, https:\/\/surfbox.de\/wp-content\/uploads\/2014\/05\/Befestigungscollage-1200px-570x143.jpg 570w, https:\/\/surfbox.de\/wp-content\/uploads\/2014\/05\/Befestigungscollage-1200px-270x67.jpg 270w\" sizes=\"(max-width: 1200px) 100vw, 1200px\" \/><\/a><\/p>\n<h1>Istruzioni di sicurezza<\/h1>\n<p>Seguire le istruzioni di montaggio contenute nella confezione. Le viti sono serrate solo a mano. Non guidate mai con le serrature aperte o addirittura con il coperchio aperto. Il comportamento di guida del veicolo cambia a causa del box (sensibilit\u00e0 laterale, comportamento in curva e in frenata), soprattutto se carico. Lo stile di guida e la velocit\u00e0 devono essere adattati al comportamento di guida modificato. Osservate anche le istruzioni per l&#8217;uso del vostro veicolo e del portapacchi per quanto riguarda la velocit\u00e0 e il carico sul tetto.<\/p>\n","protected":false},"excerpt":{"rendered":"<p>Azione: Direttamente dal produttore Certo il box da tetto non \u00e8 la cosa pi\u00f9 importante quando si pianifica una vacanza. Tuttavia, pu\u00f2 contribuire a una vacanza confortevole e sicura. Con questa piccola descrizione, cerchiamo di impacchettare in modo compatto i nostri 25 anni abbondanti di esperienza. Il Numero 1 al mondo per i box da&hellip;<\/p>\n","protected":false},"featured_media":22018,"comment_status":"closed","ping_status":"closed","template":"","meta":[],"product_cat":[172,179],"product_tag":[],"yoast_head":"<!-- This site is optimized with the Yoast SEO plugin v17.9 - https:\/\/yoast.com\/wordpress\/plugins\/seo\/ -->\n<title>Box da tetto Beluga XXL - Vacanza con il cane - Box da tetto Premium in VTR<\/title>\n<meta name=\"description\" content=\"In unserem Shop finden Sie hochwertige Dachboxen in edlem Design. Sie sind Windkanal getestet und Verbrauchs sparend. F\u00fcr Camping, Wasser- und Wintersport uvm. Qualit\u00e4t seit 1989.\" \/>\n<meta name=\"robots\" content=\"index, follow, max-snippet:-1, max-image-preview:large, max-video-preview:-1\" \/>\n<link rel=\"canonical\" href=\"https:\/\/surfbox.de\/it\/box-da-tetto-shop\/box-portabagagli\/box-portabagagli-sci\/box-da-tetto-beluga-xxl-vacanza\/\" \/>\n<meta property=\"og:locale\" content=\"it_IT\" \/>\n<meta property=\"og:type\" content=\"article\" \/>\n<meta property=\"og:title\" content=\"Box da tetto Beluga XXL - Vacanza con il cane - Box da tetto Premium in VTR\" \/>\n<meta property=\"og:description\" content=\"In unserem Shop finden Sie hochwertige Dachboxen in edlem Design. Sie sind Windkanal getestet und Verbrauchs sparend. F\u00fcr Camping, Wasser- und Wintersport uvm. Qualit\u00e4t seit 1989.\" \/>\n<meta property=\"og:url\" content=\"https:\/\/surfbox.de\/it\/box-da-tetto-shop\/box-portabagagli\/box-portabagagli-sci\/box-da-tetto-beluga-xxl-vacanza\/\" \/>\n<meta property=\"og:site_name\" content=\"Box da tetto Premium in VTR\" \/>\n<meta property=\"article:modified_time\" content=\"2024-12-17T09:07:36+00:00\" \/>\n<meta property=\"og:image\" content=\"https:\/\/surfbox.de\/wp-content\/uploads\/2014\/05\/beluga-mercedes-m-rechts-ganz.jpg\" \/>\n\t<meta property=\"og:image:width\" content=\"1140\" \/>\n\t<meta property=\"og:image:height\" content=\"650\" \/>\n\t<meta property=\"og:image:type\" content=\"image\/jpeg\" \/>\n<meta name=\"twitter:label1\" content=\"Availability\" \/>\n\t<meta name=\"twitter:data1\" content=\"In stock\" \/>\n<script type=\"application\/ld+json\" class=\"yoast-schema-graph\">{\"@context\":\"https:\/\/schema.org\",\"@graph\":[{\"@type\":\"WebSite\",\"@id\":\"https:\/\/surfbox.de\/#website\",\"url\":\"https:\/\/surfbox.de\/\",\"name\":\"Box da tetto Premium in VTR\",\"description\":\"Mobila GmbH produces premium roof boxes skiboxes &amp; Surf boxes\",\"potentialAction\":[{\"@type\":\"SearchAction\",\"target\":{\"@type\":\"EntryPoint\",\"urlTemplate\":\"https:\/\/surfbox.de\/?s={search_term_string}\"},\"query-input\":\"required name=search_term_string\"}],\"inLanguage\":\"it-IT\"},{\"@type\":\"ImageObject\",\"@id\":\"https:\/\/surfbox.de\/it\/box-da-tetto-shop\/box-portabagagli\/box-portabagagli-sci\/box-da-tetto-beluga-xxl-vacanza\/#primaryimage\",\"inLanguage\":\"it-IT\",\"url\":\"https:\/\/surfbox.de\/wp-content\/uploads\/2014\/05\/beluga-mercedes-m-rechts-ganz.jpg\",\"contentUrl\":\"https:\/\/surfbox.de\/wp-content\/uploads\/2014\/05\/beluga-mercedes-m-rechts-ganz.jpg\",\"width\":1140,\"height\":650},{\"@type\":\"WebPage\",\"@id\":\"https:\/\/surfbox.de\/it\/box-da-tetto-shop\/box-portabagagli\/box-portabagagli-sci\/box-da-tetto-beluga-xxl-vacanza\/#webpage\",\"url\":\"https:\/\/surfbox.de\/it\/box-da-tetto-shop\/box-portabagagli\/box-portabagagli-sci\/box-da-tetto-beluga-xxl-vacanza\/\",\"name\":\"Box da tetto Beluga XXL - Vacanza con il cane - Box da tetto Premium in VTR\",\"isPartOf\":{\"@id\":\"https:\/\/surfbox.de\/#website\"},\"primaryImageOfPage\":{\"@id\":\"https:\/\/surfbox.de\/it\/box-da-tetto-shop\/box-portabagagli\/box-portabagagli-sci\/box-da-tetto-beluga-xxl-vacanza\/#primaryimage\"},\"datePublished\":\"2016-04-07T09:53:09+00:00\",\"dateModified\":\"2024-12-17T09:07:36+00:00\",\"description\":\"In unserem Shop finden Sie hochwertige Dachboxen in edlem Design. Sie sind Windkanal getestet und Verbrauchs sparend. F\\u00fcr Camping, Wasser- und Wintersport uvm. Qualit\\u00e4t seit 1989.\",\"breadcrumb\":{\"@id\":\"https:\/\/surfbox.de\/it\/box-da-tetto-shop\/box-portabagagli\/box-portabagagli-sci\/box-da-tetto-beluga-xxl-vacanza\/#breadcrumb\"},\"inLanguage\":\"it-IT\",\"potentialAction\":[{\"@type\":\"ReadAction\",\"target\":[\"https:\/\/surfbox.de\/it\/box-da-tetto-shop\/box-portabagagli\/box-portabagagli-sci\/box-da-tetto-beluga-xxl-vacanza\/\"]}]},{\"@type\":\"BreadcrumbList\",\"@id\":\"https:\/\/surfbox.de\/it\/box-da-tetto-shop\/box-portabagagli\/box-portabagagli-sci\/box-da-tetto-beluga-xxl-vacanza\/#breadcrumb\",\"itemListElement\":[{\"@type\":\"ListItem\",\"position\":1,\"name\":\"Home\",\"item\":\"https:\/\/surfbox.de\/it\/\"},{\"@type\":\"ListItem\",\"position\":2,\"name\":\"Negozio\",\"item\":\"https:\/\/surfbox.de\/it\/negozio\/\"},{\"@type\":\"ListItem\",\"position\":3,\"name\":\"Box da tetto Beluga XXL &#8211; Vacanza con il cane\"}]}]}<\/script>\n<!-- \/ Yoast SEO plugin. -->","yoast_head_json":{"title":"Box da tetto Beluga XXL - Vacanza con il cane - Box da tetto Premium in VTR","description":"In unserem Shop finden Sie hochwertige Dachboxen in edlem Design. Sie sind Windkanal getestet und Verbrauchs sparend. F\u00fcr Camping, Wasser- und Wintersport uvm. Qualit\u00e4t seit 1989.","robots":{"index":"index","follow":"follow","max-snippet":"max-snippet:-1","max-image-preview":"max-image-preview:large","max-video-preview":"max-video-preview:-1"},"canonical":"https:\/\/surfbox.de\/it\/box-da-tetto-shop\/box-portabagagli\/box-portabagagli-sci\/box-da-tetto-beluga-xxl-vacanza\/","og_locale":"it_IT","og_type":"article","og_title":"Box da tetto Beluga XXL - Vacanza con il cane - Box da tetto Premium in VTR","og_description":"In unserem Shop finden Sie hochwertige Dachboxen in edlem Design. Sie sind Windkanal getestet und Verbrauchs sparend. F\u00fcr Camping, Wasser- und Wintersport uvm. Qualit\u00e4t seit 1989.","og_url":"https:\/\/surfbox.de\/it\/box-da-tetto-shop\/box-portabagagli\/box-portabagagli-sci\/box-da-tetto-beluga-xxl-vacanza\/","og_site_name":"Box da tetto Premium in VTR","article_modified_time":"2024-12-17T09:07:36+00:00","og_image":[{"width":1140,"height":650,"url":"https:\/\/surfbox.de\/wp-content\/uploads\/2014\/05\/beluga-mercedes-m-rechts-ganz.jpg","type":"image\/jpeg"}],"twitter_misc":{"Availability":"In stock"},"schema":{"@context":"https:\/\/schema.org","@graph":[{"@type":"WebSite","@id":"https:\/\/surfbox.de\/#website","url":"https:\/\/surfbox.de\/","name":"Box da tetto Premium in VTR","description":"Mobila GmbH produces premium roof boxes skiboxes &amp; Surf boxes","potentialAction":[{"@type":"SearchAction","target":{"@type":"EntryPoint","urlTemplate":"https:\/\/surfbox.de\/?s={search_term_string}"},"query-input":"required name=search_term_string"}],"inLanguage":"it-IT"},{"@type":"ImageObject","@id":"https:\/\/surfbox.de\/it\/box-da-tetto-shop\/box-portabagagli\/box-portabagagli-sci\/box-da-tetto-beluga-xxl-vacanza\/#primaryimage","inLanguage":"it-IT","url":"https:\/\/surfbox.de\/wp-content\/uploads\/2014\/05\/beluga-mercedes-m-rechts-ganz.jpg","contentUrl":"https:\/\/surfbox.de\/wp-content\/uploads\/2014\/05\/beluga-mercedes-m-rechts-ganz.jpg","width":1140,"height":650},{"@type":"WebPage","@id":"https:\/\/surfbox.de\/it\/box-da-tetto-shop\/box-portabagagli\/box-portabagagli-sci\/box-da-tetto-beluga-xxl-vacanza\/#webpage","url":"https:\/\/surfbox.de\/it\/box-da-tetto-shop\/box-portabagagli\/box-portabagagli-sci\/box-da-tetto-beluga-xxl-vacanza\/","name":"Box da tetto Beluga XXL - Vacanza con il cane - Box da tetto Premium in VTR","isPartOf":{"@id":"https:\/\/surfbox.de\/#website"},"primaryImageOfPage":{"@id":"https:\/\/surfbox.de\/it\/box-da-tetto-shop\/box-portabagagli\/box-portabagagli-sci\/box-da-tetto-beluga-xxl-vacanza\/#primaryimage"},"datePublished":"2016-04-07T09:53:09+00:00","dateModified":"2024-12-17T09:07:36+00:00","description":"In unserem Shop finden Sie hochwertige Dachboxen in edlem Design. Sie sind Windkanal getestet und Verbrauchs sparend. F\u00fcr Camping, Wasser- und Wintersport uvm. Qualit\u00e4t seit 1989.","breadcrumb":{"@id":"https:\/\/surfbox.de\/it\/box-da-tetto-shop\/box-portabagagli\/box-portabagagli-sci\/box-da-tetto-beluga-xxl-vacanza\/#breadcrumb"},"inLanguage":"it-IT","potentialAction":[{"@type":"ReadAction","target":["https:\/\/surfbox.de\/it\/box-da-tetto-shop\/box-portabagagli\/box-portabagagli-sci\/box-da-tetto-beluga-xxl-vacanza\/"]}]},{"@type":"BreadcrumbList","@id":"https:\/\/surfbox.de\/it\/box-da-tetto-shop\/box-portabagagli\/box-portabagagli-sci\/box-da-tetto-beluga-xxl-vacanza\/#breadcrumb","itemListElement":[{"@type":"ListItem","position":1,"name":"Home","item":"https:\/\/surfbox.de\/it\/"},{"@type":"ListItem","position":2,"name":"Negozio","item":"https:\/\/surfbox.de\/it\/negozio\/"},{"@type":"ListItem","position":3,"name":"Box da tetto Beluga XXL &#8211; Vacanza con il cane"}]}]}},"_links":{"self":[{"href":"https:\/\/surfbox.de\/it\/wp-json\/wp\/v2\/product\/43781"}],"collection":[{"href":"https:\/\/surfbox.de\/it\/wp-json\/wp\/v2\/product"}],"about":[{"href":"https:\/\/surfbox.de\/it\/wp-json\/wp\/v2\/types\/product"}],"replies":[{"embeddable":true,"href":"https:\/\/surfbox.de\/it\/wp-json\/wp\/v2\/comments?post=43781"}],"wp:featuredmedia":[{"embeddable":true,"href":"https:\/\/surfbox.de\/it\/wp-json\/wp\/v2\/media\/22018"}],"wp:attachment":[{"href":"https:\/\/surfbox.de\/it\/wp-json\/wp\/v2\/media?parent=43781"}],"wp:term":[{"taxonomy":"product_cat","embeddable":true,"href":"https:\/\/surfbox.de\/it\/wp-json\/wp\/v2\/product_cat?post=43781"},{"taxonomy":"product_tag","embeddable":true,"href":"https:\/\/surfbox.de\/it\/wp-json\/wp\/v2\/product_tag?post=43781"}],"curies":[{"name":"wp","href":"https:\/\/api.w.org\/{rel}","templated":true}]}}