
{"id":74971,"date":"2019-02-07T12:21:35","date_gmt":"2019-02-07T11:21:42","guid":{"rendered":"https:\/\/surfbox.de\/?post_type=product&#038;p=74971"},"modified":"2025-08-28T14:27:03","modified_gmt":"2025-08-28T12:27:03","slug":"box-da-tetto-malibu-wave-xl-il-grande-box-per-il-tetto-solo-fatta-da-mobila","status":"publish","type":"product","link":"https:\/\/surfbox.de\/it\/box-da-tetto-shop\/box-portabagagli\/box-portabagagli-sci\/box-da-tetto-malibu-wave-xl-il-grande-box-per-il-tetto-solo-fatta-da-mobila\/","title":{"rendered":"Box da tetto Malibu Wave XL &#8211; il  grande box per il tetto solo fatta da Mobila"},"content":{"rendered":"<p><strong>Procedimento: direttamente dal produttore<\/strong><\/p>\n<p>Certo il box da tetto non \u00e8 la cosa pi\u00f9 importante quando si pianifica una vacanza. Tuttavia, pu\u00f2 contribuire a una vacanza confortevole e sicura. Con questa piccola descrizione, cerchiamo di impacchettare in modo compatto i nostri 25 anni abbondanti di esperienza. Il Numero 1 al mondo per i box da tetto realizzati in fibra di vetro &#8211; sempre avanti grazie alla qualit\u00e0!<br \/>\nLa tua squadra Mobila<\/p>\n<p><strong>Il box da tetto Malibu Wave XL \u00e8 un moderno e molto stabile baule da tetto in fibra di vetro (GRP) che \u00e8 dotato di tutte le caratteristiche pi\u00f9 sofisticate. Ideale per il surf e per le vacanze particolari: \u00e8 concepito per il trasporto di attrezzature da surf, ma anche per le attrezzature da sci o altri bagagli speciali.<\/strong><\/p>\n<p><strong>Malibu Wae XL \u00e8 disponibile in un elegante bianco lucido.<\/strong> Con un piccolo sovrapprezzo \u00e8 possibile ordinare Malibu Wave XL anche in nero lucido, grigio lucido e argento lucido. <strong>Accessori: Box da tetto tutto compreso.<\/strong><\/p>\n<p>Supporto per tavole da surf disponibile come optional (per i modelli Jumbo e Jumbo XL ordinare solo 100 cm o 120 cm; le immagini mostrano il box anche con il supporto per tavole da surf<\/p>\n<p>Qui trovate le istruzioni di montaggio del supporto per tavole da surf per questo box da tetto: <a href=\"file:\/\/\/C:\/Users\/monik\/Desktop\/montageanleitungen\/Montageanleitung%20Surfboardhalter%20italienisch.pdf\">Montageanleitung Surfboardhalter italienisch.pdf<\/a><\/p>\n<p><strong>Malibu Wave XL in fibra di vetro.<\/strong> Box da tetto Exclusive. <strong>Solo da Mobila.<\/strong> <strong>Questo box da tetto non ha cavit\u00e0 per l&#8217;accesso ai bagagli. La distanza minima tra l&#8217;attacco posteriore e la fine del box da tetto \u00e8 di 68 centimetri. L&#8217;area di installazione predefinita tra i binari del tetto \u00e8 di 59-120.<\/strong> Tuttavia, tale area pu\u00f2 essere facilmente estesa per tutta la sua lunghezza, dal momento che la base \u00e8 specificatamente rinforzata.<br \/>\nIl box da tetto si apre automaticamente dal fondo verso l&#8217;alto e pu\u00f2 essere facilmente caricato dal retro e dai lati. <strong>Questo \u00e8 l&#8217;unico modo per stare sicuri anche quando si percorre la strada ad alte velocit\u00e0!<\/strong> Il box da tetto \u00e8 composto da due cerniere anteriori in acciaio inox, da due molle a gas all&#8217;interno, e da tre morsetti in acciaio inox posteriori per evitare l&#8217;improvvisa apertura del box. Viene cos\u00ec integrata automaticamente una <strong>protezione antifurto<\/strong> senza rivali.<\/p>\n<p><strong>Malibu Wave XL ca. 1200 l<br \/>\n<\/strong><\/p>\n<p>Questo box da grande tetto \u00e8 ideale per i surfisti la cui attrezzatura consiste in 6 aste (lunghezza &lt;260 centimetri), 3-5 boma e 7-10 vele o 2 tavole da surf (&lt;260 cm\/&lt;93 cm)<br \/>\ncon alcuni alberi, vele e forcelle . Vi \u00e8 anche abbastanza spazio per piccoli oggetti. Il box da tetto \u00e8 concepito per il trasporto di tavole da surf sulla propria superficie. A seconda della distribuzione del peso le molle a gas sollevano automaticamente verso l&#8217;alto tavole da surf fino a 20 kg.<\/p>\n<p><strong>Esempio Malibu Wave XL<br \/>\n<\/strong><\/p>\n<ul>\n<li><strong><span id=\"result_box\" lang=\"it\"><span class=\"hps\">Il titolare<\/span> <span class=\"hps\">surf<\/span> <span class=\"hps\">sono<\/span> <span class=\"hps\">accessori opzionali<\/span> <span class=\"hps\">e<\/span> <span class=\"hps\">possono essere ordinati separatamente<\/span><\/span><br \/>\n<\/strong><\/li>\n<li><strong>Fabbricazione in vetroresina<\/strong><\/li>\n<li><strong>Raccordi in acciaio inox inclusi <\/strong><\/li>\n<li><strong>Set di montaggio in acciaio inox incluso (u-maniglie 8,7 x 7 cm)<br \/>\n<\/strong><\/li>\n<li><strong><span id=\"result_box\" lang=\"it\"><span class=\"hps\">T<\/span> <span class=\"hps\">Adattatore<\/span> i<span class=\"hps\">nossidabile<\/span> <span class=\"hps\">per i rack<\/span> <span class=\"hps\">in alluminio<\/span> incluso<\/span><\/strong><\/li>\n<li><strong>Nano-rivestimento e sigillatura lucidi inclusi<\/strong><\/li>\n<li>Completamente resistente ai raggi UV<\/li>\n<li>Il box sul tetto \u00e8 dotato di serratura<\/li>\n<li>2 resistenti molle a gas<\/li>\n<li>Aerodinamico, rigido<\/li>\n<li>Adatto per tutti i veicoli e i sistemi di trasporto<\/li>\n<li>Montaggio variabile (Base liscia)<\/li>\n<li><strong>Dimensioni: ca. 260 x 100 x 44 cm (La lunghezza interna massima \u00e8 di circa 260 cm) <\/strong><\/li>\n<li><strong>Solo 29 kg di peso <\/strong><\/li>\n<li><strong>150 kg di capacit\u00e0<\/strong><\/li>\n<\/ul>\n<p><a title=\"Tr\u00e4gertabelle\" href=\"https:\/\/surfbox.de\/nl\/traegertabelle-2\/\">Non siete ancora sicuri? Fate clic su questa tabella che mostra le dimensioni e le misure di montaggio.<\/a><\/p>\n<p>&nbsp;<\/p>\n<p><a href=\"https:\/\/surfbox.de\/wp-content\/uploads\/2014\/05\/surfcollage1.jpg\"><img loading=\"lazy\" class=\" wp-image-22278 alignnone\" src=\"https:\/\/surfbox.de\/wp-content\/uploads\/2014\/05\/surfcollage1.jpg\" alt=\"surfcollage1\" width=\"1200\" height=\"283\" \/><\/a><\/p>\n<p><a href=\"https:\/\/surfbox.de\/wp-content\/uploads\/2014\/05\/beschreibung+dekra.jpg\"><img loading=\"lazy\" class=\"alignnone wp-image-22258\" src=\"https:\/\/surfbox.de\/wp-content\/uploads\/2014\/05\/beschreibung+dekra.jpg\" alt=\"beschreibung+dekra\" width=\"1131\" height=\"216\" srcset=\"https:\/\/surfbox.de\/wp-content\/uploads\/2014\/05\/beschreibung+dekra.jpg 1570w, https:\/\/surfbox.de\/wp-content\/uploads\/2014\/05\/beschreibung+dekra-570x109.jpg 570w, https:\/\/surfbox.de\/wp-content\/uploads\/2014\/05\/beschreibung+dekra-270x51.jpg 270w\" sizes=\"(max-width: 1131px) 100vw, 1131px\" \/><\/a><\/p>\n<p><a href=\"https:\/\/surfbox.de\/wp-content\/uploads\/2014\/05\/Weiterescollage.jpg\"><img loading=\"lazy\" class=\"alignnone size-full wp-image-22263\" src=\"https:\/\/surfbox.de\/wp-content\/uploads\/2014\/05\/Weiterescollage.jpg\" alt=\"Weiterescollage\" width=\"1200\" height=\"300\" srcset=\"https:\/\/surfbox.de\/wp-content\/uploads\/2014\/05\/Weiterescollage.jpg 1200w, https:\/\/surfbox.de\/wp-content\/uploads\/2014\/05\/Weiterescollage-570x143.jpg 570w, https:\/\/surfbox.de\/wp-content\/uploads\/2014\/05\/Weiterescollage-270x67.jpg 270w\" sizes=\"(max-width: 1200px) 100vw, 1200px\" \/><\/a><\/p>\n<p><a href=\"https:\/\/surfbox.de\/wp-content\/uploads\/2014\/05\/Befestigungscollage-1200px.jpg\"><img loading=\"lazy\" class=\"alignnone size-full wp-image-22253\" src=\"https:\/\/surfbox.de\/wp-content\/uploads\/2014\/05\/Befestigungscollage-1200px.jpg\" alt=\"Befestigungscollage 1200px\" width=\"1200\" height=\"300\" srcset=\"https:\/\/surfbox.de\/wp-content\/uploads\/2014\/05\/Befestigungscollage-1200px.jpg 1200w, https:\/\/surfbox.de\/wp-content\/uploads\/2014\/05\/Befestigungscollage-1200px-570x143.jpg 570w, https:\/\/surfbox.de\/wp-content\/uploads\/2014\/05\/Befestigungscollage-1200px-270x67.jpg 270w\" sizes=\"(max-width: 1200px) 100vw, 1200px\" \/><\/a><\/p>\n<h1>Istruzioni di sicurezza<\/h1>\n<p>Seguire le istruzioni di montaggio contenute nella confezione. Le viti sono serrate solo a mano. Non guidate mai con le serrature aperte o addirittura con il coperchio aperto. Il comportamento di guida del veicolo cambia a causa del box (sensibilit\u00e0 laterale, comportamento in curva e in frenata), soprattutto se carico. Lo stile di guida e la velocit\u00e0 devono essere adattati al comportamento di guida modificato. Osservate anche le istruzioni per l&#8217;uso del vostro veicolo e del portapacchi per quanto riguarda la velocit\u00e0 e il carico sul tetto.<\/p>\n","protected":false},"excerpt":{"rendered":"<p>Procedimento: direttamente dal produttore Certo il box da tetto non \u00e8 la cosa pi\u00f9 importante quando si pianifica una vacanza. Tuttavia, pu\u00f2 contribuire a una vacanza confortevole e sicura. Con questa piccola descrizione, cerchiamo di impacchettare in modo compatto i nostri 25 anni abbondanti di esperienza. Il Numero 1 al mondo per i box da&hellip;<\/p>\n","protected":false},"featured_media":22128,"comment_status":"closed","ping_status":"closed","template":"","meta":[],"product_cat":[172,179],"product_tag":[464,474],"yoast_head":"<!-- This site is optimized with the Yoast SEO plugin v17.9 - https:\/\/yoast.com\/wordpress\/plugins\/seo\/ -->\n<title>Box da tetto Malibu Wave XL - il grande box per il tetto solo fatta da Mobila - Box da tetto Premium in VTR<\/title>\n<meta name=\"description\" content=\"In unserem Shop finden Sie hochwertige Dachboxen in edlem Design. Sie sind Windkanal getestet und Verbrauchs sparend. F\u00fcr Camping, Wasser- und Wintersport uvm. Qualit\u00e4t seit 1989.\" \/>\n<meta name=\"robots\" content=\"index, follow, max-snippet:-1, max-image-preview:large, max-video-preview:-1\" \/>\n<link rel=\"canonical\" href=\"https:\/\/surfbox.de\/it\/box-da-tetto-shop\/box-portabagagli\/box-portabagagli-sci\/box-da-tetto-malibu-wave-xl-il-grande-box-per-il-tetto-solo-fatta-da-mobila\/\" \/>\n<meta property=\"og:locale\" content=\"it_IT\" \/>\n<meta property=\"og:type\" content=\"article\" \/>\n<meta property=\"og:title\" content=\"Box da tetto Malibu Wave XL - il grande box per il tetto solo fatta da Mobila - Box da tetto Premium in VTR\" \/>\n<meta property=\"og:description\" content=\"In unserem Shop finden Sie hochwertige Dachboxen in edlem Design. Sie sind Windkanal getestet und Verbrauchs sparend. F\u00fcr Camping, Wasser- und Wintersport uvm. Qualit\u00e4t seit 1989.\" \/>\n<meta property=\"og:url\" content=\"https:\/\/surfbox.de\/it\/box-da-tetto-shop\/box-portabagagli\/box-portabagagli-sci\/box-da-tetto-malibu-wave-xl-il-grande-box-per-il-tetto-solo-fatta-da-mobila\/\" \/>\n<meta property=\"og:site_name\" content=\"Box da tetto Premium in VTR\" \/>\n<meta property=\"article:modified_time\" content=\"2025-08-28T12:27:03+00:00\" \/>\n<meta property=\"og:image\" content=\"https:\/\/surfbox.de\/wp-content\/uploads\/2014\/05\/dachbox_mobila-327.jpg\" \/>\n\t<meta property=\"og:image:width\" content=\"1367\" \/>\n\t<meta property=\"og:image:height\" content=\"768\" \/>\n\t<meta property=\"og:image:type\" content=\"image\/jpeg\" \/>\n<meta name=\"twitter:label1\" content=\"Availability\" \/>\n\t<meta name=\"twitter:data1\" content=\"In stock\" \/>\n<script type=\"application\/ld+json\" class=\"yoast-schema-graph\">{\"@context\":\"https:\/\/schema.org\",\"@graph\":[{\"@type\":\"WebSite\",\"@id\":\"https:\/\/surfbox.de\/#website\",\"url\":\"https:\/\/surfbox.de\/\",\"name\":\"Box da tetto Premium in VTR\",\"description\":\"Mobila GmbH produces premium roof boxes skiboxes &amp; Surf boxes\",\"potentialAction\":[{\"@type\":\"SearchAction\",\"target\":{\"@type\":\"EntryPoint\",\"urlTemplate\":\"https:\/\/surfbox.de\/?s={search_term_string}\"},\"query-input\":\"required name=search_term_string\"}],\"inLanguage\":\"it-IT\"},{\"@type\":\"ImageObject\",\"@id\":\"https:\/\/surfbox.de\/it\/box-da-tetto-shop\/box-portabagagli\/box-portabagagli-sci\/box-da-tetto-malibu-wave-xl-il-grande-box-per-il-tetto-solo-fatta-da-mobila\/#primaryimage\",\"inLanguage\":\"it-IT\",\"url\":\"https:\/\/surfbox.de\/wp-content\/uploads\/2014\/05\/dachbox_mobila-327.jpg\",\"contentUrl\":\"https:\/\/surfbox.de\/wp-content\/uploads\/2014\/05\/dachbox_mobila-327.jpg\",\"width\":1367,\"height\":768},{\"@type\":\"WebPage\",\"@id\":\"https:\/\/surfbox.de\/it\/box-da-tetto-shop\/box-portabagagli\/box-portabagagli-sci\/box-da-tetto-malibu-wave-xl-il-grande-box-per-il-tetto-solo-fatta-da-mobila\/#webpage\",\"url\":\"https:\/\/surfbox.de\/it\/box-da-tetto-shop\/box-portabagagli\/box-portabagagli-sci\/box-da-tetto-malibu-wave-xl-il-grande-box-per-il-tetto-solo-fatta-da-mobila\/\",\"name\":\"Box da tetto Malibu Wave XL - il grande box per il tetto solo fatta da Mobila - Box da tetto Premium in VTR\",\"isPartOf\":{\"@id\":\"https:\/\/surfbox.de\/#website\"},\"primaryImageOfPage\":{\"@id\":\"https:\/\/surfbox.de\/it\/box-da-tetto-shop\/box-portabagagli\/box-portabagagli-sci\/box-da-tetto-malibu-wave-xl-il-grande-box-per-il-tetto-solo-fatta-da-mobila\/#primaryimage\"},\"datePublished\":\"2019-02-07T11:21:42+00:00\",\"dateModified\":\"2025-08-28T12:27:03+00:00\",\"description\":\"In unserem Shop finden Sie hochwertige Dachboxen in edlem Design. Sie sind Windkanal getestet und Verbrauchs sparend. F\\u00fcr Camping, Wasser- und Wintersport uvm. Qualit\\u00e4t seit 1989.\",\"breadcrumb\":{\"@id\":\"https:\/\/surfbox.de\/it\/box-da-tetto-shop\/box-portabagagli\/box-portabagagli-sci\/box-da-tetto-malibu-wave-xl-il-grande-box-per-il-tetto-solo-fatta-da-mobila\/#breadcrumb\"},\"inLanguage\":\"it-IT\",\"potentialAction\":[{\"@type\":\"ReadAction\",\"target\":[\"https:\/\/surfbox.de\/it\/box-da-tetto-shop\/box-portabagagli\/box-portabagagli-sci\/box-da-tetto-malibu-wave-xl-il-grande-box-per-il-tetto-solo-fatta-da-mobila\/\"]}]},{\"@type\":\"BreadcrumbList\",\"@id\":\"https:\/\/surfbox.de\/it\/box-da-tetto-shop\/box-portabagagli\/box-portabagagli-sci\/box-da-tetto-malibu-wave-xl-il-grande-box-per-il-tetto-solo-fatta-da-mobila\/#breadcrumb\",\"itemListElement\":[{\"@type\":\"ListItem\",\"position\":1,\"name\":\"Home\",\"item\":\"https:\/\/surfbox.de\/it\/\"},{\"@type\":\"ListItem\",\"position\":2,\"name\":\"Negozio\",\"item\":\"https:\/\/surfbox.de\/it\/negozio\/\"},{\"@type\":\"ListItem\",\"position\":3,\"name\":\"Box da tetto Malibu Wave XL &#8211; il grande box per il tetto solo fatta da Mobila\"}]}]}<\/script>\n<!-- \/ Yoast SEO plugin. -->","yoast_head_json":{"title":"Box da tetto Malibu Wave XL - il grande box per il tetto solo fatta da Mobila - Box da tetto Premium in VTR","description":"In unserem Shop finden Sie hochwertige Dachboxen in edlem Design. Sie sind Windkanal getestet und Verbrauchs sparend. F\u00fcr Camping, Wasser- und Wintersport uvm. Qualit\u00e4t seit 1989.","robots":{"index":"index","follow":"follow","max-snippet":"max-snippet:-1","max-image-preview":"max-image-preview:large","max-video-preview":"max-video-preview:-1"},"canonical":"https:\/\/surfbox.de\/it\/box-da-tetto-shop\/box-portabagagli\/box-portabagagli-sci\/box-da-tetto-malibu-wave-xl-il-grande-box-per-il-tetto-solo-fatta-da-mobila\/","og_locale":"it_IT","og_type":"article","og_title":"Box da tetto Malibu Wave XL - il grande box per il tetto solo fatta da Mobila - Box da tetto Premium in VTR","og_description":"In unserem Shop finden Sie hochwertige Dachboxen in edlem Design. Sie sind Windkanal getestet und Verbrauchs sparend. F\u00fcr Camping, Wasser- und Wintersport uvm. Qualit\u00e4t seit 1989.","og_url":"https:\/\/surfbox.de\/it\/box-da-tetto-shop\/box-portabagagli\/box-portabagagli-sci\/box-da-tetto-malibu-wave-xl-il-grande-box-per-il-tetto-solo-fatta-da-mobila\/","og_site_name":"Box da tetto Premium in VTR","article_modified_time":"2025-08-28T12:27:03+00:00","og_image":[{"width":1367,"height":768,"url":"https:\/\/surfbox.de\/wp-content\/uploads\/2014\/05\/dachbox_mobila-327.jpg","type":"image\/jpeg"}],"twitter_misc":{"Availability":"In stock"},"schema":{"@context":"https:\/\/schema.org","@graph":[{"@type":"WebSite","@id":"https:\/\/surfbox.de\/#website","url":"https:\/\/surfbox.de\/","name":"Box da tetto Premium in VTR","description":"Mobila GmbH produces premium roof boxes skiboxes &amp; Surf boxes","potentialAction":[{"@type":"SearchAction","target":{"@type":"EntryPoint","urlTemplate":"https:\/\/surfbox.de\/?s={search_term_string}"},"query-input":"required name=search_term_string"}],"inLanguage":"it-IT"},{"@type":"ImageObject","@id":"https:\/\/surfbox.de\/it\/box-da-tetto-shop\/box-portabagagli\/box-portabagagli-sci\/box-da-tetto-malibu-wave-xl-il-grande-box-per-il-tetto-solo-fatta-da-mobila\/#primaryimage","inLanguage":"it-IT","url":"https:\/\/surfbox.de\/wp-content\/uploads\/2014\/05\/dachbox_mobila-327.jpg","contentUrl":"https:\/\/surfbox.de\/wp-content\/uploads\/2014\/05\/dachbox_mobila-327.jpg","width":1367,"height":768},{"@type":"WebPage","@id":"https:\/\/surfbox.de\/it\/box-da-tetto-shop\/box-portabagagli\/box-portabagagli-sci\/box-da-tetto-malibu-wave-xl-il-grande-box-per-il-tetto-solo-fatta-da-mobila\/#webpage","url":"https:\/\/surfbox.de\/it\/box-da-tetto-shop\/box-portabagagli\/box-portabagagli-sci\/box-da-tetto-malibu-wave-xl-il-grande-box-per-il-tetto-solo-fatta-da-mobila\/","name":"Box da tetto Malibu Wave XL - il grande box per il tetto solo fatta da Mobila - Box da tetto Premium in VTR","isPartOf":{"@id":"https:\/\/surfbox.de\/#website"},"primaryImageOfPage":{"@id":"https:\/\/surfbox.de\/it\/box-da-tetto-shop\/box-portabagagli\/box-portabagagli-sci\/box-da-tetto-malibu-wave-xl-il-grande-box-per-il-tetto-solo-fatta-da-mobila\/#primaryimage"},"datePublished":"2019-02-07T11:21:42+00:00","dateModified":"2025-08-28T12:27:03+00:00","description":"In unserem Shop finden Sie hochwertige Dachboxen in edlem Design. Sie sind Windkanal getestet und Verbrauchs sparend. F\u00fcr Camping, Wasser- und Wintersport uvm. Qualit\u00e4t seit 1989.","breadcrumb":{"@id":"https:\/\/surfbox.de\/it\/box-da-tetto-shop\/box-portabagagli\/box-portabagagli-sci\/box-da-tetto-malibu-wave-xl-il-grande-box-per-il-tetto-solo-fatta-da-mobila\/#breadcrumb"},"inLanguage":"it-IT","potentialAction":[{"@type":"ReadAction","target":["https:\/\/surfbox.de\/it\/box-da-tetto-shop\/box-portabagagli\/box-portabagagli-sci\/box-da-tetto-malibu-wave-xl-il-grande-box-per-il-tetto-solo-fatta-da-mobila\/"]}]},{"@type":"BreadcrumbList","@id":"https:\/\/surfbox.de\/it\/box-da-tetto-shop\/box-portabagagli\/box-portabagagli-sci\/box-da-tetto-malibu-wave-xl-il-grande-box-per-il-tetto-solo-fatta-da-mobila\/#breadcrumb","itemListElement":[{"@type":"ListItem","position":1,"name":"Home","item":"https:\/\/surfbox.de\/it\/"},{"@type":"ListItem","position":2,"name":"Negozio","item":"https:\/\/surfbox.de\/it\/negozio\/"},{"@type":"ListItem","position":3,"name":"Box da tetto Malibu Wave XL &#8211; il grande box per il tetto solo fatta da Mobila"}]}]}},"_links":{"self":[{"href":"https:\/\/surfbox.de\/it\/wp-json\/wp\/v2\/product\/74971"}],"collection":[{"href":"https:\/\/surfbox.de\/it\/wp-json\/wp\/v2\/product"}],"about":[{"href":"https:\/\/surfbox.de\/it\/wp-json\/wp\/v2\/types\/product"}],"replies":[{"embeddable":true,"href":"https:\/\/surfbox.de\/it\/wp-json\/wp\/v2\/comments?post=74971"}],"wp:featuredmedia":[{"embeddable":true,"href":"https:\/\/surfbox.de\/it\/wp-json\/wp\/v2\/media\/22128"}],"wp:attachment":[{"href":"https:\/\/surfbox.de\/it\/wp-json\/wp\/v2\/media?parent=74971"}],"wp:term":[{"taxonomy":"product_cat","embeddable":true,"href":"https:\/\/surfbox.de\/it\/wp-json\/wp\/v2\/product_cat?post=74971"},{"taxonomy":"product_tag","embeddable":true,"href":"https:\/\/surfbox.de\/it\/wp-json\/wp\/v2\/product_tag?post=74971"}],"curies":[{"name":"wp","href":"https:\/\/api.w.org\/{rel}","templated":true}]}}