
{"id":30817,"date":"2014-06-14T16:07:12","date_gmt":"2014-06-14T14:07:12","guid":{"rendered":"https:\/\/surfbox.de\/versandkosten-2\/"},"modified":"2026-02-11T13:14:39","modified_gmt":"2026-02-11T12:14:39","slug":"versandkosten","status":"publish","type":"page","link":"https:\/\/surfbox.de\/nl\/versandkosten\/","title":{"rendered":"Verzendkosten"},"content":{"rendered":"<p>De verzendkosten van uw winkelwagentje worden automatisch berekend op basis van uw afleveradres en btw-tarief van uw bezorgland bij de kassa. Vanaf 1 juli 2021 zijn kleine afwijkingen mogelijk door het btw-tarief.<br \/>\nTer informatie vindt u hieronder de berekeningsgrondslag.<\/p>\n<table style=\"width: 100%;\">\n<tbody>\n<tr>\n<th colspan=\"5\">\n<h6>Duitsland<\/h6>\n<\/th>\n<\/tr>\n<tr>\n<th style=\"width: 70%;\">postcode<\/th>\n<th>Dakkoffer \/ Skiboxen<\/th>\n<th>Surfboxen<\/th>\n<th>Jumbo<\/th>\n<th>Reserveonderdelen<\/th>\n<\/tr>\n<tr>\n<td>alle plaatsen behalve Duitse eilanden<\/td>\n<td>79,00 \u20ac<\/td>\n<td>109,00 \u20ac<\/td>\n<td>129,00 \u20ac<\/td>\n<td>9,90 \u20ac<\/td>\n<\/tr>\n<tr>\n<td><strong>Toeslag eilanden<\/strong> 18565 (Hiddensee), 25849 (Pellworm), 25859<br \/>\n(Hooge), 25863 (Langene\u00df), 25869 (Gr\u00f6de), 25938 (F\u00f6hr), 25946<br \/>\n(Amrum), 25980, 25992, 25996, 25997, 25999 (Sylt) 26465 (Langeoog),<br \/>\n26474 (Spiekeroog), 26486 (Wangerooge), 26548 (Norderney), 26571<br \/>\n(Juist), 26579 (Baltrum), 26757 (Borkum), 27498 (Helgoland)<\/td>\n<td>120,00 \u20ac<\/td>\n<td>130,00 \u20ac<\/td>\n<td>160,00 \u20ac<\/td>\n<td>16,90\u00a0\u20ac<\/td>\n<\/tr>\n<tr>\n<th colspan=\"5\">\n<h6>Frankrijk<\/h6>\n<\/th>\n<\/tr>\n<tr>\n<th style=\"width: 70%;\">postcode<\/th>\n<th>Dakkoffer \/ Skiboxen<\/th>\n<th>Surfboxen<\/th>\n<th>Jumbo<\/th>\n<th>Reserveonderdelen<\/th>\n<\/tr>\n<tr>\n<td>25, 30, 45,47, 50. 55, 56, 57, 63, 65, 66, 79, 80, 81, 82 ,<br \/>\n83, 91, 92 , 93, 94, 95<\/td>\n<td>185,00 \u20ac<\/td>\n<td>220,00<\/td>\n<td>255,00 \u20ac<\/td>\n<td>\u00a0 \u00a0 \u00a0 \u00a0 \u00a0 \u00a0 \u00a0 \u00a0 \u00a0 \u00a0 \u00a0 \u00a0 \u00a0 \u00a0 \u00a0 21,00 \u20ac<\/td>\n<\/tr>\n<tr>\n<td>08, 14,15, 24, 26, 29, 42, 48, 58, 60, 61, 74, 76, 78, 86, 88,<br \/>\n90<\/td>\n<td>185,00 \u20ac<\/td>\n<td>230,00 \u20ac<\/td>\n<td>270,00 \u20ac<\/td>\n<td>21,00 \u20ac<\/td>\n<\/tr>\n<tr>\n<td>01, 02, 04, 05, 06, 07, 10, 11, 12, 13, 17, 23, 27, 31, 32, 33,<br \/>\n36,37, 40, 41, 43, 49, 51, 59, 62, 64, 67, 68, 69, 72, 73, 75, 77,<br \/>\n85, 87<\/td>\n<td>220,00 \u20ac<\/td>\n<td>260,00 \u20ac<\/td>\n<td>299,00 \u20ac<\/td>\n<td>21,00 \u20ac<\/td>\n<\/tr>\n<tr>\n<td>03,09, 16, 21, 22, 34, 35, 38, 39, 44, 46, 54, 71, 84, 89<\/td>\n<td>250,00 \u20ac<\/td>\n<td>290,00 \u20ac<\/td>\n<td>330,00 \u20ac<\/td>\n<td>21,00 \u20ac<\/td>\n<\/tr>\n<tr>\n<td>18, 19, 28, 52, 53, 70<\/td>\n<td>270,00 \u20ac<\/td>\n<td>315,00 \u20ac<\/td>\n<td>350,00 \u20ac<\/td>\n<td>21,00 \u20ac<\/td>\n<\/tr>\n<tr>\n<th colspan=\"5\">\n<h6>Tsjechie<\/h6>\n<\/th>\n<\/tr>\n<tr>\n<th style=\"width: 70%;\">postcode<\/th>\n<th>Dakkoffer \/ Skiboxen<\/th>\n<th>Surfboxen<\/th>\n<th>Jumbo<\/th>\n<th>Reserveonderdelen<\/th>\n<\/tr>\n<tr>\n<td>Alle plaatsen<\/td>\n<td>139,00 \u20ac<\/td>\n<td>179,00 \u20ac<\/td>\n<td>215,00 \u20ac<\/td>\n<td>22,00 \u20ac<\/td>\n<\/tr>\n<tr>\n<th colspan=\"5\">\n<h6>Ierland<\/h6>\n<\/th>\n<\/tr>\n<tr>\n<th style=\"width: 70%;\">postcode<\/th>\n<th>Dakkoffer \/ Skiboxen<\/th>\n<th>Surfboxen<\/th>\n<th>Jumbo<\/th>\n<th>Reserveonderdelen<\/th>\n<\/tr>\n<tr>\n<td>Alle plaatsen<\/td>\n<td>195,00 \u20ac<\/td>\n<td>230,00 \u20ac<\/td>\n<td>265,00 \u20ac<\/td>\n<td>27,00 \u20ac<\/td>\n<\/tr>\n<tr>\n<th colspan=\"5\">\n<h6>Groot-Brittannie<\/h6>\n<\/th>\n<\/tr>\n<tr>\n<th style=\"width: 70%;\">postcode<\/th>\n<th>Dakkoffer \/ Skiboxen<\/th>\n<th>Surfboxen<\/th>\n<th>Jumbo<\/th>\n<th>Reserveonderdelen<\/th>\n<\/tr>\n<tr>\n<td>Alle plaatsen<\/td>\n<td>245,00 \u20ac<\/td>\n<td>279,00 \u20ac<\/td>\n<td>299,00 \u20ac<\/td>\n<td>50,00 \u20ac<\/td>\n<\/tr>\n<tr>\n<th colspan=\"5\">\n<h6>Denemarken<\/h6>\n<\/th>\n<\/tr>\n<tr>\n<th style=\"width: 70%;\">postcode<\/th>\n<th>Dakkoffer \/ Skiboxen<\/th>\n<th>Surfboxen<\/th>\n<th>Jumbo<\/th>\n<th>Reserveonderdelen<\/th>\n<\/tr>\n<tr>\n<td>Alle plaatsen<\/td>\n<td>160,00 \u20ac<\/td>\n<td>199,00 \u20ac<\/td>\n<td>236,00 \u20ac<\/td>\n<td>14,00 \u20ac<\/td>\n<\/tr>\n<tr>\n<th colspan=\"5\">\n<h6>Hongarije<\/h6>\n<\/th>\n<\/tr>\n<tr>\n<th style=\"width: 70%;\">postcode<\/th>\n<th>Dakkoffer \/ Skiboxen<\/th>\n<th>Surfboxen<\/th>\n<th>Jumbo<\/th>\n<th>Reserveonderdelen<\/th>\n<\/tr>\n<tr>\n<td>Alle plaatsen<\/td>\n<td>170,00 \u20ac<\/td>\n<td>215,00 \u20ac<\/td>\n<td>250,00 \u20ac<\/td>\n<td>19,00 \u20ac<\/td>\n<\/tr>\n<tr>\n<th colspan=\"5\">\n<h6>Portugal<\/h6>\n<\/th>\n<\/tr>\n<tr>\n<th style=\"width: 70%;\">postcode<\/th>\n<th>Dakkoffer \/ Skiboxen<\/th>\n<th>Surfboxen<\/th>\n<th>Jumbo<\/th>\n<th>Reserveonderdelen<\/th>\n<\/tr>\n<tr>\n<td>Alle plaatsen<\/td>\n<td>210,00 \u20ac<\/td>\n<td>250,00 \u20ac<\/td>\n<td>285,00 \u20ac<\/td>\n<td>21,00 \u20ac<\/td>\n<\/tr>\n<tr>\n<th colspan=\"5\">\n<h6>Spanje<\/h6>\n<\/th>\n<\/tr>\n<tr>\n<th style=\"width: 70%;\">postcode<\/th>\n<th>Dakkoffer \/ Skiboxen<\/th>\n<th>Surfboxen<\/th>\n<th>Jumbo<\/th>\n<th>Reserveonderdelen<\/th>\n<\/tr>\n<tr>\n<td>01, 03, 08, 09, 12, 17, 20, 22, 24, 25, 26, 28, 31, 33, 34,<br \/>\n39, 42, 43, 44, 46, 47, 48, 50<\/td>\n<td>190,00 \u20ac<\/td>\n<td>230,00 \u20ac<\/td>\n<td>260,00 \u20ac<\/td>\n<td>25,00 \u20ac<\/td>\n<\/tr>\n<tr>\n<td>02, 05, 10, 13, 16, 17, 19, 23, 30, 37, 40, 45, 49<\/td>\n<td>210,00 \u20ac<\/td>\n<td>250,00 \u20ac<\/td>\n<td>280,00 \u20ac<\/td>\n<td>25,00 \u20ac<\/td>\n<\/tr>\n<tr>\n<td>04, 06, 07, 11, 14, 15, 18,\u00a0 21, 27, 29, 32, 36, 41<\/td>\n<td>230,00 \u20ac<\/td>\n<td>270,00 \u20ac<\/td>\n<td>303,00 \u20ac<\/td>\n<td>25,00 \u20ac<\/td>\n<\/tr>\n<tr>\n<th colspan=\"5\">\n<h6>Slowenie<\/h6>\n<\/th>\n<\/tr>\n<tr>\n<th style=\"width: 70%;\">postcode<\/th>\n<th>Dakkoffer \/ Skiboxen<\/th>\n<th>Surfboxen<\/th>\n<th>Jumbo<\/th>\n<th>Reserveonderdelen<\/th>\n<\/tr>\n<tr>\n<td>Alle plaatsen<\/td>\n<td>185,00 \u20ac<\/td>\n<td>225,00 \u20ac<\/td>\n<td>260,00 \u20ac<\/td>\n<td>22,00 \u20ac<\/td>\n<\/tr>\n<tr>\n<th colspan=\"5\">\n<h6>Zweden<\/h6>\n<\/th>\n<\/tr>\n<tr>\n<th style=\"width: 70%;\">postcode<\/th>\n<th>Dakkoffer \/ Skiboxen<\/th>\n<th>Surfboxen<\/th>\n<th>Jumbo<\/th>\n<th>Reserveonderdelen<\/th>\n<\/tr>\n<tr>\n<td>10 tot 19<\/td>\n<td>235,00 \u20ac<\/td>\n<td>278,00 \u20ac<\/td>\n<td>315,00 \u20ac<\/td>\n<td>30,00 \u20ac<\/td>\n<\/tr>\n<tr>\n<td>20 tot 31, 37,<\/td>\n<td>191,00 \u20ac<\/td>\n<td>228,00 \u20ac<\/td>\n<td>265,00 \u20ac<\/td>\n<td>30,00 \u20ac<\/td>\n<\/tr>\n<tr>\n<td>33 tot 36, 44 tot 47, 50 tot 61, 66, 69<\/td>\n<td>240,00 \u20ac<\/td>\n<td>275,00 \u20ac<\/td>\n<td>313,00 \u20ac<\/td>\n<td>30,00 \u20ac<\/td>\n<\/tr>\n<tr>\n<td>63 tot 65, 67 tot 68, 70 tot 82<\/td>\n<td>240,00 \u20ac<\/td>\n<td>275,00 \u20ac<\/td>\n<td>313,00 \u20ac<\/td>\n<td>30,00 \u20ac<\/td>\n<\/tr>\n<tr>\n<td>83 tot 94<\/td>\n<td>245,00 \u20ac<\/td>\n<td>275,00 \u20ac<\/td>\n<td>310,00 \u20ac<\/td>\n<td>30,00 \u20ac<\/td>\n<\/tr>\n<tr>\n<td>95 tot 98<\/td>\n<td>275,00 \u20ac<\/td>\n<td>305,00 \u20ac<\/td>\n<td>340,00 \u20ac<\/td>\n<td>30,00 \u20ac<\/td>\n<\/tr>\n<tr>\n<th colspan=\"5\">\n<h6>Nederland, Belgi\u00eb, Luxemburg<\/h6>\n<\/th>\n<\/tr>\n<tr>\n<th style=\"width: 70%;\">postcode<\/th>\n<th>Dakkoffer \/ Skiboxen<\/th>\n<th>Surfboxen<\/th>\n<th>Jumbo<\/th>\n<th>Reserveonderdelen<\/th>\n<\/tr>\n<tr>\n<td>Alle plaatsen<\/td>\n<td>139,00 \u20ac<\/td>\n<td>175,00 \u20ac<\/td>\n<td>215,00 \u20ac<\/td>\n<td>16,80 \u20ac<\/td>\n<\/tr>\n<tr>\n<th colspan=\"5\">\n<h6>Oosterrijk<\/h6>\n<\/th>\n<\/tr>\n<tr>\n<th style=\"width: 70%;\">postcode<\/th>\n<th>Dakkoffer \/ Skiboxen<\/th>\n<th>Surfboxen<\/th>\n<th>Jumbo<\/th>\n<th>Reserveonderdelen<\/th>\n<\/tr>\n<tr>\n<td>Alle plaatsen<\/td>\n<td>149,00 \u20ac<\/td>\n<td>210,00 \u20ac<\/td>\n<td>245,00 \u20ac<\/td>\n<td>16,80 \u20ac<\/td>\n<\/tr>\n<tr>\n<th colspan=\"5\">\n<h6>Zwitserland<\/h6>\n<\/th>\n<\/tr>\n<tr>\n<th style=\"width: 70%;\">postcode<\/th>\n<th>Dakkoffer \/ Skiboxen<\/th>\n<th>Surfboxen<\/th>\n<th>Jumbo<\/th>\n<th>Reserveonderdelen<\/th>\n<\/tr>\n<tr>\n<td>Alle plaatsen (DAP, uitgeschakeld, belastingvrije)<\/td>\n<td>225,00 \u20ac<\/td>\n<td>275,00 \u20ac<\/td>\n<td>305,00 \u20ac<\/td>\n<td>15,00 \u20ac + douane-inklaring 40,00 \u20ac<\/td>\n<\/tr>\n<tr>\n<th colspan=\"5\">\n<h6>Italie<\/h6>\n<\/th>\n<\/tr>\n<tr>\n<th style=\"width: 70%;\">postcode<\/th>\n<th>Dakkoffer \/ Skiboxen<\/th>\n<th>Surfboxen<\/th>\n<th>Jumbo<\/th>\n<th>Reserveonderdelen<\/th>\n<\/tr>\n<tr>\n<td>Alle plaatsen<\/td>\n<td>208,00 \u20ac<\/td>\n<td>235,00 \u20ac<\/td>\n<td>270,00 \u20ac<\/td>\n<td>26,00 \u20ac<\/td>\n<\/tr>\n<tr>\n<th colspan=\"5\">\n<h6>Finland<\/h6>\n<\/th>\n<\/tr>\n<tr>\n<th style=\"width: 70%;\">postcode<\/th>\n<th>Dakkoffer \/ Skiboxen<\/th>\n<th>Surfboxen<\/th>\n<th>Jumbo<\/th>\n<th>Reserveonderdelen<\/th>\n<\/tr>\n<tr>\n<td>00, 01, 02, 08, 09<\/td>\n<td>192,00 \u20ac<\/td>\n<td>230,00 \u20ac<\/td>\n<td>268,00 \u20ac<\/td>\n<td>27,00 \u20ac<\/td>\n<\/tr>\n<tr>\n<td>03, 04, 05, 06, 07, 10, 11, 12, 13, 14,<\/td>\n<td>2000,00 \u20ac<\/td>\n<td>238,00 \u20ac<\/td>\n<td>275,00 \u20ac<\/td>\n<td>27,00 \u20ac<\/td>\n<\/tr>\n<tr>\n<td>15, 16, 17, 18, 19, 20, 21, 24, 25, 30, 31, 32, 33, 36, 37,<br \/>\n45, 46, 47, 48, 49,<\/td>\n<td>210,00 \u20ac<\/td>\n<td>258,00 \u20ac<\/td>\n<td>284,00 \u20ac<\/td>\n<td>27,00 \u20ac<\/td>\n<\/tr>\n<tr>\n<td>23, 26, 27, 28, 29, 34, 35, 38, 39, 40, 41, 42, 50, 51, 52,<br \/>\n53, 54, 55, 56<\/td>\n<td>213,00 \u20ac<\/td>\n<td>250,00 \u20ac<\/td>\n<td>288,00 \u20ac<\/td>\n<td>27,00 \u20ac<\/td>\n<\/tr>\n<tr>\n<td>43, 44, 57, 58, 59, 60, 61, 62, 63, 64, 76, 78, 79,<\/td>\n<td>227,00 \u20ac<\/td>\n<td>255,00 \u20ac<\/td>\n<td>292,00 \u20ac<\/td>\n<td>27,00 \u20ac<\/td>\n<\/tr>\n<tr>\n<td>65 , 66, 68, 69, 70, 71, 72, 73, 74, 80, 82, 83,<\/td>\n<td>220,00 \u20ac<\/td>\n<td>260,00 \u20ac<\/td>\n<td>295,00 \u20ac<\/td>\n<td>27,00 \u20ac<\/td>\n<\/tr>\n<tr>\n<td>22, 67, 75, 81, 84, 85, 86, 87, 88, 89, 90, 91, 92,<\/td>\n<td>228,00 \u20ac<\/td>\n<td>265,00 \u20ac<\/td>\n<td>303,00 \u20ac<\/td>\n<td>27,00 \u20ac<\/td>\n<\/tr>\n<tr>\n<td>93, 94, 95, 96, 97, 98<\/td>\n<td>240,00 \u20ac<\/td>\n<td>278,00 \u20ac<\/td>\n<td>325,00 \u20ac<\/td>\n<td>27,00 \u20ac<\/td>\n<\/tr>\n<tr>\n<td>99<\/td>\n<td>255,00 \u20ac<\/td>\n<td>293,00 \u20ac<\/td>\n<td>330,00 \u20ac<\/td>\n<td>27,00 \u20ac<\/td>\n<\/tr>\n<\/tbody>\n<\/table>\n","protected":false},"excerpt":{"rendered":"<p>De verzendkosten van uw winkelwagentje worden automatisch berekend op basis van uw afleveradres en btw-tarief van uw bezorgland bij de kassa. Vanaf 1 juli 2021 zijn kleine afwijkingen mogelijk door het btw-tarief. Ter informatie vindt u hieronder de berekeningsgrondslag. Duitsland postcode Dakkoffer \/ Skiboxen Surfboxen Jumbo Reserveonderdelen alle plaatsen behalve Duitse eilanden 79,00 \u20ac 109,00&hellip;<\/p>\n","protected":false},"author":1,"featured_media":0,"parent":0,"menu_order":235,"comment_status":"closed","ping_status":"open","template":"","meta":[],"yoast_head":"<!-- This site is optimized with the Yoast SEO plugin v17.9 - https:\/\/yoast.com\/wordpress\/plugins\/seo\/ -->\n<title>Verzendkosten - dakkoffer gemaakt van GRP<\/title>\n<meta name=\"description\" content=\"De verzendkosten van uw winkelwagentje worden automatisch berekend op basis van uw afleveradres en btw-tarief van uw bezorgland bij de kassa. Vanaf 1 juli\" \/>\n<meta name=\"robots\" content=\"index, follow, max-snippet:-1, max-image-preview:large, max-video-preview:-1\" \/>\n<link rel=\"canonical\" href=\"https:\/\/surfbox.de\/nl\/versandkosten\/\" \/>\n<meta property=\"og:locale\" content=\"nl_NL\" \/>\n<meta property=\"og:type\" content=\"article\" \/>\n<meta property=\"og:title\" content=\"Verzendkosten - dakkoffer gemaakt van GRP\" \/>\n<meta property=\"og:description\" content=\"De verzendkosten van uw winkelwagentje worden automatisch berekend op basis van uw afleveradres en btw-tarief van uw bezorgland bij de kassa. Vanaf 1 juli\" \/>\n<meta property=\"og:url\" content=\"https:\/\/surfbox.de\/nl\/versandkosten\/\" \/>\n<meta property=\"og:site_name\" content=\"dakkoffer gemaakt van GRP\" \/>\n<meta property=\"article:modified_time\" content=\"2026-02-11T12:14:39+00:00\" \/>\n<meta name=\"twitter:label1\" content=\"Geschatte leestijd\" \/>\n\t<meta name=\"twitter:data1\" content=\"5 minuten\" \/>\n<script type=\"application\/ld+json\" class=\"yoast-schema-graph\">{\"@context\":\"https:\/\/schema.org\",\"@graph\":[{\"@type\":\"WebSite\",\"@id\":\"https:\/\/surfbox.de\/#website\",\"url\":\"https:\/\/surfbox.de\/\",\"name\":\"dakkoffer gemaakt van GRP\",\"description\":\"Mobila GmbH produces premium roof boxes skiboxes &amp; Surf boxes\",\"potentialAction\":[{\"@type\":\"SearchAction\",\"target\":{\"@type\":\"EntryPoint\",\"urlTemplate\":\"https:\/\/surfbox.de\/?s={search_term_string}\"},\"query-input\":\"required name=search_term_string\"}],\"inLanguage\":\"nl\"},{\"@type\":\"WebPage\",\"@id\":\"https:\/\/surfbox.de\/nl\/versandkosten\/#webpage\",\"url\":\"https:\/\/surfbox.de\/nl\/versandkosten\/\",\"name\":\"Verzendkosten - dakkoffer gemaakt van GRP\",\"isPartOf\":{\"@id\":\"https:\/\/surfbox.de\/#website\"},\"datePublished\":\"2014-06-14T14:07:12+00:00\",\"dateModified\":\"2026-02-11T12:14:39+00:00\",\"description\":\"De verzendkosten van uw winkelwagentje worden automatisch berekend op basis van uw afleveradres en btw-tarief van uw bezorgland bij de kassa. Vanaf 1 juli\",\"breadcrumb\":{\"@id\":\"https:\/\/surfbox.de\/nl\/versandkosten\/#breadcrumb\"},\"inLanguage\":\"nl\",\"potentialAction\":[{\"@type\":\"ReadAction\",\"target\":[\"https:\/\/surfbox.de\/nl\/versandkosten\/\"]}]},{\"@type\":\"BreadcrumbList\",\"@id\":\"https:\/\/surfbox.de\/nl\/versandkosten\/#breadcrumb\",\"itemListElement\":[{\"@type\":\"ListItem\",\"position\":1,\"name\":\"Home\",\"item\":\"https:\/\/surfbox.de\/nl\/\"},{\"@type\":\"ListItem\",\"position\":2,\"name\":\"Verzendkosten\"}]}]}<\/script>\n<!-- \/ Yoast SEO plugin. -->","yoast_head_json":{"title":"Verzendkosten - dakkoffer gemaakt van GRP","description":"De verzendkosten van uw winkelwagentje worden automatisch berekend op basis van uw afleveradres en btw-tarief van uw bezorgland bij de kassa. Vanaf 1 juli","robots":{"index":"index","follow":"follow","max-snippet":"max-snippet:-1","max-image-preview":"max-image-preview:large","max-video-preview":"max-video-preview:-1"},"canonical":"https:\/\/surfbox.de\/nl\/versandkosten\/","og_locale":"nl_NL","og_type":"article","og_title":"Verzendkosten - dakkoffer gemaakt van GRP","og_description":"De verzendkosten van uw winkelwagentje worden automatisch berekend op basis van uw afleveradres en btw-tarief van uw bezorgland bij de kassa. Vanaf 1 juli","og_url":"https:\/\/surfbox.de\/nl\/versandkosten\/","og_site_name":"dakkoffer gemaakt van GRP","article_modified_time":"2026-02-11T12:14:39+00:00","twitter_misc":{"Geschatte leestijd":"5 minuten"},"schema":{"@context":"https:\/\/schema.org","@graph":[{"@type":"WebSite","@id":"https:\/\/surfbox.de\/#website","url":"https:\/\/surfbox.de\/","name":"dakkoffer gemaakt van GRP","description":"Mobila GmbH produces premium roof boxes skiboxes &amp; Surf boxes","potentialAction":[{"@type":"SearchAction","target":{"@type":"EntryPoint","urlTemplate":"https:\/\/surfbox.de\/?s={search_term_string}"},"query-input":"required name=search_term_string"}],"inLanguage":"nl"},{"@type":"WebPage","@id":"https:\/\/surfbox.de\/nl\/versandkosten\/#webpage","url":"https:\/\/surfbox.de\/nl\/versandkosten\/","name":"Verzendkosten - dakkoffer gemaakt van GRP","isPartOf":{"@id":"https:\/\/surfbox.de\/#website"},"datePublished":"2014-06-14T14:07:12+00:00","dateModified":"2026-02-11T12:14:39+00:00","description":"De verzendkosten van uw winkelwagentje worden automatisch berekend op basis van uw afleveradres en btw-tarief van uw bezorgland bij de kassa. Vanaf 1 juli","breadcrumb":{"@id":"https:\/\/surfbox.de\/nl\/versandkosten\/#breadcrumb"},"inLanguage":"nl","potentialAction":[{"@type":"ReadAction","target":["https:\/\/surfbox.de\/nl\/versandkosten\/"]}]},{"@type":"BreadcrumbList","@id":"https:\/\/surfbox.de\/nl\/versandkosten\/#breadcrumb","itemListElement":[{"@type":"ListItem","position":1,"name":"Home","item":"https:\/\/surfbox.de\/nl\/"},{"@type":"ListItem","position":2,"name":"Verzendkosten"}]}]}},"_links":{"self":[{"href":"https:\/\/surfbox.de\/nl\/wp-json\/wp\/v2\/pages\/30817"}],"collection":[{"href":"https:\/\/surfbox.de\/nl\/wp-json\/wp\/v2\/pages"}],"about":[{"href":"https:\/\/surfbox.de\/nl\/wp-json\/wp\/v2\/types\/page"}],"author":[{"embeddable":true,"href":"https:\/\/surfbox.de\/nl\/wp-json\/wp\/v2\/users\/1"}],"replies":[{"embeddable":true,"href":"https:\/\/surfbox.de\/nl\/wp-json\/wp\/v2\/comments?post=30817"}],"version-history":[{"count":91,"href":"https:\/\/surfbox.de\/nl\/wp-json\/wp\/v2\/pages\/30817\/revisions"}],"predecessor-version":[{"id":89302,"href":"https:\/\/surfbox.de\/nl\/wp-json\/wp\/v2\/pages\/30817\/revisions\/89302"}],"wp:attachment":[{"href":"https:\/\/surfbox.de\/nl\/wp-json\/wp\/v2\/media?parent=30817"}],"curies":[{"name":"wp","href":"https:\/\/api.w.org\/{rel}","templated":true}]}}