
{"id":23188,"date":"2023-01-01T20:51:12","date_gmt":"2015-01-22T21:12:52","guid":{"rendered":"https:\/\/surfbox.de\/?post_type=product&#038;p=13188"},"modified":"2025-04-14T17:00:17","modified_gmt":"2025-04-14T15:00:17","slug":"dakkoffer-moby-dick-190-compact","status":"publish","type":"product","link":"https:\/\/surfbox.de\/nl\/DAKKOFFERS-shop\/dakkoffer\/ski-box\/dakkoffer-moby-dick-190-compact\/","title":{"rendered":"Dakkoffer Moby Dick 190 Compact"},"content":{"rendered":"<p><strong>Actie: Rechtstreeks van de producent<br \/>\n<\/strong><\/p>\n<p>Uiteraard is een dakkoffer niet het allerbelangrijkste bij het plannen van een vakantie. Ze zorgt echter wel voor een veilige en comfortabele vakantie. Met deze kleine beschrijving proberen we met onze ervaring van meer dan 25 jaar ervaring alles kort samen te vatten. De nummer 1 voor dakkoffers van glasvezel wereldwijd &#8211; voorsprong door kwaliteit!<br \/>\nUw Mobila team<\/p>\n<p><strong>De dakkoffer Moby Dick 190 is een moderne en zeer stabiele dakkoffer van glasvezel (GFK) die alle slimme producteigenschappen bezit. Ideaal voor surf- en skivakanties: ze is ideaal geschikt voor het vervoer van carving-ski&#8217;s en snowboards.<\/strong><\/p>\n<p><strong>De Moby Dick is verkrijgbaar in een stijlvol, hoogglanzend wit,\u00a0hoogglanzend zwart of hoogglanzend grijs. <\/strong>Tegen een kleine meerprijs kunt u de Moby Dick ook in en hoogglanzend zilver bestellen.<strong> Accessoires: All inclusive dakkoffer.<\/strong><\/p>\n<p><strong>Moby Dick 190\u00a0van glasvezel.<\/strong> Exclusief dakkoffer.<strong> Alleen van Mobila. Deze dakkoffer heeft uitsparingen voor de dragers van 3,5 cm. De minimale afstand van de achterste bevestiging tot aan het einde van de dakkoffer is 40 cm. De benodigde montage-afstand tussen de dragers op het dak bedraagt 39-91 cm. <\/strong>Deze kan probleemloos over de volle lengte gebruikt worden, het onderste gedeelte is namelijk speciaal versterkt. De dakkoffer opent aan de achterkant automatisch naar boven en kan gemakkelijk vanaf de achterkant en zijkanten worden geladen.<strong> Dat is de enige veilige manier om aan hoge snelheden de weg op te gaan!<br \/>\n<\/strong>Vooraan beschikt ze over twee geschroefde, roestvrij stalen scharnieren, aan de binnenkant over twee gasveren en achteraan over drie spanklemmen van roestvrij staal die voorkomen dat de dakkoffer plots opent. Een onge\u00ebvenaarde <strong>diefstalbeveiliging<\/strong> wordt dus automatisch ge\u00efntegreerd.<strong><br \/>\n<\/strong><\/p>\n<p><strong>Moby Dick 190 ca. 465 l<\/strong><\/p>\n<p>Voor uw vakantie met z&#8217;n twee\u00ebn of drie\u00ebn is dit de ideale dakkoffer. Als ski\u00ebr hebt u ruimte voor drie tot vier complete ski-uitrustingen met een maximale skilengte van 185 cm. Voor uw zomervakantie kan u afhankelijk van de grootte verschillende tassen of kleine koffers vervoeren en de achterklep kan zonder problemen geopend worden.<\/p>\n<p>We raden Tesla-klanten aan een dakkoffer met een rechte bodem (zonder dragerinlaten) te gebruiken, bijvoorbeeld Moby Dick XL, Wave Pro, Beluga of een Surfbox.<\/p>\n<p><strong>Voorbeeld Moby Dick 190 Compact<br \/>\n<\/strong><\/p>\n<ul>\n<li><strong>Glasvezelconstructie<\/strong><\/li>\n<li><strong>200 km\/h mogelijk <\/strong><\/li>\n<li><strong>Inclusief roestvrij stalen slutingen <\/strong><\/li>\n<li><strong>Inclusief roestvrij stalen montagekit <\/strong><\/li>\n<li><strong>Roestvrij stalen T-vormige stenen mogelijk (voor aluminium dragers b.v. WingBar van Thule) <\/strong><\/li>\n<li><strong>Inclusief hoogglanzende nano-coating en afdichting<\/strong><\/li>\n<li>Inclusief spanbanden<\/li>\n<li>Volledig UV-bestendig<\/li>\n<li>De dakkoffer kan afgesloten worden<\/li>\n<li>2 sterke gasveren<\/li>\n<li>Aerodynamisch, stijf<\/li>\n<li>Geschikt voor alle voertuigen en draagsystemen<\/li>\n<li>Variabele montage (gladde ondergrond)<\/li>\n<li><strong>Afmetingen: ca. 190 x 80 x 35 cm (Maximale binnenlengte bedraagt ongeveer 185 cm)\u00a0<\/strong><\/li>\n<li><strong>Slechts 17 kg zwaar <\/strong><\/li>\n<li><strong>95 kg draagkracht<\/strong><\/li>\n<\/ul>\n<p><a title=\"Tr\u00e4gertabelle\" href=\"https:\/\/surfbox.de\/nl\/traegertabelle-2\/\">Bent u nog niet overtuigd? Klik op deze tabel met maten en montageafstanden.<\/a><\/p>\n<p>&nbsp;<\/p>\n<p><a href=\"https:\/\/surfbox.de\/wp-content\/uploads\/2014\/05\/beschreibung+dekra.jpg\"><img loading=\"lazy\" class=\"alignnone wp-image-22255\" src=\"https:\/\/surfbox.de\/wp-content\/uploads\/2014\/05\/beschreibung+dekra.jpg\" alt=\"beschreibung+dekra\" width=\"1131\" height=\"216\" srcset=\"https:\/\/surfbox.de\/wp-content\/uploads\/2014\/05\/beschreibung+dekra.jpg 1570w, https:\/\/surfbox.de\/wp-content\/uploads\/2014\/05\/beschreibung+dekra-570x109.jpg 570w, https:\/\/surfbox.de\/wp-content\/uploads\/2014\/05\/beschreibung+dekra-270x51.jpg 270w\" sizes=\"(max-width: 1131px) 100vw, 1131px\" \/><\/a><\/p>\n<p><a href=\"https:\/\/surfbox.de\/wp-content\/uploads\/2014\/05\/Weiterescollage.jpg\"><img loading=\"lazy\" class=\"alignnone size-full wp-image-22260\" src=\"https:\/\/surfbox.de\/wp-content\/uploads\/2014\/05\/Weiterescollage.jpg\" alt=\"Weiterescollage\" width=\"1200\" height=\"300\" srcset=\"https:\/\/surfbox.de\/wp-content\/uploads\/2014\/05\/Weiterescollage.jpg 1200w, https:\/\/surfbox.de\/wp-content\/uploads\/2014\/05\/Weiterescollage-570x143.jpg 570w, https:\/\/surfbox.de\/wp-content\/uploads\/2014\/05\/Weiterescollage-270x67.jpg 270w\" sizes=\"(max-width: 1200px) 100vw, 1200px\" \/><\/a><\/p>\n<p><a href=\"https:\/\/surfbox.de\/wp-content\/uploads\/2014\/05\/Befestigungscollage-1200px.jpg\"><img loading=\"lazy\" class=\"alignnone size-full wp-image-22250\" src=\"https:\/\/surfbox.de\/wp-content\/uploads\/2014\/05\/Befestigungscollage-1200px.jpg\" alt=\"Befestigungscollage 1200px\" width=\"1200\" height=\"300\" srcset=\"https:\/\/surfbox.de\/wp-content\/uploads\/2014\/05\/Befestigungscollage-1200px.jpg 1200w, https:\/\/surfbox.de\/wp-content\/uploads\/2014\/05\/Befestigungscollage-1200px-570x143.jpg 570w, https:\/\/surfbox.de\/wp-content\/uploads\/2014\/05\/Befestigungscollage-1200px-270x67.jpg 270w\" sizes=\"(max-width: 1200px) 100vw, 1200px\" \/><\/a><\/p>\n<h1>Veiligheidsinstructies<\/h1>\n<p>Volg de montage-instructies in de doos. De schroeven worden alleen met de hand aangedraaid. Rijd nooit met geopende sloten of zelfs met geopend deksel.<\/p>\n<p>Het rijgedrag van je voertuig verandert door de box (zijdelingse gevoeligheid, bochten- en remgedrag), vooral bij belading.<\/p>\n<p>De rijstijl en snelheid moeten worden aangepast aan het veranderde rijgedrag.<\/p>\n<p>Neem ook de gebruiksaanwijzing van uw voertuig en dakdrager in acht met betrekking tot snelheid en belading met daklasten.<\/p>\n","protected":false},"excerpt":{"rendered":"<p>Actie: Rechtstreeks van de producent Uiteraard is een dakkoffer niet het allerbelangrijkste bij het plannen van een vakantie. Ze zorgt echter wel voor een veilige en comfortabele vakantie. Met deze kleine beschrijving proberen we met onze ervaring van meer dan 25 jaar ervaring alles kort samen te vatten. De nummer 1 voor dakkoffers van glasvezel&hellip;<\/p>\n","protected":false},"featured_media":22035,"comment_status":"closed","ping_status":"closed","template":"","meta":[],"product_cat":[175,176],"product_tag":[],"yoast_head":"<!-- This site is optimized with the Yoast SEO plugin v17.9 - https:\/\/yoast.com\/wordpress\/plugins\/seo\/ -->\n<title>Dakkoffer Moby Dick 190 Compact - dakkoffer gemaakt van GRP<\/title>\n<meta name=\"description\" content=\"In unserem Shop finden Sie hochwertige Dachboxen in edlem Design. Sie sind Windkanal getestet und Verbrauchs sparend. F\u00fcr Camping, Wasser- und Wintersport uvm. Qualit\u00e4t seit 1989.\" \/>\n<meta name=\"robots\" content=\"index, follow, max-snippet:-1, max-image-preview:large, max-video-preview:-1\" \/>\n<link rel=\"canonical\" href=\"https:\/\/surfbox.de\/nl\/DAKKOFFERS-shop\/dakkoffer\/ski-box\/dakkoffer-moby-dick-190-compact\/\" \/>\n<meta property=\"og:locale\" content=\"nl_NL\" \/>\n<meta property=\"og:type\" content=\"article\" \/>\n<meta property=\"og:title\" content=\"Dakkoffer Moby Dick 190 Compact - dakkoffer gemaakt van GRP\" \/>\n<meta property=\"og:description\" content=\"In unserem Shop finden Sie hochwertige Dachboxen in edlem Design. Sie sind Windkanal getestet und Verbrauchs sparend. F\u00fcr Camping, Wasser- und Wintersport uvm. Qualit\u00e4t seit 1989.\" \/>\n<meta property=\"og:url\" content=\"https:\/\/surfbox.de\/nl\/DAKKOFFERS-shop\/dakkoffer\/ski-box\/dakkoffer-moby-dick-190-compact\/\" \/>\n<meta property=\"og:site_name\" content=\"dakkoffer gemaakt van GRP\" \/>\n<meta property=\"article:modified_time\" content=\"2025-04-14T15:00:17+00:00\" \/>\n<meta property=\"og:image\" content=\"https:\/\/surfbox.de\/wp-content\/uploads\/2014\/05\/moby-dick-vw-tiguan-seite-schraeg-rechts-ganz.jpg\" \/>\n\t<meta property=\"og:image:width\" content=\"1140\" \/>\n\t<meta property=\"og:image:height\" content=\"650\" \/>\n\t<meta property=\"og:image:type\" content=\"image\/jpeg\" \/>\n<meta name=\"twitter:label1\" content=\"Availability\" \/>\n\t<meta name=\"twitter:data1\" content=\"In stock\" \/>\n<script type=\"application\/ld+json\" class=\"yoast-schema-graph\">{\"@context\":\"https:\/\/schema.org\",\"@graph\":[{\"@type\":\"WebSite\",\"@id\":\"https:\/\/surfbox.de\/#website\",\"url\":\"https:\/\/surfbox.de\/\",\"name\":\"dakkoffer gemaakt van GRP\",\"description\":\"Mobila GmbH produces premium roof boxes skiboxes &amp; Surf boxes\",\"potentialAction\":[{\"@type\":\"SearchAction\",\"target\":{\"@type\":\"EntryPoint\",\"urlTemplate\":\"https:\/\/surfbox.de\/?s={search_term_string}\"},\"query-input\":\"required name=search_term_string\"}],\"inLanguage\":\"nl\"},{\"@type\":\"ImageObject\",\"@id\":\"https:\/\/surfbox.de\/nl\/DAKKOFFERS-shop\/dakkoffer\/ski-box\/dakkoffer-moby-dick-190-compact\/#primaryimage\",\"inLanguage\":\"nl\",\"url\":\"https:\/\/surfbox.de\/wp-content\/uploads\/2014\/05\/moby-dick-vw-tiguan-seite-schraeg-rechts-ganz.jpg\",\"contentUrl\":\"https:\/\/surfbox.de\/wp-content\/uploads\/2014\/05\/moby-dick-vw-tiguan-seite-schraeg-rechts-ganz.jpg\",\"width\":1140,\"height\":650},{\"@type\":\"WebPage\",\"@id\":\"https:\/\/surfbox.de\/nl\/DAKKOFFERS-shop\/dakkoffer\/ski-box\/dakkoffer-moby-dick-190-compact\/#webpage\",\"url\":\"https:\/\/surfbox.de\/nl\/DAKKOFFERS-shop\/dakkoffer\/ski-box\/dakkoffer-moby-dick-190-compact\/\",\"name\":\"Dakkoffer Moby Dick 190 Compact - dakkoffer gemaakt van GRP\",\"isPartOf\":{\"@id\":\"https:\/\/surfbox.de\/#website\"},\"primaryImageOfPage\":{\"@id\":\"https:\/\/surfbox.de\/nl\/DAKKOFFERS-shop\/dakkoffer\/ski-box\/dakkoffer-moby-dick-190-compact\/#primaryimage\"},\"datePublished\":\"2015-01-22T21:12:52+00:00\",\"dateModified\":\"2025-04-14T15:00:17+00:00\",\"description\":\"In unserem Shop finden Sie hochwertige Dachboxen in edlem Design. Sie sind Windkanal getestet und Verbrauchs sparend. F\\u00fcr Camping, Wasser- und Wintersport uvm. Qualit\\u00e4t seit 1989.\",\"breadcrumb\":{\"@id\":\"https:\/\/surfbox.de\/nl\/DAKKOFFERS-shop\/dakkoffer\/ski-box\/dakkoffer-moby-dick-190-compact\/#breadcrumb\"},\"inLanguage\":\"nl\",\"potentialAction\":[{\"@type\":\"ReadAction\",\"target\":[\"https:\/\/surfbox.de\/nl\/DAKKOFFERS-shop\/dakkoffer\/ski-box\/dakkoffer-moby-dick-190-compact\/\"]}]},{\"@type\":\"BreadcrumbList\",\"@id\":\"https:\/\/surfbox.de\/nl\/DAKKOFFERS-shop\/dakkoffer\/ski-box\/dakkoffer-moby-dick-190-compact\/#breadcrumb\",\"itemListElement\":[{\"@type\":\"ListItem\",\"position\":1,\"name\":\"Home\",\"item\":\"https:\/\/surfbox.de\/nl\/\"},{\"@type\":\"ListItem\",\"position\":2,\"name\":\"Winkel\",\"item\":\"https:\/\/surfbox.de\/nl\/winkel\/\"},{\"@type\":\"ListItem\",\"position\":3,\"name\":\"Dakkoffer Moby Dick 190 Compact\"}]}]}<\/script>\n<!-- \/ Yoast SEO plugin. -->","yoast_head_json":{"title":"Dakkoffer Moby Dick 190 Compact - dakkoffer gemaakt van GRP","description":"In unserem Shop finden Sie hochwertige Dachboxen in edlem Design. Sie sind Windkanal getestet und Verbrauchs sparend. F\u00fcr Camping, Wasser- und Wintersport uvm. Qualit\u00e4t seit 1989.","robots":{"index":"index","follow":"follow","max-snippet":"max-snippet:-1","max-image-preview":"max-image-preview:large","max-video-preview":"max-video-preview:-1"},"canonical":"https:\/\/surfbox.de\/nl\/DAKKOFFERS-shop\/dakkoffer\/ski-box\/dakkoffer-moby-dick-190-compact\/","og_locale":"nl_NL","og_type":"article","og_title":"Dakkoffer Moby Dick 190 Compact - dakkoffer gemaakt van GRP","og_description":"In unserem Shop finden Sie hochwertige Dachboxen in edlem Design. Sie sind Windkanal getestet und Verbrauchs sparend. F\u00fcr Camping, Wasser- und Wintersport uvm. Qualit\u00e4t seit 1989.","og_url":"https:\/\/surfbox.de\/nl\/DAKKOFFERS-shop\/dakkoffer\/ski-box\/dakkoffer-moby-dick-190-compact\/","og_site_name":"dakkoffer gemaakt van GRP","article_modified_time":"2025-04-14T15:00:17+00:00","og_image":[{"width":1140,"height":650,"url":"https:\/\/surfbox.de\/wp-content\/uploads\/2014\/05\/moby-dick-vw-tiguan-seite-schraeg-rechts-ganz.jpg","type":"image\/jpeg"}],"twitter_misc":{"Availability":"In stock"},"schema":{"@context":"https:\/\/schema.org","@graph":[{"@type":"WebSite","@id":"https:\/\/surfbox.de\/#website","url":"https:\/\/surfbox.de\/","name":"dakkoffer gemaakt van GRP","description":"Mobila GmbH produces premium roof boxes skiboxes &amp; Surf boxes","potentialAction":[{"@type":"SearchAction","target":{"@type":"EntryPoint","urlTemplate":"https:\/\/surfbox.de\/?s={search_term_string}"},"query-input":"required name=search_term_string"}],"inLanguage":"nl"},{"@type":"ImageObject","@id":"https:\/\/surfbox.de\/nl\/DAKKOFFERS-shop\/dakkoffer\/ski-box\/dakkoffer-moby-dick-190-compact\/#primaryimage","inLanguage":"nl","url":"https:\/\/surfbox.de\/wp-content\/uploads\/2014\/05\/moby-dick-vw-tiguan-seite-schraeg-rechts-ganz.jpg","contentUrl":"https:\/\/surfbox.de\/wp-content\/uploads\/2014\/05\/moby-dick-vw-tiguan-seite-schraeg-rechts-ganz.jpg","width":1140,"height":650},{"@type":"WebPage","@id":"https:\/\/surfbox.de\/nl\/DAKKOFFERS-shop\/dakkoffer\/ski-box\/dakkoffer-moby-dick-190-compact\/#webpage","url":"https:\/\/surfbox.de\/nl\/DAKKOFFERS-shop\/dakkoffer\/ski-box\/dakkoffer-moby-dick-190-compact\/","name":"Dakkoffer Moby Dick 190 Compact - dakkoffer gemaakt van GRP","isPartOf":{"@id":"https:\/\/surfbox.de\/#website"},"primaryImageOfPage":{"@id":"https:\/\/surfbox.de\/nl\/DAKKOFFERS-shop\/dakkoffer\/ski-box\/dakkoffer-moby-dick-190-compact\/#primaryimage"},"datePublished":"2015-01-22T21:12:52+00:00","dateModified":"2025-04-14T15:00:17+00:00","description":"In unserem Shop finden Sie hochwertige Dachboxen in edlem Design. Sie sind Windkanal getestet und Verbrauchs sparend. F\u00fcr Camping, Wasser- und Wintersport uvm. Qualit\u00e4t seit 1989.","breadcrumb":{"@id":"https:\/\/surfbox.de\/nl\/DAKKOFFERS-shop\/dakkoffer\/ski-box\/dakkoffer-moby-dick-190-compact\/#breadcrumb"},"inLanguage":"nl","potentialAction":[{"@type":"ReadAction","target":["https:\/\/surfbox.de\/nl\/DAKKOFFERS-shop\/dakkoffer\/ski-box\/dakkoffer-moby-dick-190-compact\/"]}]},{"@type":"BreadcrumbList","@id":"https:\/\/surfbox.de\/nl\/DAKKOFFERS-shop\/dakkoffer\/ski-box\/dakkoffer-moby-dick-190-compact\/#breadcrumb","itemListElement":[{"@type":"ListItem","position":1,"name":"Home","item":"https:\/\/surfbox.de\/nl\/"},{"@type":"ListItem","position":2,"name":"Winkel","item":"https:\/\/surfbox.de\/nl\/winkel\/"},{"@type":"ListItem","position":3,"name":"Dakkoffer Moby Dick 190 Compact"}]}]}},"_links":{"self":[{"href":"https:\/\/surfbox.de\/nl\/wp-json\/wp\/v2\/product\/23188"}],"collection":[{"href":"https:\/\/surfbox.de\/nl\/wp-json\/wp\/v2\/product"}],"about":[{"href":"https:\/\/surfbox.de\/nl\/wp-json\/wp\/v2\/types\/product"}],"replies":[{"embeddable":true,"href":"https:\/\/surfbox.de\/nl\/wp-json\/wp\/v2\/comments?post=23188"}],"wp:featuredmedia":[{"embeddable":true,"href":"https:\/\/surfbox.de\/nl\/wp-json\/wp\/v2\/media\/22035"}],"wp:attachment":[{"href":"https:\/\/surfbox.de\/nl\/wp-json\/wp\/v2\/media?parent=23188"}],"wp:term":[{"taxonomy":"product_cat","embeddable":true,"href":"https:\/\/surfbox.de\/nl\/wp-json\/wp\/v2\/product_cat?post=23188"},{"taxonomy":"product_tag","embeddable":true,"href":"https:\/\/surfbox.de\/nl\/wp-json\/wp\/v2\/product_tag?post=23188"}],"curies":[{"name":"wp","href":"https:\/\/api.w.org\/{rel}","templated":true}]}}