
{"id":25366,"date":"2014-06-23T00:57:07","date_gmt":"2014-06-22T22:57:07","guid":{"rendered":"https:\/\/surfbox.de\/roof-boxes-shop\/unkategorisiert\/surfbretthalter-100-cm-abnehmbar-paar-2\/"},"modified":"2025-03-18T14:06:22","modified_gmt":"2025-03-18T13:06:22","slug":"surfbretthalter-120-cm-abnehmbar-paar-2","status":"publish","type":"product","link":"https:\/\/surfbox.de\/nl\/DAKKOFFERS-shop\/accessoires\/dakdragers\/surfbretthalter-120-cm-abnehmbar-paar-2\/","title":{"rendered":"Surfbretthalter 120 cm &#8211; abnehmbar (Paar)"},"content":{"rendered":"<p>1 Paar Surfbretthalter 120 cm<\/p>\n<p>Set bestehend aus 2 St\u00fcck Tr\u00e4gern<\/p>\n<p>inklusive B\u00fcgel, Schrauben, Platten, Muttern aus NIROSTA sowie Abstandshalter<\/p>\n<p>Dieser Surfbretthalter eignet sich f\u00fcr alle Mobila Dachboxen, aber vor allem f\u00fcr die Malibu Jumbo. Wir bieten Surftr\u00e4ger in verschiedenen L\u00e4ngen an.<\/p>\n<p>Dieses Produkt ist nur f\u00fcr unsere hauseigenen Dachboxen von MOBILA oder PACWOLF geeignet. F\u00fcr Fremdprodukte geben wir keine Funktionsgarantie.<\/p>\n","protected":false},"excerpt":{"rendered":"<p>1 Paar Surfbretthalter 120 cm Set bestehend aus 2 St\u00fcck Tr\u00e4gern inklusive B\u00fcgel, Schrauben, Platten, Muttern aus NIROSTA sowie Abstandshalter Dieser Surfbretthalter eignet sich f\u00fcr alle Mobila Dachboxen, aber vor allem f\u00fcr die Malibu Jumbo. Wir bieten Surftr\u00e4ger in verschiedenen L\u00e4ngen an. Dieses Produkt ist nur f\u00fcr unsere hauseigenen Dachboxen von MOBILA oder PACWOLF geeignet.&hellip;<\/p>\n","protected":false},"featured_media":78692,"comment_status":"closed","ping_status":"closed","template":"","meta":[],"product_cat":[191,206,211],"product_tag":[522],"yoast_head":"<!-- This site is optimized with the Yoast SEO plugin v17.9 - https:\/\/yoast.com\/wordpress\/plugins\/seo\/ -->\n<title>Surfbretthalter 120 cm - abnehmbar (Paar) - dakkoffer gemaakt van GRP<\/title>\n<meta name=\"description\" content=\"In unserem Shop finden Sie hochwertige Dachboxen in edlem Design. Sie sind Windkanal getestet und Verbrauchs sparend. F\u00fcr Camping, Wasser- und Wintersport uvm. Qualit\u00e4t seit 1989.\" \/>\n<meta name=\"robots\" content=\"index, follow, max-snippet:-1, max-image-preview:large, max-video-preview:-1\" \/>\n<link rel=\"canonical\" href=\"https:\/\/surfbox.de\/nl\/DAKKOFFERS-shop\/accessoires\/dakdragers\/surfbretthalter-120-cm-abnehmbar-paar-2\/\" \/>\n<meta property=\"og:locale\" content=\"nl_NL\" \/>\n<meta property=\"og:type\" content=\"article\" \/>\n<meta property=\"og:title\" content=\"Surfbretthalter 120 cm - abnehmbar (Paar) - dakkoffer gemaakt van GRP\" \/>\n<meta property=\"og:description\" content=\"In unserem Shop finden Sie hochwertige Dachboxen in edlem Design. Sie sind Windkanal getestet und Verbrauchs sparend. F\u00fcr Camping, Wasser- und Wintersport uvm. Qualit\u00e4t seit 1989.\" \/>\n<meta property=\"og:url\" content=\"https:\/\/surfbox.de\/nl\/DAKKOFFERS-shop\/accessoires\/dakdragers\/surfbretthalter-120-cm-abnehmbar-paar-2\/\" \/>\n<meta property=\"og:site_name\" content=\"dakkoffer gemaakt van GRP\" \/>\n<meta property=\"article:modified_time\" content=\"2025-03-18T13:06:22+00:00\" \/>\n<meta property=\"og:image\" content=\"https:\/\/surfbox.de\/wp-content\/uploads\/2014\/06\/120-1024x604.jpg\" \/>\n\t<meta property=\"og:image:width\" content=\"1024\" \/>\n\t<meta property=\"og:image:height\" content=\"604\" \/>\n\t<meta property=\"og:image:type\" content=\"image\/jpeg\" \/>\n<meta name=\"twitter:label1\" content=\"Prijs\" \/>\n\t<meta name=\"twitter:data1\" content=\"129,00&nbsp;&euro;\" \/>\n\t<meta name=\"twitter:label2\" content=\"Availability\" \/>\n\t<meta name=\"twitter:data2\" content=\"In stock\" \/>\n<script type=\"application\/ld+json\" class=\"yoast-schema-graph\">{\"@context\":\"https:\/\/schema.org\",\"@graph\":[{\"@type\":\"WebSite\",\"@id\":\"https:\/\/surfbox.de\/#website\",\"url\":\"https:\/\/surfbox.de\/\",\"name\":\"dakkoffer gemaakt van GRP\",\"description\":\"Mobila GmbH produces premium roof boxes skiboxes &amp; Surf boxes\",\"potentialAction\":[{\"@type\":\"SearchAction\",\"target\":{\"@type\":\"EntryPoint\",\"urlTemplate\":\"https:\/\/surfbox.de\/?s={search_term_string}\"},\"query-input\":\"required name=search_term_string\"}],\"inLanguage\":\"nl\"},{\"@type\":\"ImageObject\",\"@id\":\"https:\/\/surfbox.de\/nl\/DAKKOFFERS-shop\/accessoires\/dakdragers\/surfbretthalter-120-cm-abnehmbar-paar-2\/#primaryimage\",\"inLanguage\":\"nl\",\"url\":\"https:\/\/surfbox.de\/wp-content\/uploads\/2014\/06\/120.jpg\",\"contentUrl\":\"https:\/\/surfbox.de\/wp-content\/uploads\/2014\/06\/120.jpg\",\"width\":3844,\"height\":2268},{\"@type\":\"WebPage\",\"@id\":\"https:\/\/surfbox.de\/nl\/DAKKOFFERS-shop\/accessoires\/dakdragers\/surfbretthalter-120-cm-abnehmbar-paar-2\/#webpage\",\"url\":\"https:\/\/surfbox.de\/nl\/DAKKOFFERS-shop\/accessoires\/dakdragers\/surfbretthalter-120-cm-abnehmbar-paar-2\/\",\"name\":\"Surfbretthalter 120 cm - abnehmbar (Paar) - dakkoffer gemaakt van GRP\",\"isPartOf\":{\"@id\":\"https:\/\/surfbox.de\/#website\"},\"primaryImageOfPage\":{\"@id\":\"https:\/\/surfbox.de\/nl\/DAKKOFFERS-shop\/accessoires\/dakdragers\/surfbretthalter-120-cm-abnehmbar-paar-2\/#primaryimage\"},\"datePublished\":\"2014-06-22T22:57:07+00:00\",\"dateModified\":\"2025-03-18T13:06:22+00:00\",\"description\":\"In unserem Shop finden Sie hochwertige Dachboxen in edlem Design. Sie sind Windkanal getestet und Verbrauchs sparend. F\\u00fcr Camping, Wasser- und Wintersport uvm. Qualit\\u00e4t seit 1989.\",\"breadcrumb\":{\"@id\":\"https:\/\/surfbox.de\/nl\/DAKKOFFERS-shop\/accessoires\/dakdragers\/surfbretthalter-120-cm-abnehmbar-paar-2\/#breadcrumb\"},\"inLanguage\":\"nl\",\"potentialAction\":[{\"@type\":\"ReadAction\",\"target\":[\"https:\/\/surfbox.de\/nl\/DAKKOFFERS-shop\/accessoires\/dakdragers\/surfbretthalter-120-cm-abnehmbar-paar-2\/\"]}]},{\"@type\":\"BreadcrumbList\",\"@id\":\"https:\/\/surfbox.de\/nl\/DAKKOFFERS-shop\/accessoires\/dakdragers\/surfbretthalter-120-cm-abnehmbar-paar-2\/#breadcrumb\",\"itemListElement\":[{\"@type\":\"ListItem\",\"position\":1,\"name\":\"Home\",\"item\":\"https:\/\/surfbox.de\/nl\/\"},{\"@type\":\"ListItem\",\"position\":2,\"name\":\"Winkel\",\"item\":\"https:\/\/surfbox.de\/nl\/winkel\/\"},{\"@type\":\"ListItem\",\"position\":3,\"name\":\"Surfbretthalter 120 cm &#8211; abnehmbar (Paar)\"}]}]}<\/script>\n<!-- \/ Yoast SEO plugin. -->","yoast_head_json":{"title":"Surfbretthalter 120 cm - abnehmbar (Paar) - dakkoffer gemaakt van GRP","description":"In unserem Shop finden Sie hochwertige Dachboxen in edlem Design. Sie sind Windkanal getestet und Verbrauchs sparend. F\u00fcr Camping, Wasser- und Wintersport uvm. Qualit\u00e4t seit 1989.","robots":{"index":"index","follow":"follow","max-snippet":"max-snippet:-1","max-image-preview":"max-image-preview:large","max-video-preview":"max-video-preview:-1"},"canonical":"https:\/\/surfbox.de\/nl\/DAKKOFFERS-shop\/accessoires\/dakdragers\/surfbretthalter-120-cm-abnehmbar-paar-2\/","og_locale":"nl_NL","og_type":"article","og_title":"Surfbretthalter 120 cm - abnehmbar (Paar) - dakkoffer gemaakt van GRP","og_description":"In unserem Shop finden Sie hochwertige Dachboxen in edlem Design. Sie sind Windkanal getestet und Verbrauchs sparend. F\u00fcr Camping, Wasser- und Wintersport uvm. Qualit\u00e4t seit 1989.","og_url":"https:\/\/surfbox.de\/nl\/DAKKOFFERS-shop\/accessoires\/dakdragers\/surfbretthalter-120-cm-abnehmbar-paar-2\/","og_site_name":"dakkoffer gemaakt van GRP","article_modified_time":"2025-03-18T13:06:22+00:00","og_image":[{"width":1024,"height":604,"url":"https:\/\/surfbox.de\/wp-content\/uploads\/2014\/06\/120-1024x604.jpg","type":"image\/jpeg"}],"twitter_misc":{"Prijs":"129,00&nbsp;&euro;","Availability":"In stock"},"schema":{"@context":"https:\/\/schema.org","@graph":[{"@type":"WebSite","@id":"https:\/\/surfbox.de\/#website","url":"https:\/\/surfbox.de\/","name":"dakkoffer gemaakt van GRP","description":"Mobila GmbH produces premium roof boxes skiboxes &amp; Surf boxes","potentialAction":[{"@type":"SearchAction","target":{"@type":"EntryPoint","urlTemplate":"https:\/\/surfbox.de\/?s={search_term_string}"},"query-input":"required name=search_term_string"}],"inLanguage":"nl"},{"@type":"ImageObject","@id":"https:\/\/surfbox.de\/nl\/DAKKOFFERS-shop\/accessoires\/dakdragers\/surfbretthalter-120-cm-abnehmbar-paar-2\/#primaryimage","inLanguage":"nl","url":"https:\/\/surfbox.de\/wp-content\/uploads\/2014\/06\/120.jpg","contentUrl":"https:\/\/surfbox.de\/wp-content\/uploads\/2014\/06\/120.jpg","width":3844,"height":2268},{"@type":"WebPage","@id":"https:\/\/surfbox.de\/nl\/DAKKOFFERS-shop\/accessoires\/dakdragers\/surfbretthalter-120-cm-abnehmbar-paar-2\/#webpage","url":"https:\/\/surfbox.de\/nl\/DAKKOFFERS-shop\/accessoires\/dakdragers\/surfbretthalter-120-cm-abnehmbar-paar-2\/","name":"Surfbretthalter 120 cm - abnehmbar (Paar) - dakkoffer gemaakt van GRP","isPartOf":{"@id":"https:\/\/surfbox.de\/#website"},"primaryImageOfPage":{"@id":"https:\/\/surfbox.de\/nl\/DAKKOFFERS-shop\/accessoires\/dakdragers\/surfbretthalter-120-cm-abnehmbar-paar-2\/#primaryimage"},"datePublished":"2014-06-22T22:57:07+00:00","dateModified":"2025-03-18T13:06:22+00:00","description":"In unserem Shop finden Sie hochwertige Dachboxen in edlem Design. Sie sind Windkanal getestet und Verbrauchs sparend. F\u00fcr Camping, Wasser- und Wintersport uvm. Qualit\u00e4t seit 1989.","breadcrumb":{"@id":"https:\/\/surfbox.de\/nl\/DAKKOFFERS-shop\/accessoires\/dakdragers\/surfbretthalter-120-cm-abnehmbar-paar-2\/#breadcrumb"},"inLanguage":"nl","potentialAction":[{"@type":"ReadAction","target":["https:\/\/surfbox.de\/nl\/DAKKOFFERS-shop\/accessoires\/dakdragers\/surfbretthalter-120-cm-abnehmbar-paar-2\/"]}]},{"@type":"BreadcrumbList","@id":"https:\/\/surfbox.de\/nl\/DAKKOFFERS-shop\/accessoires\/dakdragers\/surfbretthalter-120-cm-abnehmbar-paar-2\/#breadcrumb","itemListElement":[{"@type":"ListItem","position":1,"name":"Home","item":"https:\/\/surfbox.de\/nl\/"},{"@type":"ListItem","position":2,"name":"Winkel","item":"https:\/\/surfbox.de\/nl\/winkel\/"},{"@type":"ListItem","position":3,"name":"Surfbretthalter 120 cm &#8211; abnehmbar (Paar)"}]}]}},"_links":{"self":[{"href":"https:\/\/surfbox.de\/nl\/wp-json\/wp\/v2\/product\/25366"}],"collection":[{"href":"https:\/\/surfbox.de\/nl\/wp-json\/wp\/v2\/product"}],"about":[{"href":"https:\/\/surfbox.de\/nl\/wp-json\/wp\/v2\/types\/product"}],"replies":[{"embeddable":true,"href":"https:\/\/surfbox.de\/nl\/wp-json\/wp\/v2\/comments?post=25366"}],"wp:featuredmedia":[{"embeddable":true,"href":"https:\/\/surfbox.de\/nl\/wp-json\/wp\/v2\/media\/78692"}],"wp:attachment":[{"href":"https:\/\/surfbox.de\/nl\/wp-json\/wp\/v2\/media?parent=25366"}],"wp:term":[{"taxonomy":"product_cat","embeddable":true,"href":"https:\/\/surfbox.de\/nl\/wp-json\/wp\/v2\/product_cat?post=25366"},{"taxonomy":"product_tag","embeddable":true,"href":"https:\/\/surfbox.de\/nl\/wp-json\/wp\/v2\/product_tag?post=25366"}],"curies":[{"name":"wp","href":"https:\/\/api.w.org\/{rel}","templated":true}]}}